{"id":267528,"date":"2026-04-17T12:27:16","date_gmt":"2026-04-17T10:27:16","guid":{"rendered":"https:\/\/schweizversand.ch\/produkt\/kynast-mittelstocksonnenschirm-mit-kurbel-und-kippfunktion\/"},"modified":"2026-04-22T15:35:20","modified_gmt":"2026-04-22T13:35:20","slug":"kynast-mittelstocksonnenschirm-mit-kurbel-und-kippfunktion","status":"publish","type":"product","link":"https:\/\/schweizversand.ch\/fr\/produkt\/kynast-mittelstocksonnenschirm-mit-kurbel-und-kippfunktion\/","title":{"rendered":"Parasol Kynast \u00e0 m\u00e2t central avec manivelle et fonction d&rsquo;inclinaison"},"content":{"rendered":"<p>Ce parasol est un excellent ajout \u00e0 votre jardin ou terrasse, offrant ombre et protection contre le soleil. Voici quelques d\u00e9tails le concernant\u00a0:<\/p>\n<\/p>\n<p>\u2022 Diam\u00e8tre\u00a0: Le parasol a un diam\u00e8tre de 3 m\u00e8tres, offrant une large zone d&rsquo;ombre.<\/p>\n<\/p>\n<p>\u2022 Couleur\u00a0: Le parasol est d&rsquo;un magnifique rouge, contribuant \u00e0 une ambiance ext\u00e9rieure relaxante.<\/p>\n<\/p>\n<p>\u2022 Mat\u00e9riaux\u00a0: Le m\u00e2t est en aluminium, ce qui le rend l\u00e9ger et robuste. La toile est en polyester 180\u00a0g\/m\u00b2, durable et r\u00e9sistante aux intemp\u00e9ries.<\/p>\n<\/p>\n<p>\u2022 Ouverture et fermeture faciles gr\u00e2ce \u00e0 la manivelle. La fonction d&rsquo;inclinaison permet d&rsquo;ajuster l&rsquo;angle de la toile pour moduler la zone d&rsquo;ombre selon vos besoins.<\/p>\n<\/p>\n<p>\u2022 Diam\u00e8tre du tube\u00a0: Le diam\u00e8tre du tube est de 48\u00a0mm, assurant une base stable.<\/p>\n<\/p>\n<p>\u2022 Baleines\u00a0: La toile est \u00e9quip\u00e9e de 8 baleines m\u00e9talliques qui renforcent sa stabilit\u00e9.<\/p>\n<\/p>\n<p>Ce parasol est id\u00e9al pour se prot\u00e9ger du soleil et profiter d&rsquo;agr\u00e9ables moments \u00e0 l&rsquo;ombre. Gr\u00e2ce \u00e0 sa manivelle et \u00e0 sa fonction d&rsquo;inclinaison, il est facile \u00e0 utiliser et s&rsquo;adapte \u00e0 vos besoins.<\/p>\n","protected":false},"excerpt":{"rendered":"<p>Kynast Mittelstocksonnenschirm mit Kurbel und Kippfunktion bietet 3 m Schatten, robustes Aluminium, wetterbest\u00e4ndiges Polyester und flexible Neigung f\u00fcr optimalen Sonnenschutz.<\/p>\n","protected":false},"featured_media":267563,"comment_status":"open","ping_status":"closed","template":"","meta":[],"product_brand":[],"product_cat":[38167],"product_tag":[],"class_list":{"0":"post-267528","1":"product","2":"type-product","3":"status-publish","4":"has-post-thumbnail","6":"product_cat-sonnen-u-wetterschutz","7":"product_shipping_class-global_methods","9":"first","10":"instock","11":"taxable","12":"shipping-taxable","13":"purchasable","14":"product-type-simple"},"yoast_head":"<!-- This site is optimized with the Yoast SEO plugin v27.4 - https:\/\/yoast.com\/product\/yoast-seo-wordpress\/ -->\n<title>Kynast Mittelstocksonnenschirm mit Kurbel und Kippfunktion<\/title>\n<meta name=\"description\" content=\"Dieser Sonnenschirm ist eine gro\u00dfartige Erg\u00e4nzung f\u00fcr Ihren Garten oder Ihre Terrasse und bietet Schatten und Schutz vor der Sonne. Hier sind einige Details zu\" \/>\n<meta name=\"robots\" content=\"index, follow, max-snippet:-1, max-image-preview:large, max-video-preview:-1\" \/>\n<link rel=\"canonical\" href=\"https:\/\/schweizversand.ch\/fr\/produkt\/kynast-mittelstocksonnenschirm-mit-kurbel-und-kippfunktion\/\" \/>\n<meta property=\"og:locale\" content=\"fr_FR\" \/>\n<meta property=\"og:type\" content=\"article\" \/>\n<meta property=\"og:title\" content=\"Kynast Mittelstocksonnenschirm mit Kurbel und Kippfunktion\" \/>\n<meta property=\"og:description\" content=\"Dieser Sonnenschirm ist eine gro\u00dfartige Erg\u00e4nzung f\u00fcr Ihren Garten oder Ihre Terrasse und bietet Schatten und Schutz vor der Sonne. Hier sind einige Details zu\" \/>\n<meta property=\"og:url\" content=\"https:\/\/schweizversand.ch\/fr\/produkt\/kynast-mittelstocksonnenschirm-mit-kurbel-und-kippfunktion\/\" \/>\n<meta property=\"og:site_name\" content=\"Schweizer Shop f\u00fcr Sport, Spiel und Freizeit\" \/>\n<meta property=\"article:publisher\" content=\"https:\/\/www.facebook.com\/Schweizversand\" \/>\n<meta property=\"article:modified_time\" content=\"2026-04-22T13:35:20+00:00\" \/>\n<meta name=\"twitter:card\" content=\"summary_large_image\" \/>\n<meta name=\"twitter:label1\" content=\"Dur\u00e9e de lecture estim\u00e9e\" \/>\n\t<meta name=\"twitter:data1\" content=\"1 minute\" \/>\n<script type=\"application\/ld+json\" class=\"yoast-schema-graph\">{\"@context\":\"https:\\\/\\\/schema.org\",\"@graph\":[{\"@type\":\"WebPage\",\"@id\":\"https:\\\/\\\/schweizversand.ch\\\/fr\\\/produkt\\\/kynast-mittelstocksonnenschirm-mit-kurbel-und-kippfunktion\\\/\",\"url\":\"https:\\\/\\\/schweizversand.ch\\\/fr\\\/produkt\\\/kynast-mittelstocksonnenschirm-mit-kurbel-und-kippfunktion\\\/\",\"name\":\"Kynast Mittelstocksonnenschirm mit Kurbel und Kippfunktion\",\"isPartOf\":{\"@id\":\"https:\\\/\\\/schweizversand.ch\\\/fr\\\/#website\"},\"primaryImageOfPage\":{\"@id\":\"https:\\\/\\\/schweizversand.ch\\\/fr\\\/produkt\\\/kynast-mittelstocksonnenschirm-mit-kurbel-und-kippfunktion\\\/#primaryimage\"},\"image\":{\"@id\":\"https:\\\/\\\/schweizversand.ch\\\/fr\\\/produkt\\\/kynast-mittelstocksonnenschirm-mit-kurbel-und-kippfunktion\\\/#primaryimage\"},\"thumbnailUrl\":\"https:\\\/\\\/schweizversand.ch\\\/wp-content\\\/uploads\\\/2026\\\/04\\\/5471705207.jpg\",\"datePublished\":\"2026-04-17T10:27:16+00:00\",\"dateModified\":\"2026-04-22T13:35:20+00:00\",\"description\":\"Dieser Sonnenschirm ist eine gro\u00dfartige Erg\u00e4nzung f\u00fcr Ihren Garten oder Ihre Terrasse und bietet Schatten und Schutz vor der Sonne. Hier sind einige Details zu\",\"breadcrumb\":{\"@id\":\"https:\\\/\\\/schweizversand.ch\\\/fr\\\/produkt\\\/kynast-mittelstocksonnenschirm-mit-kurbel-und-kippfunktion\\\/#breadcrumb\"},\"inLanguage\":\"fr-FR\",\"potentialAction\":[{\"@type\":\"ReadAction\",\"target\":[\"https:\\\/\\\/schweizversand.ch\\\/fr\\\/produkt\\\/kynast-mittelstocksonnenschirm-mit-kurbel-und-kippfunktion\\\/\"]}]},{\"@type\":\"ImageObject\",\"inLanguage\":\"fr-FR\",\"@id\":\"https:\\\/\\\/schweizversand.ch\\\/fr\\\/produkt\\\/kynast-mittelstocksonnenschirm-mit-kurbel-und-kippfunktion\\\/#primaryimage\",\"url\":\"https:\\\/\\\/schweizversand.ch\\\/wp-content\\\/uploads\\\/2026\\\/04\\\/5471705207.jpg\",\"contentUrl\":\"https:\\\/\\\/schweizversand.ch\\\/wp-content\\\/uploads\\\/2026\\\/04\\\/5471705207.jpg\",\"width\":1024,\"height\":895},{\"@type\":\"BreadcrumbList\",\"@id\":\"https:\\\/\\\/schweizversand.ch\\\/fr\\\/produkt\\\/kynast-mittelstocksonnenschirm-mit-kurbel-und-kippfunktion\\\/#breadcrumb\",\"itemListElement\":[{\"@type\":\"ListItem\",\"position\":1,\"name\":\"Startseite\",\"item\":\"https:\\\/\\\/schweizversand.ch\\\/fr\\\/home\\\/\"},{\"@type\":\"ListItem\",\"position\":2,\"name\":\"Boutique\",\"item\":\"https:\\\/\\\/schweizversand.ch\\\/fr\\\/boutique\\\/\"},{\"@type\":\"ListItem\",\"position\":3,\"name\":\"Maison et jardin\",\"item\":\"https:\\\/\\\/schweizversand.ch\\\/fr\\\/produkt-kategorie\\\/maison-et-jardin\\\/\"},{\"@type\":\"ListItem\",\"position\":4,\"name\":\"Mobilier de jardin\",\"item\":\"https:\\\/\\\/schweizversand.ch\\\/fr\\\/produkt-kategorie\\\/maison-et-jardin\\\/mobilier-de-jardin\\\/\"},{\"@type\":\"ListItem\",\"position\":5,\"name\":\"Protection solaire et intemp\u00e9ries\",\"item\":\"https:\\\/\\\/schweizversand.ch\\\/fr\\\/produkt-kategorie\\\/maison-et-jardin\\\/mobilier-de-jardin\\\/sonnen-u-wetterschutz\\\/\"},{\"@type\":\"ListItem\",\"position\":6,\"name\":\"Parasol Kynast \u00e0 m\u00e2t central avec manivelle et fonction d&#8217;inclinaison\"}]},{\"@type\":\"WebSite\",\"@id\":\"https:\\\/\\\/schweizversand.ch\\\/fr\\\/#website\",\"url\":\"https:\\\/\\\/schweizversand.ch\\\/fr\\\/\",\"name\":\"Schweizer Shop f\u00fcr Sport, Spiel und Freizeit\",\"description\":\"Gratisversand ab 50.- (netto), ab eigenem schweizer Lager, Lieferung innert 48h\",\"publisher\":{\"@id\":\"https:\\\/\\\/schweizversand.ch\\\/fr\\\/#organization\"},\"alternateName\":\"Schweizversand.ch\",\"potentialAction\":[{\"@type\":\"SearchAction\",\"target\":{\"@type\":\"EntryPoint\",\"urlTemplate\":\"https:\\\/\\\/schweizversand.ch\\\/fr\\\/?s={search_term_string}\"},\"query-input\":{\"@type\":\"PropertyValueSpecification\",\"valueRequired\":true,\"valueName\":\"search_term_string\"}}],\"inLanguage\":\"fr-FR\"},{\"@type\":\"Organization\",\"@id\":\"https:\\\/\\\/schweizversand.ch\\\/fr\\\/#organization\",\"name\":\"Schweizversand.ch\",\"url\":\"https:\\\/\\\/schweizversand.ch\\\/fr\\\/\",\"logo\":{\"@type\":\"ImageObject\",\"inLanguage\":\"fr-FR\",\"@id\":\"https:\\\/\\\/schweizversand.ch\\\/fr\\\/#\\\/schema\\\/logo\\\/image\\\/\",\"url\":\"https:\\\/\\\/schweizversand.ch\\\/wp-content\\\/uploads\\\/2026\\\/03\\\/Logo_Rund_Final-1.png\",\"contentUrl\":\"https:\\\/\\\/schweizversand.ch\\\/wp-content\\\/uploads\\\/2026\\\/03\\\/Logo_Rund_Final-1.png\",\"width\":404,\"height\":404,\"caption\":\"Schweizversand.ch\"},\"image\":{\"@id\":\"https:\\\/\\\/schweizversand.ch\\\/fr\\\/#\\\/schema\\\/logo\\\/image\\\/\"},\"sameAs\":[\"https:\\\/\\\/www.facebook.com\\\/Schweizversand\",\"https:\\\/\\\/www.instagram.com\\\/schweizversand.ch\\\/\"]}]}<\/script>\n<!-- \/ Yoast SEO plugin. -->","yoast_head_json":{"title":"Kynast Mittelstocksonnenschirm mit Kurbel und Kippfunktion","description":"Dieser Sonnenschirm ist eine gro\u00dfartige Erg\u00e4nzung f\u00fcr Ihren Garten oder Ihre Terrasse und bietet Schatten und Schutz vor der Sonne. Hier sind einige Details zu","robots":{"index":"index","follow":"follow","max-snippet":"max-snippet:-1","max-image-preview":"max-image-preview:large","max-video-preview":"max-video-preview:-1"},"canonical":"https:\/\/schweizversand.ch\/fr\/produkt\/kynast-mittelstocksonnenschirm-mit-kurbel-und-kippfunktion\/","og_locale":"fr_FR","og_type":"article","og_title":"Kynast Mittelstocksonnenschirm mit Kurbel und Kippfunktion","og_description":"Dieser Sonnenschirm ist eine gro\u00dfartige Erg\u00e4nzung f\u00fcr Ihren Garten oder Ihre Terrasse und bietet Schatten und Schutz vor der Sonne. Hier sind einige Details zu","og_url":"https:\/\/schweizversand.ch\/fr\/produkt\/kynast-mittelstocksonnenschirm-mit-kurbel-und-kippfunktion\/","og_site_name":"Schweizer Shop f\u00fcr Sport, Spiel und Freizeit","article_publisher":"https:\/\/www.facebook.com\/Schweizversand","article_modified_time":"2026-04-22T13:35:20+00:00","twitter_card":"summary_large_image","twitter_misc":{"Dur\u00e9e de lecture estim\u00e9e":"1 minute"},"schema":{"@context":"https:\/\/schema.org","@graph":[{"@type":"WebPage","@id":"https:\/\/schweizversand.ch\/fr\/produkt\/kynast-mittelstocksonnenschirm-mit-kurbel-und-kippfunktion\/","url":"https:\/\/schweizversand.ch\/fr\/produkt\/kynast-mittelstocksonnenschirm-mit-kurbel-und-kippfunktion\/","name":"Kynast Mittelstocksonnenschirm mit Kurbel und Kippfunktion","isPartOf":{"@id":"https:\/\/schweizversand.ch\/fr\/#website"},"primaryImageOfPage":{"@id":"https:\/\/schweizversand.ch\/fr\/produkt\/kynast-mittelstocksonnenschirm-mit-kurbel-und-kippfunktion\/#primaryimage"},"image":{"@id":"https:\/\/schweizversand.ch\/fr\/produkt\/kynast-mittelstocksonnenschirm-mit-kurbel-und-kippfunktion\/#primaryimage"},"thumbnailUrl":"https:\/\/schweizversand.ch\/wp-content\/uploads\/2026\/04\/5471705207.jpg","datePublished":"2026-04-17T10:27:16+00:00","dateModified":"2026-04-22T13:35:20+00:00","description":"Dieser Sonnenschirm ist eine gro\u00dfartige Erg\u00e4nzung f\u00fcr Ihren Garten oder Ihre Terrasse und bietet Schatten und Schutz vor der Sonne. Hier sind einige Details zu","breadcrumb":{"@id":"https:\/\/schweizversand.ch\/fr\/produkt\/kynast-mittelstocksonnenschirm-mit-kurbel-und-kippfunktion\/#breadcrumb"},"inLanguage":"fr-FR","potentialAction":[{"@type":"ReadAction","target":["https:\/\/schweizversand.ch\/fr\/produkt\/kynast-mittelstocksonnenschirm-mit-kurbel-und-kippfunktion\/"]}]},{"@type":"ImageObject","inLanguage":"fr-FR","@id":"https:\/\/schweizversand.ch\/fr\/produkt\/kynast-mittelstocksonnenschirm-mit-kurbel-und-kippfunktion\/#primaryimage","url":"https:\/\/schweizversand.ch\/wp-content\/uploads\/2026\/04\/5471705207.jpg","contentUrl":"https:\/\/schweizversand.ch\/wp-content\/uploads\/2026\/04\/5471705207.jpg","width":1024,"height":895},{"@type":"BreadcrumbList","@id":"https:\/\/schweizversand.ch\/fr\/produkt\/kynast-mittelstocksonnenschirm-mit-kurbel-und-kippfunktion\/#breadcrumb","itemListElement":[{"@type":"ListItem","position":1,"name":"Startseite","item":"https:\/\/schweizversand.ch\/fr\/home\/"},{"@type":"ListItem","position":2,"name":"Boutique","item":"https:\/\/schweizversand.ch\/fr\/boutique\/"},{"@type":"ListItem","position":3,"name":"Maison et jardin","item":"https:\/\/schweizversand.ch\/fr\/produkt-kategorie\/maison-et-jardin\/"},{"@type":"ListItem","position":4,"name":"Mobilier de jardin","item":"https:\/\/schweizversand.ch\/fr\/produkt-kategorie\/maison-et-jardin\/mobilier-de-jardin\/"},{"@type":"ListItem","position":5,"name":"Protection solaire et intemp\u00e9ries","item":"https:\/\/schweizversand.ch\/fr\/produkt-kategorie\/maison-et-jardin\/mobilier-de-jardin\/sonnen-u-wetterschutz\/"},{"@type":"ListItem","position":6,"name":"Parasol Kynast \u00e0 m\u00e2t central avec manivelle et fonction d&#8217;inclinaison"}]},{"@type":"WebSite","@id":"https:\/\/schweizversand.ch\/fr\/#website","url":"https:\/\/schweizversand.ch\/fr\/","name":"Schweizer Shop f\u00fcr Sport, Spiel und Freizeit","description":"Gratisversand ab 50.- (netto), ab eigenem schweizer Lager, Lieferung innert 48h","publisher":{"@id":"https:\/\/schweizversand.ch\/fr\/#organization"},"alternateName":"Schweizversand.ch","potentialAction":[{"@type":"SearchAction","target":{"@type":"EntryPoint","urlTemplate":"https:\/\/schweizversand.ch\/fr\/?s={search_term_string}"},"query-input":{"@type":"PropertyValueSpecification","valueRequired":true,"valueName":"search_term_string"}}],"inLanguage":"fr-FR"},{"@type":"Organization","@id":"https:\/\/schweizversand.ch\/fr\/#organization","name":"Schweizversand.ch","url":"https:\/\/schweizversand.ch\/fr\/","logo":{"@type":"ImageObject","inLanguage":"fr-FR","@id":"https:\/\/schweizversand.ch\/fr\/#\/schema\/logo\/image\/","url":"https:\/\/schweizversand.ch\/wp-content\/uploads\/2026\/03\/Logo_Rund_Final-1.png","contentUrl":"https:\/\/schweizversand.ch\/wp-content\/uploads\/2026\/03\/Logo_Rund_Final-1.png","width":404,"height":404,"caption":"Schweizversand.ch"},"image":{"@id":"https:\/\/schweizversand.ch\/fr\/#\/schema\/logo\/image\/"},"sameAs":["https:\/\/www.facebook.com\/Schweizversand","https:\/\/www.instagram.com\/schweizversand.ch\/"]}]}},"jetpack_sharing_enabled":true,"_links":{"self":[{"href":"https:\/\/schweizversand.ch\/fr\/wp-json\/wp\/v2\/product\/267528","targetHints":{"allow":["GET"]}}],"collection":[{"href":"https:\/\/schweizversand.ch\/fr\/wp-json\/wp\/v2\/product"}],"about":[{"href":"https:\/\/schweizversand.ch\/fr\/wp-json\/wp\/v2\/types\/product"}],"replies":[{"embeddable":true,"href":"https:\/\/schweizversand.ch\/fr\/wp-json\/wp\/v2\/comments?post=267528"}],"wp:featuredmedia":[{"embeddable":true,"href":"https:\/\/schweizversand.ch\/fr\/wp-json\/wp\/v2\/media\/267563"}],"wp:attachment":[{"href":"https:\/\/schweizversand.ch\/fr\/wp-json\/wp\/v2\/media?parent=267528"}],"wp:term":[{"taxonomy":"product_brand","embeddable":true,"href":"https:\/\/schweizversand.ch\/fr\/wp-json\/wp\/v2\/product_brand?post=267528"},{"taxonomy":"product_cat","embeddable":true,"href":"https:\/\/schweizversand.ch\/fr\/wp-json\/wp\/v2\/product_cat?post=267528"},{"taxonomy":"product_tag","embeddable":true,"href":"https:\/\/schweizversand.ch\/fr\/wp-json\/wp\/v2\/product_tag?post=267528"}],"curies":[{"name":"wp","href":"https:\/\/api.w.org\/{rel}","templated":true}]}}