{"id":267529,"date":"2026-04-17T12:27:19","date_gmt":"2026-04-17T10:27:19","guid":{"rendered":"https:\/\/schweizversand.ch\/produkt\/hudora-fussballtor-advanced-300\/"},"modified":"2026-04-21T15:35:09","modified_gmt":"2026-04-21T13:35:09","slug":"hudora-fussballtor-advanced-300","status":"publish","type":"product","link":"https:\/\/schweizversand.ch\/fr\/produkt\/hudora-fussballtor-advanced-300\/","title":{"rendered":"But de football Hudora Avanc\u00e9 300"},"content":{"rendered":"<h1><strong>But de football Hudora Advanced 300<\/strong><\/h1>\n<div>Vivez une exp\u00e9rience de football de niveau professionnel dans votre propre jardin. Le but de football Hudora Advanced 300 est le choix id\u00e9al pour les joueurs ambitieux et offre d&rsquo;excellentes opportunit\u00e9s de jeu pour un entra\u00eenement intensif et des loisirs amusants. Ce but combine des mat\u00e9riaux robustes et une conception bien pens\u00e9e pour vous garantir une exp\u00e9rience de jeu authentique et durable.<\/p>\n<\/div>\n<div><strong>Parfait pour votre entra\u00eenement<\/strong><br \/>Le but de football Hudora 300&#215;200, avec ses dimensions g\u00e9n\u00e9reuses, offre la base parfaite pour un entra\u00eenement efficace au but. Que vous souhaitiez d\u00e9velopper de jeunes talents ou am\u00e9liorer vos propres comp\u00e9tences de tir, ce but offre la masse et la stabilit\u00e9 dont vous avez besoin. C&rsquo;est le mod\u00e8le id\u00e9al de but de football de jardin, capable de r\u00e9sister m\u00eame aux utilisations les plus intensives.<\/p>\n<\/div>\n<div><strong>Construction et stabilit\u00e9<\/strong><br \/>Ce but de football professionnel est con\u00e7u pour durer. Son cadre est fabriqu\u00e9 en tubes d&rsquo;acier thermolaqu\u00e9s, ce qui le rend extr\u00eamement stable et r\u00e9sistant aux intemp\u00e9ries. Il est donc id\u00e9al pour une utilisation ext\u00e9rieure tout au long de l&rsquo;ann\u00e9e. Son impressionnante stabilit\u00e9 est assur\u00e9e par l&rsquo;\u00e9paisseur des tubes\u00a0:<\/p>\n<\/div>\n<div><strong>D\u00e9tails du cadre<\/strong><br \/>&#8211; Diam\u00e8tre des poteaux\u00a0: 75\u00a0mm<br \/>&#8211; Diam\u00e8tre des poteaux arri\u00e8re\u00a0: 32\u00a0mm<br \/>&#8211; Mat\u00e9riau\u00a0: Tubes d&rsquo;acier thermolaqu\u00e9s<\/p>\n<\/div>\n<div><strong>Qualit\u00e9 et montage du filet<\/strong><br \/>Le filet en polyester inclus est noir, r\u00e9sistant aux intemp\u00e9ries et supporte m\u00eame les tirs les plus puissants. Son \u00e9paisseur de 5\u00a0mm et la taille de ses mailles d&rsquo;environ 7\u00a0cm garantissent une fiabilit\u00e9 maximale. La tension du filet est assur\u00e9e par un syst\u00e8me de crochets innovant permettant un montage rapide et facile. Des crochets m\u00e9talliques \u00e0 l&rsquo;arri\u00e8re facilitent encore davantage la fixation du filet. Dimensions et tailles : Le but de football Hudora Advanced 300 offre des dimensions officielles pour une exp\u00e9rience de jeu intense : D\u00e9tails du produit : &#8211; Largeur : 300 cm &#8211; Hauteur : 200 cm &#8211; Profondeur : 120 cm Montage facile et stabilit\u00e9 optimale : Gr\u00e2ce \u00e0 des fixations \u00e0 vis robustes et des poteaux \u00e9tiquet\u00e9s, le but est facile \u00e0 monter. Pour une stabilit\u00e9 absolue, notamment lors des matchs les plus intenses, 5 piquets de sol sont inclus. Ceux-ci offrent un ancrage suppl\u00e9mentaire dans le sol, garantissant ainsi que votre but reste fermement en place, m\u00eame sous la puissance des tirs. Procurez-vous d\u00e8s maintenant le but de football Hudora Advanced 300 et transformez votre jardin en un terrain d&rsquo;entra\u00eenement professionnel. Ce but polyvalent et robuste promet des heures de plaisir pour toute la famille.<\/p>\n","protected":false},"excerpt":{"rendered":"<p>Hudora Fussballtor Advanced 300 bietet Profi-Qualit\u00e4t, robuste Bauweise und ideale Gr\u00f6\u00dfe f\u00fcr intensives Training und Freizeitspa\u00df \u2013 perfekt f\u00fcr Ihren Garten.<\/p>\n","protected":false},"featured_media":167477,"comment_status":"open","ping_status":"closed","template":"","meta":[],"product_brand":[],"product_cat":[39184],"product_tag":[],"class_list":{"0":"post-267529","1":"product","2":"type-product","3":"status-publish","4":"has-post-thumbnail","6":"product_cat-fussball","7":"product_shipping_class-global_methods","9":"first","10":"instock","11":"taxable","12":"shipping-taxable","13":"purchasable","14":"product-type-simple"},"yoast_head":"<!-- This site is optimized with the Yoast SEO plugin v27.4 - https:\/\/yoast.com\/product\/yoast-seo-wordpress\/ -->\n<title>Hudora Fussballtor Advanced 300<\/title>\n<meta name=\"description\" content=\"Hudora Fu\u00dfballtor Advanced 300 Erleben Sie Fu\u00dfball auf Profi-Niveau in Ihrem eigenen Garten. Das Hudora Fu\u00dfballtor Advanced 300 ist die ideale Wahl f\u00fcr ambition\" \/>\n<meta name=\"robots\" content=\"index, follow, max-snippet:-1, max-image-preview:large, max-video-preview:-1\" \/>\n<link rel=\"canonical\" href=\"https:\/\/schweizversand.ch\/fr\/produkt\/hudora-fussballtor-advanced-300\/\" \/>\n<meta property=\"og:locale\" content=\"fr_FR\" \/>\n<meta property=\"og:type\" content=\"article\" \/>\n<meta property=\"og:title\" content=\"Hudora Fussballtor Advanced 300\" \/>\n<meta property=\"og:description\" content=\"Hudora Fu\u00dfballtor Advanced 300 Erleben Sie Fu\u00dfball auf Profi-Niveau in Ihrem eigenen Garten. Das Hudora Fu\u00dfballtor Advanced 300 ist die ideale Wahl f\u00fcr ambition\" \/>\n<meta property=\"og:url\" content=\"https:\/\/schweizversand.ch\/fr\/produkt\/hudora-fussballtor-advanced-300\/\" \/>\n<meta property=\"og:site_name\" content=\"Schweizer Shop f\u00fcr Sport, Spiel und Freizeit\" \/>\n<meta property=\"article:publisher\" content=\"https:\/\/www.facebook.com\/Schweizversand\" \/>\n<meta property=\"article:modified_time\" content=\"2026-04-21T13:35:09+00:00\" \/>\n<meta name=\"twitter:card\" content=\"summary_large_image\" \/>\n<meta name=\"twitter:label1\" content=\"Dur\u00e9e de lecture estim\u00e9e\" \/>\n\t<meta name=\"twitter:data1\" content=\"2 minutes\" \/>\n<script type=\"application\/ld+json\" class=\"yoast-schema-graph\">{\"@context\":\"https:\\\/\\\/schema.org\",\"@graph\":[{\"@type\":\"WebPage\",\"@id\":\"https:\\\/\\\/schweizversand.ch\\\/fr\\\/produkt\\\/hudora-fussballtor-advanced-300\\\/\",\"url\":\"https:\\\/\\\/schweizversand.ch\\\/fr\\\/produkt\\\/hudora-fussballtor-advanced-300\\\/\",\"name\":\"Hudora Fussballtor Advanced 300\",\"isPartOf\":{\"@id\":\"https:\\\/\\\/schweizversand.ch\\\/fr\\\/#website\"},\"primaryImageOfPage\":{\"@id\":\"https:\\\/\\\/schweizversand.ch\\\/fr\\\/produkt\\\/hudora-fussballtor-advanced-300\\\/#primaryimage\"},\"image\":{\"@id\":\"https:\\\/\\\/schweizversand.ch\\\/fr\\\/produkt\\\/hudora-fussballtor-advanced-300\\\/#primaryimage\"},\"thumbnailUrl\":\"https:\\\/\\\/schweizversand.ch\\\/wp-content\\\/uploads\\\/2026\\\/02\\\/5471740766.jpg\",\"datePublished\":\"2026-04-17T10:27:19+00:00\",\"dateModified\":\"2026-04-21T13:35:09+00:00\",\"description\":\"Hudora Fu\u00dfballtor Advanced 300 Erleben Sie Fu\u00dfball auf Profi-Niveau in Ihrem eigenen Garten. Das Hudora Fu\u00dfballtor Advanced 300 ist die ideale Wahl f\u00fcr ambition\",\"breadcrumb\":{\"@id\":\"https:\\\/\\\/schweizversand.ch\\\/fr\\\/produkt\\\/hudora-fussballtor-advanced-300\\\/#breadcrumb\"},\"inLanguage\":\"fr-FR\",\"potentialAction\":[{\"@type\":\"ReadAction\",\"target\":[\"https:\\\/\\\/schweizversand.ch\\\/fr\\\/produkt\\\/hudora-fussballtor-advanced-300\\\/\"]}]},{\"@type\":\"ImageObject\",\"inLanguage\":\"fr-FR\",\"@id\":\"https:\\\/\\\/schweizversand.ch\\\/fr\\\/produkt\\\/hudora-fussballtor-advanced-300\\\/#primaryimage\",\"url\":\"https:\\\/\\\/schweizversand.ch\\\/wp-content\\\/uploads\\\/2026\\\/02\\\/5471740766.jpg\",\"contentUrl\":\"https:\\\/\\\/schweizversand.ch\\\/wp-content\\\/uploads\\\/2026\\\/02\\\/5471740766.jpg\",\"width\":1024,\"height\":786},{\"@type\":\"BreadcrumbList\",\"@id\":\"https:\\\/\\\/schweizversand.ch\\\/fr\\\/produkt\\\/hudora-fussballtor-advanced-300\\\/#breadcrumb\",\"itemListElement\":[{\"@type\":\"ListItem\",\"position\":1,\"name\":\"Startseite\",\"item\":\"https:\\\/\\\/schweizversand.ch\\\/fr\\\/home\\\/\"},{\"@type\":\"ListItem\",\"position\":2,\"name\":\"Boutique\",\"item\":\"https:\\\/\\\/schweizversand.ch\\\/fr\\\/boutique\\\/\"},{\"@type\":\"ListItem\",\"position\":3,\"name\":\"Sports\",\"item\":\"https:\\\/\\\/schweizversand.ch\\\/fr\\\/produkt-kategorie\\\/sports\\\/\"},{\"@type\":\"ListItem\",\"position\":4,\"name\":\"sports de balle et fl\u00e9chettes\",\"item\":\"https:\\\/\\\/schweizversand.ch\\\/fr\\\/produkt-kategorie\\\/sports\\\/sports-de-balle-et-flechettes\\\/\"},{\"@type\":\"ListItem\",\"position\":5,\"name\":\"Fussball\",\"item\":\"https:\\\/\\\/schweizversand.ch\\\/fr\\\/produkt-kategorie\\\/sports\\\/sports-de-balle-et-flechettes\\\/fussball\\\/\"},{\"@type\":\"ListItem\",\"position\":6,\"name\":\"But de football Hudora Avanc\u00e9 300\"}]},{\"@type\":\"WebSite\",\"@id\":\"https:\\\/\\\/schweizversand.ch\\\/fr\\\/#website\",\"url\":\"https:\\\/\\\/schweizversand.ch\\\/fr\\\/\",\"name\":\"Schweizer Shop f\u00fcr Sport, Spiel und Freizeit\",\"description\":\"Gratisversand ab 50.- (netto), ab eigenem schweizer Lager, Lieferung innert 48h\",\"publisher\":{\"@id\":\"https:\\\/\\\/schweizversand.ch\\\/fr\\\/#organization\"},\"alternateName\":\"Schweizversand.ch\",\"potentialAction\":[{\"@type\":\"SearchAction\",\"target\":{\"@type\":\"EntryPoint\",\"urlTemplate\":\"https:\\\/\\\/schweizversand.ch\\\/fr\\\/?s={search_term_string}\"},\"query-input\":{\"@type\":\"PropertyValueSpecification\",\"valueRequired\":true,\"valueName\":\"search_term_string\"}}],\"inLanguage\":\"fr-FR\"},{\"@type\":\"Organization\",\"@id\":\"https:\\\/\\\/schweizversand.ch\\\/fr\\\/#organization\",\"name\":\"Schweizversand.ch\",\"url\":\"https:\\\/\\\/schweizversand.ch\\\/fr\\\/\",\"logo\":{\"@type\":\"ImageObject\",\"inLanguage\":\"fr-FR\",\"@id\":\"https:\\\/\\\/schweizversand.ch\\\/fr\\\/#\\\/schema\\\/logo\\\/image\\\/\",\"url\":\"https:\\\/\\\/schweizversand.ch\\\/wp-content\\\/uploads\\\/2026\\\/03\\\/Logo_Rund_Final-1.png\",\"contentUrl\":\"https:\\\/\\\/schweizversand.ch\\\/wp-content\\\/uploads\\\/2026\\\/03\\\/Logo_Rund_Final-1.png\",\"width\":404,\"height\":404,\"caption\":\"Schweizversand.ch\"},\"image\":{\"@id\":\"https:\\\/\\\/schweizversand.ch\\\/fr\\\/#\\\/schema\\\/logo\\\/image\\\/\"},\"sameAs\":[\"https:\\\/\\\/www.facebook.com\\\/Schweizversand\",\"https:\\\/\\\/www.instagram.com\\\/schweizversand.ch\\\/\"]}]}<\/script>\n<!-- \/ Yoast SEO plugin. -->","yoast_head_json":{"title":"Hudora Fussballtor Advanced 300","description":"Hudora Fu\u00dfballtor Advanced 300 Erleben Sie Fu\u00dfball auf Profi-Niveau in Ihrem eigenen Garten. Das Hudora Fu\u00dfballtor Advanced 300 ist die ideale Wahl f\u00fcr ambition","robots":{"index":"index","follow":"follow","max-snippet":"max-snippet:-1","max-image-preview":"max-image-preview:large","max-video-preview":"max-video-preview:-1"},"canonical":"https:\/\/schweizversand.ch\/fr\/produkt\/hudora-fussballtor-advanced-300\/","og_locale":"fr_FR","og_type":"article","og_title":"Hudora Fussballtor Advanced 300","og_description":"Hudora Fu\u00dfballtor Advanced 300 Erleben Sie Fu\u00dfball auf Profi-Niveau in Ihrem eigenen Garten. Das Hudora Fu\u00dfballtor Advanced 300 ist die ideale Wahl f\u00fcr ambition","og_url":"https:\/\/schweizversand.ch\/fr\/produkt\/hudora-fussballtor-advanced-300\/","og_site_name":"Schweizer Shop f\u00fcr Sport, Spiel und Freizeit","article_publisher":"https:\/\/www.facebook.com\/Schweizversand","article_modified_time":"2026-04-21T13:35:09+00:00","twitter_card":"summary_large_image","twitter_misc":{"Dur\u00e9e de lecture estim\u00e9e":"2 minutes"},"schema":{"@context":"https:\/\/schema.org","@graph":[{"@type":"WebPage","@id":"https:\/\/schweizversand.ch\/fr\/produkt\/hudora-fussballtor-advanced-300\/","url":"https:\/\/schweizversand.ch\/fr\/produkt\/hudora-fussballtor-advanced-300\/","name":"Hudora Fussballtor Advanced 300","isPartOf":{"@id":"https:\/\/schweizversand.ch\/fr\/#website"},"primaryImageOfPage":{"@id":"https:\/\/schweizversand.ch\/fr\/produkt\/hudora-fussballtor-advanced-300\/#primaryimage"},"image":{"@id":"https:\/\/schweizversand.ch\/fr\/produkt\/hudora-fussballtor-advanced-300\/#primaryimage"},"thumbnailUrl":"https:\/\/schweizversand.ch\/wp-content\/uploads\/2026\/02\/5471740766.jpg","datePublished":"2026-04-17T10:27:19+00:00","dateModified":"2026-04-21T13:35:09+00:00","description":"Hudora Fu\u00dfballtor Advanced 300 Erleben Sie Fu\u00dfball auf Profi-Niveau in Ihrem eigenen Garten. Das Hudora Fu\u00dfballtor Advanced 300 ist die ideale Wahl f\u00fcr ambition","breadcrumb":{"@id":"https:\/\/schweizversand.ch\/fr\/produkt\/hudora-fussballtor-advanced-300\/#breadcrumb"},"inLanguage":"fr-FR","potentialAction":[{"@type":"ReadAction","target":["https:\/\/schweizversand.ch\/fr\/produkt\/hudora-fussballtor-advanced-300\/"]}]},{"@type":"ImageObject","inLanguage":"fr-FR","@id":"https:\/\/schweizversand.ch\/fr\/produkt\/hudora-fussballtor-advanced-300\/#primaryimage","url":"https:\/\/schweizversand.ch\/wp-content\/uploads\/2026\/02\/5471740766.jpg","contentUrl":"https:\/\/schweizversand.ch\/wp-content\/uploads\/2026\/02\/5471740766.jpg","width":1024,"height":786},{"@type":"BreadcrumbList","@id":"https:\/\/schweizversand.ch\/fr\/produkt\/hudora-fussballtor-advanced-300\/#breadcrumb","itemListElement":[{"@type":"ListItem","position":1,"name":"Startseite","item":"https:\/\/schweizversand.ch\/fr\/home\/"},{"@type":"ListItem","position":2,"name":"Boutique","item":"https:\/\/schweizversand.ch\/fr\/boutique\/"},{"@type":"ListItem","position":3,"name":"Sports","item":"https:\/\/schweizversand.ch\/fr\/produkt-kategorie\/sports\/"},{"@type":"ListItem","position":4,"name":"sports de balle et fl\u00e9chettes","item":"https:\/\/schweizversand.ch\/fr\/produkt-kategorie\/sports\/sports-de-balle-et-flechettes\/"},{"@type":"ListItem","position":5,"name":"Fussball","item":"https:\/\/schweizversand.ch\/fr\/produkt-kategorie\/sports\/sports-de-balle-et-flechettes\/fussball\/"},{"@type":"ListItem","position":6,"name":"But de football Hudora Avanc\u00e9 300"}]},{"@type":"WebSite","@id":"https:\/\/schweizversand.ch\/fr\/#website","url":"https:\/\/schweizversand.ch\/fr\/","name":"Schweizer Shop f\u00fcr Sport, Spiel und Freizeit","description":"Gratisversand ab 50.- (netto), ab eigenem schweizer Lager, Lieferung innert 48h","publisher":{"@id":"https:\/\/schweizversand.ch\/fr\/#organization"},"alternateName":"Schweizversand.ch","potentialAction":[{"@type":"SearchAction","target":{"@type":"EntryPoint","urlTemplate":"https:\/\/schweizversand.ch\/fr\/?s={search_term_string}"},"query-input":{"@type":"PropertyValueSpecification","valueRequired":true,"valueName":"search_term_string"}}],"inLanguage":"fr-FR"},{"@type":"Organization","@id":"https:\/\/schweizversand.ch\/fr\/#organization","name":"Schweizversand.ch","url":"https:\/\/schweizversand.ch\/fr\/","logo":{"@type":"ImageObject","inLanguage":"fr-FR","@id":"https:\/\/schweizversand.ch\/fr\/#\/schema\/logo\/image\/","url":"https:\/\/schweizversand.ch\/wp-content\/uploads\/2026\/03\/Logo_Rund_Final-1.png","contentUrl":"https:\/\/schweizversand.ch\/wp-content\/uploads\/2026\/03\/Logo_Rund_Final-1.png","width":404,"height":404,"caption":"Schweizversand.ch"},"image":{"@id":"https:\/\/schweizversand.ch\/fr\/#\/schema\/logo\/image\/"},"sameAs":["https:\/\/www.facebook.com\/Schweizversand","https:\/\/www.instagram.com\/schweizversand.ch\/"]}]}},"jetpack_sharing_enabled":true,"_links":{"self":[{"href":"https:\/\/schweizversand.ch\/fr\/wp-json\/wp\/v2\/product\/267529","targetHints":{"allow":["GET"]}}],"collection":[{"href":"https:\/\/schweizversand.ch\/fr\/wp-json\/wp\/v2\/product"}],"about":[{"href":"https:\/\/schweizversand.ch\/fr\/wp-json\/wp\/v2\/types\/product"}],"replies":[{"embeddable":true,"href":"https:\/\/schweizversand.ch\/fr\/wp-json\/wp\/v2\/comments?post=267529"}],"wp:featuredmedia":[{"embeddable":true,"href":"https:\/\/schweizversand.ch\/fr\/wp-json\/wp\/v2\/media\/167477"}],"wp:attachment":[{"href":"https:\/\/schweizversand.ch\/fr\/wp-json\/wp\/v2\/media?parent=267529"}],"wp:term":[{"taxonomy":"product_brand","embeddable":true,"href":"https:\/\/schweizversand.ch\/fr\/wp-json\/wp\/v2\/product_brand?post=267529"},{"taxonomy":"product_cat","embeddable":true,"href":"https:\/\/schweizversand.ch\/fr\/wp-json\/wp\/v2\/product_cat?post=267529"},{"taxonomy":"product_tag","embeddable":true,"href":"https:\/\/schweizversand.ch\/fr\/wp-json\/wp\/v2\/product_tag?post=267529"}],"curies":[{"name":"wp","href":"https:\/\/api.w.org\/{rel}","templated":true}]}}