{"id":267717,"date":"2026-04-18T15:31:00","date_gmt":"2026-04-18T13:31:00","guid":{"rendered":"https:\/\/schweizversand.ch\/produkt\/hudora-trampolin-4square\/"},"modified":"2026-04-19T02:05:24","modified_gmt":"2026-04-19T00:05:24","slug":"hudora-trampolin-4square","status":"publish","type":"product","link":"https:\/\/schweizversand.ch\/fr\/produkt\/hudora-trampolin-4square\/","title":{"rendered":"Trampoline Hudora 4 carr\u00e9s"},"content":{"rendered":"<h1><strong>Trampoline rectangulaire 4square Performance \u2013 Performance de saut maximale<\/strong><\/h1>\n<div>D\u00e9couvrez des performances de saut dignes des professionnels avec le trampoline rectangulaire 4square. Gr\u00e2ce \u00e0 sa forme rectangulaire et \u00e0 sa suspension de pointe, ce trampoline sportif offre une exp\u00e9rience de saut unique et constante, id\u00e9ale pour les sauteurs ambitieux, les adolescents et les enfants souhaitant perfectionner leur technique.<\/p>\n<\/div>\n<div><strong>L&rsquo;exp\u00e9rience de saut ultime<\/strong><br \/>Les trampolines rectangulaires sont la r\u00e9f\u00e9rence dans les sports de comp\u00e9tition car ils garantissent un rebond uniforme sur toute la surface, le long d&rsquo;un axe unique. Sur le trampoline rectangulaire 4square, les enfants et les adolescents d\u00e9couvrent pour la premi\u00e8re fois cette sensation de saut dynamique. La suspension performante vous propulse vers de nouveaux sommets et vous assure un entra\u00eenement ou un moment de jeu intense. Ce trampoline est le choix id\u00e9al pour tous ceux qui recherchent une exp\u00e9rience de trampoline comp\u00e9titive. Suspension haute performance : Un rebond exceptionnel est obtenu gr\u00e2ce \u00e0 la combinaison de 76 ressorts en acier biconiques (64 sur la version plus petite) et de douze Rapid-Bounds (six sur la version plus petite). Cette conception sp\u00e9ciale des ressorts assure un transfert d&rsquo;\u00e9nergie optimal tout en prot\u00e9geant les articulations. Le cadre haute r\u00e9sistance, avec ses fixations de ressorts externes sur les tubes centraux, garantit une absorption des chocs id\u00e9ale et minimise les contraintes sur les poteaux principaux. S\u00e9curit\u00e9 et stabilit\u00e9 : Votre s\u00e9curit\u00e9 est notre priorit\u00e9 absolue. Le trampoline 4square Performance est \u00e9quip\u00e9 d&rsquo;un filet ext\u00e9rieur avec anneau sup\u00e9rieur et d&rsquo;un car\u00e9nage bicolore, minimisant ainsi les risques de blessure. Ses larges pieds et son cadre en acier galvanis\u00e9 \u00e0 chaud assurent une stabilit\u00e9 optimale. Ce produit est certifi\u00e9 GS et con\u00e7u pour un poids maximal de l&rsquo;utilisateur de <strong>120 kg<\/strong>, vous permettant de sauter en toute s\u00e9r\u00e9nit\u00e9.<\/p>\n<\/div>\n<div><strong>Caract\u00e9ristiques et sp\u00e9cifications du produit<\/strong><br \/>&#8211; Convient aux : Adultes, adolescents, enfants<br \/>&#8211; Dimensions assembl\u00e9es (L x l x H) : 410 x 288 x 272 cm<br \/>&#8211; Surface de saut : 244 x 366 cm<br \/>&#8211; Hauteur du cadre : 92 cm<br \/>&#8211; Nombre de pieds : 4<br \/>&#8211; Nombre de ressorts : 76 (version standard)<br \/>&#8211; Mat\u00e9riau du cadre : Acier galvanis\u00e9 \u00e0 chaud<br \/>&#8211; Type de montage : Particuli\u00e8rement stable<br \/>&#8211; Utilisation : Ext\u00e9rieure Poids maximal de l&rsquo;utilisateur\u00a0: 120\u00a0kg<br \/>&#8211; Couleur\u00a0: Rouge, Noir<\/p>\n<\/div>\n<div><strong>Livraison et emballage<\/strong><br \/>Le trampoline rectangulaire est livr\u00e9 en trois colis s\u00e9par\u00e9s pour un transport en toute s\u00e9curit\u00e9. Pour faciliter la livraison, le colis complet se compose de trois paquets pesant respectivement 30,5\u00a0kg, 29,4\u00a0kg et 29,5\u00a0kg. Procurez-vous d\u00e8s maintenant ce trampoline rectangulaire et d\u00e9couvrez la diff\u00e9rence en termes de qualit\u00e9 et de performance de rebond.<\/p>\n","protected":false},"excerpt":{"rendered":"<p>Hudora Trampolin 4square bietet Profi-Sprungleistung und gleichm\u00e4\u00dfige Federung f\u00fcr Kinder und Jugendliche. Perfekt, um Sprungtechnik spielerisch zu verbessern.<\/p>\n","protected":false},"featured_media":267743,"comment_status":"open","ping_status":"closed","template":"","meta":[],"product_brand":[],"product_cat":[38526],"product_tag":[],"class_list":{"0":"post-267717","1":"product","2":"type-product","3":"status-publish","4":"has-post-thumbnail","6":"product_cat-gartenspielgeraete","7":"product_shipping_class-global_methods","9":"first","10":"instock","11":"taxable","12":"shipping-taxable","13":"purchasable","14":"product-type-simple"},"yoast_head":"<!-- This site is optimized with the Yoast SEO plugin v27.4 - https:\/\/yoast.com\/product\/yoast-seo-wordpress\/ -->\n<title>Hudora Trampolin 4square<\/title>\n<meta name=\"description\" content=\"4square Performance-Trampolin Rechteckig \u2013 Maximale Sprungleistung Erleben Sie Sprungperformance auf Profi-Niveau mit dem 4square Rechteck-Trampolin. Dieses Spo\" \/>\n<meta name=\"robots\" content=\"index, follow, max-snippet:-1, max-image-preview:large, max-video-preview:-1\" \/>\n<link rel=\"canonical\" href=\"https:\/\/schweizversand.ch\/fr\/produkt\/hudora-trampolin-4square\/\" \/>\n<meta property=\"og:locale\" content=\"fr_FR\" \/>\n<meta property=\"og:type\" content=\"article\" \/>\n<meta property=\"og:title\" content=\"Hudora Trampolin 4square\" \/>\n<meta property=\"og:description\" content=\"4square Performance-Trampolin Rechteckig \u2013 Maximale Sprungleistung Erleben Sie Sprungperformance auf Profi-Niveau mit dem 4square Rechteck-Trampolin. Dieses Spo\" \/>\n<meta property=\"og:url\" content=\"https:\/\/schweizversand.ch\/fr\/produkt\/hudora-trampolin-4square\/\" \/>\n<meta property=\"og:site_name\" content=\"Schweizer Shop f\u00fcr Sport, Spiel und Freizeit\" \/>\n<meta property=\"article:publisher\" content=\"https:\/\/www.facebook.com\/Schweizversand\" \/>\n<meta property=\"article:modified_time\" content=\"2026-04-19T00:05:24+00:00\" \/>\n<meta property=\"og:image\" content=\"https:\/\/schweizversand.ch\/wp-content\/uploads\/2026\/04\/5471576673.jpg\" \/>\n\t<meta property=\"og:image:width\" content=\"1024\" \/>\n\t<meta property=\"og:image:height\" content=\"719\" \/>\n\t<meta property=\"og:image:type\" content=\"image\/jpeg\" \/>\n<meta name=\"twitter:card\" content=\"summary_large_image\" \/>\n<meta name=\"twitter:label1\" content=\"Dur\u00e9e de lecture estim\u00e9e\" \/>\n\t<meta name=\"twitter:data1\" content=\"2 minutes\" \/>\n<script type=\"application\/ld+json\" class=\"yoast-schema-graph\">{\"@context\":\"https:\\\/\\\/schema.org\",\"@graph\":[{\"@type\":\"WebPage\",\"@id\":\"https:\\\/\\\/schweizversand.ch\\\/fr\\\/produkt\\\/hudora-trampolin-4square\\\/\",\"url\":\"https:\\\/\\\/schweizversand.ch\\\/fr\\\/produkt\\\/hudora-trampolin-4square\\\/\",\"name\":\"Hudora Trampolin 4square\",\"isPartOf\":{\"@id\":\"https:\\\/\\\/schweizversand.ch\\\/fr\\\/#website\"},\"primaryImageOfPage\":{\"@id\":\"https:\\\/\\\/schweizversand.ch\\\/fr\\\/produkt\\\/hudora-trampolin-4square\\\/#primaryimage\"},\"image\":{\"@id\":\"https:\\\/\\\/schweizversand.ch\\\/fr\\\/produkt\\\/hudora-trampolin-4square\\\/#primaryimage\"},\"thumbnailUrl\":\"https:\\\/\\\/schweizversand.ch\\\/wp-content\\\/uploads\\\/2026\\\/04\\\/5471576673.jpg\",\"datePublished\":\"2026-04-18T13:31:00+00:00\",\"dateModified\":\"2026-04-19T00:05:24+00:00\",\"description\":\"4square Performance-Trampolin Rechteckig \u2013 Maximale Sprungleistung Erleben Sie Sprungperformance auf Profi-Niveau mit dem 4square Rechteck-Trampolin. Dieses Spo\",\"breadcrumb\":{\"@id\":\"https:\\\/\\\/schweizversand.ch\\\/fr\\\/produkt\\\/hudora-trampolin-4square\\\/#breadcrumb\"},\"inLanguage\":\"fr-FR\",\"potentialAction\":[{\"@type\":\"ReadAction\",\"target\":[\"https:\\\/\\\/schweizversand.ch\\\/fr\\\/produkt\\\/hudora-trampolin-4square\\\/\"]}]},{\"@type\":\"ImageObject\",\"inLanguage\":\"fr-FR\",\"@id\":\"https:\\\/\\\/schweizversand.ch\\\/fr\\\/produkt\\\/hudora-trampolin-4square\\\/#primaryimage\",\"url\":\"https:\\\/\\\/schweizversand.ch\\\/wp-content\\\/uploads\\\/2026\\\/04\\\/5471576673.jpg\",\"contentUrl\":\"https:\\\/\\\/schweizversand.ch\\\/wp-content\\\/uploads\\\/2026\\\/04\\\/5471576673.jpg\",\"width\":1024,\"height\":719},{\"@type\":\"BreadcrumbList\",\"@id\":\"https:\\\/\\\/schweizversand.ch\\\/fr\\\/produkt\\\/hudora-trampolin-4square\\\/#breadcrumb\",\"itemListElement\":[{\"@type\":\"ListItem\",\"position\":1,\"name\":\"Startseite\",\"item\":\"https:\\\/\\\/schweizversand.ch\\\/fr\\\/home\\\/\"},{\"@type\":\"ListItem\",\"position\":2,\"name\":\"Boutique\",\"item\":\"https:\\\/\\\/schweizversand.ch\\\/fr\\\/boutique\\\/\"},{\"@type\":\"ListItem\",\"position\":3,\"name\":\"Jouets et jeux\",\"item\":\"https:\\\/\\\/schweizversand.ch\\\/fr\\\/produkt-kategorie\\\/jouets-et-jeux\\\/\"},{\"@type\":\"ListItem\",\"position\":4,\"name\":\"Jeux d'ext\u00e9rieur\",\"item\":\"https:\\\/\\\/schweizversand.ch\\\/fr\\\/produkt-kategorie\\\/jouets-et-jeux\\\/jeux-dexterieur\\\/\"},{\"@type\":\"ListItem\",\"position\":5,\"name\":\"\u00c9quipement de jeux de jardin\",\"item\":\"https:\\\/\\\/schweizversand.ch\\\/fr\\\/produkt-kategorie\\\/jouets-et-jeux\\\/jeux-dexterieur\\\/gartenspielgeraete\\\/\"},{\"@type\":\"ListItem\",\"position\":6,\"name\":\"Trampoline Hudora 4 carr\u00e9s\"}]},{\"@type\":\"WebSite\",\"@id\":\"https:\\\/\\\/schweizversand.ch\\\/fr\\\/#website\",\"url\":\"https:\\\/\\\/schweizversand.ch\\\/fr\\\/\",\"name\":\"Schweizer Shop f\u00fcr Sport, Spiel und Freizeit\",\"description\":\"Gratisversand ab 50.- (netto), ab eigenem schweizer Lager, Lieferung innert 48h\",\"publisher\":{\"@id\":\"https:\\\/\\\/schweizversand.ch\\\/fr\\\/#organization\"},\"alternateName\":\"Schweizversand.ch\",\"potentialAction\":[{\"@type\":\"SearchAction\",\"target\":{\"@type\":\"EntryPoint\",\"urlTemplate\":\"https:\\\/\\\/schweizversand.ch\\\/fr\\\/?s={search_term_string}\"},\"query-input\":{\"@type\":\"PropertyValueSpecification\",\"valueRequired\":true,\"valueName\":\"search_term_string\"}}],\"inLanguage\":\"fr-FR\"},{\"@type\":\"Organization\",\"@id\":\"https:\\\/\\\/schweizversand.ch\\\/fr\\\/#organization\",\"name\":\"Schweizversand.ch\",\"url\":\"https:\\\/\\\/schweizversand.ch\\\/fr\\\/\",\"logo\":{\"@type\":\"ImageObject\",\"inLanguage\":\"fr-FR\",\"@id\":\"https:\\\/\\\/schweizversand.ch\\\/fr\\\/#\\\/schema\\\/logo\\\/image\\\/\",\"url\":\"https:\\\/\\\/schweizversand.ch\\\/wp-content\\\/uploads\\\/2026\\\/03\\\/Logo_Rund_Final-1.png\",\"contentUrl\":\"https:\\\/\\\/schweizversand.ch\\\/wp-content\\\/uploads\\\/2026\\\/03\\\/Logo_Rund_Final-1.png\",\"width\":404,\"height\":404,\"caption\":\"Schweizversand.ch\"},\"image\":{\"@id\":\"https:\\\/\\\/schweizversand.ch\\\/fr\\\/#\\\/schema\\\/logo\\\/image\\\/\"},\"sameAs\":[\"https:\\\/\\\/www.facebook.com\\\/Schweizversand\",\"https:\\\/\\\/www.instagram.com\\\/schweizversand.ch\\\/\"]}]}<\/script>\n<!-- \/ Yoast SEO plugin. -->","yoast_head_json":{"title":"Hudora Trampolin 4square","description":"4square Performance-Trampolin Rechteckig \u2013 Maximale Sprungleistung Erleben Sie Sprungperformance auf Profi-Niveau mit dem 4square Rechteck-Trampolin. Dieses Spo","robots":{"index":"index","follow":"follow","max-snippet":"max-snippet:-1","max-image-preview":"max-image-preview:large","max-video-preview":"max-video-preview:-1"},"canonical":"https:\/\/schweizversand.ch\/fr\/produkt\/hudora-trampolin-4square\/","og_locale":"fr_FR","og_type":"article","og_title":"Hudora Trampolin 4square","og_description":"4square Performance-Trampolin Rechteckig \u2013 Maximale Sprungleistung Erleben Sie Sprungperformance auf Profi-Niveau mit dem 4square Rechteck-Trampolin. Dieses Spo","og_url":"https:\/\/schweizversand.ch\/fr\/produkt\/hudora-trampolin-4square\/","og_site_name":"Schweizer Shop f\u00fcr Sport, Spiel und Freizeit","article_publisher":"https:\/\/www.facebook.com\/Schweizversand","article_modified_time":"2026-04-19T00:05:24+00:00","og_image":[{"width":1024,"height":719,"url":"https:\/\/schweizversand.ch\/wp-content\/uploads\/2026\/04\/5471576673.jpg","type":"image\/jpeg"}],"twitter_card":"summary_large_image","twitter_misc":{"Dur\u00e9e de lecture estim\u00e9e":"2 minutes"},"schema":{"@context":"https:\/\/schema.org","@graph":[{"@type":"WebPage","@id":"https:\/\/schweizversand.ch\/fr\/produkt\/hudora-trampolin-4square\/","url":"https:\/\/schweizversand.ch\/fr\/produkt\/hudora-trampolin-4square\/","name":"Hudora Trampolin 4square","isPartOf":{"@id":"https:\/\/schweizversand.ch\/fr\/#website"},"primaryImageOfPage":{"@id":"https:\/\/schweizversand.ch\/fr\/produkt\/hudora-trampolin-4square\/#primaryimage"},"image":{"@id":"https:\/\/schweizversand.ch\/fr\/produkt\/hudora-trampolin-4square\/#primaryimage"},"thumbnailUrl":"https:\/\/schweizversand.ch\/wp-content\/uploads\/2026\/04\/5471576673.jpg","datePublished":"2026-04-18T13:31:00+00:00","dateModified":"2026-04-19T00:05:24+00:00","description":"4square Performance-Trampolin Rechteckig \u2013 Maximale Sprungleistung Erleben Sie Sprungperformance auf Profi-Niveau mit dem 4square Rechteck-Trampolin. Dieses Spo","breadcrumb":{"@id":"https:\/\/schweizversand.ch\/fr\/produkt\/hudora-trampolin-4square\/#breadcrumb"},"inLanguage":"fr-FR","potentialAction":[{"@type":"ReadAction","target":["https:\/\/schweizversand.ch\/fr\/produkt\/hudora-trampolin-4square\/"]}]},{"@type":"ImageObject","inLanguage":"fr-FR","@id":"https:\/\/schweizversand.ch\/fr\/produkt\/hudora-trampolin-4square\/#primaryimage","url":"https:\/\/schweizversand.ch\/wp-content\/uploads\/2026\/04\/5471576673.jpg","contentUrl":"https:\/\/schweizversand.ch\/wp-content\/uploads\/2026\/04\/5471576673.jpg","width":1024,"height":719},{"@type":"BreadcrumbList","@id":"https:\/\/schweizversand.ch\/fr\/produkt\/hudora-trampolin-4square\/#breadcrumb","itemListElement":[{"@type":"ListItem","position":1,"name":"Startseite","item":"https:\/\/schweizversand.ch\/fr\/home\/"},{"@type":"ListItem","position":2,"name":"Boutique","item":"https:\/\/schweizversand.ch\/fr\/boutique\/"},{"@type":"ListItem","position":3,"name":"Jouets et jeux","item":"https:\/\/schweizversand.ch\/fr\/produkt-kategorie\/jouets-et-jeux\/"},{"@type":"ListItem","position":4,"name":"Jeux d'ext\u00e9rieur","item":"https:\/\/schweizversand.ch\/fr\/produkt-kategorie\/jouets-et-jeux\/jeux-dexterieur\/"},{"@type":"ListItem","position":5,"name":"\u00c9quipement de jeux de jardin","item":"https:\/\/schweizversand.ch\/fr\/produkt-kategorie\/jouets-et-jeux\/jeux-dexterieur\/gartenspielgeraete\/"},{"@type":"ListItem","position":6,"name":"Trampoline Hudora 4 carr\u00e9s"}]},{"@type":"WebSite","@id":"https:\/\/schweizversand.ch\/fr\/#website","url":"https:\/\/schweizversand.ch\/fr\/","name":"Schweizer Shop f\u00fcr Sport, Spiel und Freizeit","description":"Gratisversand ab 50.- (netto), ab eigenem schweizer Lager, Lieferung innert 48h","publisher":{"@id":"https:\/\/schweizversand.ch\/fr\/#organization"},"alternateName":"Schweizversand.ch","potentialAction":[{"@type":"SearchAction","target":{"@type":"EntryPoint","urlTemplate":"https:\/\/schweizversand.ch\/fr\/?s={search_term_string}"},"query-input":{"@type":"PropertyValueSpecification","valueRequired":true,"valueName":"search_term_string"}}],"inLanguage":"fr-FR"},{"@type":"Organization","@id":"https:\/\/schweizversand.ch\/fr\/#organization","name":"Schweizversand.ch","url":"https:\/\/schweizversand.ch\/fr\/","logo":{"@type":"ImageObject","inLanguage":"fr-FR","@id":"https:\/\/schweizversand.ch\/fr\/#\/schema\/logo\/image\/","url":"https:\/\/schweizversand.ch\/wp-content\/uploads\/2026\/03\/Logo_Rund_Final-1.png","contentUrl":"https:\/\/schweizversand.ch\/wp-content\/uploads\/2026\/03\/Logo_Rund_Final-1.png","width":404,"height":404,"caption":"Schweizversand.ch"},"image":{"@id":"https:\/\/schweizversand.ch\/fr\/#\/schema\/logo\/image\/"},"sameAs":["https:\/\/www.facebook.com\/Schweizversand","https:\/\/www.instagram.com\/schweizversand.ch\/"]}]}},"jetpack_sharing_enabled":true,"_links":{"self":[{"href":"https:\/\/schweizversand.ch\/fr\/wp-json\/wp\/v2\/product\/267717","targetHints":{"allow":["GET"]}}],"collection":[{"href":"https:\/\/schweizversand.ch\/fr\/wp-json\/wp\/v2\/product"}],"about":[{"href":"https:\/\/schweizversand.ch\/fr\/wp-json\/wp\/v2\/types\/product"}],"replies":[{"embeddable":true,"href":"https:\/\/schweizversand.ch\/fr\/wp-json\/wp\/v2\/comments?post=267717"}],"wp:featuredmedia":[{"embeddable":true,"href":"https:\/\/schweizversand.ch\/fr\/wp-json\/wp\/v2\/media\/267743"}],"wp:attachment":[{"href":"https:\/\/schweizversand.ch\/fr\/wp-json\/wp\/v2\/media?parent=267717"}],"wp:term":[{"taxonomy":"product_brand","embeddable":true,"href":"https:\/\/schweizversand.ch\/fr\/wp-json\/wp\/v2\/product_brand?post=267717"},{"taxonomy":"product_cat","embeddable":true,"href":"https:\/\/schweizversand.ch\/fr\/wp-json\/wp\/v2\/product_cat?post=267717"},{"taxonomy":"product_tag","embeddable":true,"href":"https:\/\/schweizversand.ch\/fr\/wp-json\/wp\/v2\/product_tag?post=267717"}],"curies":[{"name":"wp","href":"https:\/\/api.w.org\/{rel}","templated":true}]}}