{"id":267720,"date":"2026-04-18T15:31:01","date_gmt":"2026-04-18T13:31:01","guid":{"rendered":"https:\/\/schweizversand.ch\/produkt\/hudora-fantastic-complete-trampolin-300v\/"},"modified":"2026-04-19T02:05:25","modified_gmt":"2026-04-19T00:05:25","slug":"hudora-fantastic-complete-trampolin-300v","status":"publish","type":"product","link":"https:\/\/schweizversand.ch\/fr\/produkt\/hudora-fantastic-complete-trampolin-300v\/","title":{"rendered":"Trampoline complet Hudora Fantastic 300V"},"content":{"rendered":"<p>Le trampoline HUDORA Fantastic Complete : Spacieux et s\u00fbr<\/p>\n<p>Le trampoline HUDORA Fantastic Complete est un trampoline de jardin tout-en-un, comprenant une b\u00e2che de protection, un tapis de sol, un compartiment de rangement et une \u00e9chelle. Spacieux, confortable et \u00e9l\u00e9gant, il offre un confort optimal pour sauter et s&rsquo;amuser, petits et grands.<\/p>\n<p>Sauter sur un trampoline est un excellent exercice physique : on br\u00fble environ trois fois plus de calories qu&rsquo;en faisant du jogging et on sollicite pr\u00e8s de 400 muscles. Le trampoline HUDORA Fantastic Complete permet de s&rsquo;entra\u00eener efficacement gr\u00e2ce \u00e0 tous ses accessoires : compartiments de rangement pour chaussures, t\u00e9l\u00e9phone et cl\u00e9s, b\u00e2che de protection, \u00e9chelle, tapis de sol et ancrages au sol. Ses 60 ressorts en acier extra-longs garantissent un espace de saut exceptionnel. Sa structure en acier galvanis\u00e9 \u00e0 chaud, ses trois pieds doubles robustes et ses poteaux principaux incurv\u00e9s lui conf\u00e8rent une stabilit\u00e9 rassurante. Un cadre de 300 cm de diam\u00e8tre et 70 cm de hauteur offre des heures de plaisir pour tous les \u00e2ges. La toile de saut tiss\u00e9e assure un excellent rebond. Le filet de s\u00e9curit\u00e9, la grande distance de s\u00e9curit\u00e9 par rapport aux poteaux et la b\u00e2che de protection extra-large et \u00e9paisse garantissent une s\u00e9curit\u00e9 maximale.<\/p>\n<p>Ce trampoline HUDORA, fiable et performant, convient aux utilisateurs pesant jusqu&rsquo;\u00e0 100 kg. Du plaisir et de la forme pour toute la famille\u00a0!<\/p>\n<p>Plus de d\u00e9tails\u00a0:<\/p>\n<p>Livr\u00e9 en 3 colis<\/p>\n<p>Le filet de s\u00e9curit\u00e9 doit \u00eatre remplac\u00e9 tous les 3 ans. Un d\u00e9gagement de 2 m\u00e8tres est n\u00e9cessaire autour du trampoline. Veuillez consulter les informations relatives au poids maximal de l&rsquo;utilisateur et aux dimensions de montage.<\/p>\n<p>Attention\u00a0: Une seule personne \u00e0 la fois. Risque de collision. Usage priv\u00e9 uniquement. Convient pour une utilisation en ext\u00e9rieur\u00a0! Attention\u00a0! Ne convient pas aux enfants de moins de 36 mois en raison de leur manque de motricit\u00e9. Risque de blessure\u00a0!<\/p>\n<p>Caract\u00e9ristiques<\/p>\n<p>Pour : Adultes, adolescents, enfants<\/p>\n<p>Vente en lot : Non<\/p>\n<p>Dimensions assembl\u00e9es (L x l x H en cm) : 340 x 340 x 252<\/p>\n<p>Diam\u00e8tre (cm) : 300<\/p>\n<p>Couleurs : Vert, Turquoise<\/p>\n<p>Nombre de pieds : 3<\/p>\n<p>Nombre de ressorts : 60<\/p>\n<p>Hauteur du cadre (cm) : 70<\/p>\n<p>Accessoires : Ancrage au sol, tapis de porte, protection pour sortir du lit, \u00e9chelle, rangement pour chaussures, t\u00e9l\u00e9phone et cl\u00e9s<\/p>\n<p>Mat\u00e9riau : Acier<\/p>\n<p>Utilisation : Ext\u00e9rieure<\/p>\n<p>Poids maximal de l&rsquo;utilisateur (kg) : 100<\/p>\n","protected":false},"excerpt":{"rendered":"<p>Hudora Fantastic Complete Trampolin 300V bietet sicheren, ger\u00e4umigen Sprungspa\u00df mit Krabbelschutz, Leiter, Fu\u00dfmatte und praktischem Butler \u2013 Fitness und Spa\u00df f\u00fcr die ganze Familie.<\/p>\n","protected":false},"featured_media":258502,"comment_status":"open","ping_status":"closed","template":"","meta":[],"product_brand":[],"product_cat":[38526],"product_tag":[],"class_list":{"0":"post-267720","1":"product","2":"type-product","3":"status-publish","4":"has-post-thumbnail","6":"product_cat-gartenspielgeraete","7":"product_shipping_class-global_methods","9":"first","10":"instock","11":"taxable","12":"shipping-taxable","13":"purchasable","14":"product-type-simple"},"yoast_head":"<!-- This site is optimized with the Yoast SEO plugin v27.4 - https:\/\/yoast.com\/product\/yoast-seo-wordpress\/ -->\n<title>Hudora Fantastic Complete Trampolin 300V<\/title>\n<meta name=\"description\" content=\"Das HUDORA Fantastic Complete Trampolin: Fantastisch ger\u00e4umig, fantastisch sicher\u00a0 \u00a0\u00a0 Das HUDORA Fantastic Complete Trampolin ist das Gartentrampolin im Rundum\" \/>\n<meta name=\"robots\" content=\"index, follow, max-snippet:-1, max-image-preview:large, max-video-preview:-1\" \/>\n<link rel=\"canonical\" href=\"https:\/\/schweizversand.ch\/fr\/produkt\/hudora-fantastic-complete-trampolin-300v\/\" \/>\n<meta property=\"og:locale\" content=\"fr_FR\" \/>\n<meta property=\"og:type\" content=\"article\" \/>\n<meta property=\"og:title\" content=\"Hudora Fantastic Complete Trampolin 300V\" \/>\n<meta property=\"og:description\" content=\"Das HUDORA Fantastic Complete Trampolin: Fantastisch ger\u00e4umig, fantastisch sicher\u00a0 \u00a0\u00a0 Das HUDORA Fantastic Complete Trampolin ist das Gartentrampolin im Rundum\" \/>\n<meta property=\"og:url\" content=\"https:\/\/schweizversand.ch\/fr\/produkt\/hudora-fantastic-complete-trampolin-300v\/\" \/>\n<meta property=\"og:site_name\" content=\"Schweizer Shop f\u00fcr Sport, Spiel und Freizeit\" \/>\n<meta property=\"article:publisher\" content=\"https:\/\/www.facebook.com\/Schweizversand\" \/>\n<meta property=\"article:modified_time\" content=\"2026-04-19T00:05:25+00:00\" \/>\n<meta property=\"og:image\" content=\"https:\/\/schweizversand.ch\/wp-content\/uploads\/2026\/03\/5471493512.jpg\" \/>\n\t<meta property=\"og:image:width\" content=\"1024\" \/>\n\t<meta property=\"og:image:height\" content=\"1024\" \/>\n\t<meta property=\"og:image:type\" content=\"image\/jpeg\" \/>\n<meta name=\"twitter:card\" content=\"summary_large_image\" \/>\n<meta name=\"twitter:label1\" content=\"Dur\u00e9e de lecture estim\u00e9e\" \/>\n\t<meta name=\"twitter:data1\" content=\"2 minutes\" \/>\n<script type=\"application\/ld+json\" class=\"yoast-schema-graph\">{\"@context\":\"https:\\\/\\\/schema.org\",\"@graph\":[{\"@type\":\"WebPage\",\"@id\":\"https:\\\/\\\/schweizversand.ch\\\/fr\\\/produkt\\\/hudora-fantastic-complete-trampolin-300v\\\/\",\"url\":\"https:\\\/\\\/schweizversand.ch\\\/fr\\\/produkt\\\/hudora-fantastic-complete-trampolin-300v\\\/\",\"name\":\"Hudora Fantastic Complete Trampolin 300V\",\"isPartOf\":{\"@id\":\"https:\\\/\\\/schweizversand.ch\\\/fr\\\/#website\"},\"primaryImageOfPage\":{\"@id\":\"https:\\\/\\\/schweizversand.ch\\\/fr\\\/produkt\\\/hudora-fantastic-complete-trampolin-300v\\\/#primaryimage\"},\"image\":{\"@id\":\"https:\\\/\\\/schweizversand.ch\\\/fr\\\/produkt\\\/hudora-fantastic-complete-trampolin-300v\\\/#primaryimage\"},\"thumbnailUrl\":\"https:\\\/\\\/schweizversand.ch\\\/wp-content\\\/uploads\\\/2026\\\/03\\\/5471493512.jpg\",\"datePublished\":\"2026-04-18T13:31:01+00:00\",\"dateModified\":\"2026-04-19T00:05:25+00:00\",\"description\":\"Das HUDORA Fantastic Complete Trampolin: Fantastisch ger\u00e4umig, fantastisch sicher\u00a0 \u00a0\u00a0 Das HUDORA Fantastic Complete Trampolin ist das Gartentrampolin im Rundum\",\"breadcrumb\":{\"@id\":\"https:\\\/\\\/schweizversand.ch\\\/fr\\\/produkt\\\/hudora-fantastic-complete-trampolin-300v\\\/#breadcrumb\"},\"inLanguage\":\"fr-FR\",\"potentialAction\":[{\"@type\":\"ReadAction\",\"target\":[\"https:\\\/\\\/schweizversand.ch\\\/fr\\\/produkt\\\/hudora-fantastic-complete-trampolin-300v\\\/\"]}]},{\"@type\":\"ImageObject\",\"inLanguage\":\"fr-FR\",\"@id\":\"https:\\\/\\\/schweizversand.ch\\\/fr\\\/produkt\\\/hudora-fantastic-complete-trampolin-300v\\\/#primaryimage\",\"url\":\"https:\\\/\\\/schweizversand.ch\\\/wp-content\\\/uploads\\\/2026\\\/03\\\/5471493512.jpg\",\"contentUrl\":\"https:\\\/\\\/schweizversand.ch\\\/wp-content\\\/uploads\\\/2026\\\/03\\\/5471493512.jpg\",\"width\":1024,\"height\":1024},{\"@type\":\"BreadcrumbList\",\"@id\":\"https:\\\/\\\/schweizversand.ch\\\/fr\\\/produkt\\\/hudora-fantastic-complete-trampolin-300v\\\/#breadcrumb\",\"itemListElement\":[{\"@type\":\"ListItem\",\"position\":1,\"name\":\"Startseite\",\"item\":\"https:\\\/\\\/schweizversand.ch\\\/fr\\\/home\\\/\"},{\"@type\":\"ListItem\",\"position\":2,\"name\":\"Boutique\",\"item\":\"https:\\\/\\\/schweizversand.ch\\\/fr\\\/boutique\\\/\"},{\"@type\":\"ListItem\",\"position\":3,\"name\":\"Jouets et jeux\",\"item\":\"https:\\\/\\\/schweizversand.ch\\\/fr\\\/produkt-kategorie\\\/jouets-et-jeux\\\/\"},{\"@type\":\"ListItem\",\"position\":4,\"name\":\"Jeux d'ext\u00e9rieur\",\"item\":\"https:\\\/\\\/schweizversand.ch\\\/fr\\\/produkt-kategorie\\\/jouets-et-jeux\\\/jeux-dexterieur\\\/\"},{\"@type\":\"ListItem\",\"position\":5,\"name\":\"\u00c9quipement de jeux de jardin\",\"item\":\"https:\\\/\\\/schweizversand.ch\\\/fr\\\/produkt-kategorie\\\/jouets-et-jeux\\\/jeux-dexterieur\\\/gartenspielgeraete\\\/\"},{\"@type\":\"ListItem\",\"position\":6,\"name\":\"Trampoline complet Hudora Fantastic 300V\"}]},{\"@type\":\"WebSite\",\"@id\":\"https:\\\/\\\/schweizversand.ch\\\/fr\\\/#website\",\"url\":\"https:\\\/\\\/schweizversand.ch\\\/fr\\\/\",\"name\":\"Schweizer Shop f\u00fcr Sport, Spiel und Freizeit\",\"description\":\"Gratisversand ab 50.- (netto), ab eigenem schweizer Lager, Lieferung innert 48h\",\"publisher\":{\"@id\":\"https:\\\/\\\/schweizversand.ch\\\/fr\\\/#organization\"},\"alternateName\":\"Schweizversand.ch\",\"potentialAction\":[{\"@type\":\"SearchAction\",\"target\":{\"@type\":\"EntryPoint\",\"urlTemplate\":\"https:\\\/\\\/schweizversand.ch\\\/fr\\\/?s={search_term_string}\"},\"query-input\":{\"@type\":\"PropertyValueSpecification\",\"valueRequired\":true,\"valueName\":\"search_term_string\"}}],\"inLanguage\":\"fr-FR\"},{\"@type\":\"Organization\",\"@id\":\"https:\\\/\\\/schweizversand.ch\\\/fr\\\/#organization\",\"name\":\"Schweizversand.ch\",\"url\":\"https:\\\/\\\/schweizversand.ch\\\/fr\\\/\",\"logo\":{\"@type\":\"ImageObject\",\"inLanguage\":\"fr-FR\",\"@id\":\"https:\\\/\\\/schweizversand.ch\\\/fr\\\/#\\\/schema\\\/logo\\\/image\\\/\",\"url\":\"https:\\\/\\\/schweizversand.ch\\\/wp-content\\\/uploads\\\/2026\\\/03\\\/Logo_Rund_Final-1.png\",\"contentUrl\":\"https:\\\/\\\/schweizversand.ch\\\/wp-content\\\/uploads\\\/2026\\\/03\\\/Logo_Rund_Final-1.png\",\"width\":404,\"height\":404,\"caption\":\"Schweizversand.ch\"},\"image\":{\"@id\":\"https:\\\/\\\/schweizversand.ch\\\/fr\\\/#\\\/schema\\\/logo\\\/image\\\/\"},\"sameAs\":[\"https:\\\/\\\/www.facebook.com\\\/Schweizversand\",\"https:\\\/\\\/www.instagram.com\\\/schweizversand.ch\\\/\"]}]}<\/script>\n<!-- \/ Yoast SEO plugin. -->","yoast_head_json":{"title":"Hudora Fantastic Complete Trampolin 300V","description":"Das HUDORA Fantastic Complete Trampolin: Fantastisch ger\u00e4umig, fantastisch sicher\u00a0 \u00a0\u00a0 Das HUDORA Fantastic Complete Trampolin ist das Gartentrampolin im Rundum","robots":{"index":"index","follow":"follow","max-snippet":"max-snippet:-1","max-image-preview":"max-image-preview:large","max-video-preview":"max-video-preview:-1"},"canonical":"https:\/\/schweizversand.ch\/fr\/produkt\/hudora-fantastic-complete-trampolin-300v\/","og_locale":"fr_FR","og_type":"article","og_title":"Hudora Fantastic Complete Trampolin 300V","og_description":"Das HUDORA Fantastic Complete Trampolin: Fantastisch ger\u00e4umig, fantastisch sicher\u00a0 \u00a0\u00a0 Das HUDORA Fantastic Complete Trampolin ist das Gartentrampolin im Rundum","og_url":"https:\/\/schweizversand.ch\/fr\/produkt\/hudora-fantastic-complete-trampolin-300v\/","og_site_name":"Schweizer Shop f\u00fcr Sport, Spiel und Freizeit","article_publisher":"https:\/\/www.facebook.com\/Schweizversand","article_modified_time":"2026-04-19T00:05:25+00:00","og_image":[{"width":1024,"height":1024,"url":"https:\/\/schweizversand.ch\/wp-content\/uploads\/2026\/03\/5471493512.jpg","type":"image\/jpeg"}],"twitter_card":"summary_large_image","twitter_misc":{"Dur\u00e9e de lecture estim\u00e9e":"2 minutes"},"schema":{"@context":"https:\/\/schema.org","@graph":[{"@type":"WebPage","@id":"https:\/\/schweizversand.ch\/fr\/produkt\/hudora-fantastic-complete-trampolin-300v\/","url":"https:\/\/schweizversand.ch\/fr\/produkt\/hudora-fantastic-complete-trampolin-300v\/","name":"Hudora Fantastic Complete Trampolin 300V","isPartOf":{"@id":"https:\/\/schweizversand.ch\/fr\/#website"},"primaryImageOfPage":{"@id":"https:\/\/schweizversand.ch\/fr\/produkt\/hudora-fantastic-complete-trampolin-300v\/#primaryimage"},"image":{"@id":"https:\/\/schweizversand.ch\/fr\/produkt\/hudora-fantastic-complete-trampolin-300v\/#primaryimage"},"thumbnailUrl":"https:\/\/schweizversand.ch\/wp-content\/uploads\/2026\/03\/5471493512.jpg","datePublished":"2026-04-18T13:31:01+00:00","dateModified":"2026-04-19T00:05:25+00:00","description":"Das HUDORA Fantastic Complete Trampolin: Fantastisch ger\u00e4umig, fantastisch sicher\u00a0 \u00a0\u00a0 Das HUDORA Fantastic Complete Trampolin ist das Gartentrampolin im Rundum","breadcrumb":{"@id":"https:\/\/schweizversand.ch\/fr\/produkt\/hudora-fantastic-complete-trampolin-300v\/#breadcrumb"},"inLanguage":"fr-FR","potentialAction":[{"@type":"ReadAction","target":["https:\/\/schweizversand.ch\/fr\/produkt\/hudora-fantastic-complete-trampolin-300v\/"]}]},{"@type":"ImageObject","inLanguage":"fr-FR","@id":"https:\/\/schweizversand.ch\/fr\/produkt\/hudora-fantastic-complete-trampolin-300v\/#primaryimage","url":"https:\/\/schweizversand.ch\/wp-content\/uploads\/2026\/03\/5471493512.jpg","contentUrl":"https:\/\/schweizversand.ch\/wp-content\/uploads\/2026\/03\/5471493512.jpg","width":1024,"height":1024},{"@type":"BreadcrumbList","@id":"https:\/\/schweizversand.ch\/fr\/produkt\/hudora-fantastic-complete-trampolin-300v\/#breadcrumb","itemListElement":[{"@type":"ListItem","position":1,"name":"Startseite","item":"https:\/\/schweizversand.ch\/fr\/home\/"},{"@type":"ListItem","position":2,"name":"Boutique","item":"https:\/\/schweizversand.ch\/fr\/boutique\/"},{"@type":"ListItem","position":3,"name":"Jouets et jeux","item":"https:\/\/schweizversand.ch\/fr\/produkt-kategorie\/jouets-et-jeux\/"},{"@type":"ListItem","position":4,"name":"Jeux d'ext\u00e9rieur","item":"https:\/\/schweizversand.ch\/fr\/produkt-kategorie\/jouets-et-jeux\/jeux-dexterieur\/"},{"@type":"ListItem","position":5,"name":"\u00c9quipement de jeux de jardin","item":"https:\/\/schweizversand.ch\/fr\/produkt-kategorie\/jouets-et-jeux\/jeux-dexterieur\/gartenspielgeraete\/"},{"@type":"ListItem","position":6,"name":"Trampoline complet Hudora Fantastic 300V"}]},{"@type":"WebSite","@id":"https:\/\/schweizversand.ch\/fr\/#website","url":"https:\/\/schweizversand.ch\/fr\/","name":"Schweizer Shop f\u00fcr Sport, Spiel und Freizeit","description":"Gratisversand ab 50.- (netto), ab eigenem schweizer Lager, Lieferung innert 48h","publisher":{"@id":"https:\/\/schweizversand.ch\/fr\/#organization"},"alternateName":"Schweizversand.ch","potentialAction":[{"@type":"SearchAction","target":{"@type":"EntryPoint","urlTemplate":"https:\/\/schweizversand.ch\/fr\/?s={search_term_string}"},"query-input":{"@type":"PropertyValueSpecification","valueRequired":true,"valueName":"search_term_string"}}],"inLanguage":"fr-FR"},{"@type":"Organization","@id":"https:\/\/schweizversand.ch\/fr\/#organization","name":"Schweizversand.ch","url":"https:\/\/schweizversand.ch\/fr\/","logo":{"@type":"ImageObject","inLanguage":"fr-FR","@id":"https:\/\/schweizversand.ch\/fr\/#\/schema\/logo\/image\/","url":"https:\/\/schweizversand.ch\/wp-content\/uploads\/2026\/03\/Logo_Rund_Final-1.png","contentUrl":"https:\/\/schweizversand.ch\/wp-content\/uploads\/2026\/03\/Logo_Rund_Final-1.png","width":404,"height":404,"caption":"Schweizversand.ch"},"image":{"@id":"https:\/\/schweizversand.ch\/fr\/#\/schema\/logo\/image\/"},"sameAs":["https:\/\/www.facebook.com\/Schweizversand","https:\/\/www.instagram.com\/schweizversand.ch\/"]}]}},"jetpack_sharing_enabled":true,"_links":{"self":[{"href":"https:\/\/schweizversand.ch\/fr\/wp-json\/wp\/v2\/product\/267720","targetHints":{"allow":["GET"]}}],"collection":[{"href":"https:\/\/schweizversand.ch\/fr\/wp-json\/wp\/v2\/product"}],"about":[{"href":"https:\/\/schweizversand.ch\/fr\/wp-json\/wp\/v2\/types\/product"}],"replies":[{"embeddable":true,"href":"https:\/\/schweizversand.ch\/fr\/wp-json\/wp\/v2\/comments?post=267720"}],"wp:featuredmedia":[{"embeddable":true,"href":"https:\/\/schweizversand.ch\/fr\/wp-json\/wp\/v2\/media\/258502"}],"wp:attachment":[{"href":"https:\/\/schweizversand.ch\/fr\/wp-json\/wp\/v2\/media?parent=267720"}],"wp:term":[{"taxonomy":"product_brand","embeddable":true,"href":"https:\/\/schweizversand.ch\/fr\/wp-json\/wp\/v2\/product_brand?post=267720"},{"taxonomy":"product_cat","embeddable":true,"href":"https:\/\/schweizversand.ch\/fr\/wp-json\/wp\/v2\/product_cat?post=267720"},{"taxonomy":"product_tag","embeddable":true,"href":"https:\/\/schweizversand.ch\/fr\/wp-json\/wp\/v2\/product_tag?post=267720"}],"curies":[{"name":"wp","href":"https:\/\/api.w.org\/{rel}","templated":true}]}}