{"id":267721,"date":"2026-04-18T15:31:01","date_gmt":"2026-04-18T13:31:01","guid":{"rendered":"https:\/\/schweizversand.ch\/produkt\/hudora-fussballtor-pro-tect-120-advanced\/"},"modified":"2026-04-20T15:35:22","modified_gmt":"2026-04-20T13:35:22","slug":"hudora-fussballtor-pro-tect-120-advanced","status":"publish","type":"product","link":"https:\/\/schweizversand.ch\/fr\/produkt\/hudora-fussballtor-pro-tect-120-advanced\/","title":{"rendered":"But de football Hudora Pro Tect 120 Avanc\u00e9"},"content":{"rendered":"<p>Le but de football Hudora Pro Tect 120 Advanced est le choix id\u00e9al pour les passionn\u00e9s de football \u00e0 la recherche d&rsquo;un but robuste et s\u00fbr.<\/p>\n<p>Voici la description d\u00e9taill\u00e9e du produit\u00a0:<\/p>\n<p>\u2022 Construction robuste\u00a0: Ce but de football est compos\u00e9 d&rsquo;une structure tubulaire en acier robuste, rev\u00eatue de peinture en poudre, de 32\u00a0mm de diam\u00e8tre, et rembourr\u00e9e de mousse pour une s\u00e9curit\u00e9 maximale en cas de collision. Les poteaux et la barre transversale sont enti\u00e8rement recouverts de mousse EPE de 75\u00a0mm de diam\u00e8tre ext\u00e9rieur.<\/p>\n<\/p>\n<p>&#8230; \u2022 Filet \u00e0 mailles serr\u00e9es\u00a0: Le but est \u00e9quip\u00e9 d&rsquo;un filet en polyester de haute qualit\u00e9 avec un espacement des mailles de 45\u00a0mm, qui retient efficacement le ballon et offre une sensation incomparable lors d&rsquo;un but.<\/p>\n<p>\u2022 Montage facile\u00a0: Gr\u00e2ce au syst\u00e8me d&#8217;embo\u00eetement intuitif et aux poteaux \u00e9tiquet\u00e9s, le but se monte rapidement et facilement.<\/p>\n<p>\u2022 R\u00e9sistance aux intemp\u00e9ries : La b\u00e2che imperm\u00e9able prot\u00e8ge le but des intemp\u00e9ries, ce qui le rend id\u00e9al pour une utilisation en ext\u00e9rieur. La b\u00e2che se ferme \u00e0 l&rsquo;aide de bandes auto-agrippantes et de fermetures \u00e9clair.<\/p>\n<p>\u2022 Utilisation polyvalente : Mesurant 120 cm de large, 80 cm de haut et 48 cm de profondeur, ce but offre un espace g\u00e9n\u00e9reux pour des matchs de football endiabl\u00e9s dans votre jardin, un parc ou sur un terrain de sport.<\/p>\n<p>\u2022 Accessoires : Quatre piquets en forme de U sont inclus pour garantir un ancrage solide du but.<\/p>\n<p>&#8230;<\/p>\n","protected":false},"excerpt":{"rendered":"<p>Hudora Fussballtor Pro Tect 120 Advanced \u00fcberzeugt mit robustem, gepolstertem Stahlrahmen, sicherem Polyesternetz und einfacher Click-Montage f\u00fcr grenzenlosen Fu\u00dfballspa\u00df.<\/p>\n","protected":false},"featured_media":267754,"comment_status":"open","ping_status":"closed","template":"","meta":[],"product_brand":[],"product_cat":[38849],"product_tag":[],"class_list":{"0":"post-267721","1":"product","2":"type-product","3":"status-publish","4":"has-post-thumbnail","6":"product_cat-fussballtore","7":"product_shipping_class-global_methods","9":"first","10":"instock","11":"taxable","12":"shipping-taxable","13":"purchasable","14":"product-type-simple"},"yoast_head":"<!-- This site is optimized with the Yoast SEO plugin v27.4 - https:\/\/yoast.com\/product\/yoast-seo-wordpress\/ -->\n<title>Hudora Fussballtor Pro Tect 120 Advanced<\/title>\n<meta name=\"description\" content=\"Das Hudora Fu\u00dfballtor Pro Tect 120 Advanced ist eine ideale Wahl f\u00fcr Fu\u00dfballbegeisterte, welche sowohl ein robustes als auch sicheres Fu\u00dfballtor suchen.\u00a0 Hie\" \/>\n<meta name=\"robots\" content=\"index, follow, max-snippet:-1, max-image-preview:large, max-video-preview:-1\" \/>\n<link rel=\"canonical\" href=\"https:\/\/schweizversand.ch\/fr\/produkt\/hudora-fussballtor-pro-tect-120-advanced\/\" \/>\n<meta property=\"og:locale\" content=\"fr_FR\" \/>\n<meta property=\"og:type\" content=\"article\" \/>\n<meta property=\"og:title\" content=\"Hudora Fussballtor Pro Tect 120 Advanced\" \/>\n<meta property=\"og:description\" content=\"Das Hudora Fu\u00dfballtor Pro Tect 120 Advanced ist eine ideale Wahl f\u00fcr Fu\u00dfballbegeisterte, welche sowohl ein robustes als auch sicheres Fu\u00dfballtor suchen.\u00a0 Hie\" \/>\n<meta property=\"og:url\" content=\"https:\/\/schweizversand.ch\/fr\/produkt\/hudora-fussballtor-pro-tect-120-advanced\/\" \/>\n<meta property=\"og:site_name\" content=\"Schweizer Shop f\u00fcr Sport, Spiel und Freizeit\" \/>\n<meta property=\"article:publisher\" content=\"https:\/\/www.facebook.com\/Schweizversand\" \/>\n<meta property=\"article:modified_time\" content=\"2026-04-20T13:35:22+00:00\" \/>\n<meta property=\"og:image\" content=\"https:\/\/schweizversand.ch\/wp-content\/uploads\/2026\/04\/5471830132.jpg\" \/>\n\t<meta property=\"og:image:width\" content=\"1024\" \/>\n\t<meta property=\"og:image:height\" content=\"1024\" \/>\n\t<meta property=\"og:image:type\" content=\"image\/jpeg\" \/>\n<meta name=\"twitter:card\" content=\"summary_large_image\" \/>\n<meta name=\"twitter:label1\" content=\"Dur\u00e9e de lecture estim\u00e9e\" \/>\n\t<meta name=\"twitter:data1\" content=\"1 minute\" \/>\n<script type=\"application\/ld+json\" class=\"yoast-schema-graph\">{\"@context\":\"https:\\\/\\\/schema.org\",\"@graph\":[{\"@type\":\"WebPage\",\"@id\":\"https:\\\/\\\/schweizversand.ch\\\/fr\\\/produkt\\\/hudora-fussballtor-pro-tect-120-advanced\\\/\",\"url\":\"https:\\\/\\\/schweizversand.ch\\\/fr\\\/produkt\\\/hudora-fussballtor-pro-tect-120-advanced\\\/\",\"name\":\"Hudora Fussballtor Pro Tect 120 Advanced\",\"isPartOf\":{\"@id\":\"https:\\\/\\\/schweizversand.ch\\\/fr\\\/#website\"},\"primaryImageOfPage\":{\"@id\":\"https:\\\/\\\/schweizversand.ch\\\/fr\\\/produkt\\\/hudora-fussballtor-pro-tect-120-advanced\\\/#primaryimage\"},\"image\":{\"@id\":\"https:\\\/\\\/schweizversand.ch\\\/fr\\\/produkt\\\/hudora-fussballtor-pro-tect-120-advanced\\\/#primaryimage\"},\"thumbnailUrl\":\"https:\\\/\\\/schweizversand.ch\\\/wp-content\\\/uploads\\\/2026\\\/04\\\/5471830132.jpg\",\"datePublished\":\"2026-04-18T13:31:01+00:00\",\"dateModified\":\"2026-04-20T13:35:22+00:00\",\"description\":\"Das Hudora Fu\u00dfballtor Pro Tect 120 Advanced ist eine ideale Wahl f\u00fcr Fu\u00dfballbegeisterte, welche sowohl ein robustes als auch sicheres Fu\u00dfballtor suchen.\u00a0 Hie\",\"breadcrumb\":{\"@id\":\"https:\\\/\\\/schweizversand.ch\\\/fr\\\/produkt\\\/hudora-fussballtor-pro-tect-120-advanced\\\/#breadcrumb\"},\"inLanguage\":\"fr-FR\",\"potentialAction\":[{\"@type\":\"ReadAction\",\"target\":[\"https:\\\/\\\/schweizversand.ch\\\/fr\\\/produkt\\\/hudora-fussballtor-pro-tect-120-advanced\\\/\"]}]},{\"@type\":\"ImageObject\",\"inLanguage\":\"fr-FR\",\"@id\":\"https:\\\/\\\/schweizversand.ch\\\/fr\\\/produkt\\\/hudora-fussballtor-pro-tect-120-advanced\\\/#primaryimage\",\"url\":\"https:\\\/\\\/schweizversand.ch\\\/wp-content\\\/uploads\\\/2026\\\/04\\\/5471830132.jpg\",\"contentUrl\":\"https:\\\/\\\/schweizversand.ch\\\/wp-content\\\/uploads\\\/2026\\\/04\\\/5471830132.jpg\",\"width\":1024,\"height\":1024},{\"@type\":\"BreadcrumbList\",\"@id\":\"https:\\\/\\\/schweizversand.ch\\\/fr\\\/produkt\\\/hudora-fussballtor-pro-tect-120-advanced\\\/#breadcrumb\",\"itemListElement\":[{\"@type\":\"ListItem\",\"position\":1,\"name\":\"Startseite\",\"item\":\"https:\\\/\\\/schweizversand.ch\\\/fr\\\/home\\\/\"},{\"@type\":\"ListItem\",\"position\":2,\"name\":\"Boutique\",\"item\":\"https:\\\/\\\/schweizversand.ch\\\/fr\\\/boutique\\\/\"},{\"@type\":\"ListItem\",\"position\":3,\"name\":\"Pi\u00e8ces d\u00e9tach\u00e9es\",\"item\":\"https:\\\/\\\/schweizversand.ch\\\/fr\\\/produkt-kategorie\\\/pieces-detachees\\\/\"},{\"@type\":\"ListItem\",\"position\":4,\"name\":\"Hudora\",\"item\":\"https:\\\/\\\/schweizversand.ch\\\/fr\\\/produkt-kategorie\\\/pieces-detachees\\\/hudora\\\/\"},{\"@type\":\"ListItem\",\"position\":5,\"name\":\"Buts de football\",\"item\":\"https:\\\/\\\/schweizversand.ch\\\/fr\\\/produkt-kategorie\\\/pieces-detachees\\\/hudora\\\/fussballtore\\\/\"},{\"@type\":\"ListItem\",\"position\":6,\"name\":\"But de football Hudora Pro Tect 120 Avanc\u00e9\"}]},{\"@type\":\"WebSite\",\"@id\":\"https:\\\/\\\/schweizversand.ch\\\/fr\\\/#website\",\"url\":\"https:\\\/\\\/schweizversand.ch\\\/fr\\\/\",\"name\":\"Schweizer Shop f\u00fcr Sport, Spiel und Freizeit\",\"description\":\"Gratisversand ab 50.- (netto), ab eigenem schweizer Lager, Lieferung innert 48h\",\"publisher\":{\"@id\":\"https:\\\/\\\/schweizversand.ch\\\/fr\\\/#organization\"},\"alternateName\":\"Schweizversand.ch\",\"potentialAction\":[{\"@type\":\"SearchAction\",\"target\":{\"@type\":\"EntryPoint\",\"urlTemplate\":\"https:\\\/\\\/schweizversand.ch\\\/fr\\\/?s={search_term_string}\"},\"query-input\":{\"@type\":\"PropertyValueSpecification\",\"valueRequired\":true,\"valueName\":\"search_term_string\"}}],\"inLanguage\":\"fr-FR\"},{\"@type\":\"Organization\",\"@id\":\"https:\\\/\\\/schweizversand.ch\\\/fr\\\/#organization\",\"name\":\"Schweizversand.ch\",\"url\":\"https:\\\/\\\/schweizversand.ch\\\/fr\\\/\",\"logo\":{\"@type\":\"ImageObject\",\"inLanguage\":\"fr-FR\",\"@id\":\"https:\\\/\\\/schweizversand.ch\\\/fr\\\/#\\\/schema\\\/logo\\\/image\\\/\",\"url\":\"https:\\\/\\\/schweizversand.ch\\\/wp-content\\\/uploads\\\/2026\\\/03\\\/Logo_Rund_Final-1.png\",\"contentUrl\":\"https:\\\/\\\/schweizversand.ch\\\/wp-content\\\/uploads\\\/2026\\\/03\\\/Logo_Rund_Final-1.png\",\"width\":404,\"height\":404,\"caption\":\"Schweizversand.ch\"},\"image\":{\"@id\":\"https:\\\/\\\/schweizversand.ch\\\/fr\\\/#\\\/schema\\\/logo\\\/image\\\/\"},\"sameAs\":[\"https:\\\/\\\/www.facebook.com\\\/Schweizversand\",\"https:\\\/\\\/www.instagram.com\\\/schweizversand.ch\\\/\"]}]}<\/script>\n<!-- \/ Yoast SEO plugin. -->","yoast_head_json":{"title":"Hudora Fussballtor Pro Tect 120 Advanced","description":"Das Hudora Fu\u00dfballtor Pro Tect 120 Advanced ist eine ideale Wahl f\u00fcr Fu\u00dfballbegeisterte, welche sowohl ein robustes als auch sicheres Fu\u00dfballtor suchen.\u00a0 Hie","robots":{"index":"index","follow":"follow","max-snippet":"max-snippet:-1","max-image-preview":"max-image-preview:large","max-video-preview":"max-video-preview:-1"},"canonical":"https:\/\/schweizversand.ch\/fr\/produkt\/hudora-fussballtor-pro-tect-120-advanced\/","og_locale":"fr_FR","og_type":"article","og_title":"Hudora Fussballtor Pro Tect 120 Advanced","og_description":"Das Hudora Fu\u00dfballtor Pro Tect 120 Advanced ist eine ideale Wahl f\u00fcr Fu\u00dfballbegeisterte, welche sowohl ein robustes als auch sicheres Fu\u00dfballtor suchen.\u00a0 Hie","og_url":"https:\/\/schweizversand.ch\/fr\/produkt\/hudora-fussballtor-pro-tect-120-advanced\/","og_site_name":"Schweizer Shop f\u00fcr Sport, Spiel und Freizeit","article_publisher":"https:\/\/www.facebook.com\/Schweizversand","article_modified_time":"2026-04-20T13:35:22+00:00","og_image":[{"width":1024,"height":1024,"url":"https:\/\/schweizversand.ch\/wp-content\/uploads\/2026\/04\/5471830132.jpg","type":"image\/jpeg"}],"twitter_card":"summary_large_image","twitter_misc":{"Dur\u00e9e de lecture estim\u00e9e":"1 minute"},"schema":{"@context":"https:\/\/schema.org","@graph":[{"@type":"WebPage","@id":"https:\/\/schweizversand.ch\/fr\/produkt\/hudora-fussballtor-pro-tect-120-advanced\/","url":"https:\/\/schweizversand.ch\/fr\/produkt\/hudora-fussballtor-pro-tect-120-advanced\/","name":"Hudora Fussballtor Pro Tect 120 Advanced","isPartOf":{"@id":"https:\/\/schweizversand.ch\/fr\/#website"},"primaryImageOfPage":{"@id":"https:\/\/schweizversand.ch\/fr\/produkt\/hudora-fussballtor-pro-tect-120-advanced\/#primaryimage"},"image":{"@id":"https:\/\/schweizversand.ch\/fr\/produkt\/hudora-fussballtor-pro-tect-120-advanced\/#primaryimage"},"thumbnailUrl":"https:\/\/schweizversand.ch\/wp-content\/uploads\/2026\/04\/5471830132.jpg","datePublished":"2026-04-18T13:31:01+00:00","dateModified":"2026-04-20T13:35:22+00:00","description":"Das Hudora Fu\u00dfballtor Pro Tect 120 Advanced ist eine ideale Wahl f\u00fcr Fu\u00dfballbegeisterte, welche sowohl ein robustes als auch sicheres Fu\u00dfballtor suchen.\u00a0 Hie","breadcrumb":{"@id":"https:\/\/schweizversand.ch\/fr\/produkt\/hudora-fussballtor-pro-tect-120-advanced\/#breadcrumb"},"inLanguage":"fr-FR","potentialAction":[{"@type":"ReadAction","target":["https:\/\/schweizversand.ch\/fr\/produkt\/hudora-fussballtor-pro-tect-120-advanced\/"]}]},{"@type":"ImageObject","inLanguage":"fr-FR","@id":"https:\/\/schweizversand.ch\/fr\/produkt\/hudora-fussballtor-pro-tect-120-advanced\/#primaryimage","url":"https:\/\/schweizversand.ch\/wp-content\/uploads\/2026\/04\/5471830132.jpg","contentUrl":"https:\/\/schweizversand.ch\/wp-content\/uploads\/2026\/04\/5471830132.jpg","width":1024,"height":1024},{"@type":"BreadcrumbList","@id":"https:\/\/schweizversand.ch\/fr\/produkt\/hudora-fussballtor-pro-tect-120-advanced\/#breadcrumb","itemListElement":[{"@type":"ListItem","position":1,"name":"Startseite","item":"https:\/\/schweizversand.ch\/fr\/home\/"},{"@type":"ListItem","position":2,"name":"Boutique","item":"https:\/\/schweizversand.ch\/fr\/boutique\/"},{"@type":"ListItem","position":3,"name":"Pi\u00e8ces d\u00e9tach\u00e9es","item":"https:\/\/schweizversand.ch\/fr\/produkt-kategorie\/pieces-detachees\/"},{"@type":"ListItem","position":4,"name":"Hudora","item":"https:\/\/schweizversand.ch\/fr\/produkt-kategorie\/pieces-detachees\/hudora\/"},{"@type":"ListItem","position":5,"name":"Buts de football","item":"https:\/\/schweizversand.ch\/fr\/produkt-kategorie\/pieces-detachees\/hudora\/fussballtore\/"},{"@type":"ListItem","position":6,"name":"But de football Hudora Pro Tect 120 Avanc\u00e9"}]},{"@type":"WebSite","@id":"https:\/\/schweizversand.ch\/fr\/#website","url":"https:\/\/schweizversand.ch\/fr\/","name":"Schweizer Shop f\u00fcr Sport, Spiel und Freizeit","description":"Gratisversand ab 50.- (netto), ab eigenem schweizer Lager, Lieferung innert 48h","publisher":{"@id":"https:\/\/schweizversand.ch\/fr\/#organization"},"alternateName":"Schweizversand.ch","potentialAction":[{"@type":"SearchAction","target":{"@type":"EntryPoint","urlTemplate":"https:\/\/schweizversand.ch\/fr\/?s={search_term_string}"},"query-input":{"@type":"PropertyValueSpecification","valueRequired":true,"valueName":"search_term_string"}}],"inLanguage":"fr-FR"},{"@type":"Organization","@id":"https:\/\/schweizversand.ch\/fr\/#organization","name":"Schweizversand.ch","url":"https:\/\/schweizversand.ch\/fr\/","logo":{"@type":"ImageObject","inLanguage":"fr-FR","@id":"https:\/\/schweizversand.ch\/fr\/#\/schema\/logo\/image\/","url":"https:\/\/schweizversand.ch\/wp-content\/uploads\/2026\/03\/Logo_Rund_Final-1.png","contentUrl":"https:\/\/schweizversand.ch\/wp-content\/uploads\/2026\/03\/Logo_Rund_Final-1.png","width":404,"height":404,"caption":"Schweizversand.ch"},"image":{"@id":"https:\/\/schweizversand.ch\/fr\/#\/schema\/logo\/image\/"},"sameAs":["https:\/\/www.facebook.com\/Schweizversand","https:\/\/www.instagram.com\/schweizversand.ch\/"]}]}},"jetpack_sharing_enabled":true,"_links":{"self":[{"href":"https:\/\/schweizversand.ch\/fr\/wp-json\/wp\/v2\/product\/267721","targetHints":{"allow":["GET"]}}],"collection":[{"href":"https:\/\/schweizversand.ch\/fr\/wp-json\/wp\/v2\/product"}],"about":[{"href":"https:\/\/schweizversand.ch\/fr\/wp-json\/wp\/v2\/types\/product"}],"replies":[{"embeddable":true,"href":"https:\/\/schweizversand.ch\/fr\/wp-json\/wp\/v2\/comments?post=267721"}],"wp:featuredmedia":[{"embeddable":true,"href":"https:\/\/schweizversand.ch\/fr\/wp-json\/wp\/v2\/media\/267754"}],"wp:attachment":[{"href":"https:\/\/schweizversand.ch\/fr\/wp-json\/wp\/v2\/media?parent=267721"}],"wp:term":[{"taxonomy":"product_brand","embeddable":true,"href":"https:\/\/schweizversand.ch\/fr\/wp-json\/wp\/v2\/product_brand?post=267721"},{"taxonomy":"product_cat","embeddable":true,"href":"https:\/\/schweizversand.ch\/fr\/wp-json\/wp\/v2\/product_cat?post=267721"},{"taxonomy":"product_tag","embeddable":true,"href":"https:\/\/schweizversand.ch\/fr\/wp-json\/wp\/v2\/product_tag?post=267721"}],"curies":[{"name":"wp","href":"https:\/\/api.w.org\/{rel}","templated":true}]}}