{"id":267722,"date":"2026-04-18T15:31:02","date_gmt":"2026-04-18T13:31:02","guid":{"rendered":"https:\/\/schweizversand.ch\/produkt\/hudora-slam-it-basketball-set-3-teilig\/"},"modified":"2026-04-20T02:04:28","modified_gmt":"2026-04-20T00:04:28","slug":"hudora-slam-it-basketball-set-3-teilig","status":"publish","type":"product","link":"https:\/\/schweizversand.ch\/fr\/produkt\/hudora-slam-it-basketball-set-3-teilig\/","title":{"rendered":"Ensemble de basketball Hudora Slam it, 3 pi\u00e8ces"},"content":{"rendered":"<p>Pr\u00e9parez-vous \u00e0 des parties de basketball endiabl\u00e9es avec le set de basketball \u00ab\u00a0HUDORA Slam It\u00a0\u00bb, un ensemble complet id\u00e9al pour les joueurs de tous \u00e2ges. Ce set 3 pi\u00e8ces est parfaitement \u00e9quip\u00e9 pour une utilisation imm\u00e9diate, que ce soit dans le jardin ou en salle de sport.<\/p>\n<\/p>\n<p>Caract\u00e9ristiques principales du set de basketball HUDORA Slam It\u00a0:<\/p>\n<\/p>\n<p>\u2022 Panier de basketball\u00a0: Fabriqu\u00e9 en tubes d&rsquo;acier robustes de 19\u00a0mm de diam\u00e8tre, rouge et thermolaqu\u00e9, le panier mesure 45,7\u00a0cm de long et p\u00e8se 1,5\u00a0kg, garantissant une grande stabilit\u00e9 et une durabilit\u00e9 optimale.<\/p>\n<\/p>\n<p>\u2022 Filet\u00a0: Mesurant 53\u00a0cm de long et dot\u00e9 de 12\u00a0mailles, de couleur rouge, blanche et bleue, le filet est fabriqu\u00e9 en polyester r\u00e9sistant, l\u00e9ger et imperm\u00e9able.<\/p>\n<\/p>\n<p>\u2022 Ballon de basketball\u00a0: Le ballon de basketball de taille standard 7, d&rsquo;une circonf\u00e9rence de 75 \u00e0 78\u00a0cm et d&rsquo;un poids d&rsquo;environ 600\u00a0g, est fabriqu\u00e9 en caoutchouc orange vif avec une vessie en butyle, assurant un plaisir durable et un excellent rebond.<\/p>\n<\/p>\n<p>Caract\u00e9ristiques suppl\u00e9mentaires\u00a0:<\/p>\n<\/p>\n<p>\u2022 Une pompe manuelle permet de gonfler le ballon facilement. Longue de 18\u00a0cm et pesant 70\u00a0g, elle est bleue avec une poign\u00e9e noire. Fabriqu\u00e9e en polypropyl\u00e8ne (PP), elle est tr\u00e8s r\u00e9sistante.<\/p>\n<\/p>\n<p>Ce kit est id\u00e9al pour les familles et les jeunes sportifs. Il contient tout le n\u00e9cessaire pour une utilisation imm\u00e9diate. Robuste et esth\u00e9tique, il offre des avantages \u00e0 la fois fonctionnels et attrayants. Que ce soit pour jouer en loisir ou s\u2019entra\u00eener, le kit de basketball \u00ab\u00a0HUDORA Slam It\u00a0\u00bb est un excellent choix pour le sport et le plaisir.<\/p>\n","protected":false},"excerpt":{"rendered":"<p>Hudora Slam it Basketball Set: Robust, wetterfest und spielbereit \u2013 inkl. Stahlring, farbintensivem Netz und Standard-Basketball f\u00fcr grenzenlosen Spielspa\u00df drinnen und drau\u00dfen!<\/p>\n","protected":false},"featured_media":165633,"comment_status":"open","ping_status":"closed","template":"","meta":[],"product_brand":[],"product_cat":[39217],"product_tag":[],"class_list":{"0":"post-267722","1":"product","2":"type-product","3":"status-publish","4":"has-post-thumbnail","6":"product_cat-basketball","7":"product_shipping_class-global_methods","9":"first","10":"instock","11":"taxable","12":"shipping-taxable","13":"purchasable","14":"product-type-simple"},"yoast_head":"<!-- This site is optimized with the Yoast SEO plugin v27.4 - https:\/\/yoast.com\/product\/yoast-seo-wordpress\/ -->\n<title>Hudora Slam it Basketball Set, 3-teilig<\/title>\n<meta name=\"description\" content=\"Bereiten Sie sich auf spannende Basketballspiele vor mit dem &quot;HUDORA Slam It&quot; Basketball Set, einem kompletten Set, das ideal f\u00fcr Spieler aller Altersstufen ist\" \/>\n<meta name=\"robots\" content=\"index, follow, max-snippet:-1, max-image-preview:large, max-video-preview:-1\" \/>\n<link rel=\"canonical\" href=\"https:\/\/schweizversand.ch\/fr\/produkt\/hudora-slam-it-basketball-set-3-teilig\/\" \/>\n<meta property=\"og:locale\" content=\"fr_FR\" \/>\n<meta property=\"og:type\" content=\"article\" \/>\n<meta property=\"og:title\" content=\"Hudora Slam it Basketball Set, 3-teilig\" \/>\n<meta property=\"og:description\" content=\"Bereiten Sie sich auf spannende Basketballspiele vor mit dem &quot;HUDORA Slam It&quot; Basketball Set, einem kompletten Set, das ideal f\u00fcr Spieler aller Altersstufen ist\" \/>\n<meta property=\"og:url\" content=\"https:\/\/schweizversand.ch\/fr\/produkt\/hudora-slam-it-basketball-set-3-teilig\/\" \/>\n<meta property=\"og:site_name\" content=\"Schweizer Shop f\u00fcr Sport, Spiel und Freizeit\" \/>\n<meta property=\"article:publisher\" content=\"https:\/\/www.facebook.com\/Schweizversand\" \/>\n<meta property=\"article:modified_time\" content=\"2026-04-20T00:04:28+00:00\" \/>\n<meta property=\"og:image\" content=\"https:\/\/schweizversand.ch\/wp-content\/uploads\/2026\/02\/5471467509.jpg\" \/>\n\t<meta property=\"og:image:width\" content=\"1018\" \/>\n\t<meta property=\"og:image:height\" content=\"1024\" \/>\n\t<meta property=\"og:image:type\" content=\"image\/jpeg\" \/>\n<meta name=\"twitter:card\" content=\"summary_large_image\" \/>\n<meta name=\"twitter:label1\" content=\"Dur\u00e9e de lecture estim\u00e9e\" \/>\n\t<meta name=\"twitter:data1\" content=\"1 minute\" \/>\n<script type=\"application\/ld+json\" class=\"yoast-schema-graph\">{\"@context\":\"https:\\\/\\\/schema.org\",\"@graph\":[{\"@type\":\"WebPage\",\"@id\":\"https:\\\/\\\/schweizversand.ch\\\/fr\\\/produkt\\\/hudora-slam-it-basketball-set-3-teilig\\\/\",\"url\":\"https:\\\/\\\/schweizversand.ch\\\/fr\\\/produkt\\\/hudora-slam-it-basketball-set-3-teilig\\\/\",\"name\":\"Hudora Slam it Basketball Set, 3-teilig\",\"isPartOf\":{\"@id\":\"https:\\\/\\\/schweizversand.ch\\\/fr\\\/#website\"},\"primaryImageOfPage\":{\"@id\":\"https:\\\/\\\/schweizversand.ch\\\/fr\\\/produkt\\\/hudora-slam-it-basketball-set-3-teilig\\\/#primaryimage\"},\"image\":{\"@id\":\"https:\\\/\\\/schweizversand.ch\\\/fr\\\/produkt\\\/hudora-slam-it-basketball-set-3-teilig\\\/#primaryimage\"},\"thumbnailUrl\":\"https:\\\/\\\/schweizversand.ch\\\/wp-content\\\/uploads\\\/2026\\\/02\\\/5471467509.jpg\",\"datePublished\":\"2026-04-18T13:31:02+00:00\",\"dateModified\":\"2026-04-20T00:04:28+00:00\",\"description\":\"Bereiten Sie sich auf spannende Basketballspiele vor mit dem \\\"HUDORA Slam It\\\" Basketball Set, einem kompletten Set, das ideal f\u00fcr Spieler aller Altersstufen ist\",\"breadcrumb\":{\"@id\":\"https:\\\/\\\/schweizversand.ch\\\/fr\\\/produkt\\\/hudora-slam-it-basketball-set-3-teilig\\\/#breadcrumb\"},\"inLanguage\":\"fr-FR\",\"potentialAction\":[{\"@type\":\"ReadAction\",\"target\":[\"https:\\\/\\\/schweizversand.ch\\\/fr\\\/produkt\\\/hudora-slam-it-basketball-set-3-teilig\\\/\"]}]},{\"@type\":\"ImageObject\",\"inLanguage\":\"fr-FR\",\"@id\":\"https:\\\/\\\/schweizversand.ch\\\/fr\\\/produkt\\\/hudora-slam-it-basketball-set-3-teilig\\\/#primaryimage\",\"url\":\"https:\\\/\\\/schweizversand.ch\\\/wp-content\\\/uploads\\\/2026\\\/02\\\/5471467509.jpg\",\"contentUrl\":\"https:\\\/\\\/schweizversand.ch\\\/wp-content\\\/uploads\\\/2026\\\/02\\\/5471467509.jpg\",\"width\":1018,\"height\":1024},{\"@type\":\"BreadcrumbList\",\"@id\":\"https:\\\/\\\/schweizversand.ch\\\/fr\\\/produkt\\\/hudora-slam-it-basketball-set-3-teilig\\\/#breadcrumb\",\"itemListElement\":[{\"@type\":\"ListItem\",\"position\":1,\"name\":\"Startseite\",\"item\":\"https:\\\/\\\/schweizversand.ch\\\/fr\\\/home\\\/\"},{\"@type\":\"ListItem\",\"position\":2,\"name\":\"Boutique\",\"item\":\"https:\\\/\\\/schweizversand.ch\\\/fr\\\/boutique\\\/\"},{\"@type\":\"ListItem\",\"position\":3,\"name\":\"Sports\",\"item\":\"https:\\\/\\\/schweizversand.ch\\\/fr\\\/produkt-kategorie\\\/sports\\\/\"},{\"@type\":\"ListItem\",\"position\":4,\"name\":\"sports de balle et fl\u00e9chettes\",\"item\":\"https:\\\/\\\/schweizversand.ch\\\/fr\\\/produkt-kategorie\\\/sports\\\/sports-de-balle-et-flechettes\\\/\"},{\"@type\":\"ListItem\",\"position\":5,\"name\":\"Basketball\",\"item\":\"https:\\\/\\\/schweizversand.ch\\\/fr\\\/produkt-kategorie\\\/sports\\\/sports-de-balle-et-flechettes\\\/basketball\\\/\"},{\"@type\":\"ListItem\",\"position\":6,\"name\":\"Ensemble de basketball Hudora Slam it, 3 pi\u00e8ces\"}]},{\"@type\":\"WebSite\",\"@id\":\"https:\\\/\\\/schweizversand.ch\\\/fr\\\/#website\",\"url\":\"https:\\\/\\\/schweizversand.ch\\\/fr\\\/\",\"name\":\"Schweizer Shop f\u00fcr Sport, Spiel und Freizeit\",\"description\":\"Gratisversand ab 50.- (netto), ab eigenem schweizer Lager, Lieferung innert 48h\",\"publisher\":{\"@id\":\"https:\\\/\\\/schweizversand.ch\\\/fr\\\/#organization\"},\"alternateName\":\"Schweizversand.ch\",\"potentialAction\":[{\"@type\":\"SearchAction\",\"target\":{\"@type\":\"EntryPoint\",\"urlTemplate\":\"https:\\\/\\\/schweizversand.ch\\\/fr\\\/?s={search_term_string}\"},\"query-input\":{\"@type\":\"PropertyValueSpecification\",\"valueRequired\":true,\"valueName\":\"search_term_string\"}}],\"inLanguage\":\"fr-FR\"},{\"@type\":\"Organization\",\"@id\":\"https:\\\/\\\/schweizversand.ch\\\/fr\\\/#organization\",\"name\":\"Schweizversand.ch\",\"url\":\"https:\\\/\\\/schweizversand.ch\\\/fr\\\/\",\"logo\":{\"@type\":\"ImageObject\",\"inLanguage\":\"fr-FR\",\"@id\":\"https:\\\/\\\/schweizversand.ch\\\/fr\\\/#\\\/schema\\\/logo\\\/image\\\/\",\"url\":\"https:\\\/\\\/schweizversand.ch\\\/wp-content\\\/uploads\\\/2026\\\/03\\\/Logo_Rund_Final-1.png\",\"contentUrl\":\"https:\\\/\\\/schweizversand.ch\\\/wp-content\\\/uploads\\\/2026\\\/03\\\/Logo_Rund_Final-1.png\",\"width\":404,\"height\":404,\"caption\":\"Schweizversand.ch\"},\"image\":{\"@id\":\"https:\\\/\\\/schweizversand.ch\\\/fr\\\/#\\\/schema\\\/logo\\\/image\\\/\"},\"sameAs\":[\"https:\\\/\\\/www.facebook.com\\\/Schweizversand\",\"https:\\\/\\\/www.instagram.com\\\/schweizversand.ch\\\/\"]}]}<\/script>\n<!-- \/ Yoast SEO plugin. -->","yoast_head_json":{"title":"Hudora Slam it Basketball Set, 3-teilig","description":"Bereiten Sie sich auf spannende Basketballspiele vor mit dem \"HUDORA Slam It\" Basketball Set, einem kompletten Set, das ideal f\u00fcr Spieler aller Altersstufen ist","robots":{"index":"index","follow":"follow","max-snippet":"max-snippet:-1","max-image-preview":"max-image-preview:large","max-video-preview":"max-video-preview:-1"},"canonical":"https:\/\/schweizversand.ch\/fr\/produkt\/hudora-slam-it-basketball-set-3-teilig\/","og_locale":"fr_FR","og_type":"article","og_title":"Hudora Slam it Basketball Set, 3-teilig","og_description":"Bereiten Sie sich auf spannende Basketballspiele vor mit dem \"HUDORA Slam It\" Basketball Set, einem kompletten Set, das ideal f\u00fcr Spieler aller Altersstufen ist","og_url":"https:\/\/schweizversand.ch\/fr\/produkt\/hudora-slam-it-basketball-set-3-teilig\/","og_site_name":"Schweizer Shop f\u00fcr Sport, Spiel und Freizeit","article_publisher":"https:\/\/www.facebook.com\/Schweizversand","article_modified_time":"2026-04-20T00:04:28+00:00","og_image":[{"width":1018,"height":1024,"url":"https:\/\/schweizversand.ch\/wp-content\/uploads\/2026\/02\/5471467509.jpg","type":"image\/jpeg"}],"twitter_card":"summary_large_image","twitter_misc":{"Dur\u00e9e de lecture estim\u00e9e":"1 minute"},"schema":{"@context":"https:\/\/schema.org","@graph":[{"@type":"WebPage","@id":"https:\/\/schweizversand.ch\/fr\/produkt\/hudora-slam-it-basketball-set-3-teilig\/","url":"https:\/\/schweizversand.ch\/fr\/produkt\/hudora-slam-it-basketball-set-3-teilig\/","name":"Hudora Slam it Basketball Set, 3-teilig","isPartOf":{"@id":"https:\/\/schweizversand.ch\/fr\/#website"},"primaryImageOfPage":{"@id":"https:\/\/schweizversand.ch\/fr\/produkt\/hudora-slam-it-basketball-set-3-teilig\/#primaryimage"},"image":{"@id":"https:\/\/schweizversand.ch\/fr\/produkt\/hudora-slam-it-basketball-set-3-teilig\/#primaryimage"},"thumbnailUrl":"https:\/\/schweizversand.ch\/wp-content\/uploads\/2026\/02\/5471467509.jpg","datePublished":"2026-04-18T13:31:02+00:00","dateModified":"2026-04-20T00:04:28+00:00","description":"Bereiten Sie sich auf spannende Basketballspiele vor mit dem \"HUDORA Slam It\" Basketball Set, einem kompletten Set, das ideal f\u00fcr Spieler aller Altersstufen ist","breadcrumb":{"@id":"https:\/\/schweizversand.ch\/fr\/produkt\/hudora-slam-it-basketball-set-3-teilig\/#breadcrumb"},"inLanguage":"fr-FR","potentialAction":[{"@type":"ReadAction","target":["https:\/\/schweizversand.ch\/fr\/produkt\/hudora-slam-it-basketball-set-3-teilig\/"]}]},{"@type":"ImageObject","inLanguage":"fr-FR","@id":"https:\/\/schweizversand.ch\/fr\/produkt\/hudora-slam-it-basketball-set-3-teilig\/#primaryimage","url":"https:\/\/schweizversand.ch\/wp-content\/uploads\/2026\/02\/5471467509.jpg","contentUrl":"https:\/\/schweizversand.ch\/wp-content\/uploads\/2026\/02\/5471467509.jpg","width":1018,"height":1024},{"@type":"BreadcrumbList","@id":"https:\/\/schweizversand.ch\/fr\/produkt\/hudora-slam-it-basketball-set-3-teilig\/#breadcrumb","itemListElement":[{"@type":"ListItem","position":1,"name":"Startseite","item":"https:\/\/schweizversand.ch\/fr\/home\/"},{"@type":"ListItem","position":2,"name":"Boutique","item":"https:\/\/schweizversand.ch\/fr\/boutique\/"},{"@type":"ListItem","position":3,"name":"Sports","item":"https:\/\/schweizversand.ch\/fr\/produkt-kategorie\/sports\/"},{"@type":"ListItem","position":4,"name":"sports de balle et fl\u00e9chettes","item":"https:\/\/schweizversand.ch\/fr\/produkt-kategorie\/sports\/sports-de-balle-et-flechettes\/"},{"@type":"ListItem","position":5,"name":"Basketball","item":"https:\/\/schweizversand.ch\/fr\/produkt-kategorie\/sports\/sports-de-balle-et-flechettes\/basketball\/"},{"@type":"ListItem","position":6,"name":"Ensemble de basketball Hudora Slam it, 3 pi\u00e8ces"}]},{"@type":"WebSite","@id":"https:\/\/schweizversand.ch\/fr\/#website","url":"https:\/\/schweizversand.ch\/fr\/","name":"Schweizer Shop f\u00fcr Sport, Spiel und Freizeit","description":"Gratisversand ab 50.- (netto), ab eigenem schweizer Lager, Lieferung innert 48h","publisher":{"@id":"https:\/\/schweizversand.ch\/fr\/#organization"},"alternateName":"Schweizversand.ch","potentialAction":[{"@type":"SearchAction","target":{"@type":"EntryPoint","urlTemplate":"https:\/\/schweizversand.ch\/fr\/?s={search_term_string}"},"query-input":{"@type":"PropertyValueSpecification","valueRequired":true,"valueName":"search_term_string"}}],"inLanguage":"fr-FR"},{"@type":"Organization","@id":"https:\/\/schweizversand.ch\/fr\/#organization","name":"Schweizversand.ch","url":"https:\/\/schweizversand.ch\/fr\/","logo":{"@type":"ImageObject","inLanguage":"fr-FR","@id":"https:\/\/schweizversand.ch\/fr\/#\/schema\/logo\/image\/","url":"https:\/\/schweizversand.ch\/wp-content\/uploads\/2026\/03\/Logo_Rund_Final-1.png","contentUrl":"https:\/\/schweizversand.ch\/wp-content\/uploads\/2026\/03\/Logo_Rund_Final-1.png","width":404,"height":404,"caption":"Schweizversand.ch"},"image":{"@id":"https:\/\/schweizversand.ch\/fr\/#\/schema\/logo\/image\/"},"sameAs":["https:\/\/www.facebook.com\/Schweizversand","https:\/\/www.instagram.com\/schweizversand.ch\/"]}]}},"jetpack_sharing_enabled":true,"_links":{"self":[{"href":"https:\/\/schweizversand.ch\/fr\/wp-json\/wp\/v2\/product\/267722","targetHints":{"allow":["GET"]}}],"collection":[{"href":"https:\/\/schweizversand.ch\/fr\/wp-json\/wp\/v2\/product"}],"about":[{"href":"https:\/\/schweizversand.ch\/fr\/wp-json\/wp\/v2\/types\/product"}],"replies":[{"embeddable":true,"href":"https:\/\/schweizversand.ch\/fr\/wp-json\/wp\/v2\/comments?post=267722"}],"wp:featuredmedia":[{"embeddable":true,"href":"https:\/\/schweizversand.ch\/fr\/wp-json\/wp\/v2\/media\/165633"}],"wp:attachment":[{"href":"https:\/\/schweizversand.ch\/fr\/wp-json\/wp\/v2\/media?parent=267722"}],"wp:term":[{"taxonomy":"product_brand","embeddable":true,"href":"https:\/\/schweizversand.ch\/fr\/wp-json\/wp\/v2\/product_brand?post=267722"},{"taxonomy":"product_cat","embeddable":true,"href":"https:\/\/schweizversand.ch\/fr\/wp-json\/wp\/v2\/product_cat?post=267722"},{"taxonomy":"product_tag","embeddable":true,"href":"https:\/\/schweizversand.ch\/fr\/wp-json\/wp\/v2\/product_tag?post=267722"}],"curies":[{"name":"wp","href":"https:\/\/api.w.org\/{rel}","templated":true}]}}