{"id":267723,"date":"2026-04-18T15:31:02","date_gmt":"2026-04-18T13:31:02","guid":{"rendered":"https:\/\/schweizversand.ch\/produkt\/hudora-start-basketballstaender-205\/"},"modified":"2026-04-20T02:04:28","modified_gmt":"2026-04-20T00:04:28","slug":"hudora-start-basketballstaender-205","status":"publish","type":"product","link":"https:\/\/schweizversand.ch\/fr\/produkt\/hudora-start-basketballstaender-205\/","title":{"rendered":"Support de basket-ball Hudora Start 205"},"content":{"rendered":"<h1><strong>Panier de basket portable r\u00e9glable en hauteur<\/strong><\/h1>\n<div>Vivez des heures de plaisir au basket, o\u00f9 que vous soyez. Ce panier de basket portable offre une combinaison parfaite de stabilit\u00e9, de flexibilit\u00e9 et d&rsquo;adaptabilit\u00e9, ce qui le rend id\u00e9al pour une utilisation dans le jardin. Gr\u00e2ce \u00e0 son r\u00e9glage facile en hauteur, ce syst\u00e8me de basket est portable et \u00e9volue avec les joueurs.<\/p>\n<\/div>\n<div><strong>R\u00e9glage en hauteur polyvalent<\/strong><br \/>Le panier de basket r\u00e9glable en hauteur s&rsquo;adapte sans effort aux besoins des joueurs de tous \u00e2ges. Le syst\u00e8me permet un r\u00e9glage en hauteur de 165 cm \u00e0 205 cm, ce qui le rend id\u00e9al aussi bien pour les petits enfants que pour les adolescents et les adultes ambitieux. Construction robuste et durable\u00a0: ce panier de basket d&rsquo;ext\u00e9rieur est con\u00e7u pour une utilisation permanente en ext\u00e9rieur. Le panneau (70 x 45 cm) est en plastique r\u00e9sistant aux intemp\u00e9ries. Le panier de basket mobile de jardin, dot\u00e9 d&rsquo;un anneau m\u00e9tallique robuste (40 cm de diam\u00e8tre, 1,6 cm d&rsquo;\u00e9paisseur) avec rev\u00eatement en poudre et d&rsquo;un filet en polyester r\u00e9sistant de 53 cm de long, est con\u00e7u pour supporter tous les niveaux de jeu. Stabilit\u00e9 et mobilit\u00e9 garanties. Sa base en poly\u00e9thyl\u00e8ne (PE) robuste peut \u00eatre remplie jusqu&rsquo;\u00e0 30 litres d&rsquo;eau ou de sable pour un ancrage optimal. Gr\u00e2ce \u00e0 ses deux roues int\u00e9gr\u00e9es, le panier se d\u00e9place facilement. Caract\u00e9ristiques principales : &#8211; Hauteur r\u00e9glable : de 165 cm \u00e0 205 cm &#8211; Dimensions du panneau : 70 x 45 cm &#8211; Diam\u00e8tre de l&rsquo;anneau : 40 cm (1,6 cm d&rsquo;\u00e9paisseur) &#8211; Mat\u00e9riau du filet : Polyester r\u00e9sistant (53 cm) &#8211; Volume de remplissage de la base : Jusqu&rsquo;\u00e0 30 litres (eau ou sable) &#8211; Poteau : Acier, 42-45 mm de diam\u00e8tre. Ce panier de basket polyvalent et r\u00e9glable en hauteur vous permettra de jouer au basket en toute libert\u00e9 dans votre jardin. Un investissement id\u00e9al pour l&rsquo;entra\u00eenement et les loisirs.<\/p>\n","protected":false},"excerpt":{"rendered":"<p>Hudora Start Basketballst\u00e4nder 205 bietet flexible H\u00f6henverstellung von 165\u2013205 cm, robuste Konstruktion und transportablen Basketballspa\u00df f\u00fcr alle Altersgruppen \u2013 jederzeit, \u00fcberall.<\/p>\n","protected":false},"featured_media":47408,"comment_status":"open","ping_status":"closed","template":"","meta":[],"product_brand":[],"product_cat":[39217],"product_tag":[],"class_list":{"0":"post-267723","1":"product","2":"type-product","3":"status-publish","4":"has-post-thumbnail","6":"product_cat-basketball","7":"product_shipping_class-global_methods","9":"first","10":"instock","11":"taxable","12":"shipping-taxable","13":"purchasable","14":"product-type-simple"},"yoast_head":"<!-- This site is optimized with the Yoast SEO plugin v27.4 - https:\/\/yoast.com\/product\/yoast-seo-wordpress\/ -->\n<title>Hudora Start Basketballst\u00e4nder 205<\/title>\n<meta name=\"description\" content=\"Transportabler Basketballst\u00e4nder mit H\u00f6henverstellung Erleben Sie grenzenlosen Basketballspass, egal wo Sie sind. Dieser transportable Basketballst\u00e4nder bietet\" \/>\n<meta name=\"robots\" content=\"index, follow, max-snippet:-1, max-image-preview:large, max-video-preview:-1\" \/>\n<link rel=\"canonical\" href=\"https:\/\/schweizversand.ch\/fr\/produkt\/hudora-start-basketballstaender-205\/\" \/>\n<meta property=\"og:locale\" content=\"fr_FR\" \/>\n<meta property=\"og:type\" content=\"article\" \/>\n<meta property=\"og:title\" content=\"Hudora Start Basketballst\u00e4nder 205\" \/>\n<meta property=\"og:description\" content=\"Transportabler Basketballst\u00e4nder mit H\u00f6henverstellung Erleben Sie grenzenlosen Basketballspass, egal wo Sie sind. Dieser transportable Basketballst\u00e4nder bietet\" \/>\n<meta property=\"og:url\" content=\"https:\/\/schweizversand.ch\/fr\/produkt\/hudora-start-basketballstaender-205\/\" \/>\n<meta property=\"og:site_name\" content=\"Schweizer Shop f\u00fcr Sport, Spiel und Freizeit\" \/>\n<meta property=\"article:publisher\" content=\"https:\/\/www.facebook.com\/Schweizversand\" \/>\n<meta property=\"article:modified_time\" content=\"2026-04-20T00:04:28+00:00\" \/>\n<meta property=\"og:image\" content=\"https:\/\/schweizversand.ch\/wp-content\/uploads\/2026\/01\/5471779119.jpg\" \/>\n\t<meta property=\"og:image:width\" content=\"447\" \/>\n\t<meta property=\"og:image:height\" content=\"1024\" \/>\n\t<meta property=\"og:image:type\" content=\"image\/jpeg\" \/>\n<meta name=\"twitter:card\" content=\"summary_large_image\" \/>\n<meta name=\"twitter:label1\" content=\"Dur\u00e9e de lecture estim\u00e9e\" \/>\n\t<meta name=\"twitter:data1\" content=\"2 minutes\" \/>\n<script type=\"application\/ld+json\" class=\"yoast-schema-graph\">{\"@context\":\"https:\\\/\\\/schema.org\",\"@graph\":[{\"@type\":\"WebPage\",\"@id\":\"https:\\\/\\\/schweizversand.ch\\\/fr\\\/produkt\\\/hudora-start-basketballstaender-205\\\/\",\"url\":\"https:\\\/\\\/schweizversand.ch\\\/fr\\\/produkt\\\/hudora-start-basketballstaender-205\\\/\",\"name\":\"Hudora Start Basketballst\u00e4nder 205\",\"isPartOf\":{\"@id\":\"https:\\\/\\\/schweizversand.ch\\\/fr\\\/#website\"},\"primaryImageOfPage\":{\"@id\":\"https:\\\/\\\/schweizversand.ch\\\/fr\\\/produkt\\\/hudora-start-basketballstaender-205\\\/#primaryimage\"},\"image\":{\"@id\":\"https:\\\/\\\/schweizversand.ch\\\/fr\\\/produkt\\\/hudora-start-basketballstaender-205\\\/#primaryimage\"},\"thumbnailUrl\":\"https:\\\/\\\/schweizversand.ch\\\/wp-content\\\/uploads\\\/2026\\\/01\\\/5471779119.jpg\",\"datePublished\":\"2026-04-18T13:31:02+00:00\",\"dateModified\":\"2026-04-20T00:04:28+00:00\",\"description\":\"Transportabler Basketballst\u00e4nder mit H\u00f6henverstellung Erleben Sie grenzenlosen Basketballspass, egal wo Sie sind. Dieser transportable Basketballst\u00e4nder bietet\",\"breadcrumb\":{\"@id\":\"https:\\\/\\\/schweizversand.ch\\\/fr\\\/produkt\\\/hudora-start-basketballstaender-205\\\/#breadcrumb\"},\"inLanguage\":\"fr-FR\",\"potentialAction\":[{\"@type\":\"ReadAction\",\"target\":[\"https:\\\/\\\/schweizversand.ch\\\/fr\\\/produkt\\\/hudora-start-basketballstaender-205\\\/\"]}]},{\"@type\":\"ImageObject\",\"inLanguage\":\"fr-FR\",\"@id\":\"https:\\\/\\\/schweizversand.ch\\\/fr\\\/produkt\\\/hudora-start-basketballstaender-205\\\/#primaryimage\",\"url\":\"https:\\\/\\\/schweizversand.ch\\\/wp-content\\\/uploads\\\/2026\\\/01\\\/5471779119.jpg\",\"contentUrl\":\"https:\\\/\\\/schweizversand.ch\\\/wp-content\\\/uploads\\\/2026\\\/01\\\/5471779119.jpg\",\"width\":447,\"height\":1024},{\"@type\":\"BreadcrumbList\",\"@id\":\"https:\\\/\\\/schweizversand.ch\\\/fr\\\/produkt\\\/hudora-start-basketballstaender-205\\\/#breadcrumb\",\"itemListElement\":[{\"@type\":\"ListItem\",\"position\":1,\"name\":\"Startseite\",\"item\":\"https:\\\/\\\/schweizversand.ch\\\/fr\\\/home\\\/\"},{\"@type\":\"ListItem\",\"position\":2,\"name\":\"Boutique\",\"item\":\"https:\\\/\\\/schweizversand.ch\\\/fr\\\/boutique\\\/\"},{\"@type\":\"ListItem\",\"position\":3,\"name\":\"Sports\",\"item\":\"https:\\\/\\\/schweizversand.ch\\\/fr\\\/produkt-kategorie\\\/sports\\\/\"},{\"@type\":\"ListItem\",\"position\":4,\"name\":\"sports de balle et fl\u00e9chettes\",\"item\":\"https:\\\/\\\/schweizversand.ch\\\/fr\\\/produkt-kategorie\\\/sports\\\/sports-de-balle-et-flechettes\\\/\"},{\"@type\":\"ListItem\",\"position\":5,\"name\":\"Basketball\",\"item\":\"https:\\\/\\\/schweizversand.ch\\\/fr\\\/produkt-kategorie\\\/sports\\\/sports-de-balle-et-flechettes\\\/basketball\\\/\"},{\"@type\":\"ListItem\",\"position\":6,\"name\":\"Support de basket-ball Hudora Start 205\"}]},{\"@type\":\"WebSite\",\"@id\":\"https:\\\/\\\/schweizversand.ch\\\/fr\\\/#website\",\"url\":\"https:\\\/\\\/schweizversand.ch\\\/fr\\\/\",\"name\":\"Schweizer Shop f\u00fcr Sport, Spiel und Freizeit\",\"description\":\"Gratisversand ab 50.- (netto), ab eigenem schweizer Lager, Lieferung innert 48h\",\"publisher\":{\"@id\":\"https:\\\/\\\/schweizversand.ch\\\/fr\\\/#organization\"},\"alternateName\":\"Schweizversand.ch\",\"potentialAction\":[{\"@type\":\"SearchAction\",\"target\":{\"@type\":\"EntryPoint\",\"urlTemplate\":\"https:\\\/\\\/schweizversand.ch\\\/fr\\\/?s={search_term_string}\"},\"query-input\":{\"@type\":\"PropertyValueSpecification\",\"valueRequired\":true,\"valueName\":\"search_term_string\"}}],\"inLanguage\":\"fr-FR\"},{\"@type\":\"Organization\",\"@id\":\"https:\\\/\\\/schweizversand.ch\\\/fr\\\/#organization\",\"name\":\"Schweizversand.ch\",\"url\":\"https:\\\/\\\/schweizversand.ch\\\/fr\\\/\",\"logo\":{\"@type\":\"ImageObject\",\"inLanguage\":\"fr-FR\",\"@id\":\"https:\\\/\\\/schweizversand.ch\\\/fr\\\/#\\\/schema\\\/logo\\\/image\\\/\",\"url\":\"https:\\\/\\\/schweizversand.ch\\\/wp-content\\\/uploads\\\/2026\\\/03\\\/Logo_Rund_Final-1.png\",\"contentUrl\":\"https:\\\/\\\/schweizversand.ch\\\/wp-content\\\/uploads\\\/2026\\\/03\\\/Logo_Rund_Final-1.png\",\"width\":404,\"height\":404,\"caption\":\"Schweizversand.ch\"},\"image\":{\"@id\":\"https:\\\/\\\/schweizversand.ch\\\/fr\\\/#\\\/schema\\\/logo\\\/image\\\/\"},\"sameAs\":[\"https:\\\/\\\/www.facebook.com\\\/Schweizversand\",\"https:\\\/\\\/www.instagram.com\\\/schweizversand.ch\\\/\"]}]}<\/script>\n<!-- \/ Yoast SEO plugin. -->","yoast_head_json":{"title":"Hudora Start Basketballst\u00e4nder 205","description":"Transportabler Basketballst\u00e4nder mit H\u00f6henverstellung Erleben Sie grenzenlosen Basketballspass, egal wo Sie sind. Dieser transportable Basketballst\u00e4nder bietet","robots":{"index":"index","follow":"follow","max-snippet":"max-snippet:-1","max-image-preview":"max-image-preview:large","max-video-preview":"max-video-preview:-1"},"canonical":"https:\/\/schweizversand.ch\/fr\/produkt\/hudora-start-basketballstaender-205\/","og_locale":"fr_FR","og_type":"article","og_title":"Hudora Start Basketballst\u00e4nder 205","og_description":"Transportabler Basketballst\u00e4nder mit H\u00f6henverstellung Erleben Sie grenzenlosen Basketballspass, egal wo Sie sind. Dieser transportable Basketballst\u00e4nder bietet","og_url":"https:\/\/schweizversand.ch\/fr\/produkt\/hudora-start-basketballstaender-205\/","og_site_name":"Schweizer Shop f\u00fcr Sport, Spiel und Freizeit","article_publisher":"https:\/\/www.facebook.com\/Schweizversand","article_modified_time":"2026-04-20T00:04:28+00:00","og_image":[{"width":447,"height":1024,"url":"https:\/\/schweizversand.ch\/wp-content\/uploads\/2026\/01\/5471779119.jpg","type":"image\/jpeg"}],"twitter_card":"summary_large_image","twitter_misc":{"Dur\u00e9e de lecture estim\u00e9e":"2 minutes"},"schema":{"@context":"https:\/\/schema.org","@graph":[{"@type":"WebPage","@id":"https:\/\/schweizversand.ch\/fr\/produkt\/hudora-start-basketballstaender-205\/","url":"https:\/\/schweizversand.ch\/fr\/produkt\/hudora-start-basketballstaender-205\/","name":"Hudora Start Basketballst\u00e4nder 205","isPartOf":{"@id":"https:\/\/schweizversand.ch\/fr\/#website"},"primaryImageOfPage":{"@id":"https:\/\/schweizversand.ch\/fr\/produkt\/hudora-start-basketballstaender-205\/#primaryimage"},"image":{"@id":"https:\/\/schweizversand.ch\/fr\/produkt\/hudora-start-basketballstaender-205\/#primaryimage"},"thumbnailUrl":"https:\/\/schweizversand.ch\/wp-content\/uploads\/2026\/01\/5471779119.jpg","datePublished":"2026-04-18T13:31:02+00:00","dateModified":"2026-04-20T00:04:28+00:00","description":"Transportabler Basketballst\u00e4nder mit H\u00f6henverstellung Erleben Sie grenzenlosen Basketballspass, egal wo Sie sind. Dieser transportable Basketballst\u00e4nder bietet","breadcrumb":{"@id":"https:\/\/schweizversand.ch\/fr\/produkt\/hudora-start-basketballstaender-205\/#breadcrumb"},"inLanguage":"fr-FR","potentialAction":[{"@type":"ReadAction","target":["https:\/\/schweizversand.ch\/fr\/produkt\/hudora-start-basketballstaender-205\/"]}]},{"@type":"ImageObject","inLanguage":"fr-FR","@id":"https:\/\/schweizversand.ch\/fr\/produkt\/hudora-start-basketballstaender-205\/#primaryimage","url":"https:\/\/schweizversand.ch\/wp-content\/uploads\/2026\/01\/5471779119.jpg","contentUrl":"https:\/\/schweizversand.ch\/wp-content\/uploads\/2026\/01\/5471779119.jpg","width":447,"height":1024},{"@type":"BreadcrumbList","@id":"https:\/\/schweizversand.ch\/fr\/produkt\/hudora-start-basketballstaender-205\/#breadcrumb","itemListElement":[{"@type":"ListItem","position":1,"name":"Startseite","item":"https:\/\/schweizversand.ch\/fr\/home\/"},{"@type":"ListItem","position":2,"name":"Boutique","item":"https:\/\/schweizversand.ch\/fr\/boutique\/"},{"@type":"ListItem","position":3,"name":"Sports","item":"https:\/\/schweizversand.ch\/fr\/produkt-kategorie\/sports\/"},{"@type":"ListItem","position":4,"name":"sports de balle et fl\u00e9chettes","item":"https:\/\/schweizversand.ch\/fr\/produkt-kategorie\/sports\/sports-de-balle-et-flechettes\/"},{"@type":"ListItem","position":5,"name":"Basketball","item":"https:\/\/schweizversand.ch\/fr\/produkt-kategorie\/sports\/sports-de-balle-et-flechettes\/basketball\/"},{"@type":"ListItem","position":6,"name":"Support de basket-ball Hudora Start 205"}]},{"@type":"WebSite","@id":"https:\/\/schweizversand.ch\/fr\/#website","url":"https:\/\/schweizversand.ch\/fr\/","name":"Schweizer Shop f\u00fcr Sport, Spiel und Freizeit","description":"Gratisversand ab 50.- (netto), ab eigenem schweizer Lager, Lieferung innert 48h","publisher":{"@id":"https:\/\/schweizversand.ch\/fr\/#organization"},"alternateName":"Schweizversand.ch","potentialAction":[{"@type":"SearchAction","target":{"@type":"EntryPoint","urlTemplate":"https:\/\/schweizversand.ch\/fr\/?s={search_term_string}"},"query-input":{"@type":"PropertyValueSpecification","valueRequired":true,"valueName":"search_term_string"}}],"inLanguage":"fr-FR"},{"@type":"Organization","@id":"https:\/\/schweizversand.ch\/fr\/#organization","name":"Schweizversand.ch","url":"https:\/\/schweizversand.ch\/fr\/","logo":{"@type":"ImageObject","inLanguage":"fr-FR","@id":"https:\/\/schweizversand.ch\/fr\/#\/schema\/logo\/image\/","url":"https:\/\/schweizversand.ch\/wp-content\/uploads\/2026\/03\/Logo_Rund_Final-1.png","contentUrl":"https:\/\/schweizversand.ch\/wp-content\/uploads\/2026\/03\/Logo_Rund_Final-1.png","width":404,"height":404,"caption":"Schweizversand.ch"},"image":{"@id":"https:\/\/schweizversand.ch\/fr\/#\/schema\/logo\/image\/"},"sameAs":["https:\/\/www.facebook.com\/Schweizversand","https:\/\/www.instagram.com\/schweizversand.ch\/"]}]}},"jetpack_sharing_enabled":true,"_links":{"self":[{"href":"https:\/\/schweizversand.ch\/fr\/wp-json\/wp\/v2\/product\/267723","targetHints":{"allow":["GET"]}}],"collection":[{"href":"https:\/\/schweizversand.ch\/fr\/wp-json\/wp\/v2\/product"}],"about":[{"href":"https:\/\/schweizversand.ch\/fr\/wp-json\/wp\/v2\/types\/product"}],"replies":[{"embeddable":true,"href":"https:\/\/schweizversand.ch\/fr\/wp-json\/wp\/v2\/comments?post=267723"}],"wp:featuredmedia":[{"embeddable":true,"href":"https:\/\/schweizversand.ch\/fr\/wp-json\/wp\/v2\/media\/47408"}],"wp:attachment":[{"href":"https:\/\/schweizversand.ch\/fr\/wp-json\/wp\/v2\/media?parent=267723"}],"wp:term":[{"taxonomy":"product_brand","embeddable":true,"href":"https:\/\/schweizversand.ch\/fr\/wp-json\/wp\/v2\/product_brand?post=267723"},{"taxonomy":"product_cat","embeddable":true,"href":"https:\/\/schweizversand.ch\/fr\/wp-json\/wp\/v2\/product_cat?post=267723"},{"taxonomy":"product_tag","embeddable":true,"href":"https:\/\/schweizversand.ch\/fr\/wp-json\/wp\/v2\/product_tag?post=267723"}],"curies":[{"name":"wp","href":"https:\/\/api.w.org\/{rel}","templated":true}]}}