{"id":267724,"date":"2026-04-18T15:31:03","date_gmt":"2026-04-18T13:31:03","guid":{"rendered":"https:\/\/schweizversand.ch\/produkt\/hudora-fantastic-trampolin-300v\/"},"modified":"2026-04-19T02:05:26","modified_gmt":"2026-04-19T00:05:26","slug":"hudora-fantastic-trampolin-300v","status":"publish","type":"product","link":"https:\/\/schweizversand.ch\/fr\/produkt\/hudora-fantastic-trampolin-300v\/","title":{"rendered":"Trampoline Hudora Fantastic 300V"},"content":{"rendered":"<h1><strong>HUDORA Fantastic Trampoline<\/strong><\/h1>\n<div>D\u00e9couvrez le <strong>HUDORA Fantastic Trampoline<\/strong> et amusez-vous sans limites dans votre jardin. Ce <strong>trampoline de jardin<\/strong> allie un design innovant \u00e0 une fonctionnalit\u00e9 maximale et offre une exp\u00e9rience de saut \u00e9l\u00e9gante et s\u00e9curis\u00e9e pour toute la famille.<\/p>\n<\/div>\n<div><strong>S\u00e9curit\u00e9 et design innovant<\/strong><br \/>Le <strong>trampoline avec filet de s\u00e9curit\u00e9<\/strong> offre un double avantage\u00a0: la grande distance entre les poteaux maximise la s\u00e9curit\u00e9, tandis que le filet plac\u00e9 au centre cr\u00e9e une surface de saut extr\u00eamement spacieuse. Cela fait du <strong>grand trampoline<\/strong> le choix id\u00e9al pour des heures d&rsquo;activit\u00e9 en plein air.<\/p>\n<\/div>\n<div><strong>Qualit\u00e9 de saut et durabilit\u00e9 optimales<\/strong><br \/>Le tapis de saut de haute qualit\u00e9, fabriqu\u00e9 en tissu r\u00e9sistant et maintenu par 60 ressorts de qualit\u00e9, garantit une excellente <strong>acc\u00e9l\u00e9ration de saut<\/strong>. Le rembourrage de bord extra-large et \u00e9pais, en b\u00e2che renforc\u00e9e de nylon ind\u00e9chirable, assure une protection suppl\u00e9mentaire et une longue dur\u00e9e de vie \u00e0 votre trampoline d&rsquo;ext\u00e9rieur. Les doubles pieds robustes garantissent une stabilit\u00e9 optimale en toutes circonstances. D\u00e9tails du produit et compatibilit\u00e9\u00a0: Le trampoline HUDORA, d&rsquo;une capacit\u00e9 de charge maximale de 100\u00a0kg, convient aussi bien aux adultes qu&rsquo;aux adolescents et aux enfants. Veuillez noter que ce produit est exclusivement destin\u00e9 \u00e0 un usage ext\u00e9rieur et \u00e0 une utilisation par une seule personne.<\/p>\n<\/div>\n<div><strong>Caract\u00e9ristiques techniques<\/strong><br \/>&#8211; Dimensions assembl\u00e9es (L x l x H en cm)\u00a0: 340 x 340 x 252<br \/>&#8211; Diam\u00e8tre (cm)\u00a0: 300<br \/>&#8211; Couleur\u00a0: Rouge<br \/>&#8211; Nombre de pieds\u00a0: 3<br \/>&#8211; Nombre de ressorts\u00a0: 60<br \/>&#8211; Hauteur du cadre (cm)\u00a0: 70<br \/>&#8211; Mat\u00e9riau\u00a0: Acier<br \/>&#8211; Utilisation\u00a0: Ext\u00e9rieure<br \/>&#8211; Max. Poids de l&rsquo;utilisateur (kg)\u00a0: 100<\/p>\n<\/div>\n<div><strong>Contenu de la livraison<\/strong><br \/>&#8211; Le <strong>trampoline HUDORA Fantastic<\/strong> est livr\u00e9 en 2 colis.<br \/>&#8211; Colis 1\u00a0: 169 x 37 x 21 cm \/ 27,8 kg<br \/>&#8211; Colis 2\u00a0: 160 x 37 x 16 cm \/ 30,2 kg<\/p>\n<\/div>\n<div>Procurez-vous le <strong>trampoline HUDORA Fantastic<\/strong> d\u00e8s maintenant et r\u00e9alisez votre r\u00eave de sauts inoubliables\u00a0! En quelques clics, vous profiterez de moments de saut exceptionnels dans votre jardin\u00a0!<\/p>\n<\/div>\n<div><\/div>\n","protected":false},"excerpt":{"rendered":"<p>Hudora Fantastic Trampolin 300V bietet h\u00f6chste Sicherheit, extra gro\u00dfe Sprungfl\u00e4che und langlebige Qualit\u00e4t f\u00fcr grenzenlosen Familienspa\u00df im Garten.<\/p>\n","protected":false},"featured_media":165657,"comment_status":"open","ping_status":"closed","template":"","meta":[],"product_brand":[],"product_cat":[38526],"product_tag":[],"class_list":{"0":"post-267724","1":"product","2":"type-product","3":"status-publish","4":"has-post-thumbnail","6":"product_cat-gartenspielgeraete","7":"product_shipping_class-global_methods","9":"first","10":"instock","11":"taxable","12":"shipping-taxable","13":"purchasable","14":"product-type-simple"},"yoast_head":"<!-- This site is optimized with the Yoast SEO plugin v27.4 - https:\/\/yoast.com\/product\/yoast-seo-wordpress\/ -->\n<title>Hudora Fantastic Trampolin 300V<\/title>\n<meta name=\"description\" content=\"HUDORA Fantastic Trampolin Entdecken Sie das HUDORA Fantastic Trampolin und erleben Sie grenzenlosen Spass im eigenen Garten. Dieses Gartentrampolin vereint inn\" \/>\n<meta name=\"robots\" content=\"index, follow, max-snippet:-1, max-image-preview:large, max-video-preview:-1\" \/>\n<link rel=\"canonical\" href=\"https:\/\/schweizversand.ch\/fr\/produkt\/hudora-fantastic-trampolin-300v\/\" \/>\n<meta property=\"og:locale\" content=\"fr_FR\" \/>\n<meta property=\"og:type\" content=\"article\" \/>\n<meta property=\"og:title\" content=\"Hudora Fantastic Trampolin 300V\" \/>\n<meta property=\"og:description\" content=\"HUDORA Fantastic Trampolin Entdecken Sie das HUDORA Fantastic Trampolin und erleben Sie grenzenlosen Spass im eigenen Garten. Dieses Gartentrampolin vereint inn\" \/>\n<meta property=\"og:url\" content=\"https:\/\/schweizversand.ch\/fr\/produkt\/hudora-fantastic-trampolin-300v\/\" \/>\n<meta property=\"og:site_name\" content=\"Schweizer Shop f\u00fcr Sport, Spiel und Freizeit\" \/>\n<meta property=\"article:publisher\" content=\"https:\/\/www.facebook.com\/Schweizversand\" \/>\n<meta property=\"article:modified_time\" content=\"2026-04-19T00:05:26+00:00\" \/>\n<meta property=\"og:image\" content=\"https:\/\/schweizversand.ch\/wp-content\/uploads\/2026\/02\/5471487085.jpg\" \/>\n\t<meta property=\"og:image:width\" content=\"1024\" \/>\n\t<meta property=\"og:image:height\" content=\"985\" \/>\n\t<meta property=\"og:image:type\" content=\"image\/jpeg\" \/>\n<meta name=\"twitter:card\" content=\"summary_large_image\" \/>\n<meta name=\"twitter:label1\" content=\"Dur\u00e9e de lecture estim\u00e9e\" \/>\n\t<meta name=\"twitter:data1\" content=\"2 minutes\" \/>\n<script type=\"application\/ld+json\" class=\"yoast-schema-graph\">{\"@context\":\"https:\\\/\\\/schema.org\",\"@graph\":[{\"@type\":\"WebPage\",\"@id\":\"https:\\\/\\\/schweizversand.ch\\\/fr\\\/produkt\\\/hudora-fantastic-trampolin-300v\\\/\",\"url\":\"https:\\\/\\\/schweizversand.ch\\\/fr\\\/produkt\\\/hudora-fantastic-trampolin-300v\\\/\",\"name\":\"Hudora Fantastic Trampolin 300V\",\"isPartOf\":{\"@id\":\"https:\\\/\\\/schweizversand.ch\\\/fr\\\/#website\"},\"primaryImageOfPage\":{\"@id\":\"https:\\\/\\\/schweizversand.ch\\\/fr\\\/produkt\\\/hudora-fantastic-trampolin-300v\\\/#primaryimage\"},\"image\":{\"@id\":\"https:\\\/\\\/schweizversand.ch\\\/fr\\\/produkt\\\/hudora-fantastic-trampolin-300v\\\/#primaryimage\"},\"thumbnailUrl\":\"https:\\\/\\\/schweizversand.ch\\\/wp-content\\\/uploads\\\/2026\\\/02\\\/5471487085.jpg\",\"datePublished\":\"2026-04-18T13:31:03+00:00\",\"dateModified\":\"2026-04-19T00:05:26+00:00\",\"description\":\"HUDORA Fantastic Trampolin Entdecken Sie das HUDORA Fantastic Trampolin und erleben Sie grenzenlosen Spass im eigenen Garten. Dieses Gartentrampolin vereint inn\",\"breadcrumb\":{\"@id\":\"https:\\\/\\\/schweizversand.ch\\\/fr\\\/produkt\\\/hudora-fantastic-trampolin-300v\\\/#breadcrumb\"},\"inLanguage\":\"fr-FR\",\"potentialAction\":[{\"@type\":\"ReadAction\",\"target\":[\"https:\\\/\\\/schweizversand.ch\\\/fr\\\/produkt\\\/hudora-fantastic-trampolin-300v\\\/\"]}]},{\"@type\":\"ImageObject\",\"inLanguage\":\"fr-FR\",\"@id\":\"https:\\\/\\\/schweizversand.ch\\\/fr\\\/produkt\\\/hudora-fantastic-trampolin-300v\\\/#primaryimage\",\"url\":\"https:\\\/\\\/schweizversand.ch\\\/wp-content\\\/uploads\\\/2026\\\/02\\\/5471487085.jpg\",\"contentUrl\":\"https:\\\/\\\/schweizversand.ch\\\/wp-content\\\/uploads\\\/2026\\\/02\\\/5471487085.jpg\",\"width\":1024,\"height\":985},{\"@type\":\"BreadcrumbList\",\"@id\":\"https:\\\/\\\/schweizversand.ch\\\/fr\\\/produkt\\\/hudora-fantastic-trampolin-300v\\\/#breadcrumb\",\"itemListElement\":[{\"@type\":\"ListItem\",\"position\":1,\"name\":\"Startseite\",\"item\":\"https:\\\/\\\/schweizversand.ch\\\/fr\\\/home\\\/\"},{\"@type\":\"ListItem\",\"position\":2,\"name\":\"Boutique\",\"item\":\"https:\\\/\\\/schweizversand.ch\\\/fr\\\/boutique\\\/\"},{\"@type\":\"ListItem\",\"position\":3,\"name\":\"Jouets et jeux\",\"item\":\"https:\\\/\\\/schweizversand.ch\\\/fr\\\/produkt-kategorie\\\/jouets-et-jeux\\\/\"},{\"@type\":\"ListItem\",\"position\":4,\"name\":\"Jeux d'ext\u00e9rieur\",\"item\":\"https:\\\/\\\/schweizversand.ch\\\/fr\\\/produkt-kategorie\\\/jouets-et-jeux\\\/jeux-dexterieur\\\/\"},{\"@type\":\"ListItem\",\"position\":5,\"name\":\"\u00c9quipement de jeux de jardin\",\"item\":\"https:\\\/\\\/schweizversand.ch\\\/fr\\\/produkt-kategorie\\\/jouets-et-jeux\\\/jeux-dexterieur\\\/gartenspielgeraete\\\/\"},{\"@type\":\"ListItem\",\"position\":6,\"name\":\"Trampoline Hudora Fantastic 300V\"}]},{\"@type\":\"WebSite\",\"@id\":\"https:\\\/\\\/schweizversand.ch\\\/fr\\\/#website\",\"url\":\"https:\\\/\\\/schweizversand.ch\\\/fr\\\/\",\"name\":\"Schweizer Shop f\u00fcr Sport, Spiel und Freizeit\",\"description\":\"Gratisversand ab 50.- (netto), ab eigenem schweizer Lager, Lieferung innert 48h\",\"publisher\":{\"@id\":\"https:\\\/\\\/schweizversand.ch\\\/fr\\\/#organization\"},\"alternateName\":\"Schweizversand.ch\",\"potentialAction\":[{\"@type\":\"SearchAction\",\"target\":{\"@type\":\"EntryPoint\",\"urlTemplate\":\"https:\\\/\\\/schweizversand.ch\\\/fr\\\/?s={search_term_string}\"},\"query-input\":{\"@type\":\"PropertyValueSpecification\",\"valueRequired\":true,\"valueName\":\"search_term_string\"}}],\"inLanguage\":\"fr-FR\"},{\"@type\":\"Organization\",\"@id\":\"https:\\\/\\\/schweizversand.ch\\\/fr\\\/#organization\",\"name\":\"Schweizversand.ch\",\"url\":\"https:\\\/\\\/schweizversand.ch\\\/fr\\\/\",\"logo\":{\"@type\":\"ImageObject\",\"inLanguage\":\"fr-FR\",\"@id\":\"https:\\\/\\\/schweizversand.ch\\\/fr\\\/#\\\/schema\\\/logo\\\/image\\\/\",\"url\":\"https:\\\/\\\/schweizversand.ch\\\/wp-content\\\/uploads\\\/2026\\\/03\\\/Logo_Rund_Final-1.png\",\"contentUrl\":\"https:\\\/\\\/schweizversand.ch\\\/wp-content\\\/uploads\\\/2026\\\/03\\\/Logo_Rund_Final-1.png\",\"width\":404,\"height\":404,\"caption\":\"Schweizversand.ch\"},\"image\":{\"@id\":\"https:\\\/\\\/schweizversand.ch\\\/fr\\\/#\\\/schema\\\/logo\\\/image\\\/\"},\"sameAs\":[\"https:\\\/\\\/www.facebook.com\\\/Schweizversand\",\"https:\\\/\\\/www.instagram.com\\\/schweizversand.ch\\\/\"]}]}<\/script>\n<!-- \/ Yoast SEO plugin. -->","yoast_head_json":{"title":"Hudora Fantastic Trampolin 300V","description":"HUDORA Fantastic Trampolin Entdecken Sie das HUDORA Fantastic Trampolin und erleben Sie grenzenlosen Spass im eigenen Garten. Dieses Gartentrampolin vereint inn","robots":{"index":"index","follow":"follow","max-snippet":"max-snippet:-1","max-image-preview":"max-image-preview:large","max-video-preview":"max-video-preview:-1"},"canonical":"https:\/\/schweizversand.ch\/fr\/produkt\/hudora-fantastic-trampolin-300v\/","og_locale":"fr_FR","og_type":"article","og_title":"Hudora Fantastic Trampolin 300V","og_description":"HUDORA Fantastic Trampolin Entdecken Sie das HUDORA Fantastic Trampolin und erleben Sie grenzenlosen Spass im eigenen Garten. Dieses Gartentrampolin vereint inn","og_url":"https:\/\/schweizversand.ch\/fr\/produkt\/hudora-fantastic-trampolin-300v\/","og_site_name":"Schweizer Shop f\u00fcr Sport, Spiel und Freizeit","article_publisher":"https:\/\/www.facebook.com\/Schweizversand","article_modified_time":"2026-04-19T00:05:26+00:00","og_image":[{"width":1024,"height":985,"url":"https:\/\/schweizversand.ch\/wp-content\/uploads\/2026\/02\/5471487085.jpg","type":"image\/jpeg"}],"twitter_card":"summary_large_image","twitter_misc":{"Dur\u00e9e de lecture estim\u00e9e":"2 minutes"},"schema":{"@context":"https:\/\/schema.org","@graph":[{"@type":"WebPage","@id":"https:\/\/schweizversand.ch\/fr\/produkt\/hudora-fantastic-trampolin-300v\/","url":"https:\/\/schweizversand.ch\/fr\/produkt\/hudora-fantastic-trampolin-300v\/","name":"Hudora Fantastic Trampolin 300V","isPartOf":{"@id":"https:\/\/schweizversand.ch\/fr\/#website"},"primaryImageOfPage":{"@id":"https:\/\/schweizversand.ch\/fr\/produkt\/hudora-fantastic-trampolin-300v\/#primaryimage"},"image":{"@id":"https:\/\/schweizversand.ch\/fr\/produkt\/hudora-fantastic-trampolin-300v\/#primaryimage"},"thumbnailUrl":"https:\/\/schweizversand.ch\/wp-content\/uploads\/2026\/02\/5471487085.jpg","datePublished":"2026-04-18T13:31:03+00:00","dateModified":"2026-04-19T00:05:26+00:00","description":"HUDORA Fantastic Trampolin Entdecken Sie das HUDORA Fantastic Trampolin und erleben Sie grenzenlosen Spass im eigenen Garten. Dieses Gartentrampolin vereint inn","breadcrumb":{"@id":"https:\/\/schweizversand.ch\/fr\/produkt\/hudora-fantastic-trampolin-300v\/#breadcrumb"},"inLanguage":"fr-FR","potentialAction":[{"@type":"ReadAction","target":["https:\/\/schweizversand.ch\/fr\/produkt\/hudora-fantastic-trampolin-300v\/"]}]},{"@type":"ImageObject","inLanguage":"fr-FR","@id":"https:\/\/schweizversand.ch\/fr\/produkt\/hudora-fantastic-trampolin-300v\/#primaryimage","url":"https:\/\/schweizversand.ch\/wp-content\/uploads\/2026\/02\/5471487085.jpg","contentUrl":"https:\/\/schweizversand.ch\/wp-content\/uploads\/2026\/02\/5471487085.jpg","width":1024,"height":985},{"@type":"BreadcrumbList","@id":"https:\/\/schweizversand.ch\/fr\/produkt\/hudora-fantastic-trampolin-300v\/#breadcrumb","itemListElement":[{"@type":"ListItem","position":1,"name":"Startseite","item":"https:\/\/schweizversand.ch\/fr\/home\/"},{"@type":"ListItem","position":2,"name":"Boutique","item":"https:\/\/schweizversand.ch\/fr\/boutique\/"},{"@type":"ListItem","position":3,"name":"Jouets et jeux","item":"https:\/\/schweizversand.ch\/fr\/produkt-kategorie\/jouets-et-jeux\/"},{"@type":"ListItem","position":4,"name":"Jeux d'ext\u00e9rieur","item":"https:\/\/schweizversand.ch\/fr\/produkt-kategorie\/jouets-et-jeux\/jeux-dexterieur\/"},{"@type":"ListItem","position":5,"name":"\u00c9quipement de jeux de jardin","item":"https:\/\/schweizversand.ch\/fr\/produkt-kategorie\/jouets-et-jeux\/jeux-dexterieur\/gartenspielgeraete\/"},{"@type":"ListItem","position":6,"name":"Trampoline Hudora Fantastic 300V"}]},{"@type":"WebSite","@id":"https:\/\/schweizversand.ch\/fr\/#website","url":"https:\/\/schweizversand.ch\/fr\/","name":"Schweizer Shop f\u00fcr Sport, Spiel und Freizeit","description":"Gratisversand ab 50.- (netto), ab eigenem schweizer Lager, Lieferung innert 48h","publisher":{"@id":"https:\/\/schweizversand.ch\/fr\/#organization"},"alternateName":"Schweizversand.ch","potentialAction":[{"@type":"SearchAction","target":{"@type":"EntryPoint","urlTemplate":"https:\/\/schweizversand.ch\/fr\/?s={search_term_string}"},"query-input":{"@type":"PropertyValueSpecification","valueRequired":true,"valueName":"search_term_string"}}],"inLanguage":"fr-FR"},{"@type":"Organization","@id":"https:\/\/schweizversand.ch\/fr\/#organization","name":"Schweizversand.ch","url":"https:\/\/schweizversand.ch\/fr\/","logo":{"@type":"ImageObject","inLanguage":"fr-FR","@id":"https:\/\/schweizversand.ch\/fr\/#\/schema\/logo\/image\/","url":"https:\/\/schweizversand.ch\/wp-content\/uploads\/2026\/03\/Logo_Rund_Final-1.png","contentUrl":"https:\/\/schweizversand.ch\/wp-content\/uploads\/2026\/03\/Logo_Rund_Final-1.png","width":404,"height":404,"caption":"Schweizversand.ch"},"image":{"@id":"https:\/\/schweizversand.ch\/fr\/#\/schema\/logo\/image\/"},"sameAs":["https:\/\/www.facebook.com\/Schweizversand","https:\/\/www.instagram.com\/schweizversand.ch\/"]}]}},"jetpack_sharing_enabled":true,"_links":{"self":[{"href":"https:\/\/schweizversand.ch\/fr\/wp-json\/wp\/v2\/product\/267724","targetHints":{"allow":["GET"]}}],"collection":[{"href":"https:\/\/schweizversand.ch\/fr\/wp-json\/wp\/v2\/product"}],"about":[{"href":"https:\/\/schweizversand.ch\/fr\/wp-json\/wp\/v2\/types\/product"}],"replies":[{"embeddable":true,"href":"https:\/\/schweizversand.ch\/fr\/wp-json\/wp\/v2\/comments?post=267724"}],"wp:featuredmedia":[{"embeddable":true,"href":"https:\/\/schweizversand.ch\/fr\/wp-json\/wp\/v2\/media\/165657"}],"wp:attachment":[{"href":"https:\/\/schweizversand.ch\/fr\/wp-json\/wp\/v2\/media?parent=267724"}],"wp:term":[{"taxonomy":"product_brand","embeddable":true,"href":"https:\/\/schweizversand.ch\/fr\/wp-json\/wp\/v2\/product_brand?post=267724"},{"taxonomy":"product_cat","embeddable":true,"href":"https:\/\/schweizversand.ch\/fr\/wp-json\/wp\/v2\/product_cat?post=267724"},{"taxonomy":"product_tag","embeddable":true,"href":"https:\/\/schweizversand.ch\/fr\/wp-json\/wp\/v2\/product_tag?post=267724"}],"curies":[{"name":"wp","href":"https:\/\/api.w.org\/{rel}","templated":true}]}}