{"id":267728,"date":"2026-04-18T15:31:04","date_gmt":"2026-04-18T13:31:04","guid":{"rendered":"https:\/\/schweizversand.ch\/produkt\/hudora-big-wheel-205-advanced-5\/"},"modified":"2026-04-22T15:35:32","modified_gmt":"2026-04-22T13:35:32","slug":"hudora-big-wheel-205-advanced-5","status":"publish","type":"product","link":"https:\/\/schweizversand.ch\/fr\/produkt\/hudora-big-wheel-205-advanced-5\/","title":{"rendered":"Hudora Big Wheel 205 ADVANCED"},"content":{"rendered":"<p>La trottinette BigWheel Advanced allie confort, style et praticit\u00e9, la rendant id\u00e9ale pour les enfants comme pour les adultes. Voici ses principales caract\u00e9ristiques et fonctionnalit\u00e9s\u00a0:<\/p>\n<\/p>\n<p>Caract\u00e9ristiques techniques\u00a0:<\/p>\n<\/p>\n<p>\u2022 Cadre robuste et l\u00e9ger\u00a0: Fabriqu\u00e9 en aluminium de haute qualit\u00e9, le cadre conf\u00e8re \u00e0 la trottinette stabilit\u00e9 et l\u00e9g\u00e8ret\u00e9, la rendant parfaite pour un usage quotidien.<\/p>\n<\/p>\n<p>\u2022 Hauteur r\u00e9glable\u00a0: Le guidon est r\u00e9glable en continu de 81\u00a0cm \u00e0 108\u00a0cm, permettant ainsi d\u2019adapter la trottinette \u00e0 diff\u00e9rentes tailles et de l\u2019utiliser pendant des ann\u00e9es.<\/p>\n<\/p>\n<p>\u2022 Hauteur r\u00e9glable\u00a0:<\/p>\n<\/p>\n<p>Caract\u00e9ristiques techniques\u00a0:<\/p>\n<\/p>\n<p>\u2022 Cadre robuste et l\u00e9ger\u00a0: Fabriqu\u00e9 en aluminium de haute qualit\u00e9, le cadre conf\u00e8re \u00e0 la trottinette stabilit\u00e9 et l\u00e9g\u00e8ret\u00e9, la rendant parfaite pour un usage quotidien.<\/p>\n<\/p>\n<p>\u2022 Hauteur r\u00e9glable\u00a0: Le guidon est r\u00e9glable en continu de 81\u00a0cm \u00e0 108\u00a0cm, permettant ainsi d\u2019adapter la trottinette \u00e0 diff\u00e9rentes morphologies et de l\u2019utiliser pendant des ann\u00e9es.<\/p>\n<\/p>\n<p>\u2022 Hauteur r\u00e9glable :<\/p>\n<\/p>\n<p>\u00ab\u00a0`<\/p>\n<p>\u00ab\u00a0\u00ab\u00a0\u00ab\u00a0\u00ab\u00a0\u00ab\u00a0\u00ab\u00a0\u00ab\u00a0\u00ab\u00a0\u00ab\u00a0\u00ab\u00a0\u00ab\u00a0\u00ab\u00a0\u00ab\u00a0\u00ab\u00a0\u00ab\u00a0\u00ab\u00a0\u00ab\u00a0\u00ab\u00a0\u00ab\u00a0\u00ab\u00a0\u00ab\u00a0\u00ab\u00a0\u00ab\u00a0)\u00ab\u00a0\u00ab\u00a0`)`)`)`)`)`)`)`)`)`)`)`)`)`)`)`)`)`)`)`)`)`)`)`)<\/p>\n<p>`)<\/p>\n<p>\u2022<\/p>\n<p>\u2022<\/p>\n<p>\u2022<\/p>\n<p>`\u2022<\/p>\n<p>`\u2022<\/p>\n<p>`\u2022<\/p>\n<p>`\u2022\u00ab\u00a0`<\/p>\n<p>` &#8230; \u2022 Confort de conduite : Un guidon extra-large assure une propulsion fluide et agile, pour une conduite agr\u00e9able sur toutes les surfaces.<\/p>\n<\/p>\n<p>\u2022 Conduite silencieuse et s\u00fbre : Les poign\u00e9es int\u00e9gr\u00e9es au guidon \u00e9vitent les \u00e0-coups d\u00e9sagr\u00e9ables, pour une conduite s\u00fbre et confortable, notamment dans les virages.<\/p>\n<\/p>\n<p>\u2022 Facile \u00e0 transporter et \u00e0 ranger : Gr\u00e2ce \u00e0 son m\u00e9canisme de pliage robuste, la trottinette se replie sur elle-m\u00eame pour atteindre une taille compacte de 100 cm x 28 cm x 11,5 cm, facilitant ainsi son rangement et son transport.<\/p>\n<\/p>\n<p>\u2022 Design \u00e9l\u00e9gant\u00a0: Disponible dans des coloris tendance, avec un guidon et des poign\u00e9es noir mat, cette trottinette arbore un look moderne et attrayant.<\/p>\n<\/p>\n<p>\u2022 Caract\u00e9ristiques techniques\u00a0: Ses pneus en polyur\u00e9thane (PU) \u00e0 roulement fluide et absorbant les chocs, ses roulements \u00e0 billes ABEC 7 et son frein \u00e0 friction arri\u00e8re compl\u00e8tent ses performances de haute qualit\u00e9.<\/p>\n<\/p>\n<p>Cette trottinette est id\u00e9ale pour tous ceux qui recherchent un moyen de transport fiable, \u00e9l\u00e9gant et facile \u00e0 manier, adapt\u00e9 aussi bien aux trajets quotidiens qu\u2019aux loisirs.<\/p>\n","protected":false},"excerpt":{"rendered":"<p>Hudora Big Wheel 205 ADVANCED bietet stabilen, leichten Aluminiumrahmen, h\u00f6henverstellbaren Lenker und extrabreite Lenkstange f\u00fcr komfortables Fahren bei Gro\u00df und Klein.<\/p>\n","protected":false},"featured_media":267761,"comment_status":"open","ping_status":"closed","template":"","meta":[],"product_brand":[],"product_cat":[38632],"product_tag":[],"class_list":{"0":"post-267728","1":"product","2":"type-product","3":"status-publish","4":"has-post-thumbnail","6":"product_cat-scooter","7":"product_shipping_class-global_methods","9":"first","10":"instock","11":"taxable","12":"shipping-taxable","13":"purchasable","14":"product-type-simple"},"yoast_head":"<!-- This site is optimized with the Yoast SEO plugin v27.4 - https:\/\/yoast.com\/product\/yoast-seo-wordpress\/ -->\n<title>Hudora Big Wheel 205 ADVANCED<\/title>\n<meta name=\"description\" content=\"Der Tretroller der Serie &quot;BigWheel Advanced&quot; vereint Komfort, Stil und Praktikabilit\u00e4t und ist sowohl f\u00fcr Kinder als auch f\u00fcr Erwachsene geeignet. Hier sind die\" \/>\n<meta name=\"robots\" content=\"index, follow, max-snippet:-1, max-image-preview:large, max-video-preview:-1\" \/>\n<link rel=\"canonical\" href=\"https:\/\/schweizversand.ch\/fr\/produkt\/hudora-big-wheel-205-advanced-5\/\" \/>\n<meta property=\"og:locale\" content=\"fr_FR\" \/>\n<meta property=\"og:type\" content=\"article\" \/>\n<meta property=\"og:title\" content=\"Hudora Big Wheel 205 ADVANCED\" \/>\n<meta property=\"og:description\" content=\"Der Tretroller der Serie &quot;BigWheel Advanced&quot; vereint Komfort, Stil und Praktikabilit\u00e4t und ist sowohl f\u00fcr Kinder als auch f\u00fcr Erwachsene geeignet. Hier sind die\" \/>\n<meta property=\"og:url\" content=\"https:\/\/schweizversand.ch\/fr\/produkt\/hudora-big-wheel-205-advanced-5\/\" \/>\n<meta property=\"og:site_name\" content=\"Schweizer Shop f\u00fcr Sport, Spiel und Freizeit\" \/>\n<meta property=\"article:publisher\" content=\"https:\/\/www.facebook.com\/Schweizversand\" \/>\n<meta property=\"article:modified_time\" content=\"2026-04-22T13:35:32+00:00\" \/>\n<meta property=\"og:image\" content=\"https:\/\/schweizversand.ch\/wp-content\/uploads\/2026\/04\/5471633347.jpg\" \/>\n\t<meta property=\"og:image:width\" content=\"845\" \/>\n\t<meta property=\"og:image:height\" content=\"1024\" \/>\n\t<meta property=\"og:image:type\" content=\"image\/jpeg\" \/>\n<meta name=\"twitter:card\" content=\"summary_large_image\" \/>\n<meta name=\"twitter:label1\" content=\"Dur\u00e9e de lecture estim\u00e9e\" \/>\n\t<meta name=\"twitter:data1\" content=\"2 minutes\" \/>\n<script type=\"application\/ld+json\" class=\"yoast-schema-graph\">{\"@context\":\"https:\\\/\\\/schema.org\",\"@graph\":[{\"@type\":\"WebPage\",\"@id\":\"https:\\\/\\\/schweizversand.ch\\\/fr\\\/produkt\\\/hudora-big-wheel-205-advanced-5\\\/\",\"url\":\"https:\\\/\\\/schweizversand.ch\\\/fr\\\/produkt\\\/hudora-big-wheel-205-advanced-5\\\/\",\"name\":\"Hudora Big Wheel 205 ADVANCED\",\"isPartOf\":{\"@id\":\"https:\\\/\\\/schweizversand.ch\\\/fr\\\/#website\"},\"primaryImageOfPage\":{\"@id\":\"https:\\\/\\\/schweizversand.ch\\\/fr\\\/produkt\\\/hudora-big-wheel-205-advanced-5\\\/#primaryimage\"},\"image\":{\"@id\":\"https:\\\/\\\/schweizversand.ch\\\/fr\\\/produkt\\\/hudora-big-wheel-205-advanced-5\\\/#primaryimage\"},\"thumbnailUrl\":\"https:\\\/\\\/schweizversand.ch\\\/wp-content\\\/uploads\\\/2026\\\/04\\\/5471633347.jpg\",\"datePublished\":\"2026-04-18T13:31:04+00:00\",\"dateModified\":\"2026-04-22T13:35:32+00:00\",\"description\":\"Der Tretroller der Serie \\\"BigWheel Advanced\\\" vereint Komfort, Stil und Praktikabilit\u00e4t und ist sowohl f\u00fcr Kinder als auch f\u00fcr Erwachsene geeignet. Hier sind die\",\"breadcrumb\":{\"@id\":\"https:\\\/\\\/schweizversand.ch\\\/fr\\\/produkt\\\/hudora-big-wheel-205-advanced-5\\\/#breadcrumb\"},\"inLanguage\":\"fr-FR\",\"potentialAction\":[{\"@type\":\"ReadAction\",\"target\":[\"https:\\\/\\\/schweizversand.ch\\\/fr\\\/produkt\\\/hudora-big-wheel-205-advanced-5\\\/\"]}]},{\"@type\":\"ImageObject\",\"inLanguage\":\"fr-FR\",\"@id\":\"https:\\\/\\\/schweizversand.ch\\\/fr\\\/produkt\\\/hudora-big-wheel-205-advanced-5\\\/#primaryimage\",\"url\":\"https:\\\/\\\/schweizversand.ch\\\/wp-content\\\/uploads\\\/2026\\\/04\\\/5471633347.jpg\",\"contentUrl\":\"https:\\\/\\\/schweizversand.ch\\\/wp-content\\\/uploads\\\/2026\\\/04\\\/5471633347.jpg\",\"width\":845,\"height\":1024},{\"@type\":\"BreadcrumbList\",\"@id\":\"https:\\\/\\\/schweizversand.ch\\\/fr\\\/produkt\\\/hudora-big-wheel-205-advanced-5\\\/#breadcrumb\",\"itemListElement\":[{\"@type\":\"ListItem\",\"position\":1,\"name\":\"Startseite\",\"item\":\"https:\\\/\\\/schweizversand.ch\\\/fr\\\/home\\\/\"},{\"@type\":\"ListItem\",\"position\":2,\"name\":\"Boutique\",\"item\":\"https:\\\/\\\/schweizversand.ch\\\/fr\\\/boutique\\\/\"},{\"@type\":\"ListItem\",\"position\":3,\"name\":\"Sports\",\"item\":\"https:\\\/\\\/schweizversand.ch\\\/fr\\\/produkt-kategorie\\\/sports\\\/\"},{\"@type\":\"ListItem\",\"position\":4,\"name\":\"Sports \u00e0 roulettes\",\"item\":\"https:\\\/\\\/schweizversand.ch\\\/fr\\\/produkt-kategorie\\\/sports\\\/rollsport\\\/\"},{\"@type\":\"ListItem\",\"position\":5,\"name\":\"Trottinette\",\"item\":\"https:\\\/\\\/schweizversand.ch\\\/fr\\\/produkt-kategorie\\\/sports\\\/rollsport\\\/scooter\\\/\"},{\"@type\":\"ListItem\",\"position\":6,\"name\":\"Hudora Big Wheel 205 ADVANCED\"}]},{\"@type\":\"WebSite\",\"@id\":\"https:\\\/\\\/schweizversand.ch\\\/fr\\\/#website\",\"url\":\"https:\\\/\\\/schweizversand.ch\\\/fr\\\/\",\"name\":\"Schweizer Shop f\u00fcr Sport, Spiel und Freizeit\",\"description\":\"Gratisversand ab 50.- (netto), ab eigenem schweizer Lager, Lieferung innert 48h\",\"publisher\":{\"@id\":\"https:\\\/\\\/schweizversand.ch\\\/fr\\\/#organization\"},\"alternateName\":\"Schweizversand.ch\",\"potentialAction\":[{\"@type\":\"SearchAction\",\"target\":{\"@type\":\"EntryPoint\",\"urlTemplate\":\"https:\\\/\\\/schweizversand.ch\\\/fr\\\/?s={search_term_string}\"},\"query-input\":{\"@type\":\"PropertyValueSpecification\",\"valueRequired\":true,\"valueName\":\"search_term_string\"}}],\"inLanguage\":\"fr-FR\"},{\"@type\":\"Organization\",\"@id\":\"https:\\\/\\\/schweizversand.ch\\\/fr\\\/#organization\",\"name\":\"Schweizversand.ch\",\"url\":\"https:\\\/\\\/schweizversand.ch\\\/fr\\\/\",\"logo\":{\"@type\":\"ImageObject\",\"inLanguage\":\"fr-FR\",\"@id\":\"https:\\\/\\\/schweizversand.ch\\\/fr\\\/#\\\/schema\\\/logo\\\/image\\\/\",\"url\":\"https:\\\/\\\/schweizversand.ch\\\/wp-content\\\/uploads\\\/2026\\\/03\\\/Logo_Rund_Final-1.png\",\"contentUrl\":\"https:\\\/\\\/schweizversand.ch\\\/wp-content\\\/uploads\\\/2026\\\/03\\\/Logo_Rund_Final-1.png\",\"width\":404,\"height\":404,\"caption\":\"Schweizversand.ch\"},\"image\":{\"@id\":\"https:\\\/\\\/schweizversand.ch\\\/fr\\\/#\\\/schema\\\/logo\\\/image\\\/\"},\"sameAs\":[\"https:\\\/\\\/www.facebook.com\\\/Schweizversand\",\"https:\\\/\\\/www.instagram.com\\\/schweizversand.ch\\\/\"]}]}<\/script>\n<!-- \/ Yoast SEO plugin. -->","yoast_head_json":{"title":"Hudora Big Wheel 205 ADVANCED","description":"Der Tretroller der Serie \"BigWheel Advanced\" vereint Komfort, Stil und Praktikabilit\u00e4t und ist sowohl f\u00fcr Kinder als auch f\u00fcr Erwachsene geeignet. Hier sind die","robots":{"index":"index","follow":"follow","max-snippet":"max-snippet:-1","max-image-preview":"max-image-preview:large","max-video-preview":"max-video-preview:-1"},"canonical":"https:\/\/schweizversand.ch\/fr\/produkt\/hudora-big-wheel-205-advanced-5\/","og_locale":"fr_FR","og_type":"article","og_title":"Hudora Big Wheel 205 ADVANCED","og_description":"Der Tretroller der Serie \"BigWheel Advanced\" vereint Komfort, Stil und Praktikabilit\u00e4t und ist sowohl f\u00fcr Kinder als auch f\u00fcr Erwachsene geeignet. Hier sind die","og_url":"https:\/\/schweizversand.ch\/fr\/produkt\/hudora-big-wheel-205-advanced-5\/","og_site_name":"Schweizer Shop f\u00fcr Sport, Spiel und Freizeit","article_publisher":"https:\/\/www.facebook.com\/Schweizversand","article_modified_time":"2026-04-22T13:35:32+00:00","og_image":[{"width":845,"height":1024,"url":"https:\/\/schweizversand.ch\/wp-content\/uploads\/2026\/04\/5471633347.jpg","type":"image\/jpeg"}],"twitter_card":"summary_large_image","twitter_misc":{"Dur\u00e9e de lecture estim\u00e9e":"2 minutes"},"schema":{"@context":"https:\/\/schema.org","@graph":[{"@type":"WebPage","@id":"https:\/\/schweizversand.ch\/fr\/produkt\/hudora-big-wheel-205-advanced-5\/","url":"https:\/\/schweizversand.ch\/fr\/produkt\/hudora-big-wheel-205-advanced-5\/","name":"Hudora Big Wheel 205 ADVANCED","isPartOf":{"@id":"https:\/\/schweizversand.ch\/fr\/#website"},"primaryImageOfPage":{"@id":"https:\/\/schweizversand.ch\/fr\/produkt\/hudora-big-wheel-205-advanced-5\/#primaryimage"},"image":{"@id":"https:\/\/schweizversand.ch\/fr\/produkt\/hudora-big-wheel-205-advanced-5\/#primaryimage"},"thumbnailUrl":"https:\/\/schweizversand.ch\/wp-content\/uploads\/2026\/04\/5471633347.jpg","datePublished":"2026-04-18T13:31:04+00:00","dateModified":"2026-04-22T13:35:32+00:00","description":"Der Tretroller der Serie \"BigWheel Advanced\" vereint Komfort, Stil und Praktikabilit\u00e4t und ist sowohl f\u00fcr Kinder als auch f\u00fcr Erwachsene geeignet. Hier sind die","breadcrumb":{"@id":"https:\/\/schweizversand.ch\/fr\/produkt\/hudora-big-wheel-205-advanced-5\/#breadcrumb"},"inLanguage":"fr-FR","potentialAction":[{"@type":"ReadAction","target":["https:\/\/schweizversand.ch\/fr\/produkt\/hudora-big-wheel-205-advanced-5\/"]}]},{"@type":"ImageObject","inLanguage":"fr-FR","@id":"https:\/\/schweizversand.ch\/fr\/produkt\/hudora-big-wheel-205-advanced-5\/#primaryimage","url":"https:\/\/schweizversand.ch\/wp-content\/uploads\/2026\/04\/5471633347.jpg","contentUrl":"https:\/\/schweizversand.ch\/wp-content\/uploads\/2026\/04\/5471633347.jpg","width":845,"height":1024},{"@type":"BreadcrumbList","@id":"https:\/\/schweizversand.ch\/fr\/produkt\/hudora-big-wheel-205-advanced-5\/#breadcrumb","itemListElement":[{"@type":"ListItem","position":1,"name":"Startseite","item":"https:\/\/schweizversand.ch\/fr\/home\/"},{"@type":"ListItem","position":2,"name":"Boutique","item":"https:\/\/schweizversand.ch\/fr\/boutique\/"},{"@type":"ListItem","position":3,"name":"Sports","item":"https:\/\/schweizversand.ch\/fr\/produkt-kategorie\/sports\/"},{"@type":"ListItem","position":4,"name":"Sports \u00e0 roulettes","item":"https:\/\/schweizversand.ch\/fr\/produkt-kategorie\/sports\/rollsport\/"},{"@type":"ListItem","position":5,"name":"Trottinette","item":"https:\/\/schweizversand.ch\/fr\/produkt-kategorie\/sports\/rollsport\/scooter\/"},{"@type":"ListItem","position":6,"name":"Hudora Big Wheel 205 ADVANCED"}]},{"@type":"WebSite","@id":"https:\/\/schweizversand.ch\/fr\/#website","url":"https:\/\/schweizversand.ch\/fr\/","name":"Schweizer Shop f\u00fcr Sport, Spiel und Freizeit","description":"Gratisversand ab 50.- (netto), ab eigenem schweizer Lager, Lieferung innert 48h","publisher":{"@id":"https:\/\/schweizversand.ch\/fr\/#organization"},"alternateName":"Schweizversand.ch","potentialAction":[{"@type":"SearchAction","target":{"@type":"EntryPoint","urlTemplate":"https:\/\/schweizversand.ch\/fr\/?s={search_term_string}"},"query-input":{"@type":"PropertyValueSpecification","valueRequired":true,"valueName":"search_term_string"}}],"inLanguage":"fr-FR"},{"@type":"Organization","@id":"https:\/\/schweizversand.ch\/fr\/#organization","name":"Schweizversand.ch","url":"https:\/\/schweizversand.ch\/fr\/","logo":{"@type":"ImageObject","inLanguage":"fr-FR","@id":"https:\/\/schweizversand.ch\/fr\/#\/schema\/logo\/image\/","url":"https:\/\/schweizversand.ch\/wp-content\/uploads\/2026\/03\/Logo_Rund_Final-1.png","contentUrl":"https:\/\/schweizversand.ch\/wp-content\/uploads\/2026\/03\/Logo_Rund_Final-1.png","width":404,"height":404,"caption":"Schweizversand.ch"},"image":{"@id":"https:\/\/schweizversand.ch\/fr\/#\/schema\/logo\/image\/"},"sameAs":["https:\/\/www.facebook.com\/Schweizversand","https:\/\/www.instagram.com\/schweizversand.ch\/"]}]}},"jetpack_sharing_enabled":true,"_links":{"self":[{"href":"https:\/\/schweizversand.ch\/fr\/wp-json\/wp\/v2\/product\/267728","targetHints":{"allow":["GET"]}}],"collection":[{"href":"https:\/\/schweizversand.ch\/fr\/wp-json\/wp\/v2\/product"}],"about":[{"href":"https:\/\/schweizversand.ch\/fr\/wp-json\/wp\/v2\/types\/product"}],"replies":[{"embeddable":true,"href":"https:\/\/schweizversand.ch\/fr\/wp-json\/wp\/v2\/comments?post=267728"}],"wp:featuredmedia":[{"embeddable":true,"href":"https:\/\/schweizversand.ch\/fr\/wp-json\/wp\/v2\/media\/267761"}],"wp:attachment":[{"href":"https:\/\/schweizversand.ch\/fr\/wp-json\/wp\/v2\/media?parent=267728"}],"wp:term":[{"taxonomy":"product_brand","embeddable":true,"href":"https:\/\/schweizversand.ch\/fr\/wp-json\/wp\/v2\/product_brand?post=267728"},{"taxonomy":"product_cat","embeddable":true,"href":"https:\/\/schweizversand.ch\/fr\/wp-json\/wp\/v2\/product_cat?post=267728"},{"taxonomy":"product_tag","embeddable":true,"href":"https:\/\/schweizversand.ch\/fr\/wp-json\/wp\/v2\/product_tag?post=267728"}],"curies":[{"name":"wp","href":"https:\/\/api.w.org\/{rel}","templated":true}]}}