{"id":267729,"date":"2026-04-18T15:31:04","date_gmt":"2026-04-18T13:31:04","guid":{"rendered":"https:\/\/schweizversand.ch\/produkt\/hudora-bigwheel-205-4\/"},"modified":"2026-04-19T02:05:28","modified_gmt":"2026-04-19T00:05:28","slug":"hudora-bigwheel-205-4","status":"publish","type":"product","link":"https:\/\/schweizversand.ch\/fr\/produkt\/hudora-bigwheel-205-4\/","title":{"rendered":"Hudora BigWheel\u00ae 205"},"content":{"rendered":"<p>Le classique des enfants et des adolescents<\/p>\n<p>L&rsquo;\u00e9l\u00e9gante trottinette HUDORA BigWheel rend les d\u00e9placements encore plus rapides\u00a0! Avec ses roues de 205\u00a0mm de diam\u00e8tre, elle est encore plus maniable et rapide. Fabriqu\u00e9e en aluminium de haute qualit\u00e9, elle supporte une charge maximale de 100\u00a0kg et est \u00e9quip\u00e9e d&rsquo;un frein \u00e0 friction arri\u00e8re. Le guidon r\u00e9glable en hauteur s&rsquo;adapte \u00e0 la taille de chaque utilisateur et se fixe gr\u00e2ce \u00e0 un syst\u00e8me de serrage rapide. Un m\u00e9canisme de pliage pratique permet aux enfants de replier facilement le guidon.<\/p>\n<p>Autrefois r\u00e9serv\u00e9es aux enfants, les trottinettes sont aujourd&rsquo;hui utilis\u00e9es par de nombreux adolescents et adultes. Une trottinette pliable est id\u00e9ale pour les trajets quotidiens domicile-travail ou domicile-\u00e9cole. La HUDORA BigWheel, avec ses pneus agiles, est la trottinette parfaite pour l&rsquo;\u00e9cole, le travail et les loisirs.<\/p>\n<p>Homologu\u00e9e T\u00dcV Rheinland\/GS.<\/p>\n<p>Attention\u00a0: Utiliser uniquement un \u00e9quipement de protection. Ne pas utiliser sur la voie publique. Veuillez consulter les instructions de montage et d&rsquo;utilisation pour plus d&rsquo;informations et les avertissements.<\/p>\n<p>Caract\u00e9ristiques<\/p>\n<p>Pour : Adultes, adolescents, enfants<\/p>\n<p>Certifi\u00e9 T\u00dcV Rheinland\/GS.<\/p>\n<p>Attention : Utiliser uniquement avec un \u00e9quipement de protection. Ne pas utiliser sur la voie publique. Veuillez consulter les instructions de montage et d&rsquo;utilisation pour plus d&rsquo;informations et les avertissements.<\/p>\n<p>Caract\u00e9ristiques<br \/>\n&#8230; <br \/>Couleur : Gris, Vert<\/p>\n<p>Poids maximal de l&rsquo;utilisateur (kg) : 100<\/p>\n<p>Hauteur r\u00e9glable (cm) : 79 &#8211; 104<\/p>\n<p>Dimensions du repose-pieds (cm) : 33 x 11,5<\/p>\n<p>Mat\u00e9riau\u00a0: Aluminium<\/p>\n<p>Pliable\u00a0: Oui<\/p>\n<p>Frein\u00a0: Frein \u00e0 friction sur la roue arri\u00e8re<\/p>\n<p>Roulements \u00e0 billes\u00a0: ABEC 5<\/p>\n<p>Dimensions du rouleau (mm)\u00a0: 205 Mat\u00e9riau des rouleaux\u00a0: Pneus en polyur\u00e9thane<\/p>\n<p>\u00c9quipement\u00a0: Plateau Low Rider, poign\u00e9es en mousse, bac \u00e0 poussi\u00e8re, support, sangle de transport<\/p>\n<p>Poids (kg)\u00a0: 4<\/p>\n","protected":false},"excerpt":{"rendered":"<p>Hudora BigWheel\u00ae 205 bietet schnelle, wendige Fahrten mit 205 mm Rollen, h\u00f6henverstellbarem Lenker und robustem Aluminiumrahmen \u2013 ideal f\u00fcr Kinder und Jugendliche.<\/p>\n","protected":false},"featured_media":267767,"comment_status":"open","ping_status":"closed","template":"","meta":[],"product_brand":[],"product_cat":[38632],"product_tag":[],"class_list":{"0":"post-267729","1":"product","2":"type-product","3":"status-publish","4":"has-post-thumbnail","6":"product_cat-scooter","7":"product_shipping_class-global_methods","9":"first","10":"instock","11":"taxable","12":"shipping-taxable","13":"purchasable","14":"product-type-simple"},"yoast_head":"<!-- This site is optimized with the Yoast SEO plugin v27.4 - https:\/\/yoast.com\/product\/yoast-seo-wordpress\/ -->\n<title>Hudora BigWheel\u00ae 205<\/title>\n<meta name=\"description\" content=\"Der Klassiker f\u00fcr Kinder und Jugendliche\u00a0 \u00a0 \u00a0 \u00a0 \u00a0 Der stylische HUDORA BigWheel Scooter l\u00e4sst die Fahrt noch rasanter werden! Mit 205 mm Rollendurchmesser ist\" \/>\n<meta name=\"robots\" content=\"index, follow, max-snippet:-1, max-image-preview:large, max-video-preview:-1\" \/>\n<link rel=\"canonical\" href=\"https:\/\/schweizversand.ch\/fr\/produkt\/hudora-bigwheel-205-4\/\" \/>\n<meta property=\"og:locale\" content=\"fr_FR\" \/>\n<meta property=\"og:type\" content=\"article\" \/>\n<meta property=\"og:title\" content=\"Hudora BigWheel\u00ae 205\" \/>\n<meta property=\"og:description\" content=\"Der Klassiker f\u00fcr Kinder und Jugendliche\u00a0 \u00a0 \u00a0 \u00a0 \u00a0 Der stylische HUDORA BigWheel Scooter l\u00e4sst die Fahrt noch rasanter werden! Mit 205 mm Rollendurchmesser ist\" \/>\n<meta property=\"og:url\" content=\"https:\/\/schweizversand.ch\/fr\/produkt\/hudora-bigwheel-205-4\/\" \/>\n<meta property=\"og:site_name\" content=\"Schweizer Shop f\u00fcr Sport, Spiel und Freizeit\" \/>\n<meta property=\"article:publisher\" content=\"https:\/\/www.facebook.com\/Schweizversand\" \/>\n<meta property=\"article:modified_time\" content=\"2026-04-19T00:05:28+00:00\" \/>\n<meta property=\"og:image\" content=\"https:\/\/schweizversand.ch\/wp-content\/uploads\/2026\/04\/5471445725.jpg\" \/>\n\t<meta property=\"og:image:width\" content=\"1024\" \/>\n\t<meta property=\"og:image:height\" content=\"1024\" \/>\n\t<meta property=\"og:image:type\" content=\"image\/jpeg\" \/>\n<meta name=\"twitter:card\" content=\"summary_large_image\" \/>\n<meta name=\"twitter:label1\" content=\"Dur\u00e9e de lecture estim\u00e9e\" \/>\n\t<meta name=\"twitter:data1\" content=\"1 minute\" \/>\n<script type=\"application\/ld+json\" class=\"yoast-schema-graph\">{\"@context\":\"https:\\\/\\\/schema.org\",\"@graph\":[{\"@type\":\"WebPage\",\"@id\":\"https:\\\/\\\/schweizversand.ch\\\/fr\\\/produkt\\\/hudora-bigwheel-205-4\\\/\",\"url\":\"https:\\\/\\\/schweizversand.ch\\\/fr\\\/produkt\\\/hudora-bigwheel-205-4\\\/\",\"name\":\"Hudora BigWheel\u00ae 205\",\"isPartOf\":{\"@id\":\"https:\\\/\\\/schweizversand.ch\\\/fr\\\/#website\"},\"primaryImageOfPage\":{\"@id\":\"https:\\\/\\\/schweizversand.ch\\\/fr\\\/produkt\\\/hudora-bigwheel-205-4\\\/#primaryimage\"},\"image\":{\"@id\":\"https:\\\/\\\/schweizversand.ch\\\/fr\\\/produkt\\\/hudora-bigwheel-205-4\\\/#primaryimage\"},\"thumbnailUrl\":\"https:\\\/\\\/schweizversand.ch\\\/wp-content\\\/uploads\\\/2026\\\/04\\\/5471445725.jpg\",\"datePublished\":\"2026-04-18T13:31:04+00:00\",\"dateModified\":\"2026-04-19T00:05:28+00:00\",\"description\":\"Der Klassiker f\u00fcr Kinder und Jugendliche\u00a0 \u00a0 \u00a0 \u00a0 \u00a0 Der stylische HUDORA BigWheel Scooter l\u00e4sst die Fahrt noch rasanter werden! Mit 205 mm Rollendurchmesser ist\",\"breadcrumb\":{\"@id\":\"https:\\\/\\\/schweizversand.ch\\\/fr\\\/produkt\\\/hudora-bigwheel-205-4\\\/#breadcrumb\"},\"inLanguage\":\"fr-FR\",\"potentialAction\":[{\"@type\":\"ReadAction\",\"target\":[\"https:\\\/\\\/schweizversand.ch\\\/fr\\\/produkt\\\/hudora-bigwheel-205-4\\\/\"]}]},{\"@type\":\"ImageObject\",\"inLanguage\":\"fr-FR\",\"@id\":\"https:\\\/\\\/schweizversand.ch\\\/fr\\\/produkt\\\/hudora-bigwheel-205-4\\\/#primaryimage\",\"url\":\"https:\\\/\\\/schweizversand.ch\\\/wp-content\\\/uploads\\\/2026\\\/04\\\/5471445725.jpg\",\"contentUrl\":\"https:\\\/\\\/schweizversand.ch\\\/wp-content\\\/uploads\\\/2026\\\/04\\\/5471445725.jpg\",\"width\":1024,\"height\":1024},{\"@type\":\"BreadcrumbList\",\"@id\":\"https:\\\/\\\/schweizversand.ch\\\/fr\\\/produkt\\\/hudora-bigwheel-205-4\\\/#breadcrumb\",\"itemListElement\":[{\"@type\":\"ListItem\",\"position\":1,\"name\":\"Startseite\",\"item\":\"https:\\\/\\\/schweizversand.ch\\\/fr\\\/home\\\/\"},{\"@type\":\"ListItem\",\"position\":2,\"name\":\"Boutique\",\"item\":\"https:\\\/\\\/schweizversand.ch\\\/fr\\\/boutique\\\/\"},{\"@type\":\"ListItem\",\"position\":3,\"name\":\"Sports\",\"item\":\"https:\\\/\\\/schweizversand.ch\\\/fr\\\/produkt-kategorie\\\/sports\\\/\"},{\"@type\":\"ListItem\",\"position\":4,\"name\":\"Sports \u00e0 roulettes\",\"item\":\"https:\\\/\\\/schweizversand.ch\\\/fr\\\/produkt-kategorie\\\/sports\\\/rollsport\\\/\"},{\"@type\":\"ListItem\",\"position\":5,\"name\":\"Trottinette\",\"item\":\"https:\\\/\\\/schweizversand.ch\\\/fr\\\/produkt-kategorie\\\/sports\\\/rollsport\\\/scooter\\\/\"},{\"@type\":\"ListItem\",\"position\":6,\"name\":\"Hudora BigWheel\u00ae 205\"}]},{\"@type\":\"WebSite\",\"@id\":\"https:\\\/\\\/schweizversand.ch\\\/fr\\\/#website\",\"url\":\"https:\\\/\\\/schweizversand.ch\\\/fr\\\/\",\"name\":\"Schweizer Shop f\u00fcr Sport, Spiel und Freizeit\",\"description\":\"Gratisversand ab 50.- (netto), ab eigenem schweizer Lager, Lieferung innert 48h\",\"publisher\":{\"@id\":\"https:\\\/\\\/schweizversand.ch\\\/fr\\\/#organization\"},\"alternateName\":\"Schweizversand.ch\",\"potentialAction\":[{\"@type\":\"SearchAction\",\"target\":{\"@type\":\"EntryPoint\",\"urlTemplate\":\"https:\\\/\\\/schweizversand.ch\\\/fr\\\/?s={search_term_string}\"},\"query-input\":{\"@type\":\"PropertyValueSpecification\",\"valueRequired\":true,\"valueName\":\"search_term_string\"}}],\"inLanguage\":\"fr-FR\"},{\"@type\":\"Organization\",\"@id\":\"https:\\\/\\\/schweizversand.ch\\\/fr\\\/#organization\",\"name\":\"Schweizversand.ch\",\"url\":\"https:\\\/\\\/schweizversand.ch\\\/fr\\\/\",\"logo\":{\"@type\":\"ImageObject\",\"inLanguage\":\"fr-FR\",\"@id\":\"https:\\\/\\\/schweizversand.ch\\\/fr\\\/#\\\/schema\\\/logo\\\/image\\\/\",\"url\":\"https:\\\/\\\/schweizversand.ch\\\/wp-content\\\/uploads\\\/2026\\\/03\\\/Logo_Rund_Final-1.png\",\"contentUrl\":\"https:\\\/\\\/schweizversand.ch\\\/wp-content\\\/uploads\\\/2026\\\/03\\\/Logo_Rund_Final-1.png\",\"width\":404,\"height\":404,\"caption\":\"Schweizversand.ch\"},\"image\":{\"@id\":\"https:\\\/\\\/schweizversand.ch\\\/fr\\\/#\\\/schema\\\/logo\\\/image\\\/\"},\"sameAs\":[\"https:\\\/\\\/www.facebook.com\\\/Schweizversand\",\"https:\\\/\\\/www.instagram.com\\\/schweizversand.ch\\\/\"]}]}<\/script>\n<!-- \/ Yoast SEO plugin. -->","yoast_head_json":{"title":"Hudora BigWheel\u00ae 205","description":"Der Klassiker f\u00fcr Kinder und Jugendliche\u00a0 \u00a0 \u00a0 \u00a0 \u00a0 Der stylische HUDORA BigWheel Scooter l\u00e4sst die Fahrt noch rasanter werden! Mit 205 mm Rollendurchmesser ist","robots":{"index":"index","follow":"follow","max-snippet":"max-snippet:-1","max-image-preview":"max-image-preview:large","max-video-preview":"max-video-preview:-1"},"canonical":"https:\/\/schweizversand.ch\/fr\/produkt\/hudora-bigwheel-205-4\/","og_locale":"fr_FR","og_type":"article","og_title":"Hudora BigWheel\u00ae 205","og_description":"Der Klassiker f\u00fcr Kinder und Jugendliche\u00a0 \u00a0 \u00a0 \u00a0 \u00a0 Der stylische HUDORA BigWheel Scooter l\u00e4sst die Fahrt noch rasanter werden! Mit 205 mm Rollendurchmesser ist","og_url":"https:\/\/schweizversand.ch\/fr\/produkt\/hudora-bigwheel-205-4\/","og_site_name":"Schweizer Shop f\u00fcr Sport, Spiel und Freizeit","article_publisher":"https:\/\/www.facebook.com\/Schweizversand","article_modified_time":"2026-04-19T00:05:28+00:00","og_image":[{"width":1024,"height":1024,"url":"https:\/\/schweizversand.ch\/wp-content\/uploads\/2026\/04\/5471445725.jpg","type":"image\/jpeg"}],"twitter_card":"summary_large_image","twitter_misc":{"Dur\u00e9e de lecture estim\u00e9e":"1 minute"},"schema":{"@context":"https:\/\/schema.org","@graph":[{"@type":"WebPage","@id":"https:\/\/schweizversand.ch\/fr\/produkt\/hudora-bigwheel-205-4\/","url":"https:\/\/schweizversand.ch\/fr\/produkt\/hudora-bigwheel-205-4\/","name":"Hudora BigWheel\u00ae 205","isPartOf":{"@id":"https:\/\/schweizversand.ch\/fr\/#website"},"primaryImageOfPage":{"@id":"https:\/\/schweizversand.ch\/fr\/produkt\/hudora-bigwheel-205-4\/#primaryimage"},"image":{"@id":"https:\/\/schweizversand.ch\/fr\/produkt\/hudora-bigwheel-205-4\/#primaryimage"},"thumbnailUrl":"https:\/\/schweizversand.ch\/wp-content\/uploads\/2026\/04\/5471445725.jpg","datePublished":"2026-04-18T13:31:04+00:00","dateModified":"2026-04-19T00:05:28+00:00","description":"Der Klassiker f\u00fcr Kinder und Jugendliche\u00a0 \u00a0 \u00a0 \u00a0 \u00a0 Der stylische HUDORA BigWheel Scooter l\u00e4sst die Fahrt noch rasanter werden! Mit 205 mm Rollendurchmesser ist","breadcrumb":{"@id":"https:\/\/schweizversand.ch\/fr\/produkt\/hudora-bigwheel-205-4\/#breadcrumb"},"inLanguage":"fr-FR","potentialAction":[{"@type":"ReadAction","target":["https:\/\/schweizversand.ch\/fr\/produkt\/hudora-bigwheel-205-4\/"]}]},{"@type":"ImageObject","inLanguage":"fr-FR","@id":"https:\/\/schweizversand.ch\/fr\/produkt\/hudora-bigwheel-205-4\/#primaryimage","url":"https:\/\/schweizversand.ch\/wp-content\/uploads\/2026\/04\/5471445725.jpg","contentUrl":"https:\/\/schweizversand.ch\/wp-content\/uploads\/2026\/04\/5471445725.jpg","width":1024,"height":1024},{"@type":"BreadcrumbList","@id":"https:\/\/schweizversand.ch\/fr\/produkt\/hudora-bigwheel-205-4\/#breadcrumb","itemListElement":[{"@type":"ListItem","position":1,"name":"Startseite","item":"https:\/\/schweizversand.ch\/fr\/home\/"},{"@type":"ListItem","position":2,"name":"Boutique","item":"https:\/\/schweizversand.ch\/fr\/boutique\/"},{"@type":"ListItem","position":3,"name":"Sports","item":"https:\/\/schweizversand.ch\/fr\/produkt-kategorie\/sports\/"},{"@type":"ListItem","position":4,"name":"Sports \u00e0 roulettes","item":"https:\/\/schweizversand.ch\/fr\/produkt-kategorie\/sports\/rollsport\/"},{"@type":"ListItem","position":5,"name":"Trottinette","item":"https:\/\/schweizversand.ch\/fr\/produkt-kategorie\/sports\/rollsport\/scooter\/"},{"@type":"ListItem","position":6,"name":"Hudora BigWheel\u00ae 205"}]},{"@type":"WebSite","@id":"https:\/\/schweizversand.ch\/fr\/#website","url":"https:\/\/schweizversand.ch\/fr\/","name":"Schweizer Shop f\u00fcr Sport, Spiel und Freizeit","description":"Gratisversand ab 50.- (netto), ab eigenem schweizer Lager, Lieferung innert 48h","publisher":{"@id":"https:\/\/schweizversand.ch\/fr\/#organization"},"alternateName":"Schweizversand.ch","potentialAction":[{"@type":"SearchAction","target":{"@type":"EntryPoint","urlTemplate":"https:\/\/schweizversand.ch\/fr\/?s={search_term_string}"},"query-input":{"@type":"PropertyValueSpecification","valueRequired":true,"valueName":"search_term_string"}}],"inLanguage":"fr-FR"},{"@type":"Organization","@id":"https:\/\/schweizversand.ch\/fr\/#organization","name":"Schweizversand.ch","url":"https:\/\/schweizversand.ch\/fr\/","logo":{"@type":"ImageObject","inLanguage":"fr-FR","@id":"https:\/\/schweizversand.ch\/fr\/#\/schema\/logo\/image\/","url":"https:\/\/schweizversand.ch\/wp-content\/uploads\/2026\/03\/Logo_Rund_Final-1.png","contentUrl":"https:\/\/schweizversand.ch\/wp-content\/uploads\/2026\/03\/Logo_Rund_Final-1.png","width":404,"height":404,"caption":"Schweizversand.ch"},"image":{"@id":"https:\/\/schweizversand.ch\/fr\/#\/schema\/logo\/image\/"},"sameAs":["https:\/\/www.facebook.com\/Schweizversand","https:\/\/www.instagram.com\/schweizversand.ch\/"]}]}},"jetpack_sharing_enabled":true,"_links":{"self":[{"href":"https:\/\/schweizversand.ch\/fr\/wp-json\/wp\/v2\/product\/267729","targetHints":{"allow":["GET"]}}],"collection":[{"href":"https:\/\/schweizversand.ch\/fr\/wp-json\/wp\/v2\/product"}],"about":[{"href":"https:\/\/schweizversand.ch\/fr\/wp-json\/wp\/v2\/types\/product"}],"replies":[{"embeddable":true,"href":"https:\/\/schweizversand.ch\/fr\/wp-json\/wp\/v2\/comments?post=267729"}],"wp:featuredmedia":[{"embeddable":true,"href":"https:\/\/schweizversand.ch\/fr\/wp-json\/wp\/v2\/media\/267767"}],"wp:attachment":[{"href":"https:\/\/schweizversand.ch\/fr\/wp-json\/wp\/v2\/media?parent=267729"}],"wp:term":[{"taxonomy":"product_brand","embeddable":true,"href":"https:\/\/schweizversand.ch\/fr\/wp-json\/wp\/v2\/product_brand?post=267729"},{"taxonomy":"product_cat","embeddable":true,"href":"https:\/\/schweizversand.ch\/fr\/wp-json\/wp\/v2\/product_cat?post=267729"},{"taxonomy":"product_tag","embeddable":true,"href":"https:\/\/schweizversand.ch\/fr\/wp-json\/wp\/v2\/product_tag?post=267729"}],"curies":[{"name":"wp","href":"https:\/\/api.w.org\/{rel}","templated":true}]}}