{"id":267920,"date":"2026-04-21T15:31:07","date_gmt":"2026-04-21T13:31:07","guid":{"rendered":"https:\/\/schweizversand.ch\/produkt\/mattel-disney-princess-cinderella\/"},"modified":"2026-04-22T15:35:37","modified_gmt":"2026-04-22T13:35:37","slug":"mattel-disney-princess-cinderella","status":"publish","type":"product","link":"https:\/\/schweizversand.ch\/fr\/produkt\/mattel-disney-princess-cinderella\/","title":{"rendered":"Princesse Cendrillon de Mattel Disney"},"content":{"rendered":"<h1><strong>Poup\u00e9e mannequin Cendrillon Princesse Disney &#8211; Coffret de garde-robe<\/strong><\/h1>\n<div>Plongez dans l&rsquo;univers magique de Disney avec la poup\u00e9e <strong>Cendrillon Princesse Disney<\/strong> et son coffret de garde-robe complet. Ce coffret offre des heures de jeu et de d\u00e9couverte de la mode, et fera chavirer le c\u0153ur des petites princesses.<\/p>\n<\/div>\n<div><strong>Mode unique et plaisir de d\u00e9ballage<\/strong><br \/>Les enfants seront ravis de sortir la poup\u00e9e mannequin <strong>Cendrillon<\/strong> de son \u00e9l\u00e9gant emballage. \u00c0 l&rsquo;int\u00e9rieur, 12 tenues et accessoires glamour, scintillants et brillants \u00e0 l&rsquo;image de Cendrillon, les attendent.<\/p>\n<\/div>\n<div><strong>Des looks cr\u00e9atifs \u00e0 profusion<\/strong><br \/>Avec ce coffret de poup\u00e9e mannequin <strong>Princesse Disney<\/strong>, vous pouvez cr\u00e9er plus de 125 looks uniques. Les pi\u00e8ces sont parfaitement coordonn\u00e9es pour permettre des combinaisons infinies, dignes d&rsquo;un conte de f\u00e9es.<\/p>\n<\/div>\n<div><strong>Contenu du coffret Garde-robe de poup\u00e9e<\/strong><br \/>&#8211; <strong>Poup\u00e9e mannequin Cendrillon<\/strong> (poup\u00e9e articul\u00e9e)<br \/>&#8211; 2 jupes en tissu<br \/>&#8211; 2 hauts<br \/>&#8211; 2 paires de chaussures<br \/>&#8211; Accessoires et outils de coiffure suppl\u00e9mentaires<br \/>&#8211; Figurine surprise<\/p>\n<\/div>\n<div><strong>Amusement et coiffure<\/strong><br \/>La <strong>poup\u00e9e articul\u00e9e<\/strong> a des cheveux doux et faciles \u00e0 coiffer. Une figurine surprise ajoute encore plus de magie pour recr\u00e9er vos sc\u00e8nes pr\u00e9f\u00e9r\u00e9es ou inventer vos propres aventures. Ce coffret est le cadeau id\u00e9al pour tous les fans du l\u00e9gendaire film d&rsquo;animation Disney.<\/p>\n<\/div>\n<div>Offrez d\u00e8s maintenant le coffret <strong>Tenues et accessoires Cendrillon<\/strong> et r\u00e9alisez les r\u00eaves de vos enfants\u00a0!<\/p>\n<\/div>\n<div><\/div>\n","protected":false},"excerpt":{"rendered":"<p>Mattel Disney Princess Cinderella begeistert mit 12 glamour\u00f6sen Outfits und \u00fcber 125 Kombinationen f\u00fcr grenzenlosen Mode- und Spielspa\u00df kleiner Prinzessinnen.<\/p>\n","protected":false},"featured_media":166155,"comment_status":"open","ping_status":"closed","template":"","meta":[],"product_brand":[],"product_cat":[39255],"product_tag":[],"class_list":{"0":"post-267920","1":"product","2":"type-product","3":"status-publish","4":"has-post-thumbnail","6":"product_cat-puppe-2","7":"product_shipping_class-global_methods","9":"first","10":"instock","11":"taxable","12":"shipping-taxable","13":"purchasable","14":"product-type-simple"},"yoast_head":"<!-- This site is optimized with the Yoast SEO plugin v27.4 - https:\/\/yoast.com\/product\/yoast-seo-wordpress\/ -->\n<title>Mattel Disney Princess Cinderella<\/title>\n<meta name=\"description\" content=\"Disney Princess Cinderella Modepuppe \u2013 Kleiderschrank Set Tauchen Sie ein in die magische Welt von Disney mit der Disney Princess Cinderella Puppe und ihrem umf\" \/>\n<meta name=\"robots\" content=\"index, follow, max-snippet:-1, max-image-preview:large, max-video-preview:-1\" \/>\n<link rel=\"canonical\" href=\"https:\/\/schweizversand.ch\/fr\/produkt\/mattel-disney-princess-cinderella\/\" \/>\n<meta property=\"og:locale\" content=\"fr_FR\" \/>\n<meta property=\"og:type\" content=\"article\" \/>\n<meta property=\"og:title\" content=\"Mattel Disney Princess Cinderella\" \/>\n<meta property=\"og:description\" content=\"Disney Princess Cinderella Modepuppe \u2013 Kleiderschrank Set Tauchen Sie ein in die magische Welt von Disney mit der Disney Princess Cinderella Puppe und ihrem umf\" \/>\n<meta property=\"og:url\" content=\"https:\/\/schweizversand.ch\/fr\/produkt\/mattel-disney-princess-cinderella\/\" \/>\n<meta property=\"og:site_name\" content=\"Schweizer Shop f\u00fcr Sport, Spiel und Freizeit\" \/>\n<meta property=\"article:publisher\" content=\"https:\/\/www.facebook.com\/Schweizversand\" \/>\n<meta property=\"article:modified_time\" content=\"2026-04-22T13:35:37+00:00\" \/>\n<meta property=\"og:image\" content=\"https:\/\/schweizversand.ch\/wp-content\/uploads\/2026\/02\/5471768688.jpg\" \/>\n\t<meta property=\"og:image:width\" content=\"1024\" \/>\n\t<meta property=\"og:image:height\" content=\"1024\" \/>\n\t<meta property=\"og:image:type\" content=\"image\/jpeg\" \/>\n<meta name=\"twitter:card\" content=\"summary_large_image\" \/>\n<meta name=\"twitter:label1\" content=\"Dur\u00e9e de lecture estim\u00e9e\" \/>\n\t<meta name=\"twitter:data1\" content=\"1 minute\" \/>\n<script type=\"application\/ld+json\" class=\"yoast-schema-graph\">{\"@context\":\"https:\\\/\\\/schema.org\",\"@graph\":[{\"@type\":\"WebPage\",\"@id\":\"https:\\\/\\\/schweizversand.ch\\\/fr\\\/produkt\\\/mattel-disney-princess-cinderella\\\/\",\"url\":\"https:\\\/\\\/schweizversand.ch\\\/fr\\\/produkt\\\/mattel-disney-princess-cinderella\\\/\",\"name\":\"Mattel Disney Princess Cinderella\",\"isPartOf\":{\"@id\":\"https:\\\/\\\/schweizversand.ch\\\/fr\\\/#website\"},\"primaryImageOfPage\":{\"@id\":\"https:\\\/\\\/schweizversand.ch\\\/fr\\\/produkt\\\/mattel-disney-princess-cinderella\\\/#primaryimage\"},\"image\":{\"@id\":\"https:\\\/\\\/schweizversand.ch\\\/fr\\\/produkt\\\/mattel-disney-princess-cinderella\\\/#primaryimage\"},\"thumbnailUrl\":\"https:\\\/\\\/schweizversand.ch\\\/wp-content\\\/uploads\\\/2026\\\/02\\\/5471768688.jpg\",\"datePublished\":\"2026-04-21T13:31:07+00:00\",\"dateModified\":\"2026-04-22T13:35:37+00:00\",\"description\":\"Disney Princess Cinderella Modepuppe \u2013 Kleiderschrank Set Tauchen Sie ein in die magische Welt von Disney mit der Disney Princess Cinderella Puppe und ihrem umf\",\"breadcrumb\":{\"@id\":\"https:\\\/\\\/schweizversand.ch\\\/fr\\\/produkt\\\/mattel-disney-princess-cinderella\\\/#breadcrumb\"},\"inLanguage\":\"fr-FR\",\"potentialAction\":[{\"@type\":\"ReadAction\",\"target\":[\"https:\\\/\\\/schweizversand.ch\\\/fr\\\/produkt\\\/mattel-disney-princess-cinderella\\\/\"]}]},{\"@type\":\"ImageObject\",\"inLanguage\":\"fr-FR\",\"@id\":\"https:\\\/\\\/schweizversand.ch\\\/fr\\\/produkt\\\/mattel-disney-princess-cinderella\\\/#primaryimage\",\"url\":\"https:\\\/\\\/schweizversand.ch\\\/wp-content\\\/uploads\\\/2026\\\/02\\\/5471768688.jpg\",\"contentUrl\":\"https:\\\/\\\/schweizversand.ch\\\/wp-content\\\/uploads\\\/2026\\\/02\\\/5471768688.jpg\",\"width\":1024,\"height\":1024},{\"@type\":\"BreadcrumbList\",\"@id\":\"https:\\\/\\\/schweizversand.ch\\\/fr\\\/produkt\\\/mattel-disney-princess-cinderella\\\/#breadcrumb\",\"itemListElement\":[{\"@type\":\"ListItem\",\"position\":1,\"name\":\"Startseite\",\"item\":\"https:\\\/\\\/schweizversand.ch\\\/fr\\\/home\\\/\"},{\"@type\":\"ListItem\",\"position\":2,\"name\":\"Boutique\",\"item\":\"https:\\\/\\\/schweizversand.ch\\\/fr\\\/boutique\\\/\"},{\"@type\":\"ListItem\",\"position\":3,\"name\":\"Puppe\",\"item\":\"https:\\\/\\\/schweizversand.ch\\\/fr\\\/produkt-kategorie\\\/puppe-2\\\/\"},{\"@type\":\"ListItem\",\"position\":4,\"name\":\"Princesse Cendrillon de Mattel Disney\"}]},{\"@type\":\"WebSite\",\"@id\":\"https:\\\/\\\/schweizversand.ch\\\/fr\\\/#website\",\"url\":\"https:\\\/\\\/schweizversand.ch\\\/fr\\\/\",\"name\":\"Schweizer Shop f\u00fcr Sport, Spiel und Freizeit\",\"description\":\"Gratisversand ab 50.- (netto), ab eigenem schweizer Lager, Lieferung innert 48h\",\"publisher\":{\"@id\":\"https:\\\/\\\/schweizversand.ch\\\/fr\\\/#organization\"},\"alternateName\":\"Schweizversand.ch\",\"potentialAction\":[{\"@type\":\"SearchAction\",\"target\":{\"@type\":\"EntryPoint\",\"urlTemplate\":\"https:\\\/\\\/schweizversand.ch\\\/fr\\\/?s={search_term_string}\"},\"query-input\":{\"@type\":\"PropertyValueSpecification\",\"valueRequired\":true,\"valueName\":\"search_term_string\"}}],\"inLanguage\":\"fr-FR\"},{\"@type\":\"Organization\",\"@id\":\"https:\\\/\\\/schweizversand.ch\\\/fr\\\/#organization\",\"name\":\"Schweizversand.ch\",\"url\":\"https:\\\/\\\/schweizversand.ch\\\/fr\\\/\",\"logo\":{\"@type\":\"ImageObject\",\"inLanguage\":\"fr-FR\",\"@id\":\"https:\\\/\\\/schweizversand.ch\\\/fr\\\/#\\\/schema\\\/logo\\\/image\\\/\",\"url\":\"https:\\\/\\\/schweizversand.ch\\\/wp-content\\\/uploads\\\/2026\\\/03\\\/Logo_Rund_Final-1.png\",\"contentUrl\":\"https:\\\/\\\/schweizversand.ch\\\/wp-content\\\/uploads\\\/2026\\\/03\\\/Logo_Rund_Final-1.png\",\"width\":404,\"height\":404,\"caption\":\"Schweizversand.ch\"},\"image\":{\"@id\":\"https:\\\/\\\/schweizversand.ch\\\/fr\\\/#\\\/schema\\\/logo\\\/image\\\/\"},\"sameAs\":[\"https:\\\/\\\/www.facebook.com\\\/Schweizversand\",\"https:\\\/\\\/www.instagram.com\\\/schweizversand.ch\\\/\"]}]}<\/script>\n<!-- \/ Yoast SEO plugin. -->","yoast_head_json":{"title":"Mattel Disney Princess Cinderella","description":"Disney Princess Cinderella Modepuppe \u2013 Kleiderschrank Set Tauchen Sie ein in die magische Welt von Disney mit der Disney Princess Cinderella Puppe und ihrem umf","robots":{"index":"index","follow":"follow","max-snippet":"max-snippet:-1","max-image-preview":"max-image-preview:large","max-video-preview":"max-video-preview:-1"},"canonical":"https:\/\/schweizversand.ch\/fr\/produkt\/mattel-disney-princess-cinderella\/","og_locale":"fr_FR","og_type":"article","og_title":"Mattel Disney Princess Cinderella","og_description":"Disney Princess Cinderella Modepuppe \u2013 Kleiderschrank Set Tauchen Sie ein in die magische Welt von Disney mit der Disney Princess Cinderella Puppe und ihrem umf","og_url":"https:\/\/schweizversand.ch\/fr\/produkt\/mattel-disney-princess-cinderella\/","og_site_name":"Schweizer Shop f\u00fcr Sport, Spiel und Freizeit","article_publisher":"https:\/\/www.facebook.com\/Schweizversand","article_modified_time":"2026-04-22T13:35:37+00:00","og_image":[{"width":1024,"height":1024,"url":"https:\/\/schweizversand.ch\/wp-content\/uploads\/2026\/02\/5471768688.jpg","type":"image\/jpeg"}],"twitter_card":"summary_large_image","twitter_misc":{"Dur\u00e9e de lecture estim\u00e9e":"1 minute"},"schema":{"@context":"https:\/\/schema.org","@graph":[{"@type":"WebPage","@id":"https:\/\/schweizversand.ch\/fr\/produkt\/mattel-disney-princess-cinderella\/","url":"https:\/\/schweizversand.ch\/fr\/produkt\/mattel-disney-princess-cinderella\/","name":"Mattel Disney Princess Cinderella","isPartOf":{"@id":"https:\/\/schweizversand.ch\/fr\/#website"},"primaryImageOfPage":{"@id":"https:\/\/schweizversand.ch\/fr\/produkt\/mattel-disney-princess-cinderella\/#primaryimage"},"image":{"@id":"https:\/\/schweizversand.ch\/fr\/produkt\/mattel-disney-princess-cinderella\/#primaryimage"},"thumbnailUrl":"https:\/\/schweizversand.ch\/wp-content\/uploads\/2026\/02\/5471768688.jpg","datePublished":"2026-04-21T13:31:07+00:00","dateModified":"2026-04-22T13:35:37+00:00","description":"Disney Princess Cinderella Modepuppe \u2013 Kleiderschrank Set Tauchen Sie ein in die magische Welt von Disney mit der Disney Princess Cinderella Puppe und ihrem umf","breadcrumb":{"@id":"https:\/\/schweizversand.ch\/fr\/produkt\/mattel-disney-princess-cinderella\/#breadcrumb"},"inLanguage":"fr-FR","potentialAction":[{"@type":"ReadAction","target":["https:\/\/schweizversand.ch\/fr\/produkt\/mattel-disney-princess-cinderella\/"]}]},{"@type":"ImageObject","inLanguage":"fr-FR","@id":"https:\/\/schweizversand.ch\/fr\/produkt\/mattel-disney-princess-cinderella\/#primaryimage","url":"https:\/\/schweizversand.ch\/wp-content\/uploads\/2026\/02\/5471768688.jpg","contentUrl":"https:\/\/schweizversand.ch\/wp-content\/uploads\/2026\/02\/5471768688.jpg","width":1024,"height":1024},{"@type":"BreadcrumbList","@id":"https:\/\/schweizversand.ch\/fr\/produkt\/mattel-disney-princess-cinderella\/#breadcrumb","itemListElement":[{"@type":"ListItem","position":1,"name":"Startseite","item":"https:\/\/schweizversand.ch\/fr\/home\/"},{"@type":"ListItem","position":2,"name":"Boutique","item":"https:\/\/schweizversand.ch\/fr\/boutique\/"},{"@type":"ListItem","position":3,"name":"Puppe","item":"https:\/\/schweizversand.ch\/fr\/produkt-kategorie\/puppe-2\/"},{"@type":"ListItem","position":4,"name":"Princesse Cendrillon de Mattel Disney"}]},{"@type":"WebSite","@id":"https:\/\/schweizversand.ch\/fr\/#website","url":"https:\/\/schweizversand.ch\/fr\/","name":"Schweizer Shop f\u00fcr Sport, Spiel und Freizeit","description":"Gratisversand ab 50.- (netto), ab eigenem schweizer Lager, Lieferung innert 48h","publisher":{"@id":"https:\/\/schweizversand.ch\/fr\/#organization"},"alternateName":"Schweizversand.ch","potentialAction":[{"@type":"SearchAction","target":{"@type":"EntryPoint","urlTemplate":"https:\/\/schweizversand.ch\/fr\/?s={search_term_string}"},"query-input":{"@type":"PropertyValueSpecification","valueRequired":true,"valueName":"search_term_string"}}],"inLanguage":"fr-FR"},{"@type":"Organization","@id":"https:\/\/schweizversand.ch\/fr\/#organization","name":"Schweizversand.ch","url":"https:\/\/schweizversand.ch\/fr\/","logo":{"@type":"ImageObject","inLanguage":"fr-FR","@id":"https:\/\/schweizversand.ch\/fr\/#\/schema\/logo\/image\/","url":"https:\/\/schweizversand.ch\/wp-content\/uploads\/2026\/03\/Logo_Rund_Final-1.png","contentUrl":"https:\/\/schweizversand.ch\/wp-content\/uploads\/2026\/03\/Logo_Rund_Final-1.png","width":404,"height":404,"caption":"Schweizversand.ch"},"image":{"@id":"https:\/\/schweizversand.ch\/fr\/#\/schema\/logo\/image\/"},"sameAs":["https:\/\/www.facebook.com\/Schweizversand","https:\/\/www.instagram.com\/schweizversand.ch\/"]}]}},"jetpack_sharing_enabled":true,"_links":{"self":[{"href":"https:\/\/schweizversand.ch\/fr\/wp-json\/wp\/v2\/product\/267920","targetHints":{"allow":["GET"]}}],"collection":[{"href":"https:\/\/schweizversand.ch\/fr\/wp-json\/wp\/v2\/product"}],"about":[{"href":"https:\/\/schweizversand.ch\/fr\/wp-json\/wp\/v2\/types\/product"}],"replies":[{"embeddable":true,"href":"https:\/\/schweizversand.ch\/fr\/wp-json\/wp\/v2\/comments?post=267920"}],"wp:featuredmedia":[{"embeddable":true,"href":"https:\/\/schweizversand.ch\/fr\/wp-json\/wp\/v2\/media\/166155"}],"wp:attachment":[{"href":"https:\/\/schweizversand.ch\/fr\/wp-json\/wp\/v2\/media?parent=267920"}],"wp:term":[{"taxonomy":"product_brand","embeddable":true,"href":"https:\/\/schweizversand.ch\/fr\/wp-json\/wp\/v2\/product_brand?post=267920"},{"taxonomy":"product_cat","embeddable":true,"href":"https:\/\/schweizversand.ch\/fr\/wp-json\/wp\/v2\/product_cat?post=267920"},{"taxonomy":"product_tag","embeddable":true,"href":"https:\/\/schweizversand.ch\/fr\/wp-json\/wp\/v2\/product_tag?post=267920"}],"curies":[{"name":"wp","href":"https:\/\/api.w.org\/{rel}","templated":true}]}}