{"id":268049,"date":"2026-04-23T15:31:24","date_gmt":"2026-04-23T13:31:24","guid":{"rendered":"https:\/\/schweizversand.ch\/produkt\/hudora-fussballtor-expert-240\/"},"modified":"2026-05-01T15:34:38","modified_gmt":"2026-05-01T13:34:38","slug":"hudora-fussballtor-expert-240","status":"publish","type":"product","link":"https:\/\/schweizversand.ch\/fr\/produkt\/hudora-fussballtor-expert-240\/","title":{"rendered":"Expert en buts de football Hudora 240"},"content":{"rendered":"<p>Le but de football Hudora Expert 240 est id\u00e9al pour transformer n&rsquo;importe quel jardin en un mini terrain de football. Mesurant 240 cm de large, 160 cm de haut et 85 cm de profondeur, il offre un espace g\u00e9n\u00e9reux pour des parties de football endiabl\u00e9es et est suffisamment robuste pour un entra\u00eenement r\u00e9gulier.<\/p>\n<\/p>\n<p>D\u00e9tails et avantages du produit\u00a0:<\/p>\n<\/p>\n<p>\u2022 Construction robuste\u00a0: Avec des poteaux de 75 mm de diam\u00e8tre et une structure tubulaire en acier thermolaqu\u00e9, le but est particuli\u00e8rement stable et r\u00e9sistant aux intemp\u00e9ries.<\/p>\n<\/p>\n<p>\u2022 Filet de haute qualit\u00e9\u00a0: \u00c9quip\u00e9 d&rsquo;un filet en polyester tiss\u00e9 serr\u00e9 et r\u00e9sistant aux intemp\u00e9ries, capable de supporter les tirs les plus puissants, ce but garantit une grande durabilit\u00e9.<\/p>\n<\/p>\n<p>\u2022 Montage facile\u00a0: Le syst\u00e8me de fixation par vis robuste des poteaux pr\u00e9-\u00e9tiquet\u00e9s facilite le montage. La fixation du filet est assur\u00e9e par un profil\u00e9 m\u00e9tallique ondul\u00e9 \u00e0 l&rsquo;arri\u00e8re, simplifiant ainsi l&rsquo;installation.<\/p>\n<\/p>\n<p>\u2022 Stabilit\u00e9 optimale\u00a0: Des piquets de fixation sont inclus pour ancrer le but au sol et garantir sa stabilit\u00e9, m\u00eame lors de matchs intenses.<\/p>\n<\/p>\n<p>Ce but de football est parfait pour les passionn\u00e9s de tous \u00e2ges qui souhaitent am\u00e9liorer leur pr\u00e9cision de tir ou simplement prendre du plaisir \u00e0 jouer. Il est id\u00e9al pour une utilisation dans votre propre jardin et offre des heures de divertissement et d&rsquo;exercice.<\/p>\n","protected":false},"excerpt":{"rendered":"<p>Hudora Fussballtor Expert 240 \u00fcberzeugt mit robustem Stahlrahmen, wetterfestem Netz und einfacher Montage \u2013 perfekt f\u00fcr intensives Training und Gartenfu\u00dfball.<\/p>\n","protected":false},"featured_media":268090,"comment_status":"open","ping_status":"closed","template":"","meta":[],"product_brand":[],"product_cat":[39184],"product_tag":[],"class_list":{"0":"post-268049","1":"product","2":"type-product","3":"status-publish","4":"has-post-thumbnail","6":"product_cat-fussball","7":"product_shipping_class-global_methods","9":"first","10":"instock","11":"taxable","12":"shipping-taxable","13":"purchasable","14":"product-type-simple"},"yoast_head":"<!-- This site is optimized with the Yoast SEO plugin v27.5 - https:\/\/yoast.com\/product\/yoast-seo-wordpress\/ -->\n<title>Hudora Fussballtor Expert 240<\/title>\n<meta name=\"description\" content=\"Das Hudora Fu\u00dfballtor Expert 240 ist ideal, um jeden Garten in eine kleine Fu\u00dfballarena zu verwandeln. Mit seinen Ma\u00dfen von 240 cm Breite, 160 cm H\u00f6he und 85 cm\" \/>\n<meta name=\"robots\" content=\"index, follow, max-snippet:-1, max-image-preview:large, max-video-preview:-1\" \/>\n<link rel=\"canonical\" href=\"https:\/\/schweizversand.ch\/fr\/produkt\/hudora-fussballtor-expert-240\/\" \/>\n<meta property=\"og:locale\" content=\"fr_FR\" \/>\n<meta property=\"og:type\" content=\"article\" \/>\n<meta property=\"og:title\" content=\"Hudora Fussballtor Expert 240\" \/>\n<meta property=\"og:description\" content=\"Das Hudora Fu\u00dfballtor Expert 240 ist ideal, um jeden Garten in eine kleine Fu\u00dfballarena zu verwandeln. Mit seinen Ma\u00dfen von 240 cm Breite, 160 cm H\u00f6he und 85 cm\" \/>\n<meta property=\"og:url\" content=\"https:\/\/schweizversand.ch\/fr\/produkt\/hudora-fussballtor-expert-240\/\" \/>\n<meta property=\"og:site_name\" content=\"Schweizer Shop f\u00fcr Sport, Spiel und Freizeit\" \/>\n<meta property=\"article:publisher\" content=\"https:\/\/www.facebook.com\/Schweizversand\" \/>\n<meta property=\"article:modified_time\" content=\"2026-05-01T13:34:38+00:00\" \/>\n<meta property=\"og:image\" content=\"https:\/\/schweizversand.ch\/wp-content\/uploads\/2026\/04\/5471526770.jpg\" \/>\n\t<meta property=\"og:image:width\" content=\"1024\" \/>\n\t<meta property=\"og:image:height\" content=\"767\" \/>\n\t<meta property=\"og:image:type\" content=\"image\/jpeg\" \/>\n<meta name=\"twitter:card\" content=\"summary_large_image\" \/>\n<meta name=\"twitter:label1\" content=\"Dur\u00e9e de lecture estim\u00e9e\" \/>\n\t<meta name=\"twitter:data1\" content=\"1 minute\" \/>\n<script type=\"application\/ld+json\" class=\"yoast-schema-graph\">{\"@context\":\"https:\\\/\\\/schema.org\",\"@graph\":[{\"@type\":\"WebPage\",\"@id\":\"https:\\\/\\\/schweizversand.ch\\\/fr\\\/produkt\\\/hudora-fussballtor-expert-240\\\/\",\"url\":\"https:\\\/\\\/schweizversand.ch\\\/fr\\\/produkt\\\/hudora-fussballtor-expert-240\\\/\",\"name\":\"Hudora Fussballtor Expert 240\",\"isPartOf\":{\"@id\":\"https:\\\/\\\/schweizversand.ch\\\/fr\\\/#website\"},\"primaryImageOfPage\":{\"@id\":\"https:\\\/\\\/schweizversand.ch\\\/fr\\\/produkt\\\/hudora-fussballtor-expert-240\\\/#primaryimage\"},\"image\":{\"@id\":\"https:\\\/\\\/schweizversand.ch\\\/fr\\\/produkt\\\/hudora-fussballtor-expert-240\\\/#primaryimage\"},\"thumbnailUrl\":\"https:\\\/\\\/schweizversand.ch\\\/wp-content\\\/uploads\\\/2026\\\/04\\\/5471526770.jpg\",\"datePublished\":\"2026-04-23T13:31:24+00:00\",\"dateModified\":\"2026-05-01T13:34:38+00:00\",\"description\":\"Das Hudora Fu\u00dfballtor Expert 240 ist ideal, um jeden Garten in eine kleine Fu\u00dfballarena zu verwandeln. Mit seinen Ma\u00dfen von 240 cm Breite, 160 cm H\u00f6he und 85 cm\",\"breadcrumb\":{\"@id\":\"https:\\\/\\\/schweizversand.ch\\\/fr\\\/produkt\\\/hudora-fussballtor-expert-240\\\/#breadcrumb\"},\"inLanguage\":\"fr-FR\",\"potentialAction\":[{\"@type\":\"ReadAction\",\"target\":[\"https:\\\/\\\/schweizversand.ch\\\/fr\\\/produkt\\\/hudora-fussballtor-expert-240\\\/\"]}]},{\"@type\":\"ImageObject\",\"inLanguage\":\"fr-FR\",\"@id\":\"https:\\\/\\\/schweizversand.ch\\\/fr\\\/produkt\\\/hudora-fussballtor-expert-240\\\/#primaryimage\",\"url\":\"https:\\\/\\\/schweizversand.ch\\\/wp-content\\\/uploads\\\/2026\\\/04\\\/5471526770.jpg\",\"contentUrl\":\"https:\\\/\\\/schweizversand.ch\\\/wp-content\\\/uploads\\\/2026\\\/04\\\/5471526770.jpg\",\"width\":1024,\"height\":767},{\"@type\":\"BreadcrumbList\",\"@id\":\"https:\\\/\\\/schweizversand.ch\\\/fr\\\/produkt\\\/hudora-fussballtor-expert-240\\\/#breadcrumb\",\"itemListElement\":[{\"@type\":\"ListItem\",\"position\":1,\"name\":\"Startseite\",\"item\":\"https:\\\/\\\/schweizversand.ch\\\/fr\\\/home\\\/\"},{\"@type\":\"ListItem\",\"position\":2,\"name\":\"Boutique\",\"item\":\"https:\\\/\\\/schweizversand.ch\\\/fr\\\/boutique\\\/\"},{\"@type\":\"ListItem\",\"position\":3,\"name\":\"Sports\",\"item\":\"https:\\\/\\\/schweizversand.ch\\\/fr\\\/produkt-kategorie\\\/sports\\\/\"},{\"@type\":\"ListItem\",\"position\":4,\"name\":\"sports de balle et fl\u00e9chettes\",\"item\":\"https:\\\/\\\/schweizversand.ch\\\/fr\\\/produkt-kategorie\\\/sports\\\/sports-de-balle-et-flechettes\\\/\"},{\"@type\":\"ListItem\",\"position\":5,\"name\":\"Fussball\",\"item\":\"https:\\\/\\\/schweizversand.ch\\\/fr\\\/produkt-kategorie\\\/sports\\\/sports-de-balle-et-flechettes\\\/fussball\\\/\"},{\"@type\":\"ListItem\",\"position\":6,\"name\":\"Expert en buts de football Hudora 240\"}]},{\"@type\":\"WebSite\",\"@id\":\"https:\\\/\\\/schweizversand.ch\\\/fr\\\/#website\",\"url\":\"https:\\\/\\\/schweizversand.ch\\\/fr\\\/\",\"name\":\"Schweizer Shop f\u00fcr Sport, Spiel und Freizeit\",\"description\":\"Gratisversand ab 50.- (netto), ab eigenem schweizer Lager, Lieferung innert 48h\",\"publisher\":{\"@id\":\"https:\\\/\\\/schweizversand.ch\\\/fr\\\/#organization\"},\"alternateName\":\"Schweizversand.ch\",\"potentialAction\":[{\"@type\":\"SearchAction\",\"target\":{\"@type\":\"EntryPoint\",\"urlTemplate\":\"https:\\\/\\\/schweizversand.ch\\\/fr\\\/?s={search_term_string}\"},\"query-input\":{\"@type\":\"PropertyValueSpecification\",\"valueRequired\":true,\"valueName\":\"search_term_string\"}}],\"inLanguage\":\"fr-FR\"},{\"@type\":\"Organization\",\"@id\":\"https:\\\/\\\/schweizversand.ch\\\/fr\\\/#organization\",\"name\":\"Schweizversand.ch\",\"url\":\"https:\\\/\\\/schweizversand.ch\\\/fr\\\/\",\"logo\":{\"@type\":\"ImageObject\",\"inLanguage\":\"fr-FR\",\"@id\":\"https:\\\/\\\/schweizversand.ch\\\/fr\\\/#\\\/schema\\\/logo\\\/image\\\/\",\"url\":\"https:\\\/\\\/schweizversand.ch\\\/wp-content\\\/uploads\\\/2026\\\/03\\\/Logo_Rund_Final-1.png\",\"contentUrl\":\"https:\\\/\\\/schweizversand.ch\\\/wp-content\\\/uploads\\\/2026\\\/03\\\/Logo_Rund_Final-1.png\",\"width\":404,\"height\":404,\"caption\":\"Schweizversand.ch\"},\"image\":{\"@id\":\"https:\\\/\\\/schweizversand.ch\\\/fr\\\/#\\\/schema\\\/logo\\\/image\\\/\"},\"sameAs\":[\"https:\\\/\\\/www.facebook.com\\\/Schweizversand\",\"https:\\\/\\\/www.instagram.com\\\/schweizversand.ch\\\/\"]}]}<\/script>\n<!-- \/ Yoast SEO plugin. -->","yoast_head_json":{"title":"Hudora Fussballtor Expert 240","description":"Das Hudora Fu\u00dfballtor Expert 240 ist ideal, um jeden Garten in eine kleine Fu\u00dfballarena zu verwandeln. Mit seinen Ma\u00dfen von 240 cm Breite, 160 cm H\u00f6he und 85 cm","robots":{"index":"index","follow":"follow","max-snippet":"max-snippet:-1","max-image-preview":"max-image-preview:large","max-video-preview":"max-video-preview:-1"},"canonical":"https:\/\/schweizversand.ch\/fr\/produkt\/hudora-fussballtor-expert-240\/","og_locale":"fr_FR","og_type":"article","og_title":"Hudora Fussballtor Expert 240","og_description":"Das Hudora Fu\u00dfballtor Expert 240 ist ideal, um jeden Garten in eine kleine Fu\u00dfballarena zu verwandeln. Mit seinen Ma\u00dfen von 240 cm Breite, 160 cm H\u00f6he und 85 cm","og_url":"https:\/\/schweizversand.ch\/fr\/produkt\/hudora-fussballtor-expert-240\/","og_site_name":"Schweizer Shop f\u00fcr Sport, Spiel und Freizeit","article_publisher":"https:\/\/www.facebook.com\/Schweizversand","article_modified_time":"2026-05-01T13:34:38+00:00","og_image":[{"width":1024,"height":767,"url":"https:\/\/schweizversand.ch\/wp-content\/uploads\/2026\/04\/5471526770.jpg","type":"image\/jpeg"}],"twitter_card":"summary_large_image","twitter_misc":{"Dur\u00e9e de lecture estim\u00e9e":"1 minute"},"schema":{"@context":"https:\/\/schema.org","@graph":[{"@type":"WebPage","@id":"https:\/\/schweizversand.ch\/fr\/produkt\/hudora-fussballtor-expert-240\/","url":"https:\/\/schweizversand.ch\/fr\/produkt\/hudora-fussballtor-expert-240\/","name":"Hudora Fussballtor Expert 240","isPartOf":{"@id":"https:\/\/schweizversand.ch\/fr\/#website"},"primaryImageOfPage":{"@id":"https:\/\/schweizversand.ch\/fr\/produkt\/hudora-fussballtor-expert-240\/#primaryimage"},"image":{"@id":"https:\/\/schweizversand.ch\/fr\/produkt\/hudora-fussballtor-expert-240\/#primaryimage"},"thumbnailUrl":"https:\/\/schweizversand.ch\/wp-content\/uploads\/2026\/04\/5471526770.jpg","datePublished":"2026-04-23T13:31:24+00:00","dateModified":"2026-05-01T13:34:38+00:00","description":"Das Hudora Fu\u00dfballtor Expert 240 ist ideal, um jeden Garten in eine kleine Fu\u00dfballarena zu verwandeln. Mit seinen Ma\u00dfen von 240 cm Breite, 160 cm H\u00f6he und 85 cm","breadcrumb":{"@id":"https:\/\/schweizversand.ch\/fr\/produkt\/hudora-fussballtor-expert-240\/#breadcrumb"},"inLanguage":"fr-FR","potentialAction":[{"@type":"ReadAction","target":["https:\/\/schweizversand.ch\/fr\/produkt\/hudora-fussballtor-expert-240\/"]}]},{"@type":"ImageObject","inLanguage":"fr-FR","@id":"https:\/\/schweizversand.ch\/fr\/produkt\/hudora-fussballtor-expert-240\/#primaryimage","url":"https:\/\/schweizversand.ch\/wp-content\/uploads\/2026\/04\/5471526770.jpg","contentUrl":"https:\/\/schweizversand.ch\/wp-content\/uploads\/2026\/04\/5471526770.jpg","width":1024,"height":767},{"@type":"BreadcrumbList","@id":"https:\/\/schweizversand.ch\/fr\/produkt\/hudora-fussballtor-expert-240\/#breadcrumb","itemListElement":[{"@type":"ListItem","position":1,"name":"Startseite","item":"https:\/\/schweizversand.ch\/fr\/home\/"},{"@type":"ListItem","position":2,"name":"Boutique","item":"https:\/\/schweizversand.ch\/fr\/boutique\/"},{"@type":"ListItem","position":3,"name":"Sports","item":"https:\/\/schweizversand.ch\/fr\/produkt-kategorie\/sports\/"},{"@type":"ListItem","position":4,"name":"sports de balle et fl\u00e9chettes","item":"https:\/\/schweizversand.ch\/fr\/produkt-kategorie\/sports\/sports-de-balle-et-flechettes\/"},{"@type":"ListItem","position":5,"name":"Fussball","item":"https:\/\/schweizversand.ch\/fr\/produkt-kategorie\/sports\/sports-de-balle-et-flechettes\/fussball\/"},{"@type":"ListItem","position":6,"name":"Expert en buts de football Hudora 240"}]},{"@type":"WebSite","@id":"https:\/\/schweizversand.ch\/fr\/#website","url":"https:\/\/schweizversand.ch\/fr\/","name":"Schweizer Shop f\u00fcr Sport, Spiel und Freizeit","description":"Gratisversand ab 50.- (netto), ab eigenem schweizer Lager, Lieferung innert 48h","publisher":{"@id":"https:\/\/schweizversand.ch\/fr\/#organization"},"alternateName":"Schweizversand.ch","potentialAction":[{"@type":"SearchAction","target":{"@type":"EntryPoint","urlTemplate":"https:\/\/schweizversand.ch\/fr\/?s={search_term_string}"},"query-input":{"@type":"PropertyValueSpecification","valueRequired":true,"valueName":"search_term_string"}}],"inLanguage":"fr-FR"},{"@type":"Organization","@id":"https:\/\/schweizversand.ch\/fr\/#organization","name":"Schweizversand.ch","url":"https:\/\/schweizversand.ch\/fr\/","logo":{"@type":"ImageObject","inLanguage":"fr-FR","@id":"https:\/\/schweizversand.ch\/fr\/#\/schema\/logo\/image\/","url":"https:\/\/schweizversand.ch\/wp-content\/uploads\/2026\/03\/Logo_Rund_Final-1.png","contentUrl":"https:\/\/schweizversand.ch\/wp-content\/uploads\/2026\/03\/Logo_Rund_Final-1.png","width":404,"height":404,"caption":"Schweizversand.ch"},"image":{"@id":"https:\/\/schweizversand.ch\/fr\/#\/schema\/logo\/image\/"},"sameAs":["https:\/\/www.facebook.com\/Schweizversand","https:\/\/www.instagram.com\/schweizversand.ch\/"]}]}},"jetpack_sharing_enabled":true,"_links":{"self":[{"href":"https:\/\/schweizversand.ch\/fr\/wp-json\/wp\/v2\/product\/268049","targetHints":{"allow":["GET"]}}],"collection":[{"href":"https:\/\/schweizversand.ch\/fr\/wp-json\/wp\/v2\/product"}],"about":[{"href":"https:\/\/schweizversand.ch\/fr\/wp-json\/wp\/v2\/types\/product"}],"replies":[{"embeddable":true,"href":"https:\/\/schweizversand.ch\/fr\/wp-json\/wp\/v2\/comments?post=268049"}],"wp:featuredmedia":[{"embeddable":true,"href":"https:\/\/schweizversand.ch\/fr\/wp-json\/wp\/v2\/media\/268090"}],"wp:attachment":[{"href":"https:\/\/schweizversand.ch\/fr\/wp-json\/wp\/v2\/media?parent=268049"}],"wp:term":[{"taxonomy":"product_brand","embeddable":true,"href":"https:\/\/schweizversand.ch\/fr\/wp-json\/wp\/v2\/product_brand?post=268049"},{"taxonomy":"product_cat","embeddable":true,"href":"https:\/\/schweizversand.ch\/fr\/wp-json\/wp\/v2\/product_cat?post=268049"},{"taxonomy":"product_tag","embeddable":true,"href":"https:\/\/schweizversand.ch\/fr\/wp-json\/wp\/v2\/product_tag?post=268049"}],"curies":[{"name":"wp","href":"https:\/\/api.w.org\/{rel}","templated":true}]}}