{"id":268053,"date":"2026-04-23T15:31:24","date_gmt":"2026-04-23T13:31:24","guid":{"rendered":"https:\/\/schweizversand.ch\/produkt\/hudora-fussballtor-roco-300-mit-torwand\/"},"modified":"2026-05-01T15:34:39","modified_gmt":"2026-05-01T13:34:39","slug":"hudora-fussballtor-roco-300-mit-torwand","status":"publish","type":"product","link":"https:\/\/schweizversand.ch\/fr\/produkt\/hudora-fussballtor-roco-300-mit-torwand\/","title":{"rendered":"But de football Hudora Roco 300 avec mur de but"},"content":{"rendered":"<p>Ce but de football haut de gamme offre tout le n\u00e9cessaire pour des parties intenses et s\u00e9curis\u00e9es. Sa structure robuste en tubes d&rsquo;acier thermolaqu\u00e9s garantit durabilit\u00e9 et r\u00e9sistance, tandis que ses poteaux et sa barre transversale de 75 mm de diam\u00e8tre, associ\u00e9s \u00e0 son syst\u00e8me de pliage pratique, facilitent le rangement et le transport. Les poteaux arri\u00e8re, d&rsquo;un diam\u00e8tre de 38 mm, assurent une stabilit\u00e9 accrue.<\/p>\n<\/p>\n<p>Mesurant 315,5 x 208,1 x 131,3 cm, ce but offre un espace g\u00e9n\u00e9reux pour des tirs r\u00e9alistes. Les fixations robustes des poteaux par vis garantissent une construction solide et stable. Des crochets en plastique permettent une installation facile du filet, tandis que ce dernier, r\u00e9sistant aux intemp\u00e9ries, avec son large ourlet inf\u00e9rieur (sur tout le pourtour) et ses mailles d&rsquo;environ 8 cm, est particuli\u00e8rement durable.<\/p>\n<\/p>\n<p>Le but est \u00e9quip\u00e9 de trois ancrages au sol robustes \u00e0 visser pour une fixation optimale. La cible, \u00e9galement robuste, est dot\u00e9e de 5 trous et 5 zones de d\u00e9gagement, permettant de moduler l&rsquo;ouverture des tirs et ainsi de varier les entra\u00eenements.<\/p>\n<\/p>\n<p>Ce but de football est parfait pour les entra\u00eenements, les matchs et les exercices \u2013 robuste, flexible et facile \u00e0 utiliser !<\/p>\n","protected":false},"excerpt":{"rendered":"<p>Hudora Fussballtor Roco 300 mit Torwand bietet stabilen Stahlrahmen, wetterfestes Netz und praktischen Faltmechanismus f\u00fcr langlebigen Spielspa\u00df und einfache Lagerung.<\/p>\n","protected":false},"featured_media":268106,"comment_status":"open","ping_status":"closed","template":"","meta":[],"product_brand":[],"product_cat":[39184],"product_tag":[],"class_list":{"0":"post-268053","1":"product","2":"type-product","3":"status-publish","4":"has-post-thumbnail","6":"product_cat-fussball","7":"product_shipping_class-global_methods","9":"first","10":"instock","11":"taxable","12":"shipping-taxable","13":"purchasable","14":"product-type-simple"},"yoast_head":"<!-- This site is optimized with the Yoast SEO plugin v27.5 - https:\/\/yoast.com\/product\/yoast-seo-wordpress\/ -->\n<title>Hudora Fussballtor Roco 300 mit Torwand<\/title>\n<meta name=\"description\" content=\"Dieses hochwertige Fu\u00dfballtor bietet dir alles, was du f\u00fcr ein intensives und sicheres Spiel ben\u00f6tigst. Der stabile, pulverbeschichtete Stahlrohrrahmen sorgt f\u00fc\" \/>\n<meta name=\"robots\" content=\"index, follow, max-snippet:-1, max-image-preview:large, max-video-preview:-1\" \/>\n<link rel=\"canonical\" href=\"https:\/\/schweizversand.ch\/fr\/produkt\/hudora-fussballtor-roco-300-mit-torwand\/\" \/>\n<meta property=\"og:locale\" content=\"fr_FR\" \/>\n<meta property=\"og:type\" content=\"article\" \/>\n<meta property=\"og:title\" content=\"Hudora Fussballtor Roco 300 mit Torwand\" \/>\n<meta property=\"og:description\" content=\"Dieses hochwertige Fu\u00dfballtor bietet dir alles, was du f\u00fcr ein intensives und sicheres Spiel ben\u00f6tigst. Der stabile, pulverbeschichtete Stahlrohrrahmen sorgt f\u00fc\" \/>\n<meta property=\"og:url\" content=\"https:\/\/schweizversand.ch\/fr\/produkt\/hudora-fussballtor-roco-300-mit-torwand\/\" \/>\n<meta property=\"og:site_name\" content=\"Schweizer Shop f\u00fcr Sport, Spiel und Freizeit\" \/>\n<meta property=\"article:publisher\" content=\"https:\/\/www.facebook.com\/Schweizversand\" \/>\n<meta property=\"article:modified_time\" content=\"2026-05-01T13:34:39+00:00\" \/>\n<meta property=\"og:image\" content=\"https:\/\/schweizversand.ch\/wp-content\/uploads\/2026\/04\/5471778536.jpg\" \/>\n\t<meta property=\"og:image:width\" content=\"1024\" \/>\n\t<meta property=\"og:image:height\" content=\"576\" \/>\n\t<meta property=\"og:image:type\" content=\"image\/jpeg\" \/>\n<meta name=\"twitter:card\" content=\"summary_large_image\" \/>\n<meta name=\"twitter:label1\" content=\"Dur\u00e9e de lecture estim\u00e9e\" \/>\n\t<meta name=\"twitter:data1\" content=\"1 minute\" \/>\n<script type=\"application\/ld+json\" class=\"yoast-schema-graph\">{\"@context\":\"https:\\\/\\\/schema.org\",\"@graph\":[{\"@type\":\"WebPage\",\"@id\":\"https:\\\/\\\/schweizversand.ch\\\/fr\\\/produkt\\\/hudora-fussballtor-roco-300-mit-torwand\\\/\",\"url\":\"https:\\\/\\\/schweizversand.ch\\\/fr\\\/produkt\\\/hudora-fussballtor-roco-300-mit-torwand\\\/\",\"name\":\"Hudora Fussballtor Roco 300 mit Torwand\",\"isPartOf\":{\"@id\":\"https:\\\/\\\/schweizversand.ch\\\/fr\\\/#website\"},\"primaryImageOfPage\":{\"@id\":\"https:\\\/\\\/schweizversand.ch\\\/fr\\\/produkt\\\/hudora-fussballtor-roco-300-mit-torwand\\\/#primaryimage\"},\"image\":{\"@id\":\"https:\\\/\\\/schweizversand.ch\\\/fr\\\/produkt\\\/hudora-fussballtor-roco-300-mit-torwand\\\/#primaryimage\"},\"thumbnailUrl\":\"https:\\\/\\\/schweizversand.ch\\\/wp-content\\\/uploads\\\/2026\\\/04\\\/5471778536.jpg\",\"datePublished\":\"2026-04-23T13:31:24+00:00\",\"dateModified\":\"2026-05-01T13:34:39+00:00\",\"description\":\"Dieses hochwertige Fu\u00dfballtor bietet dir alles, was du f\u00fcr ein intensives und sicheres Spiel ben\u00f6tigst. Der stabile, pulverbeschichtete Stahlrohrrahmen sorgt f\u00fc\",\"breadcrumb\":{\"@id\":\"https:\\\/\\\/schweizversand.ch\\\/fr\\\/produkt\\\/hudora-fussballtor-roco-300-mit-torwand\\\/#breadcrumb\"},\"inLanguage\":\"fr-FR\",\"potentialAction\":[{\"@type\":\"ReadAction\",\"target\":[\"https:\\\/\\\/schweizversand.ch\\\/fr\\\/produkt\\\/hudora-fussballtor-roco-300-mit-torwand\\\/\"]}]},{\"@type\":\"ImageObject\",\"inLanguage\":\"fr-FR\",\"@id\":\"https:\\\/\\\/schweizversand.ch\\\/fr\\\/produkt\\\/hudora-fussballtor-roco-300-mit-torwand\\\/#primaryimage\",\"url\":\"https:\\\/\\\/schweizversand.ch\\\/wp-content\\\/uploads\\\/2026\\\/04\\\/5471778536.jpg\",\"contentUrl\":\"https:\\\/\\\/schweizversand.ch\\\/wp-content\\\/uploads\\\/2026\\\/04\\\/5471778536.jpg\",\"width\":1024,\"height\":576},{\"@type\":\"BreadcrumbList\",\"@id\":\"https:\\\/\\\/schweizversand.ch\\\/fr\\\/produkt\\\/hudora-fussballtor-roco-300-mit-torwand\\\/#breadcrumb\",\"itemListElement\":[{\"@type\":\"ListItem\",\"position\":1,\"name\":\"Startseite\",\"item\":\"https:\\\/\\\/schweizversand.ch\\\/fr\\\/home\\\/\"},{\"@type\":\"ListItem\",\"position\":2,\"name\":\"Boutique\",\"item\":\"https:\\\/\\\/schweizversand.ch\\\/fr\\\/boutique\\\/\"},{\"@type\":\"ListItem\",\"position\":3,\"name\":\"Sports\",\"item\":\"https:\\\/\\\/schweizversand.ch\\\/fr\\\/produkt-kategorie\\\/sports\\\/\"},{\"@type\":\"ListItem\",\"position\":4,\"name\":\"sports de balle et fl\u00e9chettes\",\"item\":\"https:\\\/\\\/schweizversand.ch\\\/fr\\\/produkt-kategorie\\\/sports\\\/sports-de-balle-et-flechettes\\\/\"},{\"@type\":\"ListItem\",\"position\":5,\"name\":\"Fussball\",\"item\":\"https:\\\/\\\/schweizversand.ch\\\/fr\\\/produkt-kategorie\\\/sports\\\/sports-de-balle-et-flechettes\\\/fussball\\\/\"},{\"@type\":\"ListItem\",\"position\":6,\"name\":\"But de football Hudora Roco 300 avec mur de but\"}]},{\"@type\":\"WebSite\",\"@id\":\"https:\\\/\\\/schweizversand.ch\\\/fr\\\/#website\",\"url\":\"https:\\\/\\\/schweizversand.ch\\\/fr\\\/\",\"name\":\"Schweizer Shop f\u00fcr Sport, Spiel und Freizeit\",\"description\":\"Gratisversand ab 50.- (netto), ab eigenem schweizer Lager, Lieferung innert 48h\",\"publisher\":{\"@id\":\"https:\\\/\\\/schweizversand.ch\\\/fr\\\/#organization\"},\"alternateName\":\"Schweizversand.ch\",\"potentialAction\":[{\"@type\":\"SearchAction\",\"target\":{\"@type\":\"EntryPoint\",\"urlTemplate\":\"https:\\\/\\\/schweizversand.ch\\\/fr\\\/?s={search_term_string}\"},\"query-input\":{\"@type\":\"PropertyValueSpecification\",\"valueRequired\":true,\"valueName\":\"search_term_string\"}}],\"inLanguage\":\"fr-FR\"},{\"@type\":\"Organization\",\"@id\":\"https:\\\/\\\/schweizversand.ch\\\/fr\\\/#organization\",\"name\":\"Schweizversand.ch\",\"url\":\"https:\\\/\\\/schweizversand.ch\\\/fr\\\/\",\"logo\":{\"@type\":\"ImageObject\",\"inLanguage\":\"fr-FR\",\"@id\":\"https:\\\/\\\/schweizversand.ch\\\/fr\\\/#\\\/schema\\\/logo\\\/image\\\/\",\"url\":\"https:\\\/\\\/schweizversand.ch\\\/wp-content\\\/uploads\\\/2026\\\/03\\\/Logo_Rund_Final-1.png\",\"contentUrl\":\"https:\\\/\\\/schweizversand.ch\\\/wp-content\\\/uploads\\\/2026\\\/03\\\/Logo_Rund_Final-1.png\",\"width\":404,\"height\":404,\"caption\":\"Schweizversand.ch\"},\"image\":{\"@id\":\"https:\\\/\\\/schweizversand.ch\\\/fr\\\/#\\\/schema\\\/logo\\\/image\\\/\"},\"sameAs\":[\"https:\\\/\\\/www.facebook.com\\\/Schweizversand\",\"https:\\\/\\\/www.instagram.com\\\/schweizversand.ch\\\/\"]}]}<\/script>\n<!-- \/ Yoast SEO plugin. -->","yoast_head_json":{"title":"Hudora Fussballtor Roco 300 mit Torwand","description":"Dieses hochwertige Fu\u00dfballtor bietet dir alles, was du f\u00fcr ein intensives und sicheres Spiel ben\u00f6tigst. Der stabile, pulverbeschichtete Stahlrohrrahmen sorgt f\u00fc","robots":{"index":"index","follow":"follow","max-snippet":"max-snippet:-1","max-image-preview":"max-image-preview:large","max-video-preview":"max-video-preview:-1"},"canonical":"https:\/\/schweizversand.ch\/fr\/produkt\/hudora-fussballtor-roco-300-mit-torwand\/","og_locale":"fr_FR","og_type":"article","og_title":"Hudora Fussballtor Roco 300 mit Torwand","og_description":"Dieses hochwertige Fu\u00dfballtor bietet dir alles, was du f\u00fcr ein intensives und sicheres Spiel ben\u00f6tigst. Der stabile, pulverbeschichtete Stahlrohrrahmen sorgt f\u00fc","og_url":"https:\/\/schweizversand.ch\/fr\/produkt\/hudora-fussballtor-roco-300-mit-torwand\/","og_site_name":"Schweizer Shop f\u00fcr Sport, Spiel und Freizeit","article_publisher":"https:\/\/www.facebook.com\/Schweizversand","article_modified_time":"2026-05-01T13:34:39+00:00","og_image":[{"width":1024,"height":576,"url":"https:\/\/schweizversand.ch\/wp-content\/uploads\/2026\/04\/5471778536.jpg","type":"image\/jpeg"}],"twitter_card":"summary_large_image","twitter_misc":{"Dur\u00e9e de lecture estim\u00e9e":"1 minute"},"schema":{"@context":"https:\/\/schema.org","@graph":[{"@type":"WebPage","@id":"https:\/\/schweizversand.ch\/fr\/produkt\/hudora-fussballtor-roco-300-mit-torwand\/","url":"https:\/\/schweizversand.ch\/fr\/produkt\/hudora-fussballtor-roco-300-mit-torwand\/","name":"Hudora Fussballtor Roco 300 mit Torwand","isPartOf":{"@id":"https:\/\/schweizversand.ch\/fr\/#website"},"primaryImageOfPage":{"@id":"https:\/\/schweizversand.ch\/fr\/produkt\/hudora-fussballtor-roco-300-mit-torwand\/#primaryimage"},"image":{"@id":"https:\/\/schweizversand.ch\/fr\/produkt\/hudora-fussballtor-roco-300-mit-torwand\/#primaryimage"},"thumbnailUrl":"https:\/\/schweizversand.ch\/wp-content\/uploads\/2026\/04\/5471778536.jpg","datePublished":"2026-04-23T13:31:24+00:00","dateModified":"2026-05-01T13:34:39+00:00","description":"Dieses hochwertige Fu\u00dfballtor bietet dir alles, was du f\u00fcr ein intensives und sicheres Spiel ben\u00f6tigst. Der stabile, pulverbeschichtete Stahlrohrrahmen sorgt f\u00fc","breadcrumb":{"@id":"https:\/\/schweizversand.ch\/fr\/produkt\/hudora-fussballtor-roco-300-mit-torwand\/#breadcrumb"},"inLanguage":"fr-FR","potentialAction":[{"@type":"ReadAction","target":["https:\/\/schweizversand.ch\/fr\/produkt\/hudora-fussballtor-roco-300-mit-torwand\/"]}]},{"@type":"ImageObject","inLanguage":"fr-FR","@id":"https:\/\/schweizversand.ch\/fr\/produkt\/hudora-fussballtor-roco-300-mit-torwand\/#primaryimage","url":"https:\/\/schweizversand.ch\/wp-content\/uploads\/2026\/04\/5471778536.jpg","contentUrl":"https:\/\/schweizversand.ch\/wp-content\/uploads\/2026\/04\/5471778536.jpg","width":1024,"height":576},{"@type":"BreadcrumbList","@id":"https:\/\/schweizversand.ch\/fr\/produkt\/hudora-fussballtor-roco-300-mit-torwand\/#breadcrumb","itemListElement":[{"@type":"ListItem","position":1,"name":"Startseite","item":"https:\/\/schweizversand.ch\/fr\/home\/"},{"@type":"ListItem","position":2,"name":"Boutique","item":"https:\/\/schweizversand.ch\/fr\/boutique\/"},{"@type":"ListItem","position":3,"name":"Sports","item":"https:\/\/schweizversand.ch\/fr\/produkt-kategorie\/sports\/"},{"@type":"ListItem","position":4,"name":"sports de balle et fl\u00e9chettes","item":"https:\/\/schweizversand.ch\/fr\/produkt-kategorie\/sports\/sports-de-balle-et-flechettes\/"},{"@type":"ListItem","position":5,"name":"Fussball","item":"https:\/\/schweizversand.ch\/fr\/produkt-kategorie\/sports\/sports-de-balle-et-flechettes\/fussball\/"},{"@type":"ListItem","position":6,"name":"But de football Hudora Roco 300 avec mur de but"}]},{"@type":"WebSite","@id":"https:\/\/schweizversand.ch\/fr\/#website","url":"https:\/\/schweizversand.ch\/fr\/","name":"Schweizer Shop f\u00fcr Sport, Spiel und Freizeit","description":"Gratisversand ab 50.- (netto), ab eigenem schweizer Lager, Lieferung innert 48h","publisher":{"@id":"https:\/\/schweizversand.ch\/fr\/#organization"},"alternateName":"Schweizversand.ch","potentialAction":[{"@type":"SearchAction","target":{"@type":"EntryPoint","urlTemplate":"https:\/\/schweizversand.ch\/fr\/?s={search_term_string}"},"query-input":{"@type":"PropertyValueSpecification","valueRequired":true,"valueName":"search_term_string"}}],"inLanguage":"fr-FR"},{"@type":"Organization","@id":"https:\/\/schweizversand.ch\/fr\/#organization","name":"Schweizversand.ch","url":"https:\/\/schweizversand.ch\/fr\/","logo":{"@type":"ImageObject","inLanguage":"fr-FR","@id":"https:\/\/schweizversand.ch\/fr\/#\/schema\/logo\/image\/","url":"https:\/\/schweizversand.ch\/wp-content\/uploads\/2026\/03\/Logo_Rund_Final-1.png","contentUrl":"https:\/\/schweizversand.ch\/wp-content\/uploads\/2026\/03\/Logo_Rund_Final-1.png","width":404,"height":404,"caption":"Schweizversand.ch"},"image":{"@id":"https:\/\/schweizversand.ch\/fr\/#\/schema\/logo\/image\/"},"sameAs":["https:\/\/www.facebook.com\/Schweizversand","https:\/\/www.instagram.com\/schweizversand.ch\/"]}]}},"jetpack_sharing_enabled":true,"_links":{"self":[{"href":"https:\/\/schweizversand.ch\/fr\/wp-json\/wp\/v2\/product\/268053","targetHints":{"allow":["GET"]}}],"collection":[{"href":"https:\/\/schweizversand.ch\/fr\/wp-json\/wp\/v2\/product"}],"about":[{"href":"https:\/\/schweizversand.ch\/fr\/wp-json\/wp\/v2\/types\/product"}],"replies":[{"embeddable":true,"href":"https:\/\/schweizversand.ch\/fr\/wp-json\/wp\/v2\/comments?post=268053"}],"wp:featuredmedia":[{"embeddable":true,"href":"https:\/\/schweizversand.ch\/fr\/wp-json\/wp\/v2\/media\/268106"}],"wp:attachment":[{"href":"https:\/\/schweizversand.ch\/fr\/wp-json\/wp\/v2\/media?parent=268053"}],"wp:term":[{"taxonomy":"product_brand","embeddable":true,"href":"https:\/\/schweizversand.ch\/fr\/wp-json\/wp\/v2\/product_brand?post=268053"},{"taxonomy":"product_cat","embeddable":true,"href":"https:\/\/schweizversand.ch\/fr\/wp-json\/wp\/v2\/product_cat?post=268053"},{"taxonomy":"product_tag","embeddable":true,"href":"https:\/\/schweizversand.ch\/fr\/wp-json\/wp\/v2\/product_tag?post=268053"}],"curies":[{"name":"wp","href":"https:\/\/api.w.org\/{rel}","templated":true}]}}