{"id":268054,"date":"2026-04-23T15:31:25","date_gmt":"2026-04-23T13:31:25","guid":{"rendered":"https:\/\/schweizversand.ch\/produkt\/hudora-fussballtor-roco-240-mit-torwand\/"},"modified":"2026-05-01T15:34:39","modified_gmt":"2026-05-01T13:34:39","slug":"hudora-fussballtor-roco-240-mit-torwand","status":"publish","type":"product","link":"https:\/\/schweizversand.ch\/fr\/produkt\/hudora-fussballtor-roco-240-mit-torwand\/","title":{"rendered":"But de football Hudora Roco 240 avec mur de but"},"content":{"rendered":"<p>Ce but de football haut de gamme offre tout le n\u00e9cessaire pour un entra\u00eenement intensif et vari\u00e9. Sa structure tubulaire en acier thermolaqu\u00e9 garantit une stabilit\u00e9 et une durabilit\u00e9 exceptionnelles, tandis que ses poteaux et sa barre transversale de 75 mm de diam\u00e8tre, associ\u00e9s \u00e0 son m\u00e9canisme de pliage pratique, le rendent particuli\u00e8rement compact et facile \u00e0 transporter. Les poteaux arri\u00e8re, d&rsquo;un diam\u00e8tre de 38 mm, offrent une solidit\u00e9 accrue.<\/p>\n<\/p>\n<p>Avec ses dimensions g\u00e9n\u00e9reuses de 255,4 x 167,7 x 96 cm, ce but est id\u00e9al pour des tirs r\u00e9alistes et un entra\u00eenement intensif, tout en offrant une solution compacte pour les terrains plus petits. Les fixations robustes des poteaux par vis assurent une construction solide et durable. Des crochets en plastique permettent un montage rapide et facile du filet.<\/p>\n<\/p>\n<p>Le filet r\u00e9sistant aux intemp\u00e9ries, avec son large rebord inf\u00e9rieur et ses mailles d&rsquo;environ 8 cm, offre une robustesse et une durabilit\u00e9 accrues. Le but est solidement et durablement fix\u00e9 au sol gr\u00e2ce \u00e0 trois ancrages \u00e0 vis robustes.<\/p>\n<\/p>\n<p>Le mur cible robuste comporte cinq trous et cinq caches, permettant de moduler l&rsquo;ouverture des tirs. Sa conception double face vous offre la flexibilit\u00e9 d&rsquo;utiliser ce but pour diff\u00e9rents sc\u00e9narios d&rsquo;entra\u00eenement ou pour le tir au but.<\/p>\n<\/p>\n<p>Ce but de football est le choix id\u00e9al pour vos entra\u00eenements ou votre prochain match\u00a0: il allie stabilit\u00e9, flexibilit\u00e9 et facilit\u00e9 d&rsquo;utilisation\u00a0!<\/p>\n","protected":false},"excerpt":{"rendered":"<p>Hudora Fussballtor Roco 240 mit Torwand bietet stabile Stahlrahmen, platzsparenden Faltmechanismus und optimale Ma\u00dfe f\u00fcr intensives, realistisches Fu\u00dfballtraining.<\/p>\n","protected":false},"featured_media":268112,"comment_status":"open","ping_status":"closed","template":"","meta":[],"product_brand":[],"product_cat":[39184],"product_tag":[],"class_list":{"0":"post-268054","1":"product","2":"type-product","3":"status-publish","4":"has-post-thumbnail","6":"product_cat-fussball","7":"product_shipping_class-global_methods","9":"first","10":"instock","11":"taxable","12":"shipping-taxable","13":"purchasable","14":"product-type-simple"},"yoast_head":"<!-- This site is optimized with the Yoast SEO plugin v27.5 - https:\/\/yoast.com\/product\/yoast-seo-wordpress\/ -->\n<title>Hudora Fussballtor Roco 240 mit Torwand<\/title>\n<meta name=\"description\" content=\"Das hochwertige Fu\u00dfballtor bietet dir alles, was du f\u00fcr ein intensives und abwechslungsreiches Training ben\u00f6tigst. Der pulverbeschichtete Stahlrohrrahmen sorgt\" \/>\n<meta name=\"robots\" content=\"index, follow, max-snippet:-1, max-image-preview:large, max-video-preview:-1\" \/>\n<link rel=\"canonical\" href=\"https:\/\/schweizversand.ch\/fr\/produkt\/hudora-fussballtor-roco-240-mit-torwand\/\" \/>\n<meta property=\"og:locale\" content=\"fr_FR\" \/>\n<meta property=\"og:type\" content=\"article\" \/>\n<meta property=\"og:title\" content=\"Hudora Fussballtor Roco 240 mit Torwand\" \/>\n<meta property=\"og:description\" content=\"Das hochwertige Fu\u00dfballtor bietet dir alles, was du f\u00fcr ein intensives und abwechslungsreiches Training ben\u00f6tigst. Der pulverbeschichtete Stahlrohrrahmen sorgt\" \/>\n<meta property=\"og:url\" content=\"https:\/\/schweizversand.ch\/fr\/produkt\/hudora-fussballtor-roco-240-mit-torwand\/\" \/>\n<meta property=\"og:site_name\" content=\"Schweizer Shop f\u00fcr Sport, Spiel und Freizeit\" \/>\n<meta property=\"article:publisher\" content=\"https:\/\/www.facebook.com\/Schweizversand\" \/>\n<meta property=\"article:modified_time\" content=\"2026-05-01T13:34:39+00:00\" \/>\n<meta property=\"og:image\" content=\"https:\/\/schweizversand.ch\/wp-content\/uploads\/2026\/04\/5471778574.jpg\" \/>\n\t<meta property=\"og:image:width\" content=\"1024\" \/>\n\t<meta property=\"og:image:height\" content=\"576\" \/>\n\t<meta property=\"og:image:type\" content=\"image\/jpeg\" \/>\n<meta name=\"twitter:card\" content=\"summary_large_image\" \/>\n<meta name=\"twitter:label1\" content=\"Dur\u00e9e de lecture estim\u00e9e\" \/>\n\t<meta name=\"twitter:data1\" content=\"1 minute\" \/>\n<script type=\"application\/ld+json\" class=\"yoast-schema-graph\">{\"@context\":\"https:\\\/\\\/schema.org\",\"@graph\":[{\"@type\":\"WebPage\",\"@id\":\"https:\\\/\\\/schweizversand.ch\\\/fr\\\/produkt\\\/hudora-fussballtor-roco-240-mit-torwand\\\/\",\"url\":\"https:\\\/\\\/schweizversand.ch\\\/fr\\\/produkt\\\/hudora-fussballtor-roco-240-mit-torwand\\\/\",\"name\":\"Hudora Fussballtor Roco 240 mit Torwand\",\"isPartOf\":{\"@id\":\"https:\\\/\\\/schweizversand.ch\\\/fr\\\/#website\"},\"primaryImageOfPage\":{\"@id\":\"https:\\\/\\\/schweizversand.ch\\\/fr\\\/produkt\\\/hudora-fussballtor-roco-240-mit-torwand\\\/#primaryimage\"},\"image\":{\"@id\":\"https:\\\/\\\/schweizversand.ch\\\/fr\\\/produkt\\\/hudora-fussballtor-roco-240-mit-torwand\\\/#primaryimage\"},\"thumbnailUrl\":\"https:\\\/\\\/schweizversand.ch\\\/wp-content\\\/uploads\\\/2026\\\/04\\\/5471778574.jpg\",\"datePublished\":\"2026-04-23T13:31:25+00:00\",\"dateModified\":\"2026-05-01T13:34:39+00:00\",\"description\":\"Das hochwertige Fu\u00dfballtor bietet dir alles, was du f\u00fcr ein intensives und abwechslungsreiches Training ben\u00f6tigst. Der pulverbeschichtete Stahlrohrrahmen sorgt\",\"breadcrumb\":{\"@id\":\"https:\\\/\\\/schweizversand.ch\\\/fr\\\/produkt\\\/hudora-fussballtor-roco-240-mit-torwand\\\/#breadcrumb\"},\"inLanguage\":\"fr-FR\",\"potentialAction\":[{\"@type\":\"ReadAction\",\"target\":[\"https:\\\/\\\/schweizversand.ch\\\/fr\\\/produkt\\\/hudora-fussballtor-roco-240-mit-torwand\\\/\"]}]},{\"@type\":\"ImageObject\",\"inLanguage\":\"fr-FR\",\"@id\":\"https:\\\/\\\/schweizversand.ch\\\/fr\\\/produkt\\\/hudora-fussballtor-roco-240-mit-torwand\\\/#primaryimage\",\"url\":\"https:\\\/\\\/schweizversand.ch\\\/wp-content\\\/uploads\\\/2026\\\/04\\\/5471778574.jpg\",\"contentUrl\":\"https:\\\/\\\/schweizversand.ch\\\/wp-content\\\/uploads\\\/2026\\\/04\\\/5471778574.jpg\",\"width\":1024,\"height\":576},{\"@type\":\"BreadcrumbList\",\"@id\":\"https:\\\/\\\/schweizversand.ch\\\/fr\\\/produkt\\\/hudora-fussballtor-roco-240-mit-torwand\\\/#breadcrumb\",\"itemListElement\":[{\"@type\":\"ListItem\",\"position\":1,\"name\":\"Startseite\",\"item\":\"https:\\\/\\\/schweizversand.ch\\\/fr\\\/home\\\/\"},{\"@type\":\"ListItem\",\"position\":2,\"name\":\"Boutique\",\"item\":\"https:\\\/\\\/schweizversand.ch\\\/fr\\\/boutique\\\/\"},{\"@type\":\"ListItem\",\"position\":3,\"name\":\"Sports\",\"item\":\"https:\\\/\\\/schweizversand.ch\\\/fr\\\/produkt-kategorie\\\/sports\\\/\"},{\"@type\":\"ListItem\",\"position\":4,\"name\":\"sports de balle et fl\u00e9chettes\",\"item\":\"https:\\\/\\\/schweizversand.ch\\\/fr\\\/produkt-kategorie\\\/sports\\\/sports-de-balle-et-flechettes\\\/\"},{\"@type\":\"ListItem\",\"position\":5,\"name\":\"Fussball\",\"item\":\"https:\\\/\\\/schweizversand.ch\\\/fr\\\/produkt-kategorie\\\/sports\\\/sports-de-balle-et-flechettes\\\/fussball\\\/\"},{\"@type\":\"ListItem\",\"position\":6,\"name\":\"But de football Hudora Roco 240 avec mur de but\"}]},{\"@type\":\"WebSite\",\"@id\":\"https:\\\/\\\/schweizversand.ch\\\/fr\\\/#website\",\"url\":\"https:\\\/\\\/schweizversand.ch\\\/fr\\\/\",\"name\":\"Schweizer Shop f\u00fcr Sport, Spiel und Freizeit\",\"description\":\"Gratisversand ab 50.- (netto), ab eigenem schweizer Lager, Lieferung innert 48h\",\"publisher\":{\"@id\":\"https:\\\/\\\/schweizversand.ch\\\/fr\\\/#organization\"},\"alternateName\":\"Schweizversand.ch\",\"potentialAction\":[{\"@type\":\"SearchAction\",\"target\":{\"@type\":\"EntryPoint\",\"urlTemplate\":\"https:\\\/\\\/schweizversand.ch\\\/fr\\\/?s={search_term_string}\"},\"query-input\":{\"@type\":\"PropertyValueSpecification\",\"valueRequired\":true,\"valueName\":\"search_term_string\"}}],\"inLanguage\":\"fr-FR\"},{\"@type\":\"Organization\",\"@id\":\"https:\\\/\\\/schweizversand.ch\\\/fr\\\/#organization\",\"name\":\"Schweizversand.ch\",\"url\":\"https:\\\/\\\/schweizversand.ch\\\/fr\\\/\",\"logo\":{\"@type\":\"ImageObject\",\"inLanguage\":\"fr-FR\",\"@id\":\"https:\\\/\\\/schweizversand.ch\\\/fr\\\/#\\\/schema\\\/logo\\\/image\\\/\",\"url\":\"https:\\\/\\\/schweizversand.ch\\\/wp-content\\\/uploads\\\/2026\\\/03\\\/Logo_Rund_Final-1.png\",\"contentUrl\":\"https:\\\/\\\/schweizversand.ch\\\/wp-content\\\/uploads\\\/2026\\\/03\\\/Logo_Rund_Final-1.png\",\"width\":404,\"height\":404,\"caption\":\"Schweizversand.ch\"},\"image\":{\"@id\":\"https:\\\/\\\/schweizversand.ch\\\/fr\\\/#\\\/schema\\\/logo\\\/image\\\/\"},\"sameAs\":[\"https:\\\/\\\/www.facebook.com\\\/Schweizversand\",\"https:\\\/\\\/www.instagram.com\\\/schweizversand.ch\\\/\"]}]}<\/script>\n<!-- \/ Yoast SEO plugin. -->","yoast_head_json":{"title":"Hudora Fussballtor Roco 240 mit Torwand","description":"Das hochwertige Fu\u00dfballtor bietet dir alles, was du f\u00fcr ein intensives und abwechslungsreiches Training ben\u00f6tigst. Der pulverbeschichtete Stahlrohrrahmen sorgt","robots":{"index":"index","follow":"follow","max-snippet":"max-snippet:-1","max-image-preview":"max-image-preview:large","max-video-preview":"max-video-preview:-1"},"canonical":"https:\/\/schweizversand.ch\/fr\/produkt\/hudora-fussballtor-roco-240-mit-torwand\/","og_locale":"fr_FR","og_type":"article","og_title":"Hudora Fussballtor Roco 240 mit Torwand","og_description":"Das hochwertige Fu\u00dfballtor bietet dir alles, was du f\u00fcr ein intensives und abwechslungsreiches Training ben\u00f6tigst. Der pulverbeschichtete Stahlrohrrahmen sorgt","og_url":"https:\/\/schweizversand.ch\/fr\/produkt\/hudora-fussballtor-roco-240-mit-torwand\/","og_site_name":"Schweizer Shop f\u00fcr Sport, Spiel und Freizeit","article_publisher":"https:\/\/www.facebook.com\/Schweizversand","article_modified_time":"2026-05-01T13:34:39+00:00","og_image":[{"width":1024,"height":576,"url":"https:\/\/schweizversand.ch\/wp-content\/uploads\/2026\/04\/5471778574.jpg","type":"image\/jpeg"}],"twitter_card":"summary_large_image","twitter_misc":{"Dur\u00e9e de lecture estim\u00e9e":"1 minute"},"schema":{"@context":"https:\/\/schema.org","@graph":[{"@type":"WebPage","@id":"https:\/\/schweizversand.ch\/fr\/produkt\/hudora-fussballtor-roco-240-mit-torwand\/","url":"https:\/\/schweizversand.ch\/fr\/produkt\/hudora-fussballtor-roco-240-mit-torwand\/","name":"Hudora Fussballtor Roco 240 mit Torwand","isPartOf":{"@id":"https:\/\/schweizversand.ch\/fr\/#website"},"primaryImageOfPage":{"@id":"https:\/\/schweizversand.ch\/fr\/produkt\/hudora-fussballtor-roco-240-mit-torwand\/#primaryimage"},"image":{"@id":"https:\/\/schweizversand.ch\/fr\/produkt\/hudora-fussballtor-roco-240-mit-torwand\/#primaryimage"},"thumbnailUrl":"https:\/\/schweizversand.ch\/wp-content\/uploads\/2026\/04\/5471778574.jpg","datePublished":"2026-04-23T13:31:25+00:00","dateModified":"2026-05-01T13:34:39+00:00","description":"Das hochwertige Fu\u00dfballtor bietet dir alles, was du f\u00fcr ein intensives und abwechslungsreiches Training ben\u00f6tigst. Der pulverbeschichtete Stahlrohrrahmen sorgt","breadcrumb":{"@id":"https:\/\/schweizversand.ch\/fr\/produkt\/hudora-fussballtor-roco-240-mit-torwand\/#breadcrumb"},"inLanguage":"fr-FR","potentialAction":[{"@type":"ReadAction","target":["https:\/\/schweizversand.ch\/fr\/produkt\/hudora-fussballtor-roco-240-mit-torwand\/"]}]},{"@type":"ImageObject","inLanguage":"fr-FR","@id":"https:\/\/schweizversand.ch\/fr\/produkt\/hudora-fussballtor-roco-240-mit-torwand\/#primaryimage","url":"https:\/\/schweizversand.ch\/wp-content\/uploads\/2026\/04\/5471778574.jpg","contentUrl":"https:\/\/schweizversand.ch\/wp-content\/uploads\/2026\/04\/5471778574.jpg","width":1024,"height":576},{"@type":"BreadcrumbList","@id":"https:\/\/schweizversand.ch\/fr\/produkt\/hudora-fussballtor-roco-240-mit-torwand\/#breadcrumb","itemListElement":[{"@type":"ListItem","position":1,"name":"Startseite","item":"https:\/\/schweizversand.ch\/fr\/home\/"},{"@type":"ListItem","position":2,"name":"Boutique","item":"https:\/\/schweizversand.ch\/fr\/boutique\/"},{"@type":"ListItem","position":3,"name":"Sports","item":"https:\/\/schweizversand.ch\/fr\/produkt-kategorie\/sports\/"},{"@type":"ListItem","position":4,"name":"sports de balle et fl\u00e9chettes","item":"https:\/\/schweizversand.ch\/fr\/produkt-kategorie\/sports\/sports-de-balle-et-flechettes\/"},{"@type":"ListItem","position":5,"name":"Fussball","item":"https:\/\/schweizversand.ch\/fr\/produkt-kategorie\/sports\/sports-de-balle-et-flechettes\/fussball\/"},{"@type":"ListItem","position":6,"name":"But de football Hudora Roco 240 avec mur de but"}]},{"@type":"WebSite","@id":"https:\/\/schweizversand.ch\/fr\/#website","url":"https:\/\/schweizversand.ch\/fr\/","name":"Schweizer Shop f\u00fcr Sport, Spiel und Freizeit","description":"Gratisversand ab 50.- (netto), ab eigenem schweizer Lager, Lieferung innert 48h","publisher":{"@id":"https:\/\/schweizversand.ch\/fr\/#organization"},"alternateName":"Schweizversand.ch","potentialAction":[{"@type":"SearchAction","target":{"@type":"EntryPoint","urlTemplate":"https:\/\/schweizversand.ch\/fr\/?s={search_term_string}"},"query-input":{"@type":"PropertyValueSpecification","valueRequired":true,"valueName":"search_term_string"}}],"inLanguage":"fr-FR"},{"@type":"Organization","@id":"https:\/\/schweizversand.ch\/fr\/#organization","name":"Schweizversand.ch","url":"https:\/\/schweizversand.ch\/fr\/","logo":{"@type":"ImageObject","inLanguage":"fr-FR","@id":"https:\/\/schweizversand.ch\/fr\/#\/schema\/logo\/image\/","url":"https:\/\/schweizversand.ch\/wp-content\/uploads\/2026\/03\/Logo_Rund_Final-1.png","contentUrl":"https:\/\/schweizversand.ch\/wp-content\/uploads\/2026\/03\/Logo_Rund_Final-1.png","width":404,"height":404,"caption":"Schweizversand.ch"},"image":{"@id":"https:\/\/schweizversand.ch\/fr\/#\/schema\/logo\/image\/"},"sameAs":["https:\/\/www.facebook.com\/Schweizversand","https:\/\/www.instagram.com\/schweizversand.ch\/"]}]}},"jetpack_sharing_enabled":true,"_links":{"self":[{"href":"https:\/\/schweizversand.ch\/fr\/wp-json\/wp\/v2\/product\/268054","targetHints":{"allow":["GET"]}}],"collection":[{"href":"https:\/\/schweizversand.ch\/fr\/wp-json\/wp\/v2\/product"}],"about":[{"href":"https:\/\/schweizversand.ch\/fr\/wp-json\/wp\/v2\/types\/product"}],"replies":[{"embeddable":true,"href":"https:\/\/schweizversand.ch\/fr\/wp-json\/wp\/v2\/comments?post=268054"}],"wp:featuredmedia":[{"embeddable":true,"href":"https:\/\/schweizversand.ch\/fr\/wp-json\/wp\/v2\/media\/268112"}],"wp:attachment":[{"href":"https:\/\/schweizversand.ch\/fr\/wp-json\/wp\/v2\/media?parent=268054"}],"wp:term":[{"taxonomy":"product_brand","embeddable":true,"href":"https:\/\/schweizversand.ch\/fr\/wp-json\/wp\/v2\/product_brand?post=268054"},{"taxonomy":"product_cat","embeddable":true,"href":"https:\/\/schweizversand.ch\/fr\/wp-json\/wp\/v2\/product_cat?post=268054"},{"taxonomy":"product_tag","embeddable":true,"href":"https:\/\/schweizversand.ch\/fr\/wp-json\/wp\/v2\/product_tag?post=268054"}],"curies":[{"name":"wp","href":"https:\/\/api.w.org\/{rel}","templated":true}]}}