{"id":268055,"date":"2026-04-23T15:31:25","date_gmt":"2026-04-23T13:31:25","guid":{"rendered":"https:\/\/schweizversand.ch\/produkt\/hudora-fussballtor-roco-180-mit-torwand\/"},"modified":"2026-05-01T15:34:39","modified_gmt":"2026-05-01T13:34:39","slug":"hudora-fussballtor-roco-180-mit-torwand","status":"publish","type":"product","link":"https:\/\/schweizversand.ch\/fr\/produkt\/hudora-fussballtor-roco-180-mit-torwand\/","title":{"rendered":"But de football Hudora Roco 180 avec mur de but"},"content":{"rendered":"<h1><strong>But de football compact et robuste en tubes d&rsquo;acier avec mur cible<\/strong><\/h1>\n<div>Ce but de football compact est la solution id\u00e9ale pour des entra\u00eenements intensifs et des matchs passionnants dans le jardin ou sur un terrain de sport. Gr\u00e2ce \u00e0 sa structure robuste en tubes d&rsquo;acier et \u00e0 son m\u00e9canisme de pliage pratique, il offre une stabilit\u00e9 et une flexibilit\u00e9 maximales.<\/p>\n<\/div>\n<div><strong>Stabilit\u00e9 et qualit\u00e9 des mat\u00e9riaux impressionnantes<\/strong><br \/>Ce but de football robuste est fabriqu\u00e9 en tubes d&rsquo;acier thermolaqu\u00e9s, garantissant une excellente durabilit\u00e9 et une grande r\u00e9sistance aux intemp\u00e9ries. Les poteaux et la barre transversale ont un diam\u00e8tre de 75 mm, tandis que les poteaux arri\u00e8re, d&rsquo;un diam\u00e8tre de 38 mm, offrent une stabilit\u00e9 suppl\u00e9mentaire. L&rsquo;assemblage par vis robuste assure une construction s\u00fbre et stable, capable de r\u00e9sister m\u00eame aux tirs les plus puissants. Un design pratique pour le jardin\u00a0: mesurant 195,5 x 128 x 72 cm, ce but de football de jardin offre un espace de jeu g\u00e9n\u00e9reux sans encombrer votre espace ext\u00e9rieur. Gr\u00e2ce \u00e0 son m\u00e9canisme de pliage pratique, ce but de football se transforme en une cage pliable facile \u00e0 ranger apr\u00e8s le match, pour un jardin propre et rang\u00e9. Filet et fixation\u00a0: le filet r\u00e9sistant aux intemp\u00e9ries est dot\u00e9 d&rsquo;un large rebord en tissu et d&rsquo;une maille d&rsquo;environ 8\u00a0cm. Il se fixe facilement \u00e0 l&rsquo;aide de crochets en plastique robustes. Pour une s\u00e9curit\u00e9 et une stabilit\u00e9 optimales, m\u00eame lors de matchs intenses, vous pouvez ancrer solidement le but au sol gr\u00e2ce aux 3\u00a0crochets \u00e0 visser robustes. Un mur cible modulable est inclus pour un entra\u00eenement cibl\u00e9. Am\u00e9liorez votre pr\u00e9cision gr\u00e2ce \u00e0 ce mur cible robuste. Il comporte 5\u00a0trous de tir et 5\u00a0bouchons permettant une utilisation et une fermeture vari\u00e9es des trous. Utilisez le mur cible pour vous entra\u00eener au tir et am\u00e9liorer votre pr\u00e9cision \u2013 id\u00e9al pour tous les \u00e2ges.<\/p>\n<\/div>\n<div><strong>D\u00e9tails du produit et contenu de la livraison<\/strong><br \/>&#8211; Dimensions (L x H x P) : 195,5 x 128 x 72 cm<br \/>&#8211; Mat\u00e9riau : Tubes en acier thermolaqu\u00e9 (poteaux\/barre transversale 75 mm \u00d8, poteaux arri\u00e8re 38 mm \u00d8)<br \/>&#8211; Construction : Assemblage par vis robuste, m\u00e9canisme pliable<br \/>&#8211; Filet : R\u00e9sistant aux intemp\u00e9ries, maille d&rsquo;environ 8 cm, montage facile avec crochets en plastique<br \/>&#8211; Accessoires : Mur cible avec 5 trous et 5 patchs<br \/>&#8211; Fixation : 3 crochets \u00e0 vis robustes pour une installation au sol<\/p>\n<\/div>\n<div>Investissez dans ce but de football compact et de haute qualit\u00e9 et profitez d&rsquo;un entra\u00eenement efficace et amusant \u00e0 domicile.<\/p>\n","protected":false},"excerpt":{"rendered":"<p>Hudora Fussballtor Roco 180 mit Torwand bietet robuste Stahlrohrkonstruktion, hohe Stabilit\u00e4t und praktischen Faltmechanismus \u2013 perfekt f\u00fcr Training und spannende Matches.<\/p>\n","protected":false},"featured_media":268118,"comment_status":"open","ping_status":"closed","template":"","meta":[],"product_brand":[],"product_cat":[39184],"product_tag":[],"class_list":{"0":"post-268055","1":"product","2":"type-product","3":"status-publish","4":"has-post-thumbnail","6":"product_cat-fussball","7":"product_shipping_class-global_methods","9":"first","10":"instock","11":"taxable","12":"shipping-taxable","13":"purchasable","14":"product-type-simple"},"yoast_head":"<!-- This site is optimized with the Yoast SEO plugin v27.5 - https:\/\/yoast.com\/product\/yoast-seo-wordpress\/ -->\n<title>Hudora Fussballtor Roco 180 mit Torwand<\/title>\n<meta name=\"description\" content=\"Kompaktes und Robustes Stahlrohr Fussballtor mit Torwand Dieses kompakte Fussballtor ist die ideale L\u00f6sung f\u00fcr intensives Training und spannende Matches im Gart\" \/>\n<meta name=\"robots\" content=\"index, follow, max-snippet:-1, max-image-preview:large, max-video-preview:-1\" \/>\n<link rel=\"canonical\" href=\"https:\/\/schweizversand.ch\/fr\/produkt\/hudora-fussballtor-roco-180-mit-torwand\/\" \/>\n<meta property=\"og:locale\" content=\"fr_FR\" \/>\n<meta property=\"og:type\" content=\"article\" \/>\n<meta property=\"og:title\" content=\"Hudora Fussballtor Roco 180 mit Torwand\" \/>\n<meta property=\"og:description\" content=\"Kompaktes und Robustes Stahlrohr Fussballtor mit Torwand Dieses kompakte Fussballtor ist die ideale L\u00f6sung f\u00fcr intensives Training und spannende Matches im Gart\" \/>\n<meta property=\"og:url\" content=\"https:\/\/schweizversand.ch\/fr\/produkt\/hudora-fussballtor-roco-180-mit-torwand\/\" \/>\n<meta property=\"og:site_name\" content=\"Schweizer Shop f\u00fcr Sport, Spiel und Freizeit\" \/>\n<meta property=\"article:publisher\" content=\"https:\/\/www.facebook.com\/Schweizversand\" \/>\n<meta property=\"article:modified_time\" content=\"2026-05-01T13:34:39+00:00\" \/>\n<meta property=\"og:image\" content=\"https:\/\/schweizversand.ch\/wp-content\/uploads\/2026\/04\/5471777437.jpg\" \/>\n\t<meta property=\"og:image:width\" content=\"1024\" \/>\n\t<meta property=\"og:image:height\" content=\"576\" \/>\n\t<meta property=\"og:image:type\" content=\"image\/jpeg\" \/>\n<meta name=\"twitter:card\" content=\"summary_large_image\" \/>\n<meta name=\"twitter:label1\" content=\"Dur\u00e9e de lecture estim\u00e9e\" \/>\n\t<meta name=\"twitter:data1\" content=\"2 minutes\" \/>\n<script type=\"application\/ld+json\" class=\"yoast-schema-graph\">{\"@context\":\"https:\\\/\\\/schema.org\",\"@graph\":[{\"@type\":\"WebPage\",\"@id\":\"https:\\\/\\\/schweizversand.ch\\\/fr\\\/produkt\\\/hudora-fussballtor-roco-180-mit-torwand\\\/\",\"url\":\"https:\\\/\\\/schweizversand.ch\\\/fr\\\/produkt\\\/hudora-fussballtor-roco-180-mit-torwand\\\/\",\"name\":\"Hudora Fussballtor Roco 180 mit Torwand\",\"isPartOf\":{\"@id\":\"https:\\\/\\\/schweizversand.ch\\\/fr\\\/#website\"},\"primaryImageOfPage\":{\"@id\":\"https:\\\/\\\/schweizversand.ch\\\/fr\\\/produkt\\\/hudora-fussballtor-roco-180-mit-torwand\\\/#primaryimage\"},\"image\":{\"@id\":\"https:\\\/\\\/schweizversand.ch\\\/fr\\\/produkt\\\/hudora-fussballtor-roco-180-mit-torwand\\\/#primaryimage\"},\"thumbnailUrl\":\"https:\\\/\\\/schweizversand.ch\\\/wp-content\\\/uploads\\\/2026\\\/04\\\/5471777437.jpg\",\"datePublished\":\"2026-04-23T13:31:25+00:00\",\"dateModified\":\"2026-05-01T13:34:39+00:00\",\"description\":\"Kompaktes und Robustes Stahlrohr Fussballtor mit Torwand Dieses kompakte Fussballtor ist die ideale L\u00f6sung f\u00fcr intensives Training und spannende Matches im Gart\",\"breadcrumb\":{\"@id\":\"https:\\\/\\\/schweizversand.ch\\\/fr\\\/produkt\\\/hudora-fussballtor-roco-180-mit-torwand\\\/#breadcrumb\"},\"inLanguage\":\"fr-FR\",\"potentialAction\":[{\"@type\":\"ReadAction\",\"target\":[\"https:\\\/\\\/schweizversand.ch\\\/fr\\\/produkt\\\/hudora-fussballtor-roco-180-mit-torwand\\\/\"]}]},{\"@type\":\"ImageObject\",\"inLanguage\":\"fr-FR\",\"@id\":\"https:\\\/\\\/schweizversand.ch\\\/fr\\\/produkt\\\/hudora-fussballtor-roco-180-mit-torwand\\\/#primaryimage\",\"url\":\"https:\\\/\\\/schweizversand.ch\\\/wp-content\\\/uploads\\\/2026\\\/04\\\/5471777437.jpg\",\"contentUrl\":\"https:\\\/\\\/schweizversand.ch\\\/wp-content\\\/uploads\\\/2026\\\/04\\\/5471777437.jpg\",\"width\":1024,\"height\":576},{\"@type\":\"BreadcrumbList\",\"@id\":\"https:\\\/\\\/schweizversand.ch\\\/fr\\\/produkt\\\/hudora-fussballtor-roco-180-mit-torwand\\\/#breadcrumb\",\"itemListElement\":[{\"@type\":\"ListItem\",\"position\":1,\"name\":\"Startseite\",\"item\":\"https:\\\/\\\/schweizversand.ch\\\/fr\\\/home\\\/\"},{\"@type\":\"ListItem\",\"position\":2,\"name\":\"Boutique\",\"item\":\"https:\\\/\\\/schweizversand.ch\\\/fr\\\/boutique\\\/\"},{\"@type\":\"ListItem\",\"position\":3,\"name\":\"Sports\",\"item\":\"https:\\\/\\\/schweizversand.ch\\\/fr\\\/produkt-kategorie\\\/sports\\\/\"},{\"@type\":\"ListItem\",\"position\":4,\"name\":\"sports de balle et fl\u00e9chettes\",\"item\":\"https:\\\/\\\/schweizversand.ch\\\/fr\\\/produkt-kategorie\\\/sports\\\/sports-de-balle-et-flechettes\\\/\"},{\"@type\":\"ListItem\",\"position\":5,\"name\":\"Fussball\",\"item\":\"https:\\\/\\\/schweizversand.ch\\\/fr\\\/produkt-kategorie\\\/sports\\\/sports-de-balle-et-flechettes\\\/fussball\\\/\"},{\"@type\":\"ListItem\",\"position\":6,\"name\":\"But de football Hudora Roco 180 avec mur de but\"}]},{\"@type\":\"WebSite\",\"@id\":\"https:\\\/\\\/schweizversand.ch\\\/fr\\\/#website\",\"url\":\"https:\\\/\\\/schweizversand.ch\\\/fr\\\/\",\"name\":\"Schweizer Shop f\u00fcr Sport, Spiel und Freizeit\",\"description\":\"Gratisversand ab 50.- (netto), ab eigenem schweizer Lager, Lieferung innert 48h\",\"publisher\":{\"@id\":\"https:\\\/\\\/schweizversand.ch\\\/fr\\\/#organization\"},\"alternateName\":\"Schweizversand.ch\",\"potentialAction\":[{\"@type\":\"SearchAction\",\"target\":{\"@type\":\"EntryPoint\",\"urlTemplate\":\"https:\\\/\\\/schweizversand.ch\\\/fr\\\/?s={search_term_string}\"},\"query-input\":{\"@type\":\"PropertyValueSpecification\",\"valueRequired\":true,\"valueName\":\"search_term_string\"}}],\"inLanguage\":\"fr-FR\"},{\"@type\":\"Organization\",\"@id\":\"https:\\\/\\\/schweizversand.ch\\\/fr\\\/#organization\",\"name\":\"Schweizversand.ch\",\"url\":\"https:\\\/\\\/schweizversand.ch\\\/fr\\\/\",\"logo\":{\"@type\":\"ImageObject\",\"inLanguage\":\"fr-FR\",\"@id\":\"https:\\\/\\\/schweizversand.ch\\\/fr\\\/#\\\/schema\\\/logo\\\/image\\\/\",\"url\":\"https:\\\/\\\/schweizversand.ch\\\/wp-content\\\/uploads\\\/2026\\\/03\\\/Logo_Rund_Final-1.png\",\"contentUrl\":\"https:\\\/\\\/schweizversand.ch\\\/wp-content\\\/uploads\\\/2026\\\/03\\\/Logo_Rund_Final-1.png\",\"width\":404,\"height\":404,\"caption\":\"Schweizversand.ch\"},\"image\":{\"@id\":\"https:\\\/\\\/schweizversand.ch\\\/fr\\\/#\\\/schema\\\/logo\\\/image\\\/\"},\"sameAs\":[\"https:\\\/\\\/www.facebook.com\\\/Schweizversand\",\"https:\\\/\\\/www.instagram.com\\\/schweizversand.ch\\\/\"]}]}<\/script>\n<!-- \/ Yoast SEO plugin. -->","yoast_head_json":{"title":"Hudora Fussballtor Roco 180 mit Torwand","description":"Kompaktes und Robustes Stahlrohr Fussballtor mit Torwand Dieses kompakte Fussballtor ist die ideale L\u00f6sung f\u00fcr intensives Training und spannende Matches im Gart","robots":{"index":"index","follow":"follow","max-snippet":"max-snippet:-1","max-image-preview":"max-image-preview:large","max-video-preview":"max-video-preview:-1"},"canonical":"https:\/\/schweizversand.ch\/fr\/produkt\/hudora-fussballtor-roco-180-mit-torwand\/","og_locale":"fr_FR","og_type":"article","og_title":"Hudora Fussballtor Roco 180 mit Torwand","og_description":"Kompaktes und Robustes Stahlrohr Fussballtor mit Torwand Dieses kompakte Fussballtor ist die ideale L\u00f6sung f\u00fcr intensives Training und spannende Matches im Gart","og_url":"https:\/\/schweizversand.ch\/fr\/produkt\/hudora-fussballtor-roco-180-mit-torwand\/","og_site_name":"Schweizer Shop f\u00fcr Sport, Spiel und Freizeit","article_publisher":"https:\/\/www.facebook.com\/Schweizversand","article_modified_time":"2026-05-01T13:34:39+00:00","og_image":[{"width":1024,"height":576,"url":"https:\/\/schweizversand.ch\/wp-content\/uploads\/2026\/04\/5471777437.jpg","type":"image\/jpeg"}],"twitter_card":"summary_large_image","twitter_misc":{"Dur\u00e9e de lecture estim\u00e9e":"2 minutes"},"schema":{"@context":"https:\/\/schema.org","@graph":[{"@type":"WebPage","@id":"https:\/\/schweizversand.ch\/fr\/produkt\/hudora-fussballtor-roco-180-mit-torwand\/","url":"https:\/\/schweizversand.ch\/fr\/produkt\/hudora-fussballtor-roco-180-mit-torwand\/","name":"Hudora Fussballtor Roco 180 mit Torwand","isPartOf":{"@id":"https:\/\/schweizversand.ch\/fr\/#website"},"primaryImageOfPage":{"@id":"https:\/\/schweizversand.ch\/fr\/produkt\/hudora-fussballtor-roco-180-mit-torwand\/#primaryimage"},"image":{"@id":"https:\/\/schweizversand.ch\/fr\/produkt\/hudora-fussballtor-roco-180-mit-torwand\/#primaryimage"},"thumbnailUrl":"https:\/\/schweizversand.ch\/wp-content\/uploads\/2026\/04\/5471777437.jpg","datePublished":"2026-04-23T13:31:25+00:00","dateModified":"2026-05-01T13:34:39+00:00","description":"Kompaktes und Robustes Stahlrohr Fussballtor mit Torwand Dieses kompakte Fussballtor ist die ideale L\u00f6sung f\u00fcr intensives Training und spannende Matches im Gart","breadcrumb":{"@id":"https:\/\/schweizversand.ch\/fr\/produkt\/hudora-fussballtor-roco-180-mit-torwand\/#breadcrumb"},"inLanguage":"fr-FR","potentialAction":[{"@type":"ReadAction","target":["https:\/\/schweizversand.ch\/fr\/produkt\/hudora-fussballtor-roco-180-mit-torwand\/"]}]},{"@type":"ImageObject","inLanguage":"fr-FR","@id":"https:\/\/schweizversand.ch\/fr\/produkt\/hudora-fussballtor-roco-180-mit-torwand\/#primaryimage","url":"https:\/\/schweizversand.ch\/wp-content\/uploads\/2026\/04\/5471777437.jpg","contentUrl":"https:\/\/schweizversand.ch\/wp-content\/uploads\/2026\/04\/5471777437.jpg","width":1024,"height":576},{"@type":"BreadcrumbList","@id":"https:\/\/schweizversand.ch\/fr\/produkt\/hudora-fussballtor-roco-180-mit-torwand\/#breadcrumb","itemListElement":[{"@type":"ListItem","position":1,"name":"Startseite","item":"https:\/\/schweizversand.ch\/fr\/home\/"},{"@type":"ListItem","position":2,"name":"Boutique","item":"https:\/\/schweizversand.ch\/fr\/boutique\/"},{"@type":"ListItem","position":3,"name":"Sports","item":"https:\/\/schweizversand.ch\/fr\/produkt-kategorie\/sports\/"},{"@type":"ListItem","position":4,"name":"sports de balle et fl\u00e9chettes","item":"https:\/\/schweizversand.ch\/fr\/produkt-kategorie\/sports\/sports-de-balle-et-flechettes\/"},{"@type":"ListItem","position":5,"name":"Fussball","item":"https:\/\/schweizversand.ch\/fr\/produkt-kategorie\/sports\/sports-de-balle-et-flechettes\/fussball\/"},{"@type":"ListItem","position":6,"name":"But de football Hudora Roco 180 avec mur de but"}]},{"@type":"WebSite","@id":"https:\/\/schweizversand.ch\/fr\/#website","url":"https:\/\/schweizversand.ch\/fr\/","name":"Schweizer Shop f\u00fcr Sport, Spiel und Freizeit","description":"Gratisversand ab 50.- (netto), ab eigenem schweizer Lager, Lieferung innert 48h","publisher":{"@id":"https:\/\/schweizversand.ch\/fr\/#organization"},"alternateName":"Schweizversand.ch","potentialAction":[{"@type":"SearchAction","target":{"@type":"EntryPoint","urlTemplate":"https:\/\/schweizversand.ch\/fr\/?s={search_term_string}"},"query-input":{"@type":"PropertyValueSpecification","valueRequired":true,"valueName":"search_term_string"}}],"inLanguage":"fr-FR"},{"@type":"Organization","@id":"https:\/\/schweizversand.ch\/fr\/#organization","name":"Schweizversand.ch","url":"https:\/\/schweizversand.ch\/fr\/","logo":{"@type":"ImageObject","inLanguage":"fr-FR","@id":"https:\/\/schweizversand.ch\/fr\/#\/schema\/logo\/image\/","url":"https:\/\/schweizversand.ch\/wp-content\/uploads\/2026\/03\/Logo_Rund_Final-1.png","contentUrl":"https:\/\/schweizversand.ch\/wp-content\/uploads\/2026\/03\/Logo_Rund_Final-1.png","width":404,"height":404,"caption":"Schweizversand.ch"},"image":{"@id":"https:\/\/schweizversand.ch\/fr\/#\/schema\/logo\/image\/"},"sameAs":["https:\/\/www.facebook.com\/Schweizversand","https:\/\/www.instagram.com\/schweizversand.ch\/"]}]}},"jetpack_sharing_enabled":true,"_links":{"self":[{"href":"https:\/\/schweizversand.ch\/fr\/wp-json\/wp\/v2\/product\/268055","targetHints":{"allow":["GET"]}}],"collection":[{"href":"https:\/\/schweizversand.ch\/fr\/wp-json\/wp\/v2\/product"}],"about":[{"href":"https:\/\/schweizversand.ch\/fr\/wp-json\/wp\/v2\/types\/product"}],"replies":[{"embeddable":true,"href":"https:\/\/schweizversand.ch\/fr\/wp-json\/wp\/v2\/comments?post=268055"}],"wp:featuredmedia":[{"embeddable":true,"href":"https:\/\/schweizversand.ch\/fr\/wp-json\/wp\/v2\/media\/268118"}],"wp:attachment":[{"href":"https:\/\/schweizversand.ch\/fr\/wp-json\/wp\/v2\/media?parent=268055"}],"wp:term":[{"taxonomy":"product_brand","embeddable":true,"href":"https:\/\/schweizversand.ch\/fr\/wp-json\/wp\/v2\/product_brand?post=268055"},{"taxonomy":"product_cat","embeddable":true,"href":"https:\/\/schweizversand.ch\/fr\/wp-json\/wp\/v2\/product_cat?post=268055"},{"taxonomy":"product_tag","embeddable":true,"href":"https:\/\/schweizversand.ch\/fr\/wp-json\/wp\/v2\/product_tag?post=268055"}],"curies":[{"name":"wp","href":"https:\/\/api.w.org\/{rel}","templated":true}]}}