{"id":268057,"date":"2026-04-23T15:31:25","date_gmt":"2026-04-23T13:31:25","guid":{"rendered":"https:\/\/schweizversand.ch\/produkt\/hudora-basketballstaender-roco-205-260\/"},"modified":"2026-04-27T15:34:58","modified_gmt":"2026-04-27T13:34:58","slug":"hudora-basketballstaender-roco-205-260","status":"publish","type":"product","link":"https:\/\/schweizversand.ch\/fr\/produkt\/hudora-basketballstaender-roco-205-260\/","title":{"rendered":"Support de basket Hudora Roco 205\/260"},"content":{"rendered":"<h1><strong>Panier de basket portable Hudora \u2013 Syst\u00e8me \u00e0 hauteur r\u00e9glable<\/strong><\/h1>\n<div>Vous recherchez un panier de basket portable alliant flexibilit\u00e9, stabilit\u00e9 et s\u00e9curit\u00e9\u00a0? Ce panier de basket portable Hudora est la solution id\u00e9ale pour les joueurs ambitieux et les sportifs amateurs souhaitant un syst\u00e8me robuste pour une utilisation en ext\u00e9rieur.<\/p>\n<\/div>\n<div><strong>Design et stabilit\u00e9<\/strong><br \/>Le panier est dot\u00e9 d&rsquo;une base stable moul\u00e9e par soufflage, facilement lestable avec de l&rsquo;eau ou du sable pour une stabilit\u00e9 optimale. Le logo Hudora int\u00e9gr\u00e9 souligne la qualit\u00e9 de la marque. Gr\u00e2ce \u00e0 sa conception pliable et \u00e0 ses deux roues int\u00e9gr\u00e9es, ce panier de basket en polycarbonate est extr\u00eamement facile \u00e0 transporter et \u00e0 ranger, pour un gain de place optimal. Hauteur r\u00e9glable et personnalisable\u00a0: Ce panier de basket \u00e0 hauteur r\u00e9glable s&rsquo;adapte parfaitement \u00e0 tous les \u00e2ges. Le m\u00e9canisme de r\u00e9glage BW permet d&rsquo;ajuster la hauteur par paliers de 6 positions, de 165\u00a0cm \u00e0 260\u00a0cm. Le panier de basket Hudora convient ainsi aux enfants comme aux adultes, \u00e9voluant avec les joueurs. Composants de haute qualit\u00e9\u00a0: le panneau (90 x 60\u00a0cm) est en polycarbonate transparent et r\u00e9sistant, garantissant une visibilit\u00e9 optimale et une grande durabilit\u00e9. L\u2019anneau de dunk (45,7\u00a0cm de diam\u00e8tre), recouvert d\u2019une peinture en poudre, est \u00e9quip\u00e9 d\u2019un ressort pour r\u00e9sister aux lancers les plus puissants et prolonger la dur\u00e9e de vie du syst\u00e8me. <\/p>\n<\/div>\n<div><strong>S\u00e9curit\u00e9 et protection<\/strong><br \/>Votre s\u00e9curit\u00e9 pendant le jeu est notre priorit\u00e9. La barre verticale est rembourr\u00e9e de mousse EPE et de tissu Oxford, tandis que la structure est recouverte de textile. Ce rembourrage r\u00e9duit consid\u00e9rablement le risque de blessure pendant le jeu, faisant du panier de basket d&rsquo;ext\u00e9rieur un choix s\u00fbr.<\/p>\n<\/div>\n<div><strong>Vos \u200b\u200bavantages en un coup d&rsquo;\u0153il<\/strong><br \/>&#8211; Panneau : Polycarbonate transparent (90 x 60 cm)<br \/>&#8211; Hauteur r\u00e9glable : 6 niveaux (de 165 cm \u00e0 260 cm)<br \/>&#8211; Mobilit\u00e9 : Syst\u00e8me pliable et deux roues de transport<br \/>&#8211; Stabilit\u00e9 : Base moul\u00e9e par soufflage lestable<br \/>&#8211; S\u00e9curit\u00e9 : Poteau et structure rembourr\u00e9s<\/p>\n<\/div>\n<div>Investissez dans ce panier de basket portable, durable et flexible, et profitez d&rsquo;une exp\u00e9rience d&rsquo;entra\u00eenement professionnelle directement dans votre jardin ou sur votre terrain de sport. Commandez d\u00e8s maintenant et vivez des heures de plaisir sur les parquets !<\/p>\n","protected":false},"excerpt":{"rendered":"<p>Hudora Basketballst\u00e4nder Roco 205\/260 bietet h\u00f6henverstellbaren, transportablen Basketballspa\u00df mit stabiler Blowmold Base und praktischem Klapp-Design f\u00fcr flexiblen Outdoor-Einsatz.<\/p>\n","protected":false},"featured_media":268124,"comment_status":"open","ping_status":"closed","template":"","meta":[],"product_brand":[],"product_cat":[39217],"product_tag":[],"class_list":{"0":"post-268057","1":"product","2":"type-product","3":"status-publish","4":"has-post-thumbnail","6":"product_cat-basketball","7":"product_shipping_class-global_methods","9":"first","10":"instock","11":"taxable","12":"shipping-taxable","13":"purchasable","14":"product-type-simple"},"yoast_head":"<!-- This site is optimized with the Yoast SEO plugin v27.4 - https:\/\/yoast.com\/product\/yoast-seo-wordpress\/ -->\n<title>Hudora Basketballst\u00e4nder Roco 205\/260<\/title>\n<meta name=\"description\" content=\"Hudora Basketballst\u00e4nder transportabel \u2013 H\u00f6henverstellbares System Suchen Sie nach einem mobiler Basketballkorb , der Flexibilit\u00e4t, Stabilit\u00e4t und Sicherheit ve\" \/>\n<meta name=\"robots\" content=\"index, follow, max-snippet:-1, max-image-preview:large, max-video-preview:-1\" \/>\n<link rel=\"canonical\" href=\"https:\/\/schweizversand.ch\/fr\/produkt\/hudora-basketballstaender-roco-205-260\/\" \/>\n<meta property=\"og:locale\" content=\"fr_FR\" \/>\n<meta property=\"og:type\" content=\"article\" \/>\n<meta property=\"og:title\" content=\"Hudora Basketballst\u00e4nder Roco 205\/260\" \/>\n<meta property=\"og:description\" content=\"Hudora Basketballst\u00e4nder transportabel \u2013 H\u00f6henverstellbares System Suchen Sie nach einem mobiler Basketballkorb , der Flexibilit\u00e4t, Stabilit\u00e4t und Sicherheit ve\" \/>\n<meta property=\"og:url\" content=\"https:\/\/schweizversand.ch\/fr\/produkt\/hudora-basketballstaender-roco-205-260\/\" \/>\n<meta property=\"og:site_name\" content=\"Schweizer Shop f\u00fcr Sport, Spiel und Freizeit\" \/>\n<meta property=\"article:publisher\" content=\"https:\/\/www.facebook.com\/Schweizversand\" \/>\n<meta property=\"article:modified_time\" content=\"2026-04-27T13:34:58+00:00\" \/>\n<meta property=\"og:image\" content=\"https:\/\/schweizversand.ch\/wp-content\/uploads\/2026\/04\/5565547212.png\" \/>\n\t<meta property=\"og:image:width\" content=\"1024\" \/>\n\t<meta property=\"og:image:height\" content=\"1024\" \/>\n\t<meta property=\"og:image:type\" content=\"image\/png\" \/>\n<meta name=\"twitter:card\" content=\"summary_large_image\" \/>\n<meta name=\"twitter:label1\" content=\"Dur\u00e9e de lecture estim\u00e9e\" \/>\n\t<meta name=\"twitter:data1\" content=\"2 minutes\" \/>\n<script type=\"application\/ld+json\" class=\"yoast-schema-graph\">{\"@context\":\"https:\\\/\\\/schema.org\",\"@graph\":[{\"@type\":\"WebPage\",\"@id\":\"https:\\\/\\\/schweizversand.ch\\\/fr\\\/produkt\\\/hudora-basketballstaender-roco-205-260\\\/\",\"url\":\"https:\\\/\\\/schweizversand.ch\\\/fr\\\/produkt\\\/hudora-basketballstaender-roco-205-260\\\/\",\"name\":\"Hudora Basketballst\u00e4nder Roco 205\\\/260\",\"isPartOf\":{\"@id\":\"https:\\\/\\\/schweizversand.ch\\\/fr\\\/#website\"},\"primaryImageOfPage\":{\"@id\":\"https:\\\/\\\/schweizversand.ch\\\/fr\\\/produkt\\\/hudora-basketballstaender-roco-205-260\\\/#primaryimage\"},\"image\":{\"@id\":\"https:\\\/\\\/schweizversand.ch\\\/fr\\\/produkt\\\/hudora-basketballstaender-roco-205-260\\\/#primaryimage\"},\"thumbnailUrl\":\"https:\\\/\\\/schweizversand.ch\\\/wp-content\\\/uploads\\\/2026\\\/04\\\/5565547212.png\",\"datePublished\":\"2026-04-23T13:31:25+00:00\",\"dateModified\":\"2026-04-27T13:34:58+00:00\",\"description\":\"Hudora Basketballst\u00e4nder transportabel \u2013 H\u00f6henverstellbares System Suchen Sie nach einem mobiler Basketballkorb , der Flexibilit\u00e4t, Stabilit\u00e4t und Sicherheit ve\",\"breadcrumb\":{\"@id\":\"https:\\\/\\\/schweizversand.ch\\\/fr\\\/produkt\\\/hudora-basketballstaender-roco-205-260\\\/#breadcrumb\"},\"inLanguage\":\"fr-FR\",\"potentialAction\":[{\"@type\":\"ReadAction\",\"target\":[\"https:\\\/\\\/schweizversand.ch\\\/fr\\\/produkt\\\/hudora-basketballstaender-roco-205-260\\\/\"]}]},{\"@type\":\"ImageObject\",\"inLanguage\":\"fr-FR\",\"@id\":\"https:\\\/\\\/schweizversand.ch\\\/fr\\\/produkt\\\/hudora-basketballstaender-roco-205-260\\\/#primaryimage\",\"url\":\"https:\\\/\\\/schweizversand.ch\\\/wp-content\\\/uploads\\\/2026\\\/04\\\/5565547212.png\",\"contentUrl\":\"https:\\\/\\\/schweizversand.ch\\\/wp-content\\\/uploads\\\/2026\\\/04\\\/5565547212.png\",\"width\":1024,\"height\":1024},{\"@type\":\"BreadcrumbList\",\"@id\":\"https:\\\/\\\/schweizversand.ch\\\/fr\\\/produkt\\\/hudora-basketballstaender-roco-205-260\\\/#breadcrumb\",\"itemListElement\":[{\"@type\":\"ListItem\",\"position\":1,\"name\":\"Startseite\",\"item\":\"https:\\\/\\\/schweizversand.ch\\\/fr\\\/home\\\/\"},{\"@type\":\"ListItem\",\"position\":2,\"name\":\"Boutique\",\"item\":\"https:\\\/\\\/schweizversand.ch\\\/fr\\\/boutique\\\/\"},{\"@type\":\"ListItem\",\"position\":3,\"name\":\"Sports\",\"item\":\"https:\\\/\\\/schweizversand.ch\\\/fr\\\/produkt-kategorie\\\/sports\\\/\"},{\"@type\":\"ListItem\",\"position\":4,\"name\":\"sports de balle et fl\u00e9chettes\",\"item\":\"https:\\\/\\\/schweizversand.ch\\\/fr\\\/produkt-kategorie\\\/sports\\\/sports-de-balle-et-flechettes\\\/\"},{\"@type\":\"ListItem\",\"position\":5,\"name\":\"Basketball\",\"item\":\"https:\\\/\\\/schweizversand.ch\\\/fr\\\/produkt-kategorie\\\/sports\\\/sports-de-balle-et-flechettes\\\/basketball\\\/\"},{\"@type\":\"ListItem\",\"position\":6,\"name\":\"Support de basket Hudora Roco 205\\\/260\"}]},{\"@type\":\"WebSite\",\"@id\":\"https:\\\/\\\/schweizversand.ch\\\/fr\\\/#website\",\"url\":\"https:\\\/\\\/schweizversand.ch\\\/fr\\\/\",\"name\":\"Schweizer Shop f\u00fcr Sport, Spiel und Freizeit\",\"description\":\"Gratisversand ab 50.- (netto), ab eigenem schweizer Lager, Lieferung innert 48h\",\"publisher\":{\"@id\":\"https:\\\/\\\/schweizversand.ch\\\/fr\\\/#organization\"},\"alternateName\":\"Schweizversand.ch\",\"potentialAction\":[{\"@type\":\"SearchAction\",\"target\":{\"@type\":\"EntryPoint\",\"urlTemplate\":\"https:\\\/\\\/schweizversand.ch\\\/fr\\\/?s={search_term_string}\"},\"query-input\":{\"@type\":\"PropertyValueSpecification\",\"valueRequired\":true,\"valueName\":\"search_term_string\"}}],\"inLanguage\":\"fr-FR\"},{\"@type\":\"Organization\",\"@id\":\"https:\\\/\\\/schweizversand.ch\\\/fr\\\/#organization\",\"name\":\"Schweizversand.ch\",\"url\":\"https:\\\/\\\/schweizversand.ch\\\/fr\\\/\",\"logo\":{\"@type\":\"ImageObject\",\"inLanguage\":\"fr-FR\",\"@id\":\"https:\\\/\\\/schweizversand.ch\\\/fr\\\/#\\\/schema\\\/logo\\\/image\\\/\",\"url\":\"https:\\\/\\\/schweizversand.ch\\\/wp-content\\\/uploads\\\/2026\\\/03\\\/Logo_Rund_Final-1.png\",\"contentUrl\":\"https:\\\/\\\/schweizversand.ch\\\/wp-content\\\/uploads\\\/2026\\\/03\\\/Logo_Rund_Final-1.png\",\"width\":404,\"height\":404,\"caption\":\"Schweizversand.ch\"},\"image\":{\"@id\":\"https:\\\/\\\/schweizversand.ch\\\/fr\\\/#\\\/schema\\\/logo\\\/image\\\/\"},\"sameAs\":[\"https:\\\/\\\/www.facebook.com\\\/Schweizversand\",\"https:\\\/\\\/www.instagram.com\\\/schweizversand.ch\\\/\"]}]}<\/script>\n<!-- \/ Yoast SEO plugin. -->","yoast_head_json":{"title":"Hudora Basketballst\u00e4nder Roco 205\/260","description":"Hudora Basketballst\u00e4nder transportabel \u2013 H\u00f6henverstellbares System Suchen Sie nach einem mobiler Basketballkorb , der Flexibilit\u00e4t, Stabilit\u00e4t und Sicherheit ve","robots":{"index":"index","follow":"follow","max-snippet":"max-snippet:-1","max-image-preview":"max-image-preview:large","max-video-preview":"max-video-preview:-1"},"canonical":"https:\/\/schweizversand.ch\/fr\/produkt\/hudora-basketballstaender-roco-205-260\/","og_locale":"fr_FR","og_type":"article","og_title":"Hudora Basketballst\u00e4nder Roco 205\/260","og_description":"Hudora Basketballst\u00e4nder transportabel \u2013 H\u00f6henverstellbares System Suchen Sie nach einem mobiler Basketballkorb , der Flexibilit\u00e4t, Stabilit\u00e4t und Sicherheit ve","og_url":"https:\/\/schweizversand.ch\/fr\/produkt\/hudora-basketballstaender-roco-205-260\/","og_site_name":"Schweizer Shop f\u00fcr Sport, Spiel und Freizeit","article_publisher":"https:\/\/www.facebook.com\/Schweizversand","article_modified_time":"2026-04-27T13:34:58+00:00","og_image":[{"width":1024,"height":1024,"url":"https:\/\/schweizversand.ch\/wp-content\/uploads\/2026\/04\/5565547212.png","type":"image\/png"}],"twitter_card":"summary_large_image","twitter_misc":{"Dur\u00e9e de lecture estim\u00e9e":"2 minutes"},"schema":{"@context":"https:\/\/schema.org","@graph":[{"@type":"WebPage","@id":"https:\/\/schweizversand.ch\/fr\/produkt\/hudora-basketballstaender-roco-205-260\/","url":"https:\/\/schweizversand.ch\/fr\/produkt\/hudora-basketballstaender-roco-205-260\/","name":"Hudora Basketballst\u00e4nder Roco 205\/260","isPartOf":{"@id":"https:\/\/schweizversand.ch\/fr\/#website"},"primaryImageOfPage":{"@id":"https:\/\/schweizversand.ch\/fr\/produkt\/hudora-basketballstaender-roco-205-260\/#primaryimage"},"image":{"@id":"https:\/\/schweizversand.ch\/fr\/produkt\/hudora-basketballstaender-roco-205-260\/#primaryimage"},"thumbnailUrl":"https:\/\/schweizversand.ch\/wp-content\/uploads\/2026\/04\/5565547212.png","datePublished":"2026-04-23T13:31:25+00:00","dateModified":"2026-04-27T13:34:58+00:00","description":"Hudora Basketballst\u00e4nder transportabel \u2013 H\u00f6henverstellbares System Suchen Sie nach einem mobiler Basketballkorb , der Flexibilit\u00e4t, Stabilit\u00e4t und Sicherheit ve","breadcrumb":{"@id":"https:\/\/schweizversand.ch\/fr\/produkt\/hudora-basketballstaender-roco-205-260\/#breadcrumb"},"inLanguage":"fr-FR","potentialAction":[{"@type":"ReadAction","target":["https:\/\/schweizversand.ch\/fr\/produkt\/hudora-basketballstaender-roco-205-260\/"]}]},{"@type":"ImageObject","inLanguage":"fr-FR","@id":"https:\/\/schweizversand.ch\/fr\/produkt\/hudora-basketballstaender-roco-205-260\/#primaryimage","url":"https:\/\/schweizversand.ch\/wp-content\/uploads\/2026\/04\/5565547212.png","contentUrl":"https:\/\/schweizversand.ch\/wp-content\/uploads\/2026\/04\/5565547212.png","width":1024,"height":1024},{"@type":"BreadcrumbList","@id":"https:\/\/schweizversand.ch\/fr\/produkt\/hudora-basketballstaender-roco-205-260\/#breadcrumb","itemListElement":[{"@type":"ListItem","position":1,"name":"Startseite","item":"https:\/\/schweizversand.ch\/fr\/home\/"},{"@type":"ListItem","position":2,"name":"Boutique","item":"https:\/\/schweizversand.ch\/fr\/boutique\/"},{"@type":"ListItem","position":3,"name":"Sports","item":"https:\/\/schweizversand.ch\/fr\/produkt-kategorie\/sports\/"},{"@type":"ListItem","position":4,"name":"sports de balle et fl\u00e9chettes","item":"https:\/\/schweizversand.ch\/fr\/produkt-kategorie\/sports\/sports-de-balle-et-flechettes\/"},{"@type":"ListItem","position":5,"name":"Basketball","item":"https:\/\/schweizversand.ch\/fr\/produkt-kategorie\/sports\/sports-de-balle-et-flechettes\/basketball\/"},{"@type":"ListItem","position":6,"name":"Support de basket Hudora Roco 205\/260"}]},{"@type":"WebSite","@id":"https:\/\/schweizversand.ch\/fr\/#website","url":"https:\/\/schweizversand.ch\/fr\/","name":"Schweizer Shop f\u00fcr Sport, Spiel und Freizeit","description":"Gratisversand ab 50.- (netto), ab eigenem schweizer Lager, Lieferung innert 48h","publisher":{"@id":"https:\/\/schweizversand.ch\/fr\/#organization"},"alternateName":"Schweizversand.ch","potentialAction":[{"@type":"SearchAction","target":{"@type":"EntryPoint","urlTemplate":"https:\/\/schweizversand.ch\/fr\/?s={search_term_string}"},"query-input":{"@type":"PropertyValueSpecification","valueRequired":true,"valueName":"search_term_string"}}],"inLanguage":"fr-FR"},{"@type":"Organization","@id":"https:\/\/schweizversand.ch\/fr\/#organization","name":"Schweizversand.ch","url":"https:\/\/schweizversand.ch\/fr\/","logo":{"@type":"ImageObject","inLanguage":"fr-FR","@id":"https:\/\/schweizversand.ch\/fr\/#\/schema\/logo\/image\/","url":"https:\/\/schweizversand.ch\/wp-content\/uploads\/2026\/03\/Logo_Rund_Final-1.png","contentUrl":"https:\/\/schweizversand.ch\/wp-content\/uploads\/2026\/03\/Logo_Rund_Final-1.png","width":404,"height":404,"caption":"Schweizversand.ch"},"image":{"@id":"https:\/\/schweizversand.ch\/fr\/#\/schema\/logo\/image\/"},"sameAs":["https:\/\/www.facebook.com\/Schweizversand","https:\/\/www.instagram.com\/schweizversand.ch\/"]}]}},"jetpack_sharing_enabled":true,"_links":{"self":[{"href":"https:\/\/schweizversand.ch\/fr\/wp-json\/wp\/v2\/product\/268057","targetHints":{"allow":["GET"]}}],"collection":[{"href":"https:\/\/schweizversand.ch\/fr\/wp-json\/wp\/v2\/product"}],"about":[{"href":"https:\/\/schweizversand.ch\/fr\/wp-json\/wp\/v2\/types\/product"}],"replies":[{"embeddable":true,"href":"https:\/\/schweizversand.ch\/fr\/wp-json\/wp\/v2\/comments?post=268057"}],"wp:featuredmedia":[{"embeddable":true,"href":"https:\/\/schweizversand.ch\/fr\/wp-json\/wp\/v2\/media\/268124"}],"wp:attachment":[{"href":"https:\/\/schweizversand.ch\/fr\/wp-json\/wp\/v2\/media?parent=268057"}],"wp:term":[{"taxonomy":"product_brand","embeddable":true,"href":"https:\/\/schweizversand.ch\/fr\/wp-json\/wp\/v2\/product_brand?post=268057"},{"taxonomy":"product_cat","embeddable":true,"href":"https:\/\/schweizversand.ch\/fr\/wp-json\/wp\/v2\/product_cat?post=268057"},{"taxonomy":"product_tag","embeddable":true,"href":"https:\/\/schweizversand.ch\/fr\/wp-json\/wp\/v2\/product_tag?post=268057"}],"curies":[{"name":"wp","href":"https:\/\/api.w.org\/{rel}","templated":true}]}}