{"id":268059,"date":"2026-04-23T15:31:26","date_gmt":"2026-04-23T13:31:26","guid":{"rendered":"https:\/\/schweizversand.ch\/produkt\/hudora-unihockeytor\/"},"modified":"2026-04-28T15:35:30","modified_gmt":"2026-04-28T13:35:30","slug":"hudora-unihockeytor","status":"publish","type":"product","link":"https:\/\/schweizversand.ch\/fr\/produkt\/hudora-unihockeytor\/","title":{"rendered":"But de hockey sur gazon Hudora"},"content":{"rendered":"<p>Avec ce but de floorball, vous \u00eates parfaitement \u00e9quip\u00e9 pour am\u00e9liorer vos comp\u00e9tences, que ce soit dans le jardin, au parc ou dans la rue. C&rsquo;est le choix id\u00e9al pour tous ceux qui souhaitent jouer en dehors des heures d&rsquo;ouverture des salles de sport, en toute simplicit\u00e9. Caract\u00e9ristiques d\u00e9taill\u00e9es\u00a0: \u2022 Dimensions standard (\u00e0 embo\u00eeter)\u00a0: Ce but respecte les dimensions officielles des buts de floorball IFF (160\u00a0x\u00a0115\u00a0x\u00a060\u00a0cm) et se monte rapidement et facilement gr\u00e2ce \u00e0 son syst\u00e8me d&#8217;embo\u00eetement, id\u00e9al pour des parties improvis\u00e9es\u00a0! \u2022 Montage facile\u00a0: Aucun montage compliqu\u00e9\u00a0! Le but se monte rapidement et facilement. Les instructions de montage claires sont incluses pour une utilisation imm\u00e9diate. \u2022 Kit complet\u00a0: Le kit comprend tout le n\u00e9cessaire\u00a0: un filet robuste, un filet de r\u00e9cup\u00e9ration et un cadre solide. Tout pour une v\u00e9ritable exp\u00e9rience de floorball\u00a0! \u2022 Mat\u00e9riaux de haute qualit\u00e9\u00a0: Le cadre tubulaire thermolaqu\u00e9 (2,54\u00a0mm de diam\u00e8tre) est particuli\u00e8rement r\u00e9sistant et durable, et sa couleur rouge lui conf\u00e8re un look sportif. Ce but est id\u00e9al pour une utilisation en ext\u00e9rieur ! \u2022 L\u00e9ger : Malgr\u00e9 sa construction robuste, il ne p\u00e8se que 5,2 kg, facilitant ainsi son transport et son installation. \u2022 Filets inclus : Le kit comprend le filet de but noir et le filet de r\u00e9cup\u00e9ration blanc \u2013 tout le n\u00e9cessaire pour jouer. \u2022 Pourquoi vous allez adorer ce but : \u2022 Utilisation polyvalente : Que ce soit dans le jardin, sur la pelouse ou en salle de sport, ce but s&rsquo;installe rapidement et est pr\u00eat \u00e0 l&#8217;emploi. Jouez au floorball o\u00f9 et quand vous voulez ! \u2022 Spontan\u00e9 et flexible : Gr\u00e2ce \u00e0 son montage simple par embo\u00eetement, vous pouvez installer et d\u00e9monter le but \u00e0 tout moment \u2013 \u200b\u200bid\u00e9al pour des parties improvis\u00e9es entre amis ou un entra\u00eenement efficace. Conclusion : Parfait pour les joueurs amateurs de floorball qui veulent jouer quand ils le souhaitent ! Ce but de floorball vous permet de vous entra\u00eener et de jouer toute l&rsquo;ann\u00e9e sans avoir besoin d&rsquo;un mat\u00e9riel professionnel. Commandez le v\u00f4tre d\u00e8s maintenant et commencez \u00e0 jouer !<\/p>\n","protected":false},"excerpt":{"rendered":"<p>Hudora Unihockeytor bietet Originalgr\u00f6\u00dfe, robuste Bauweise und steckbares Design \u2013 ideal f\u00fcr flexibles Outdoor-Training und spontanes Spiel jederzeit und \u00fcberall.<\/p>\n","protected":false},"featured_media":268136,"comment_status":"open","ping_status":"closed","template":"","meta":[],"product_brand":[],"product_cat":[39260],"product_tag":[],"class_list":{"0":"post-268059","1":"product","2":"type-product","3":"status-publish","4":"has-post-thumbnail","6":"product_cat-unihockey-2","7":"product_shipping_class-global_methods","9":"first","10":"instock","11":"taxable","12":"shipping-taxable","13":"purchasable","14":"product-type-simple"},"yoast_head":"<!-- This site is optimized with the Yoast SEO plugin v27.4 - https:\/\/yoast.com\/product\/yoast-seo-wordpress\/ -->\n<title>Hudora Unihockeytor<\/title>\n<meta name=\"description\" content=\"Mit diesem Unihockeytor bist du bestens ausger\u00fcstet, um deine Unihockey-Skills zu verbessern \u2013 ob im Garten, im Park oder auf der Stra\u00dfe. Es ist die perfekte Wa\" \/>\n<meta name=\"robots\" content=\"index, follow, max-snippet:-1, max-image-preview:large, max-video-preview:-1\" \/>\n<link rel=\"canonical\" href=\"https:\/\/schweizversand.ch\/fr\/produkt\/hudora-unihockeytor\/\" \/>\n<meta property=\"og:locale\" content=\"fr_FR\" \/>\n<meta property=\"og:type\" content=\"article\" \/>\n<meta property=\"og:title\" content=\"Hudora Unihockeytor\" \/>\n<meta property=\"og:description\" content=\"Mit diesem Unihockeytor bist du bestens ausger\u00fcstet, um deine Unihockey-Skills zu verbessern \u2013 ob im Garten, im Park oder auf der Stra\u00dfe. Es ist die perfekte Wa\" \/>\n<meta property=\"og:url\" content=\"https:\/\/schweizversand.ch\/fr\/produkt\/hudora-unihockeytor\/\" \/>\n<meta property=\"og:site_name\" content=\"Schweizer Shop f\u00fcr Sport, Spiel und Freizeit\" \/>\n<meta property=\"article:publisher\" content=\"https:\/\/www.facebook.com\/Schweizversand\" \/>\n<meta property=\"article:modified_time\" content=\"2026-04-28T13:35:30+00:00\" \/>\n<meta property=\"og:image\" content=\"https:\/\/schweizversand.ch\/wp-content\/uploads\/2026\/04\/5471455951.jpg\" \/>\n\t<meta property=\"og:image:width\" content=\"1024\" \/>\n\t<meta property=\"og:image:height\" content=\"682\" \/>\n\t<meta property=\"og:image:type\" content=\"image\/jpeg\" \/>\n<meta name=\"twitter:card\" content=\"summary_large_image\" \/>\n<meta name=\"twitter:label1\" content=\"Dur\u00e9e de lecture estim\u00e9e\" \/>\n\t<meta name=\"twitter:data1\" content=\"2 minutes\" \/>\n<script type=\"application\/ld+json\" class=\"yoast-schema-graph\">{\"@context\":\"https:\\\/\\\/schema.org\",\"@graph\":[{\"@type\":\"WebPage\",\"@id\":\"https:\\\/\\\/schweizversand.ch\\\/fr\\\/produkt\\\/hudora-unihockeytor\\\/\",\"url\":\"https:\\\/\\\/schweizversand.ch\\\/fr\\\/produkt\\\/hudora-unihockeytor\\\/\",\"name\":\"Hudora Unihockeytor\",\"isPartOf\":{\"@id\":\"https:\\\/\\\/schweizversand.ch\\\/fr\\\/#website\"},\"primaryImageOfPage\":{\"@id\":\"https:\\\/\\\/schweizversand.ch\\\/fr\\\/produkt\\\/hudora-unihockeytor\\\/#primaryimage\"},\"image\":{\"@id\":\"https:\\\/\\\/schweizversand.ch\\\/fr\\\/produkt\\\/hudora-unihockeytor\\\/#primaryimage\"},\"thumbnailUrl\":\"https:\\\/\\\/schweizversand.ch\\\/wp-content\\\/uploads\\\/2026\\\/04\\\/5471455951.jpg\",\"datePublished\":\"2026-04-23T13:31:26+00:00\",\"dateModified\":\"2026-04-28T13:35:30+00:00\",\"description\":\"Mit diesem Unihockeytor bist du bestens ausger\u00fcstet, um deine Unihockey-Skills zu verbessern \u2013 ob im Garten, im Park oder auf der Stra\u00dfe. Es ist die perfekte Wa\",\"breadcrumb\":{\"@id\":\"https:\\\/\\\/schweizversand.ch\\\/fr\\\/produkt\\\/hudora-unihockeytor\\\/#breadcrumb\"},\"inLanguage\":\"fr-FR\",\"potentialAction\":[{\"@type\":\"ReadAction\",\"target\":[\"https:\\\/\\\/schweizversand.ch\\\/fr\\\/produkt\\\/hudora-unihockeytor\\\/\"]}]},{\"@type\":\"ImageObject\",\"inLanguage\":\"fr-FR\",\"@id\":\"https:\\\/\\\/schweizversand.ch\\\/fr\\\/produkt\\\/hudora-unihockeytor\\\/#primaryimage\",\"url\":\"https:\\\/\\\/schweizversand.ch\\\/wp-content\\\/uploads\\\/2026\\\/04\\\/5471455951.jpg\",\"contentUrl\":\"https:\\\/\\\/schweizversand.ch\\\/wp-content\\\/uploads\\\/2026\\\/04\\\/5471455951.jpg\",\"width\":1024,\"height\":682},{\"@type\":\"BreadcrumbList\",\"@id\":\"https:\\\/\\\/schweizversand.ch\\\/fr\\\/produkt\\\/hudora-unihockeytor\\\/#breadcrumb\",\"itemListElement\":[{\"@type\":\"ListItem\",\"position\":1,\"name\":\"Startseite\",\"item\":\"https:\\\/\\\/schweizversand.ch\\\/fr\\\/home\\\/\"},{\"@type\":\"ListItem\",\"position\":2,\"name\":\"Boutique\",\"item\":\"https:\\\/\\\/schweizversand.ch\\\/fr\\\/boutique\\\/\"},{\"@type\":\"ListItem\",\"position\":3,\"name\":\"Sports\",\"item\":\"https:\\\/\\\/schweizversand.ch\\\/fr\\\/produkt-kategorie\\\/sports\\\/\"},{\"@type\":\"ListItem\",\"position\":4,\"name\":\"sports de balle et fl\u00e9chettes\",\"item\":\"https:\\\/\\\/schweizversand.ch\\\/fr\\\/produkt-kategorie\\\/sports\\\/sports-de-balle-et-flechettes\\\/\"},{\"@type\":\"ListItem\",\"position\":5,\"name\":\"Unihockey\",\"item\":\"https:\\\/\\\/schweizversand.ch\\\/fr\\\/produkt-kategorie\\\/unihockey-2\\\/\"},{\"@type\":\"ListItem\",\"position\":6,\"name\":\"But de hockey sur gazon Hudora\"}]},{\"@type\":\"WebSite\",\"@id\":\"https:\\\/\\\/schweizversand.ch\\\/fr\\\/#website\",\"url\":\"https:\\\/\\\/schweizversand.ch\\\/fr\\\/\",\"name\":\"Schweizer Shop f\u00fcr Sport, Spiel und Freizeit\",\"description\":\"Gratisversand ab 50.- (netto), ab eigenem schweizer Lager, Lieferung innert 48h\",\"publisher\":{\"@id\":\"https:\\\/\\\/schweizversand.ch\\\/fr\\\/#organization\"},\"alternateName\":\"Schweizversand.ch\",\"potentialAction\":[{\"@type\":\"SearchAction\",\"target\":{\"@type\":\"EntryPoint\",\"urlTemplate\":\"https:\\\/\\\/schweizversand.ch\\\/fr\\\/?s={search_term_string}\"},\"query-input\":{\"@type\":\"PropertyValueSpecification\",\"valueRequired\":true,\"valueName\":\"search_term_string\"}}],\"inLanguage\":\"fr-FR\"},{\"@type\":\"Organization\",\"@id\":\"https:\\\/\\\/schweizversand.ch\\\/fr\\\/#organization\",\"name\":\"Schweizversand.ch\",\"url\":\"https:\\\/\\\/schweizversand.ch\\\/fr\\\/\",\"logo\":{\"@type\":\"ImageObject\",\"inLanguage\":\"fr-FR\",\"@id\":\"https:\\\/\\\/schweizversand.ch\\\/fr\\\/#\\\/schema\\\/logo\\\/image\\\/\",\"url\":\"https:\\\/\\\/schweizversand.ch\\\/wp-content\\\/uploads\\\/2026\\\/03\\\/Logo_Rund_Final-1.png\",\"contentUrl\":\"https:\\\/\\\/schweizversand.ch\\\/wp-content\\\/uploads\\\/2026\\\/03\\\/Logo_Rund_Final-1.png\",\"width\":404,\"height\":404,\"caption\":\"Schweizversand.ch\"},\"image\":{\"@id\":\"https:\\\/\\\/schweizversand.ch\\\/fr\\\/#\\\/schema\\\/logo\\\/image\\\/\"},\"sameAs\":[\"https:\\\/\\\/www.facebook.com\\\/Schweizversand\",\"https:\\\/\\\/www.instagram.com\\\/schweizversand.ch\\\/\"]}]}<\/script>\n<!-- \/ Yoast SEO plugin. -->","yoast_head_json":{"title":"Hudora Unihockeytor","description":"Mit diesem Unihockeytor bist du bestens ausger\u00fcstet, um deine Unihockey-Skills zu verbessern \u2013 ob im Garten, im Park oder auf der Stra\u00dfe. Es ist die perfekte Wa","robots":{"index":"index","follow":"follow","max-snippet":"max-snippet:-1","max-image-preview":"max-image-preview:large","max-video-preview":"max-video-preview:-1"},"canonical":"https:\/\/schweizversand.ch\/fr\/produkt\/hudora-unihockeytor\/","og_locale":"fr_FR","og_type":"article","og_title":"Hudora Unihockeytor","og_description":"Mit diesem Unihockeytor bist du bestens ausger\u00fcstet, um deine Unihockey-Skills zu verbessern \u2013 ob im Garten, im Park oder auf der Stra\u00dfe. Es ist die perfekte Wa","og_url":"https:\/\/schweizversand.ch\/fr\/produkt\/hudora-unihockeytor\/","og_site_name":"Schweizer Shop f\u00fcr Sport, Spiel und Freizeit","article_publisher":"https:\/\/www.facebook.com\/Schweizversand","article_modified_time":"2026-04-28T13:35:30+00:00","og_image":[{"width":1024,"height":682,"url":"https:\/\/schweizversand.ch\/wp-content\/uploads\/2026\/04\/5471455951.jpg","type":"image\/jpeg"}],"twitter_card":"summary_large_image","twitter_misc":{"Dur\u00e9e de lecture estim\u00e9e":"2 minutes"},"schema":{"@context":"https:\/\/schema.org","@graph":[{"@type":"WebPage","@id":"https:\/\/schweizversand.ch\/fr\/produkt\/hudora-unihockeytor\/","url":"https:\/\/schweizversand.ch\/fr\/produkt\/hudora-unihockeytor\/","name":"Hudora Unihockeytor","isPartOf":{"@id":"https:\/\/schweizversand.ch\/fr\/#website"},"primaryImageOfPage":{"@id":"https:\/\/schweizversand.ch\/fr\/produkt\/hudora-unihockeytor\/#primaryimage"},"image":{"@id":"https:\/\/schweizversand.ch\/fr\/produkt\/hudora-unihockeytor\/#primaryimage"},"thumbnailUrl":"https:\/\/schweizversand.ch\/wp-content\/uploads\/2026\/04\/5471455951.jpg","datePublished":"2026-04-23T13:31:26+00:00","dateModified":"2026-04-28T13:35:30+00:00","description":"Mit diesem Unihockeytor bist du bestens ausger\u00fcstet, um deine Unihockey-Skills zu verbessern \u2013 ob im Garten, im Park oder auf der Stra\u00dfe. Es ist die perfekte Wa","breadcrumb":{"@id":"https:\/\/schweizversand.ch\/fr\/produkt\/hudora-unihockeytor\/#breadcrumb"},"inLanguage":"fr-FR","potentialAction":[{"@type":"ReadAction","target":["https:\/\/schweizversand.ch\/fr\/produkt\/hudora-unihockeytor\/"]}]},{"@type":"ImageObject","inLanguage":"fr-FR","@id":"https:\/\/schweizversand.ch\/fr\/produkt\/hudora-unihockeytor\/#primaryimage","url":"https:\/\/schweizversand.ch\/wp-content\/uploads\/2026\/04\/5471455951.jpg","contentUrl":"https:\/\/schweizversand.ch\/wp-content\/uploads\/2026\/04\/5471455951.jpg","width":1024,"height":682},{"@type":"BreadcrumbList","@id":"https:\/\/schweizversand.ch\/fr\/produkt\/hudora-unihockeytor\/#breadcrumb","itemListElement":[{"@type":"ListItem","position":1,"name":"Startseite","item":"https:\/\/schweizversand.ch\/fr\/home\/"},{"@type":"ListItem","position":2,"name":"Boutique","item":"https:\/\/schweizversand.ch\/fr\/boutique\/"},{"@type":"ListItem","position":3,"name":"Sports","item":"https:\/\/schweizversand.ch\/fr\/produkt-kategorie\/sports\/"},{"@type":"ListItem","position":4,"name":"sports de balle et fl\u00e9chettes","item":"https:\/\/schweizversand.ch\/fr\/produkt-kategorie\/sports\/sports-de-balle-et-flechettes\/"},{"@type":"ListItem","position":5,"name":"Unihockey","item":"https:\/\/schweizversand.ch\/fr\/produkt-kategorie\/unihockey-2\/"},{"@type":"ListItem","position":6,"name":"But de hockey sur gazon Hudora"}]},{"@type":"WebSite","@id":"https:\/\/schweizversand.ch\/fr\/#website","url":"https:\/\/schweizversand.ch\/fr\/","name":"Schweizer Shop f\u00fcr Sport, Spiel und Freizeit","description":"Gratisversand ab 50.- (netto), ab eigenem schweizer Lager, Lieferung innert 48h","publisher":{"@id":"https:\/\/schweizversand.ch\/fr\/#organization"},"alternateName":"Schweizversand.ch","potentialAction":[{"@type":"SearchAction","target":{"@type":"EntryPoint","urlTemplate":"https:\/\/schweizversand.ch\/fr\/?s={search_term_string}"},"query-input":{"@type":"PropertyValueSpecification","valueRequired":true,"valueName":"search_term_string"}}],"inLanguage":"fr-FR"},{"@type":"Organization","@id":"https:\/\/schweizversand.ch\/fr\/#organization","name":"Schweizversand.ch","url":"https:\/\/schweizversand.ch\/fr\/","logo":{"@type":"ImageObject","inLanguage":"fr-FR","@id":"https:\/\/schweizversand.ch\/fr\/#\/schema\/logo\/image\/","url":"https:\/\/schweizversand.ch\/wp-content\/uploads\/2026\/03\/Logo_Rund_Final-1.png","contentUrl":"https:\/\/schweizversand.ch\/wp-content\/uploads\/2026\/03\/Logo_Rund_Final-1.png","width":404,"height":404,"caption":"Schweizversand.ch"},"image":{"@id":"https:\/\/schweizversand.ch\/fr\/#\/schema\/logo\/image\/"},"sameAs":["https:\/\/www.facebook.com\/Schweizversand","https:\/\/www.instagram.com\/schweizversand.ch\/"]}]}},"jetpack_sharing_enabled":true,"_links":{"self":[{"href":"https:\/\/schweizversand.ch\/fr\/wp-json\/wp\/v2\/product\/268059","targetHints":{"allow":["GET"]}}],"collection":[{"href":"https:\/\/schweizversand.ch\/fr\/wp-json\/wp\/v2\/product"}],"about":[{"href":"https:\/\/schweizversand.ch\/fr\/wp-json\/wp\/v2\/types\/product"}],"replies":[{"embeddable":true,"href":"https:\/\/schweizversand.ch\/fr\/wp-json\/wp\/v2\/comments?post=268059"}],"wp:featuredmedia":[{"embeddable":true,"href":"https:\/\/schweizversand.ch\/fr\/wp-json\/wp\/v2\/media\/268136"}],"wp:attachment":[{"href":"https:\/\/schweizversand.ch\/fr\/wp-json\/wp\/v2\/media?parent=268059"}],"wp:term":[{"taxonomy":"product_brand","embeddable":true,"href":"https:\/\/schweizversand.ch\/fr\/wp-json\/wp\/v2\/product_brand?post=268059"},{"taxonomy":"product_cat","embeddable":true,"href":"https:\/\/schweizversand.ch\/fr\/wp-json\/wp\/v2\/product_cat?post=268059"},{"taxonomy":"product_tag","embeddable":true,"href":"https:\/\/schweizversand.ch\/fr\/wp-json\/wp\/v2\/product_tag?post=268059"}],"curies":[{"name":"wp","href":"https:\/\/api.w.org\/{rel}","templated":true}]}}