{"id":268230,"date":"2026-04-24T15:31:12","date_gmt":"2026-04-24T13:31:12","guid":{"rendered":"https:\/\/schweizversand.ch\/produkt\/trespass-hugos-2-in-1-laterne-und-taschenlampe\/"},"modified":"2026-04-30T02:04:01","modified_gmt":"2026-04-30T00:04:01","slug":"trespass-hugos-2-in-1-laterne-und-taschenlampe","status":"publish","type":"product","link":"https:\/\/schweizversand.ch\/fr\/produkt\/trespass-hugos-2-in-1-laterne-und-taschenlampe\/","title":{"rendered":"Lanterne et lampe torche 2 en 1 HUGOS Trespass"},"content":{"rendered":"<p>Lampe de camping Hugos 2-en-1 \u2013 Lumi\u00e8re, puissance et polyvalence<\/p>\n<p>Que vous ayez besoin d&rsquo;une lampe torche ou d&rsquo;une lanterne, la lampe de camping Hugos 2-en-1 s&rsquo;adapte \u00e0 toutes vos aventures. Avec une luminosit\u00e9 allant jusqu&rsquo;\u00e0 200 lumens, elle offre un \u00e9clairage fiable dans votre tente, autour du feu de camp ou lors de vos d\u00e9placements. Choisissez entre les modes fort, faible ou stroboscopique pour la lampe torche, ou les modes fort\/faible pour la lanterne, selon vos besoins.<\/p>\n<p>Gr\u00e2ce \u00e0 son port USB-C et \u00e0 son panneau solaire int\u00e9gr\u00e9, vous restez autonome m\u00eame loin d&rsquo;une prise \u00e9lectrique. La lampe fait \u00e9galement office de batterie externe, id\u00e9ale pour recharger votre smartphone ou d&rsquo;autres appareils lors de vos escapades.<\/p>\n<p>D\u00e9tails\u00a0:<\/p>\n<p>\u2022 Fonction 2 en 1\u00a0: Lampe torche et lanterne<\/p>\n<p>\u2022 Luminosit\u00e9\u00a0: jusqu\u2019\u00e0 200 lumens<\/p>\n<p>\u2022 Modes\u00a0: Fort \/ Faible \/ Stroboscopique (lampe torche), Fort \/ Faible (lanterne)<\/p>\n<p>\u2022 Rechargeable par USB-C et solaire<\/p>\n<p>\u2022 Fonction batterie externe<\/p>\n<p>\u2022 Jusqu\u2019\u00e0 6 heures d\u2019autonomie<\/p>\n<p>\u2022 Dimensions compactes\u00a0: 13,5\u00a0cm x 10\u00a0cm<\/p>\n<p>Pratique, polyvalente, indispensable\u00a0: la lampe id\u00e9ale pour toutes vos aventures en plein air.<\/p>\n","protected":false},"excerpt":{"rendered":"<p>Trespass HUGOS 2-in-1 Laterne und Taschenlampe bietet bis zu 200 Lumen, USB-C- und Solar-Ladung sowie Powerbank-Funktion f\u00fcr flexible Beleuchtung und mobile Energie unterwegs.<\/p>\n","protected":false},"featured_media":268298,"comment_status":"open","ping_status":"closed","template":"","meta":[],"product_brand":[],"product_cat":[38126],"product_tag":[],"class_list":{"0":"post-268230","1":"product","2":"type-product","3":"status-publish","4":"has-post-thumbnail","6":"product_cat-camping","7":"product_shipping_class-global_methods","9":"first","10":"instock","11":"taxable","12":"shipping-taxable","13":"purchasable","14":"product-type-simple"},"yoast_head":"<!-- This site is optimized with the Yoast SEO plugin v27.5 - https:\/\/yoast.com\/product\/yoast-seo-wordpress\/ -->\n<title>Trespass HUGOS 2-in-1 Laterne und Taschenlampe<\/title>\n<meta name=\"description\" content=\"Hugos 2-in-1 Campinglampe \u2013 Licht, Power &amp; Flexibilit\u00e4t in einem Ob Taschenlampe oder Laterne \u2013 die Hugos 2-in-1 Campinglampe passt sich deinem Abenteuer an. M\" \/>\n<meta name=\"robots\" content=\"index, follow, max-snippet:-1, max-image-preview:large, max-video-preview:-1\" \/>\n<link rel=\"canonical\" href=\"https:\/\/schweizversand.ch\/fr\/produkt\/trespass-hugos-2-in-1-laterne-und-taschenlampe\/\" \/>\n<meta property=\"og:locale\" content=\"fr_FR\" \/>\n<meta property=\"og:type\" content=\"article\" \/>\n<meta property=\"og:title\" content=\"Trespass HUGOS 2-in-1 Laterne und Taschenlampe\" \/>\n<meta property=\"og:description\" content=\"Hugos 2-in-1 Campinglampe \u2013 Licht, Power &amp; Flexibilit\u00e4t in einem Ob Taschenlampe oder Laterne \u2013 die Hugos 2-in-1 Campinglampe passt sich deinem Abenteuer an. M\" \/>\n<meta property=\"og:url\" content=\"https:\/\/schweizversand.ch\/fr\/produkt\/trespass-hugos-2-in-1-laterne-und-taschenlampe\/\" \/>\n<meta property=\"og:site_name\" content=\"Schweizer Shop f\u00fcr Sport, Spiel und Freizeit\" \/>\n<meta property=\"article:publisher\" content=\"https:\/\/www.facebook.com\/Schweizversand\" \/>\n<meta property=\"article:modified_time\" content=\"2026-04-30T00:04:01+00:00\" \/>\n<meta property=\"og:image\" content=\"https:\/\/schweizversand.ch\/wp-content\/uploads\/2026\/04\/5471869458.jpg\" \/>\n\t<meta property=\"og:image:width\" content=\"732\" \/>\n\t<meta property=\"og:image:height\" content=\"1024\" \/>\n\t<meta property=\"og:image:type\" content=\"image\/jpeg\" \/>\n<meta name=\"twitter:card\" content=\"summary_large_image\" \/>\n<meta name=\"twitter:label1\" content=\"Dur\u00e9e de lecture estim\u00e9e\" \/>\n\t<meta name=\"twitter:data1\" content=\"1 minute\" \/>\n<script type=\"application\/ld+json\" class=\"yoast-schema-graph\">{\"@context\":\"https:\\\/\\\/schema.org\",\"@graph\":[{\"@type\":\"WebPage\",\"@id\":\"https:\\\/\\\/schweizversand.ch\\\/fr\\\/produkt\\\/trespass-hugos-2-in-1-laterne-und-taschenlampe\\\/\",\"url\":\"https:\\\/\\\/schweizversand.ch\\\/fr\\\/produkt\\\/trespass-hugos-2-in-1-laterne-und-taschenlampe\\\/\",\"name\":\"Trespass HUGOS 2-in-1 Laterne und Taschenlampe\",\"isPartOf\":{\"@id\":\"https:\\\/\\\/schweizversand.ch\\\/fr\\\/#website\"},\"primaryImageOfPage\":{\"@id\":\"https:\\\/\\\/schweizversand.ch\\\/fr\\\/produkt\\\/trespass-hugos-2-in-1-laterne-und-taschenlampe\\\/#primaryimage\"},\"image\":{\"@id\":\"https:\\\/\\\/schweizversand.ch\\\/fr\\\/produkt\\\/trespass-hugos-2-in-1-laterne-und-taschenlampe\\\/#primaryimage\"},\"thumbnailUrl\":\"https:\\\/\\\/schweizversand.ch\\\/wp-content\\\/uploads\\\/2026\\\/04\\\/5471869458.jpg\",\"datePublished\":\"2026-04-24T13:31:12+00:00\",\"dateModified\":\"2026-04-30T00:04:01+00:00\",\"description\":\"Hugos 2-in-1 Campinglampe \u2013 Licht, Power & Flexibilit\u00e4t in einem Ob Taschenlampe oder Laterne \u2013 die Hugos 2-in-1 Campinglampe passt sich deinem Abenteuer an. M\",\"breadcrumb\":{\"@id\":\"https:\\\/\\\/schweizversand.ch\\\/fr\\\/produkt\\\/trespass-hugos-2-in-1-laterne-und-taschenlampe\\\/#breadcrumb\"},\"inLanguage\":\"fr-FR\",\"potentialAction\":[{\"@type\":\"ReadAction\",\"target\":[\"https:\\\/\\\/schweizversand.ch\\\/fr\\\/produkt\\\/trespass-hugos-2-in-1-laterne-und-taschenlampe\\\/\"]}]},{\"@type\":\"ImageObject\",\"inLanguage\":\"fr-FR\",\"@id\":\"https:\\\/\\\/schweizversand.ch\\\/fr\\\/produkt\\\/trespass-hugos-2-in-1-laterne-und-taschenlampe\\\/#primaryimage\",\"url\":\"https:\\\/\\\/schweizversand.ch\\\/wp-content\\\/uploads\\\/2026\\\/04\\\/5471869458.jpg\",\"contentUrl\":\"https:\\\/\\\/schweizversand.ch\\\/wp-content\\\/uploads\\\/2026\\\/04\\\/5471869458.jpg\",\"width\":732,\"height\":1024},{\"@type\":\"BreadcrumbList\",\"@id\":\"https:\\\/\\\/schweizversand.ch\\\/fr\\\/produkt\\\/trespass-hugos-2-in-1-laterne-und-taschenlampe\\\/#breadcrumb\",\"itemListElement\":[{\"@type\":\"ListItem\",\"position\":1,\"name\":\"Startseite\",\"item\":\"https:\\\/\\\/schweizversand.ch\\\/fr\\\/home\\\/\"},{\"@type\":\"ListItem\",\"position\":2,\"name\":\"Boutique\",\"item\":\"https:\\\/\\\/schweizversand.ch\\\/fr\\\/boutique\\\/\"},{\"@type\":\"ListItem\",\"position\":3,\"name\":\"Sports\",\"item\":\"https:\\\/\\\/schweizversand.ch\\\/fr\\\/produkt-kategorie\\\/sports\\\/\"},{\"@type\":\"ListItem\",\"position\":4,\"name\":\"Plein air\",\"item\":\"https:\\\/\\\/schweizversand.ch\\\/fr\\\/produkt-kategorie\\\/sports\\\/plein-air\\\/\"},{\"@type\":\"ListItem\",\"position\":5,\"name\":\"Camping\",\"item\":\"https:\\\/\\\/schweizversand.ch\\\/fr\\\/produkt-kategorie\\\/sports\\\/plein-air\\\/camping\\\/\"},{\"@type\":\"ListItem\",\"position\":6,\"name\":\"Lanterne et lampe torche 2 en 1 HUGOS Trespass\"}]},{\"@type\":\"WebSite\",\"@id\":\"https:\\\/\\\/schweizversand.ch\\\/fr\\\/#website\",\"url\":\"https:\\\/\\\/schweizversand.ch\\\/fr\\\/\",\"name\":\"Schweizer Shop f\u00fcr Sport, Spiel und Freizeit\",\"description\":\"Gratisversand ab 50.- (netto), ab eigenem schweizer Lager, Lieferung innert 48h\",\"publisher\":{\"@id\":\"https:\\\/\\\/schweizversand.ch\\\/fr\\\/#organization\"},\"alternateName\":\"Schweizversand.ch\",\"potentialAction\":[{\"@type\":\"SearchAction\",\"target\":{\"@type\":\"EntryPoint\",\"urlTemplate\":\"https:\\\/\\\/schweizversand.ch\\\/fr\\\/?s={search_term_string}\"},\"query-input\":{\"@type\":\"PropertyValueSpecification\",\"valueRequired\":true,\"valueName\":\"search_term_string\"}}],\"inLanguage\":\"fr-FR\"},{\"@type\":\"Organization\",\"@id\":\"https:\\\/\\\/schweizversand.ch\\\/fr\\\/#organization\",\"name\":\"Schweizversand.ch\",\"url\":\"https:\\\/\\\/schweizversand.ch\\\/fr\\\/\",\"logo\":{\"@type\":\"ImageObject\",\"inLanguage\":\"fr-FR\",\"@id\":\"https:\\\/\\\/schweizversand.ch\\\/fr\\\/#\\\/schema\\\/logo\\\/image\\\/\",\"url\":\"https:\\\/\\\/schweizversand.ch\\\/wp-content\\\/uploads\\\/2026\\\/03\\\/Logo_Rund_Final-1.png\",\"contentUrl\":\"https:\\\/\\\/schweizversand.ch\\\/wp-content\\\/uploads\\\/2026\\\/03\\\/Logo_Rund_Final-1.png\",\"width\":404,\"height\":404,\"caption\":\"Schweizversand.ch\"},\"image\":{\"@id\":\"https:\\\/\\\/schweizversand.ch\\\/fr\\\/#\\\/schema\\\/logo\\\/image\\\/\"},\"sameAs\":[\"https:\\\/\\\/www.facebook.com\\\/Schweizversand\",\"https:\\\/\\\/www.instagram.com\\\/schweizversand.ch\\\/\"]}]}<\/script>\n<!-- \/ Yoast SEO plugin. -->","yoast_head_json":{"title":"Trespass HUGOS 2-in-1 Laterne und Taschenlampe","description":"Hugos 2-in-1 Campinglampe \u2013 Licht, Power & Flexibilit\u00e4t in einem Ob Taschenlampe oder Laterne \u2013 die Hugos 2-in-1 Campinglampe passt sich deinem Abenteuer an. M","robots":{"index":"index","follow":"follow","max-snippet":"max-snippet:-1","max-image-preview":"max-image-preview:large","max-video-preview":"max-video-preview:-1"},"canonical":"https:\/\/schweizversand.ch\/fr\/produkt\/trespass-hugos-2-in-1-laterne-und-taschenlampe\/","og_locale":"fr_FR","og_type":"article","og_title":"Trespass HUGOS 2-in-1 Laterne und Taschenlampe","og_description":"Hugos 2-in-1 Campinglampe \u2013 Licht, Power & Flexibilit\u00e4t in einem Ob Taschenlampe oder Laterne \u2013 die Hugos 2-in-1 Campinglampe passt sich deinem Abenteuer an. M","og_url":"https:\/\/schweizversand.ch\/fr\/produkt\/trespass-hugos-2-in-1-laterne-und-taschenlampe\/","og_site_name":"Schweizer Shop f\u00fcr Sport, Spiel und Freizeit","article_publisher":"https:\/\/www.facebook.com\/Schweizversand","article_modified_time":"2026-04-30T00:04:01+00:00","og_image":[{"width":732,"height":1024,"url":"https:\/\/schweizversand.ch\/wp-content\/uploads\/2026\/04\/5471869458.jpg","type":"image\/jpeg"}],"twitter_card":"summary_large_image","twitter_misc":{"Dur\u00e9e de lecture estim\u00e9e":"1 minute"},"schema":{"@context":"https:\/\/schema.org","@graph":[{"@type":"WebPage","@id":"https:\/\/schweizversand.ch\/fr\/produkt\/trespass-hugos-2-in-1-laterne-und-taschenlampe\/","url":"https:\/\/schweizversand.ch\/fr\/produkt\/trespass-hugos-2-in-1-laterne-und-taschenlampe\/","name":"Trespass HUGOS 2-in-1 Laterne und Taschenlampe","isPartOf":{"@id":"https:\/\/schweizversand.ch\/fr\/#website"},"primaryImageOfPage":{"@id":"https:\/\/schweizversand.ch\/fr\/produkt\/trespass-hugos-2-in-1-laterne-und-taschenlampe\/#primaryimage"},"image":{"@id":"https:\/\/schweizversand.ch\/fr\/produkt\/trespass-hugos-2-in-1-laterne-und-taschenlampe\/#primaryimage"},"thumbnailUrl":"https:\/\/schweizversand.ch\/wp-content\/uploads\/2026\/04\/5471869458.jpg","datePublished":"2026-04-24T13:31:12+00:00","dateModified":"2026-04-30T00:04:01+00:00","description":"Hugos 2-in-1 Campinglampe \u2013 Licht, Power & Flexibilit\u00e4t in einem Ob Taschenlampe oder Laterne \u2013 die Hugos 2-in-1 Campinglampe passt sich deinem Abenteuer an. M","breadcrumb":{"@id":"https:\/\/schweizversand.ch\/fr\/produkt\/trespass-hugos-2-in-1-laterne-und-taschenlampe\/#breadcrumb"},"inLanguage":"fr-FR","potentialAction":[{"@type":"ReadAction","target":["https:\/\/schweizversand.ch\/fr\/produkt\/trespass-hugos-2-in-1-laterne-und-taschenlampe\/"]}]},{"@type":"ImageObject","inLanguage":"fr-FR","@id":"https:\/\/schweizversand.ch\/fr\/produkt\/trespass-hugos-2-in-1-laterne-und-taschenlampe\/#primaryimage","url":"https:\/\/schweizversand.ch\/wp-content\/uploads\/2026\/04\/5471869458.jpg","contentUrl":"https:\/\/schweizversand.ch\/wp-content\/uploads\/2026\/04\/5471869458.jpg","width":732,"height":1024},{"@type":"BreadcrumbList","@id":"https:\/\/schweizversand.ch\/fr\/produkt\/trespass-hugos-2-in-1-laterne-und-taschenlampe\/#breadcrumb","itemListElement":[{"@type":"ListItem","position":1,"name":"Startseite","item":"https:\/\/schweizversand.ch\/fr\/home\/"},{"@type":"ListItem","position":2,"name":"Boutique","item":"https:\/\/schweizversand.ch\/fr\/boutique\/"},{"@type":"ListItem","position":3,"name":"Sports","item":"https:\/\/schweizversand.ch\/fr\/produkt-kategorie\/sports\/"},{"@type":"ListItem","position":4,"name":"Plein air","item":"https:\/\/schweizversand.ch\/fr\/produkt-kategorie\/sports\/plein-air\/"},{"@type":"ListItem","position":5,"name":"Camping","item":"https:\/\/schweizversand.ch\/fr\/produkt-kategorie\/sports\/plein-air\/camping\/"},{"@type":"ListItem","position":6,"name":"Lanterne et lampe torche 2 en 1 HUGOS Trespass"}]},{"@type":"WebSite","@id":"https:\/\/schweizversand.ch\/fr\/#website","url":"https:\/\/schweizversand.ch\/fr\/","name":"Schweizer Shop f\u00fcr Sport, Spiel und Freizeit","description":"Gratisversand ab 50.- (netto), ab eigenem schweizer Lager, Lieferung innert 48h","publisher":{"@id":"https:\/\/schweizversand.ch\/fr\/#organization"},"alternateName":"Schweizversand.ch","potentialAction":[{"@type":"SearchAction","target":{"@type":"EntryPoint","urlTemplate":"https:\/\/schweizversand.ch\/fr\/?s={search_term_string}"},"query-input":{"@type":"PropertyValueSpecification","valueRequired":true,"valueName":"search_term_string"}}],"inLanguage":"fr-FR"},{"@type":"Organization","@id":"https:\/\/schweizversand.ch\/fr\/#organization","name":"Schweizversand.ch","url":"https:\/\/schweizversand.ch\/fr\/","logo":{"@type":"ImageObject","inLanguage":"fr-FR","@id":"https:\/\/schweizversand.ch\/fr\/#\/schema\/logo\/image\/","url":"https:\/\/schweizversand.ch\/wp-content\/uploads\/2026\/03\/Logo_Rund_Final-1.png","contentUrl":"https:\/\/schweizversand.ch\/wp-content\/uploads\/2026\/03\/Logo_Rund_Final-1.png","width":404,"height":404,"caption":"Schweizversand.ch"},"image":{"@id":"https:\/\/schweizversand.ch\/fr\/#\/schema\/logo\/image\/"},"sameAs":["https:\/\/www.facebook.com\/Schweizversand","https:\/\/www.instagram.com\/schweizversand.ch\/"]}]}},"jetpack_sharing_enabled":true,"_links":{"self":[{"href":"https:\/\/schweizversand.ch\/fr\/wp-json\/wp\/v2\/product\/268230","targetHints":{"allow":["GET"]}}],"collection":[{"href":"https:\/\/schweizversand.ch\/fr\/wp-json\/wp\/v2\/product"}],"about":[{"href":"https:\/\/schweizversand.ch\/fr\/wp-json\/wp\/v2\/types\/product"}],"replies":[{"embeddable":true,"href":"https:\/\/schweizversand.ch\/fr\/wp-json\/wp\/v2\/comments?post=268230"}],"wp:featuredmedia":[{"embeddable":true,"href":"https:\/\/schweizversand.ch\/fr\/wp-json\/wp\/v2\/media\/268298"}],"wp:attachment":[{"href":"https:\/\/schweizversand.ch\/fr\/wp-json\/wp\/v2\/media?parent=268230"}],"wp:term":[{"taxonomy":"product_brand","embeddable":true,"href":"https:\/\/schweizversand.ch\/fr\/wp-json\/wp\/v2\/product_brand?post=268230"},{"taxonomy":"product_cat","embeddable":true,"href":"https:\/\/schweizversand.ch\/fr\/wp-json\/wp\/v2\/product_cat?post=268230"},{"taxonomy":"product_tag","embeddable":true,"href":"https:\/\/schweizversand.ch\/fr\/wp-json\/wp\/v2\/product_tag?post=268230"}],"curies":[{"name":"wp","href":"https:\/\/api.w.org\/{rel}","templated":true}]}}