{"id":268239,"date":"2026-04-24T15:31:16","date_gmt":"2026-04-24T13:31:16","guid":{"rendered":"https:\/\/schweizversand.ch\/produkt\/trespass-folda-sitzmatte-faltbar\/"},"modified":"2026-04-30T15:34:31","modified_gmt":"2026-04-30T13:34:31","slug":"trespass-folda-sitzmatte-faltbar","status":"publish","type":"product","link":"https:\/\/schweizversand.ch\/fr\/produkt\/trespass-folda-sitzmatte-faltbar\/","title":{"rendered":"Tapis de si\u00e8ge pliable Trespass FOLDA"},"content":{"rendered":"<p>Tapis universel Folda &#8211; Votre alli\u00e9 confort en plein air !<\/p>\n<\/p>\n<p>Le tapis universel Folda est un excellent ajout \u00e0 vos activit\u00e9s de plein air. Que vous souhaitiez vous asseoir ou faire de l&rsquo;exercice en ext\u00e9rieur, ce tapis vous offre le confort n\u00e9cessaire et vous prot\u00e8ge de l&rsquo;humidit\u00e9 du sol.<\/p>\n<\/p>\n<p>Caract\u00e9ristiques principales du tapis universel Folda :<\/p>\n<\/p>\n<p>\u2022 Le tapis universel Folda vous isole efficacement de l&rsquo;humidit\u00e9 du sol. Vous restez ainsi au sec et au chaud, m\u00eame par temps humide.<\/p>\n<\/p>\n<p>\u2022 Ce tapis offre une surface douce et confortable pour s&rsquo;asseoir ou faire de l&rsquo;exercice en toute tranquillit\u00e9. Il vous assure un confort optimal lors de vos activit\u00e9s en ext\u00e9rieur.<\/p>\n<\/p>\n<p>\u2022 Le tapis universel Folda se plie de mani\u00e8re compacte. Il est ainsi facile \u00e0 transporter et \u00e0 ranger. Vous pouvez facilement le glisser dans votre sac \u00e0 dos.<\/p>\n<\/p>\n<p>\u2022 La surface du tapis est antid\u00e9rapante, pour une s\u00e9curit\u00e9 accrue. Vous pouvez vous d\u00e9placer dessus sans risque de glisser.<\/p>\n<\/p>\n<p>Le tapis universel Folda est polyvalent et parfait pour diverses activit\u00e9s de plein air. Camping, pique-nique, sport ou simple d\u00e9tente en plein air, ce tapis vous apportera le confort dont vous avez besoin. Pr\u00e9parez-vous \u00e0 rendre vos moments pass\u00e9s en plein air encore plus agr\u00e9ables en emportant avec vous le tapis universel Folda !<\/p>\n","protected":false},"excerpt":{"rendered":"<p>Trespass FOLDA &#8211; Sitzmatte Faltbar sch\u00fctzt vor Feuchtigkeit, bietet bequemen Sitzkomfort und l\u00e4sst sich kompakt zusammenfalten \u2013 ideal f\u00fcr Outdoor und Training unterwegs.<\/p>\n","protected":false},"featured_media":268323,"comment_status":"open","ping_status":"closed","template":"","meta":[],"product_brand":[],"product_cat":[38332],"product_tag":[],"class_list":{"0":"post-268239","1":"product","2":"type-product","3":"status-publish","4":"has-post-thumbnail","6":"product_cat-outdoorausruestung","7":"product_shipping_class-global_methods","9":"first","10":"instock","11":"taxable","12":"shipping-taxable","13":"purchasable","14":"product-type-simple"},"yoast_head":"<!-- This site is optimized with the Yoast SEO plugin v27.5 - https:\/\/yoast.com\/product\/yoast-seo-wordpress\/ -->\n<title>Trespass FOLDA - Sitzmatte Faltbar<\/title>\n<meta name=\"description\" content=\"Folda Universalmatte - Ihr Begleiter f\u00fcr Komfort im Freien!\u00a0 Die Folda Universalmatte ist eine gro\u00dfartige Erg\u00e4nzung f\u00fcr Ihre Outdoor-Aktivit\u00e4ten. Egal, ob Sie\" \/>\n<meta name=\"robots\" content=\"index, follow, max-snippet:-1, max-image-preview:large, max-video-preview:-1\" \/>\n<link rel=\"canonical\" href=\"https:\/\/schweizversand.ch\/fr\/produkt\/trespass-folda-sitzmatte-faltbar\/\" \/>\n<meta property=\"og:locale\" content=\"fr_FR\" \/>\n<meta property=\"og:type\" content=\"article\" \/>\n<meta property=\"og:title\" content=\"Trespass FOLDA - Sitzmatte Faltbar\" \/>\n<meta property=\"og:description\" content=\"Folda Universalmatte - Ihr Begleiter f\u00fcr Komfort im Freien!\u00a0 Die Folda Universalmatte ist eine gro\u00dfartige Erg\u00e4nzung f\u00fcr Ihre Outdoor-Aktivit\u00e4ten. Egal, ob Sie\" \/>\n<meta property=\"og:url\" content=\"https:\/\/schweizversand.ch\/fr\/produkt\/trespass-folda-sitzmatte-faltbar\/\" \/>\n<meta property=\"og:site_name\" content=\"Schweizer Shop f\u00fcr Sport, Spiel und Freizeit\" \/>\n<meta property=\"article:publisher\" content=\"https:\/\/www.facebook.com\/Schweizversand\" \/>\n<meta property=\"article:modified_time\" content=\"2026-04-30T13:34:31+00:00\" \/>\n<meta property=\"og:image\" content=\"https:\/\/schweizversand.ch\/wp-content\/uploads\/2026\/04\/5471495941.jpg\" \/>\n\t<meta property=\"og:image:width\" content=\"865\" \/>\n\t<meta property=\"og:image:height\" content=\"1024\" \/>\n\t<meta property=\"og:image:type\" content=\"image\/jpeg\" \/>\n<meta name=\"twitter:card\" content=\"summary_large_image\" \/>\n<meta name=\"twitter:label1\" content=\"Dur\u00e9e de lecture estim\u00e9e\" \/>\n\t<meta name=\"twitter:data1\" content=\"1 minute\" \/>\n<script type=\"application\/ld+json\" class=\"yoast-schema-graph\">{\"@context\":\"https:\\\/\\\/schema.org\",\"@graph\":[{\"@type\":\"WebPage\",\"@id\":\"https:\\\/\\\/schweizversand.ch\\\/fr\\\/produkt\\\/trespass-folda-sitzmatte-faltbar\\\/\",\"url\":\"https:\\\/\\\/schweizversand.ch\\\/fr\\\/produkt\\\/trespass-folda-sitzmatte-faltbar\\\/\",\"name\":\"Trespass FOLDA - Sitzmatte Faltbar\",\"isPartOf\":{\"@id\":\"https:\\\/\\\/schweizversand.ch\\\/fr\\\/#website\"},\"primaryImageOfPage\":{\"@id\":\"https:\\\/\\\/schweizversand.ch\\\/fr\\\/produkt\\\/trespass-folda-sitzmatte-faltbar\\\/#primaryimage\"},\"image\":{\"@id\":\"https:\\\/\\\/schweizversand.ch\\\/fr\\\/produkt\\\/trespass-folda-sitzmatte-faltbar\\\/#primaryimage\"},\"thumbnailUrl\":\"https:\\\/\\\/schweizversand.ch\\\/wp-content\\\/uploads\\\/2026\\\/04\\\/5471495941.jpg\",\"datePublished\":\"2026-04-24T13:31:16+00:00\",\"dateModified\":\"2026-04-30T13:34:31+00:00\",\"description\":\"Folda Universalmatte - Ihr Begleiter f\u00fcr Komfort im Freien!\u00a0 Die Folda Universalmatte ist eine gro\u00dfartige Erg\u00e4nzung f\u00fcr Ihre Outdoor-Aktivit\u00e4ten. Egal, ob Sie\",\"breadcrumb\":{\"@id\":\"https:\\\/\\\/schweizversand.ch\\\/fr\\\/produkt\\\/trespass-folda-sitzmatte-faltbar\\\/#breadcrumb\"},\"inLanguage\":\"fr-FR\",\"potentialAction\":[{\"@type\":\"ReadAction\",\"target\":[\"https:\\\/\\\/schweizversand.ch\\\/fr\\\/produkt\\\/trespass-folda-sitzmatte-faltbar\\\/\"]}]},{\"@type\":\"ImageObject\",\"inLanguage\":\"fr-FR\",\"@id\":\"https:\\\/\\\/schweizversand.ch\\\/fr\\\/produkt\\\/trespass-folda-sitzmatte-faltbar\\\/#primaryimage\",\"url\":\"https:\\\/\\\/schweizversand.ch\\\/wp-content\\\/uploads\\\/2026\\\/04\\\/5471495941.jpg\",\"contentUrl\":\"https:\\\/\\\/schweizversand.ch\\\/wp-content\\\/uploads\\\/2026\\\/04\\\/5471495941.jpg\",\"width\":865,\"height\":1024},{\"@type\":\"BreadcrumbList\",\"@id\":\"https:\\\/\\\/schweizversand.ch\\\/fr\\\/produkt\\\/trespass-folda-sitzmatte-faltbar\\\/#breadcrumb\",\"itemListElement\":[{\"@type\":\"ListItem\",\"position\":1,\"name\":\"Startseite\",\"item\":\"https:\\\/\\\/schweizversand.ch\\\/fr\\\/home\\\/\"},{\"@type\":\"ListItem\",\"position\":2,\"name\":\"Boutique\",\"item\":\"https:\\\/\\\/schweizversand.ch\\\/fr\\\/boutique\\\/\"},{\"@type\":\"ListItem\",\"position\":3,\"name\":\"Sports\",\"item\":\"https:\\\/\\\/schweizversand.ch\\\/fr\\\/produkt-kategorie\\\/sports\\\/\"},{\"@type\":\"ListItem\",\"position\":4,\"name\":\"Plein air\",\"item\":\"https:\\\/\\\/schweizversand.ch\\\/fr\\\/produkt-kategorie\\\/sports\\\/plein-air\\\/\"},{\"@type\":\"ListItem\",\"position\":5,\"name\":\"\u00c9quipement de plein air\",\"item\":\"https:\\\/\\\/schweizversand.ch\\\/fr\\\/produkt-kategorie\\\/sports\\\/plein-air\\\/outdoorausruestung\\\/\"},{\"@type\":\"ListItem\",\"position\":6,\"name\":\"Tapis de si\u00e8ge pliable Trespass FOLDA\"}]},{\"@type\":\"WebSite\",\"@id\":\"https:\\\/\\\/schweizversand.ch\\\/fr\\\/#website\",\"url\":\"https:\\\/\\\/schweizversand.ch\\\/fr\\\/\",\"name\":\"Schweizer Shop f\u00fcr Sport, Spiel und Freizeit\",\"description\":\"Gratisversand ab 50.- (netto), ab eigenem schweizer Lager, Lieferung innert 48h\",\"publisher\":{\"@id\":\"https:\\\/\\\/schweizversand.ch\\\/fr\\\/#organization\"},\"alternateName\":\"Schweizversand.ch\",\"potentialAction\":[{\"@type\":\"SearchAction\",\"target\":{\"@type\":\"EntryPoint\",\"urlTemplate\":\"https:\\\/\\\/schweizversand.ch\\\/fr\\\/?s={search_term_string}\"},\"query-input\":{\"@type\":\"PropertyValueSpecification\",\"valueRequired\":true,\"valueName\":\"search_term_string\"}}],\"inLanguage\":\"fr-FR\"},{\"@type\":\"Organization\",\"@id\":\"https:\\\/\\\/schweizversand.ch\\\/fr\\\/#organization\",\"name\":\"Schweizversand.ch\",\"url\":\"https:\\\/\\\/schweizversand.ch\\\/fr\\\/\",\"logo\":{\"@type\":\"ImageObject\",\"inLanguage\":\"fr-FR\",\"@id\":\"https:\\\/\\\/schweizversand.ch\\\/fr\\\/#\\\/schema\\\/logo\\\/image\\\/\",\"url\":\"https:\\\/\\\/schweizversand.ch\\\/wp-content\\\/uploads\\\/2026\\\/03\\\/Logo_Rund_Final-1.png\",\"contentUrl\":\"https:\\\/\\\/schweizversand.ch\\\/wp-content\\\/uploads\\\/2026\\\/03\\\/Logo_Rund_Final-1.png\",\"width\":404,\"height\":404,\"caption\":\"Schweizversand.ch\"},\"image\":{\"@id\":\"https:\\\/\\\/schweizversand.ch\\\/fr\\\/#\\\/schema\\\/logo\\\/image\\\/\"},\"sameAs\":[\"https:\\\/\\\/www.facebook.com\\\/Schweizversand\",\"https:\\\/\\\/www.instagram.com\\\/schweizversand.ch\\\/\"]}]}<\/script>\n<!-- \/ Yoast SEO plugin. -->","yoast_head_json":{"title":"Trespass FOLDA - Sitzmatte Faltbar","description":"Folda Universalmatte - Ihr Begleiter f\u00fcr Komfort im Freien!\u00a0 Die Folda Universalmatte ist eine gro\u00dfartige Erg\u00e4nzung f\u00fcr Ihre Outdoor-Aktivit\u00e4ten. Egal, ob Sie","robots":{"index":"index","follow":"follow","max-snippet":"max-snippet:-1","max-image-preview":"max-image-preview:large","max-video-preview":"max-video-preview:-1"},"canonical":"https:\/\/schweizversand.ch\/fr\/produkt\/trespass-folda-sitzmatte-faltbar\/","og_locale":"fr_FR","og_type":"article","og_title":"Trespass FOLDA - Sitzmatte Faltbar","og_description":"Folda Universalmatte - Ihr Begleiter f\u00fcr Komfort im Freien!\u00a0 Die Folda Universalmatte ist eine gro\u00dfartige Erg\u00e4nzung f\u00fcr Ihre Outdoor-Aktivit\u00e4ten. Egal, ob Sie","og_url":"https:\/\/schweizversand.ch\/fr\/produkt\/trespass-folda-sitzmatte-faltbar\/","og_site_name":"Schweizer Shop f\u00fcr Sport, Spiel und Freizeit","article_publisher":"https:\/\/www.facebook.com\/Schweizversand","article_modified_time":"2026-04-30T13:34:31+00:00","og_image":[{"width":865,"height":1024,"url":"https:\/\/schweizversand.ch\/wp-content\/uploads\/2026\/04\/5471495941.jpg","type":"image\/jpeg"}],"twitter_card":"summary_large_image","twitter_misc":{"Dur\u00e9e de lecture estim\u00e9e":"1 minute"},"schema":{"@context":"https:\/\/schema.org","@graph":[{"@type":"WebPage","@id":"https:\/\/schweizversand.ch\/fr\/produkt\/trespass-folda-sitzmatte-faltbar\/","url":"https:\/\/schweizversand.ch\/fr\/produkt\/trespass-folda-sitzmatte-faltbar\/","name":"Trespass FOLDA - Sitzmatte Faltbar","isPartOf":{"@id":"https:\/\/schweizversand.ch\/fr\/#website"},"primaryImageOfPage":{"@id":"https:\/\/schweizversand.ch\/fr\/produkt\/trespass-folda-sitzmatte-faltbar\/#primaryimage"},"image":{"@id":"https:\/\/schweizversand.ch\/fr\/produkt\/trespass-folda-sitzmatte-faltbar\/#primaryimage"},"thumbnailUrl":"https:\/\/schweizversand.ch\/wp-content\/uploads\/2026\/04\/5471495941.jpg","datePublished":"2026-04-24T13:31:16+00:00","dateModified":"2026-04-30T13:34:31+00:00","description":"Folda Universalmatte - Ihr Begleiter f\u00fcr Komfort im Freien!\u00a0 Die Folda Universalmatte ist eine gro\u00dfartige Erg\u00e4nzung f\u00fcr Ihre Outdoor-Aktivit\u00e4ten. Egal, ob Sie","breadcrumb":{"@id":"https:\/\/schweizversand.ch\/fr\/produkt\/trespass-folda-sitzmatte-faltbar\/#breadcrumb"},"inLanguage":"fr-FR","potentialAction":[{"@type":"ReadAction","target":["https:\/\/schweizversand.ch\/fr\/produkt\/trespass-folda-sitzmatte-faltbar\/"]}]},{"@type":"ImageObject","inLanguage":"fr-FR","@id":"https:\/\/schweizversand.ch\/fr\/produkt\/trespass-folda-sitzmatte-faltbar\/#primaryimage","url":"https:\/\/schweizversand.ch\/wp-content\/uploads\/2026\/04\/5471495941.jpg","contentUrl":"https:\/\/schweizversand.ch\/wp-content\/uploads\/2026\/04\/5471495941.jpg","width":865,"height":1024},{"@type":"BreadcrumbList","@id":"https:\/\/schweizversand.ch\/fr\/produkt\/trespass-folda-sitzmatte-faltbar\/#breadcrumb","itemListElement":[{"@type":"ListItem","position":1,"name":"Startseite","item":"https:\/\/schweizversand.ch\/fr\/home\/"},{"@type":"ListItem","position":2,"name":"Boutique","item":"https:\/\/schweizversand.ch\/fr\/boutique\/"},{"@type":"ListItem","position":3,"name":"Sports","item":"https:\/\/schweizversand.ch\/fr\/produkt-kategorie\/sports\/"},{"@type":"ListItem","position":4,"name":"Plein air","item":"https:\/\/schweizversand.ch\/fr\/produkt-kategorie\/sports\/plein-air\/"},{"@type":"ListItem","position":5,"name":"\u00c9quipement de plein air","item":"https:\/\/schweizversand.ch\/fr\/produkt-kategorie\/sports\/plein-air\/outdoorausruestung\/"},{"@type":"ListItem","position":6,"name":"Tapis de si\u00e8ge pliable Trespass FOLDA"}]},{"@type":"WebSite","@id":"https:\/\/schweizversand.ch\/fr\/#website","url":"https:\/\/schweizversand.ch\/fr\/","name":"Schweizer Shop f\u00fcr Sport, Spiel und Freizeit","description":"Gratisversand ab 50.- (netto), ab eigenem schweizer Lager, Lieferung innert 48h","publisher":{"@id":"https:\/\/schweizversand.ch\/fr\/#organization"},"alternateName":"Schweizversand.ch","potentialAction":[{"@type":"SearchAction","target":{"@type":"EntryPoint","urlTemplate":"https:\/\/schweizversand.ch\/fr\/?s={search_term_string}"},"query-input":{"@type":"PropertyValueSpecification","valueRequired":true,"valueName":"search_term_string"}}],"inLanguage":"fr-FR"},{"@type":"Organization","@id":"https:\/\/schweizversand.ch\/fr\/#organization","name":"Schweizversand.ch","url":"https:\/\/schweizversand.ch\/fr\/","logo":{"@type":"ImageObject","inLanguage":"fr-FR","@id":"https:\/\/schweizversand.ch\/fr\/#\/schema\/logo\/image\/","url":"https:\/\/schweizversand.ch\/wp-content\/uploads\/2026\/03\/Logo_Rund_Final-1.png","contentUrl":"https:\/\/schweizversand.ch\/wp-content\/uploads\/2026\/03\/Logo_Rund_Final-1.png","width":404,"height":404,"caption":"Schweizversand.ch"},"image":{"@id":"https:\/\/schweizversand.ch\/fr\/#\/schema\/logo\/image\/"},"sameAs":["https:\/\/www.facebook.com\/Schweizversand","https:\/\/www.instagram.com\/schweizversand.ch\/"]}]}},"jetpack_sharing_enabled":true,"_links":{"self":[{"href":"https:\/\/schweizversand.ch\/fr\/wp-json\/wp\/v2\/product\/268239","targetHints":{"allow":["GET"]}}],"collection":[{"href":"https:\/\/schweizversand.ch\/fr\/wp-json\/wp\/v2\/product"}],"about":[{"href":"https:\/\/schweizversand.ch\/fr\/wp-json\/wp\/v2\/types\/product"}],"replies":[{"embeddable":true,"href":"https:\/\/schweizversand.ch\/fr\/wp-json\/wp\/v2\/comments?post=268239"}],"wp:featuredmedia":[{"embeddable":true,"href":"https:\/\/schweizversand.ch\/fr\/wp-json\/wp\/v2\/media\/268323"}],"wp:attachment":[{"href":"https:\/\/schweizversand.ch\/fr\/wp-json\/wp\/v2\/media?parent=268239"}],"wp:term":[{"taxonomy":"product_brand","embeddable":true,"href":"https:\/\/schweizversand.ch\/fr\/wp-json\/wp\/v2\/product_brand?post=268239"},{"taxonomy":"product_cat","embeddable":true,"href":"https:\/\/schweizversand.ch\/fr\/wp-json\/wp\/v2\/product_cat?post=268239"},{"taxonomy":"product_tag","embeddable":true,"href":"https:\/\/schweizversand.ch\/fr\/wp-json\/wp\/v2\/product_tag?post=268239"}],"curies":[{"name":"wp","href":"https:\/\/api.w.org\/{rel}","templated":true}]}}