{"id":268246,"date":"2026-04-24T15:31:18","date_gmt":"2026-04-24T13:31:18","guid":{"rendered":"https:\/\/schweizversand.ch\/produkt\/trespass-click-clack-kinder-fangspiel\/"},"modified":"2026-05-01T02:04:32","modified_gmt":"2026-05-01T00:04:32","slug":"trespass-click-clack-kinder-fangspiel","status":"publish","type":"product","link":"https:\/\/schweizversand.ch\/fr\/produkt\/trespass-click-clack-kinder-fangspiel\/","title":{"rendered":"Jeu de balle pour enfants \u00ab\u00a0Intrus Click Clack\u00a0\u00bb"},"content":{"rendered":"<h1><strong>Jeu de balle pour enfants \u2013 D\u00e9veloppe la dext\u00e9rit\u00e9 et la motricit\u00e9<\/strong><\/h1>\n<div>Offrez \u00e0 vos enfants des heures d&rsquo;exercice et de d\u00e9fis passionnants avec ce jeu de balle populaire. Ce jeu de lancer garantit non seulement un plaisir sans fin, mais favorise \u00e9galement la coordination \u0153il-main, la motricit\u00e9 et les r\u00e9flexes de mani\u00e8re ludique.<\/p>\n<\/div>\n<div><strong>Principe du jeu<\/strong><br \/>Le jeu est facile \u00e0 comprendre et offre un divertissement imm\u00e9diat. Les joueurs placent la petite balle dans le panier du gobelet. Une simple pression sur le levier active la balle qui est propuls\u00e9e en l&rsquo;air\u00a0; le d\u00e9fi consiste \u00e0 rattraper la balle rapidement et avec adresse.<\/strong> Un jeu d&rsquo;adresse passionnant pour les enfants, qui d\u00e9veloppe leur concentration.<\/p>\n<\/div>\n<div><strong>Options de jeu vari\u00e9es<\/strong><br \/>&#8211; Jeu individuel\u00a0: Id\u00e9al pour am\u00e9liorer la coordination \u0153il-main et s&rsquo;entra\u00eener au lancer.<br \/>&#8211; Jeu \u00e0 plusieurs\u00a0: Faites-vous des passes et corsez le jeu. Qui aura les meilleurs r\u00e9flexes\u00a0?<\/p>\n<\/div>\n<div><strong>D\u00e9veloppement de comp\u00e9tences essentielles<\/strong><br \/>Ce jeu de motricit\u00e9 est excellent pour d\u00e9velopper la motricit\u00e9 fine et la coordination. S&rsquo;entra\u00eener r\u00e9guli\u00e8rement \u00e0 attraper la balle am\u00e9liore les r\u00e9flexes des enfants de fa\u00e7on ludique et efficace. C&rsquo;est le jouet d&rsquo;ext\u00e9rieur id\u00e9al, mais il peut aussi \u00eatre utilis\u00e9 \u00e0 l&rsquo;int\u00e9rieur sans probl\u00e8me. Parfait pour toutes les occasions\u00a0! Que ce soit pour jouer \u00e0 l&rsquo;int\u00e9rieur les jours de pluie ou pour s&rsquo;amuser dans le jardin, ce jeu de balle garantit des heures de divertissement. Offrez ce jeu \u00e0 vos enfants et faites de leur d\u00e9veloppement un moment ludique et enrichissant\u00a0!<\/p>\n","protected":false},"excerpt":{"rendered":"<p>Trespass CLICK CLACK Kinder Fangspiel f\u00f6rdert spielerisch Motorik, Hand-Augen-Koordination und Reaktionsf\u00e4higkeit f\u00fcr stundenlangen, spannenden Spielspa\u00df bei Kindern.<\/p>\n","protected":false},"featured_media":268369,"comment_status":"open","ping_status":"closed","template":"","meta":[],"product_brand":[],"product_cat":[38353],"product_tag":[],"class_list":{"0":"post-268246","1":"product","2":"type-product","3":"status-publish","4":"has-post-thumbnail","6":"product_cat-gartenspielzeug","7":"product_shipping_class-global_methods","9":"first","10":"instock","11":"taxable","12":"shipping-taxable","13":"purchasable","14":"product-type-simple"},"yoast_head":"<!-- This site is optimized with the Yoast SEO plugin v27.5 - https:\/\/yoast.com\/product\/yoast-seo-wordpress\/ -->\n<title>Trespass CLICK CLACK Kinder Fangspiel<\/title>\n<meta name=\"description\" content=\"Ball-Fangspiel Set f\u00fcr Kinder \u2013 Geschicklichkeit und Motorik Schenken Sie Ihren Kindern Stunden voller Bewegung und spannender Herausforderungen mit diesem beli\" \/>\n<meta name=\"robots\" content=\"index, follow, max-snippet:-1, max-image-preview:large, max-video-preview:-1\" \/>\n<link rel=\"canonical\" href=\"https:\/\/schweizversand.ch\/fr\/produkt\/trespass-click-clack-kinder-fangspiel\/\" \/>\n<meta property=\"og:locale\" content=\"fr_FR\" \/>\n<meta property=\"og:type\" content=\"article\" \/>\n<meta property=\"og:title\" content=\"Trespass CLICK CLACK Kinder Fangspiel\" \/>\n<meta property=\"og:description\" content=\"Ball-Fangspiel Set f\u00fcr Kinder \u2013 Geschicklichkeit und Motorik Schenken Sie Ihren Kindern Stunden voller Bewegung und spannender Herausforderungen mit diesem beli\" \/>\n<meta property=\"og:url\" content=\"https:\/\/schweizversand.ch\/fr\/produkt\/trespass-click-clack-kinder-fangspiel\/\" \/>\n<meta property=\"og:site_name\" content=\"Schweizer Shop f\u00fcr Sport, Spiel und Freizeit\" \/>\n<meta property=\"article:publisher\" content=\"https:\/\/www.facebook.com\/Schweizversand\" \/>\n<meta property=\"article:modified_time\" content=\"2026-05-01T00:04:32+00:00\" \/>\n<meta property=\"og:image\" content=\"https:\/\/schweizversand.ch\/wp-content\/uploads\/2026\/04\/5646670957.jpg\" \/>\n\t<meta property=\"og:image:width\" content=\"1024\" \/>\n\t<meta property=\"og:image:height\" content=\"842\" \/>\n\t<meta property=\"og:image:type\" content=\"image\/jpeg\" \/>\n<meta name=\"twitter:card\" content=\"summary_large_image\" \/>\n<meta name=\"twitter:label1\" content=\"Dur\u00e9e de lecture estim\u00e9e\" \/>\n\t<meta name=\"twitter:data1\" content=\"1 minute\" \/>\n<script type=\"application\/ld+json\" class=\"yoast-schema-graph\">{\"@context\":\"https:\\\/\\\/schema.org\",\"@graph\":[{\"@type\":\"WebPage\",\"@id\":\"https:\\\/\\\/schweizversand.ch\\\/fr\\\/produkt\\\/trespass-click-clack-kinder-fangspiel\\\/\",\"url\":\"https:\\\/\\\/schweizversand.ch\\\/fr\\\/produkt\\\/trespass-click-clack-kinder-fangspiel\\\/\",\"name\":\"Trespass CLICK CLACK Kinder Fangspiel\",\"isPartOf\":{\"@id\":\"https:\\\/\\\/schweizversand.ch\\\/fr\\\/#website\"},\"primaryImageOfPage\":{\"@id\":\"https:\\\/\\\/schweizversand.ch\\\/fr\\\/produkt\\\/trespass-click-clack-kinder-fangspiel\\\/#primaryimage\"},\"image\":{\"@id\":\"https:\\\/\\\/schweizversand.ch\\\/fr\\\/produkt\\\/trespass-click-clack-kinder-fangspiel\\\/#primaryimage\"},\"thumbnailUrl\":\"https:\\\/\\\/schweizversand.ch\\\/wp-content\\\/uploads\\\/2026\\\/04\\\/5646670957.jpg\",\"datePublished\":\"2026-04-24T13:31:18+00:00\",\"dateModified\":\"2026-05-01T00:04:32+00:00\",\"description\":\"Ball-Fangspiel Set f\u00fcr Kinder \u2013 Geschicklichkeit und Motorik Schenken Sie Ihren Kindern Stunden voller Bewegung und spannender Herausforderungen mit diesem beli\",\"breadcrumb\":{\"@id\":\"https:\\\/\\\/schweizversand.ch\\\/fr\\\/produkt\\\/trespass-click-clack-kinder-fangspiel\\\/#breadcrumb\"},\"inLanguage\":\"fr-FR\",\"potentialAction\":[{\"@type\":\"ReadAction\",\"target\":[\"https:\\\/\\\/schweizversand.ch\\\/fr\\\/produkt\\\/trespass-click-clack-kinder-fangspiel\\\/\"]}]},{\"@type\":\"ImageObject\",\"inLanguage\":\"fr-FR\",\"@id\":\"https:\\\/\\\/schweizversand.ch\\\/fr\\\/produkt\\\/trespass-click-clack-kinder-fangspiel\\\/#primaryimage\",\"url\":\"https:\\\/\\\/schweizversand.ch\\\/wp-content\\\/uploads\\\/2026\\\/04\\\/5646670957.jpg\",\"contentUrl\":\"https:\\\/\\\/schweizversand.ch\\\/wp-content\\\/uploads\\\/2026\\\/04\\\/5646670957.jpg\",\"width\":1024,\"height\":842},{\"@type\":\"BreadcrumbList\",\"@id\":\"https:\\\/\\\/schweizversand.ch\\\/fr\\\/produkt\\\/trespass-click-clack-kinder-fangspiel\\\/#breadcrumb\",\"itemListElement\":[{\"@type\":\"ListItem\",\"position\":1,\"name\":\"Startseite\",\"item\":\"https:\\\/\\\/schweizversand.ch\\\/fr\\\/home\\\/\"},{\"@type\":\"ListItem\",\"position\":2,\"name\":\"Boutique\",\"item\":\"https:\\\/\\\/schweizversand.ch\\\/fr\\\/boutique\\\/\"},{\"@type\":\"ListItem\",\"position\":3,\"name\":\"Jouets et jeux\",\"item\":\"https:\\\/\\\/schweizversand.ch\\\/fr\\\/produkt-kategorie\\\/jouets-et-jeux\\\/\"},{\"@type\":\"ListItem\",\"position\":4,\"name\":\"Jeux d'ext\u00e9rieur\",\"item\":\"https:\\\/\\\/schweizversand.ch\\\/fr\\\/produkt-kategorie\\\/jouets-et-jeux\\\/jeux-dexterieur\\\/\"},{\"@type\":\"ListItem\",\"position\":5,\"name\":\"Jeux de jardin\",\"item\":\"https:\\\/\\\/schweizversand.ch\\\/fr\\\/produkt-kategorie\\\/jouets-et-jeux\\\/jeux-dexterieur\\\/gartenspielzeug\\\/\"},{\"@type\":\"ListItem\",\"position\":6,\"name\":\"Jeu de balle pour enfants \u00ab\u00a0Intrus Click Clack\u00a0\u00bb\"}]},{\"@type\":\"WebSite\",\"@id\":\"https:\\\/\\\/schweizversand.ch\\\/fr\\\/#website\",\"url\":\"https:\\\/\\\/schweizversand.ch\\\/fr\\\/\",\"name\":\"Schweizer Shop f\u00fcr Sport, Spiel und Freizeit\",\"description\":\"Gratisversand ab 50.- (netto), ab eigenem schweizer Lager, Lieferung innert 48h\",\"publisher\":{\"@id\":\"https:\\\/\\\/schweizversand.ch\\\/fr\\\/#organization\"},\"alternateName\":\"Schweizversand.ch\",\"potentialAction\":[{\"@type\":\"SearchAction\",\"target\":{\"@type\":\"EntryPoint\",\"urlTemplate\":\"https:\\\/\\\/schweizversand.ch\\\/fr\\\/?s={search_term_string}\"},\"query-input\":{\"@type\":\"PropertyValueSpecification\",\"valueRequired\":true,\"valueName\":\"search_term_string\"}}],\"inLanguage\":\"fr-FR\"},{\"@type\":\"Organization\",\"@id\":\"https:\\\/\\\/schweizversand.ch\\\/fr\\\/#organization\",\"name\":\"Schweizversand.ch\",\"url\":\"https:\\\/\\\/schweizversand.ch\\\/fr\\\/\",\"logo\":{\"@type\":\"ImageObject\",\"inLanguage\":\"fr-FR\",\"@id\":\"https:\\\/\\\/schweizversand.ch\\\/fr\\\/#\\\/schema\\\/logo\\\/image\\\/\",\"url\":\"https:\\\/\\\/schweizversand.ch\\\/wp-content\\\/uploads\\\/2026\\\/03\\\/Logo_Rund_Final-1.png\",\"contentUrl\":\"https:\\\/\\\/schweizversand.ch\\\/wp-content\\\/uploads\\\/2026\\\/03\\\/Logo_Rund_Final-1.png\",\"width\":404,\"height\":404,\"caption\":\"Schweizversand.ch\"},\"image\":{\"@id\":\"https:\\\/\\\/schweizversand.ch\\\/fr\\\/#\\\/schema\\\/logo\\\/image\\\/\"},\"sameAs\":[\"https:\\\/\\\/www.facebook.com\\\/Schweizversand\",\"https:\\\/\\\/www.instagram.com\\\/schweizversand.ch\\\/\"]}]}<\/script>\n<!-- \/ Yoast SEO plugin. -->","yoast_head_json":{"title":"Trespass CLICK CLACK Kinder Fangspiel","description":"Ball-Fangspiel Set f\u00fcr Kinder \u2013 Geschicklichkeit und Motorik Schenken Sie Ihren Kindern Stunden voller Bewegung und spannender Herausforderungen mit diesem beli","robots":{"index":"index","follow":"follow","max-snippet":"max-snippet:-1","max-image-preview":"max-image-preview:large","max-video-preview":"max-video-preview:-1"},"canonical":"https:\/\/schweizversand.ch\/fr\/produkt\/trespass-click-clack-kinder-fangspiel\/","og_locale":"fr_FR","og_type":"article","og_title":"Trespass CLICK CLACK Kinder Fangspiel","og_description":"Ball-Fangspiel Set f\u00fcr Kinder \u2013 Geschicklichkeit und Motorik Schenken Sie Ihren Kindern Stunden voller Bewegung und spannender Herausforderungen mit diesem beli","og_url":"https:\/\/schweizversand.ch\/fr\/produkt\/trespass-click-clack-kinder-fangspiel\/","og_site_name":"Schweizer Shop f\u00fcr Sport, Spiel und Freizeit","article_publisher":"https:\/\/www.facebook.com\/Schweizversand","article_modified_time":"2026-05-01T00:04:32+00:00","og_image":[{"width":1024,"height":842,"url":"https:\/\/schweizversand.ch\/wp-content\/uploads\/2026\/04\/5646670957.jpg","type":"image\/jpeg"}],"twitter_card":"summary_large_image","twitter_misc":{"Dur\u00e9e de lecture estim\u00e9e":"1 minute"},"schema":{"@context":"https:\/\/schema.org","@graph":[{"@type":"WebPage","@id":"https:\/\/schweizversand.ch\/fr\/produkt\/trespass-click-clack-kinder-fangspiel\/","url":"https:\/\/schweizversand.ch\/fr\/produkt\/trespass-click-clack-kinder-fangspiel\/","name":"Trespass CLICK CLACK Kinder Fangspiel","isPartOf":{"@id":"https:\/\/schweizversand.ch\/fr\/#website"},"primaryImageOfPage":{"@id":"https:\/\/schweizversand.ch\/fr\/produkt\/trespass-click-clack-kinder-fangspiel\/#primaryimage"},"image":{"@id":"https:\/\/schweizversand.ch\/fr\/produkt\/trespass-click-clack-kinder-fangspiel\/#primaryimage"},"thumbnailUrl":"https:\/\/schweizversand.ch\/wp-content\/uploads\/2026\/04\/5646670957.jpg","datePublished":"2026-04-24T13:31:18+00:00","dateModified":"2026-05-01T00:04:32+00:00","description":"Ball-Fangspiel Set f\u00fcr Kinder \u2013 Geschicklichkeit und Motorik Schenken Sie Ihren Kindern Stunden voller Bewegung und spannender Herausforderungen mit diesem beli","breadcrumb":{"@id":"https:\/\/schweizversand.ch\/fr\/produkt\/trespass-click-clack-kinder-fangspiel\/#breadcrumb"},"inLanguage":"fr-FR","potentialAction":[{"@type":"ReadAction","target":["https:\/\/schweizversand.ch\/fr\/produkt\/trespass-click-clack-kinder-fangspiel\/"]}]},{"@type":"ImageObject","inLanguage":"fr-FR","@id":"https:\/\/schweizversand.ch\/fr\/produkt\/trespass-click-clack-kinder-fangspiel\/#primaryimage","url":"https:\/\/schweizversand.ch\/wp-content\/uploads\/2026\/04\/5646670957.jpg","contentUrl":"https:\/\/schweizversand.ch\/wp-content\/uploads\/2026\/04\/5646670957.jpg","width":1024,"height":842},{"@type":"BreadcrumbList","@id":"https:\/\/schweizversand.ch\/fr\/produkt\/trespass-click-clack-kinder-fangspiel\/#breadcrumb","itemListElement":[{"@type":"ListItem","position":1,"name":"Startseite","item":"https:\/\/schweizversand.ch\/fr\/home\/"},{"@type":"ListItem","position":2,"name":"Boutique","item":"https:\/\/schweizversand.ch\/fr\/boutique\/"},{"@type":"ListItem","position":3,"name":"Jouets et jeux","item":"https:\/\/schweizversand.ch\/fr\/produkt-kategorie\/jouets-et-jeux\/"},{"@type":"ListItem","position":4,"name":"Jeux d'ext\u00e9rieur","item":"https:\/\/schweizversand.ch\/fr\/produkt-kategorie\/jouets-et-jeux\/jeux-dexterieur\/"},{"@type":"ListItem","position":5,"name":"Jeux de jardin","item":"https:\/\/schweizversand.ch\/fr\/produkt-kategorie\/jouets-et-jeux\/jeux-dexterieur\/gartenspielzeug\/"},{"@type":"ListItem","position":6,"name":"Jeu de balle pour enfants \u00ab\u00a0Intrus Click Clack\u00a0\u00bb"}]},{"@type":"WebSite","@id":"https:\/\/schweizversand.ch\/fr\/#website","url":"https:\/\/schweizversand.ch\/fr\/","name":"Schweizer Shop f\u00fcr Sport, Spiel und Freizeit","description":"Gratisversand ab 50.- (netto), ab eigenem schweizer Lager, Lieferung innert 48h","publisher":{"@id":"https:\/\/schweizversand.ch\/fr\/#organization"},"alternateName":"Schweizversand.ch","potentialAction":[{"@type":"SearchAction","target":{"@type":"EntryPoint","urlTemplate":"https:\/\/schweizversand.ch\/fr\/?s={search_term_string}"},"query-input":{"@type":"PropertyValueSpecification","valueRequired":true,"valueName":"search_term_string"}}],"inLanguage":"fr-FR"},{"@type":"Organization","@id":"https:\/\/schweizversand.ch\/fr\/#organization","name":"Schweizversand.ch","url":"https:\/\/schweizversand.ch\/fr\/","logo":{"@type":"ImageObject","inLanguage":"fr-FR","@id":"https:\/\/schweizversand.ch\/fr\/#\/schema\/logo\/image\/","url":"https:\/\/schweizversand.ch\/wp-content\/uploads\/2026\/03\/Logo_Rund_Final-1.png","contentUrl":"https:\/\/schweizversand.ch\/wp-content\/uploads\/2026\/03\/Logo_Rund_Final-1.png","width":404,"height":404,"caption":"Schweizversand.ch"},"image":{"@id":"https:\/\/schweizversand.ch\/fr\/#\/schema\/logo\/image\/"},"sameAs":["https:\/\/www.facebook.com\/Schweizversand","https:\/\/www.instagram.com\/schweizversand.ch\/"]}]}},"jetpack_sharing_enabled":true,"_links":{"self":[{"href":"https:\/\/schweizversand.ch\/fr\/wp-json\/wp\/v2\/product\/268246","targetHints":{"allow":["GET"]}}],"collection":[{"href":"https:\/\/schweizversand.ch\/fr\/wp-json\/wp\/v2\/product"}],"about":[{"href":"https:\/\/schweizversand.ch\/fr\/wp-json\/wp\/v2\/types\/product"}],"replies":[{"embeddable":true,"href":"https:\/\/schweizversand.ch\/fr\/wp-json\/wp\/v2\/comments?post=268246"}],"wp:featuredmedia":[{"embeddable":true,"href":"https:\/\/schweizversand.ch\/fr\/wp-json\/wp\/v2\/media\/268369"}],"wp:attachment":[{"href":"https:\/\/schweizversand.ch\/fr\/wp-json\/wp\/v2\/media?parent=268246"}],"wp:term":[{"taxonomy":"product_brand","embeddable":true,"href":"https:\/\/schweizversand.ch\/fr\/wp-json\/wp\/v2\/product_brand?post=268246"},{"taxonomy":"product_cat","embeddable":true,"href":"https:\/\/schweizversand.ch\/fr\/wp-json\/wp\/v2\/product_cat?post=268246"},{"taxonomy":"product_tag","embeddable":true,"href":"https:\/\/schweizversand.ch\/fr\/wp-json\/wp\/v2\/product_tag?post=268246"}],"curies":[{"name":"wp","href":"https:\/\/api.w.org\/{rel}","templated":true}]}}