{"id":268656,"date":"2026-04-29T15:30:51","date_gmt":"2026-04-29T13:30:51","guid":{"rendered":"https:\/\/schweizversand.ch\/produkt\/bestway-dominator-tauchmaske-ab-14-jahren\/"},"modified":"2026-05-01T15:33:51","modified_gmt":"2026-05-01T13:33:51","slug":"bestway-dominator-tauchmaske-ab-14-jahren","status":"publish","type":"product","link":"https:\/\/schweizversand.ch\/fr\/produkt\/bestway-dominator-tauchmaske-ab-14-jahren\/","title":{"rendered":"Masque de plong\u00e9e Bestway Dominator, \u00e0 partir de 14 ans"},"content":{"rendered":"<p>Avec le masque de plong\u00e9e Bestway\u00ae Dominator\u2122, profitez d&rsquo;une vision toujours claire sous l&rsquo;eau ! Id\u00e9al pour la piscine ou la mer, il convient aux enfants \u00e0 partir de 14 ans et aux adultes.<\/p>\n<\/p>\n<p>Verres en polycarbonate r\u00e9sistant aux chocs et protection UV : Le Dominator\u2122 est \u00e9quip\u00e9 de verres en polycarbonate durables qui r\u00e9sistent aux al\u00e9as de la plong\u00e9e, aux \u00e9claboussures et aux jeux dans l&rsquo;eau. Il est \u00e9galement dot\u00e9 d&rsquo;un rev\u00eatement de protection UV pour prot\u00e9ger efficacement vos yeux et ceux de votre enfant des rayons nocifs du soleil.<\/p>\n<\/p>\n<p>Confort optimal : Le Dominator\u2122 poss\u00e8de un joint de bord confortable et flexible qui assure un ajustement parfait et emp\u00eache efficacement l&rsquo;eau de p\u00e9n\u00e9trer. Le bandeau enti\u00e8rement r\u00e9glable permet un ajustement facile.<\/p>\n<\/p>\n<p>Pour une s\u00e9curit\u00e9 accrue, sa fabrication est exempte de latex.<\/p>\n<\/p>\n<p>\u00ab\u00a0\u00ab\u00a0\u00ab\u00a0\u00ab\u00a0\u00ab\u00a0\u00ab\u00a0\u00ab\u00a0\u00ab\u00a0\u00ab\u00a0\u00ab\u00a0\u00ab\u00a0\u00ab\u00a0\u00ab\u00a0\u00ab\u00a0\u00ab\u00a0\u00ab\u00a0\u00ab\u00a0\u00ab\u00a0\u00ab\u00a0\u00ab\u00a0\u00ab\u00a0\u00ab\u00a0\u00ab\u00a0\u00ab\u00a0\u00ab\u00a0\u00ab\u00a0\u00ab\u00a0\u00ab\u00a0\u00ab\u00a0\u00ab\u00a0\u00ab\u00a0\u00ab\u00a0`<\/p>\n<p>&#8230; \u2022 Construction :<\/p>\n<\/p>\n<p>Verres en polycarbonate r\u00e9sistant aux chocs avec protection UV<\/p>\n<\/p>\n<p>Joint confortable pour un ajustement pr\u00e9cis<\/p>\n<\/p>\n<p>Bandeau ajustable en deux parties<\/p>\n<\/p>\n<p>100 % sans latex<\/p>\n<\/p>\n<p>\u00c0 partir de 14 ans<\/p>\n<\/p>\n<p>\u2022 3 mod\u00e8les diff\u00e9rents<\/p>\n<\/p>\n<p>\u2022 Emballage sous blister<\/p>\n<\/p>\n<p>La couleur ne peut \u00eatre choisie ; des couleurs assorties seront fournies selon les disponibilit\u00e9s.<\/p>\n","protected":false},"excerpt":{"rendered":"<p>Bestway Dominator Tauchmaske ab 14 Jahren bietet sto\u00dffeste Polycarbonat-Linsen mit UV-Schutz und flexible Abdichtung f\u00fcr optimalen Sitz und klare Sicht unter Wasser.<\/p>\n","protected":false},"featured_media":268669,"comment_status":"open","ping_status":"closed","template":"","meta":[],"product_brand":[],"product_cat":[38641],"product_tag":[],"class_list":{"0":"post-268656","1":"product","2":"type-product","3":"status-publish","4":"has-post-thumbnail","6":"product_cat-natation-et-plongee","7":"product_shipping_class-global_methods","9":"first","10":"instock","11":"taxable","12":"shipping-taxable","13":"purchasable","14":"product-type-simple"},"yoast_head":"<!-- This site is optimized with the Yoast SEO plugin v27.5 - https:\/\/yoast.com\/product\/yoast-seo-wordpress\/ -->\n<title>Bestway Dominator Tauchmaske ab 14 Jahren<\/title>\n<meta name=\"description\" content=\"Mit der Bestway\u00ae Dominator\u2122 Tauchmaske behalten Sie Unterwasser stets den \u00dcberblick! Diese ist optimal f\u00fcr das Schwimmen im Pool oder f\u00fcr Erkundungstouren im Me\" \/>\n<meta name=\"robots\" content=\"index, follow, max-snippet:-1, max-image-preview:large, max-video-preview:-1\" \/>\n<link rel=\"canonical\" href=\"https:\/\/schweizversand.ch\/fr\/produkt\/bestway-dominator-tauchmaske-ab-14-jahren\/\" \/>\n<meta property=\"og:locale\" content=\"fr_FR\" \/>\n<meta property=\"og:type\" content=\"article\" \/>\n<meta property=\"og:title\" content=\"Bestway Dominator Tauchmaske ab 14 Jahren\" \/>\n<meta property=\"og:description\" content=\"Mit der Bestway\u00ae Dominator\u2122 Tauchmaske behalten Sie Unterwasser stets den \u00dcberblick! Diese ist optimal f\u00fcr das Schwimmen im Pool oder f\u00fcr Erkundungstouren im Me\" \/>\n<meta property=\"og:url\" content=\"https:\/\/schweizversand.ch\/fr\/produkt\/bestway-dominator-tauchmaske-ab-14-jahren\/\" \/>\n<meta property=\"og:site_name\" content=\"Schweizer Shop f\u00fcr Sport, Spiel und Freizeit\" \/>\n<meta property=\"article:publisher\" content=\"https:\/\/www.facebook.com\/Schweizversand\" \/>\n<meta property=\"article:modified_time\" content=\"2026-05-01T13:33:51+00:00\" \/>\n<meta property=\"og:image\" content=\"https:\/\/schweizversand.ch\/wp-content\/uploads\/2026\/04\/5471635444.jpg\" \/>\n\t<meta property=\"og:image:width\" content=\"1022\" \/>\n\t<meta property=\"og:image:height\" content=\"1024\" \/>\n\t<meta property=\"og:image:type\" content=\"image\/jpeg\" \/>\n<meta name=\"twitter:card\" content=\"summary_large_image\" \/>\n<meta name=\"twitter:label1\" content=\"Dur\u00e9e de lecture estim\u00e9e\" \/>\n\t<meta name=\"twitter:data1\" content=\"1 minute\" \/>\n<script type=\"application\/ld+json\" class=\"yoast-schema-graph\">{\"@context\":\"https:\\\/\\\/schema.org\",\"@graph\":[{\"@type\":\"WebPage\",\"@id\":\"https:\\\/\\\/schweizversand.ch\\\/fr\\\/produkt\\\/bestway-dominator-tauchmaske-ab-14-jahren\\\/\",\"url\":\"https:\\\/\\\/schweizversand.ch\\\/fr\\\/produkt\\\/bestway-dominator-tauchmaske-ab-14-jahren\\\/\",\"name\":\"Bestway Dominator Tauchmaske ab 14 Jahren\",\"isPartOf\":{\"@id\":\"https:\\\/\\\/schweizversand.ch\\\/fr\\\/#website\"},\"primaryImageOfPage\":{\"@id\":\"https:\\\/\\\/schweizversand.ch\\\/fr\\\/produkt\\\/bestway-dominator-tauchmaske-ab-14-jahren\\\/#primaryimage\"},\"image\":{\"@id\":\"https:\\\/\\\/schweizversand.ch\\\/fr\\\/produkt\\\/bestway-dominator-tauchmaske-ab-14-jahren\\\/#primaryimage\"},\"thumbnailUrl\":\"https:\\\/\\\/schweizversand.ch\\\/wp-content\\\/uploads\\\/2026\\\/04\\\/5471635444.jpg\",\"datePublished\":\"2026-04-29T13:30:51+00:00\",\"dateModified\":\"2026-05-01T13:33:51+00:00\",\"description\":\"Mit der Bestway\u00ae Dominator\u2122 Tauchmaske behalten Sie Unterwasser stets den \u00dcberblick! Diese ist optimal f\u00fcr das Schwimmen im Pool oder f\u00fcr Erkundungstouren im Me\",\"breadcrumb\":{\"@id\":\"https:\\\/\\\/schweizversand.ch\\\/fr\\\/produkt\\\/bestway-dominator-tauchmaske-ab-14-jahren\\\/#breadcrumb\"},\"inLanguage\":\"fr-FR\",\"potentialAction\":[{\"@type\":\"ReadAction\",\"target\":[\"https:\\\/\\\/schweizversand.ch\\\/fr\\\/produkt\\\/bestway-dominator-tauchmaske-ab-14-jahren\\\/\"]}]},{\"@type\":\"ImageObject\",\"inLanguage\":\"fr-FR\",\"@id\":\"https:\\\/\\\/schweizversand.ch\\\/fr\\\/produkt\\\/bestway-dominator-tauchmaske-ab-14-jahren\\\/#primaryimage\",\"url\":\"https:\\\/\\\/schweizversand.ch\\\/wp-content\\\/uploads\\\/2026\\\/04\\\/5471635444.jpg\",\"contentUrl\":\"https:\\\/\\\/schweizversand.ch\\\/wp-content\\\/uploads\\\/2026\\\/04\\\/5471635444.jpg\",\"width\":1022,\"height\":1024},{\"@type\":\"BreadcrumbList\",\"@id\":\"https:\\\/\\\/schweizversand.ch\\\/fr\\\/produkt\\\/bestway-dominator-tauchmaske-ab-14-jahren\\\/#breadcrumb\",\"itemListElement\":[{\"@type\":\"ListItem\",\"position\":1,\"name\":\"Startseite\",\"item\":\"https:\\\/\\\/schweizversand.ch\\\/fr\\\/home\\\/\"},{\"@type\":\"ListItem\",\"position\":2,\"name\":\"Boutique\",\"item\":\"https:\\\/\\\/schweizversand.ch\\\/fr\\\/boutique\\\/\"},{\"@type\":\"ListItem\",\"position\":3,\"name\":\"Sports\",\"item\":\"https:\\\/\\\/schweizversand.ch\\\/fr\\\/produkt-kategorie\\\/sports\\\/\"},{\"@type\":\"ListItem\",\"position\":4,\"name\":\"Sports nautiques\",\"item\":\"https:\\\/\\\/schweizversand.ch\\\/fr\\\/produkt-kategorie\\\/sports\\\/sports-nautiques\\\/\"},{\"@type\":\"ListItem\",\"position\":5,\"name\":\"Natation et plong\u00e9e\",\"item\":\"https:\\\/\\\/schweizversand.ch\\\/fr\\\/produkt-kategorie\\\/sports\\\/sports-nautiques\\\/natation-et-plongee\\\/\"},{\"@type\":\"ListItem\",\"position\":6,\"name\":\"Masque de plong\u00e9e Bestway Dominator, \u00e0 partir de 14 ans\"}]},{\"@type\":\"WebSite\",\"@id\":\"https:\\\/\\\/schweizversand.ch\\\/fr\\\/#website\",\"url\":\"https:\\\/\\\/schweizversand.ch\\\/fr\\\/\",\"name\":\"Schweizer Shop f\u00fcr Sport, Spiel und Freizeit\",\"description\":\"Gratisversand ab 50.- (netto), ab eigenem schweizer Lager, Lieferung innert 48h\",\"publisher\":{\"@id\":\"https:\\\/\\\/schweizversand.ch\\\/fr\\\/#organization\"},\"alternateName\":\"Schweizversand.ch\",\"potentialAction\":[{\"@type\":\"SearchAction\",\"target\":{\"@type\":\"EntryPoint\",\"urlTemplate\":\"https:\\\/\\\/schweizversand.ch\\\/fr\\\/?s={search_term_string}\"},\"query-input\":{\"@type\":\"PropertyValueSpecification\",\"valueRequired\":true,\"valueName\":\"search_term_string\"}}],\"inLanguage\":\"fr-FR\"},{\"@type\":\"Organization\",\"@id\":\"https:\\\/\\\/schweizversand.ch\\\/fr\\\/#organization\",\"name\":\"Schweizversand.ch\",\"url\":\"https:\\\/\\\/schweizversand.ch\\\/fr\\\/\",\"logo\":{\"@type\":\"ImageObject\",\"inLanguage\":\"fr-FR\",\"@id\":\"https:\\\/\\\/schweizversand.ch\\\/fr\\\/#\\\/schema\\\/logo\\\/image\\\/\",\"url\":\"https:\\\/\\\/schweizversand.ch\\\/wp-content\\\/uploads\\\/2026\\\/03\\\/Logo_Rund_Final-1.png\",\"contentUrl\":\"https:\\\/\\\/schweizversand.ch\\\/wp-content\\\/uploads\\\/2026\\\/03\\\/Logo_Rund_Final-1.png\",\"width\":404,\"height\":404,\"caption\":\"Schweizversand.ch\"},\"image\":{\"@id\":\"https:\\\/\\\/schweizversand.ch\\\/fr\\\/#\\\/schema\\\/logo\\\/image\\\/\"},\"sameAs\":[\"https:\\\/\\\/www.facebook.com\\\/Schweizversand\",\"https:\\\/\\\/www.instagram.com\\\/schweizversand.ch\\\/\"]}]}<\/script>\n<!-- \/ Yoast SEO plugin. -->","yoast_head_json":{"title":"Bestway Dominator Tauchmaske ab 14 Jahren","description":"Mit der Bestway\u00ae Dominator\u2122 Tauchmaske behalten Sie Unterwasser stets den \u00dcberblick! Diese ist optimal f\u00fcr das Schwimmen im Pool oder f\u00fcr Erkundungstouren im Me","robots":{"index":"index","follow":"follow","max-snippet":"max-snippet:-1","max-image-preview":"max-image-preview:large","max-video-preview":"max-video-preview:-1"},"canonical":"https:\/\/schweizversand.ch\/fr\/produkt\/bestway-dominator-tauchmaske-ab-14-jahren\/","og_locale":"fr_FR","og_type":"article","og_title":"Bestway Dominator Tauchmaske ab 14 Jahren","og_description":"Mit der Bestway\u00ae Dominator\u2122 Tauchmaske behalten Sie Unterwasser stets den \u00dcberblick! Diese ist optimal f\u00fcr das Schwimmen im Pool oder f\u00fcr Erkundungstouren im Me","og_url":"https:\/\/schweizversand.ch\/fr\/produkt\/bestway-dominator-tauchmaske-ab-14-jahren\/","og_site_name":"Schweizer Shop f\u00fcr Sport, Spiel und Freizeit","article_publisher":"https:\/\/www.facebook.com\/Schweizversand","article_modified_time":"2026-05-01T13:33:51+00:00","og_image":[{"width":1022,"height":1024,"url":"https:\/\/schweizversand.ch\/wp-content\/uploads\/2026\/04\/5471635444.jpg","type":"image\/jpeg"}],"twitter_card":"summary_large_image","twitter_misc":{"Dur\u00e9e de lecture estim\u00e9e":"1 minute"},"schema":{"@context":"https:\/\/schema.org","@graph":[{"@type":"WebPage","@id":"https:\/\/schweizversand.ch\/fr\/produkt\/bestway-dominator-tauchmaske-ab-14-jahren\/","url":"https:\/\/schweizversand.ch\/fr\/produkt\/bestway-dominator-tauchmaske-ab-14-jahren\/","name":"Bestway Dominator Tauchmaske ab 14 Jahren","isPartOf":{"@id":"https:\/\/schweizversand.ch\/fr\/#website"},"primaryImageOfPage":{"@id":"https:\/\/schweizversand.ch\/fr\/produkt\/bestway-dominator-tauchmaske-ab-14-jahren\/#primaryimage"},"image":{"@id":"https:\/\/schweizversand.ch\/fr\/produkt\/bestway-dominator-tauchmaske-ab-14-jahren\/#primaryimage"},"thumbnailUrl":"https:\/\/schweizversand.ch\/wp-content\/uploads\/2026\/04\/5471635444.jpg","datePublished":"2026-04-29T13:30:51+00:00","dateModified":"2026-05-01T13:33:51+00:00","description":"Mit der Bestway\u00ae Dominator\u2122 Tauchmaske behalten Sie Unterwasser stets den \u00dcberblick! Diese ist optimal f\u00fcr das Schwimmen im Pool oder f\u00fcr Erkundungstouren im Me","breadcrumb":{"@id":"https:\/\/schweizversand.ch\/fr\/produkt\/bestway-dominator-tauchmaske-ab-14-jahren\/#breadcrumb"},"inLanguage":"fr-FR","potentialAction":[{"@type":"ReadAction","target":["https:\/\/schweizversand.ch\/fr\/produkt\/bestway-dominator-tauchmaske-ab-14-jahren\/"]}]},{"@type":"ImageObject","inLanguage":"fr-FR","@id":"https:\/\/schweizversand.ch\/fr\/produkt\/bestway-dominator-tauchmaske-ab-14-jahren\/#primaryimage","url":"https:\/\/schweizversand.ch\/wp-content\/uploads\/2026\/04\/5471635444.jpg","contentUrl":"https:\/\/schweizversand.ch\/wp-content\/uploads\/2026\/04\/5471635444.jpg","width":1022,"height":1024},{"@type":"BreadcrumbList","@id":"https:\/\/schweizversand.ch\/fr\/produkt\/bestway-dominator-tauchmaske-ab-14-jahren\/#breadcrumb","itemListElement":[{"@type":"ListItem","position":1,"name":"Startseite","item":"https:\/\/schweizversand.ch\/fr\/home\/"},{"@type":"ListItem","position":2,"name":"Boutique","item":"https:\/\/schweizversand.ch\/fr\/boutique\/"},{"@type":"ListItem","position":3,"name":"Sports","item":"https:\/\/schweizversand.ch\/fr\/produkt-kategorie\/sports\/"},{"@type":"ListItem","position":4,"name":"Sports nautiques","item":"https:\/\/schweizversand.ch\/fr\/produkt-kategorie\/sports\/sports-nautiques\/"},{"@type":"ListItem","position":5,"name":"Natation et plong\u00e9e","item":"https:\/\/schweizversand.ch\/fr\/produkt-kategorie\/sports\/sports-nautiques\/natation-et-plongee\/"},{"@type":"ListItem","position":6,"name":"Masque de plong\u00e9e Bestway Dominator, \u00e0 partir de 14 ans"}]},{"@type":"WebSite","@id":"https:\/\/schweizversand.ch\/fr\/#website","url":"https:\/\/schweizversand.ch\/fr\/","name":"Schweizer Shop f\u00fcr Sport, Spiel und Freizeit","description":"Gratisversand ab 50.- (netto), ab eigenem schweizer Lager, Lieferung innert 48h","publisher":{"@id":"https:\/\/schweizversand.ch\/fr\/#organization"},"alternateName":"Schweizversand.ch","potentialAction":[{"@type":"SearchAction","target":{"@type":"EntryPoint","urlTemplate":"https:\/\/schweizversand.ch\/fr\/?s={search_term_string}"},"query-input":{"@type":"PropertyValueSpecification","valueRequired":true,"valueName":"search_term_string"}}],"inLanguage":"fr-FR"},{"@type":"Organization","@id":"https:\/\/schweizversand.ch\/fr\/#organization","name":"Schweizversand.ch","url":"https:\/\/schweizversand.ch\/fr\/","logo":{"@type":"ImageObject","inLanguage":"fr-FR","@id":"https:\/\/schweizversand.ch\/fr\/#\/schema\/logo\/image\/","url":"https:\/\/schweizversand.ch\/wp-content\/uploads\/2026\/03\/Logo_Rund_Final-1.png","contentUrl":"https:\/\/schweizversand.ch\/wp-content\/uploads\/2026\/03\/Logo_Rund_Final-1.png","width":404,"height":404,"caption":"Schweizversand.ch"},"image":{"@id":"https:\/\/schweizversand.ch\/fr\/#\/schema\/logo\/image\/"},"sameAs":["https:\/\/www.facebook.com\/Schweizversand","https:\/\/www.instagram.com\/schweizversand.ch\/"]}]}},"jetpack_sharing_enabled":true,"_links":{"self":[{"href":"https:\/\/schweizversand.ch\/fr\/wp-json\/wp\/v2\/product\/268656","targetHints":{"allow":["GET"]}}],"collection":[{"href":"https:\/\/schweizversand.ch\/fr\/wp-json\/wp\/v2\/product"}],"about":[{"href":"https:\/\/schweizversand.ch\/fr\/wp-json\/wp\/v2\/types\/product"}],"replies":[{"embeddable":true,"href":"https:\/\/schweizversand.ch\/fr\/wp-json\/wp\/v2\/comments?post=268656"}],"wp:featuredmedia":[{"embeddable":true,"href":"https:\/\/schweizversand.ch\/fr\/wp-json\/wp\/v2\/media\/268669"}],"wp:attachment":[{"href":"https:\/\/schweizversand.ch\/fr\/wp-json\/wp\/v2\/media?parent=268656"}],"wp:term":[{"taxonomy":"product_brand","embeddable":true,"href":"https:\/\/schweizversand.ch\/fr\/wp-json\/wp\/v2\/product_brand?post=268656"},{"taxonomy":"product_cat","embeddable":true,"href":"https:\/\/schweizversand.ch\/fr\/wp-json\/wp\/v2\/product_cat?post=268656"},{"taxonomy":"product_tag","embeddable":true,"href":"https:\/\/schweizversand.ch\/fr\/wp-json\/wp\/v2\/product_tag?post=268656"}],"curies":[{"name":"wp","href":"https:\/\/api.w.org\/{rel}","templated":true}]}}