{"id":268657,"date":"2026-04-29T15:30:51","date_gmt":"2026-04-29T13:30:51","guid":{"rendered":"https:\/\/schweizversand.ch\/produkt\/bestway-aqua-champ-essentia-tauchmaske\/"},"modified":"2026-05-01T02:04:02","modified_gmt":"2026-05-01T00:04:02","slug":"bestway-aqua-champ-essentia-tauchmaske","status":"publish","type":"product","link":"https:\/\/schweizversand.ch\/fr\/produkt\/bestway-aqua-champ-essentia-tauchmaske\/","title":{"rendered":"Masque de plong\u00e9e Bestway Aqua Champ Essentia"},"content":{"rendered":"<p>Lunettes de natation \u2013 Confort et protection pour les petits explorateurs<\/p>\n<\/p>\n<p>Avec ces lunettes de natation, les enfants d\u00e8s 3 ans b\u00e9n\u00e9ficient d&rsquo;une protection oculaire optimale et d&rsquo;un confort exceptionnel dans l&rsquo;eau. Les verres en polycarbonate r\u00e9sistant aux chocs offrent une protection UV et une vision sous-marine claire, tandis que le joint compact et confortable assure un ajustement pr\u00e9cis. Les plus petits peuvent ainsi nager et explorer le monde sous-marin en toute s\u00e9r\u00e9nit\u00e9\u00a0!<\/p>\n<\/p>\n<p>Lunettes de natation \u2013 Confort et protection pour les petits explorateurs<\/p>\n<\/p>\n<p>Avec ces lunettes de natation, les enfants d\u00e8s 3 ans b\u00e9n\u00e9ficient d&rsquo;une protection oculaire optimale et d&rsquo;un confort exceptionnel dans l&rsquo;eau. Caract\u00e9ristiques et avantages :<\/p>\n<\/p>\n<p>\u2022 Verres en polycarbonate r\u00e9sistants aux chocs avec protection UV \u2013 prot\u00e8gent des rayons nocifs du soleil<\/p>\n<\/p>\n<p>\u2022 Joint d&rsquo;\u00e9tanch\u00e9it\u00e9 confortable pour un ajustement pr\u00e9cis et une \u00e9tanch\u00e9it\u00e9 parfaite<\/p>\n<\/p>\n<p>\u2022 Bandeau r\u00e9glable en deux parties \u2013 pour un confort personnalis\u00e9<\/p>\n<\/p>\n<p>\u2022 100 % sans latex \u2013 particuli\u00e8rement doux pour la peau et adapt\u00e9 aux personnes allergiques<\/p>\n<\/p>\n<p>\u2022 Convient aux enfants \u00e0 partir de 3 ans \u2013 id\u00e9al pour les jeunes nageurs et les amoureux de l&rsquo;eau<\/p>\n<\/p>\n<p>\u2022 3 mod\u00e8les diff\u00e9rents \u2013 envoi al\u00e9atoire (couleur non s\u00e9lectionnable)<\/p>\n<\/p>\n<p>Conclusion :<\/p>\n<\/p>\n<p>Ces lunettes de natation sont le compagnon id\u00e9al des jeunes nageurs \u00e0 la recherche d&rsquo;une solution fiable et confortable pour les sports nautiques. Gr\u00e2ce \u00e0 leur conception pratique et \u00e0 leurs mat\u00e9riaux de haute qualit\u00e9, elles offrent confort et protection, pour des baignades toujours plus agr\u00e9ables.<\/p>\n<\/p>\n<p>Prix unitaire<\/p>\n","protected":false},"excerpt":{"rendered":"<p>Bestway Aqua Champ Essentia Tauchmaske sch\u00fctzt Kinderaugen mit UV-Schutz und sto\u00dffesten Linsen. Komfortable Passform und verstellbares Kopfband f\u00fcr sorgloses Schwimmen.<\/p>\n","protected":false},"featured_media":268675,"comment_status":"open","ping_status":"closed","template":"","meta":[],"product_brand":[],"product_cat":[38641],"product_tag":[],"class_list":{"0":"post-268657","1":"product","2":"type-product","3":"status-publish","4":"has-post-thumbnail","6":"product_cat-natation-et-plongee","7":"product_shipping_class-global_methods","9":"first","10":"instock","11":"taxable","12":"shipping-taxable","13":"purchasable","14":"product-type-simple"},"yoast_head":"<!-- This site is optimized with the Yoast SEO plugin v27.5 - https:\/\/yoast.com\/product\/yoast-seo-wordpress\/ -->\n<title>Bestway Aqua Champ Essentia Tauchmaske<\/title>\n<meta name=\"description\" content=\"Schwimmbrille \u2013 Komfort und Schutz f\u00fcr kleine Entdecker Mit der Schwimmbrille genie\u00dfen Kinder ab 3 Jahren optimalen Augenschutz und Komfort im Wasser. Die sto\u00df\" \/>\n<meta name=\"robots\" content=\"index, follow, max-snippet:-1, max-image-preview:large, max-video-preview:-1\" \/>\n<link rel=\"canonical\" href=\"https:\/\/schweizversand.ch\/fr\/produkt\/bestway-aqua-champ-essentia-tauchmaske\/\" \/>\n<meta property=\"og:locale\" content=\"fr_FR\" \/>\n<meta property=\"og:type\" content=\"article\" \/>\n<meta property=\"og:title\" content=\"Bestway Aqua Champ Essentia Tauchmaske\" \/>\n<meta property=\"og:description\" content=\"Schwimmbrille \u2013 Komfort und Schutz f\u00fcr kleine Entdecker Mit der Schwimmbrille genie\u00dfen Kinder ab 3 Jahren optimalen Augenschutz und Komfort im Wasser. Die sto\u00df\" \/>\n<meta property=\"og:url\" content=\"https:\/\/schweizversand.ch\/fr\/produkt\/bestway-aqua-champ-essentia-tauchmaske\/\" \/>\n<meta property=\"og:site_name\" content=\"Schweizer Shop f\u00fcr Sport, Spiel und Freizeit\" \/>\n<meta property=\"article:publisher\" content=\"https:\/\/www.facebook.com\/Schweizversand\" \/>\n<meta property=\"article:modified_time\" content=\"2026-05-01T00:04:02+00:00\" \/>\n<meta property=\"og:image\" content=\"https:\/\/schweizversand.ch\/wp-content\/uploads\/2026\/04\/5471639518.jpg\" \/>\n\t<meta property=\"og:image:width\" content=\"1024\" \/>\n\t<meta property=\"og:image:height\" content=\"682\" \/>\n\t<meta property=\"og:image:type\" content=\"image\/jpeg\" \/>\n<meta name=\"twitter:card\" content=\"summary_large_image\" \/>\n<meta name=\"twitter:label1\" content=\"Dur\u00e9e de lecture estim\u00e9e\" \/>\n\t<meta name=\"twitter:data1\" content=\"1 minute\" \/>\n<script type=\"application\/ld+json\" class=\"yoast-schema-graph\">{\"@context\":\"https:\\\/\\\/schema.org\",\"@graph\":[{\"@type\":\"WebPage\",\"@id\":\"https:\\\/\\\/schweizversand.ch\\\/fr\\\/produkt\\\/bestway-aqua-champ-essentia-tauchmaske\\\/\",\"url\":\"https:\\\/\\\/schweizversand.ch\\\/fr\\\/produkt\\\/bestway-aqua-champ-essentia-tauchmaske\\\/\",\"name\":\"Bestway Aqua Champ Essentia Tauchmaske\",\"isPartOf\":{\"@id\":\"https:\\\/\\\/schweizversand.ch\\\/fr\\\/#website\"},\"primaryImageOfPage\":{\"@id\":\"https:\\\/\\\/schweizversand.ch\\\/fr\\\/produkt\\\/bestway-aqua-champ-essentia-tauchmaske\\\/#primaryimage\"},\"image\":{\"@id\":\"https:\\\/\\\/schweizversand.ch\\\/fr\\\/produkt\\\/bestway-aqua-champ-essentia-tauchmaske\\\/#primaryimage\"},\"thumbnailUrl\":\"https:\\\/\\\/schweizversand.ch\\\/wp-content\\\/uploads\\\/2026\\\/04\\\/5471639518.jpg\",\"datePublished\":\"2026-04-29T13:30:51+00:00\",\"dateModified\":\"2026-05-01T00:04:02+00:00\",\"description\":\"Schwimmbrille \u2013 Komfort und Schutz f\u00fcr kleine Entdecker Mit der Schwimmbrille genie\u00dfen Kinder ab 3 Jahren optimalen Augenschutz und Komfort im Wasser. Die sto\u00df\",\"breadcrumb\":{\"@id\":\"https:\\\/\\\/schweizversand.ch\\\/fr\\\/produkt\\\/bestway-aqua-champ-essentia-tauchmaske\\\/#breadcrumb\"},\"inLanguage\":\"fr-FR\",\"potentialAction\":[{\"@type\":\"ReadAction\",\"target\":[\"https:\\\/\\\/schweizversand.ch\\\/fr\\\/produkt\\\/bestway-aqua-champ-essentia-tauchmaske\\\/\"]}]},{\"@type\":\"ImageObject\",\"inLanguage\":\"fr-FR\",\"@id\":\"https:\\\/\\\/schweizversand.ch\\\/fr\\\/produkt\\\/bestway-aqua-champ-essentia-tauchmaske\\\/#primaryimage\",\"url\":\"https:\\\/\\\/schweizversand.ch\\\/wp-content\\\/uploads\\\/2026\\\/04\\\/5471639518.jpg\",\"contentUrl\":\"https:\\\/\\\/schweizversand.ch\\\/wp-content\\\/uploads\\\/2026\\\/04\\\/5471639518.jpg\",\"width\":1024,\"height\":682},{\"@type\":\"BreadcrumbList\",\"@id\":\"https:\\\/\\\/schweizversand.ch\\\/fr\\\/produkt\\\/bestway-aqua-champ-essentia-tauchmaske\\\/#breadcrumb\",\"itemListElement\":[{\"@type\":\"ListItem\",\"position\":1,\"name\":\"Startseite\",\"item\":\"https:\\\/\\\/schweizversand.ch\\\/fr\\\/home\\\/\"},{\"@type\":\"ListItem\",\"position\":2,\"name\":\"Boutique\",\"item\":\"https:\\\/\\\/schweizversand.ch\\\/fr\\\/boutique\\\/\"},{\"@type\":\"ListItem\",\"position\":3,\"name\":\"Sports\",\"item\":\"https:\\\/\\\/schweizversand.ch\\\/fr\\\/produkt-kategorie\\\/sports\\\/\"},{\"@type\":\"ListItem\",\"position\":4,\"name\":\"Sports nautiques\",\"item\":\"https:\\\/\\\/schweizversand.ch\\\/fr\\\/produkt-kategorie\\\/sports\\\/sports-nautiques\\\/\"},{\"@type\":\"ListItem\",\"position\":5,\"name\":\"Natation et plong\u00e9e\",\"item\":\"https:\\\/\\\/schweizversand.ch\\\/fr\\\/produkt-kategorie\\\/sports\\\/sports-nautiques\\\/natation-et-plongee\\\/\"},{\"@type\":\"ListItem\",\"position\":6,\"name\":\"Masque de plong\u00e9e Bestway Aqua Champ Essentia\"}]},{\"@type\":\"WebSite\",\"@id\":\"https:\\\/\\\/schweizversand.ch\\\/fr\\\/#website\",\"url\":\"https:\\\/\\\/schweizversand.ch\\\/fr\\\/\",\"name\":\"Schweizer Shop f\u00fcr Sport, Spiel und Freizeit\",\"description\":\"Gratisversand ab 50.- (netto), ab eigenem schweizer Lager, Lieferung innert 48h\",\"publisher\":{\"@id\":\"https:\\\/\\\/schweizversand.ch\\\/fr\\\/#organization\"},\"alternateName\":\"Schweizversand.ch\",\"potentialAction\":[{\"@type\":\"SearchAction\",\"target\":{\"@type\":\"EntryPoint\",\"urlTemplate\":\"https:\\\/\\\/schweizversand.ch\\\/fr\\\/?s={search_term_string}\"},\"query-input\":{\"@type\":\"PropertyValueSpecification\",\"valueRequired\":true,\"valueName\":\"search_term_string\"}}],\"inLanguage\":\"fr-FR\"},{\"@type\":\"Organization\",\"@id\":\"https:\\\/\\\/schweizversand.ch\\\/fr\\\/#organization\",\"name\":\"Schweizversand.ch\",\"url\":\"https:\\\/\\\/schweizversand.ch\\\/fr\\\/\",\"logo\":{\"@type\":\"ImageObject\",\"inLanguage\":\"fr-FR\",\"@id\":\"https:\\\/\\\/schweizversand.ch\\\/fr\\\/#\\\/schema\\\/logo\\\/image\\\/\",\"url\":\"https:\\\/\\\/schweizversand.ch\\\/wp-content\\\/uploads\\\/2026\\\/03\\\/Logo_Rund_Final-1.png\",\"contentUrl\":\"https:\\\/\\\/schweizversand.ch\\\/wp-content\\\/uploads\\\/2026\\\/03\\\/Logo_Rund_Final-1.png\",\"width\":404,\"height\":404,\"caption\":\"Schweizversand.ch\"},\"image\":{\"@id\":\"https:\\\/\\\/schweizversand.ch\\\/fr\\\/#\\\/schema\\\/logo\\\/image\\\/\"},\"sameAs\":[\"https:\\\/\\\/www.facebook.com\\\/Schweizversand\",\"https:\\\/\\\/www.instagram.com\\\/schweizversand.ch\\\/\"]}]}<\/script>\n<!-- \/ Yoast SEO plugin. -->","yoast_head_json":{"title":"Bestway Aqua Champ Essentia Tauchmaske","description":"Schwimmbrille \u2013 Komfort und Schutz f\u00fcr kleine Entdecker Mit der Schwimmbrille genie\u00dfen Kinder ab 3 Jahren optimalen Augenschutz und Komfort im Wasser. Die sto\u00df","robots":{"index":"index","follow":"follow","max-snippet":"max-snippet:-1","max-image-preview":"max-image-preview:large","max-video-preview":"max-video-preview:-1"},"canonical":"https:\/\/schweizversand.ch\/fr\/produkt\/bestway-aqua-champ-essentia-tauchmaske\/","og_locale":"fr_FR","og_type":"article","og_title":"Bestway Aqua Champ Essentia Tauchmaske","og_description":"Schwimmbrille \u2013 Komfort und Schutz f\u00fcr kleine Entdecker Mit der Schwimmbrille genie\u00dfen Kinder ab 3 Jahren optimalen Augenschutz und Komfort im Wasser. Die sto\u00df","og_url":"https:\/\/schweizversand.ch\/fr\/produkt\/bestway-aqua-champ-essentia-tauchmaske\/","og_site_name":"Schweizer Shop f\u00fcr Sport, Spiel und Freizeit","article_publisher":"https:\/\/www.facebook.com\/Schweizversand","article_modified_time":"2026-05-01T00:04:02+00:00","og_image":[{"width":1024,"height":682,"url":"https:\/\/schweizversand.ch\/wp-content\/uploads\/2026\/04\/5471639518.jpg","type":"image\/jpeg"}],"twitter_card":"summary_large_image","twitter_misc":{"Dur\u00e9e de lecture estim\u00e9e":"1 minute"},"schema":{"@context":"https:\/\/schema.org","@graph":[{"@type":"WebPage","@id":"https:\/\/schweizversand.ch\/fr\/produkt\/bestway-aqua-champ-essentia-tauchmaske\/","url":"https:\/\/schweizversand.ch\/fr\/produkt\/bestway-aqua-champ-essentia-tauchmaske\/","name":"Bestway Aqua Champ Essentia Tauchmaske","isPartOf":{"@id":"https:\/\/schweizversand.ch\/fr\/#website"},"primaryImageOfPage":{"@id":"https:\/\/schweizversand.ch\/fr\/produkt\/bestway-aqua-champ-essentia-tauchmaske\/#primaryimage"},"image":{"@id":"https:\/\/schweizversand.ch\/fr\/produkt\/bestway-aqua-champ-essentia-tauchmaske\/#primaryimage"},"thumbnailUrl":"https:\/\/schweizversand.ch\/wp-content\/uploads\/2026\/04\/5471639518.jpg","datePublished":"2026-04-29T13:30:51+00:00","dateModified":"2026-05-01T00:04:02+00:00","description":"Schwimmbrille \u2013 Komfort und Schutz f\u00fcr kleine Entdecker Mit der Schwimmbrille genie\u00dfen Kinder ab 3 Jahren optimalen Augenschutz und Komfort im Wasser. Die sto\u00df","breadcrumb":{"@id":"https:\/\/schweizversand.ch\/fr\/produkt\/bestway-aqua-champ-essentia-tauchmaske\/#breadcrumb"},"inLanguage":"fr-FR","potentialAction":[{"@type":"ReadAction","target":["https:\/\/schweizversand.ch\/fr\/produkt\/bestway-aqua-champ-essentia-tauchmaske\/"]}]},{"@type":"ImageObject","inLanguage":"fr-FR","@id":"https:\/\/schweizversand.ch\/fr\/produkt\/bestway-aqua-champ-essentia-tauchmaske\/#primaryimage","url":"https:\/\/schweizversand.ch\/wp-content\/uploads\/2026\/04\/5471639518.jpg","contentUrl":"https:\/\/schweizversand.ch\/wp-content\/uploads\/2026\/04\/5471639518.jpg","width":1024,"height":682},{"@type":"BreadcrumbList","@id":"https:\/\/schweizversand.ch\/fr\/produkt\/bestway-aqua-champ-essentia-tauchmaske\/#breadcrumb","itemListElement":[{"@type":"ListItem","position":1,"name":"Startseite","item":"https:\/\/schweizversand.ch\/fr\/home\/"},{"@type":"ListItem","position":2,"name":"Boutique","item":"https:\/\/schweizversand.ch\/fr\/boutique\/"},{"@type":"ListItem","position":3,"name":"Sports","item":"https:\/\/schweizversand.ch\/fr\/produkt-kategorie\/sports\/"},{"@type":"ListItem","position":4,"name":"Sports nautiques","item":"https:\/\/schweizversand.ch\/fr\/produkt-kategorie\/sports\/sports-nautiques\/"},{"@type":"ListItem","position":5,"name":"Natation et plong\u00e9e","item":"https:\/\/schweizversand.ch\/fr\/produkt-kategorie\/sports\/sports-nautiques\/natation-et-plongee\/"},{"@type":"ListItem","position":6,"name":"Masque de plong\u00e9e Bestway Aqua Champ Essentia"}]},{"@type":"WebSite","@id":"https:\/\/schweizversand.ch\/fr\/#website","url":"https:\/\/schweizversand.ch\/fr\/","name":"Schweizer Shop f\u00fcr Sport, Spiel und Freizeit","description":"Gratisversand ab 50.- (netto), ab eigenem schweizer Lager, Lieferung innert 48h","publisher":{"@id":"https:\/\/schweizversand.ch\/fr\/#organization"},"alternateName":"Schweizversand.ch","potentialAction":[{"@type":"SearchAction","target":{"@type":"EntryPoint","urlTemplate":"https:\/\/schweizversand.ch\/fr\/?s={search_term_string}"},"query-input":{"@type":"PropertyValueSpecification","valueRequired":true,"valueName":"search_term_string"}}],"inLanguage":"fr-FR"},{"@type":"Organization","@id":"https:\/\/schweizversand.ch\/fr\/#organization","name":"Schweizversand.ch","url":"https:\/\/schweizversand.ch\/fr\/","logo":{"@type":"ImageObject","inLanguage":"fr-FR","@id":"https:\/\/schweizversand.ch\/fr\/#\/schema\/logo\/image\/","url":"https:\/\/schweizversand.ch\/wp-content\/uploads\/2026\/03\/Logo_Rund_Final-1.png","contentUrl":"https:\/\/schweizversand.ch\/wp-content\/uploads\/2026\/03\/Logo_Rund_Final-1.png","width":404,"height":404,"caption":"Schweizversand.ch"},"image":{"@id":"https:\/\/schweizversand.ch\/fr\/#\/schema\/logo\/image\/"},"sameAs":["https:\/\/www.facebook.com\/Schweizversand","https:\/\/www.instagram.com\/schweizversand.ch\/"]}]}},"jetpack_sharing_enabled":true,"_links":{"self":[{"href":"https:\/\/schweizversand.ch\/fr\/wp-json\/wp\/v2\/product\/268657","targetHints":{"allow":["GET"]}}],"collection":[{"href":"https:\/\/schweizversand.ch\/fr\/wp-json\/wp\/v2\/product"}],"about":[{"href":"https:\/\/schweizversand.ch\/fr\/wp-json\/wp\/v2\/types\/product"}],"replies":[{"embeddable":true,"href":"https:\/\/schweizversand.ch\/fr\/wp-json\/wp\/v2\/comments?post=268657"}],"wp:featuredmedia":[{"embeddable":true,"href":"https:\/\/schweizversand.ch\/fr\/wp-json\/wp\/v2\/media\/268675"}],"wp:attachment":[{"href":"https:\/\/schweizversand.ch\/fr\/wp-json\/wp\/v2\/media?parent=268657"}],"wp:term":[{"taxonomy":"product_brand","embeddable":true,"href":"https:\/\/schweizversand.ch\/fr\/wp-json\/wp\/v2\/product_brand?post=268657"},{"taxonomy":"product_cat","embeddable":true,"href":"https:\/\/schweizversand.ch\/fr\/wp-json\/wp\/v2\/product_cat?post=268657"},{"taxonomy":"product_tag","embeddable":true,"href":"https:\/\/schweizversand.ch\/fr\/wp-json\/wp\/v2\/product_tag?post=268657"}],"curies":[{"name":"wp","href":"https:\/\/api.w.org\/{rel}","templated":true}]}}