{"id":268709,"date":"2026-04-30T02:00:44","date_gmt":"2026-04-30T00:00:44","guid":{"rendered":"https:\/\/schweizversand.ch\/produkt\/champ-fitnessmatte\/"},"modified":"2026-05-05T16:25:17","modified_gmt":"2026-05-05T14:25:17","slug":"champ-fitnessmatte","status":"publish","type":"product","link":"https:\/\/schweizversand.ch\/fr\/produkt\/champ-fitnessmatte\/","title":{"rendered":"Tapis de fitness CHAMP"},"content":{"rendered":"<p>Le tapis de fitness CHAMP est un accessoire polyvalent pour vos s\u00e9ances d&rsquo;entra\u00eenement, id\u00e9al \u00e0 la maison ou en studio de yoga. Il offre une surface antid\u00e9rapante et confortable pour une grande vari\u00e9t\u00e9 d&rsquo;exercices.<\/p>\n<\/p>\n<p>Caract\u00e9ristiques principales du tapis de fitness CHAMP\u00a0:<\/p>\n<\/p>\n<p>\u2022 Dimensions et confort\u00a0: Mesurant 180\u00a0cm de long, 50\u00a0cm de large et 1,2\u00a0cm d&rsquo;\u00e9paisseur, le tapis offre un espace g\u00e9n\u00e9reux pour divers exercices et assure un amorti confortable.<\/p>\n<\/p>\n<p>\u2022 Mat\u00e9riau\u00a0: Fabriqu\u00e9 en polyester de haute qualit\u00e9, reconnu pour sa durabilit\u00e9 et sa facilit\u00e9 d&rsquo;entretien.<\/p>\n<\/p>\n<p>\u2022 Poids\u00a0: Le tapis ne p\u00e8se que 0,34\u00a0kg, ce qui le rend facilement transportable.<\/p>\n<\/p>\n<p>\u2022 Couleurs\u00a0: Le tapis est disponible en plusieurs couleurs, selon les stocks disponibles.<\/p>\n<\/p>\n<p>Ce tapis de fitness est parfait pour les d\u00e9butants comme pour les sportifs confirm\u00e9s. Il offre soutien et confort pendant l&rsquo;entra\u00eenement, et se range facilement et est id\u00e9al pour les voyages. Parfait pour des s\u00e9ances d&rsquo;entra\u00eenement quotidiennes visant \u00e0 am\u00e9liorer la forme physique et la souplesse.<\/p>\n<\/p>\n<p>Prix par tapis<\/p>\n","protected":false},"excerpt":{"rendered":"<p>CHAMP Fitnessmatte bietet rutschfesten Komfort, optimale D\u00e4mpfung und leichte Reinigung \u2013 perfekt f\u00fcr Zuhause oder Studio. Leicht, langlebig und vielseitig einsetzbar.<\/p>\n","protected":false},"featured_media":175411,"comment_status":"open","ping_status":"closed","template":"","meta":[],"product_brand":[],"product_cat":[38936],"product_tag":[],"class_list":{"0":"post-268709","1":"product","2":"type-product","3":"status-publish","4":"has-post-thumbnail","6":"product_cat-yoga-pilates","7":"product_shipping_class-global_methods","9":"first","10":"instock","11":"taxable","12":"shipping-taxable","13":"purchasable","14":"product-type-simple"},"yoast_head":"<!-- This site is optimized with the Yoast SEO plugin v27.5 - https:\/\/yoast.com\/product\/yoast-seo-wordpress\/ -->\n<title>CHAMP Fitnessmatte<\/title>\n<meta name=\"description\" content=\"Die CHAMP Fitnessmatte ist ein vielseitiges Zubeh\u00f6r f\u00fcr Ihre Fitnessroutine, ideal f\u00fcr zu Hause oder das Yoga-Studio. Sie bietet eine rutschfeste und komfortabl\" \/>\n<meta name=\"robots\" content=\"index, follow, max-snippet:-1, max-image-preview:large, max-video-preview:-1\" \/>\n<link rel=\"canonical\" href=\"https:\/\/schweizversand.ch\/fr\/produkt\/champ-fitnessmatte\/\" \/>\n<meta property=\"og:locale\" content=\"fr_FR\" \/>\n<meta property=\"og:type\" content=\"article\" \/>\n<meta property=\"og:title\" content=\"CHAMP Fitnessmatte\" \/>\n<meta property=\"og:description\" content=\"Die CHAMP Fitnessmatte ist ein vielseitiges Zubeh\u00f6r f\u00fcr Ihre Fitnessroutine, ideal f\u00fcr zu Hause oder das Yoga-Studio. Sie bietet eine rutschfeste und komfortabl\" \/>\n<meta property=\"og:url\" content=\"https:\/\/schweizversand.ch\/fr\/produkt\/champ-fitnessmatte\/\" \/>\n<meta property=\"og:site_name\" content=\"Schweizer Shop f\u00fcr Sport, Spiel und Freizeit\" \/>\n<meta property=\"article:publisher\" content=\"https:\/\/www.facebook.com\/Schweizversand\" \/>\n<meta property=\"article:modified_time\" content=\"2026-05-05T14:25:17+00:00\" \/>\n<meta property=\"og:image\" content=\"https:\/\/schweizversand.ch\/wp-content\/uploads\/2026\/02\/5606546751.jpg\" \/>\n\t<meta property=\"og:image:width\" content=\"1024\" \/>\n\t<meta property=\"og:image:height\" content=\"740\" \/>\n\t<meta property=\"og:image:type\" content=\"image\/jpeg\" \/>\n<meta name=\"twitter:card\" content=\"summary_large_image\" \/>\n<meta name=\"twitter:label1\" content=\"Dur\u00e9e de lecture estim\u00e9e\" \/>\n\t<meta name=\"twitter:data1\" content=\"1 minute\" \/>\n<script type=\"application\/ld+json\" class=\"yoast-schema-graph\">{\"@context\":\"https:\\\/\\\/schema.org\",\"@graph\":[{\"@type\":\"WebPage\",\"@id\":\"https:\\\/\\\/schweizversand.ch\\\/fr\\\/produkt\\\/champ-fitnessmatte\\\/\",\"url\":\"https:\\\/\\\/schweizversand.ch\\\/fr\\\/produkt\\\/champ-fitnessmatte\\\/\",\"name\":\"CHAMP Fitnessmatte\",\"isPartOf\":{\"@id\":\"https:\\\/\\\/schweizversand.ch\\\/fr\\\/#website\"},\"primaryImageOfPage\":{\"@id\":\"https:\\\/\\\/schweizversand.ch\\\/fr\\\/produkt\\\/champ-fitnessmatte\\\/#primaryimage\"},\"image\":{\"@id\":\"https:\\\/\\\/schweizversand.ch\\\/fr\\\/produkt\\\/champ-fitnessmatte\\\/#primaryimage\"},\"thumbnailUrl\":\"https:\\\/\\\/schweizversand.ch\\\/wp-content\\\/uploads\\\/2026\\\/02\\\/5606546751.jpg\",\"datePublished\":\"2026-04-30T00:00:44+00:00\",\"dateModified\":\"2026-05-05T14:25:17+00:00\",\"description\":\"Die CHAMP Fitnessmatte ist ein vielseitiges Zubeh\u00f6r f\u00fcr Ihre Fitnessroutine, ideal f\u00fcr zu Hause oder das Yoga-Studio. Sie bietet eine rutschfeste und komfortabl\",\"breadcrumb\":{\"@id\":\"https:\\\/\\\/schweizversand.ch\\\/fr\\\/produkt\\\/champ-fitnessmatte\\\/#breadcrumb\"},\"inLanguage\":\"fr-FR\",\"potentialAction\":[{\"@type\":\"ReadAction\",\"target\":[\"https:\\\/\\\/schweizversand.ch\\\/fr\\\/produkt\\\/champ-fitnessmatte\\\/\"]}]},{\"@type\":\"ImageObject\",\"inLanguage\":\"fr-FR\",\"@id\":\"https:\\\/\\\/schweizversand.ch\\\/fr\\\/produkt\\\/champ-fitnessmatte\\\/#primaryimage\",\"url\":\"https:\\\/\\\/schweizversand.ch\\\/wp-content\\\/uploads\\\/2026\\\/02\\\/5606546751.jpg\",\"contentUrl\":\"https:\\\/\\\/schweizversand.ch\\\/wp-content\\\/uploads\\\/2026\\\/02\\\/5606546751.jpg\",\"width\":1024,\"height\":740},{\"@type\":\"BreadcrumbList\",\"@id\":\"https:\\\/\\\/schweizversand.ch\\\/fr\\\/produkt\\\/champ-fitnessmatte\\\/#breadcrumb\",\"itemListElement\":[{\"@type\":\"ListItem\",\"position\":1,\"name\":\"Startseite\",\"item\":\"https:\\\/\\\/schweizversand.ch\\\/fr\\\/home\\\/\"},{\"@type\":\"ListItem\",\"position\":2,\"name\":\"Boutique\",\"item\":\"https:\\\/\\\/schweizversand.ch\\\/fr\\\/boutique\\\/\"},{\"@type\":\"ListItem\",\"position\":3,\"name\":\"Sports\",\"item\":\"https:\\\/\\\/schweizversand.ch\\\/fr\\\/produkt-kategorie\\\/sports\\\/\"},{\"@type\":\"ListItem\",\"position\":4,\"name\":\"Fitness\",\"item\":\"https:\\\/\\\/schweizversand.ch\\\/fr\\\/produkt-kategorie\\\/sports\\\/fitness\\\/\"},{\"@type\":\"ListItem\",\"position\":5,\"name\":\"Yoga et Pilates\",\"item\":\"https:\\\/\\\/schweizversand.ch\\\/fr\\\/produkt-kategorie\\\/sports\\\/fitness\\\/yoga-pilates\\\/\"},{\"@type\":\"ListItem\",\"position\":6,\"name\":\"Tapis de fitness CHAMP\"}]},{\"@type\":\"WebSite\",\"@id\":\"https:\\\/\\\/schweizversand.ch\\\/fr\\\/#website\",\"url\":\"https:\\\/\\\/schweizversand.ch\\\/fr\\\/\",\"name\":\"Schweizer Shop f\u00fcr Sport, Spiel und Freizeit\",\"description\":\"Gratisversand ab 50.- (netto), ab eigenem schweizer Lager, Lieferung innert 48h\",\"publisher\":{\"@id\":\"https:\\\/\\\/schweizversand.ch\\\/fr\\\/#organization\"},\"alternateName\":\"Schweizversand.ch\",\"potentialAction\":[{\"@type\":\"SearchAction\",\"target\":{\"@type\":\"EntryPoint\",\"urlTemplate\":\"https:\\\/\\\/schweizversand.ch\\\/fr\\\/?s={search_term_string}\"},\"query-input\":{\"@type\":\"PropertyValueSpecification\",\"valueRequired\":true,\"valueName\":\"search_term_string\"}}],\"inLanguage\":\"fr-FR\"},{\"@type\":\"Organization\",\"@id\":\"https:\\\/\\\/schweizversand.ch\\\/fr\\\/#organization\",\"name\":\"Schweizversand.ch\",\"url\":\"https:\\\/\\\/schweizversand.ch\\\/fr\\\/\",\"logo\":{\"@type\":\"ImageObject\",\"inLanguage\":\"fr-FR\",\"@id\":\"https:\\\/\\\/schweizversand.ch\\\/fr\\\/#\\\/schema\\\/logo\\\/image\\\/\",\"url\":\"https:\\\/\\\/schweizversand.ch\\\/wp-content\\\/uploads\\\/2026\\\/03\\\/Logo_Rund_Final-1.png\",\"contentUrl\":\"https:\\\/\\\/schweizversand.ch\\\/wp-content\\\/uploads\\\/2026\\\/03\\\/Logo_Rund_Final-1.png\",\"width\":404,\"height\":404,\"caption\":\"Schweizversand.ch\"},\"image\":{\"@id\":\"https:\\\/\\\/schweizversand.ch\\\/fr\\\/#\\\/schema\\\/logo\\\/image\\\/\"},\"sameAs\":[\"https:\\\/\\\/www.facebook.com\\\/Schweizversand\",\"https:\\\/\\\/www.instagram.com\\\/schweizversand.ch\\\/\"]}]}<\/script>\n<!-- \/ Yoast SEO plugin. -->","yoast_head_json":{"title":"CHAMP Fitnessmatte","description":"Die CHAMP Fitnessmatte ist ein vielseitiges Zubeh\u00f6r f\u00fcr Ihre Fitnessroutine, ideal f\u00fcr zu Hause oder das Yoga-Studio. Sie bietet eine rutschfeste und komfortabl","robots":{"index":"index","follow":"follow","max-snippet":"max-snippet:-1","max-image-preview":"max-image-preview:large","max-video-preview":"max-video-preview:-1"},"canonical":"https:\/\/schweizversand.ch\/fr\/produkt\/champ-fitnessmatte\/","og_locale":"fr_FR","og_type":"article","og_title":"CHAMP Fitnessmatte","og_description":"Die CHAMP Fitnessmatte ist ein vielseitiges Zubeh\u00f6r f\u00fcr Ihre Fitnessroutine, ideal f\u00fcr zu Hause oder das Yoga-Studio. Sie bietet eine rutschfeste und komfortabl","og_url":"https:\/\/schweizversand.ch\/fr\/produkt\/champ-fitnessmatte\/","og_site_name":"Schweizer Shop f\u00fcr Sport, Spiel und Freizeit","article_publisher":"https:\/\/www.facebook.com\/Schweizversand","article_modified_time":"2026-05-05T14:25:17+00:00","og_image":[{"width":1024,"height":740,"url":"https:\/\/schweizversand.ch\/wp-content\/uploads\/2026\/02\/5606546751.jpg","type":"image\/jpeg"}],"twitter_card":"summary_large_image","twitter_misc":{"Dur\u00e9e de lecture estim\u00e9e":"1 minute"},"schema":{"@context":"https:\/\/schema.org","@graph":[{"@type":"WebPage","@id":"https:\/\/schweizversand.ch\/fr\/produkt\/champ-fitnessmatte\/","url":"https:\/\/schweizversand.ch\/fr\/produkt\/champ-fitnessmatte\/","name":"CHAMP Fitnessmatte","isPartOf":{"@id":"https:\/\/schweizversand.ch\/fr\/#website"},"primaryImageOfPage":{"@id":"https:\/\/schweizversand.ch\/fr\/produkt\/champ-fitnessmatte\/#primaryimage"},"image":{"@id":"https:\/\/schweizversand.ch\/fr\/produkt\/champ-fitnessmatte\/#primaryimage"},"thumbnailUrl":"https:\/\/schweizversand.ch\/wp-content\/uploads\/2026\/02\/5606546751.jpg","datePublished":"2026-04-30T00:00:44+00:00","dateModified":"2026-05-05T14:25:17+00:00","description":"Die CHAMP Fitnessmatte ist ein vielseitiges Zubeh\u00f6r f\u00fcr Ihre Fitnessroutine, ideal f\u00fcr zu Hause oder das Yoga-Studio. Sie bietet eine rutschfeste und komfortabl","breadcrumb":{"@id":"https:\/\/schweizversand.ch\/fr\/produkt\/champ-fitnessmatte\/#breadcrumb"},"inLanguage":"fr-FR","potentialAction":[{"@type":"ReadAction","target":["https:\/\/schweizversand.ch\/fr\/produkt\/champ-fitnessmatte\/"]}]},{"@type":"ImageObject","inLanguage":"fr-FR","@id":"https:\/\/schweizversand.ch\/fr\/produkt\/champ-fitnessmatte\/#primaryimage","url":"https:\/\/schweizversand.ch\/wp-content\/uploads\/2026\/02\/5606546751.jpg","contentUrl":"https:\/\/schweizversand.ch\/wp-content\/uploads\/2026\/02\/5606546751.jpg","width":1024,"height":740},{"@type":"BreadcrumbList","@id":"https:\/\/schweizversand.ch\/fr\/produkt\/champ-fitnessmatte\/#breadcrumb","itemListElement":[{"@type":"ListItem","position":1,"name":"Startseite","item":"https:\/\/schweizversand.ch\/fr\/home\/"},{"@type":"ListItem","position":2,"name":"Boutique","item":"https:\/\/schweizversand.ch\/fr\/boutique\/"},{"@type":"ListItem","position":3,"name":"Sports","item":"https:\/\/schweizversand.ch\/fr\/produkt-kategorie\/sports\/"},{"@type":"ListItem","position":4,"name":"Fitness","item":"https:\/\/schweizversand.ch\/fr\/produkt-kategorie\/sports\/fitness\/"},{"@type":"ListItem","position":5,"name":"Yoga et Pilates","item":"https:\/\/schweizversand.ch\/fr\/produkt-kategorie\/sports\/fitness\/yoga-pilates\/"},{"@type":"ListItem","position":6,"name":"Tapis de fitness CHAMP"}]},{"@type":"WebSite","@id":"https:\/\/schweizversand.ch\/fr\/#website","url":"https:\/\/schweizversand.ch\/fr\/","name":"Schweizer Shop f\u00fcr Sport, Spiel und Freizeit","description":"Gratisversand ab 50.- (netto), ab eigenem schweizer Lager, Lieferung innert 48h","publisher":{"@id":"https:\/\/schweizversand.ch\/fr\/#organization"},"alternateName":"Schweizversand.ch","potentialAction":[{"@type":"SearchAction","target":{"@type":"EntryPoint","urlTemplate":"https:\/\/schweizversand.ch\/fr\/?s={search_term_string}"},"query-input":{"@type":"PropertyValueSpecification","valueRequired":true,"valueName":"search_term_string"}}],"inLanguage":"fr-FR"},{"@type":"Organization","@id":"https:\/\/schweizversand.ch\/fr\/#organization","name":"Schweizversand.ch","url":"https:\/\/schweizversand.ch\/fr\/","logo":{"@type":"ImageObject","inLanguage":"fr-FR","@id":"https:\/\/schweizversand.ch\/fr\/#\/schema\/logo\/image\/","url":"https:\/\/schweizversand.ch\/wp-content\/uploads\/2026\/03\/Logo_Rund_Final-1.png","contentUrl":"https:\/\/schweizversand.ch\/wp-content\/uploads\/2026\/03\/Logo_Rund_Final-1.png","width":404,"height":404,"caption":"Schweizversand.ch"},"image":{"@id":"https:\/\/schweizversand.ch\/fr\/#\/schema\/logo\/image\/"},"sameAs":["https:\/\/www.facebook.com\/Schweizversand","https:\/\/www.instagram.com\/schweizversand.ch\/"]}]}},"jetpack_sharing_enabled":true,"_links":{"self":[{"href":"https:\/\/schweizversand.ch\/fr\/wp-json\/wp\/v2\/product\/268709","targetHints":{"allow":["GET"]}}],"collection":[{"href":"https:\/\/schweizversand.ch\/fr\/wp-json\/wp\/v2\/product"}],"about":[{"href":"https:\/\/schweizversand.ch\/fr\/wp-json\/wp\/v2\/types\/product"}],"replies":[{"embeddable":true,"href":"https:\/\/schweizversand.ch\/fr\/wp-json\/wp\/v2\/comments?post=268709"}],"wp:featuredmedia":[{"embeddable":true,"href":"https:\/\/schweizversand.ch\/fr\/wp-json\/wp\/v2\/media\/175411"}],"wp:attachment":[{"href":"https:\/\/schweizversand.ch\/fr\/wp-json\/wp\/v2\/media?parent=268709"}],"wp:term":[{"taxonomy":"product_brand","embeddable":true,"href":"https:\/\/schweizversand.ch\/fr\/wp-json\/wp\/v2\/product_brand?post=268709"},{"taxonomy":"product_cat","embeddable":true,"href":"https:\/\/schweizversand.ch\/fr\/wp-json\/wp\/v2\/product_cat?post=268709"},{"taxonomy":"product_tag","embeddable":true,"href":"https:\/\/schweizversand.ch\/fr\/wp-json\/wp\/v2\/product_tag?post=268709"}],"curies":[{"name":"wp","href":"https:\/\/api.w.org\/{rel}","templated":true}]}}