{"id":268861,"date":"2026-05-01T02:00:29","date_gmt":"2026-05-01T00:00:29","guid":{"rendered":"https:\/\/schweizversand.ch\/produkt\/eurostick-start-your-engines-80-91-links\/"},"modified":"2026-05-02T02:03:24","modified_gmt":"2026-05-02T00:03:24","slug":"eurostick-start-your-engines-80-91-links","status":"publish","type":"product","link":"https:\/\/schweizversand.ch\/fr\/produkt\/eurostick-start-your-engines-80-91-links\/","title":{"rendered":"Eurostick D\u00e9marrez vos moteurs 80\/91 gauche"},"content":{"rendered":"<h1><strong>Crosse de floorball Eurostick Premium \u00ab\u00a0Faites chauffer la machine\u00a0\u00bb<\/strong><\/h1>\n<div>Entrez dans l&rsquo;univers du floorball avec la crosse de floorball <strong>Eurostick Premium<\/strong>. Sp\u00e9cialement con\u00e7ue pour vous offrir un \u00e9quilibre parfait entre vitesse, pr\u00e9cision et contr\u00f4le, cette crosse est le compl\u00e9ment id\u00e9al de votre <strong>\u00e9quipement de floorball<\/strong>.<\/p>\n<\/div>\n<div><strong>Performances et design convaincants<\/strong><br \/>L&rsquo;Eurostick Premium est la cl\u00e9 d&rsquo;un jeu dynamique. Gr\u00e2ce \u00e0 ses mat\u00e9riaux de haute qualit\u00e9 et \u00e0 sa conception ing\u00e9nieuse, vous b\u00e9n\u00e9ficierez d&rsquo;un <strong>contr\u00f4le de balle optimal<\/strong> qui saura s\u00e9duire aussi bien les d\u00e9butants que les joueurs amateurs ambitieux. Dominez le terrain avec cette crosse de floorball performante. Caract\u00e9ristiques techniques et mat\u00e9riaux\u00a0: La crosse de floorball de 80\u00a0cm est fabriqu\u00e9e en polypropyl\u00e8ne (PP) robuste, garantissant durabilit\u00e9 et l\u00e9g\u00e8ret\u00e9. La lame \u00ab\u00a0Master\u00a0\u00bb, fabriqu\u00e9e en PEHD durable, garantit une puissance de tir maximale et un contr\u00f4le pr\u00e9cis de la balle.<\/p>\n<\/div>\n<div><strong>Caract\u00e9ristiques du produit en un coup d&rsquo;\u0153il<\/strong><br \/>&#8211; Longueur totale\u00a0: 91\u00a0cm<br \/>&#8211; Longueur de la crosse\u00a0: 80\u00a0cm (id\u00e9ale pour de nombreux \u00e2ges et tailles)<br \/>&#8211; Poids\u00a0: seulement 246\u00a0g (pour des r\u00e9actions ultra-rapides)<br \/>&#8211; Diam\u00e8tre du manche\u00a0: 26\u00a0mm (pour une prise en main confortable)<br \/>&#8211; Mat\u00e9riau du manche\u00a0: PP (polypropyl\u00e8ne) robuste<br \/>&#8211; Type de lame\u00a0: Master (pour la puissance et la pr\u00e9cision)<br \/>&#8211; Style de jeu\u00a0: Gaucher (la crosse se porte \u00e0 gauche)<\/p>\n<\/div>\n<div><strong>Votre avantage avec Eurostick Unihockey<\/strong><br \/>Cette crosse <strong>Eurostick Unihockey<\/strong> vous offre la <strong>qualit\u00e9, la pr\u00e9cision et la puissance<\/strong> n\u00e9cessaires \u00e0 votre jeu. L\u00e9g\u00e8re et robuste, elle offre d&rsquo;excellentes caract\u00e9ristiques de tir gr\u00e2ce \u00e0 sa lame \u00ab\u00a0Master\u00a0\u00bb. Achetez d\u00e8s maintenant la nouvelle crosse de floorball et passez au niveau sup\u00e9rieur lors de vos entra\u00eenements et matchs\u00a0!<\/p>\n","protected":false},"excerpt":{"rendered":"<p>Eurostick Start Your Engines 80\/91 links bietet perfekte Balance aus Geschwindigkeit, Pr\u00e4zision und Kontrolle. Ideal f\u00fcr Einsteiger und ambitionierte Unihockeyspieler.<\/p>\n","protected":false},"featured_media":160207,"comment_status":"open","ping_status":"closed","template":"","meta":[],"product_brand":[],"product_cat":[39260],"product_tag":[],"class_list":{"0":"post-268861","1":"product","2":"type-product","3":"status-publish","4":"has-post-thumbnail","6":"product_cat-unihockey-2","7":"product_shipping_class-global_methods","9":"first","10":"instock","11":"taxable","12":"shipping-taxable","13":"purchasable","14":"product-type-simple"},"yoast_head":"<!-- This site is optimized with the Yoast SEO plugin v27.5 - https:\/\/yoast.com\/product\/yoast-seo-wordpress\/ -->\n<title>Eurostick Start Your Engines 80\/91 links<\/title>\n<meta name=\"description\" content=\"Eurostick Premium Unihockeyschl\u00e4ger &quot;Start Your Engines&quot; Steigen Sie ein in die Welt des Floorball Sports mit dem Eurostick Premium Unihockeyschl\u00e4ger . Dieser S\" \/>\n<meta name=\"robots\" content=\"index, follow, max-snippet:-1, max-image-preview:large, max-video-preview:-1\" \/>\n<link rel=\"canonical\" href=\"https:\/\/schweizversand.ch\/fr\/produkt\/eurostick-start-your-engines-80-91-links\/\" \/>\n<meta property=\"og:locale\" content=\"fr_FR\" \/>\n<meta property=\"og:type\" content=\"article\" \/>\n<meta property=\"og:title\" content=\"Eurostick Start Your Engines 80\/91 links\" \/>\n<meta property=\"og:description\" content=\"Eurostick Premium Unihockeyschl\u00e4ger &quot;Start Your Engines&quot; Steigen Sie ein in die Welt des Floorball Sports mit dem Eurostick Premium Unihockeyschl\u00e4ger . Dieser S\" \/>\n<meta property=\"og:url\" content=\"https:\/\/schweizversand.ch\/fr\/produkt\/eurostick-start-your-engines-80-91-links\/\" \/>\n<meta property=\"og:site_name\" content=\"Schweizer Shop f\u00fcr Sport, Spiel und Freizeit\" \/>\n<meta property=\"article:publisher\" content=\"https:\/\/www.facebook.com\/Schweizversand\" \/>\n<meta property=\"article:modified_time\" content=\"2026-05-02T00:03:24+00:00\" \/>\n<meta name=\"twitter:card\" content=\"summary_large_image\" \/>\n<meta name=\"twitter:label1\" content=\"Dur\u00e9e de lecture estim\u00e9e\" \/>\n\t<meta name=\"twitter:data1\" content=\"1 minute\" \/>\n<script type=\"application\/ld+json\" class=\"yoast-schema-graph\">{\"@context\":\"https:\\\/\\\/schema.org\",\"@graph\":[{\"@type\":\"WebPage\",\"@id\":\"https:\\\/\\\/schweizversand.ch\\\/fr\\\/produkt\\\/eurostick-start-your-engines-80-91-links\\\/\",\"url\":\"https:\\\/\\\/schweizversand.ch\\\/fr\\\/produkt\\\/eurostick-start-your-engines-80-91-links\\\/\",\"name\":\"Eurostick Start Your Engines 80\\\/91 links\",\"isPartOf\":{\"@id\":\"https:\\\/\\\/schweizversand.ch\\\/fr\\\/#website\"},\"primaryImageOfPage\":{\"@id\":\"https:\\\/\\\/schweizversand.ch\\\/fr\\\/produkt\\\/eurostick-start-your-engines-80-91-links\\\/#primaryimage\"},\"image\":{\"@id\":\"https:\\\/\\\/schweizversand.ch\\\/fr\\\/produkt\\\/eurostick-start-your-engines-80-91-links\\\/#primaryimage\"},\"thumbnailUrl\":\"https:\\\/\\\/schweizversand.ch\\\/wp-content\\\/uploads\\\/2026\\\/02\\\/5471887942.jpg\",\"datePublished\":\"2026-05-01T00:00:29+00:00\",\"dateModified\":\"2026-05-02T00:03:24+00:00\",\"description\":\"Eurostick Premium Unihockeyschl\u00e4ger \\\"Start Your Engines\\\" Steigen Sie ein in die Welt des Floorball Sports mit dem Eurostick Premium Unihockeyschl\u00e4ger . Dieser S\",\"breadcrumb\":{\"@id\":\"https:\\\/\\\/schweizversand.ch\\\/fr\\\/produkt\\\/eurostick-start-your-engines-80-91-links\\\/#breadcrumb\"},\"inLanguage\":\"fr-FR\",\"potentialAction\":[{\"@type\":\"ReadAction\",\"target\":[\"https:\\\/\\\/schweizversand.ch\\\/fr\\\/produkt\\\/eurostick-start-your-engines-80-91-links\\\/\"]}]},{\"@type\":\"ImageObject\",\"inLanguage\":\"fr-FR\",\"@id\":\"https:\\\/\\\/schweizversand.ch\\\/fr\\\/produkt\\\/eurostick-start-your-engines-80-91-links\\\/#primaryimage\",\"url\":\"https:\\\/\\\/schweizversand.ch\\\/wp-content\\\/uploads\\\/2026\\\/02\\\/5471887942.jpg\",\"contentUrl\":\"https:\\\/\\\/schweizversand.ch\\\/wp-content\\\/uploads\\\/2026\\\/02\\\/5471887942.jpg\",\"width\":282,\"height\":1024},{\"@type\":\"BreadcrumbList\",\"@id\":\"https:\\\/\\\/schweizversand.ch\\\/fr\\\/produkt\\\/eurostick-start-your-engines-80-91-links\\\/#breadcrumb\",\"itemListElement\":[{\"@type\":\"ListItem\",\"position\":1,\"name\":\"Startseite\",\"item\":\"https:\\\/\\\/schweizversand.ch\\\/fr\\\/home\\\/\"},{\"@type\":\"ListItem\",\"position\":2,\"name\":\"Boutique\",\"item\":\"https:\\\/\\\/schweizversand.ch\\\/fr\\\/boutique\\\/\"},{\"@type\":\"ListItem\",\"position\":3,\"name\":\"Eurostick D\u00e9marrez vos moteurs 80\\\/91 gauche\"}]},{\"@type\":\"WebSite\",\"@id\":\"https:\\\/\\\/schweizversand.ch\\\/fr\\\/#website\",\"url\":\"https:\\\/\\\/schweizversand.ch\\\/fr\\\/\",\"name\":\"Schweizer Shop f\u00fcr Sport, Spiel und Freizeit\",\"description\":\"Gratisversand ab 50.- (netto), ab eigenem schweizer Lager, Lieferung innert 48h\",\"publisher\":{\"@id\":\"https:\\\/\\\/schweizversand.ch\\\/fr\\\/#organization\"},\"alternateName\":\"Schweizversand.ch\",\"potentialAction\":[{\"@type\":\"SearchAction\",\"target\":{\"@type\":\"EntryPoint\",\"urlTemplate\":\"https:\\\/\\\/schweizversand.ch\\\/fr\\\/?s={search_term_string}\"},\"query-input\":{\"@type\":\"PropertyValueSpecification\",\"valueRequired\":true,\"valueName\":\"search_term_string\"}}],\"inLanguage\":\"fr-FR\"},{\"@type\":\"Organization\",\"@id\":\"https:\\\/\\\/schweizversand.ch\\\/fr\\\/#organization\",\"name\":\"Schweizversand.ch\",\"url\":\"https:\\\/\\\/schweizversand.ch\\\/fr\\\/\",\"logo\":{\"@type\":\"ImageObject\",\"inLanguage\":\"fr-FR\",\"@id\":\"https:\\\/\\\/schweizversand.ch\\\/fr\\\/#\\\/schema\\\/logo\\\/image\\\/\",\"url\":\"https:\\\/\\\/schweizversand.ch\\\/wp-content\\\/uploads\\\/2026\\\/03\\\/Logo_Rund_Final-1.png\",\"contentUrl\":\"https:\\\/\\\/schweizversand.ch\\\/wp-content\\\/uploads\\\/2026\\\/03\\\/Logo_Rund_Final-1.png\",\"width\":404,\"height\":404,\"caption\":\"Schweizversand.ch\"},\"image\":{\"@id\":\"https:\\\/\\\/schweizversand.ch\\\/fr\\\/#\\\/schema\\\/logo\\\/image\\\/\"},\"sameAs\":[\"https:\\\/\\\/www.facebook.com\\\/Schweizversand\",\"https:\\\/\\\/www.instagram.com\\\/schweizversand.ch\\\/\"]}]}<\/script>\n<!-- \/ Yoast SEO plugin. -->","yoast_head_json":{"title":"Eurostick Start Your Engines 80\/91 links","description":"Eurostick Premium Unihockeyschl\u00e4ger \"Start Your Engines\" Steigen Sie ein in die Welt des Floorball Sports mit dem Eurostick Premium Unihockeyschl\u00e4ger . Dieser S","robots":{"index":"index","follow":"follow","max-snippet":"max-snippet:-1","max-image-preview":"max-image-preview:large","max-video-preview":"max-video-preview:-1"},"canonical":"https:\/\/schweizversand.ch\/fr\/produkt\/eurostick-start-your-engines-80-91-links\/","og_locale":"fr_FR","og_type":"article","og_title":"Eurostick Start Your Engines 80\/91 links","og_description":"Eurostick Premium Unihockeyschl\u00e4ger \"Start Your Engines\" Steigen Sie ein in die Welt des Floorball Sports mit dem Eurostick Premium Unihockeyschl\u00e4ger . Dieser S","og_url":"https:\/\/schweizversand.ch\/fr\/produkt\/eurostick-start-your-engines-80-91-links\/","og_site_name":"Schweizer Shop f\u00fcr Sport, Spiel und Freizeit","article_publisher":"https:\/\/www.facebook.com\/Schweizversand","article_modified_time":"2026-05-02T00:03:24+00:00","twitter_card":"summary_large_image","twitter_misc":{"Dur\u00e9e de lecture estim\u00e9e":"1 minute"},"schema":{"@context":"https:\/\/schema.org","@graph":[{"@type":"WebPage","@id":"https:\/\/schweizversand.ch\/fr\/produkt\/eurostick-start-your-engines-80-91-links\/","url":"https:\/\/schweizversand.ch\/fr\/produkt\/eurostick-start-your-engines-80-91-links\/","name":"Eurostick Start Your Engines 80\/91 links","isPartOf":{"@id":"https:\/\/schweizversand.ch\/fr\/#website"},"primaryImageOfPage":{"@id":"https:\/\/schweizversand.ch\/fr\/produkt\/eurostick-start-your-engines-80-91-links\/#primaryimage"},"image":{"@id":"https:\/\/schweizversand.ch\/fr\/produkt\/eurostick-start-your-engines-80-91-links\/#primaryimage"},"thumbnailUrl":"https:\/\/schweizversand.ch\/wp-content\/uploads\/2026\/02\/5471887942.jpg","datePublished":"2026-05-01T00:00:29+00:00","dateModified":"2026-05-02T00:03:24+00:00","description":"Eurostick Premium Unihockeyschl\u00e4ger \"Start Your Engines\" Steigen Sie ein in die Welt des Floorball Sports mit dem Eurostick Premium Unihockeyschl\u00e4ger . Dieser S","breadcrumb":{"@id":"https:\/\/schweizversand.ch\/fr\/produkt\/eurostick-start-your-engines-80-91-links\/#breadcrumb"},"inLanguage":"fr-FR","potentialAction":[{"@type":"ReadAction","target":["https:\/\/schweizversand.ch\/fr\/produkt\/eurostick-start-your-engines-80-91-links\/"]}]},{"@type":"ImageObject","inLanguage":"fr-FR","@id":"https:\/\/schweizversand.ch\/fr\/produkt\/eurostick-start-your-engines-80-91-links\/#primaryimage","url":"https:\/\/schweizversand.ch\/wp-content\/uploads\/2026\/02\/5471887942.jpg","contentUrl":"https:\/\/schweizversand.ch\/wp-content\/uploads\/2026\/02\/5471887942.jpg","width":282,"height":1024},{"@type":"BreadcrumbList","@id":"https:\/\/schweizversand.ch\/fr\/produkt\/eurostick-start-your-engines-80-91-links\/#breadcrumb","itemListElement":[{"@type":"ListItem","position":1,"name":"Startseite","item":"https:\/\/schweizversand.ch\/fr\/home\/"},{"@type":"ListItem","position":2,"name":"Boutique","item":"https:\/\/schweizversand.ch\/fr\/boutique\/"},{"@type":"ListItem","position":3,"name":"Eurostick D\u00e9marrez vos moteurs 80\/91 gauche"}]},{"@type":"WebSite","@id":"https:\/\/schweizversand.ch\/fr\/#website","url":"https:\/\/schweizversand.ch\/fr\/","name":"Schweizer Shop f\u00fcr Sport, Spiel und Freizeit","description":"Gratisversand ab 50.- (netto), ab eigenem schweizer Lager, Lieferung innert 48h","publisher":{"@id":"https:\/\/schweizversand.ch\/fr\/#organization"},"alternateName":"Schweizversand.ch","potentialAction":[{"@type":"SearchAction","target":{"@type":"EntryPoint","urlTemplate":"https:\/\/schweizversand.ch\/fr\/?s={search_term_string}"},"query-input":{"@type":"PropertyValueSpecification","valueRequired":true,"valueName":"search_term_string"}}],"inLanguage":"fr-FR"},{"@type":"Organization","@id":"https:\/\/schweizversand.ch\/fr\/#organization","name":"Schweizversand.ch","url":"https:\/\/schweizversand.ch\/fr\/","logo":{"@type":"ImageObject","inLanguage":"fr-FR","@id":"https:\/\/schweizversand.ch\/fr\/#\/schema\/logo\/image\/","url":"https:\/\/schweizversand.ch\/wp-content\/uploads\/2026\/03\/Logo_Rund_Final-1.png","contentUrl":"https:\/\/schweizversand.ch\/wp-content\/uploads\/2026\/03\/Logo_Rund_Final-1.png","width":404,"height":404,"caption":"Schweizversand.ch"},"image":{"@id":"https:\/\/schweizversand.ch\/fr\/#\/schema\/logo\/image\/"},"sameAs":["https:\/\/www.facebook.com\/Schweizversand","https:\/\/www.instagram.com\/schweizversand.ch\/"]}]}},"jetpack_sharing_enabled":true,"_links":{"self":[{"href":"https:\/\/schweizversand.ch\/fr\/wp-json\/wp\/v2\/product\/268861","targetHints":{"allow":["GET"]}}],"collection":[{"href":"https:\/\/schweizversand.ch\/fr\/wp-json\/wp\/v2\/product"}],"about":[{"href":"https:\/\/schweizversand.ch\/fr\/wp-json\/wp\/v2\/types\/product"}],"replies":[{"embeddable":true,"href":"https:\/\/schweizversand.ch\/fr\/wp-json\/wp\/v2\/comments?post=268861"}],"wp:featuredmedia":[{"embeddable":true,"href":"https:\/\/schweizversand.ch\/fr\/wp-json\/wp\/v2\/media\/160207"}],"wp:attachment":[{"href":"https:\/\/schweizversand.ch\/fr\/wp-json\/wp\/v2\/media?parent=268861"}],"wp:term":[{"taxonomy":"product_brand","embeddable":true,"href":"https:\/\/schweizversand.ch\/fr\/wp-json\/wp\/v2\/product_brand?post=268861"},{"taxonomy":"product_cat","embeddable":true,"href":"https:\/\/schweizversand.ch\/fr\/wp-json\/wp\/v2\/product_cat?post=268861"},{"taxonomy":"product_tag","embeddable":true,"href":"https:\/\/schweizversand.ch\/fr\/wp-json\/wp\/v2\/product_tag?post=268861"}],"curies":[{"name":"wp","href":"https:\/\/api.w.org\/{rel}","templated":true}]}}