{"id":268867,"date":"2026-05-01T02:00:30","date_gmt":"2026-05-01T00:00:30","guid":{"rendered":"https:\/\/schweizversand.ch\/produkt\/eurostick-apache-80-91-links-3\/"},"modified":"2026-05-02T02:03:24","modified_gmt":"2026-05-02T00:03:24","slug":"eurostick-apache-80-91-links-3","status":"publish","type":"product","link":"https:\/\/schweizversand.ch\/fr\/produkt\/eurostick-apache-80-91-links-3\/","title":{"rendered":"Liens Eurostick Apache 80\/91"},"content":{"rendered":"<h1><strong>Crosse de floorball junior 80 cm \u2013 Id\u00e9ale pour les d\u00e9butants et les \u00e9coles<\/strong><\/h1>\n<div>Cette crosse de floorball pour enfants de haute qualit\u00e9 a \u00e9t\u00e9 sp\u00e9cialement con\u00e7ue pour l&rsquo;initiation au floorball. Elle offre un \u00e9quilibre parfait entre contr\u00f4le et durabilit\u00e9 et constitue l&rsquo;\u00e9quipement id\u00e9al pour les jeunes joueurs et les cours de floorball \u00e0 l&rsquo;\u00e9cole.<\/p>\n<\/div>\n<div><strong>Parfaite pour d\u00e9buter<\/strong><br \/>Cette crosse est con\u00e7ue pour faciliter l&rsquo;apprentissage des techniques de base. Avec cette crosse de floorball pour d\u00e9butants, vous apprendrez rapidement \u00e0 dribbler, \u00e0 contr\u00f4ler la balle avec pr\u00e9cision, \u00e0 la rattraper en toute s\u00e9curit\u00e9 et \u00e0 tirer avec puissance. C&rsquo;est la crosse id\u00e9ale pour les \u00e9coles gr\u00e2ce \u00e0 sa robustesse et sa maniabilit\u00e9.<\/p>\n<\/div>\n<div><strong>Caract\u00e9ristiques principales<\/strong><br \/>Le manche est fabriqu\u00e9 en polypropyl\u00e8ne (PP) durable, tandis que la palette est en poly\u00e9thyl\u00e8ne haute densit\u00e9 (PEHD), garantissant une longue dur\u00e9e de vie. Son poids plume de seulement 222 g assure une prise en main facile et des r\u00e9actions rapides sur le terrain.<\/p>\n<\/div>\n<div><strong>Caract\u00e9ristiques techniques et dimensions<\/strong><br \/>&#8211; Longueur du manche\u00a0: 80 cm (Id\u00e9al pour les crosses de floorball de 80 cm)<br \/>&#8211; Longueur totale\u00a0: 91 cm<br \/>&#8211; Diam\u00e8tre du manche\u00a0: 26 mm<br \/>&#8211; Poids\u00a0: 222 g<br \/>&#8211; Mat\u00e9riau du manche\u00a0: PP<br \/>&#8211; Mat\u00e9riau de la palette\u00a0: PEHD<\/p>\n<\/div>\n<div><strong>Orientation \u2013 Gauche<\/strong><br \/>Cette crosse est con\u00e7ue pour les gauchers. Cela signifie qu&rsquo;elle se positionne \u00e0 gauche du corps pendant le jeu, ce qui correspond \u00e0 la position naturelle des joueurs gauchers.<\/p>\n<\/div>\n<div>Procurez-vous d\u00e8s maintenant cette crosse de floorball fiable et offrez \u00e0 votre enfant les bases d&rsquo;une carri\u00e8re r\u00e9ussie\u00a0! Commencez d\u00e8s aujourd&rsquo;hui avec le bon \u00e9quipement\u00a0!<\/p>\n","protected":false},"excerpt":{"rendered":"<p>Eurostick Apache 80\/91 Links bietet jungen Anf\u00e4ngern perfekte Kontrolle und Haltbarkeit. Ideal f\u00fcr Schule und Training \u2013 der robuste Unihockeyschl\u00e4ger f\u00fcr den optimalen Einstieg.<\/p>\n","protected":false},"featured_media":268901,"comment_status":"open","ping_status":"closed","template":"","meta":[],"product_brand":[],"product_cat":[39260],"product_tag":[],"class_list":{"0":"post-268867","1":"product","2":"type-product","3":"status-publish","4":"has-post-thumbnail","6":"product_cat-unihockey-2","7":"product_shipping_class-global_methods","9":"first","10":"instock","11":"taxable","12":"shipping-taxable","13":"purchasable","14":"product-type-simple"},"yoast_head":"<!-- This site is optimized with the Yoast SEO plugin v27.5 - https:\/\/yoast.com\/product\/yoast-seo-wordpress\/ -->\n<title>Eurostick Apache 80\/91 Links<\/title>\n<meta name=\"description\" content=\"Unihockeyschl\u00e4ger Junior 80 cm \u2013 Ideal f\u00fcr Anf\u00e4nger und Schule Dieser hochwertige Unihockeyschl\u00e4ger Kinder wurde speziell f\u00fcr den Einstieg in den Floorballsport\" \/>\n<meta name=\"robots\" content=\"index, follow, max-snippet:-1, max-image-preview:large, max-video-preview:-1\" \/>\n<link rel=\"canonical\" href=\"https:\/\/schweizversand.ch\/fr\/produkt\/eurostick-apache-80-91-links-3\/\" \/>\n<meta property=\"og:locale\" content=\"fr_FR\" \/>\n<meta property=\"og:type\" content=\"article\" \/>\n<meta property=\"og:title\" content=\"Eurostick Apache 80\/91 Links\" \/>\n<meta property=\"og:description\" content=\"Unihockeyschl\u00e4ger Junior 80 cm \u2013 Ideal f\u00fcr Anf\u00e4nger und Schule Dieser hochwertige Unihockeyschl\u00e4ger Kinder wurde speziell f\u00fcr den Einstieg in den Floorballsport\" \/>\n<meta property=\"og:url\" content=\"https:\/\/schweizversand.ch\/fr\/produkt\/eurostick-apache-80-91-links-3\/\" \/>\n<meta property=\"og:site_name\" content=\"Schweizer Shop f\u00fcr Sport, Spiel und Freizeit\" \/>\n<meta property=\"article:publisher\" content=\"https:\/\/www.facebook.com\/Schweizversand\" \/>\n<meta property=\"article:modified_time\" content=\"2026-05-02T00:03:24+00:00\" \/>\n<meta name=\"twitter:card\" content=\"summary_large_image\" \/>\n<meta name=\"twitter:label1\" content=\"Dur\u00e9e de lecture estim\u00e9e\" \/>\n\t<meta name=\"twitter:data1\" content=\"1 minute\" \/>\n<script type=\"application\/ld+json\" class=\"yoast-schema-graph\">{\"@context\":\"https:\\\/\\\/schema.org\",\"@graph\":[{\"@type\":\"WebPage\",\"@id\":\"https:\\\/\\\/schweizversand.ch\\\/fr\\\/produkt\\\/eurostick-apache-80-91-links-3\\\/\",\"url\":\"https:\\\/\\\/schweizversand.ch\\\/fr\\\/produkt\\\/eurostick-apache-80-91-links-3\\\/\",\"name\":\"Eurostick Apache 80\\\/91 Links\",\"isPartOf\":{\"@id\":\"https:\\\/\\\/schweizversand.ch\\\/fr\\\/#website\"},\"primaryImageOfPage\":{\"@id\":\"https:\\\/\\\/schweizversand.ch\\\/fr\\\/produkt\\\/eurostick-apache-80-91-links-3\\\/#primaryimage\"},\"image\":{\"@id\":\"https:\\\/\\\/schweizversand.ch\\\/fr\\\/produkt\\\/eurostick-apache-80-91-links-3\\\/#primaryimage\"},\"thumbnailUrl\":\"https:\\\/\\\/schweizversand.ch\\\/wp-content\\\/uploads\\\/2026\\\/05\\\/5471532625.jpg\",\"datePublished\":\"2026-05-01T00:00:30+00:00\",\"dateModified\":\"2026-05-02T00:03:24+00:00\",\"description\":\"Unihockeyschl\u00e4ger Junior 80 cm \u2013 Ideal f\u00fcr Anf\u00e4nger und Schule Dieser hochwertige Unihockeyschl\u00e4ger Kinder wurde speziell f\u00fcr den Einstieg in den Floorballsport\",\"breadcrumb\":{\"@id\":\"https:\\\/\\\/schweizversand.ch\\\/fr\\\/produkt\\\/eurostick-apache-80-91-links-3\\\/#breadcrumb\"},\"inLanguage\":\"fr-FR\",\"potentialAction\":[{\"@type\":\"ReadAction\",\"target\":[\"https:\\\/\\\/schweizversand.ch\\\/fr\\\/produkt\\\/eurostick-apache-80-91-links-3\\\/\"]}]},{\"@type\":\"ImageObject\",\"inLanguage\":\"fr-FR\",\"@id\":\"https:\\\/\\\/schweizversand.ch\\\/fr\\\/produkt\\\/eurostick-apache-80-91-links-3\\\/#primaryimage\",\"url\":\"https:\\\/\\\/schweizversand.ch\\\/wp-content\\\/uploads\\\/2026\\\/05\\\/5471532625.jpg\",\"contentUrl\":\"https:\\\/\\\/schweizversand.ch\\\/wp-content\\\/uploads\\\/2026\\\/05\\\/5471532625.jpg\",\"width\":512,\"height\":1024},{\"@type\":\"BreadcrumbList\",\"@id\":\"https:\\\/\\\/schweizversand.ch\\\/fr\\\/produkt\\\/eurostick-apache-80-91-links-3\\\/#breadcrumb\",\"itemListElement\":[{\"@type\":\"ListItem\",\"position\":1,\"name\":\"Startseite\",\"item\":\"https:\\\/\\\/schweizversand.ch\\\/fr\\\/home\\\/\"},{\"@type\":\"ListItem\",\"position\":2,\"name\":\"Boutique\",\"item\":\"https:\\\/\\\/schweizversand.ch\\\/fr\\\/boutique\\\/\"},{\"@type\":\"ListItem\",\"position\":3,\"name\":\"Liens Eurostick Apache 80\\\/91\"}]},{\"@type\":\"WebSite\",\"@id\":\"https:\\\/\\\/schweizversand.ch\\\/fr\\\/#website\",\"url\":\"https:\\\/\\\/schweizversand.ch\\\/fr\\\/\",\"name\":\"Schweizer Shop f\u00fcr Sport, Spiel und Freizeit\",\"description\":\"Gratisversand ab 50.- (netto), ab eigenem schweizer Lager, Lieferung innert 48h\",\"publisher\":{\"@id\":\"https:\\\/\\\/schweizversand.ch\\\/fr\\\/#organization\"},\"alternateName\":\"Schweizversand.ch\",\"potentialAction\":[{\"@type\":\"SearchAction\",\"target\":{\"@type\":\"EntryPoint\",\"urlTemplate\":\"https:\\\/\\\/schweizversand.ch\\\/fr\\\/?s={search_term_string}\"},\"query-input\":{\"@type\":\"PropertyValueSpecification\",\"valueRequired\":true,\"valueName\":\"search_term_string\"}}],\"inLanguage\":\"fr-FR\"},{\"@type\":\"Organization\",\"@id\":\"https:\\\/\\\/schweizversand.ch\\\/fr\\\/#organization\",\"name\":\"Schweizversand.ch\",\"url\":\"https:\\\/\\\/schweizversand.ch\\\/fr\\\/\",\"logo\":{\"@type\":\"ImageObject\",\"inLanguage\":\"fr-FR\",\"@id\":\"https:\\\/\\\/schweizversand.ch\\\/fr\\\/#\\\/schema\\\/logo\\\/image\\\/\",\"url\":\"https:\\\/\\\/schweizversand.ch\\\/wp-content\\\/uploads\\\/2026\\\/03\\\/Logo_Rund_Final-1.png\",\"contentUrl\":\"https:\\\/\\\/schweizversand.ch\\\/wp-content\\\/uploads\\\/2026\\\/03\\\/Logo_Rund_Final-1.png\",\"width\":404,\"height\":404,\"caption\":\"Schweizversand.ch\"},\"image\":{\"@id\":\"https:\\\/\\\/schweizversand.ch\\\/fr\\\/#\\\/schema\\\/logo\\\/image\\\/\"},\"sameAs\":[\"https:\\\/\\\/www.facebook.com\\\/Schweizversand\",\"https:\\\/\\\/www.instagram.com\\\/schweizversand.ch\\\/\"]}]}<\/script>\n<!-- \/ Yoast SEO plugin. -->","yoast_head_json":{"title":"Eurostick Apache 80\/91 Links","description":"Unihockeyschl\u00e4ger Junior 80 cm \u2013 Ideal f\u00fcr Anf\u00e4nger und Schule Dieser hochwertige Unihockeyschl\u00e4ger Kinder wurde speziell f\u00fcr den Einstieg in den Floorballsport","robots":{"index":"index","follow":"follow","max-snippet":"max-snippet:-1","max-image-preview":"max-image-preview:large","max-video-preview":"max-video-preview:-1"},"canonical":"https:\/\/schweizversand.ch\/fr\/produkt\/eurostick-apache-80-91-links-3\/","og_locale":"fr_FR","og_type":"article","og_title":"Eurostick Apache 80\/91 Links","og_description":"Unihockeyschl\u00e4ger Junior 80 cm \u2013 Ideal f\u00fcr Anf\u00e4nger und Schule Dieser hochwertige Unihockeyschl\u00e4ger Kinder wurde speziell f\u00fcr den Einstieg in den Floorballsport","og_url":"https:\/\/schweizversand.ch\/fr\/produkt\/eurostick-apache-80-91-links-3\/","og_site_name":"Schweizer Shop f\u00fcr Sport, Spiel und Freizeit","article_publisher":"https:\/\/www.facebook.com\/Schweizversand","article_modified_time":"2026-05-02T00:03:24+00:00","twitter_card":"summary_large_image","twitter_misc":{"Dur\u00e9e de lecture estim\u00e9e":"1 minute"},"schema":{"@context":"https:\/\/schema.org","@graph":[{"@type":"WebPage","@id":"https:\/\/schweizversand.ch\/fr\/produkt\/eurostick-apache-80-91-links-3\/","url":"https:\/\/schweizversand.ch\/fr\/produkt\/eurostick-apache-80-91-links-3\/","name":"Eurostick Apache 80\/91 Links","isPartOf":{"@id":"https:\/\/schweizversand.ch\/fr\/#website"},"primaryImageOfPage":{"@id":"https:\/\/schweizversand.ch\/fr\/produkt\/eurostick-apache-80-91-links-3\/#primaryimage"},"image":{"@id":"https:\/\/schweizversand.ch\/fr\/produkt\/eurostick-apache-80-91-links-3\/#primaryimage"},"thumbnailUrl":"https:\/\/schweizversand.ch\/wp-content\/uploads\/2026\/05\/5471532625.jpg","datePublished":"2026-05-01T00:00:30+00:00","dateModified":"2026-05-02T00:03:24+00:00","description":"Unihockeyschl\u00e4ger Junior 80 cm \u2013 Ideal f\u00fcr Anf\u00e4nger und Schule Dieser hochwertige Unihockeyschl\u00e4ger Kinder wurde speziell f\u00fcr den Einstieg in den Floorballsport","breadcrumb":{"@id":"https:\/\/schweizversand.ch\/fr\/produkt\/eurostick-apache-80-91-links-3\/#breadcrumb"},"inLanguage":"fr-FR","potentialAction":[{"@type":"ReadAction","target":["https:\/\/schweizversand.ch\/fr\/produkt\/eurostick-apache-80-91-links-3\/"]}]},{"@type":"ImageObject","inLanguage":"fr-FR","@id":"https:\/\/schweizversand.ch\/fr\/produkt\/eurostick-apache-80-91-links-3\/#primaryimage","url":"https:\/\/schweizversand.ch\/wp-content\/uploads\/2026\/05\/5471532625.jpg","contentUrl":"https:\/\/schweizversand.ch\/wp-content\/uploads\/2026\/05\/5471532625.jpg","width":512,"height":1024},{"@type":"BreadcrumbList","@id":"https:\/\/schweizversand.ch\/fr\/produkt\/eurostick-apache-80-91-links-3\/#breadcrumb","itemListElement":[{"@type":"ListItem","position":1,"name":"Startseite","item":"https:\/\/schweizversand.ch\/fr\/home\/"},{"@type":"ListItem","position":2,"name":"Boutique","item":"https:\/\/schweizversand.ch\/fr\/boutique\/"},{"@type":"ListItem","position":3,"name":"Liens Eurostick Apache 80\/91"}]},{"@type":"WebSite","@id":"https:\/\/schweizversand.ch\/fr\/#website","url":"https:\/\/schweizversand.ch\/fr\/","name":"Schweizer Shop f\u00fcr Sport, Spiel und Freizeit","description":"Gratisversand ab 50.- (netto), ab eigenem schweizer Lager, Lieferung innert 48h","publisher":{"@id":"https:\/\/schweizversand.ch\/fr\/#organization"},"alternateName":"Schweizversand.ch","potentialAction":[{"@type":"SearchAction","target":{"@type":"EntryPoint","urlTemplate":"https:\/\/schweizversand.ch\/fr\/?s={search_term_string}"},"query-input":{"@type":"PropertyValueSpecification","valueRequired":true,"valueName":"search_term_string"}}],"inLanguage":"fr-FR"},{"@type":"Organization","@id":"https:\/\/schweizversand.ch\/fr\/#organization","name":"Schweizversand.ch","url":"https:\/\/schweizversand.ch\/fr\/","logo":{"@type":"ImageObject","inLanguage":"fr-FR","@id":"https:\/\/schweizversand.ch\/fr\/#\/schema\/logo\/image\/","url":"https:\/\/schweizversand.ch\/wp-content\/uploads\/2026\/03\/Logo_Rund_Final-1.png","contentUrl":"https:\/\/schweizversand.ch\/wp-content\/uploads\/2026\/03\/Logo_Rund_Final-1.png","width":404,"height":404,"caption":"Schweizversand.ch"},"image":{"@id":"https:\/\/schweizversand.ch\/fr\/#\/schema\/logo\/image\/"},"sameAs":["https:\/\/www.facebook.com\/Schweizversand","https:\/\/www.instagram.com\/schweizversand.ch\/"]}]}},"jetpack_sharing_enabled":true,"_links":{"self":[{"href":"https:\/\/schweizversand.ch\/fr\/wp-json\/wp\/v2\/product\/268867","targetHints":{"allow":["GET"]}}],"collection":[{"href":"https:\/\/schweizversand.ch\/fr\/wp-json\/wp\/v2\/product"}],"about":[{"href":"https:\/\/schweizversand.ch\/fr\/wp-json\/wp\/v2\/types\/product"}],"replies":[{"embeddable":true,"href":"https:\/\/schweizversand.ch\/fr\/wp-json\/wp\/v2\/comments?post=268867"}],"wp:featuredmedia":[{"embeddable":true,"href":"https:\/\/schweizversand.ch\/fr\/wp-json\/wp\/v2\/media\/268901"}],"wp:attachment":[{"href":"https:\/\/schweizversand.ch\/fr\/wp-json\/wp\/v2\/media?parent=268867"}],"wp:term":[{"taxonomy":"product_brand","embeddable":true,"href":"https:\/\/schweizversand.ch\/fr\/wp-json\/wp\/v2\/product_brand?post=268867"},{"taxonomy":"product_cat","embeddable":true,"href":"https:\/\/schweizversand.ch\/fr\/wp-json\/wp\/v2\/product_cat?post=268867"},{"taxonomy":"product_tag","embeddable":true,"href":"https:\/\/schweizversand.ch\/fr\/wp-json\/wp\/v2\/product_tag?post=268867"}],"curies":[{"name":"wp","href":"https:\/\/api.w.org\/{rel}","templated":true}]}}