{"id":268870,"date":"2026-05-01T02:00:30","date_gmt":"2026-05-01T00:00:30","guid":{"rendered":"https:\/\/schweizversand.ch\/produkt\/eurostick-medigoal-set\/"},"modified":"2026-05-02T02:03:24","modified_gmt":"2026-05-02T00:03:24","slug":"eurostick-medigoal-set","status":"publish","type":"product","link":"https:\/\/schweizversand.ch\/fr\/produkt\/eurostick-medigoal-set\/","title":{"rendered":"Ensemble Eurostick moyen"},"content":{"rendered":"<h1><strong>Mini hockey sur gazon \u2013 Le summum du plaisir pour les enfants<\/strong><\/h1>\n<div>Envie d&rsquo;une activit\u00e9 passionnante \u00e0 faire \u00e0 l&rsquo;int\u00e9rieur ou \u00e0 l&rsquo;ext\u00e9rieur\u00a0? Ce mini hockey sur gazon offre tout le n\u00e9cessaire pour s&rsquo;amuser imm\u00e9diatement. C&rsquo;est le jeu id\u00e9al pour d\u00e9velopper l&rsquo;habilet\u00e9 et l&rsquo;esprit d&rsquo;\u00e9quipe de mani\u00e8re ludique.<\/p>\n<\/div>\n<div><strong>Contenu complet de l&#8217;emballage<\/strong><br \/>Id\u00e9al pour les d\u00e9butants, ce jeu comprend tous les \u00e9l\u00e9ments n\u00e9cessaires pour commencer \u00e0 jouer sans attendre. Il est livr\u00e9 dans un sac en plastique PP pratique, vous permettant d&#8217;emporter votre but de hockey partout avec vous.<\/p>\n<\/div>\n<div><strong>But de hockey de haute qualit\u00e9<\/strong><br \/>Le but robuste est l&rsquo;\u00e9l\u00e9ment central de chaque partie et r\u00e9siste m\u00eame aux matchs les plus intenses. Le mini-jeu de hockey sur glace est con\u00e7u pour une installation rapide et facile.<\/p>\n<\/div>\n<div><strong>D\u00e9tails du but<\/strong><br \/>&#8211; Dimensions\u00a0: 60 x 90 x 40\u00a0cm<br \/>&#8211; Mat\u00e9riau\u00a0: But rouge, rev\u00eatement en poudre, avec attaches \u00e0 pression<br \/>&#8211; Diam\u00e8tre des tubes\u00a0: 2,5\u00a0cm<br \/>&#8211; Filet\u00a0: Filet en polyester noir (maille de 4 x 4\u00a0cm)<br \/>&#8211; Accessoires\u00a0: 4\u00a0inserts de sol en acier et cordon de fixation<br \/>&#8211; Poids\u00a0: 1,8\u00a0kg<\/p>\n<\/div>\n<div><strong>Ensemble de crosses de hockey haute performance<\/strong><br \/>Les crosses incluses sont l\u00e9g\u00e8res et parfaitement adapt\u00e9es aux mains des enfants pour un contr\u00f4le optimal. Le jouet de hockey est fabriqu\u00e9 \u00e0 partir de mat\u00e9riaux durables pour garantir une longue dur\u00e9e de vie.<\/p>\n<\/div>\n<div><strong>D\u00e9tails des crosses (2 pi\u00e8ces)<\/strong><br \/>&#8211; Longueur totale\u00a0: 96\u00a0cm<br \/>&#8211; Longueur du manche\u00a0: 85\u00a0cm<br \/>&#8211; Poids par crosse\u00a0: 220\u00a0g<br \/>&#8211; Mat\u00e9riau de la crosse\u00a0: PP<br \/>&#8211; Mat\u00e9riau de la lame\u00a0: PEHD<\/p>\n<p><\/div>\n<div><strong>Balles s\u00fbres et durables<\/strong><br \/>Deux balles sont incluses, sp\u00e9cialement con\u00e7ues pour le mini-jeu de hockey. Elles sont sans phtalates et offrent d&rsquo;excellentes caract\u00e9ristiques de vol.<\/p>\n<\/div>\n<div><strong>D\u00e9tails sur les balles (2 pi\u00e8ces)<\/strong><br \/>&#8211; Mat\u00e9riau\u00a0: Poly\u00e9thyl\u00e8ne thermoplastique (sans phtalates)<br \/>&#8211; Diam\u00e8tre\u00a0: 7,5\u00a0cm<br \/>&#8211; Poids par balle\u00a0: 26\u00a0g<\/p>\n<\/div>\n<div>Procurez-vous d\u00e8s aujourd&rsquo;hui ce <strong>kit de mini-hockey<\/strong> complet et vivez des moments inoubliables en famille ou entre amis.<\/p>\n<\/div>\n<div><\/div>\n","protected":false},"excerpt":{"rendered":"<p>Eurostick Medigoal Set bietet Mini Hockey-Spa\u00df f\u00fcr drinnen und drau\u00dfen. Robust, komplett und mobil \u2013 perfekt f\u00fcr spielerisches Training von Geschicklichkeit und Teamgeist bei Kindern.<\/p>\n","protected":false},"featured_media":268919,"comment_status":"open","ping_status":"closed","template":"","meta":[],"product_brand":[],"product_cat":[39260],"product_tag":[],"class_list":{"0":"post-268870","1":"product","2":"type-product","3":"status-publish","4":"has-post-thumbnail","6":"product_cat-unihockey-2","7":"product_shipping_class-global_methods","9":"first","10":"instock","11":"taxable","12":"shipping-taxable","13":"purchasable","14":"product-type-simple"},"yoast_head":"<!-- This site is optimized with the Yoast SEO plugin v27.5 - https:\/\/yoast.com\/product\/yoast-seo-wordpress\/ -->\n<title>Eurostick Medigoal Set<\/title>\n<meta name=\"description\" content=\"Mini Hockey Set \u2013 Das ultimative Spielvergn\u00fcgen f\u00fcr Kinder Suchen Sie nach einer spannenden Aktivit\u00e4t f\u00fcr drinnen oder draussen? Dieses Mini Hockey Set bietet a\" \/>\n<meta name=\"robots\" content=\"index, follow, max-snippet:-1, max-image-preview:large, max-video-preview:-1\" \/>\n<link rel=\"canonical\" href=\"https:\/\/schweizversand.ch\/fr\/produkt\/eurostick-medigoal-set\/\" \/>\n<meta property=\"og:locale\" content=\"fr_FR\" \/>\n<meta property=\"og:type\" content=\"article\" \/>\n<meta property=\"og:title\" content=\"Eurostick Medigoal Set\" \/>\n<meta property=\"og:description\" content=\"Mini Hockey Set \u2013 Das ultimative Spielvergn\u00fcgen f\u00fcr Kinder Suchen Sie nach einer spannenden Aktivit\u00e4t f\u00fcr drinnen oder draussen? Dieses Mini Hockey Set bietet a\" \/>\n<meta property=\"og:url\" content=\"https:\/\/schweizversand.ch\/fr\/produkt\/eurostick-medigoal-set\/\" \/>\n<meta property=\"og:site_name\" content=\"Schweizer Shop f\u00fcr Sport, Spiel und Freizeit\" \/>\n<meta property=\"article:publisher\" content=\"https:\/\/www.facebook.com\/Schweizversand\" \/>\n<meta property=\"article:modified_time\" content=\"2026-05-02T00:03:24+00:00\" \/>\n<meta name=\"twitter:card\" content=\"summary_large_image\" \/>\n<meta name=\"twitter:label1\" content=\"Dur\u00e9e de lecture estim\u00e9e\" \/>\n\t<meta name=\"twitter:data1\" content=\"2 minutes\" \/>\n<script type=\"application\/ld+json\" class=\"yoast-schema-graph\">{\"@context\":\"https:\\\/\\\/schema.org\",\"@graph\":[{\"@type\":\"WebPage\",\"@id\":\"https:\\\/\\\/schweizversand.ch\\\/fr\\\/produkt\\\/eurostick-medigoal-set\\\/\",\"url\":\"https:\\\/\\\/schweizversand.ch\\\/fr\\\/produkt\\\/eurostick-medigoal-set\\\/\",\"name\":\"Eurostick Medigoal Set\",\"isPartOf\":{\"@id\":\"https:\\\/\\\/schweizversand.ch\\\/fr\\\/#website\"},\"primaryImageOfPage\":{\"@id\":\"https:\\\/\\\/schweizversand.ch\\\/fr\\\/produkt\\\/eurostick-medigoal-set\\\/#primaryimage\"},\"image\":{\"@id\":\"https:\\\/\\\/schweizversand.ch\\\/fr\\\/produkt\\\/eurostick-medigoal-set\\\/#primaryimage\"},\"thumbnailUrl\":\"https:\\\/\\\/schweizversand.ch\\\/wp-content\\\/uploads\\\/2026\\\/05\\\/5471481117.jpg\",\"datePublished\":\"2026-05-01T00:00:30+00:00\",\"dateModified\":\"2026-05-02T00:03:24+00:00\",\"description\":\"Mini Hockey Set \u2013 Das ultimative Spielvergn\u00fcgen f\u00fcr Kinder Suchen Sie nach einer spannenden Aktivit\u00e4t f\u00fcr drinnen oder draussen? Dieses Mini Hockey Set bietet a\",\"breadcrumb\":{\"@id\":\"https:\\\/\\\/schweizversand.ch\\\/fr\\\/produkt\\\/eurostick-medigoal-set\\\/#breadcrumb\"},\"inLanguage\":\"fr-FR\",\"potentialAction\":[{\"@type\":\"ReadAction\",\"target\":[\"https:\\\/\\\/schweizversand.ch\\\/fr\\\/produkt\\\/eurostick-medigoal-set\\\/\"]}]},{\"@type\":\"ImageObject\",\"inLanguage\":\"fr-FR\",\"@id\":\"https:\\\/\\\/schweizversand.ch\\\/fr\\\/produkt\\\/eurostick-medigoal-set\\\/#primaryimage\",\"url\":\"https:\\\/\\\/schweizversand.ch\\\/wp-content\\\/uploads\\\/2026\\\/05\\\/5471481117.jpg\",\"contentUrl\":\"https:\\\/\\\/schweizversand.ch\\\/wp-content\\\/uploads\\\/2026\\\/05\\\/5471481117.jpg\",\"width\":791,\"height\":1024},{\"@type\":\"BreadcrumbList\",\"@id\":\"https:\\\/\\\/schweizversand.ch\\\/fr\\\/produkt\\\/eurostick-medigoal-set\\\/#breadcrumb\",\"itemListElement\":[{\"@type\":\"ListItem\",\"position\":1,\"name\":\"Startseite\",\"item\":\"https:\\\/\\\/schweizversand.ch\\\/fr\\\/home\\\/\"},{\"@type\":\"ListItem\",\"position\":2,\"name\":\"Boutique\",\"item\":\"https:\\\/\\\/schweizversand.ch\\\/fr\\\/boutique\\\/\"},{\"@type\":\"ListItem\",\"position\":3,\"name\":\"Ensemble Eurostick moyen\"}]},{\"@type\":\"WebSite\",\"@id\":\"https:\\\/\\\/schweizversand.ch\\\/fr\\\/#website\",\"url\":\"https:\\\/\\\/schweizversand.ch\\\/fr\\\/\",\"name\":\"Schweizer Shop f\u00fcr Sport, Spiel und Freizeit\",\"description\":\"Gratisversand ab 50.- (netto), ab eigenem schweizer Lager, Lieferung innert 48h\",\"publisher\":{\"@id\":\"https:\\\/\\\/schweizversand.ch\\\/fr\\\/#organization\"},\"alternateName\":\"Schweizversand.ch\",\"potentialAction\":[{\"@type\":\"SearchAction\",\"target\":{\"@type\":\"EntryPoint\",\"urlTemplate\":\"https:\\\/\\\/schweizversand.ch\\\/fr\\\/?s={search_term_string}\"},\"query-input\":{\"@type\":\"PropertyValueSpecification\",\"valueRequired\":true,\"valueName\":\"search_term_string\"}}],\"inLanguage\":\"fr-FR\"},{\"@type\":\"Organization\",\"@id\":\"https:\\\/\\\/schweizversand.ch\\\/fr\\\/#organization\",\"name\":\"Schweizversand.ch\",\"url\":\"https:\\\/\\\/schweizversand.ch\\\/fr\\\/\",\"logo\":{\"@type\":\"ImageObject\",\"inLanguage\":\"fr-FR\",\"@id\":\"https:\\\/\\\/schweizversand.ch\\\/fr\\\/#\\\/schema\\\/logo\\\/image\\\/\",\"url\":\"https:\\\/\\\/schweizversand.ch\\\/wp-content\\\/uploads\\\/2026\\\/03\\\/Logo_Rund_Final-1.png\",\"contentUrl\":\"https:\\\/\\\/schweizversand.ch\\\/wp-content\\\/uploads\\\/2026\\\/03\\\/Logo_Rund_Final-1.png\",\"width\":404,\"height\":404,\"caption\":\"Schweizversand.ch\"},\"image\":{\"@id\":\"https:\\\/\\\/schweizversand.ch\\\/fr\\\/#\\\/schema\\\/logo\\\/image\\\/\"},\"sameAs\":[\"https:\\\/\\\/www.facebook.com\\\/Schweizversand\",\"https:\\\/\\\/www.instagram.com\\\/schweizversand.ch\\\/\"]}]}<\/script>\n<!-- \/ Yoast SEO plugin. -->","yoast_head_json":{"title":"Eurostick Medigoal Set","description":"Mini Hockey Set \u2013 Das ultimative Spielvergn\u00fcgen f\u00fcr Kinder Suchen Sie nach einer spannenden Aktivit\u00e4t f\u00fcr drinnen oder draussen? Dieses Mini Hockey Set bietet a","robots":{"index":"index","follow":"follow","max-snippet":"max-snippet:-1","max-image-preview":"max-image-preview:large","max-video-preview":"max-video-preview:-1"},"canonical":"https:\/\/schweizversand.ch\/fr\/produkt\/eurostick-medigoal-set\/","og_locale":"fr_FR","og_type":"article","og_title":"Eurostick Medigoal Set","og_description":"Mini Hockey Set \u2013 Das ultimative Spielvergn\u00fcgen f\u00fcr Kinder Suchen Sie nach einer spannenden Aktivit\u00e4t f\u00fcr drinnen oder draussen? Dieses Mini Hockey Set bietet a","og_url":"https:\/\/schweizversand.ch\/fr\/produkt\/eurostick-medigoal-set\/","og_site_name":"Schweizer Shop f\u00fcr Sport, Spiel und Freizeit","article_publisher":"https:\/\/www.facebook.com\/Schweizversand","article_modified_time":"2026-05-02T00:03:24+00:00","twitter_card":"summary_large_image","twitter_misc":{"Dur\u00e9e de lecture estim\u00e9e":"2 minutes"},"schema":{"@context":"https:\/\/schema.org","@graph":[{"@type":"WebPage","@id":"https:\/\/schweizversand.ch\/fr\/produkt\/eurostick-medigoal-set\/","url":"https:\/\/schweizversand.ch\/fr\/produkt\/eurostick-medigoal-set\/","name":"Eurostick Medigoal Set","isPartOf":{"@id":"https:\/\/schweizversand.ch\/fr\/#website"},"primaryImageOfPage":{"@id":"https:\/\/schweizversand.ch\/fr\/produkt\/eurostick-medigoal-set\/#primaryimage"},"image":{"@id":"https:\/\/schweizversand.ch\/fr\/produkt\/eurostick-medigoal-set\/#primaryimage"},"thumbnailUrl":"https:\/\/schweizversand.ch\/wp-content\/uploads\/2026\/05\/5471481117.jpg","datePublished":"2026-05-01T00:00:30+00:00","dateModified":"2026-05-02T00:03:24+00:00","description":"Mini Hockey Set \u2013 Das ultimative Spielvergn\u00fcgen f\u00fcr Kinder Suchen Sie nach einer spannenden Aktivit\u00e4t f\u00fcr drinnen oder draussen? Dieses Mini Hockey Set bietet a","breadcrumb":{"@id":"https:\/\/schweizversand.ch\/fr\/produkt\/eurostick-medigoal-set\/#breadcrumb"},"inLanguage":"fr-FR","potentialAction":[{"@type":"ReadAction","target":["https:\/\/schweizversand.ch\/fr\/produkt\/eurostick-medigoal-set\/"]}]},{"@type":"ImageObject","inLanguage":"fr-FR","@id":"https:\/\/schweizversand.ch\/fr\/produkt\/eurostick-medigoal-set\/#primaryimage","url":"https:\/\/schweizversand.ch\/wp-content\/uploads\/2026\/05\/5471481117.jpg","contentUrl":"https:\/\/schweizversand.ch\/wp-content\/uploads\/2026\/05\/5471481117.jpg","width":791,"height":1024},{"@type":"BreadcrumbList","@id":"https:\/\/schweizversand.ch\/fr\/produkt\/eurostick-medigoal-set\/#breadcrumb","itemListElement":[{"@type":"ListItem","position":1,"name":"Startseite","item":"https:\/\/schweizversand.ch\/fr\/home\/"},{"@type":"ListItem","position":2,"name":"Boutique","item":"https:\/\/schweizversand.ch\/fr\/boutique\/"},{"@type":"ListItem","position":3,"name":"Ensemble Eurostick moyen"}]},{"@type":"WebSite","@id":"https:\/\/schweizversand.ch\/fr\/#website","url":"https:\/\/schweizversand.ch\/fr\/","name":"Schweizer Shop f\u00fcr Sport, Spiel und Freizeit","description":"Gratisversand ab 50.- (netto), ab eigenem schweizer Lager, Lieferung innert 48h","publisher":{"@id":"https:\/\/schweizversand.ch\/fr\/#organization"},"alternateName":"Schweizversand.ch","potentialAction":[{"@type":"SearchAction","target":{"@type":"EntryPoint","urlTemplate":"https:\/\/schweizversand.ch\/fr\/?s={search_term_string}"},"query-input":{"@type":"PropertyValueSpecification","valueRequired":true,"valueName":"search_term_string"}}],"inLanguage":"fr-FR"},{"@type":"Organization","@id":"https:\/\/schweizversand.ch\/fr\/#organization","name":"Schweizversand.ch","url":"https:\/\/schweizversand.ch\/fr\/","logo":{"@type":"ImageObject","inLanguage":"fr-FR","@id":"https:\/\/schweizversand.ch\/fr\/#\/schema\/logo\/image\/","url":"https:\/\/schweizversand.ch\/wp-content\/uploads\/2026\/03\/Logo_Rund_Final-1.png","contentUrl":"https:\/\/schweizversand.ch\/wp-content\/uploads\/2026\/03\/Logo_Rund_Final-1.png","width":404,"height":404,"caption":"Schweizversand.ch"},"image":{"@id":"https:\/\/schweizversand.ch\/fr\/#\/schema\/logo\/image\/"},"sameAs":["https:\/\/www.facebook.com\/Schweizversand","https:\/\/www.instagram.com\/schweizversand.ch\/"]}]}},"jetpack_sharing_enabled":true,"_links":{"self":[{"href":"https:\/\/schweizversand.ch\/fr\/wp-json\/wp\/v2\/product\/268870","targetHints":{"allow":["GET"]}}],"collection":[{"href":"https:\/\/schweizversand.ch\/fr\/wp-json\/wp\/v2\/product"}],"about":[{"href":"https:\/\/schweizversand.ch\/fr\/wp-json\/wp\/v2\/types\/product"}],"replies":[{"embeddable":true,"href":"https:\/\/schweizversand.ch\/fr\/wp-json\/wp\/v2\/comments?post=268870"}],"wp:featuredmedia":[{"embeddable":true,"href":"https:\/\/schweizversand.ch\/fr\/wp-json\/wp\/v2\/media\/268919"}],"wp:attachment":[{"href":"https:\/\/schweizversand.ch\/fr\/wp-json\/wp\/v2\/media?parent=268870"}],"wp:term":[{"taxonomy":"product_brand","embeddable":true,"href":"https:\/\/schweizversand.ch\/fr\/wp-json\/wp\/v2\/product_brand?post=268870"},{"taxonomy":"product_cat","embeddable":true,"href":"https:\/\/schweizversand.ch\/fr\/wp-json\/wp\/v2\/product_cat?post=268870"},{"taxonomy":"product_tag","embeddable":true,"href":"https:\/\/schweizversand.ch\/fr\/wp-json\/wp\/v2\/product_tag?post=268870"}],"curies":[{"name":"wp","href":"https:\/\/api.w.org\/{rel}","templated":true}]}}