{"id":268872,"date":"2026-05-01T02:00:31","date_gmt":"2026-05-01T00:00:31","guid":{"rendered":"https:\/\/schweizversand.ch\/produkt\/eurostick-unihockeybaelle-3er-pack-2\/"},"modified":"2026-05-02T02:03:25","modified_gmt":"2026-05-02T00:03:25","slug":"eurostick-unihockeybaelle-3er-pack-2","status":"publish","type":"product","link":"https:\/\/schweizversand.ch\/fr\/produkt\/eurostick-unihockeybaelle-3er-pack-2\/","title":{"rendered":"Paquet de 3 balles Eurostick Unihockey"},"content":{"rendered":"<h1><strong>Lot de 3 ballons de floorball \u2013 Ballons de floorball 75 mm<\/strong><\/h1>\n<div>Am\u00e9liorez votre exp\u00e9rience de jeu avec ce lot de 3 ballons de floorball de haute qualit\u00e9. Ce lot de ballons est parfaitement con\u00e7u pour l&rsquo;entra\u00eenement, les loisirs et les matchs intenses, offrant une qualit\u00e9 durable pour tous les \u00e2ges.<\/p>\n<\/div>\n<div><strong>Mat\u00e9riaux de haute qualit\u00e9 et s\u00e9curit\u00e9<\/strong><br \/>Ces ballons de sport sont fabriqu\u00e9s en poly\u00e9thyl\u00e8ne thermoplastique robuste. Nous accordons une grande importance \u00e0 votre s\u00e9curit\u00e9 et \u00e0 l&rsquo;environnement\u00a0: les ballons sont garantis sans phtalates, ce qui en fait un excellent choix s\u00fbr pour votre \u00e9quipement de floorball.<\/p>\n<\/div>\n<div><strong>Dimensions optimales pour le jeu<\/strong><br \/>Chaque ballon de ce lot de ballons de floorball a \u00e9t\u00e9 con\u00e7u pour une pr\u00e9cision de jeu optimale. Le diam\u00e8tre standard de 75 mm et le poids id\u00e9al de 26 g par balle garantissent d&rsquo;excellentes caract\u00e9ristiques de vol et un toucher constant. D\u00e9tails du produit et contenu de la livraison\u00a0: &#8211; Contenu\u00a0: 3 balles &#8211; Mat\u00e9riau\u00a0: Poly\u00e9thyl\u00e8ne sans phtalates (thermoplastique) &#8211; Diam\u00e8tre\u00a0: 75 mm &#8211; Poids\u00a0: 26 g par balle &#8211; Couleurs\u00a0: 1 bleue, 1 rouge, 1 jaune pour une meilleure diff\u00e9renciation pendant le jeu. Procurez-vous d\u00e8s maintenant ce pack de 3 balles de floorball indispensable et profitez d&rsquo;une polyvalence et d&rsquo;une qualit\u00e9 optimales \u00e0 chaque match. Commandez aujourd&rsquo;hui et optimisez votre entra\u00eenement de floorball\u00a0!<\/p>\n","protected":false},"excerpt":{"rendered":"<p>Eurostick Unihockeyb\u00e4lle 3er Pack \u2013 robuste, phthalatfreie Floorball B\u00e4lle mit genormtem 75 mm Durchmesser f\u00fcr pr\u00e4zises Spiel und langanhaltenden Spielspa\u00df.<\/p>\n","protected":false},"featured_media":258867,"comment_status":"open","ping_status":"closed","template":"","meta":[],"product_brand":[],"product_cat":[39260],"product_tag":[],"class_list":{"0":"post-268872","1":"product","2":"type-product","3":"status-publish","4":"has-post-thumbnail","6":"product_cat-unihockey-2","7":"product_shipping_class-global_methods","9":"first","10":"instock","11":"taxable","12":"shipping-taxable","13":"purchasable","14":"product-type-simple"},"yoast_head":"<!-- This site is optimized with the Yoast SEO plugin v27.5 - https:\/\/yoast.com\/product\/yoast-seo-wordpress\/ -->\n<title>Eurostick Unihockeyb\u00e4lle 3er Pack<\/title>\n<meta name=\"description\" content=\"Unihockeyb\u00e4lle 3er Pack \u2013 Floorball B\u00e4lle Set 75mm Steigern Sie Ihr Spielerlebnis mit diesem hochwertigen Unihockeyb\u00e4lle 3er Pack . Dieses Floorball B\u00e4lle Set i\" \/>\n<meta name=\"robots\" content=\"index, follow, max-snippet:-1, max-image-preview:large, max-video-preview:-1\" \/>\n<link rel=\"canonical\" href=\"https:\/\/schweizversand.ch\/fr\/produkt\/eurostick-unihockeybaelle-3er-pack-2\/\" \/>\n<meta property=\"og:locale\" content=\"fr_FR\" \/>\n<meta property=\"og:type\" content=\"article\" \/>\n<meta property=\"og:title\" content=\"Eurostick Unihockeyb\u00e4lle 3er Pack\" \/>\n<meta property=\"og:description\" content=\"Unihockeyb\u00e4lle 3er Pack \u2013 Floorball B\u00e4lle Set 75mm Steigern Sie Ihr Spielerlebnis mit diesem hochwertigen Unihockeyb\u00e4lle 3er Pack . Dieses Floorball B\u00e4lle Set i\" \/>\n<meta property=\"og:url\" content=\"https:\/\/schweizversand.ch\/fr\/produkt\/eurostick-unihockeybaelle-3er-pack-2\/\" \/>\n<meta property=\"og:site_name\" content=\"Schweizer Shop f\u00fcr Sport, Spiel und Freizeit\" \/>\n<meta property=\"article:publisher\" content=\"https:\/\/www.facebook.com\/Schweizversand\" \/>\n<meta property=\"article:modified_time\" content=\"2026-05-02T00:03:25+00:00\" \/>\n<meta name=\"twitter:card\" content=\"summary_large_image\" \/>\n<meta name=\"twitter:label1\" content=\"Dur\u00e9e de lecture estim\u00e9e\" \/>\n\t<meta name=\"twitter:data1\" content=\"1 minute\" \/>\n<script type=\"application\/ld+json\" class=\"yoast-schema-graph\">{\"@context\":\"https:\\\/\\\/schema.org\",\"@graph\":[{\"@type\":\"WebPage\",\"@id\":\"https:\\\/\\\/schweizversand.ch\\\/fr\\\/produkt\\\/eurostick-unihockeybaelle-3er-pack-2\\\/\",\"url\":\"https:\\\/\\\/schweizversand.ch\\\/fr\\\/produkt\\\/eurostick-unihockeybaelle-3er-pack-2\\\/\",\"name\":\"Eurostick Unihockeyb\u00e4lle 3er Pack\",\"isPartOf\":{\"@id\":\"https:\\\/\\\/schweizversand.ch\\\/fr\\\/#website\"},\"primaryImageOfPage\":{\"@id\":\"https:\\\/\\\/schweizversand.ch\\\/fr\\\/produkt\\\/eurostick-unihockeybaelle-3er-pack-2\\\/#primaryimage\"},\"image\":{\"@id\":\"https:\\\/\\\/schweizversand.ch\\\/fr\\\/produkt\\\/eurostick-unihockeybaelle-3er-pack-2\\\/#primaryimage\"},\"thumbnailUrl\":\"https:\\\/\\\/schweizversand.ch\\\/wp-content\\\/uploads\\\/2026\\\/03\\\/5471482113.jpg\",\"datePublished\":\"2026-05-01T00:00:31+00:00\",\"dateModified\":\"2026-05-02T00:03:25+00:00\",\"description\":\"Unihockeyb\u00e4lle 3er Pack \u2013 Floorball B\u00e4lle Set 75mm Steigern Sie Ihr Spielerlebnis mit diesem hochwertigen Unihockeyb\u00e4lle 3er Pack . Dieses Floorball B\u00e4lle Set i\",\"breadcrumb\":{\"@id\":\"https:\\\/\\\/schweizversand.ch\\\/fr\\\/produkt\\\/eurostick-unihockeybaelle-3er-pack-2\\\/#breadcrumb\"},\"inLanguage\":\"fr-FR\",\"potentialAction\":[{\"@type\":\"ReadAction\",\"target\":[\"https:\\\/\\\/schweizversand.ch\\\/fr\\\/produkt\\\/eurostick-unihockeybaelle-3er-pack-2\\\/\"]}]},{\"@type\":\"ImageObject\",\"inLanguage\":\"fr-FR\",\"@id\":\"https:\\\/\\\/schweizversand.ch\\\/fr\\\/produkt\\\/eurostick-unihockeybaelle-3er-pack-2\\\/#primaryimage\",\"url\":\"https:\\\/\\\/schweizversand.ch\\\/wp-content\\\/uploads\\\/2026\\\/03\\\/5471482113.jpg\",\"contentUrl\":\"https:\\\/\\\/schweizversand.ch\\\/wp-content\\\/uploads\\\/2026\\\/03\\\/5471482113.jpg\",\"width\":1024,\"height\":768},{\"@type\":\"BreadcrumbList\",\"@id\":\"https:\\\/\\\/schweizversand.ch\\\/fr\\\/produkt\\\/eurostick-unihockeybaelle-3er-pack-2\\\/#breadcrumb\",\"itemListElement\":[{\"@type\":\"ListItem\",\"position\":1,\"name\":\"Startseite\",\"item\":\"https:\\\/\\\/schweizversand.ch\\\/fr\\\/home\\\/\"},{\"@type\":\"ListItem\",\"position\":2,\"name\":\"Boutique\",\"item\":\"https:\\\/\\\/schweizversand.ch\\\/fr\\\/boutique\\\/\"},{\"@type\":\"ListItem\",\"position\":3,\"name\":\"Paquet de 3 balles Eurostick Unihockey\"}]},{\"@type\":\"WebSite\",\"@id\":\"https:\\\/\\\/schweizversand.ch\\\/fr\\\/#website\",\"url\":\"https:\\\/\\\/schweizversand.ch\\\/fr\\\/\",\"name\":\"Schweizer Shop f\u00fcr Sport, Spiel und Freizeit\",\"description\":\"Gratisversand ab 50.- (netto), ab eigenem schweizer Lager, Lieferung innert 48h\",\"publisher\":{\"@id\":\"https:\\\/\\\/schweizversand.ch\\\/fr\\\/#organization\"},\"alternateName\":\"Schweizversand.ch\",\"potentialAction\":[{\"@type\":\"SearchAction\",\"target\":{\"@type\":\"EntryPoint\",\"urlTemplate\":\"https:\\\/\\\/schweizversand.ch\\\/fr\\\/?s={search_term_string}\"},\"query-input\":{\"@type\":\"PropertyValueSpecification\",\"valueRequired\":true,\"valueName\":\"search_term_string\"}}],\"inLanguage\":\"fr-FR\"},{\"@type\":\"Organization\",\"@id\":\"https:\\\/\\\/schweizversand.ch\\\/fr\\\/#organization\",\"name\":\"Schweizversand.ch\",\"url\":\"https:\\\/\\\/schweizversand.ch\\\/fr\\\/\",\"logo\":{\"@type\":\"ImageObject\",\"inLanguage\":\"fr-FR\",\"@id\":\"https:\\\/\\\/schweizversand.ch\\\/fr\\\/#\\\/schema\\\/logo\\\/image\\\/\",\"url\":\"https:\\\/\\\/schweizversand.ch\\\/wp-content\\\/uploads\\\/2026\\\/03\\\/Logo_Rund_Final-1.png\",\"contentUrl\":\"https:\\\/\\\/schweizversand.ch\\\/wp-content\\\/uploads\\\/2026\\\/03\\\/Logo_Rund_Final-1.png\",\"width\":404,\"height\":404,\"caption\":\"Schweizversand.ch\"},\"image\":{\"@id\":\"https:\\\/\\\/schweizversand.ch\\\/fr\\\/#\\\/schema\\\/logo\\\/image\\\/\"},\"sameAs\":[\"https:\\\/\\\/www.facebook.com\\\/Schweizversand\",\"https:\\\/\\\/www.instagram.com\\\/schweizversand.ch\\\/\"]}]}<\/script>\n<!-- \/ Yoast SEO plugin. -->","yoast_head_json":{"title":"Eurostick Unihockeyb\u00e4lle 3er Pack","description":"Unihockeyb\u00e4lle 3er Pack \u2013 Floorball B\u00e4lle Set 75mm Steigern Sie Ihr Spielerlebnis mit diesem hochwertigen Unihockeyb\u00e4lle 3er Pack . Dieses Floorball B\u00e4lle Set i","robots":{"index":"index","follow":"follow","max-snippet":"max-snippet:-1","max-image-preview":"max-image-preview:large","max-video-preview":"max-video-preview:-1"},"canonical":"https:\/\/schweizversand.ch\/fr\/produkt\/eurostick-unihockeybaelle-3er-pack-2\/","og_locale":"fr_FR","og_type":"article","og_title":"Eurostick Unihockeyb\u00e4lle 3er Pack","og_description":"Unihockeyb\u00e4lle 3er Pack \u2013 Floorball B\u00e4lle Set 75mm Steigern Sie Ihr Spielerlebnis mit diesem hochwertigen Unihockeyb\u00e4lle 3er Pack . Dieses Floorball B\u00e4lle Set i","og_url":"https:\/\/schweizversand.ch\/fr\/produkt\/eurostick-unihockeybaelle-3er-pack-2\/","og_site_name":"Schweizer Shop f\u00fcr Sport, Spiel und Freizeit","article_publisher":"https:\/\/www.facebook.com\/Schweizversand","article_modified_time":"2026-05-02T00:03:25+00:00","twitter_card":"summary_large_image","twitter_misc":{"Dur\u00e9e de lecture estim\u00e9e":"1 minute"},"schema":{"@context":"https:\/\/schema.org","@graph":[{"@type":"WebPage","@id":"https:\/\/schweizversand.ch\/fr\/produkt\/eurostick-unihockeybaelle-3er-pack-2\/","url":"https:\/\/schweizversand.ch\/fr\/produkt\/eurostick-unihockeybaelle-3er-pack-2\/","name":"Eurostick Unihockeyb\u00e4lle 3er Pack","isPartOf":{"@id":"https:\/\/schweizversand.ch\/fr\/#website"},"primaryImageOfPage":{"@id":"https:\/\/schweizversand.ch\/fr\/produkt\/eurostick-unihockeybaelle-3er-pack-2\/#primaryimage"},"image":{"@id":"https:\/\/schweizversand.ch\/fr\/produkt\/eurostick-unihockeybaelle-3er-pack-2\/#primaryimage"},"thumbnailUrl":"https:\/\/schweizversand.ch\/wp-content\/uploads\/2026\/03\/5471482113.jpg","datePublished":"2026-05-01T00:00:31+00:00","dateModified":"2026-05-02T00:03:25+00:00","description":"Unihockeyb\u00e4lle 3er Pack \u2013 Floorball B\u00e4lle Set 75mm Steigern Sie Ihr Spielerlebnis mit diesem hochwertigen Unihockeyb\u00e4lle 3er Pack . Dieses Floorball B\u00e4lle Set i","breadcrumb":{"@id":"https:\/\/schweizversand.ch\/fr\/produkt\/eurostick-unihockeybaelle-3er-pack-2\/#breadcrumb"},"inLanguage":"fr-FR","potentialAction":[{"@type":"ReadAction","target":["https:\/\/schweizversand.ch\/fr\/produkt\/eurostick-unihockeybaelle-3er-pack-2\/"]}]},{"@type":"ImageObject","inLanguage":"fr-FR","@id":"https:\/\/schweizversand.ch\/fr\/produkt\/eurostick-unihockeybaelle-3er-pack-2\/#primaryimage","url":"https:\/\/schweizversand.ch\/wp-content\/uploads\/2026\/03\/5471482113.jpg","contentUrl":"https:\/\/schweizversand.ch\/wp-content\/uploads\/2026\/03\/5471482113.jpg","width":1024,"height":768},{"@type":"BreadcrumbList","@id":"https:\/\/schweizversand.ch\/fr\/produkt\/eurostick-unihockeybaelle-3er-pack-2\/#breadcrumb","itemListElement":[{"@type":"ListItem","position":1,"name":"Startseite","item":"https:\/\/schweizversand.ch\/fr\/home\/"},{"@type":"ListItem","position":2,"name":"Boutique","item":"https:\/\/schweizversand.ch\/fr\/boutique\/"},{"@type":"ListItem","position":3,"name":"Paquet de 3 balles Eurostick Unihockey"}]},{"@type":"WebSite","@id":"https:\/\/schweizversand.ch\/fr\/#website","url":"https:\/\/schweizversand.ch\/fr\/","name":"Schweizer Shop f\u00fcr Sport, Spiel und Freizeit","description":"Gratisversand ab 50.- (netto), ab eigenem schweizer Lager, Lieferung innert 48h","publisher":{"@id":"https:\/\/schweizversand.ch\/fr\/#organization"},"alternateName":"Schweizversand.ch","potentialAction":[{"@type":"SearchAction","target":{"@type":"EntryPoint","urlTemplate":"https:\/\/schweizversand.ch\/fr\/?s={search_term_string}"},"query-input":{"@type":"PropertyValueSpecification","valueRequired":true,"valueName":"search_term_string"}}],"inLanguage":"fr-FR"},{"@type":"Organization","@id":"https:\/\/schweizversand.ch\/fr\/#organization","name":"Schweizversand.ch","url":"https:\/\/schweizversand.ch\/fr\/","logo":{"@type":"ImageObject","inLanguage":"fr-FR","@id":"https:\/\/schweizversand.ch\/fr\/#\/schema\/logo\/image\/","url":"https:\/\/schweizversand.ch\/wp-content\/uploads\/2026\/03\/Logo_Rund_Final-1.png","contentUrl":"https:\/\/schweizversand.ch\/wp-content\/uploads\/2026\/03\/Logo_Rund_Final-1.png","width":404,"height":404,"caption":"Schweizversand.ch"},"image":{"@id":"https:\/\/schweizversand.ch\/fr\/#\/schema\/logo\/image\/"},"sameAs":["https:\/\/www.facebook.com\/Schweizversand","https:\/\/www.instagram.com\/schweizversand.ch\/"]}]}},"jetpack_sharing_enabled":true,"_links":{"self":[{"href":"https:\/\/schweizversand.ch\/fr\/wp-json\/wp\/v2\/product\/268872","targetHints":{"allow":["GET"]}}],"collection":[{"href":"https:\/\/schweizversand.ch\/fr\/wp-json\/wp\/v2\/product"}],"about":[{"href":"https:\/\/schweizversand.ch\/fr\/wp-json\/wp\/v2\/types\/product"}],"replies":[{"embeddable":true,"href":"https:\/\/schweizversand.ch\/fr\/wp-json\/wp\/v2\/comments?post=268872"}],"wp:featuredmedia":[{"embeddable":true,"href":"https:\/\/schweizversand.ch\/fr\/wp-json\/wp\/v2\/media\/258867"}],"wp:attachment":[{"href":"https:\/\/schweizversand.ch\/fr\/wp-json\/wp\/v2\/media?parent=268872"}],"wp:term":[{"taxonomy":"product_brand","embeddable":true,"href":"https:\/\/schweizversand.ch\/fr\/wp-json\/wp\/v2\/product_brand?post=268872"},{"taxonomy":"product_cat","embeddable":true,"href":"https:\/\/schweizversand.ch\/fr\/wp-json\/wp\/v2\/product_cat?post=268872"},{"taxonomy":"product_tag","embeddable":true,"href":"https:\/\/schweizversand.ch\/fr\/wp-json\/wp\/v2\/product_tag?post=268872"}],"curies":[{"name":"wp","href":"https:\/\/api.w.org\/{rel}","templated":true}]}}