{"id":268874,"date":"2026-03-15T00:55:20","date_gmt":"2026-03-14T23:55:20","guid":{"rendered":"https:\/\/schweizversand.ch\/produkt\/eurostick-unihockeybaelle-3-pack\/"},"modified":"2026-05-02T02:03:25","modified_gmt":"2026-05-02T00:03:25","slug":"eurostick-unihockeybaelle-3-pack","status":"publish","type":"product","link":"https:\/\/schweizversand.ch\/fr\/produkt\/eurostick-unihockeybaelle-3-pack\/","title":{"rendered":"Pack de 3 balles Unihockey Eurostick"},"content":{"rendered":"<h1><strong>Ballons de floorball en PE \u2013 75 mm Comp\u00e9tition et Entra\u00eenement<\/strong><\/h1>\n<div>Passez au niveau sup\u00e9rieur avec ces ballons de floorball de haute qualit\u00e9, sp\u00e9cialement con\u00e7us pour une pr\u00e9cision et une durabilit\u00e9 maximales. Fabriqu\u00e9s en PE robuste, ces ballons offrent des caract\u00e9ristiques de vol optimales pour l&rsquo;entra\u00eenement et la comp\u00e9tition.<\/p>\n<\/div>\n<div><strong>Qualit\u00e9 et pr\u00e9cision sup\u00e9rieures des mat\u00e9riaux<\/strong><br \/>Ces mod\u00e8les de ballons de floorball en PE sont fabriqu\u00e9s en poly\u00e9thyl\u00e8ne (thermoplastique) durable et sans phtalates, garantissant une excellente tenue de forme. Leur fabrication pr\u00e9cise assure un \u00e9quilibre parfait et une trajectoire fiable, ce qui en fait des ballons de floorball id\u00e9aux pour la comp\u00e9tition. Caract\u00e9ristiques de jeu optimales\u00a0: gr\u00e2ce \u00e0 leur l\u00e9g\u00e8ret\u00e9 et leur diam\u00e8tre standardis\u00e9, vous b\u00e9n\u00e9ficierez d&rsquo;un contr\u00f4le maximal et de r\u00e9actions rapides. La surface lisse, avec ses perforations pr\u00e9cis\u00e9ment plac\u00e9es, assure une a\u00e9rodynamique constante et une vitesse \u00e9lev\u00e9e. Ces balles sont incassables et r\u00e9sistent m\u00eame aux parties les plus intenses, ce qui les rend id\u00e9ales pour les entra\u00eenements exigeants de floorball.<\/p>\n<\/div>\n<div><strong>D\u00e9tails et sp\u00e9cifications du produit<\/strong><br \/>&#8211; Mat\u00e9riau\u00a0: Poly\u00e9thyl\u00e8ne (PE) de haute qualit\u00e9, sans phtalates<br \/>&#8211; Diam\u00e8tre\u00a0: Balle de floorball de 75\u00a0mm (taille standard)<br \/>&#8211; Poids\u00a0: Seulement 26\u00a0g par balle<br \/>&#8211; Caract\u00e9ristiques\u00a0: Robustes, ind\u00e9formables, parfaitement \u00e9quilibr\u00e9es<br \/>&#8211; Utilisation pr\u00e9vue\u00a0: Id\u00e9ales pour l\u2019\u00e9cole, les entra\u00eenements en club et les tournois<\/p>\n<\/div>\n<div>Choisissez ces balles de floorball pour une exp\u00e9rience de jeu dynamique, \u00e9quitable et professionnelle qui plaira aux joueurs de tous \u00e2ges et de tous niveaux.<\/p>\n","protected":false},"excerpt":{"rendered":"<p>Eurostick Unihockeyb\u00e4lle 3-pack bieten pr\u00e4zise Flugbahn, hohe Haltbarkeit und optimale Kontrolle \u2013 ideal f\u00fcr Training und Wettkampf auf h\u00f6chstem Niveau.<\/p>\n","protected":false},"featured_media":160266,"comment_status":"open","ping_status":"closed","template":"","meta":[],"product_brand":[],"product_cat":[39260],"product_tag":[],"class_list":{"0":"post-268874","1":"product","2":"type-product","3":"status-publish","4":"has-post-thumbnail","6":"product_cat-unihockey-2","7":"product_shipping_class-global_methods","9":"first","10":"instock","11":"taxable","12":"shipping-taxable","13":"purchasable","14":"product-type-simple"},"yoast_head":"<!-- This site is optimized with the Yoast SEO plugin v27.5 - https:\/\/yoast.com\/product\/yoast-seo-wordpress\/ -->\n<title>Eurostick Unihockeyb\u00e4lle 3-pack<\/title>\n<meta name=\"description\" content=\"Unihockeyb\u00e4lle PE \u2013 75mm Wettkampf und Training Steigern Sie Ihr Spielniveau mit diesen hochwertigen Unihockeyb\u00e4llen , die speziell f\u00fcr maximale Pr\u00e4zision und H\" \/>\n<meta name=\"robots\" content=\"index, follow, max-snippet:-1, max-image-preview:large, max-video-preview:-1\" \/>\n<link rel=\"canonical\" href=\"https:\/\/schweizversand.ch\/fr\/produkt\/eurostick-unihockeybaelle-3-pack\/\" \/>\n<meta property=\"og:locale\" content=\"fr_FR\" \/>\n<meta property=\"og:type\" content=\"article\" \/>\n<meta property=\"og:title\" content=\"Eurostick Unihockeyb\u00e4lle 3-pack\" \/>\n<meta property=\"og:description\" content=\"Unihockeyb\u00e4lle PE \u2013 75mm Wettkampf und Training Steigern Sie Ihr Spielniveau mit diesen hochwertigen Unihockeyb\u00e4llen , die speziell f\u00fcr maximale Pr\u00e4zision und H\" \/>\n<meta property=\"og:url\" content=\"https:\/\/schweizversand.ch\/fr\/produkt\/eurostick-unihockeybaelle-3-pack\/\" \/>\n<meta property=\"og:site_name\" content=\"Schweizer Shop f\u00fcr Sport, Spiel und Freizeit\" \/>\n<meta property=\"article:publisher\" content=\"https:\/\/www.facebook.com\/Schweizversand\" \/>\n<meta property=\"article:modified_time\" content=\"2026-05-02T00:03:25+00:00\" \/>\n<meta property=\"og:image\" content=\"https:\/\/schweizversand.ch\/wp-content\/uploads\/2026\/02\/5471482270.jpg\" \/>\n\t<meta property=\"og:image:width\" content=\"461\" \/>\n\t<meta property=\"og:image:height\" content=\"1024\" \/>\n\t<meta property=\"og:image:type\" content=\"image\/jpeg\" \/>\n<meta name=\"twitter:card\" content=\"summary_large_image\" \/>\n<meta name=\"twitter:label1\" content=\"Dur\u00e9e de lecture estim\u00e9e\" \/>\n\t<meta name=\"twitter:data1\" content=\"1 minute\" \/>\n<script type=\"application\/ld+json\" class=\"yoast-schema-graph\">{\"@context\":\"https:\\\/\\\/schema.org\",\"@graph\":[{\"@type\":\"WebPage\",\"@id\":\"https:\\\/\\\/schweizversand.ch\\\/fr\\\/produkt\\\/eurostick-unihockeybaelle-3-pack\\\/\",\"url\":\"https:\\\/\\\/schweizversand.ch\\\/fr\\\/produkt\\\/eurostick-unihockeybaelle-3-pack\\\/\",\"name\":\"Eurostick Unihockeyb\u00e4lle 3-pack\",\"isPartOf\":{\"@id\":\"https:\\\/\\\/schweizversand.ch\\\/fr\\\/#website\"},\"primaryImageOfPage\":{\"@id\":\"https:\\\/\\\/schweizversand.ch\\\/fr\\\/produkt\\\/eurostick-unihockeybaelle-3-pack\\\/#primaryimage\"},\"image\":{\"@id\":\"https:\\\/\\\/schweizversand.ch\\\/fr\\\/produkt\\\/eurostick-unihockeybaelle-3-pack\\\/#primaryimage\"},\"thumbnailUrl\":\"https:\\\/\\\/schweizversand.ch\\\/wp-content\\\/uploads\\\/2026\\\/02\\\/5471482270.jpg\",\"datePublished\":\"2026-03-14T23:55:20+00:00\",\"dateModified\":\"2026-05-02T00:03:25+00:00\",\"description\":\"Unihockeyb\u00e4lle PE \u2013 75mm Wettkampf und Training Steigern Sie Ihr Spielniveau mit diesen hochwertigen Unihockeyb\u00e4llen , die speziell f\u00fcr maximale Pr\u00e4zision und H\",\"breadcrumb\":{\"@id\":\"https:\\\/\\\/schweizversand.ch\\\/fr\\\/produkt\\\/eurostick-unihockeybaelle-3-pack\\\/#breadcrumb\"},\"inLanguage\":\"fr-FR\",\"potentialAction\":[{\"@type\":\"ReadAction\",\"target\":[\"https:\\\/\\\/schweizversand.ch\\\/fr\\\/produkt\\\/eurostick-unihockeybaelle-3-pack\\\/\"]}]},{\"@type\":\"ImageObject\",\"inLanguage\":\"fr-FR\",\"@id\":\"https:\\\/\\\/schweizversand.ch\\\/fr\\\/produkt\\\/eurostick-unihockeybaelle-3-pack\\\/#primaryimage\",\"url\":\"https:\\\/\\\/schweizversand.ch\\\/wp-content\\\/uploads\\\/2026\\\/02\\\/5471482270.jpg\",\"contentUrl\":\"https:\\\/\\\/schweizversand.ch\\\/wp-content\\\/uploads\\\/2026\\\/02\\\/5471482270.jpg\",\"width\":461,\"height\":1024},{\"@type\":\"BreadcrumbList\",\"@id\":\"https:\\\/\\\/schweizversand.ch\\\/fr\\\/produkt\\\/eurostick-unihockeybaelle-3-pack\\\/#breadcrumb\",\"itemListElement\":[{\"@type\":\"ListItem\",\"position\":1,\"name\":\"Startseite\",\"item\":\"https:\\\/\\\/schweizversand.ch\\\/fr\\\/home\\\/\"},{\"@type\":\"ListItem\",\"position\":2,\"name\":\"Boutique\",\"item\":\"https:\\\/\\\/schweizversand.ch\\\/fr\\\/boutique\\\/\"},{\"@type\":\"ListItem\",\"position\":3,\"name\":\"Pack de 3 balles Unihockey Eurostick\"}]},{\"@type\":\"WebSite\",\"@id\":\"https:\\\/\\\/schweizversand.ch\\\/fr\\\/#website\",\"url\":\"https:\\\/\\\/schweizversand.ch\\\/fr\\\/\",\"name\":\"Schweizer Shop f\u00fcr Sport, Spiel und Freizeit\",\"description\":\"Gratisversand ab 50.- (netto), ab eigenem schweizer Lager, Lieferung innert 48h\",\"publisher\":{\"@id\":\"https:\\\/\\\/schweizversand.ch\\\/fr\\\/#organization\"},\"alternateName\":\"Schweizversand.ch\",\"potentialAction\":[{\"@type\":\"SearchAction\",\"target\":{\"@type\":\"EntryPoint\",\"urlTemplate\":\"https:\\\/\\\/schweizversand.ch\\\/fr\\\/?s={search_term_string}\"},\"query-input\":{\"@type\":\"PropertyValueSpecification\",\"valueRequired\":true,\"valueName\":\"search_term_string\"}}],\"inLanguage\":\"fr-FR\"},{\"@type\":\"Organization\",\"@id\":\"https:\\\/\\\/schweizversand.ch\\\/fr\\\/#organization\",\"name\":\"Schweizversand.ch\",\"url\":\"https:\\\/\\\/schweizversand.ch\\\/fr\\\/\",\"logo\":{\"@type\":\"ImageObject\",\"inLanguage\":\"fr-FR\",\"@id\":\"https:\\\/\\\/schweizversand.ch\\\/fr\\\/#\\\/schema\\\/logo\\\/image\\\/\",\"url\":\"https:\\\/\\\/schweizversand.ch\\\/wp-content\\\/uploads\\\/2026\\\/03\\\/Logo_Rund_Final-1.png\",\"contentUrl\":\"https:\\\/\\\/schweizversand.ch\\\/wp-content\\\/uploads\\\/2026\\\/03\\\/Logo_Rund_Final-1.png\",\"width\":404,\"height\":404,\"caption\":\"Schweizversand.ch\"},\"image\":{\"@id\":\"https:\\\/\\\/schweizversand.ch\\\/fr\\\/#\\\/schema\\\/logo\\\/image\\\/\"},\"sameAs\":[\"https:\\\/\\\/www.facebook.com\\\/Schweizversand\",\"https:\\\/\\\/www.instagram.com\\\/schweizversand.ch\\\/\"]}]}<\/script>\n<!-- \/ Yoast SEO plugin. -->","yoast_head_json":{"title":"Eurostick Unihockeyb\u00e4lle 3-pack","description":"Unihockeyb\u00e4lle PE \u2013 75mm Wettkampf und Training Steigern Sie Ihr Spielniveau mit diesen hochwertigen Unihockeyb\u00e4llen , die speziell f\u00fcr maximale Pr\u00e4zision und H","robots":{"index":"index","follow":"follow","max-snippet":"max-snippet:-1","max-image-preview":"max-image-preview:large","max-video-preview":"max-video-preview:-1"},"canonical":"https:\/\/schweizversand.ch\/fr\/produkt\/eurostick-unihockeybaelle-3-pack\/","og_locale":"fr_FR","og_type":"article","og_title":"Eurostick Unihockeyb\u00e4lle 3-pack","og_description":"Unihockeyb\u00e4lle PE \u2013 75mm Wettkampf und Training Steigern Sie Ihr Spielniveau mit diesen hochwertigen Unihockeyb\u00e4llen , die speziell f\u00fcr maximale Pr\u00e4zision und H","og_url":"https:\/\/schweizversand.ch\/fr\/produkt\/eurostick-unihockeybaelle-3-pack\/","og_site_name":"Schweizer Shop f\u00fcr Sport, Spiel und Freizeit","article_publisher":"https:\/\/www.facebook.com\/Schweizversand","article_modified_time":"2026-05-02T00:03:25+00:00","og_image":[{"width":461,"height":1024,"url":"https:\/\/schweizversand.ch\/wp-content\/uploads\/2026\/02\/5471482270.jpg","type":"image\/jpeg"}],"twitter_card":"summary_large_image","twitter_misc":{"Dur\u00e9e de lecture estim\u00e9e":"1 minute"},"schema":{"@context":"https:\/\/schema.org","@graph":[{"@type":"WebPage","@id":"https:\/\/schweizversand.ch\/fr\/produkt\/eurostick-unihockeybaelle-3-pack\/","url":"https:\/\/schweizversand.ch\/fr\/produkt\/eurostick-unihockeybaelle-3-pack\/","name":"Eurostick Unihockeyb\u00e4lle 3-pack","isPartOf":{"@id":"https:\/\/schweizversand.ch\/fr\/#website"},"primaryImageOfPage":{"@id":"https:\/\/schweizversand.ch\/fr\/produkt\/eurostick-unihockeybaelle-3-pack\/#primaryimage"},"image":{"@id":"https:\/\/schweizversand.ch\/fr\/produkt\/eurostick-unihockeybaelle-3-pack\/#primaryimage"},"thumbnailUrl":"https:\/\/schweizversand.ch\/wp-content\/uploads\/2026\/02\/5471482270.jpg","datePublished":"2026-03-14T23:55:20+00:00","dateModified":"2026-05-02T00:03:25+00:00","description":"Unihockeyb\u00e4lle PE \u2013 75mm Wettkampf und Training Steigern Sie Ihr Spielniveau mit diesen hochwertigen Unihockeyb\u00e4llen , die speziell f\u00fcr maximale Pr\u00e4zision und H","breadcrumb":{"@id":"https:\/\/schweizversand.ch\/fr\/produkt\/eurostick-unihockeybaelle-3-pack\/#breadcrumb"},"inLanguage":"fr-FR","potentialAction":[{"@type":"ReadAction","target":["https:\/\/schweizversand.ch\/fr\/produkt\/eurostick-unihockeybaelle-3-pack\/"]}]},{"@type":"ImageObject","inLanguage":"fr-FR","@id":"https:\/\/schweizversand.ch\/fr\/produkt\/eurostick-unihockeybaelle-3-pack\/#primaryimage","url":"https:\/\/schweizversand.ch\/wp-content\/uploads\/2026\/02\/5471482270.jpg","contentUrl":"https:\/\/schweizversand.ch\/wp-content\/uploads\/2026\/02\/5471482270.jpg","width":461,"height":1024},{"@type":"BreadcrumbList","@id":"https:\/\/schweizversand.ch\/fr\/produkt\/eurostick-unihockeybaelle-3-pack\/#breadcrumb","itemListElement":[{"@type":"ListItem","position":1,"name":"Startseite","item":"https:\/\/schweizversand.ch\/fr\/home\/"},{"@type":"ListItem","position":2,"name":"Boutique","item":"https:\/\/schweizversand.ch\/fr\/boutique\/"},{"@type":"ListItem","position":3,"name":"Pack de 3 balles Unihockey Eurostick"}]},{"@type":"WebSite","@id":"https:\/\/schweizversand.ch\/fr\/#website","url":"https:\/\/schweizversand.ch\/fr\/","name":"Schweizer Shop f\u00fcr Sport, Spiel und Freizeit","description":"Gratisversand ab 50.- (netto), ab eigenem schweizer Lager, Lieferung innert 48h","publisher":{"@id":"https:\/\/schweizversand.ch\/fr\/#organization"},"alternateName":"Schweizversand.ch","potentialAction":[{"@type":"SearchAction","target":{"@type":"EntryPoint","urlTemplate":"https:\/\/schweizversand.ch\/fr\/?s={search_term_string}"},"query-input":{"@type":"PropertyValueSpecification","valueRequired":true,"valueName":"search_term_string"}}],"inLanguage":"fr-FR"},{"@type":"Organization","@id":"https:\/\/schweizversand.ch\/fr\/#organization","name":"Schweizversand.ch","url":"https:\/\/schweizversand.ch\/fr\/","logo":{"@type":"ImageObject","inLanguage":"fr-FR","@id":"https:\/\/schweizversand.ch\/fr\/#\/schema\/logo\/image\/","url":"https:\/\/schweizversand.ch\/wp-content\/uploads\/2026\/03\/Logo_Rund_Final-1.png","contentUrl":"https:\/\/schweizversand.ch\/wp-content\/uploads\/2026\/03\/Logo_Rund_Final-1.png","width":404,"height":404,"caption":"Schweizversand.ch"},"image":{"@id":"https:\/\/schweizversand.ch\/fr\/#\/schema\/logo\/image\/"},"sameAs":["https:\/\/www.facebook.com\/Schweizversand","https:\/\/www.instagram.com\/schweizversand.ch\/"]}]}},"jetpack_sharing_enabled":true,"_links":{"self":[{"href":"https:\/\/schweizversand.ch\/fr\/wp-json\/wp\/v2\/product\/268874","targetHints":{"allow":["GET"]}}],"collection":[{"href":"https:\/\/schweizversand.ch\/fr\/wp-json\/wp\/v2\/product"}],"about":[{"href":"https:\/\/schweizversand.ch\/fr\/wp-json\/wp\/v2\/types\/product"}],"replies":[{"embeddable":true,"href":"https:\/\/schweizversand.ch\/fr\/wp-json\/wp\/v2\/comments?post=268874"}],"wp:featuredmedia":[{"embeddable":true,"href":"https:\/\/schweizversand.ch\/fr\/wp-json\/wp\/v2\/media\/160266"}],"wp:attachment":[{"href":"https:\/\/schweizversand.ch\/fr\/wp-json\/wp\/v2\/media?parent=268874"}],"wp:term":[{"taxonomy":"product_brand","embeddable":true,"href":"https:\/\/schweizversand.ch\/fr\/wp-json\/wp\/v2\/product_brand?post=268874"},{"taxonomy":"product_cat","embeddable":true,"href":"https:\/\/schweizversand.ch\/fr\/wp-json\/wp\/v2\/product_cat?post=268874"},{"taxonomy":"product_tag","embeddable":true,"href":"https:\/\/schweizversand.ch\/fr\/wp-json\/wp\/v2\/product_tag?post=268874"}],"curies":[{"name":"wp","href":"https:\/\/api.w.org\/{rel}","templated":true}]}}