{"id":268875,"date":"2026-05-01T02:00:31","date_gmt":"2026-05-01T00:00:31","guid":{"rendered":"https:\/\/schweizversand.ch\/produkt\/eurostick-unihockeybaelle-6er-pack\/"},"modified":"2026-05-02T02:03:25","modified_gmt":"2026-05-02T00:03:25","slug":"eurostick-unihockeybaelle-6er-pack","status":"publish","type":"product","link":"https:\/\/schweizversand.ch\/fr\/produkt\/eurostick-unihockeybaelle-6er-pack\/","title":{"rendered":"Balles Eurostick Unihockey, paquet de 6"},"content":{"rendered":"<h1><strong>Lot de 6 ballons de floorball \u2013 Robustes et pr\u00e9cis<\/strong><\/h1>\n<div>Ce lot de ballons de floorball de haute qualit\u00e9 est id\u00e9al pour les entra\u00eenements intensifs et les comp\u00e9titions palpitantes. Fabriqu\u00e9s en poly\u00e9thyl\u00e8ne robuste, ces ballons offrent des caract\u00e9ristiques de jeu optimales et une durabilit\u00e9 maximale pour les joueurs de tous niveaux.<\/p>\n<\/div>\n<div><strong>Qualit\u00e9 et durabilit\u00e9 exceptionnelles<\/strong><br \/>Les ballons de floorball sont fabriqu\u00e9s en poly\u00e9thyl\u00e8ne durable sans phtalates, ce qui garantit une stabilit\u00e9 dimensionnelle et une r\u00e9sistance \u00e0 la casse optimales. Robustes, ces ballons peuvent r\u00e9sister aux parties les plus intenses et sont donc l&rsquo;accessoire parfait pour les \u00e9coles, les clubs et les loisirs. Pr\u00e9cision et a\u00e9rodynamisme\u00a0: chaque ballon de ce lot de 6 est parfaitement \u00e9quilibr\u00e9 et ne p\u00e8se que 26\u00a0g pour un diam\u00e8tre de 75\u00a0mm. Sa surface lisse, avec des perforations plac\u00e9es avec pr\u00e9cision, assure un a\u00e9rodynamisme optimal, une trajectoire stable et une vitesse \u00e9lev\u00e9e. Ma\u00eetrisez votre jeu et profitez d&rsquo;une r\u00e9activit\u00e9 exceptionnelle sur le terrain.<\/p>\n<\/div>\n<div><strong>D\u00e9tails du produit et contenu de la livraison<\/strong><br \/>&#8211; Mat\u00e9riau\u00a0: Balle de floorball en <strong>poly\u00e9thyl\u00e8ne<\/strong> (thermoplastique) de haute qualit\u00e9<br \/>&#8211; Poids par balle\u00a0: env. 26\u00a0g<br \/>&#8211; Diam\u00e8tre\u00a0: 75\u00a0mm<br \/>&#8211; Caract\u00e9ristiques\u00a0: R\u00e9sistante \u00e0 la casse, ind\u00e9formable, sans phtalates<br \/>&#8211; Contenu de la livraison\u00a0: 6\u00a0balles de floorball<\/p>\n<\/div>\n<div>Procurez-vous ce set et b\u00e9n\u00e9ficiez de la <strong>pr\u00e9cision et de la stabilit\u00e9<\/strong> qui vous permettront de passer au niveau sup\u00e9rieur. Commandez d\u00e8s maintenant et constatez la diff\u00e9rence\u00a0!<\/p>\n<\/div>\n<div><\/div>\n","protected":false},"excerpt":{"rendered":"<p>Eurostick Unihockeyb\u00e4lle 6er Pack bieten robuste, phthalatfreie Qualit\u00e4t und optimale Aerodynamik f\u00fcr pr\u00e4zises Spiel und langanhaltenden Einsatz im Training und Wettkampf.<\/p>\n","protected":false},"featured_media":268925,"comment_status":"open","ping_status":"closed","template":"","meta":[],"product_brand":[],"product_cat":[39260],"product_tag":[],"class_list":{"0":"post-268875","1":"product","2":"type-product","3":"status-publish","4":"has-post-thumbnail","6":"product_cat-unihockey-2","7":"product_shipping_class-global_methods","9":"first","10":"instock","11":"taxable","12":"shipping-taxable","13":"purchasable","14":"product-type-simple"},"yoast_head":"<!-- This site is optimized with the Yoast SEO plugin v27.5 - https:\/\/yoast.com\/product\/yoast-seo-wordpress\/ -->\n<title>Eurostick Unihockeyb\u00e4lle 6er Pack<\/title>\n<meta name=\"description\" content=\"6er Pack Unihockeyb\u00e4lle \u2013 Robust und Pr\u00e4zise Dieses hochwertige Floorball B\u00e4lle Set ist die ideale Wahl f\u00fcr intensives Training und spannende Wettk\u00e4mpfe. Gefert\" \/>\n<meta name=\"robots\" content=\"index, follow, max-snippet:-1, max-image-preview:large, max-video-preview:-1\" \/>\n<link rel=\"canonical\" href=\"https:\/\/schweizversand.ch\/fr\/produkt\/eurostick-unihockeybaelle-6er-pack\/\" \/>\n<meta property=\"og:locale\" content=\"fr_FR\" \/>\n<meta property=\"og:type\" content=\"article\" \/>\n<meta property=\"og:title\" content=\"Eurostick Unihockeyb\u00e4lle 6er Pack\" \/>\n<meta property=\"og:description\" content=\"6er Pack Unihockeyb\u00e4lle \u2013 Robust und Pr\u00e4zise Dieses hochwertige Floorball B\u00e4lle Set ist die ideale Wahl f\u00fcr intensives Training und spannende Wettk\u00e4mpfe. Gefert\" \/>\n<meta property=\"og:url\" content=\"https:\/\/schweizversand.ch\/fr\/produkt\/eurostick-unihockeybaelle-6er-pack\/\" \/>\n<meta property=\"og:site_name\" content=\"Schweizer Shop f\u00fcr Sport, Spiel und Freizeit\" \/>\n<meta property=\"article:publisher\" content=\"https:\/\/www.facebook.com\/Schweizversand\" \/>\n<meta property=\"article:modified_time\" content=\"2026-05-02T00:03:25+00:00\" \/>\n<meta name=\"twitter:card\" content=\"summary_large_image\" \/>\n<meta name=\"twitter:label1\" content=\"Dur\u00e9e de lecture estim\u00e9e\" \/>\n\t<meta name=\"twitter:data1\" content=\"1 minute\" \/>\n<script type=\"application\/ld+json\" class=\"yoast-schema-graph\">{\"@context\":\"https:\\\/\\\/schema.org\",\"@graph\":[{\"@type\":\"WebPage\",\"@id\":\"https:\\\/\\\/schweizversand.ch\\\/fr\\\/produkt\\\/eurostick-unihockeybaelle-6er-pack\\\/\",\"url\":\"https:\\\/\\\/schweizversand.ch\\\/fr\\\/produkt\\\/eurostick-unihockeybaelle-6er-pack\\\/\",\"name\":\"Eurostick Unihockeyb\u00e4lle 6er Pack\",\"isPartOf\":{\"@id\":\"https:\\\/\\\/schweizversand.ch\\\/fr\\\/#website\"},\"primaryImageOfPage\":{\"@id\":\"https:\\\/\\\/schweizversand.ch\\\/fr\\\/produkt\\\/eurostick-unihockeybaelle-6er-pack\\\/#primaryimage\"},\"image\":{\"@id\":\"https:\\\/\\\/schweizversand.ch\\\/fr\\\/produkt\\\/eurostick-unihockeybaelle-6er-pack\\\/#primaryimage\"},\"thumbnailUrl\":\"https:\\\/\\\/schweizversand.ch\\\/wp-content\\\/uploads\\\/2026\\\/05\\\/5471480105.jpg\",\"datePublished\":\"2026-05-01T00:00:31+00:00\",\"dateModified\":\"2026-05-02T00:03:25+00:00\",\"description\":\"6er Pack Unihockeyb\u00e4lle \u2013 Robust und Pr\u00e4zise Dieses hochwertige Floorball B\u00e4lle Set ist die ideale Wahl f\u00fcr intensives Training und spannende Wettk\u00e4mpfe. Gefert\",\"breadcrumb\":{\"@id\":\"https:\\\/\\\/schweizversand.ch\\\/fr\\\/produkt\\\/eurostick-unihockeybaelle-6er-pack\\\/#breadcrumb\"},\"inLanguage\":\"fr-FR\",\"potentialAction\":[{\"@type\":\"ReadAction\",\"target\":[\"https:\\\/\\\/schweizversand.ch\\\/fr\\\/produkt\\\/eurostick-unihockeybaelle-6er-pack\\\/\"]}]},{\"@type\":\"ImageObject\",\"inLanguage\":\"fr-FR\",\"@id\":\"https:\\\/\\\/schweizversand.ch\\\/fr\\\/produkt\\\/eurostick-unihockeybaelle-6er-pack\\\/#primaryimage\",\"url\":\"https:\\\/\\\/schweizversand.ch\\\/wp-content\\\/uploads\\\/2026\\\/05\\\/5471480105.jpg\",\"contentUrl\":\"https:\\\/\\\/schweizversand.ch\\\/wp-content\\\/uploads\\\/2026\\\/05\\\/5471480105.jpg\",\"width\":1024,\"height\":706},{\"@type\":\"BreadcrumbList\",\"@id\":\"https:\\\/\\\/schweizversand.ch\\\/fr\\\/produkt\\\/eurostick-unihockeybaelle-6er-pack\\\/#breadcrumb\",\"itemListElement\":[{\"@type\":\"ListItem\",\"position\":1,\"name\":\"Startseite\",\"item\":\"https:\\\/\\\/schweizversand.ch\\\/fr\\\/home\\\/\"},{\"@type\":\"ListItem\",\"position\":2,\"name\":\"Boutique\",\"item\":\"https:\\\/\\\/schweizversand.ch\\\/fr\\\/boutique\\\/\"},{\"@type\":\"ListItem\",\"position\":3,\"name\":\"Balles Eurostick Unihockey, paquet de 6\"}]},{\"@type\":\"WebSite\",\"@id\":\"https:\\\/\\\/schweizversand.ch\\\/fr\\\/#website\",\"url\":\"https:\\\/\\\/schweizversand.ch\\\/fr\\\/\",\"name\":\"Schweizer Shop f\u00fcr Sport, Spiel und Freizeit\",\"description\":\"Gratisversand ab 50.- (netto), ab eigenem schweizer Lager, Lieferung innert 48h\",\"publisher\":{\"@id\":\"https:\\\/\\\/schweizversand.ch\\\/fr\\\/#organization\"},\"alternateName\":\"Schweizversand.ch\",\"potentialAction\":[{\"@type\":\"SearchAction\",\"target\":{\"@type\":\"EntryPoint\",\"urlTemplate\":\"https:\\\/\\\/schweizversand.ch\\\/fr\\\/?s={search_term_string}\"},\"query-input\":{\"@type\":\"PropertyValueSpecification\",\"valueRequired\":true,\"valueName\":\"search_term_string\"}}],\"inLanguage\":\"fr-FR\"},{\"@type\":\"Organization\",\"@id\":\"https:\\\/\\\/schweizversand.ch\\\/fr\\\/#organization\",\"name\":\"Schweizversand.ch\",\"url\":\"https:\\\/\\\/schweizversand.ch\\\/fr\\\/\",\"logo\":{\"@type\":\"ImageObject\",\"inLanguage\":\"fr-FR\",\"@id\":\"https:\\\/\\\/schweizversand.ch\\\/fr\\\/#\\\/schema\\\/logo\\\/image\\\/\",\"url\":\"https:\\\/\\\/schweizversand.ch\\\/wp-content\\\/uploads\\\/2026\\\/03\\\/Logo_Rund_Final-1.png\",\"contentUrl\":\"https:\\\/\\\/schweizversand.ch\\\/wp-content\\\/uploads\\\/2026\\\/03\\\/Logo_Rund_Final-1.png\",\"width\":404,\"height\":404,\"caption\":\"Schweizversand.ch\"},\"image\":{\"@id\":\"https:\\\/\\\/schweizversand.ch\\\/fr\\\/#\\\/schema\\\/logo\\\/image\\\/\"},\"sameAs\":[\"https:\\\/\\\/www.facebook.com\\\/Schweizversand\",\"https:\\\/\\\/www.instagram.com\\\/schweizversand.ch\\\/\"]}]}<\/script>\n<!-- \/ Yoast SEO plugin. -->","yoast_head_json":{"title":"Eurostick Unihockeyb\u00e4lle 6er Pack","description":"6er Pack Unihockeyb\u00e4lle \u2013 Robust und Pr\u00e4zise Dieses hochwertige Floorball B\u00e4lle Set ist die ideale Wahl f\u00fcr intensives Training und spannende Wettk\u00e4mpfe. Gefert","robots":{"index":"index","follow":"follow","max-snippet":"max-snippet:-1","max-image-preview":"max-image-preview:large","max-video-preview":"max-video-preview:-1"},"canonical":"https:\/\/schweizversand.ch\/fr\/produkt\/eurostick-unihockeybaelle-6er-pack\/","og_locale":"fr_FR","og_type":"article","og_title":"Eurostick Unihockeyb\u00e4lle 6er Pack","og_description":"6er Pack Unihockeyb\u00e4lle \u2013 Robust und Pr\u00e4zise Dieses hochwertige Floorball B\u00e4lle Set ist die ideale Wahl f\u00fcr intensives Training und spannende Wettk\u00e4mpfe. Gefert","og_url":"https:\/\/schweizversand.ch\/fr\/produkt\/eurostick-unihockeybaelle-6er-pack\/","og_site_name":"Schweizer Shop f\u00fcr Sport, Spiel und Freizeit","article_publisher":"https:\/\/www.facebook.com\/Schweizversand","article_modified_time":"2026-05-02T00:03:25+00:00","twitter_card":"summary_large_image","twitter_misc":{"Dur\u00e9e de lecture estim\u00e9e":"1 minute"},"schema":{"@context":"https:\/\/schema.org","@graph":[{"@type":"WebPage","@id":"https:\/\/schweizversand.ch\/fr\/produkt\/eurostick-unihockeybaelle-6er-pack\/","url":"https:\/\/schweizversand.ch\/fr\/produkt\/eurostick-unihockeybaelle-6er-pack\/","name":"Eurostick Unihockeyb\u00e4lle 6er Pack","isPartOf":{"@id":"https:\/\/schweizversand.ch\/fr\/#website"},"primaryImageOfPage":{"@id":"https:\/\/schweizversand.ch\/fr\/produkt\/eurostick-unihockeybaelle-6er-pack\/#primaryimage"},"image":{"@id":"https:\/\/schweizversand.ch\/fr\/produkt\/eurostick-unihockeybaelle-6er-pack\/#primaryimage"},"thumbnailUrl":"https:\/\/schweizversand.ch\/wp-content\/uploads\/2026\/05\/5471480105.jpg","datePublished":"2026-05-01T00:00:31+00:00","dateModified":"2026-05-02T00:03:25+00:00","description":"6er Pack Unihockeyb\u00e4lle \u2013 Robust und Pr\u00e4zise Dieses hochwertige Floorball B\u00e4lle Set ist die ideale Wahl f\u00fcr intensives Training und spannende Wettk\u00e4mpfe. Gefert","breadcrumb":{"@id":"https:\/\/schweizversand.ch\/fr\/produkt\/eurostick-unihockeybaelle-6er-pack\/#breadcrumb"},"inLanguage":"fr-FR","potentialAction":[{"@type":"ReadAction","target":["https:\/\/schweizversand.ch\/fr\/produkt\/eurostick-unihockeybaelle-6er-pack\/"]}]},{"@type":"ImageObject","inLanguage":"fr-FR","@id":"https:\/\/schweizversand.ch\/fr\/produkt\/eurostick-unihockeybaelle-6er-pack\/#primaryimage","url":"https:\/\/schweizversand.ch\/wp-content\/uploads\/2026\/05\/5471480105.jpg","contentUrl":"https:\/\/schweizversand.ch\/wp-content\/uploads\/2026\/05\/5471480105.jpg","width":1024,"height":706},{"@type":"BreadcrumbList","@id":"https:\/\/schweizversand.ch\/fr\/produkt\/eurostick-unihockeybaelle-6er-pack\/#breadcrumb","itemListElement":[{"@type":"ListItem","position":1,"name":"Startseite","item":"https:\/\/schweizversand.ch\/fr\/home\/"},{"@type":"ListItem","position":2,"name":"Boutique","item":"https:\/\/schweizversand.ch\/fr\/boutique\/"},{"@type":"ListItem","position":3,"name":"Balles Eurostick Unihockey, paquet de 6"}]},{"@type":"WebSite","@id":"https:\/\/schweizversand.ch\/fr\/#website","url":"https:\/\/schweizversand.ch\/fr\/","name":"Schweizer Shop f\u00fcr Sport, Spiel und Freizeit","description":"Gratisversand ab 50.- (netto), ab eigenem schweizer Lager, Lieferung innert 48h","publisher":{"@id":"https:\/\/schweizversand.ch\/fr\/#organization"},"alternateName":"Schweizversand.ch","potentialAction":[{"@type":"SearchAction","target":{"@type":"EntryPoint","urlTemplate":"https:\/\/schweizversand.ch\/fr\/?s={search_term_string}"},"query-input":{"@type":"PropertyValueSpecification","valueRequired":true,"valueName":"search_term_string"}}],"inLanguage":"fr-FR"},{"@type":"Organization","@id":"https:\/\/schweizversand.ch\/fr\/#organization","name":"Schweizversand.ch","url":"https:\/\/schweizversand.ch\/fr\/","logo":{"@type":"ImageObject","inLanguage":"fr-FR","@id":"https:\/\/schweizversand.ch\/fr\/#\/schema\/logo\/image\/","url":"https:\/\/schweizversand.ch\/wp-content\/uploads\/2026\/03\/Logo_Rund_Final-1.png","contentUrl":"https:\/\/schweizversand.ch\/wp-content\/uploads\/2026\/03\/Logo_Rund_Final-1.png","width":404,"height":404,"caption":"Schweizversand.ch"},"image":{"@id":"https:\/\/schweizversand.ch\/fr\/#\/schema\/logo\/image\/"},"sameAs":["https:\/\/www.facebook.com\/Schweizversand","https:\/\/www.instagram.com\/schweizversand.ch\/"]}]}},"jetpack_sharing_enabled":true,"_links":{"self":[{"href":"https:\/\/schweizversand.ch\/fr\/wp-json\/wp\/v2\/product\/268875","targetHints":{"allow":["GET"]}}],"collection":[{"href":"https:\/\/schweizversand.ch\/fr\/wp-json\/wp\/v2\/product"}],"about":[{"href":"https:\/\/schweizversand.ch\/fr\/wp-json\/wp\/v2\/types\/product"}],"replies":[{"embeddable":true,"href":"https:\/\/schweizversand.ch\/fr\/wp-json\/wp\/v2\/comments?post=268875"}],"wp:featuredmedia":[{"embeddable":true,"href":"https:\/\/schweizversand.ch\/fr\/wp-json\/wp\/v2\/media\/268925"}],"wp:attachment":[{"href":"https:\/\/schweizversand.ch\/fr\/wp-json\/wp\/v2\/media?parent=268875"}],"wp:term":[{"taxonomy":"product_brand","embeddable":true,"href":"https:\/\/schweizversand.ch\/fr\/wp-json\/wp\/v2\/product_brand?post=268875"},{"taxonomy":"product_cat","embeddable":true,"href":"https:\/\/schweizversand.ch\/fr\/wp-json\/wp\/v2\/product_cat?post=268875"},{"taxonomy":"product_tag","embeddable":true,"href":"https:\/\/schweizversand.ch\/fr\/wp-json\/wp\/v2\/product_tag?post=268875"}],"curies":[{"name":"wp","href":"https:\/\/api.w.org\/{rel}","templated":true}]}}