{"id":139723,"date":"2025-10-02T10:18:27","date_gmt":"2025-10-02T08:18:27","guid":{"rendered":"http:\/\/wordpress.p698403.webspaceconfig.de\/about-us\/"},"modified":"2026-02-19T11:21:20","modified_gmt":"2026-02-19T10:21:20","slug":"about-us","status":"publish","type":"page","link":"https:\/\/schweizversand.ch\/it\/about-us\/","title":{"rendered":"Chi siamo"},"content":{"rendered":"\n<p>I vostri esperti di sport, giochi e tempo libero<\/p>\n\n\n\n<p>Benvenuti su Schweizversand.ch! Siamo lieti che abbiate trovato la strada per il nostro nuovo negozio online. In qualit\u00e0 di appassionati di sport e tempo libero, la nostra missione \u00e8 offrirvi una gamma accuratamente selezionata di prodotti di alta qualit\u00e0 che portano divertimento, movimento e avventura nella vostra vita quotidiana.<\/p>\n\n\n\n<h2 class=\"wp-block-heading\">La nostra storia: Dalla passione al servizio<\/h2>\n\n\n\n<p>Dietro Schweizversand.ch c&#8217;\u00e8 Optitrade &amp; Service AG, un&#8217;azienda saldamente radicata a Muri (AG). Ci\u00f2 che ci guida \u00e8 un puro entusiasmo per lo sport e il tempo libero. Vogliamo condividere questa passione con voi offrendovi un&#8217;esperienza di acquisto tanto semplice quanto stimolante. Da noi troverete tutto ci\u00f2 che il vostro cuore desidera \u2013 comodamente da casa, ma con il tocco personale di un negozio specializzato locale.<\/p>\n\n\n\n<h2 class=\"wp-block-heading\">La nostra filosofia: Qualit\u00e0, servizio e magazzino svizzero<\/h2>\n\n\n\n<p>Siamo convinti che un prodotto eccellente e un servizio eccezionale vadano di pari passo. Ecco perch\u00e9 ci concentriamo su tre principi chiari:<\/p>\n\n\n\n<p>\u2022Massima qualit\u00e0 del prodotto a prezzi equi: Selezioniamo i nostri articoli con cura per garantirvi il miglior rapporto qualit\u00e0-prezzo.<\/p>\n\n\n\n<p>\u2022Magazzino 100% svizzero: Tutti i prodotti ordinati da noi lasciano il nostro magazzino in Svizzera. Per voi, questo significa consegne rapide e affidabili su cui potete contare.<\/p>\n\n\n\n<p>\u2022Vicinanza al cliente ed entusiasmo: La vostra soddisfazione \u00e8 la nostra pi\u00f9 grande motivazione. Non vogliamo solo soddisfarvi; vogliamo ispirarvi con le nostre prestazioni e il nostro impegno. Il nostro team amichevole e competente \u00e8 sempre a vostra disposizione per rispondere alle vostre domande e fornirvi la migliore consulenza possibile.<\/p>\n\n\n\n<h2 class=\"wp-block-heading\">Pi\u00f9 di un semplice negozio online: servizio personalizzato in loco<\/h2>\n\n\n\n<p>Oltre alle nostre offerte online, vi offriamo anche la possibilit\u00e0 di ritirare il vostro ordine direttamente da noi a Muri (AG). In questo modo potrete risparmiare sulle spese di spedizione e ricevere i vostri nuovi articoli preferiti ancora pi\u00f9 velocemente.<\/p>\n\n\n\n<p>Non esitate a contattarci per qualsiasi domanda o suggerimento. Utilizzate semplicemente la funzione di chat sul nostro sito o scriveteci un&#8217;e-mail a <a href=\"mailto:webshop@schweizversand.ch\" rel=\"noreferrer noopener\" target=\"_blank\">webshop@schweizversand.ch<\/a>.<\/p>\n\n\n\n<p>Il vostro team di Schweizversand.ch<\/p>\n\n\n\n<figure class=\"wp-block-image size-large\"><img loading=\"lazy\" decoding=\"async\" width=\"1024\" height=\"572\" src=\"https:\/\/schweizversand.ch\/wp-content\/uploads\/2026\/02\/ueber_uns_bild-1024x572.png\" alt=\"\" class=\"wp-image-167001\" srcset=\"https:\/\/schweizversand.ch\/wp-content\/uploads\/2026\/02\/ueber_uns_bild-1024x572.png 1024w, https:\/\/schweizversand.ch\/wp-content\/uploads\/2026\/02\/ueber_uns_bild-300x168.png 300w, https:\/\/schweizversand.ch\/wp-content\/uploads\/2026\/02\/ueber_uns_bild-768x429.png 768w, https:\/\/schweizversand.ch\/wp-content\/uploads\/2026\/02\/ueber_uns_bild-1536x858.png 1536w, https:\/\/schweizversand.ch\/wp-content\/uploads\/2026\/02\/ueber_uns_bild-2048x1144.png 2048w, https:\/\/schweizversand.ch\/wp-content\/uploads\/2026\/02\/ueber_uns_bild-330x184.png 330w, https:\/\/schweizversand.ch\/wp-content\/uploads\/2026\/02\/ueber_uns_bild-680x380.png 680w\" sizes=\"auto, (max-width: 1024px) 100vw, 1024px\" \/><\/figure>\n","protected":false},"excerpt":{"rendered":"<p>I vostri esperti di sport, giochi e tempo libero Benvenuti su Schweizversand.ch! Siamo lieti che abbiate trovato la strada per il nostro nuovo negozio online. In qualit\u00e0 di appassionati di sport e tempo libero, la nostra missione \u00e8 offrirvi una gamma accuratamente selezionata di prodotti di alta qualit\u00e0 che portano divertimento, movimento e avventura nella vostra vita quotidiana. La nostra storia: Dalla passione al servizio Dietro Schweizversand.ch c&#8217;\u00e8 Optitrade &amp; Service AG, un&#8217;azienda saldamente radicata&hellip;<\/p>\n","protected":false},"author":2,"featured_media":0,"parent":0,"menu_order":0,"comment_status":"closed","ping_status":"closed","template":"page-featured-header.php","meta":{"footnotes":""},"class_list":["post-139723","page","type-page","status-publish","hentry"],"yoast_head":"<!-- This site is optimized with the Yoast SEO plugin v27.4 - https:\/\/yoast.com\/product\/yoast-seo-wordpress\/ -->\n<title>Chi siamo | Schweizer Shop f\u00fcr Sport, Spiel und Freizeit<\/title>\n<meta name=\"robots\" content=\"index, follow, max-snippet:-1, max-image-preview:large, max-video-preview:-1\" \/>\n<link rel=\"canonical\" href=\"https:\/\/schweizversand.ch\/it\/about-us\/\" \/>\n<meta property=\"og:locale\" content=\"it_IT\" \/>\n<meta property=\"og:type\" content=\"article\" \/>\n<meta property=\"og:title\" content=\"Chi siamo | Schweizer Shop f\u00fcr Sport, Spiel und Freizeit\" \/>\n<meta property=\"og:description\" content=\"I vostri esperti di sport, giochi e tempo libero Benvenuti su Schweizversand.ch! Siamo lieti che abbiate trovato la strada per il nostro nuovo negozio online. In qualit\u00e0 di appassionati di sport e tempo libero, la nostra missione \u00e8 offrirvi una gamma accuratamente selezionata di prodotti di alta qualit\u00e0 che portano divertimento, movimento e avventura nella vostra vita quotidiana. La nostra storia: Dalla passione al servizio Dietro Schweizversand.ch c&#8217;\u00e8 Optitrade &amp; Service AG, un&#8217;azienda saldamente radicata&hellip;\" \/>\n<meta property=\"og:url\" content=\"https:\/\/schweizversand.ch\/it\/about-us\/\" \/>\n<meta property=\"og:site_name\" content=\"Schweizer Shop f\u00fcr Sport, Spiel und Freizeit\" \/>\n<meta property=\"article:publisher\" content=\"https:\/\/www.facebook.com\/Schweizversand\" \/>\n<meta property=\"article:modified_time\" content=\"2026-02-19T10:21:20+00:00\" \/>\n<meta property=\"og:image\" content=\"https:\/\/schweizversand.ch\/wp-content\/uploads\/2026\/02\/ueber_uns_bild-1024x572.png\" \/>\n<meta name=\"twitter:card\" content=\"summary_large_image\" \/>\n<script type=\"application\/ld+json\" class=\"yoast-schema-graph\">{\"@context\":\"https:\\\/\\\/schema.org\",\"@graph\":[{\"@type\":\"WebPage\",\"@id\":\"https:\\\/\\\/schweizversand.ch\\\/it\\\/about-us\\\/\",\"url\":\"https:\\\/\\\/schweizversand.ch\\\/it\\\/about-us\\\/\",\"name\":\"Chi siamo | Schweizer Shop f\u00fcr Sport, Spiel und Freizeit\",\"isPartOf\":{\"@id\":\"https:\\\/\\\/schweizversand.ch\\\/it\\\/#website\"},\"primaryImageOfPage\":{\"@id\":\"https:\\\/\\\/schweizversand.ch\\\/it\\\/about-us\\\/#primaryimage\"},\"image\":{\"@id\":\"https:\\\/\\\/schweizversand.ch\\\/it\\\/about-us\\\/#primaryimage\"},\"thumbnailUrl\":\"https:\\\/\\\/schweizversand.ch\\\/wp-content\\\/uploads\\\/2026\\\/02\\\/ueber_uns_bild-1024x572.png\",\"datePublished\":\"2025-10-02T08:18:27+00:00\",\"dateModified\":\"2026-02-19T10:21:20+00:00\",\"breadcrumb\":{\"@id\":\"https:\\\/\\\/schweizversand.ch\\\/it\\\/about-us\\\/#breadcrumb\"},\"inLanguage\":\"it-IT\",\"potentialAction\":[{\"@type\":\"ReadAction\",\"target\":[\"https:\\\/\\\/schweizversand.ch\\\/it\\\/about-us\\\/\"]}]},{\"@type\":\"ImageObject\",\"inLanguage\":\"it-IT\",\"@id\":\"https:\\\/\\\/schweizversand.ch\\\/it\\\/about-us\\\/#primaryimage\",\"url\":\"https:\\\/\\\/schweizversand.ch\\\/wp-content\\\/uploads\\\/2026\\\/02\\\/ueber_uns_bild-1024x572.png\",\"contentUrl\":\"https:\\\/\\\/schweizversand.ch\\\/wp-content\\\/uploads\\\/2026\\\/02\\\/ueber_uns_bild-1024x572.png\"},{\"@type\":\"BreadcrumbList\",\"@id\":\"https:\\\/\\\/schweizversand.ch\\\/it\\\/about-us\\\/#breadcrumb\",\"itemListElement\":[{\"@type\":\"ListItem\",\"position\":1,\"name\":\"Startseite\",\"item\":\"https:\\\/\\\/schweizversand.ch\\\/it\\\/home\\\/\"},{\"@type\":\"ListItem\",\"position\":2,\"name\":\"Chi siamo\"}]},{\"@type\":\"WebSite\",\"@id\":\"https:\\\/\\\/schweizversand.ch\\\/it\\\/#website\",\"url\":\"https:\\\/\\\/schweizversand.ch\\\/it\\\/\",\"name\":\"Schweizer Shop f\u00fcr Sport, Spiel und Freizeit\",\"description\":\"Gratisversand ab 50.- (netto), ab eigenem schweizer Lager, Lieferung innert 48h\",\"publisher\":{\"@id\":\"https:\\\/\\\/schweizversand.ch\\\/it\\\/#organization\"},\"alternateName\":\"Schweizversand.ch\",\"potentialAction\":[{\"@type\":\"SearchAction\",\"target\":{\"@type\":\"EntryPoint\",\"urlTemplate\":\"https:\\\/\\\/schweizversand.ch\\\/it\\\/?s={search_term_string}\"},\"query-input\":{\"@type\":\"PropertyValueSpecification\",\"valueRequired\":true,\"valueName\":\"search_term_string\"}}],\"inLanguage\":\"it-IT\"},{\"@type\":\"Organization\",\"@id\":\"https:\\\/\\\/schweizversand.ch\\\/it\\\/#organization\",\"name\":\"Schweizversand.ch\",\"url\":\"https:\\\/\\\/schweizversand.ch\\\/it\\\/\",\"logo\":{\"@type\":\"ImageObject\",\"inLanguage\":\"it-IT\",\"@id\":\"https:\\\/\\\/schweizversand.ch\\\/it\\\/#\\\/schema\\\/logo\\\/image\\\/\",\"url\":\"https:\\\/\\\/schweizversand.ch\\\/wp-content\\\/uploads\\\/2026\\\/03\\\/Logo_Rund_Final-1.png\",\"contentUrl\":\"https:\\\/\\\/schweizversand.ch\\\/wp-content\\\/uploads\\\/2026\\\/03\\\/Logo_Rund_Final-1.png\",\"width\":404,\"height\":404,\"caption\":\"Schweizversand.ch\"},\"image\":{\"@id\":\"https:\\\/\\\/schweizversand.ch\\\/it\\\/#\\\/schema\\\/logo\\\/image\\\/\"},\"sameAs\":[\"https:\\\/\\\/www.facebook.com\\\/Schweizversand\",\"https:\\\/\\\/www.instagram.com\\\/schweizversand.ch\\\/\"]}]}<\/script>\n<!-- \/ Yoast SEO plugin. -->","yoast_head_json":{"title":"Chi siamo | Schweizer Shop f\u00fcr Sport, Spiel und Freizeit","robots":{"index":"index","follow":"follow","max-snippet":"max-snippet:-1","max-image-preview":"max-image-preview:large","max-video-preview":"max-video-preview:-1"},"canonical":"https:\/\/schweizversand.ch\/it\/about-us\/","og_locale":"it_IT","og_type":"article","og_title":"Chi siamo | Schweizer Shop f\u00fcr Sport, Spiel und Freizeit","og_description":"I vostri esperti di sport, giochi e tempo libero Benvenuti su Schweizversand.ch! Siamo lieti che abbiate trovato la strada per il nostro nuovo negozio online. In qualit\u00e0 di appassionati di sport e tempo libero, la nostra missione \u00e8 offrirvi una gamma accuratamente selezionata di prodotti di alta qualit\u00e0 che portano divertimento, movimento e avventura nella vostra vita quotidiana. La nostra storia: Dalla passione al servizio Dietro Schweizversand.ch c&#8217;\u00e8 Optitrade &amp; Service AG, un&#8217;azienda saldamente radicata&hellip;","og_url":"https:\/\/schweizversand.ch\/it\/about-us\/","og_site_name":"Schweizer Shop f\u00fcr Sport, Spiel und Freizeit","article_publisher":"https:\/\/www.facebook.com\/Schweizversand","article_modified_time":"2026-02-19T10:21:20+00:00","og_image":[{"url":"https:\/\/schweizversand.ch\/wp-content\/uploads\/2026\/02\/ueber_uns_bild-1024x572.png","type":"","width":"","height":""}],"twitter_card":"summary_large_image","schema":{"@context":"https:\/\/schema.org","@graph":[{"@type":"WebPage","@id":"https:\/\/schweizversand.ch\/it\/about-us\/","url":"https:\/\/schweizversand.ch\/it\/about-us\/","name":"Chi siamo | Schweizer Shop f\u00fcr Sport, Spiel und Freizeit","isPartOf":{"@id":"https:\/\/schweizversand.ch\/it\/#website"},"primaryImageOfPage":{"@id":"https:\/\/schweizversand.ch\/it\/about-us\/#primaryimage"},"image":{"@id":"https:\/\/schweizversand.ch\/it\/about-us\/#primaryimage"},"thumbnailUrl":"https:\/\/schweizversand.ch\/wp-content\/uploads\/2026\/02\/ueber_uns_bild-1024x572.png","datePublished":"2025-10-02T08:18:27+00:00","dateModified":"2026-02-19T10:21:20+00:00","breadcrumb":{"@id":"https:\/\/schweizversand.ch\/it\/about-us\/#breadcrumb"},"inLanguage":"it-IT","potentialAction":[{"@type":"ReadAction","target":["https:\/\/schweizversand.ch\/it\/about-us\/"]}]},{"@type":"ImageObject","inLanguage":"it-IT","@id":"https:\/\/schweizversand.ch\/it\/about-us\/#primaryimage","url":"https:\/\/schweizversand.ch\/wp-content\/uploads\/2026\/02\/ueber_uns_bild-1024x572.png","contentUrl":"https:\/\/schweizversand.ch\/wp-content\/uploads\/2026\/02\/ueber_uns_bild-1024x572.png"},{"@type":"BreadcrumbList","@id":"https:\/\/schweizversand.ch\/it\/about-us\/#breadcrumb","itemListElement":[{"@type":"ListItem","position":1,"name":"Startseite","item":"https:\/\/schweizversand.ch\/it\/home\/"},{"@type":"ListItem","position":2,"name":"Chi siamo"}]},{"@type":"WebSite","@id":"https:\/\/schweizversand.ch\/it\/#website","url":"https:\/\/schweizversand.ch\/it\/","name":"Schweizer Shop f\u00fcr Sport, Spiel und Freizeit","description":"Gratisversand ab 50.- (netto), ab eigenem schweizer Lager, Lieferung innert 48h","publisher":{"@id":"https:\/\/schweizversand.ch\/it\/#organization"},"alternateName":"Schweizversand.ch","potentialAction":[{"@type":"SearchAction","target":{"@type":"EntryPoint","urlTemplate":"https:\/\/schweizversand.ch\/it\/?s={search_term_string}"},"query-input":{"@type":"PropertyValueSpecification","valueRequired":true,"valueName":"search_term_string"}}],"inLanguage":"it-IT"},{"@type":"Organization","@id":"https:\/\/schweizversand.ch\/it\/#organization","name":"Schweizversand.ch","url":"https:\/\/schweizversand.ch\/it\/","logo":{"@type":"ImageObject","inLanguage":"it-IT","@id":"https:\/\/schweizversand.ch\/it\/#\/schema\/logo\/image\/","url":"https:\/\/schweizversand.ch\/wp-content\/uploads\/2026\/03\/Logo_Rund_Final-1.png","contentUrl":"https:\/\/schweizversand.ch\/wp-content\/uploads\/2026\/03\/Logo_Rund_Final-1.png","width":404,"height":404,"caption":"Schweizversand.ch"},"image":{"@id":"https:\/\/schweizversand.ch\/it\/#\/schema\/logo\/image\/"},"sameAs":["https:\/\/www.facebook.com\/Schweizversand","https:\/\/www.instagram.com\/schweizversand.ch\/"]}]}},"jetpack_sharing_enabled":true,"_links":{"self":[{"href":"https:\/\/schweizversand.ch\/it\/wp-json\/wp\/v2\/pages\/139723","targetHints":{"allow":["GET"]}}],"collection":[{"href":"https:\/\/schweizversand.ch\/it\/wp-json\/wp\/v2\/pages"}],"about":[{"href":"https:\/\/schweizversand.ch\/it\/wp-json\/wp\/v2\/types\/page"}],"author":[{"embeddable":true,"href":"https:\/\/schweizversand.ch\/it\/wp-json\/wp\/v2\/users\/2"}],"replies":[{"embeddable":true,"href":"https:\/\/schweizversand.ch\/it\/wp-json\/wp\/v2\/comments?post=139723"}],"version-history":[{"count":2,"href":"https:\/\/schweizversand.ch\/it\/wp-json\/wp\/v2\/pages\/139723\/revisions"}],"predecessor-version":[{"id":167003,"href":"https:\/\/schweizversand.ch\/it\/wp-json\/wp\/v2\/pages\/139723\/revisions\/167003"}],"wp:attachment":[{"href":"https:\/\/schweizversand.ch\/it\/wp-json\/wp\/v2\/media?parent=139723"}],"curies":[{"name":"wp","href":"https:\/\/api.w.org\/{rel}","templated":true}]}}