{"id":186574,"date":"2026-02-25T10:39:30","date_gmt":"2026-02-25T09:39:30","guid":{"rendered":"https:\/\/schweizversand.ch\/?page_id=186574"},"modified":"2026-02-26T13:04:01","modified_gmt":"2026-02-26T12:04:01","slug":"liefer-und-versandkosten","status":"publish","type":"page","link":"https:\/\/schweizversand.ch\/it\/liefer-und-versandkosten\/","title":{"rendered":"Costi di consegna e spedizione"},"content":{"rendered":"\n<h2 class=\"wp-block-heading\">Informazioni sulla spedizione<\/h2>\n\n\n\n<p>Attualmente consegniamo i nostri prodotti esclusivamente in Svizzera e nel Liechtenstein. Tutti gli ordini vengono elaborati e spediti immediatamente dopo la ricezione del pagamento. La spedizione viene generalmente effettuata tramite corriere (DPD). Per gli articoli non adatti alla spedizione tramite pacco, ci avvaliamo di uno spedizioniere.<\/p>\n\n\n\n<p>\u2022Costi di spedizione: Forfait di CHF 9.90 (incl. spese di porto e imballaggio)<\/p>\n\n\n\n<p>\u2022Spedizione gratuita: Per ordini con un valore netto pari o superiore a CHF 50.00<\/p>\n\n\n\n<p>\u2022Consegna espressa: Gli ordini pagati entro le 14:00 vengono generalmente consegnati il giorno lavorativo successivo.<\/p>\n\n\n\n<p>\u2022Magazzino: Tutti gli articoli vengono spediti direttamente dal nostro magazzino svizzero.<\/p>\n\n\n\n<p>Si prega di notare che in caso di ordine di pi\u00f9 articoli, la spedizione pu\u00f2 essere raggruppata ma avvenire in pi\u00f9 pacchi. Sono possibili consegne parziali.<\/p>\n\n\n\n<h2 class=\"wp-block-heading\">Informazioni sul pagamento<\/h2>\n\n\n\n<p>Per i versamenti effettuati allo sportello postale, \u00e8 necessario aggiungere all&#8217;importo totale una commissione aggiuntiva di CHF 1.50. Si prega di indicare sempre il numero d&#8217;ordine come riferimento nel pagamento.<\/p>\n\n\n\n<p>Le nostre coordinate bancarie:<\/p>\n\n\n\n<p>Aargauische Kantonalbank, Aarau<\/p>\n\n\n\n<p>IBAN: CH61 0076 1639 4298 7200 1<\/p>\n\n\n\n<p>Titolare del conto: Optitrade &amp; Service AG, Muri<\/p>\n\n\n\n<h2 class=\"wp-block-heading\">Diritto di recesso e politica di restituzione<\/h2>\n\n\n\n<p>Avete il diritto di restituirci i prodotti ordinati entro 7 giorni di calendario dalla spedizione o dal ritiro. Le spese di restituzione sono a vostro carico.<\/p>\n\n\n\n<p>Condizioni per la restituzione:<\/p>\n\n\n\n<p>I prodotti devono essere in perfette condizioni, non utilizzati e restituiti correttamente imballati nella loro confezione originale con tutti gli accessori. I prodotti danneggiati o incompleti non verranno ritirati e saranno fatturati per intero.<\/p>\n\n\n\n<p>Rimborso:<\/p>\n\n\n\n<p>Se le condizioni di cui sopra sono soddisfatte e il pagamento \u00e8 gi\u00e0 stato effettuato in anticipo, Optitrade &amp; Service AG rimborser\u00e0 l&#8217;intero prezzo di acquisto sotto forma di un buono merce (coupon online) per il nostro negozio. \u00c8 escluso un pagamento in contanti o un bonifico bancario dell&#8217;importo dell&#8217;acquisto.<\/p>\n\n\n\n<p><\/p>\n","protected":false},"excerpt":{"rendered":"<p>Informazioni sulla spedizione Attualmente consegniamo i nostri prodotti esclusivamente in Svizzera e nel Liechtenstein. Tutti gli ordini vengono elaborati e spediti immediatamente dopo la ricezione del pagamento. La spedizione viene generalmente effettuata tramite corriere (DPD). Per gli articoli non adatti alla spedizione tramite pacco, ci avvaliamo di uno spedizioniere. \u2022Costi di spedizione: Forfait di CHF 9.90 (incl. spese di porto e imballaggio) \u2022Spedizione gratuita: Per ordini con un valore netto pari o superiore a CHF&hellip;<\/p>\n","protected":false},"author":2,"featured_media":0,"parent":0,"menu_order":0,"comment_status":"closed","ping_status":"closed","template":"page-featured-header.php","meta":{"footnotes":""},"class_list":["post-186574","page","type-page","status-publish","hentry"],"yoast_head":"<!-- This site is optimized with the Yoast SEO plugin v27.4 - https:\/\/yoast.com\/product\/yoast-seo-wordpress\/ -->\n<title>Costi di consegna e spedizione | Schweizer Shop f\u00fcr Sport, Spiel und Freizeit<\/title>\n<meta name=\"robots\" content=\"index, follow, max-snippet:-1, max-image-preview:large, max-video-preview:-1\" \/>\n<link rel=\"canonical\" href=\"https:\/\/schweizversand.ch\/it\/liefer-und-versandkosten\/\" \/>\n<meta property=\"og:locale\" content=\"it_IT\" \/>\n<meta property=\"og:type\" content=\"article\" \/>\n<meta property=\"og:title\" content=\"Costi di consegna e spedizione | Schweizer Shop f\u00fcr Sport, Spiel und Freizeit\" \/>\n<meta property=\"og:description\" content=\"Informazioni sulla spedizione Attualmente consegniamo i nostri prodotti esclusivamente in Svizzera e nel Liechtenstein. Tutti gli ordini vengono elaborati e spediti immediatamente dopo la ricezione del pagamento. La spedizione viene generalmente effettuata tramite corriere (DPD). Per gli articoli non adatti alla spedizione tramite pacco, ci avvaliamo di uno spedizioniere. \u2022Costi di spedizione: Forfait di CHF 9.90 (incl. spese di porto e imballaggio) \u2022Spedizione gratuita: Per ordini con un valore netto pari o superiore a CHF&hellip;\" \/>\n<meta property=\"og:url\" content=\"https:\/\/schweizversand.ch\/it\/liefer-und-versandkosten\/\" \/>\n<meta property=\"og:site_name\" content=\"Schweizer Shop f\u00fcr Sport, Spiel und Freizeit\" \/>\n<meta property=\"article:publisher\" content=\"https:\/\/www.facebook.com\/Schweizversand\" \/>\n<meta property=\"article:modified_time\" content=\"2026-02-26T12:04:01+00:00\" \/>\n<meta name=\"twitter:card\" content=\"summary_large_image\" \/>\n<meta name=\"twitter:label1\" content=\"Tempo di lettura stimato\" \/>\n\t<meta name=\"twitter:data1\" content=\"1 minuto\" \/>\n<script type=\"application\/ld+json\" class=\"yoast-schema-graph\">{\"@context\":\"https:\\\/\\\/schema.org\",\"@graph\":[{\"@type\":\"WebPage\",\"@id\":\"https:\\\/\\\/schweizversand.ch\\\/it\\\/liefer-und-versandkosten\\\/\",\"url\":\"https:\\\/\\\/schweizversand.ch\\\/it\\\/liefer-und-versandkosten\\\/\",\"name\":\"Costi di consegna e spedizione | Schweizer Shop f\u00fcr Sport, Spiel und Freizeit\",\"isPartOf\":{\"@id\":\"https:\\\/\\\/schweizversand.ch\\\/it\\\/#website\"},\"datePublished\":\"2026-02-25T09:39:30+00:00\",\"dateModified\":\"2026-02-26T12:04:01+00:00\",\"breadcrumb\":{\"@id\":\"https:\\\/\\\/schweizversand.ch\\\/it\\\/liefer-und-versandkosten\\\/#breadcrumb\"},\"inLanguage\":\"it-IT\",\"potentialAction\":[{\"@type\":\"ReadAction\",\"target\":[\"https:\\\/\\\/schweizversand.ch\\\/it\\\/liefer-und-versandkosten\\\/\"]}]},{\"@type\":\"BreadcrumbList\",\"@id\":\"https:\\\/\\\/schweizversand.ch\\\/it\\\/liefer-und-versandkosten\\\/#breadcrumb\",\"itemListElement\":[{\"@type\":\"ListItem\",\"position\":1,\"name\":\"Startseite\",\"item\":\"https:\\\/\\\/schweizversand.ch\\\/it\\\/home\\\/\"},{\"@type\":\"ListItem\",\"position\":2,\"name\":\"Costi di consegna e spedizione\"}]},{\"@type\":\"WebSite\",\"@id\":\"https:\\\/\\\/schweizversand.ch\\\/it\\\/#website\",\"url\":\"https:\\\/\\\/schweizversand.ch\\\/it\\\/\",\"name\":\"Schweizer Shop f\u00fcr Sport, Spiel und Freizeit\",\"description\":\"Gratisversand ab 50.- (netto), ab eigenem schweizer Lager, Lieferung innert 48h\",\"publisher\":{\"@id\":\"https:\\\/\\\/schweizversand.ch\\\/it\\\/#organization\"},\"alternateName\":\"Schweizversand.ch\",\"potentialAction\":[{\"@type\":\"SearchAction\",\"target\":{\"@type\":\"EntryPoint\",\"urlTemplate\":\"https:\\\/\\\/schweizversand.ch\\\/it\\\/?s={search_term_string}\"},\"query-input\":{\"@type\":\"PropertyValueSpecification\",\"valueRequired\":true,\"valueName\":\"search_term_string\"}}],\"inLanguage\":\"it-IT\"},{\"@type\":\"Organization\",\"@id\":\"https:\\\/\\\/schweizversand.ch\\\/it\\\/#organization\",\"name\":\"Schweizversand.ch\",\"url\":\"https:\\\/\\\/schweizversand.ch\\\/it\\\/\",\"logo\":{\"@type\":\"ImageObject\",\"inLanguage\":\"it-IT\",\"@id\":\"https:\\\/\\\/schweizversand.ch\\\/it\\\/#\\\/schema\\\/logo\\\/image\\\/\",\"url\":\"https:\\\/\\\/schweizversand.ch\\\/wp-content\\\/uploads\\\/2026\\\/03\\\/Logo_Rund_Final-1.png\",\"contentUrl\":\"https:\\\/\\\/schweizversand.ch\\\/wp-content\\\/uploads\\\/2026\\\/03\\\/Logo_Rund_Final-1.png\",\"width\":404,\"height\":404,\"caption\":\"Schweizversand.ch\"},\"image\":{\"@id\":\"https:\\\/\\\/schweizversand.ch\\\/it\\\/#\\\/schema\\\/logo\\\/image\\\/\"},\"sameAs\":[\"https:\\\/\\\/www.facebook.com\\\/Schweizversand\",\"https:\\\/\\\/www.instagram.com\\\/schweizversand.ch\\\/\"]}]}<\/script>\n<!-- \/ Yoast SEO plugin. -->","yoast_head_json":{"title":"Costi di consegna e spedizione | Schweizer Shop f\u00fcr Sport, Spiel und Freizeit","robots":{"index":"index","follow":"follow","max-snippet":"max-snippet:-1","max-image-preview":"max-image-preview:large","max-video-preview":"max-video-preview:-1"},"canonical":"https:\/\/schweizversand.ch\/it\/liefer-und-versandkosten\/","og_locale":"it_IT","og_type":"article","og_title":"Costi di consegna e spedizione | Schweizer Shop f\u00fcr Sport, Spiel und Freizeit","og_description":"Informazioni sulla spedizione Attualmente consegniamo i nostri prodotti esclusivamente in Svizzera e nel Liechtenstein. Tutti gli ordini vengono elaborati e spediti immediatamente dopo la ricezione del pagamento. La spedizione viene generalmente effettuata tramite corriere (DPD). Per gli articoli non adatti alla spedizione tramite pacco, ci avvaliamo di uno spedizioniere. \u2022Costi di spedizione: Forfait di CHF 9.90 (incl. spese di porto e imballaggio) \u2022Spedizione gratuita: Per ordini con un valore netto pari o superiore a CHF&hellip;","og_url":"https:\/\/schweizversand.ch\/it\/liefer-und-versandkosten\/","og_site_name":"Schweizer Shop f\u00fcr Sport, Spiel und Freizeit","article_publisher":"https:\/\/www.facebook.com\/Schweizversand","article_modified_time":"2026-02-26T12:04:01+00:00","twitter_card":"summary_large_image","twitter_misc":{"Tempo di lettura stimato":"1 minuto"},"schema":{"@context":"https:\/\/schema.org","@graph":[{"@type":"WebPage","@id":"https:\/\/schweizversand.ch\/it\/liefer-und-versandkosten\/","url":"https:\/\/schweizversand.ch\/it\/liefer-und-versandkosten\/","name":"Costi di consegna e spedizione | Schweizer Shop f\u00fcr Sport, Spiel und Freizeit","isPartOf":{"@id":"https:\/\/schweizversand.ch\/it\/#website"},"datePublished":"2026-02-25T09:39:30+00:00","dateModified":"2026-02-26T12:04:01+00:00","breadcrumb":{"@id":"https:\/\/schweizversand.ch\/it\/liefer-und-versandkosten\/#breadcrumb"},"inLanguage":"it-IT","potentialAction":[{"@type":"ReadAction","target":["https:\/\/schweizversand.ch\/it\/liefer-und-versandkosten\/"]}]},{"@type":"BreadcrumbList","@id":"https:\/\/schweizversand.ch\/it\/liefer-und-versandkosten\/#breadcrumb","itemListElement":[{"@type":"ListItem","position":1,"name":"Startseite","item":"https:\/\/schweizversand.ch\/it\/home\/"},{"@type":"ListItem","position":2,"name":"Costi di consegna e spedizione"}]},{"@type":"WebSite","@id":"https:\/\/schweizversand.ch\/it\/#website","url":"https:\/\/schweizversand.ch\/it\/","name":"Schweizer Shop f\u00fcr Sport, Spiel und Freizeit","description":"Gratisversand ab 50.- (netto), ab eigenem schweizer Lager, Lieferung innert 48h","publisher":{"@id":"https:\/\/schweizversand.ch\/it\/#organization"},"alternateName":"Schweizversand.ch","potentialAction":[{"@type":"SearchAction","target":{"@type":"EntryPoint","urlTemplate":"https:\/\/schweizversand.ch\/it\/?s={search_term_string}"},"query-input":{"@type":"PropertyValueSpecification","valueRequired":true,"valueName":"search_term_string"}}],"inLanguage":"it-IT"},{"@type":"Organization","@id":"https:\/\/schweizversand.ch\/it\/#organization","name":"Schweizversand.ch","url":"https:\/\/schweizversand.ch\/it\/","logo":{"@type":"ImageObject","inLanguage":"it-IT","@id":"https:\/\/schweizversand.ch\/it\/#\/schema\/logo\/image\/","url":"https:\/\/schweizversand.ch\/wp-content\/uploads\/2026\/03\/Logo_Rund_Final-1.png","contentUrl":"https:\/\/schweizversand.ch\/wp-content\/uploads\/2026\/03\/Logo_Rund_Final-1.png","width":404,"height":404,"caption":"Schweizversand.ch"},"image":{"@id":"https:\/\/schweizversand.ch\/it\/#\/schema\/logo\/image\/"},"sameAs":["https:\/\/www.facebook.com\/Schweizversand","https:\/\/www.instagram.com\/schweizversand.ch\/"]}]}},"jetpack_sharing_enabled":true,"_links":{"self":[{"href":"https:\/\/schweizversand.ch\/it\/wp-json\/wp\/v2\/pages\/186574","targetHints":{"allow":["GET"]}}],"collection":[{"href":"https:\/\/schweizversand.ch\/it\/wp-json\/wp\/v2\/pages"}],"about":[{"href":"https:\/\/schweizversand.ch\/it\/wp-json\/wp\/v2\/types\/page"}],"author":[{"embeddable":true,"href":"https:\/\/schweizversand.ch\/it\/wp-json\/wp\/v2\/users\/2"}],"replies":[{"embeddable":true,"href":"https:\/\/schweizversand.ch\/it\/wp-json\/wp\/v2\/comments?post=186574"}],"version-history":[{"count":7,"href":"https:\/\/schweizversand.ch\/it\/wp-json\/wp\/v2\/pages\/186574\/revisions"}],"predecessor-version":[{"id":216789,"href":"https:\/\/schweizversand.ch\/it\/wp-json\/wp\/v2\/pages\/186574\/revisions\/216789"}],"wp:attachment":[{"href":"https:\/\/schweizversand.ch\/it\/wp-json\/wp\/v2\/media?parent=186574"}],"curies":[{"name":"wp","href":"https:\/\/api.w.org\/{rel}","templated":true}]}}