{"id":247320,"date":"2026-03-14T23:20:36","date_gmt":"2026-03-14T22:20:36","guid":{"rendered":"https:\/\/schweizversand.ch\/produkt\/black-crevice-outdoor-rucksack-manakau\/"},"modified":"2026-04-15T02:04:29","modified_gmt":"2026-04-15T00:04:29","slug":"black-crevice-outdoor-rucksack-manakau","status":"publish","type":"product","link":"https:\/\/schweizversand.ch\/it\/produkt\/black-crevice-outdoor-rucksack-manakau\/","title":{"rendered":"Zaino da esterno Black Crevice MANAKAU"},"content":{"rendered":"<p>Zaino da esterno con sistema di idratazione e copertura antipioggia &#8211; Zaino ergonomico per donna e uomo Sei pronto per la tua prossima avventura? Questo zaino da esterno altamente funzionale \u00e8 stato progettato appositamente per tour impegnativi, che si tratti di un&#8217;escursione prolungata, di un tour di sci alpinismo veloce o di un trekking di pi\u00f9 giorni. Offre non solo ampio spazio di stivaggio, ma anche dettagli studiati per massimizzare il comfort e la sicurezza. Scopri lo zaino da escursionismo perfetto che si adatta perfettamente al tuo corpo. Massima organizzazione e spazio di stivaggio Questo zaino da donna e da uomo colpisce per le sue versatili opzioni di stivaggio. Oltre all&#8217;ampio scomparto principale, accessibile anche dal basso per un rapido accesso, \u00e8 possibile separare i due scomparti interni se necessario. Ulteriori cinghie di compressione laterali consentono il fissaggio sicuro di bastoncini, sci o snowboard. La cintura sui fianchi \u00e8 dotata di una pratica tasca con cerniera, ideale per oggetti di valore o snack, mentre le tasche laterali offrono spazio per un telefono cellulare, mappe o una pompa ad aria. Comfort ed ergonomia per lunghe escursioni: soprattutto nelle lunghe escursioni, il comfort \u00e8 fondamentale. Il sistema di trasporto traspirante (pannello posteriore) e gli spallacci ergonomici garantiscono una ventilazione ottimale e una sensazione di comfort sulla schiena. La cinghia pettorale \u00e8 regolabile in altezza, consentendo allo zaino da trekking di adattarsi individualmente a qualsiasi corporatura e di rimanere perfettamente in posizione anche dopo ore di escursione. Questo lo rende il compagno ideale per ogni tipo di corporatura. Caratteristiche studiate per ogni attivit\u00e0 all&#8217;aperto: questo zaino da esterno \u00e8 un vero tuttofare. Include uno zaino con sistema di idratazione integrato, un cuscino di seduta rimovibile e una pratica copertura antipioggia per proteggere l&#8217;attrezzatura in qualsiasi condizione atmosferica. Gli appositi supporti per caschi da ciclismo, arrampicata o scialpinismo, nonch\u00e9 un portaocchiali, ne sottolineano la versatilit\u00e0, soprattutto come zaino da scialpinismo. La sicurezza prima di tutto: la tua sicurezza \u00e8 importante per noi. Gli elementi riflettenti (loghi e strisce) aumentano la visibilit\u00e0 in condizioni di scarsa illuminazione. Per le emergenze, un fischietto di emergenza \u00e8 integrato direttamente nello zaino. Affidati a Black Crevice, un&#8217;azienda austriaca che sa cosa conta quando si tratta di attrezzatura outdoor funzionale e protettiva.<\/p>\n<\/div>\n<div><strong>Panoramica dei punti salienti del prodotto<\/strong><br \/> &#8211; <strong>Zaino da esterno<\/strong>: perfetto per escursionismo, trekking, sci alpinismo e ciclismo<br \/>&#8211; <strong>Design ergonomico<\/strong>: cinghia pettorale regolabile in altezza e sistema di trasporto traspirante<br \/>&#8211; <strong>Caratteristiche complete<\/strong>: include sistema di idratazione, copertura antipioggia e imbottitura per la seduta<br \/>&#8211; <strong>Fissaggio versatile<\/strong>: cinghie di compressione per sci\/bastoncini e clip per casco<br \/>&#8211; <strong>Caratteristiche di sicurezza<\/strong>: elementi riflettenti e fischietto di emergenza integrato<\/p>\n<\/div>\n<div>Investi in questo <strong>zaino da trekking<\/strong> di alta qualit\u00e0 e goditi la libert\u00e0 e il comfort durante il tuo prossimo tour. Ordina ora e parti perfettamente equipaggiato!<\/p>\n<\/div>\n","protected":false},"excerpt":{"rendered":"<p>Zaino da esterno con sistema di idratazione e copertura antipioggia &#8211; Zaino ergonomico per donna e uomo Sei pronto per la tua prossima avventura? Questo zaino da esterno altamente funzionale \u00e8 stato progettato appositamente per tour impegnativi, che si tratti di un&#8217;escursione prolungata, di un tour di sci alpinismo veloce o di un trekking di pi\u00f9 giorni. Offre non solo ampio spazio di stivaggio, ma anche dettagli studiati per massimizzare il comfort e la sicurezza.&hellip;<\/p>\n","protected":false},"featured_media":156482,"comment_status":"open","ping_status":"closed","template":"","meta":[],"product_brand":[],"product_cat":[38176],"product_tag":[],"class_list":{"0":"post-247320","1":"product","2":"type-product","3":"status-publish","4":"has-post-thumbnail","6":"product_cat-taschen-rucksack","7":"product_shipping_class-global_methods","9":"first","10":"instock","11":"taxable","12":"shipping-taxable","13":"purchasable","14":"product-type-simple"},"yoast_head":"<!-- This site is optimized with the Yoast SEO plugin v27.4 - https:\/\/yoast.com\/product\/yoast-seo-wordpress\/ -->\n<title>Black Crevice Outdoor Rucksack MANAKAU | Jetzt kaufen | Schweizversand.ch<\/title>\n<meta name=\"description\" content=\"Black Crevice Outdoor Rucksack MANAKAU g\u00fcnstig kaufen bei Schweizversand.ch. Schnelle Lieferung in der Schweiz. Gratisversand ab CHF 50.\" \/>\n<meta name=\"robots\" content=\"index, follow, max-snippet:-1, max-image-preview:large, max-video-preview:-1\" \/>\n<link rel=\"canonical\" href=\"https:\/\/schweizversand.ch\/it\/produkt\/black-crevice-outdoor-rucksack-manakau\/\" \/>\n<meta property=\"og:locale\" content=\"it_IT\" \/>\n<meta property=\"og:type\" content=\"article\" \/>\n<meta property=\"og:title\" content=\"Black Crevice Outdoor Rucksack MANAKAU | Jetzt kaufen | Schweizversand.ch\" \/>\n<meta property=\"og:description\" content=\"Black Crevice Outdoor Rucksack MANAKAU g\u00fcnstig kaufen bei Schweizversand.ch. Schnelle Lieferung in der Schweiz. Gratisversand ab CHF 50.\" \/>\n<meta property=\"og:url\" content=\"https:\/\/schweizversand.ch\/it\/produkt\/black-crevice-outdoor-rucksack-manakau\/\" \/>\n<meta property=\"og:site_name\" content=\"Schweizer Shop f\u00fcr Sport, Spiel und Freizeit\" \/>\n<meta property=\"article:publisher\" content=\"https:\/\/www.facebook.com\/Schweizversand\" \/>\n<meta property=\"article:modified_time\" content=\"2026-04-15T00:04:29+00:00\" \/>\n<meta property=\"og:image\" content=\"https:\/\/schweizversand.ch\/wp-content\/uploads\/2026\/02\/5471786457.jpg\" \/>\n\t<meta property=\"og:image:width\" content=\"1024\" \/>\n\t<meta property=\"og:image:height\" content=\"944\" \/>\n\t<meta property=\"og:image:type\" content=\"image\/jpeg\" \/>\n<meta name=\"twitter:card\" content=\"summary_large_image\" \/>\n<meta name=\"twitter:label1\" content=\"Tempo di lettura stimato\" \/>\n\t<meta name=\"twitter:data1\" content=\"2 minuto\" \/>\n<script type=\"application\/ld+json\" class=\"yoast-schema-graph\">{\"@context\":\"https:\\\/\\\/schema.org\",\"@graph\":[{\"@type\":\"WebPage\",\"@id\":\"https:\\\/\\\/schweizversand.ch\\\/it\\\/produkt\\\/black-crevice-outdoor-rucksack-manakau\\\/\",\"url\":\"https:\\\/\\\/schweizversand.ch\\\/it\\\/produkt\\\/black-crevice-outdoor-rucksack-manakau\\\/\",\"name\":\"Black Crevice Outdoor Rucksack MANAKAU | Jetzt kaufen | Schweizversand.ch\",\"isPartOf\":{\"@id\":\"https:\\\/\\\/schweizversand.ch\\\/it\\\/#website\"},\"primaryImageOfPage\":{\"@id\":\"https:\\\/\\\/schweizversand.ch\\\/it\\\/produkt\\\/black-crevice-outdoor-rucksack-manakau\\\/#primaryimage\"},\"image\":{\"@id\":\"https:\\\/\\\/schweizversand.ch\\\/it\\\/produkt\\\/black-crevice-outdoor-rucksack-manakau\\\/#primaryimage\"},\"thumbnailUrl\":\"https:\\\/\\\/schweizversand.ch\\\/wp-content\\\/uploads\\\/2026\\\/02\\\/5471786457.jpg\",\"datePublished\":\"2026-03-14T22:20:36+00:00\",\"dateModified\":\"2026-04-15T00:04:29+00:00\",\"description\":\"Black Crevice Outdoor Rucksack MANAKAU g\u00fcnstig kaufen bei Schweizversand.ch. Schnelle Lieferung in der Schweiz. Gratisversand ab CHF 50.\",\"breadcrumb\":{\"@id\":\"https:\\\/\\\/schweizversand.ch\\\/it\\\/produkt\\\/black-crevice-outdoor-rucksack-manakau\\\/#breadcrumb\"},\"inLanguage\":\"it-IT\",\"potentialAction\":[{\"@type\":\"ReadAction\",\"target\":[\"https:\\\/\\\/schweizversand.ch\\\/it\\\/produkt\\\/black-crevice-outdoor-rucksack-manakau\\\/\"]}]},{\"@type\":\"ImageObject\",\"inLanguage\":\"it-IT\",\"@id\":\"https:\\\/\\\/schweizversand.ch\\\/it\\\/produkt\\\/black-crevice-outdoor-rucksack-manakau\\\/#primaryimage\",\"url\":\"https:\\\/\\\/schweizversand.ch\\\/wp-content\\\/uploads\\\/2026\\\/02\\\/5471786457.jpg\",\"contentUrl\":\"https:\\\/\\\/schweizversand.ch\\\/wp-content\\\/uploads\\\/2026\\\/02\\\/5471786457.jpg\",\"width\":1024,\"height\":944},{\"@type\":\"BreadcrumbList\",\"@id\":\"https:\\\/\\\/schweizversand.ch\\\/it\\\/produkt\\\/black-crevice-outdoor-rucksack-manakau\\\/#breadcrumb\",\"itemListElement\":[{\"@type\":\"ListItem\",\"position\":1,\"name\":\"Startseite\",\"item\":\"https:\\\/\\\/schweizversand.ch\\\/it\\\/\"},{\"@type\":\"ListItem\",\"position\":2,\"name\":\"Shop\",\"item\":\"https:\\\/\\\/schweizversand.ch\\\/it\\\/shop\\\/\"},{\"@type\":\"ListItem\",\"position\":3,\"name\":\"Viaggi\",\"item\":\"https:\\\/\\\/schweizversand.ch\\\/it\\\/produkt-kategorie\\\/viaggi\\\/\"},{\"@type\":\"ListItem\",\"position\":4,\"name\":\"Borse e bagagli\",\"item\":\"https:\\\/\\\/schweizversand.ch\\\/it\\\/produkt-kategorie\\\/viaggi\\\/borse-e-bagagli\\\/\"},{\"@type\":\"ListItem\",\"position\":5,\"name\":\"Borse e zaini\",\"item\":\"https:\\\/\\\/schweizversand.ch\\\/it\\\/produkt-kategorie\\\/viaggi\\\/borse-e-bagagli\\\/taschen-rucksack\\\/\"},{\"@type\":\"ListItem\",\"position\":6,\"name\":\"Zaino da esterno Black Crevice MANAKAU\"}]},{\"@type\":\"WebSite\",\"@id\":\"https:\\\/\\\/schweizversand.ch\\\/it\\\/#website\",\"url\":\"https:\\\/\\\/schweizversand.ch\\\/it\\\/\",\"name\":\"Schweizer Shop f\u00fcr Sport, Spiel und Freizeit\",\"description\":\"Gratisversand ab 50.- (netto), ab eigenem schweizer Lager, Lieferung innert 48h\",\"publisher\":{\"@id\":\"https:\\\/\\\/schweizversand.ch\\\/it\\\/#organization\"},\"alternateName\":\"Schweizversand.ch\",\"potentialAction\":[{\"@type\":\"SearchAction\",\"target\":{\"@type\":\"EntryPoint\",\"urlTemplate\":\"https:\\\/\\\/schweizversand.ch\\\/it\\\/?s={search_term_string}\"},\"query-input\":{\"@type\":\"PropertyValueSpecification\",\"valueRequired\":true,\"valueName\":\"search_term_string\"}}],\"inLanguage\":\"it-IT\"},{\"@type\":\"Organization\",\"@id\":\"https:\\\/\\\/schweizversand.ch\\\/it\\\/#organization\",\"name\":\"Schweizversand.ch\",\"url\":\"https:\\\/\\\/schweizversand.ch\\\/it\\\/\",\"logo\":{\"@type\":\"ImageObject\",\"inLanguage\":\"it-IT\",\"@id\":\"https:\\\/\\\/schweizversand.ch\\\/it\\\/#\\\/schema\\\/logo\\\/image\\\/\",\"url\":\"https:\\\/\\\/schweizversand.ch\\\/wp-content\\\/uploads\\\/2026\\\/03\\\/Logo_Rund_Final-1.png\",\"contentUrl\":\"https:\\\/\\\/schweizversand.ch\\\/wp-content\\\/uploads\\\/2026\\\/03\\\/Logo_Rund_Final-1.png\",\"width\":404,\"height\":404,\"caption\":\"Schweizversand.ch\"},\"image\":{\"@id\":\"https:\\\/\\\/schweizversand.ch\\\/it\\\/#\\\/schema\\\/logo\\\/image\\\/\"},\"sameAs\":[\"https:\\\/\\\/www.facebook.com\\\/Schweizversand\",\"https:\\\/\\\/www.instagram.com\\\/schweizversand.ch\\\/\"]}]}<\/script>\n<!-- \/ Yoast SEO plugin. -->","yoast_head_json":{"title":"Black Crevice Outdoor Rucksack MANAKAU | Jetzt kaufen | Schweizversand.ch","description":"Black Crevice Outdoor Rucksack MANAKAU g\u00fcnstig kaufen bei Schweizversand.ch. Schnelle Lieferung in der Schweiz. Gratisversand ab CHF 50.","robots":{"index":"index","follow":"follow","max-snippet":"max-snippet:-1","max-image-preview":"max-image-preview:large","max-video-preview":"max-video-preview:-1"},"canonical":"https:\/\/schweizversand.ch\/it\/produkt\/black-crevice-outdoor-rucksack-manakau\/","og_locale":"it_IT","og_type":"article","og_title":"Black Crevice Outdoor Rucksack MANAKAU | Jetzt kaufen | Schweizversand.ch","og_description":"Black Crevice Outdoor Rucksack MANAKAU g\u00fcnstig kaufen bei Schweizversand.ch. Schnelle Lieferung in der Schweiz. Gratisversand ab CHF 50.","og_url":"https:\/\/schweizversand.ch\/it\/produkt\/black-crevice-outdoor-rucksack-manakau\/","og_site_name":"Schweizer Shop f\u00fcr Sport, Spiel und Freizeit","article_publisher":"https:\/\/www.facebook.com\/Schweizversand","article_modified_time":"2026-04-15T00:04:29+00:00","og_image":[{"width":1024,"height":944,"url":"https:\/\/schweizversand.ch\/wp-content\/uploads\/2026\/02\/5471786457.jpg","type":"image\/jpeg"}],"twitter_card":"summary_large_image","twitter_misc":{"Tempo di lettura stimato":"2 minuto"},"schema":{"@context":"https:\/\/schema.org","@graph":[{"@type":"WebPage","@id":"https:\/\/schweizversand.ch\/it\/produkt\/black-crevice-outdoor-rucksack-manakau\/","url":"https:\/\/schweizversand.ch\/it\/produkt\/black-crevice-outdoor-rucksack-manakau\/","name":"Black Crevice Outdoor Rucksack MANAKAU | Jetzt kaufen | Schweizversand.ch","isPartOf":{"@id":"https:\/\/schweizversand.ch\/it\/#website"},"primaryImageOfPage":{"@id":"https:\/\/schweizversand.ch\/it\/produkt\/black-crevice-outdoor-rucksack-manakau\/#primaryimage"},"image":{"@id":"https:\/\/schweizversand.ch\/it\/produkt\/black-crevice-outdoor-rucksack-manakau\/#primaryimage"},"thumbnailUrl":"https:\/\/schweizversand.ch\/wp-content\/uploads\/2026\/02\/5471786457.jpg","datePublished":"2026-03-14T22:20:36+00:00","dateModified":"2026-04-15T00:04:29+00:00","description":"Black Crevice Outdoor Rucksack MANAKAU g\u00fcnstig kaufen bei Schweizversand.ch. Schnelle Lieferung in der Schweiz. Gratisversand ab CHF 50.","breadcrumb":{"@id":"https:\/\/schweizversand.ch\/it\/produkt\/black-crevice-outdoor-rucksack-manakau\/#breadcrumb"},"inLanguage":"it-IT","potentialAction":[{"@type":"ReadAction","target":["https:\/\/schweizversand.ch\/it\/produkt\/black-crevice-outdoor-rucksack-manakau\/"]}]},{"@type":"ImageObject","inLanguage":"it-IT","@id":"https:\/\/schweizversand.ch\/it\/produkt\/black-crevice-outdoor-rucksack-manakau\/#primaryimage","url":"https:\/\/schweizversand.ch\/wp-content\/uploads\/2026\/02\/5471786457.jpg","contentUrl":"https:\/\/schweizversand.ch\/wp-content\/uploads\/2026\/02\/5471786457.jpg","width":1024,"height":944},{"@type":"BreadcrumbList","@id":"https:\/\/schweizversand.ch\/it\/produkt\/black-crevice-outdoor-rucksack-manakau\/#breadcrumb","itemListElement":[{"@type":"ListItem","position":1,"name":"Startseite","item":"https:\/\/schweizversand.ch\/it\/"},{"@type":"ListItem","position":2,"name":"Shop","item":"https:\/\/schweizversand.ch\/it\/shop\/"},{"@type":"ListItem","position":3,"name":"Viaggi","item":"https:\/\/schweizversand.ch\/it\/produkt-kategorie\/viaggi\/"},{"@type":"ListItem","position":4,"name":"Borse e bagagli","item":"https:\/\/schweizversand.ch\/it\/produkt-kategorie\/viaggi\/borse-e-bagagli\/"},{"@type":"ListItem","position":5,"name":"Borse e zaini","item":"https:\/\/schweizversand.ch\/it\/produkt-kategorie\/viaggi\/borse-e-bagagli\/taschen-rucksack\/"},{"@type":"ListItem","position":6,"name":"Zaino da esterno Black Crevice MANAKAU"}]},{"@type":"WebSite","@id":"https:\/\/schweizversand.ch\/it\/#website","url":"https:\/\/schweizversand.ch\/it\/","name":"Schweizer Shop f\u00fcr Sport, Spiel und Freizeit","description":"Gratisversand ab 50.- (netto), ab eigenem schweizer Lager, Lieferung innert 48h","publisher":{"@id":"https:\/\/schweizversand.ch\/it\/#organization"},"alternateName":"Schweizversand.ch","potentialAction":[{"@type":"SearchAction","target":{"@type":"EntryPoint","urlTemplate":"https:\/\/schweizversand.ch\/it\/?s={search_term_string}"},"query-input":{"@type":"PropertyValueSpecification","valueRequired":true,"valueName":"search_term_string"}}],"inLanguage":"it-IT"},{"@type":"Organization","@id":"https:\/\/schweizversand.ch\/it\/#organization","name":"Schweizversand.ch","url":"https:\/\/schweizversand.ch\/it\/","logo":{"@type":"ImageObject","inLanguage":"it-IT","@id":"https:\/\/schweizversand.ch\/it\/#\/schema\/logo\/image\/","url":"https:\/\/schweizversand.ch\/wp-content\/uploads\/2026\/03\/Logo_Rund_Final-1.png","contentUrl":"https:\/\/schweizversand.ch\/wp-content\/uploads\/2026\/03\/Logo_Rund_Final-1.png","width":404,"height":404,"caption":"Schweizversand.ch"},"image":{"@id":"https:\/\/schweizversand.ch\/it\/#\/schema\/logo\/image\/"},"sameAs":["https:\/\/www.facebook.com\/Schweizversand","https:\/\/www.instagram.com\/schweizversand.ch\/"]}]}},"jetpack_sharing_enabled":true,"_links":{"self":[{"href":"https:\/\/schweizversand.ch\/it\/wp-json\/wp\/v2\/product\/247320","targetHints":{"allow":["GET"]}}],"collection":[{"href":"https:\/\/schweizversand.ch\/it\/wp-json\/wp\/v2\/product"}],"about":[{"href":"https:\/\/schweizversand.ch\/it\/wp-json\/wp\/v2\/types\/product"}],"replies":[{"embeddable":true,"href":"https:\/\/schweizversand.ch\/it\/wp-json\/wp\/v2\/comments?post=247320"}],"wp:featuredmedia":[{"embeddable":true,"href":"https:\/\/schweizversand.ch\/it\/wp-json\/wp\/v2\/media\/156482"}],"wp:attachment":[{"href":"https:\/\/schweizversand.ch\/it\/wp-json\/wp\/v2\/media?parent=247320"}],"wp:term":[{"taxonomy":"product_brand","embeddable":true,"href":"https:\/\/schweizversand.ch\/it\/wp-json\/wp\/v2\/product_brand?post=247320"},{"taxonomy":"product_cat","embeddable":true,"href":"https:\/\/schweizversand.ch\/it\/wp-json\/wp\/v2\/product_cat?post=247320"},{"taxonomy":"product_tag","embeddable":true,"href":"https:\/\/schweizversand.ch\/it\/wp-json\/wp\/v2\/product_tag?post=247320"}],"curies":[{"name":"wp","href":"https:\/\/api.w.org\/{rel}","templated":true}]}}