{"id":247361,"date":"2026-03-14T23:20:43","date_gmt":"2026-03-14T22:20:43","guid":{"rendered":"https:\/\/schweizversand.ch\/produkt\/plan-toys-fotokamera\/"},"modified":"2026-04-21T02:04:16","modified_gmt":"2026-04-21T00:04:16","slug":"plan-toys-fotokamera","status":"publish","type":"product","link":"https:\/\/schweizversand.ch\/it\/produkt\/plan-toys-fotokamera\/","title":{"rendered":"Macchina fotografica Plan Toys"},"content":{"rendered":"<h1><strong>Fotocamera PlanToys<\/strong><\/h1>\n<div>Scopri il mondo con la <strong>Fotocamera PlanToys<\/strong>, un grazioso giocattolo in legno che stimola l&#8217;immaginazione del tuo bambino. Questa <strong>fotocamera in legno per bambini<\/strong> incoraggia il gioco di ruolo creativo e offre un modo unico per vivere l&#8217;ambiente circostante da una nuova prospettiva.<\/p>\n<\/div>\n<div><strong>Esperienza di gioco unica<\/strong><br \/>I tuoi bambini adoreranno intraprendere un viaggio di scoperta con questa <strong>fotocamera giocattolo<\/strong>. La fotocamera \u00e8 dotata di tre diverse lenti \u2013 bianca, gialla e blu \u2013 che possono essere ruotate per vedere il mondo in diversi colori. Questo rende ogni sessione di gioco un&#8217;esperienza emozionante e stimola la curiosit\u00e0.<\/p>\n<\/div>\n<div><strong>Materiali di alta qualit\u00e0<\/strong><br \/>La <strong>fotocamera giocattolo in legno<\/strong> di PlanToys \u00e8 realizzata principalmente in legno di caucci\u00f9 sostenibile, completato da materiali di alta qualit\u00e0 e sicuri per i bambini. \u00c8 robusta e durevole, perfetta per innumerevoli ore di gioco creativo.<\/p>\n<\/div>\n<div><strong>Dettagli del prodotto<\/strong><br \/>&#8211; Dimensioni della confezione (L\/P\/A): 9,5 \/ 11,5 \/ 9,5 cm<br \/>&#8211; Dimensioni dell&#8217;articolo (L\/P\/A): 10,3 \/ 4,8 \/ 7,9 cm<\/p>\n<\/div>\n<div><strong>Materiale del prodotto<\/strong><br \/>&#8211; 80% Legno di caucci\u00f9<br \/>&#8211; 13% PP<br \/>&#8211; 5% Tessuto<br \/>&#8211; 2% Metallo<\/p>\n<\/div>\n<div>La <strong>fotocamera con filtri colorati<\/strong> \u00e8 il regalo ideale per incoraggiare la creativit\u00e0 e il <strong>gioco di ruolo<\/strong> del tuo bambino. Acquista subito la fotocamera PlanToys e che le avventure abbiano inizio!<\/p>\n<\/div>\n<div><\/div>\n","protected":false},"excerpt":{"rendered":"<p>Fotocamera PlanToys Scopri il mondo con la Fotocamera PlanToys, un grazioso giocattolo in legno che stimola l&#8217;immaginazione del tuo bambino. Questa fotocamera in legno per bambini incoraggia il gioco di ruolo creativo e offre un modo unico per vivere l&#8217;ambiente circostante da una nuova prospettiva. Esperienza di gioco unicaI tuoi bambini adoreranno intraprendere un viaggio di scoperta con questa fotocamera giocattolo. La fotocamera \u00e8 dotata di tre diverse lenti \u2013 bianca, gialla e blu \u2013&hellip;<\/p>\n","protected":false},"featured_media":156684,"comment_status":"open","ping_status":"closed","template":"","meta":[],"product_brand":[],"product_cat":[38198],"product_tag":[],"class_list":{"0":"post-247361","1":"product","2":"type-product","3":"status-publish","4":"has-post-thumbnail","6":"product_cat-diverses","7":"product_shipping_class-global_methods","9":"first","10":"instock","11":"taxable","12":"shipping-taxable","13":"purchasable","14":"product-type-simple"},"yoast_head":"<!-- This site is optimized with the Yoast SEO plugin v27.4 - https:\/\/yoast.com\/product\/yoast-seo-wordpress\/ -->\n<title>Plan Toys Fotokamera | Jetzt kaufen | Schweizversand.ch<\/title>\n<meta name=\"description\" content=\"Plan Toys Fotokamera g\u00fcnstig kaufen bei Schweizversand.ch. Schnelle Lieferung in der Schweiz. Gratisversand ab CHF 50.\" \/>\n<meta name=\"robots\" content=\"index, follow, max-snippet:-1, max-image-preview:large, max-video-preview:-1\" \/>\n<link rel=\"canonical\" href=\"https:\/\/schweizversand.ch\/it\/produkt\/plan-toys-fotokamera\/\" \/>\n<meta property=\"og:locale\" content=\"it_IT\" \/>\n<meta property=\"og:type\" content=\"article\" \/>\n<meta property=\"og:title\" content=\"Plan Toys Fotokamera | Jetzt kaufen | Schweizversand.ch\" \/>\n<meta property=\"og:description\" content=\"Plan Toys Fotokamera g\u00fcnstig kaufen bei Schweizversand.ch. Schnelle Lieferung in der Schweiz. Gratisversand ab CHF 50.\" \/>\n<meta property=\"og:url\" content=\"https:\/\/schweizversand.ch\/it\/produkt\/plan-toys-fotokamera\/\" \/>\n<meta property=\"og:site_name\" content=\"Schweizer Shop f\u00fcr Sport, Spiel und Freizeit\" \/>\n<meta property=\"article:publisher\" content=\"https:\/\/www.facebook.com\/Schweizversand\" \/>\n<meta property=\"article:modified_time\" content=\"2026-04-21T00:04:16+00:00\" \/>\n<meta property=\"og:image\" content=\"https:\/\/schweizversand.ch\/wp-content\/uploads\/2026\/02\/5507199659.jpg\" \/>\n\t<meta property=\"og:image:width\" content=\"1024\" \/>\n\t<meta property=\"og:image:height\" content=\"1024\" \/>\n\t<meta property=\"og:image:type\" content=\"image\/jpeg\" \/>\n<meta name=\"twitter:card\" content=\"summary_large_image\" \/>\n<meta name=\"twitter:label1\" content=\"Tempo di lettura stimato\" \/>\n\t<meta name=\"twitter:data1\" content=\"1 minuto\" \/>\n<script type=\"application\/ld+json\" class=\"yoast-schema-graph\">{\"@context\":\"https:\\\/\\\/schema.org\",\"@graph\":[{\"@type\":\"WebPage\",\"@id\":\"https:\\\/\\\/schweizversand.ch\\\/it\\\/produkt\\\/plan-toys-fotokamera\\\/\",\"url\":\"https:\\\/\\\/schweizversand.ch\\\/it\\\/produkt\\\/plan-toys-fotokamera\\\/\",\"name\":\"Plan Toys Fotokamera | Jetzt kaufen | Schweizversand.ch\",\"isPartOf\":{\"@id\":\"https:\\\/\\\/schweizversand.ch\\\/it\\\/#website\"},\"primaryImageOfPage\":{\"@id\":\"https:\\\/\\\/schweizversand.ch\\\/it\\\/produkt\\\/plan-toys-fotokamera\\\/#primaryimage\"},\"image\":{\"@id\":\"https:\\\/\\\/schweizversand.ch\\\/it\\\/produkt\\\/plan-toys-fotokamera\\\/#primaryimage\"},\"thumbnailUrl\":\"https:\\\/\\\/schweizversand.ch\\\/wp-content\\\/uploads\\\/2026\\\/02\\\/5507199659.jpg\",\"datePublished\":\"2026-03-14T22:20:43+00:00\",\"dateModified\":\"2026-04-21T00:04:16+00:00\",\"description\":\"Plan Toys Fotokamera g\u00fcnstig kaufen bei Schweizversand.ch. Schnelle Lieferung in der Schweiz. Gratisversand ab CHF 50.\",\"breadcrumb\":{\"@id\":\"https:\\\/\\\/schweizversand.ch\\\/it\\\/produkt\\\/plan-toys-fotokamera\\\/#breadcrumb\"},\"inLanguage\":\"it-IT\",\"potentialAction\":[{\"@type\":\"ReadAction\",\"target\":[\"https:\\\/\\\/schweizversand.ch\\\/it\\\/produkt\\\/plan-toys-fotokamera\\\/\"]}]},{\"@type\":\"ImageObject\",\"inLanguage\":\"it-IT\",\"@id\":\"https:\\\/\\\/schweizversand.ch\\\/it\\\/produkt\\\/plan-toys-fotokamera\\\/#primaryimage\",\"url\":\"https:\\\/\\\/schweizversand.ch\\\/wp-content\\\/uploads\\\/2026\\\/02\\\/5507199659.jpg\",\"contentUrl\":\"https:\\\/\\\/schweizversand.ch\\\/wp-content\\\/uploads\\\/2026\\\/02\\\/5507199659.jpg\",\"width\":1024,\"height\":1024},{\"@type\":\"BreadcrumbList\",\"@id\":\"https:\\\/\\\/schweizversand.ch\\\/it\\\/produkt\\\/plan-toys-fotokamera\\\/#breadcrumb\",\"itemListElement\":[{\"@type\":\"ListItem\",\"position\":1,\"name\":\"Startseite\",\"item\":\"https:\\\/\\\/schweizversand.ch\\\/it\\\/home\\\/\"},{\"@type\":\"ListItem\",\"position\":2,\"name\":\"Shop\",\"item\":\"https:\\\/\\\/schweizversand.ch\\\/it\\\/shop\\\/\"},{\"@type\":\"ListItem\",\"position\":3,\"name\":\"Giocattoli e giochi\",\"item\":\"https:\\\/\\\/schweizversand.ch\\\/it\\\/produkt-kategorie\\\/giocattoli-e-giochi\\\/\"},{\"@type\":\"ListItem\",\"position\":4,\"name\":\"Feste e divertimento\",\"item\":\"https:\\\/\\\/schweizversand.ch\\\/it\\\/produkt-kategorie\\\/giocattoli-e-giochi\\\/feste-e-divertimento\\\/\"},{\"@type\":\"ListItem\",\"position\":5,\"name\":\"Varie\",\"item\":\"https:\\\/\\\/schweizversand.ch\\\/it\\\/produkt-kategorie\\\/giocattoli-e-giochi\\\/feste-e-divertimento\\\/diverses\\\/\"},{\"@type\":\"ListItem\",\"position\":6,\"name\":\"Macchina fotografica Plan Toys\"}]},{\"@type\":\"WebSite\",\"@id\":\"https:\\\/\\\/schweizversand.ch\\\/it\\\/#website\",\"url\":\"https:\\\/\\\/schweizversand.ch\\\/it\\\/\",\"name\":\"Schweizer Shop f\u00fcr Sport, Spiel und Freizeit\",\"description\":\"Gratisversand ab 50.- (netto), ab eigenem schweizer Lager, Lieferung innert 48h\",\"publisher\":{\"@id\":\"https:\\\/\\\/schweizversand.ch\\\/it\\\/#organization\"},\"alternateName\":\"Schweizversand.ch\",\"potentialAction\":[{\"@type\":\"SearchAction\",\"target\":{\"@type\":\"EntryPoint\",\"urlTemplate\":\"https:\\\/\\\/schweizversand.ch\\\/it\\\/?s={search_term_string}\"},\"query-input\":{\"@type\":\"PropertyValueSpecification\",\"valueRequired\":true,\"valueName\":\"search_term_string\"}}],\"inLanguage\":\"it-IT\"},{\"@type\":\"Organization\",\"@id\":\"https:\\\/\\\/schweizversand.ch\\\/it\\\/#organization\",\"name\":\"Schweizversand.ch\",\"url\":\"https:\\\/\\\/schweizversand.ch\\\/it\\\/\",\"logo\":{\"@type\":\"ImageObject\",\"inLanguage\":\"it-IT\",\"@id\":\"https:\\\/\\\/schweizversand.ch\\\/it\\\/#\\\/schema\\\/logo\\\/image\\\/\",\"url\":\"https:\\\/\\\/schweizversand.ch\\\/wp-content\\\/uploads\\\/2026\\\/03\\\/Logo_Rund_Final-1.png\",\"contentUrl\":\"https:\\\/\\\/schweizversand.ch\\\/wp-content\\\/uploads\\\/2026\\\/03\\\/Logo_Rund_Final-1.png\",\"width\":404,\"height\":404,\"caption\":\"Schweizversand.ch\"},\"image\":{\"@id\":\"https:\\\/\\\/schweizversand.ch\\\/it\\\/#\\\/schema\\\/logo\\\/image\\\/\"},\"sameAs\":[\"https:\\\/\\\/www.facebook.com\\\/Schweizversand\",\"https:\\\/\\\/www.instagram.com\\\/schweizversand.ch\\\/\"]}]}<\/script>\n<!-- \/ Yoast SEO plugin. -->","yoast_head_json":{"title":"Plan Toys Fotokamera | Jetzt kaufen | Schweizversand.ch","description":"Plan Toys Fotokamera g\u00fcnstig kaufen bei Schweizversand.ch. Schnelle Lieferung in der Schweiz. Gratisversand ab CHF 50.","robots":{"index":"index","follow":"follow","max-snippet":"max-snippet:-1","max-image-preview":"max-image-preview:large","max-video-preview":"max-video-preview:-1"},"canonical":"https:\/\/schweizversand.ch\/it\/produkt\/plan-toys-fotokamera\/","og_locale":"it_IT","og_type":"article","og_title":"Plan Toys Fotokamera | Jetzt kaufen | Schweizversand.ch","og_description":"Plan Toys Fotokamera g\u00fcnstig kaufen bei Schweizversand.ch. Schnelle Lieferung in der Schweiz. Gratisversand ab CHF 50.","og_url":"https:\/\/schweizversand.ch\/it\/produkt\/plan-toys-fotokamera\/","og_site_name":"Schweizer Shop f\u00fcr Sport, Spiel und Freizeit","article_publisher":"https:\/\/www.facebook.com\/Schweizversand","article_modified_time":"2026-04-21T00:04:16+00:00","og_image":[{"width":1024,"height":1024,"url":"https:\/\/schweizversand.ch\/wp-content\/uploads\/2026\/02\/5507199659.jpg","type":"image\/jpeg"}],"twitter_card":"summary_large_image","twitter_misc":{"Tempo di lettura stimato":"1 minuto"},"schema":{"@context":"https:\/\/schema.org","@graph":[{"@type":"WebPage","@id":"https:\/\/schweizversand.ch\/it\/produkt\/plan-toys-fotokamera\/","url":"https:\/\/schweizversand.ch\/it\/produkt\/plan-toys-fotokamera\/","name":"Plan Toys Fotokamera | Jetzt kaufen | Schweizversand.ch","isPartOf":{"@id":"https:\/\/schweizversand.ch\/it\/#website"},"primaryImageOfPage":{"@id":"https:\/\/schweizversand.ch\/it\/produkt\/plan-toys-fotokamera\/#primaryimage"},"image":{"@id":"https:\/\/schweizversand.ch\/it\/produkt\/plan-toys-fotokamera\/#primaryimage"},"thumbnailUrl":"https:\/\/schweizversand.ch\/wp-content\/uploads\/2026\/02\/5507199659.jpg","datePublished":"2026-03-14T22:20:43+00:00","dateModified":"2026-04-21T00:04:16+00:00","description":"Plan Toys Fotokamera g\u00fcnstig kaufen bei Schweizversand.ch. Schnelle Lieferung in der Schweiz. Gratisversand ab CHF 50.","breadcrumb":{"@id":"https:\/\/schweizversand.ch\/it\/produkt\/plan-toys-fotokamera\/#breadcrumb"},"inLanguage":"it-IT","potentialAction":[{"@type":"ReadAction","target":["https:\/\/schweizversand.ch\/it\/produkt\/plan-toys-fotokamera\/"]}]},{"@type":"ImageObject","inLanguage":"it-IT","@id":"https:\/\/schweizversand.ch\/it\/produkt\/plan-toys-fotokamera\/#primaryimage","url":"https:\/\/schweizversand.ch\/wp-content\/uploads\/2026\/02\/5507199659.jpg","contentUrl":"https:\/\/schweizversand.ch\/wp-content\/uploads\/2026\/02\/5507199659.jpg","width":1024,"height":1024},{"@type":"BreadcrumbList","@id":"https:\/\/schweizversand.ch\/it\/produkt\/plan-toys-fotokamera\/#breadcrumb","itemListElement":[{"@type":"ListItem","position":1,"name":"Startseite","item":"https:\/\/schweizversand.ch\/it\/home\/"},{"@type":"ListItem","position":2,"name":"Shop","item":"https:\/\/schweizversand.ch\/it\/shop\/"},{"@type":"ListItem","position":3,"name":"Giocattoli e giochi","item":"https:\/\/schweizversand.ch\/it\/produkt-kategorie\/giocattoli-e-giochi\/"},{"@type":"ListItem","position":4,"name":"Feste e divertimento","item":"https:\/\/schweizversand.ch\/it\/produkt-kategorie\/giocattoli-e-giochi\/feste-e-divertimento\/"},{"@type":"ListItem","position":5,"name":"Varie","item":"https:\/\/schweizversand.ch\/it\/produkt-kategorie\/giocattoli-e-giochi\/feste-e-divertimento\/diverses\/"},{"@type":"ListItem","position":6,"name":"Macchina fotografica Plan Toys"}]},{"@type":"WebSite","@id":"https:\/\/schweizversand.ch\/it\/#website","url":"https:\/\/schweizversand.ch\/it\/","name":"Schweizer Shop f\u00fcr Sport, Spiel und Freizeit","description":"Gratisversand ab 50.- (netto), ab eigenem schweizer Lager, Lieferung innert 48h","publisher":{"@id":"https:\/\/schweizversand.ch\/it\/#organization"},"alternateName":"Schweizversand.ch","potentialAction":[{"@type":"SearchAction","target":{"@type":"EntryPoint","urlTemplate":"https:\/\/schweizversand.ch\/it\/?s={search_term_string}"},"query-input":{"@type":"PropertyValueSpecification","valueRequired":true,"valueName":"search_term_string"}}],"inLanguage":"it-IT"},{"@type":"Organization","@id":"https:\/\/schweizversand.ch\/it\/#organization","name":"Schweizversand.ch","url":"https:\/\/schweizversand.ch\/it\/","logo":{"@type":"ImageObject","inLanguage":"it-IT","@id":"https:\/\/schweizversand.ch\/it\/#\/schema\/logo\/image\/","url":"https:\/\/schweizversand.ch\/wp-content\/uploads\/2026\/03\/Logo_Rund_Final-1.png","contentUrl":"https:\/\/schweizversand.ch\/wp-content\/uploads\/2026\/03\/Logo_Rund_Final-1.png","width":404,"height":404,"caption":"Schweizversand.ch"},"image":{"@id":"https:\/\/schweizversand.ch\/it\/#\/schema\/logo\/image\/"},"sameAs":["https:\/\/www.facebook.com\/Schweizversand","https:\/\/www.instagram.com\/schweizversand.ch\/"]}]}},"jetpack_sharing_enabled":true,"_links":{"self":[{"href":"https:\/\/schweizversand.ch\/it\/wp-json\/wp\/v2\/product\/247361","targetHints":{"allow":["GET"]}}],"collection":[{"href":"https:\/\/schweizversand.ch\/it\/wp-json\/wp\/v2\/product"}],"about":[{"href":"https:\/\/schweizversand.ch\/it\/wp-json\/wp\/v2\/types\/product"}],"replies":[{"embeddable":true,"href":"https:\/\/schweizversand.ch\/it\/wp-json\/wp\/v2\/comments?post=247361"}],"wp:featuredmedia":[{"embeddable":true,"href":"https:\/\/schweizversand.ch\/it\/wp-json\/wp\/v2\/media\/156684"}],"wp:attachment":[{"href":"https:\/\/schweizversand.ch\/it\/wp-json\/wp\/v2\/media?parent=247361"}],"wp:term":[{"taxonomy":"product_brand","embeddable":true,"href":"https:\/\/schweizversand.ch\/it\/wp-json\/wp\/v2\/product_brand?post=247361"},{"taxonomy":"product_cat","embeddable":true,"href":"https:\/\/schweizversand.ch\/it\/wp-json\/wp\/v2\/product_cat?post=247361"},{"taxonomy":"product_tag","embeddable":true,"href":"https:\/\/schweizversand.ch\/it\/wp-json\/wp\/v2\/product_tag?post=247361"}],"curies":[{"name":"wp","href":"https:\/\/api.w.org\/{rel}","templated":true}]}}