{"id":247363,"date":"2026-03-14T23:20:43","date_gmt":"2026-03-14T22:20:43","guid":{"rendered":"https:\/\/schweizversand.ch\/produkt\/new-era-brooklyn-nets-9forty-baseballmuetze\/"},"modified":"2026-04-20T15:35:34","modified_gmt":"2026-04-20T13:35:34","slug":"new-era-brooklyn-nets-9forty-baseballmuetze","status":"publish","type":"product","link":"https:\/\/schweizversand.ch\/it\/produkt\/new-era-brooklyn-nets-9forty-baseballmuetze\/","title":{"rendered":"Cappellino da baseball New Era Brooklyn Nets 9FORTY"},"content":{"rendered":"<h1><strong>Cappellino New Era NBA Brooklyn Nets The League 9FORTY<\/strong><\/h1>\n<div>Scopri il massimo stile Brooklyn con il cappellino ufficiale New Era NBA Brooklyn Nets 9FORTY. Questo iconico cappellino combina un design classico con la massima qualit\u00e0 ed \u00e8 un must per ogni tifoso dei Brooklyn Nets.<\/p>\n<\/div>\n<div><strong>Design e autenticit\u00e0<\/strong><br \/>Questo cappellino dei Brooklyn Nets sfoggia con orgoglio il caratteristico logo della squadra sulla parte anteriore della corona Caramac. Inoltre, il nome della squadra \u00e8 stampato sul retro, sottolineando ulteriormente l&#8217;autenticit\u00e0 di questo <strong>articolo per tifosi dei Brooklyn Nets<\/strong>. Il cappellino New Era aggiunge immediatamente un tocco sportivo e alla moda al tuo outfit. Comfort e vestibilit\u00e0: la silhouette del New Era 9FORTY \u00e8 nota per il suo eccellente comfort. La corona sagomata si adatta perfettamente alla forma della testa e garantisce una vestibilit\u00e0 sicura ad ogni movimento. Grazie alla pratica chiusura in velcro, la taglia pu\u00f2 essere regolata individualmente, quindi il cappellino NBA da uomo calza a pennello. Materiale e protezione: la visiera precurvata protegge efficacemente il viso dal sole, contribuendo anche al look cool. Il cappellino \u00e8 realizzato in 100% cotone, garantendo non solo resistenza ma anche un&#8217;eccellente traspirabilit\u00e0. Dettagli del prodotto: &#8211; Cappellino ufficiale New Era NBA Brooklyn Nets The League 9FORTY &#8211; Materiale: 100% cotone &#8211; Chiusura in velcro regolabile per una vestibilit\u00e0 personalizzata &#8211; Visiera precurvata &#8211; Logo della squadra sul davanti e nome della squadra sul retro. Mostra il tuo supporto per i Nets: acquista subito questo elegante cappellino New Era e porta lo spirito dell&#8217;NBA in strada!<\/p>\n","protected":false},"excerpt":{"rendered":"<p>Cappellino New Era NBA Brooklyn Nets The League 9FORTY Scopri il massimo stile Brooklyn con il cappellino ufficiale New Era NBA Brooklyn Nets 9FORTY. Questo iconico cappellino combina un design classico con la massima qualit\u00e0 ed \u00e8 un must per ogni tifoso dei Brooklyn Nets. Design e autenticit\u00e0Questo cappellino dei Brooklyn Nets sfoggia con orgoglio il caratteristico logo della squadra sulla parte anteriore della corona Caramac. Inoltre, il nome della squadra \u00e8 stampato sul retro,&hellip;<\/p>\n","protected":false},"featured_media":156701,"comment_status":"open","ping_status":"closed","template":"","meta":[],"product_brand":[],"product_cat":[38196],"product_tag":[],"class_list":{"0":"post-247363","1":"product","2":"type-product","3":"status-publish","4":"has-post-thumbnail","6":"product_cat-kopfbedeckung","7":"product_shipping_class-global_methods","9":"first","10":"instock","11":"taxable","12":"shipping-taxable","13":"purchasable","14":"product-type-simple"},"yoast_head":"<!-- This site is optimized with the Yoast SEO plugin v27.4 - https:\/\/yoast.com\/product\/yoast-seo-wordpress\/ -->\n<title>New Era Brooklyn Nets 9FORTY Baseballm\u00fctze | Jetzt kaufen | Schweizversand.ch<\/title>\n<meta name=\"description\" content=\"New Era Brooklyn Nets 9FORTY Baseballm\u00fctze g\u00fcnstig kaufen bei Schweizversand.ch. Schnelle Lieferung in der Schweiz. Gratisversand ab CHF 50.\" \/>\n<meta name=\"robots\" content=\"index, follow, max-snippet:-1, max-image-preview:large, max-video-preview:-1\" \/>\n<link rel=\"canonical\" href=\"https:\/\/schweizversand.ch\/it\/produkt\/new-era-brooklyn-nets-9forty-baseballmuetze\/\" \/>\n<meta property=\"og:locale\" content=\"it_IT\" \/>\n<meta property=\"og:type\" content=\"article\" \/>\n<meta property=\"og:title\" content=\"New Era Brooklyn Nets 9FORTY Baseballm\u00fctze | Jetzt kaufen | Schweizversand.ch\" \/>\n<meta property=\"og:description\" content=\"New Era Brooklyn Nets 9FORTY Baseballm\u00fctze g\u00fcnstig kaufen bei Schweizversand.ch. Schnelle Lieferung in der Schweiz. Gratisversand ab CHF 50.\" \/>\n<meta property=\"og:url\" content=\"https:\/\/schweizversand.ch\/it\/produkt\/new-era-brooklyn-nets-9forty-baseballmuetze\/\" \/>\n<meta property=\"og:site_name\" content=\"Schweizer Shop f\u00fcr Sport, Spiel und Freizeit\" \/>\n<meta property=\"article:publisher\" content=\"https:\/\/www.facebook.com\/Schweizversand\" \/>\n<meta property=\"article:modified_time\" content=\"2026-04-20T13:35:34+00:00\" \/>\n<meta property=\"og:image\" content=\"https:\/\/schweizversand.ch\/wp-content\/uploads\/2026\/02\/5471768831.jpg\" \/>\n\t<meta property=\"og:image:width\" content=\"1024\" \/>\n\t<meta property=\"og:image:height\" content=\"798\" \/>\n\t<meta property=\"og:image:type\" content=\"image\/jpeg\" \/>\n<meta name=\"twitter:card\" content=\"summary_large_image\" \/>\n<meta name=\"twitter:label1\" content=\"Tempo di lettura stimato\" \/>\n\t<meta name=\"twitter:data1\" content=\"1 minuto\" \/>\n<script type=\"application\/ld+json\" class=\"yoast-schema-graph\">{\"@context\":\"https:\\\/\\\/schema.org\",\"@graph\":[{\"@type\":\"WebPage\",\"@id\":\"https:\\\/\\\/schweizversand.ch\\\/it\\\/produkt\\\/new-era-brooklyn-nets-9forty-baseballmuetze\\\/\",\"url\":\"https:\\\/\\\/schweizversand.ch\\\/it\\\/produkt\\\/new-era-brooklyn-nets-9forty-baseballmuetze\\\/\",\"name\":\"New Era Brooklyn Nets 9FORTY Baseballm\u00fctze | Jetzt kaufen | Schweizversand.ch\",\"isPartOf\":{\"@id\":\"https:\\\/\\\/schweizversand.ch\\\/it\\\/#website\"},\"primaryImageOfPage\":{\"@id\":\"https:\\\/\\\/schweizversand.ch\\\/it\\\/produkt\\\/new-era-brooklyn-nets-9forty-baseballmuetze\\\/#primaryimage\"},\"image\":{\"@id\":\"https:\\\/\\\/schweizversand.ch\\\/it\\\/produkt\\\/new-era-brooklyn-nets-9forty-baseballmuetze\\\/#primaryimage\"},\"thumbnailUrl\":\"https:\\\/\\\/schweizversand.ch\\\/wp-content\\\/uploads\\\/2026\\\/02\\\/5471768831.jpg\",\"datePublished\":\"2026-03-14T22:20:43+00:00\",\"dateModified\":\"2026-04-20T13:35:34+00:00\",\"description\":\"New Era Brooklyn Nets 9FORTY Baseballm\u00fctze g\u00fcnstig kaufen bei Schweizversand.ch. Schnelle Lieferung in der Schweiz. Gratisversand ab CHF 50.\",\"breadcrumb\":{\"@id\":\"https:\\\/\\\/schweizversand.ch\\\/it\\\/produkt\\\/new-era-brooklyn-nets-9forty-baseballmuetze\\\/#breadcrumb\"},\"inLanguage\":\"it-IT\",\"potentialAction\":[{\"@type\":\"ReadAction\",\"target\":[\"https:\\\/\\\/schweizversand.ch\\\/it\\\/produkt\\\/new-era-brooklyn-nets-9forty-baseballmuetze\\\/\"]}]},{\"@type\":\"ImageObject\",\"inLanguage\":\"it-IT\",\"@id\":\"https:\\\/\\\/schweizversand.ch\\\/it\\\/produkt\\\/new-era-brooklyn-nets-9forty-baseballmuetze\\\/#primaryimage\",\"url\":\"https:\\\/\\\/schweizversand.ch\\\/wp-content\\\/uploads\\\/2026\\\/02\\\/5471768831.jpg\",\"contentUrl\":\"https:\\\/\\\/schweizversand.ch\\\/wp-content\\\/uploads\\\/2026\\\/02\\\/5471768831.jpg\",\"width\":1024,\"height\":798},{\"@type\":\"BreadcrumbList\",\"@id\":\"https:\\\/\\\/schweizversand.ch\\\/it\\\/produkt\\\/new-era-brooklyn-nets-9forty-baseballmuetze\\\/#breadcrumb\",\"itemListElement\":[{\"@type\":\"ListItem\",\"position\":1,\"name\":\"Startseite\",\"item\":\"https:\\\/\\\/schweizversand.ch\\\/it\\\/home\\\/\"},{\"@type\":\"ListItem\",\"position\":2,\"name\":\"Shop\",\"item\":\"https:\\\/\\\/schweizversand.ch\\\/it\\\/shop\\\/\"},{\"@type\":\"ListItem\",\"position\":3,\"name\":\"Moda\",\"item\":\"https:\\\/\\\/schweizversand.ch\\\/it\\\/produkt-kategorie\\\/moda\\\/\"},{\"@type\":\"ListItem\",\"position\":4,\"name\":\"Accessori moda\",\"item\":\"https:\\\/\\\/schweizversand.ch\\\/it\\\/produkt-kategorie\\\/moda\\\/accessori-moda\\\/\"},{\"@type\":\"ListItem\",\"position\":5,\"name\":\"Copricapi\",\"item\":\"https:\\\/\\\/schweizversand.ch\\\/it\\\/produkt-kategorie\\\/moda\\\/accessori-moda\\\/kopfbedeckung\\\/\"},{\"@type\":\"ListItem\",\"position\":6,\"name\":\"Cappellino da baseball New Era Brooklyn Nets 9FORTY\"}]},{\"@type\":\"WebSite\",\"@id\":\"https:\\\/\\\/schweizversand.ch\\\/it\\\/#website\",\"url\":\"https:\\\/\\\/schweizversand.ch\\\/it\\\/\",\"name\":\"Schweizer Shop f\u00fcr Sport, Spiel und Freizeit\",\"description\":\"Gratisversand ab 50.- (netto), ab eigenem schweizer Lager, Lieferung innert 48h\",\"publisher\":{\"@id\":\"https:\\\/\\\/schweizversand.ch\\\/it\\\/#organization\"},\"alternateName\":\"Schweizversand.ch\",\"potentialAction\":[{\"@type\":\"SearchAction\",\"target\":{\"@type\":\"EntryPoint\",\"urlTemplate\":\"https:\\\/\\\/schweizversand.ch\\\/it\\\/?s={search_term_string}\"},\"query-input\":{\"@type\":\"PropertyValueSpecification\",\"valueRequired\":true,\"valueName\":\"search_term_string\"}}],\"inLanguage\":\"it-IT\"},{\"@type\":\"Organization\",\"@id\":\"https:\\\/\\\/schweizversand.ch\\\/it\\\/#organization\",\"name\":\"Schweizversand.ch\",\"url\":\"https:\\\/\\\/schweizversand.ch\\\/it\\\/\",\"logo\":{\"@type\":\"ImageObject\",\"inLanguage\":\"it-IT\",\"@id\":\"https:\\\/\\\/schweizversand.ch\\\/it\\\/#\\\/schema\\\/logo\\\/image\\\/\",\"url\":\"https:\\\/\\\/schweizversand.ch\\\/wp-content\\\/uploads\\\/2026\\\/03\\\/Logo_Rund_Final-1.png\",\"contentUrl\":\"https:\\\/\\\/schweizversand.ch\\\/wp-content\\\/uploads\\\/2026\\\/03\\\/Logo_Rund_Final-1.png\",\"width\":404,\"height\":404,\"caption\":\"Schweizversand.ch\"},\"image\":{\"@id\":\"https:\\\/\\\/schweizversand.ch\\\/it\\\/#\\\/schema\\\/logo\\\/image\\\/\"},\"sameAs\":[\"https:\\\/\\\/www.facebook.com\\\/Schweizversand\",\"https:\\\/\\\/www.instagram.com\\\/schweizversand.ch\\\/\"]}]}<\/script>\n<!-- \/ Yoast SEO plugin. -->","yoast_head_json":{"title":"New Era Brooklyn Nets 9FORTY Baseballm\u00fctze | Jetzt kaufen | Schweizversand.ch","description":"New Era Brooklyn Nets 9FORTY Baseballm\u00fctze g\u00fcnstig kaufen bei Schweizversand.ch. Schnelle Lieferung in der Schweiz. Gratisversand ab CHF 50.","robots":{"index":"index","follow":"follow","max-snippet":"max-snippet:-1","max-image-preview":"max-image-preview:large","max-video-preview":"max-video-preview:-1"},"canonical":"https:\/\/schweizversand.ch\/it\/produkt\/new-era-brooklyn-nets-9forty-baseballmuetze\/","og_locale":"it_IT","og_type":"article","og_title":"New Era Brooklyn Nets 9FORTY Baseballm\u00fctze | Jetzt kaufen | Schweizversand.ch","og_description":"New Era Brooklyn Nets 9FORTY Baseballm\u00fctze g\u00fcnstig kaufen bei Schweizversand.ch. Schnelle Lieferung in der Schweiz. Gratisversand ab CHF 50.","og_url":"https:\/\/schweizversand.ch\/it\/produkt\/new-era-brooklyn-nets-9forty-baseballmuetze\/","og_site_name":"Schweizer Shop f\u00fcr Sport, Spiel und Freizeit","article_publisher":"https:\/\/www.facebook.com\/Schweizversand","article_modified_time":"2026-04-20T13:35:34+00:00","og_image":[{"width":1024,"height":798,"url":"https:\/\/schweizversand.ch\/wp-content\/uploads\/2026\/02\/5471768831.jpg","type":"image\/jpeg"}],"twitter_card":"summary_large_image","twitter_misc":{"Tempo di lettura stimato":"1 minuto"},"schema":{"@context":"https:\/\/schema.org","@graph":[{"@type":"WebPage","@id":"https:\/\/schweizversand.ch\/it\/produkt\/new-era-brooklyn-nets-9forty-baseballmuetze\/","url":"https:\/\/schweizversand.ch\/it\/produkt\/new-era-brooklyn-nets-9forty-baseballmuetze\/","name":"New Era Brooklyn Nets 9FORTY Baseballm\u00fctze | Jetzt kaufen | Schweizversand.ch","isPartOf":{"@id":"https:\/\/schweizversand.ch\/it\/#website"},"primaryImageOfPage":{"@id":"https:\/\/schweizversand.ch\/it\/produkt\/new-era-brooklyn-nets-9forty-baseballmuetze\/#primaryimage"},"image":{"@id":"https:\/\/schweizversand.ch\/it\/produkt\/new-era-brooklyn-nets-9forty-baseballmuetze\/#primaryimage"},"thumbnailUrl":"https:\/\/schweizversand.ch\/wp-content\/uploads\/2026\/02\/5471768831.jpg","datePublished":"2026-03-14T22:20:43+00:00","dateModified":"2026-04-20T13:35:34+00:00","description":"New Era Brooklyn Nets 9FORTY Baseballm\u00fctze g\u00fcnstig kaufen bei Schweizversand.ch. Schnelle Lieferung in der Schweiz. Gratisversand ab CHF 50.","breadcrumb":{"@id":"https:\/\/schweizversand.ch\/it\/produkt\/new-era-brooklyn-nets-9forty-baseballmuetze\/#breadcrumb"},"inLanguage":"it-IT","potentialAction":[{"@type":"ReadAction","target":["https:\/\/schweizversand.ch\/it\/produkt\/new-era-brooklyn-nets-9forty-baseballmuetze\/"]}]},{"@type":"ImageObject","inLanguage":"it-IT","@id":"https:\/\/schweizversand.ch\/it\/produkt\/new-era-brooklyn-nets-9forty-baseballmuetze\/#primaryimage","url":"https:\/\/schweizversand.ch\/wp-content\/uploads\/2026\/02\/5471768831.jpg","contentUrl":"https:\/\/schweizversand.ch\/wp-content\/uploads\/2026\/02\/5471768831.jpg","width":1024,"height":798},{"@type":"BreadcrumbList","@id":"https:\/\/schweizversand.ch\/it\/produkt\/new-era-brooklyn-nets-9forty-baseballmuetze\/#breadcrumb","itemListElement":[{"@type":"ListItem","position":1,"name":"Startseite","item":"https:\/\/schweizversand.ch\/it\/home\/"},{"@type":"ListItem","position":2,"name":"Shop","item":"https:\/\/schweizversand.ch\/it\/shop\/"},{"@type":"ListItem","position":3,"name":"Moda","item":"https:\/\/schweizversand.ch\/it\/produkt-kategorie\/moda\/"},{"@type":"ListItem","position":4,"name":"Accessori moda","item":"https:\/\/schweizversand.ch\/it\/produkt-kategorie\/moda\/accessori-moda\/"},{"@type":"ListItem","position":5,"name":"Copricapi","item":"https:\/\/schweizversand.ch\/it\/produkt-kategorie\/moda\/accessori-moda\/kopfbedeckung\/"},{"@type":"ListItem","position":6,"name":"Cappellino da baseball New Era Brooklyn Nets 9FORTY"}]},{"@type":"WebSite","@id":"https:\/\/schweizversand.ch\/it\/#website","url":"https:\/\/schweizversand.ch\/it\/","name":"Schweizer Shop f\u00fcr Sport, Spiel und Freizeit","description":"Gratisversand ab 50.- (netto), ab eigenem schweizer Lager, Lieferung innert 48h","publisher":{"@id":"https:\/\/schweizversand.ch\/it\/#organization"},"alternateName":"Schweizversand.ch","potentialAction":[{"@type":"SearchAction","target":{"@type":"EntryPoint","urlTemplate":"https:\/\/schweizversand.ch\/it\/?s={search_term_string}"},"query-input":{"@type":"PropertyValueSpecification","valueRequired":true,"valueName":"search_term_string"}}],"inLanguage":"it-IT"},{"@type":"Organization","@id":"https:\/\/schweizversand.ch\/it\/#organization","name":"Schweizversand.ch","url":"https:\/\/schweizversand.ch\/it\/","logo":{"@type":"ImageObject","inLanguage":"it-IT","@id":"https:\/\/schweizversand.ch\/it\/#\/schema\/logo\/image\/","url":"https:\/\/schweizversand.ch\/wp-content\/uploads\/2026\/03\/Logo_Rund_Final-1.png","contentUrl":"https:\/\/schweizversand.ch\/wp-content\/uploads\/2026\/03\/Logo_Rund_Final-1.png","width":404,"height":404,"caption":"Schweizversand.ch"},"image":{"@id":"https:\/\/schweizversand.ch\/it\/#\/schema\/logo\/image\/"},"sameAs":["https:\/\/www.facebook.com\/Schweizversand","https:\/\/www.instagram.com\/schweizversand.ch\/"]}]}},"jetpack_sharing_enabled":true,"_links":{"self":[{"href":"https:\/\/schweizversand.ch\/it\/wp-json\/wp\/v2\/product\/247363","targetHints":{"allow":["GET"]}}],"collection":[{"href":"https:\/\/schweizversand.ch\/it\/wp-json\/wp\/v2\/product"}],"about":[{"href":"https:\/\/schweizversand.ch\/it\/wp-json\/wp\/v2\/types\/product"}],"replies":[{"embeddable":true,"href":"https:\/\/schweizversand.ch\/it\/wp-json\/wp\/v2\/comments?post=247363"}],"wp:featuredmedia":[{"embeddable":true,"href":"https:\/\/schweizversand.ch\/it\/wp-json\/wp\/v2\/media\/156701"}],"wp:attachment":[{"href":"https:\/\/schweizversand.ch\/it\/wp-json\/wp\/v2\/media?parent=247363"}],"wp:term":[{"taxonomy":"product_brand","embeddable":true,"href":"https:\/\/schweizversand.ch\/it\/wp-json\/wp\/v2\/product_brand?post=247363"},{"taxonomy":"product_cat","embeddable":true,"href":"https:\/\/schweizversand.ch\/it\/wp-json\/wp\/v2\/product_cat?post=247363"},{"taxonomy":"product_tag","embeddable":true,"href":"https:\/\/schweizversand.ch\/it\/wp-json\/wp\/v2\/product_tag?post=247363"}],"curies":[{"name":"wp","href":"https:\/\/api.w.org\/{rel}","templated":true}]}}