{"id":247401,"date":"2026-03-14T23:21:36","date_gmt":"2026-03-14T22:21:36","guid":{"rendered":"https:\/\/schweizversand.ch\/produkt\/champ-decke-sherpa-premium\/"},"modified":"2026-04-20T02:06:02","modified_gmt":"2026-04-20T00:06:02","slug":"champ-decke-sherpa-premium","status":"publish","type":"product","link":"https:\/\/schweizversand.ch\/it\/produkt\/champ-decke-sherpa-premium\/","title":{"rendered":"Coperta CHAMP Sherpa Premium"},"content":{"rendered":"<h1><strong>Coperta Sherpa Premium &#8211; 150&#215;200 cm<\/strong><\/h1>\n<div>Scopri un comfort e un calore senza pari con la <strong>coperta Sherpa<\/strong>, che trasforma la tua casa in un&#8217;oasi accogliente. Questa coperta di alta qualit\u00e0 da <strong>150&#215;200<\/strong> cm unisce un design elegante a un calore funzionale ed \u00e8 la compagna ideale per ore di relax sul divano.<\/p>\n<\/div>\n<div><strong>Design e sensazione al tatto: il tocco vellutato<\/strong><br \/>Questa coperta stabilisce nuovi standard in termini di morbidezza. Il fronte \u00e8 realizzato in pregiata flanella, che al tatto ricorda una lussuosa <strong>coperta Velvet Touch<\/strong>. L&#8217;elegante superficie trapuntata conferisce alla coperta un aspetto moderno, mentre il retro, realizzato in morbido materiale Sherpa, garantisce un comfort immediato. Sentirai la differenza che questa coperta di alta qualit\u00e0 fa nel tuo soggiorno. Calore e comfort per le giornate fredde. La combinazione di flanella e sherpa rende questa coperta la coperta calda perfetta per i mesi pi\u00f9 freddi. La coperta in flanella e sherpa trattiene in modo ottimale il calore corporeo e offre una sensazione di sicurezza senza essere troppo pesante. Godetevi serate accoglienti, coccolati in questo materiale meravigliosamente morbido che sfida anche le temperature pi\u00f9 rigide. Materiali di alta qualit\u00e0 e lunga durata. Diamo importanza alla lavorazione di alta qualit\u00e0, garantendovi un piacere duraturo con questo prodotto. I materiali robusti sono progettati per mantenere la loro forma e la loro eccezionale morbidezza anche dopo ripetuti lavaggi. Questo rende la coperta estremamente facile da pulire e adatta all&#8217;uso quotidiano.<\/p>\n<\/div>\n<div><strong>Dettagli tecnici e specifiche<\/strong><br \/>&#8211; Dimensioni: 150 x 200 cm<br \/>&#8211; Materiale frontale: Flanella circa 220 g\/m\u00b2 (per una superficie morbida e vellutata)<br \/>&#8211; Materiale posteriore: Sherpa bianco circa 200 g\/m\u00b2 (per maggiore calore e comfort)<br \/>&#8211; Imbottitura: Poliestere circa 150 g\/m\u00b2 (per una coperta leggera e calda)<br \/>&#8211; Colori: Disponibile in antracite e fango (talpa)<br \/>&#8211; Nota: la consegna avviene in un colore casuale (non \u00e8 possibile scegliere il colore). Il prezzo \u00e8 per coperta.<\/p>\n<\/div>\n<div>Assicurati subito questa versatile <strong>coperta Sherpa<\/strong> e investi nel massimo comfort per la tua casa. Ordina oggi e goditi tante ore di relax.<\/p>\n<\/div>\n<div><\/div>\n","protected":false},"excerpt":{"rendered":"<p>Coperta Sherpa Premium &#8211; 150&#215;200 cm Scopri un comfort e un calore senza pari con la coperta Sherpa, che trasforma la tua casa in un&#8217;oasi accogliente. Questa coperta di alta qualit\u00e0 da 150&#215;200 cm unisce un design elegante a un calore funzionale ed \u00e8 la compagna ideale per ore di relax sul divano. Design e sensazione al tatto: il tocco vellutatoQuesta coperta stabilisce nuovi standard in termini di morbidezza. Il fronte \u00e8 realizzato in pregiata&hellip;<\/p>\n","protected":false},"featured_media":164987,"comment_status":"open","ping_status":"closed","template":"","meta":[],"product_brand":[],"product_cat":[38228],"product_tag":[],"class_list":{"0":"post-247401","1":"product","2":"type-product","3":"status-publish","4":"has-post-thumbnail","6":"product_cat-wohntextilien-teppiche","7":"product_shipping_class-global_methods","9":"first","10":"instock","11":"taxable","12":"shipping-taxable","13":"purchasable","14":"product-type-simple"},"yoast_head":"<!-- This site is optimized with the Yoast SEO plugin v27.4 - https:\/\/yoast.com\/product\/yoast-seo-wordpress\/ -->\n<title>CHAMP Decke Sherpa Premium | Jetzt kaufen | Schweizversand.ch<\/title>\n<meta name=\"description\" content=\"CHAMP Decke Sherpa Premium g\u00fcnstig kaufen bei Schweizversand.ch. Schnelle Lieferung in der Schweiz. Gratisversand ab CHF 50.\" \/>\n<meta name=\"robots\" content=\"index, follow, max-snippet:-1, max-image-preview:large, max-video-preview:-1\" \/>\n<link rel=\"canonical\" href=\"https:\/\/schweizversand.ch\/it\/produkt\/champ-decke-sherpa-premium\/\" \/>\n<meta property=\"og:locale\" content=\"it_IT\" \/>\n<meta property=\"og:type\" content=\"article\" \/>\n<meta property=\"og:title\" content=\"CHAMP Decke Sherpa Premium | Jetzt kaufen | Schweizversand.ch\" \/>\n<meta property=\"og:description\" content=\"CHAMP Decke Sherpa Premium g\u00fcnstig kaufen bei Schweizversand.ch. Schnelle Lieferung in der Schweiz. Gratisversand ab CHF 50.\" \/>\n<meta property=\"og:url\" content=\"https:\/\/schweizversand.ch\/it\/produkt\/champ-decke-sherpa-premium\/\" \/>\n<meta property=\"og:site_name\" content=\"Schweizer Shop f\u00fcr Sport, Spiel und Freizeit\" \/>\n<meta property=\"article:publisher\" content=\"https:\/\/www.facebook.com\/Schweizversand\" \/>\n<meta property=\"article:modified_time\" content=\"2026-04-20T00:06:02+00:00\" \/>\n<meta property=\"og:image\" content=\"https:\/\/schweizversand.ch\/wp-content\/uploads\/2026\/02\/5560396001.jpg\" \/>\n\t<meta property=\"og:image:width\" content=\"1024\" \/>\n\t<meta property=\"og:image:height\" content=\"683\" \/>\n\t<meta property=\"og:image:type\" content=\"image\/jpeg\" \/>\n<meta name=\"twitter:card\" content=\"summary_large_image\" \/>\n<meta name=\"twitter:label1\" content=\"Tempo di lettura stimato\" \/>\n\t<meta name=\"twitter:data1\" content=\"2 minuto\" \/>\n<script type=\"application\/ld+json\" class=\"yoast-schema-graph\">{\"@context\":\"https:\\\/\\\/schema.org\",\"@graph\":[{\"@type\":\"WebPage\",\"@id\":\"https:\\\/\\\/schweizversand.ch\\\/it\\\/produkt\\\/champ-decke-sherpa-premium\\\/\",\"url\":\"https:\\\/\\\/schweizversand.ch\\\/it\\\/produkt\\\/champ-decke-sherpa-premium\\\/\",\"name\":\"CHAMP Decke Sherpa Premium | Jetzt kaufen | Schweizversand.ch\",\"isPartOf\":{\"@id\":\"https:\\\/\\\/schweizversand.ch\\\/it\\\/#website\"},\"primaryImageOfPage\":{\"@id\":\"https:\\\/\\\/schweizversand.ch\\\/it\\\/produkt\\\/champ-decke-sherpa-premium\\\/#primaryimage\"},\"image\":{\"@id\":\"https:\\\/\\\/schweizversand.ch\\\/it\\\/produkt\\\/champ-decke-sherpa-premium\\\/#primaryimage\"},\"thumbnailUrl\":\"https:\\\/\\\/schweizversand.ch\\\/wp-content\\\/uploads\\\/2026\\\/02\\\/5560396001.jpg\",\"datePublished\":\"2026-03-14T22:21:36+00:00\",\"dateModified\":\"2026-04-20T00:06:02+00:00\",\"description\":\"CHAMP Decke Sherpa Premium g\u00fcnstig kaufen bei Schweizversand.ch. Schnelle Lieferung in der Schweiz. Gratisversand ab CHF 50.\",\"breadcrumb\":{\"@id\":\"https:\\\/\\\/schweizversand.ch\\\/it\\\/produkt\\\/champ-decke-sherpa-premium\\\/#breadcrumb\"},\"inLanguage\":\"it-IT\",\"potentialAction\":[{\"@type\":\"ReadAction\",\"target\":[\"https:\\\/\\\/schweizversand.ch\\\/it\\\/produkt\\\/champ-decke-sherpa-premium\\\/\"]}]},{\"@type\":\"ImageObject\",\"inLanguage\":\"it-IT\",\"@id\":\"https:\\\/\\\/schweizversand.ch\\\/it\\\/produkt\\\/champ-decke-sherpa-premium\\\/#primaryimage\",\"url\":\"https:\\\/\\\/schweizversand.ch\\\/wp-content\\\/uploads\\\/2026\\\/02\\\/5560396001.jpg\",\"contentUrl\":\"https:\\\/\\\/schweizversand.ch\\\/wp-content\\\/uploads\\\/2026\\\/02\\\/5560396001.jpg\",\"width\":1024,\"height\":683},{\"@type\":\"BreadcrumbList\",\"@id\":\"https:\\\/\\\/schweizversand.ch\\\/it\\\/produkt\\\/champ-decke-sherpa-premium\\\/#breadcrumb\",\"itemListElement\":[{\"@type\":\"ListItem\",\"position\":1,\"name\":\"Startseite\",\"item\":\"https:\\\/\\\/schweizversand.ch\\\/it\\\/home\\\/\"},{\"@type\":\"ListItem\",\"position\":2,\"name\":\"Shop\",\"item\":\"https:\\\/\\\/schweizversand.ch\\\/it\\\/shop\\\/\"},{\"@type\":\"ListItem\",\"position\":3,\"name\":\"Home\",\"item\":\"https:\\\/\\\/schweizversand.ch\\\/it\\\/produkt-kategorie\\\/home\\\/\"},{\"@type\":\"ListItem\",\"position\":4,\"name\":\"Tessili per la casa\",\"item\":\"https:\\\/\\\/schweizversand.ch\\\/it\\\/produkt-kategorie\\\/home\\\/tessili-per-la-casa\\\/\"},{\"@type\":\"ListItem\",\"position\":5,\"name\":\"Tessili per la casa e tappeti\",\"item\":\"https:\\\/\\\/schweizversand.ch\\\/it\\\/produkt-kategorie\\\/home\\\/tessili-per-la-casa\\\/wohntextilien-teppiche\\\/\"},{\"@type\":\"ListItem\",\"position\":6,\"name\":\"Coperta CHAMP Sherpa Premium\"}]},{\"@type\":\"WebSite\",\"@id\":\"https:\\\/\\\/schweizversand.ch\\\/it\\\/#website\",\"url\":\"https:\\\/\\\/schweizversand.ch\\\/it\\\/\",\"name\":\"Schweizer Shop f\u00fcr Sport, Spiel und Freizeit\",\"description\":\"Gratisversand ab 50.- (netto), ab eigenem schweizer Lager, Lieferung innert 48h\",\"publisher\":{\"@id\":\"https:\\\/\\\/schweizversand.ch\\\/it\\\/#organization\"},\"alternateName\":\"Schweizversand.ch\",\"potentialAction\":[{\"@type\":\"SearchAction\",\"target\":{\"@type\":\"EntryPoint\",\"urlTemplate\":\"https:\\\/\\\/schweizversand.ch\\\/it\\\/?s={search_term_string}\"},\"query-input\":{\"@type\":\"PropertyValueSpecification\",\"valueRequired\":true,\"valueName\":\"search_term_string\"}}],\"inLanguage\":\"it-IT\"},{\"@type\":\"Organization\",\"@id\":\"https:\\\/\\\/schweizversand.ch\\\/it\\\/#organization\",\"name\":\"Schweizversand.ch\",\"url\":\"https:\\\/\\\/schweizversand.ch\\\/it\\\/\",\"logo\":{\"@type\":\"ImageObject\",\"inLanguage\":\"it-IT\",\"@id\":\"https:\\\/\\\/schweizversand.ch\\\/it\\\/#\\\/schema\\\/logo\\\/image\\\/\",\"url\":\"https:\\\/\\\/schweizversand.ch\\\/wp-content\\\/uploads\\\/2026\\\/03\\\/Logo_Rund_Final-1.png\",\"contentUrl\":\"https:\\\/\\\/schweizversand.ch\\\/wp-content\\\/uploads\\\/2026\\\/03\\\/Logo_Rund_Final-1.png\",\"width\":404,\"height\":404,\"caption\":\"Schweizversand.ch\"},\"image\":{\"@id\":\"https:\\\/\\\/schweizversand.ch\\\/it\\\/#\\\/schema\\\/logo\\\/image\\\/\"},\"sameAs\":[\"https:\\\/\\\/www.facebook.com\\\/Schweizversand\",\"https:\\\/\\\/www.instagram.com\\\/schweizversand.ch\\\/\"]}]}<\/script>\n<!-- \/ Yoast SEO plugin. -->","yoast_head_json":{"title":"CHAMP Decke Sherpa Premium | Jetzt kaufen | Schweizversand.ch","description":"CHAMP Decke Sherpa Premium g\u00fcnstig kaufen bei Schweizversand.ch. Schnelle Lieferung in der Schweiz. Gratisversand ab CHF 50.","robots":{"index":"index","follow":"follow","max-snippet":"max-snippet:-1","max-image-preview":"max-image-preview:large","max-video-preview":"max-video-preview:-1"},"canonical":"https:\/\/schweizversand.ch\/it\/produkt\/champ-decke-sherpa-premium\/","og_locale":"it_IT","og_type":"article","og_title":"CHAMP Decke Sherpa Premium | Jetzt kaufen | Schweizversand.ch","og_description":"CHAMP Decke Sherpa Premium g\u00fcnstig kaufen bei Schweizversand.ch. Schnelle Lieferung in der Schweiz. Gratisversand ab CHF 50.","og_url":"https:\/\/schweizversand.ch\/it\/produkt\/champ-decke-sherpa-premium\/","og_site_name":"Schweizer Shop f\u00fcr Sport, Spiel und Freizeit","article_publisher":"https:\/\/www.facebook.com\/Schweizversand","article_modified_time":"2026-04-20T00:06:02+00:00","og_image":[{"width":1024,"height":683,"url":"https:\/\/schweizversand.ch\/wp-content\/uploads\/2026\/02\/5560396001.jpg","type":"image\/jpeg"}],"twitter_card":"summary_large_image","twitter_misc":{"Tempo di lettura stimato":"2 minuto"},"schema":{"@context":"https:\/\/schema.org","@graph":[{"@type":"WebPage","@id":"https:\/\/schweizversand.ch\/it\/produkt\/champ-decke-sherpa-premium\/","url":"https:\/\/schweizversand.ch\/it\/produkt\/champ-decke-sherpa-premium\/","name":"CHAMP Decke Sherpa Premium | Jetzt kaufen | Schweizversand.ch","isPartOf":{"@id":"https:\/\/schweizversand.ch\/it\/#website"},"primaryImageOfPage":{"@id":"https:\/\/schweizversand.ch\/it\/produkt\/champ-decke-sherpa-premium\/#primaryimage"},"image":{"@id":"https:\/\/schweizversand.ch\/it\/produkt\/champ-decke-sherpa-premium\/#primaryimage"},"thumbnailUrl":"https:\/\/schweizversand.ch\/wp-content\/uploads\/2026\/02\/5560396001.jpg","datePublished":"2026-03-14T22:21:36+00:00","dateModified":"2026-04-20T00:06:02+00:00","description":"CHAMP Decke Sherpa Premium g\u00fcnstig kaufen bei Schweizversand.ch. Schnelle Lieferung in der Schweiz. Gratisversand ab CHF 50.","breadcrumb":{"@id":"https:\/\/schweizversand.ch\/it\/produkt\/champ-decke-sherpa-premium\/#breadcrumb"},"inLanguage":"it-IT","potentialAction":[{"@type":"ReadAction","target":["https:\/\/schweizversand.ch\/it\/produkt\/champ-decke-sherpa-premium\/"]}]},{"@type":"ImageObject","inLanguage":"it-IT","@id":"https:\/\/schweizversand.ch\/it\/produkt\/champ-decke-sherpa-premium\/#primaryimage","url":"https:\/\/schweizversand.ch\/wp-content\/uploads\/2026\/02\/5560396001.jpg","contentUrl":"https:\/\/schweizversand.ch\/wp-content\/uploads\/2026\/02\/5560396001.jpg","width":1024,"height":683},{"@type":"BreadcrumbList","@id":"https:\/\/schweizversand.ch\/it\/produkt\/champ-decke-sherpa-premium\/#breadcrumb","itemListElement":[{"@type":"ListItem","position":1,"name":"Startseite","item":"https:\/\/schweizversand.ch\/it\/home\/"},{"@type":"ListItem","position":2,"name":"Shop","item":"https:\/\/schweizversand.ch\/it\/shop\/"},{"@type":"ListItem","position":3,"name":"Home","item":"https:\/\/schweizversand.ch\/it\/produkt-kategorie\/home\/"},{"@type":"ListItem","position":4,"name":"Tessili per la casa","item":"https:\/\/schweizversand.ch\/it\/produkt-kategorie\/home\/tessili-per-la-casa\/"},{"@type":"ListItem","position":5,"name":"Tessili per la casa e tappeti","item":"https:\/\/schweizversand.ch\/it\/produkt-kategorie\/home\/tessili-per-la-casa\/wohntextilien-teppiche\/"},{"@type":"ListItem","position":6,"name":"Coperta CHAMP Sherpa Premium"}]},{"@type":"WebSite","@id":"https:\/\/schweizversand.ch\/it\/#website","url":"https:\/\/schweizversand.ch\/it\/","name":"Schweizer Shop f\u00fcr Sport, Spiel und Freizeit","description":"Gratisversand ab 50.- (netto), ab eigenem schweizer Lager, Lieferung innert 48h","publisher":{"@id":"https:\/\/schweizversand.ch\/it\/#organization"},"alternateName":"Schweizversand.ch","potentialAction":[{"@type":"SearchAction","target":{"@type":"EntryPoint","urlTemplate":"https:\/\/schweizversand.ch\/it\/?s={search_term_string}"},"query-input":{"@type":"PropertyValueSpecification","valueRequired":true,"valueName":"search_term_string"}}],"inLanguage":"it-IT"},{"@type":"Organization","@id":"https:\/\/schweizversand.ch\/it\/#organization","name":"Schweizversand.ch","url":"https:\/\/schweizversand.ch\/it\/","logo":{"@type":"ImageObject","inLanguage":"it-IT","@id":"https:\/\/schweizversand.ch\/it\/#\/schema\/logo\/image\/","url":"https:\/\/schweizversand.ch\/wp-content\/uploads\/2026\/03\/Logo_Rund_Final-1.png","contentUrl":"https:\/\/schweizversand.ch\/wp-content\/uploads\/2026\/03\/Logo_Rund_Final-1.png","width":404,"height":404,"caption":"Schweizversand.ch"},"image":{"@id":"https:\/\/schweizversand.ch\/it\/#\/schema\/logo\/image\/"},"sameAs":["https:\/\/www.facebook.com\/Schweizversand","https:\/\/www.instagram.com\/schweizversand.ch\/"]}]}},"jetpack_sharing_enabled":true,"_links":{"self":[{"href":"https:\/\/schweizversand.ch\/it\/wp-json\/wp\/v2\/product\/247401","targetHints":{"allow":["GET"]}}],"collection":[{"href":"https:\/\/schweizversand.ch\/it\/wp-json\/wp\/v2\/product"}],"about":[{"href":"https:\/\/schweizversand.ch\/it\/wp-json\/wp\/v2\/types\/product"}],"replies":[{"embeddable":true,"href":"https:\/\/schweizversand.ch\/it\/wp-json\/wp\/v2\/comments?post=247401"}],"wp:featuredmedia":[{"embeddable":true,"href":"https:\/\/schweizversand.ch\/it\/wp-json\/wp\/v2\/media\/164987"}],"wp:attachment":[{"href":"https:\/\/schweizversand.ch\/it\/wp-json\/wp\/v2\/media?parent=247401"}],"wp:term":[{"taxonomy":"product_brand","embeddable":true,"href":"https:\/\/schweizversand.ch\/it\/wp-json\/wp\/v2\/product_brand?post=247401"},{"taxonomy":"product_cat","embeddable":true,"href":"https:\/\/schweizversand.ch\/it\/wp-json\/wp\/v2\/product_cat?post=247401"},{"taxonomy":"product_tag","embeddable":true,"href":"https:\/\/schweizversand.ch\/it\/wp-json\/wp\/v2\/product_tag?post=247401"}],"curies":[{"name":"wp","href":"https:\/\/api.w.org\/{rel}","templated":true}]}}