{"id":247404,"date":"2026-03-14T23:21:36","date_gmt":"2026-03-14T22:21:36","guid":{"rendered":"https:\/\/schweizversand.ch\/produkt\/homeline-muellsackrolle-240-liter\/"},"modified":"2026-04-21T02:05:40","modified_gmt":"2026-04-21T00:05:40","slug":"homeline-muellsackrolle-240-liter","status":"publish","type":"product","link":"https:\/\/schweizversand.ch\/it\/produkt\/homeline-muellsackrolle-240-liter\/","title":{"rendered":"Rotolo di sacchi per la spazzatura Homeline da 240 litri"},"content":{"rendered":"<p>Scopri i nostri sacchi per rifiuti extra resistenti da 240 litri: la soluzione ideale per le attivit\u00e0 di smaltimento rifiuti pi\u00f9 impegnative in casa, in giardino o nel settore della ristorazione. Misurano 100 x 125 cm, si adattano perfettamente ai contenitori a rulli standard e sono ideali anche per i rifiuti ingombranti. Realizzati con almeno l&#8217;80% di materiale riciclato, questi sacchi sono una scelta ecologica. L&#8217;elevata resistenza allo strappo e il design completamente a tenuta stagna garantiscono una pulizia affidabile, anche con rifiuti umidi o pesanti. Che tu stia ristrutturando, gestendo un ristorante o curando il tuo giardino, i nostri sacchi per rifiuti mantengono le loro promesse. Affidati alla qualit\u00e0 e alla sostenibilit\u00e0 per le tue esigenze di smaltimento rifiuti.<\/p>\n<\/p>\n<p>Ordina subito i tuoi sacchi per rifiuti extra resistenti da 240 litri per contenitori a rulli e beneficia di prestazioni, durata e responsabilit\u00e0 ambientale in un unico prodotto.<\/p>\n","protected":false},"excerpt":{"rendered":"<p>Scopri i nostri sacchi per rifiuti extra resistenti da 240 litri: la soluzione ideale per le attivit\u00e0 di smaltimento rifiuti pi\u00f9 impegnative in casa, in giardino o nel settore della ristorazione. Misurano 100 x 125 cm, si adattano perfettamente ai contenitori a rulli standard e sono ideali anche per i rifiuti ingombranti. Realizzati con almeno l&#8217;80% di materiale riciclato, questi sacchi sono una scelta ecologica. L&#8217;elevata resistenza allo strappo e il design completamente a tenuta&hellip;<\/p>\n","protected":false},"featured_media":165005,"comment_status":"open","ping_status":"closed","template":"","meta":[],"product_brand":[],"product_cat":[38235,38232],"product_tag":[],"class_list":{"0":"post-247404","1":"product","2":"type-product","3":"status-publish","4":"has-post-thumbnail","6":"product_cat-pulizia","7":"product_cat-entsorgen-reinigen","8":"product_shipping_class-global_methods","10":"first","11":"instock","12":"taxable","13":"shipping-taxable","14":"purchasable","15":"product-type-simple"},"yoast_head":"<!-- This site is optimized with the Yoast SEO plugin v27.4 - https:\/\/yoast.com\/product\/yoast-seo-wordpress\/ -->\n<title>Homeline M\u00fcllsackrolle 240 Liter | Jetzt kaufen | Schweizversand.ch<\/title>\n<meta name=\"description\" content=\"Homeline M\u00fcllsackrolle 240 Liter g\u00fcnstig kaufen bei Schweizversand.ch. Schnelle Lieferung in der Schweiz. Gratisversand ab CHF 50.\" \/>\n<meta name=\"robots\" content=\"index, follow, max-snippet:-1, max-image-preview:large, max-video-preview:-1\" \/>\n<link rel=\"canonical\" href=\"https:\/\/schweizversand.ch\/it\/produkt\/homeline-muellsackrolle-240-liter\/\" \/>\n<meta property=\"og:locale\" content=\"it_IT\" \/>\n<meta property=\"og:type\" content=\"article\" \/>\n<meta property=\"og:title\" content=\"Homeline M\u00fcllsackrolle 240 Liter | Jetzt kaufen | Schweizversand.ch\" \/>\n<meta property=\"og:description\" content=\"Homeline M\u00fcllsackrolle 240 Liter g\u00fcnstig kaufen bei Schweizversand.ch. Schnelle Lieferung in der Schweiz. Gratisversand ab CHF 50.\" \/>\n<meta property=\"og:url\" content=\"https:\/\/schweizversand.ch\/it\/produkt\/homeline-muellsackrolle-240-liter\/\" \/>\n<meta property=\"og:site_name\" content=\"Schweizer Shop f\u00fcr Sport, Spiel und Freizeit\" \/>\n<meta property=\"article:publisher\" content=\"https:\/\/www.facebook.com\/Schweizversand\" \/>\n<meta property=\"article:modified_time\" content=\"2026-04-21T00:05:40+00:00\" \/>\n<meta property=\"og:image\" content=\"https:\/\/schweizversand.ch\/wp-content\/uploads\/2026\/02\/5471532497.jpg\" \/>\n\t<meta property=\"og:image:width\" content=\"1024\" \/>\n\t<meta property=\"og:image:height\" content=\"769\" \/>\n\t<meta property=\"og:image:type\" content=\"image\/jpeg\" \/>\n<meta name=\"twitter:card\" content=\"summary_large_image\" \/>\n<meta name=\"twitter:label1\" content=\"Tempo di lettura stimato\" \/>\n\t<meta name=\"twitter:data1\" content=\"1 minuto\" \/>\n<script type=\"application\/ld+json\" class=\"yoast-schema-graph\">{\"@context\":\"https:\\\/\\\/schema.org\",\"@graph\":[{\"@type\":\"WebPage\",\"@id\":\"https:\\\/\\\/schweizversand.ch\\\/it\\\/produkt\\\/homeline-muellsackrolle-240-liter\\\/\",\"url\":\"https:\\\/\\\/schweizversand.ch\\\/it\\\/produkt\\\/homeline-muellsackrolle-240-liter\\\/\",\"name\":\"Homeline M\u00fcllsackrolle 240 Liter | Jetzt kaufen | Schweizversand.ch\",\"isPartOf\":{\"@id\":\"https:\\\/\\\/schweizversand.ch\\\/it\\\/#website\"},\"primaryImageOfPage\":{\"@id\":\"https:\\\/\\\/schweizversand.ch\\\/it\\\/produkt\\\/homeline-muellsackrolle-240-liter\\\/#primaryimage\"},\"image\":{\"@id\":\"https:\\\/\\\/schweizversand.ch\\\/it\\\/produkt\\\/homeline-muellsackrolle-240-liter\\\/#primaryimage\"},\"thumbnailUrl\":\"https:\\\/\\\/schweizversand.ch\\\/wp-content\\\/uploads\\\/2026\\\/02\\\/5471532497.jpg\",\"datePublished\":\"2026-03-14T22:21:36+00:00\",\"dateModified\":\"2026-04-21T00:05:40+00:00\",\"description\":\"Homeline M\u00fcllsackrolle 240 Liter g\u00fcnstig kaufen bei Schweizversand.ch. Schnelle Lieferung in der Schweiz. Gratisversand ab CHF 50.\",\"breadcrumb\":{\"@id\":\"https:\\\/\\\/schweizversand.ch\\\/it\\\/produkt\\\/homeline-muellsackrolle-240-liter\\\/#breadcrumb\"},\"inLanguage\":\"it-IT\",\"potentialAction\":[{\"@type\":\"ReadAction\",\"target\":[\"https:\\\/\\\/schweizversand.ch\\\/it\\\/produkt\\\/homeline-muellsackrolle-240-liter\\\/\"]}]},{\"@type\":\"ImageObject\",\"inLanguage\":\"it-IT\",\"@id\":\"https:\\\/\\\/schweizversand.ch\\\/it\\\/produkt\\\/homeline-muellsackrolle-240-liter\\\/#primaryimage\",\"url\":\"https:\\\/\\\/schweizversand.ch\\\/wp-content\\\/uploads\\\/2026\\\/02\\\/5471532497.jpg\",\"contentUrl\":\"https:\\\/\\\/schweizversand.ch\\\/wp-content\\\/uploads\\\/2026\\\/02\\\/5471532497.jpg\",\"width\":1024,\"height\":769},{\"@type\":\"BreadcrumbList\",\"@id\":\"https:\\\/\\\/schweizversand.ch\\\/it\\\/produkt\\\/homeline-muellsackrolle-240-liter\\\/#breadcrumb\",\"itemListElement\":[{\"@type\":\"ListItem\",\"position\":1,\"name\":\"Startseite\",\"item\":\"https:\\\/\\\/schweizversand.ch\\\/it\\\/home\\\/\"},{\"@type\":\"ListItem\",\"position\":2,\"name\":\"Shop\",\"item\":\"https:\\\/\\\/schweizversand.ch\\\/it\\\/shop\\\/\"},{\"@type\":\"ListItem\",\"position\":3,\"name\":\"Casa\",\"item\":\"https:\\\/\\\/schweizversand.ch\\\/it\\\/produkt-kategorie\\\/casa\\\/\"},{\"@type\":\"ListItem\",\"position\":4,\"name\":\"Cucina\",\"item\":\"https:\\\/\\\/schweizversand.ch\\\/it\\\/produkt-kategorie\\\/casa\\\/cucina\\\/\"},{\"@type\":\"ListItem\",\"position\":5,\"name\":\"Smaltimento\",\"item\":\"https:\\\/\\\/schweizversand.ch\\\/it\\\/produkt-kategorie\\\/casa\\\/cucina\\\/entsorgen-reinigen\\\/\"},{\"@type\":\"ListItem\",\"position\":6,\"name\":\"Pulizia\",\"item\":\"https:\\\/\\\/schweizversand.ch\\\/it\\\/produkt-kategorie\\\/casa\\\/cucina\\\/entsorgen-reinigen\\\/pulizia\\\/\"},{\"@type\":\"ListItem\",\"position\":7,\"name\":\"Rotolo di sacchi per la spazzatura Homeline da 240 litri\"}]},{\"@type\":\"WebSite\",\"@id\":\"https:\\\/\\\/schweizversand.ch\\\/it\\\/#website\",\"url\":\"https:\\\/\\\/schweizversand.ch\\\/it\\\/\",\"name\":\"Schweizer Shop f\u00fcr Sport, Spiel und Freizeit\",\"description\":\"Gratisversand ab 50.- (netto), ab eigenem schweizer Lager, Lieferung innert 48h\",\"publisher\":{\"@id\":\"https:\\\/\\\/schweizversand.ch\\\/it\\\/#organization\"},\"alternateName\":\"Schweizversand.ch\",\"potentialAction\":[{\"@type\":\"SearchAction\",\"target\":{\"@type\":\"EntryPoint\",\"urlTemplate\":\"https:\\\/\\\/schweizversand.ch\\\/it\\\/?s={search_term_string}\"},\"query-input\":{\"@type\":\"PropertyValueSpecification\",\"valueRequired\":true,\"valueName\":\"search_term_string\"}}],\"inLanguage\":\"it-IT\"},{\"@type\":\"Organization\",\"@id\":\"https:\\\/\\\/schweizversand.ch\\\/it\\\/#organization\",\"name\":\"Schweizversand.ch\",\"url\":\"https:\\\/\\\/schweizversand.ch\\\/it\\\/\",\"logo\":{\"@type\":\"ImageObject\",\"inLanguage\":\"it-IT\",\"@id\":\"https:\\\/\\\/schweizversand.ch\\\/it\\\/#\\\/schema\\\/logo\\\/image\\\/\",\"url\":\"https:\\\/\\\/schweizversand.ch\\\/wp-content\\\/uploads\\\/2026\\\/03\\\/Logo_Rund_Final-1.png\",\"contentUrl\":\"https:\\\/\\\/schweizversand.ch\\\/wp-content\\\/uploads\\\/2026\\\/03\\\/Logo_Rund_Final-1.png\",\"width\":404,\"height\":404,\"caption\":\"Schweizversand.ch\"},\"image\":{\"@id\":\"https:\\\/\\\/schweizversand.ch\\\/it\\\/#\\\/schema\\\/logo\\\/image\\\/\"},\"sameAs\":[\"https:\\\/\\\/www.facebook.com\\\/Schweizversand\",\"https:\\\/\\\/www.instagram.com\\\/schweizversand.ch\\\/\"]}]}<\/script>\n<!-- \/ Yoast SEO plugin. -->","yoast_head_json":{"title":"Homeline M\u00fcllsackrolle 240 Liter | Jetzt kaufen | Schweizversand.ch","description":"Homeline M\u00fcllsackrolle 240 Liter g\u00fcnstig kaufen bei Schweizversand.ch. Schnelle Lieferung in der Schweiz. Gratisversand ab CHF 50.","robots":{"index":"index","follow":"follow","max-snippet":"max-snippet:-1","max-image-preview":"max-image-preview:large","max-video-preview":"max-video-preview:-1"},"canonical":"https:\/\/schweizversand.ch\/it\/produkt\/homeline-muellsackrolle-240-liter\/","og_locale":"it_IT","og_type":"article","og_title":"Homeline M\u00fcllsackrolle 240 Liter | Jetzt kaufen | Schweizversand.ch","og_description":"Homeline M\u00fcllsackrolle 240 Liter g\u00fcnstig kaufen bei Schweizversand.ch. Schnelle Lieferung in der Schweiz. Gratisversand ab CHF 50.","og_url":"https:\/\/schweizversand.ch\/it\/produkt\/homeline-muellsackrolle-240-liter\/","og_site_name":"Schweizer Shop f\u00fcr Sport, Spiel und Freizeit","article_publisher":"https:\/\/www.facebook.com\/Schweizversand","article_modified_time":"2026-04-21T00:05:40+00:00","og_image":[{"width":1024,"height":769,"url":"https:\/\/schweizversand.ch\/wp-content\/uploads\/2026\/02\/5471532497.jpg","type":"image\/jpeg"}],"twitter_card":"summary_large_image","twitter_misc":{"Tempo di lettura stimato":"1 minuto"},"schema":{"@context":"https:\/\/schema.org","@graph":[{"@type":"WebPage","@id":"https:\/\/schweizversand.ch\/it\/produkt\/homeline-muellsackrolle-240-liter\/","url":"https:\/\/schweizversand.ch\/it\/produkt\/homeline-muellsackrolle-240-liter\/","name":"Homeline M\u00fcllsackrolle 240 Liter | Jetzt kaufen | Schweizversand.ch","isPartOf":{"@id":"https:\/\/schweizversand.ch\/it\/#website"},"primaryImageOfPage":{"@id":"https:\/\/schweizversand.ch\/it\/produkt\/homeline-muellsackrolle-240-liter\/#primaryimage"},"image":{"@id":"https:\/\/schweizversand.ch\/it\/produkt\/homeline-muellsackrolle-240-liter\/#primaryimage"},"thumbnailUrl":"https:\/\/schweizversand.ch\/wp-content\/uploads\/2026\/02\/5471532497.jpg","datePublished":"2026-03-14T22:21:36+00:00","dateModified":"2026-04-21T00:05:40+00:00","description":"Homeline M\u00fcllsackrolle 240 Liter g\u00fcnstig kaufen bei Schweizversand.ch. Schnelle Lieferung in der Schweiz. Gratisversand ab CHF 50.","breadcrumb":{"@id":"https:\/\/schweizversand.ch\/it\/produkt\/homeline-muellsackrolle-240-liter\/#breadcrumb"},"inLanguage":"it-IT","potentialAction":[{"@type":"ReadAction","target":["https:\/\/schweizversand.ch\/it\/produkt\/homeline-muellsackrolle-240-liter\/"]}]},{"@type":"ImageObject","inLanguage":"it-IT","@id":"https:\/\/schweizversand.ch\/it\/produkt\/homeline-muellsackrolle-240-liter\/#primaryimage","url":"https:\/\/schweizversand.ch\/wp-content\/uploads\/2026\/02\/5471532497.jpg","contentUrl":"https:\/\/schweizversand.ch\/wp-content\/uploads\/2026\/02\/5471532497.jpg","width":1024,"height":769},{"@type":"BreadcrumbList","@id":"https:\/\/schweizversand.ch\/it\/produkt\/homeline-muellsackrolle-240-liter\/#breadcrumb","itemListElement":[{"@type":"ListItem","position":1,"name":"Startseite","item":"https:\/\/schweizversand.ch\/it\/home\/"},{"@type":"ListItem","position":2,"name":"Shop","item":"https:\/\/schweizversand.ch\/it\/shop\/"},{"@type":"ListItem","position":3,"name":"Casa","item":"https:\/\/schweizversand.ch\/it\/produkt-kategorie\/casa\/"},{"@type":"ListItem","position":4,"name":"Cucina","item":"https:\/\/schweizversand.ch\/it\/produkt-kategorie\/casa\/cucina\/"},{"@type":"ListItem","position":5,"name":"Smaltimento","item":"https:\/\/schweizversand.ch\/it\/produkt-kategorie\/casa\/cucina\/entsorgen-reinigen\/"},{"@type":"ListItem","position":6,"name":"Pulizia","item":"https:\/\/schweizversand.ch\/it\/produkt-kategorie\/casa\/cucina\/entsorgen-reinigen\/pulizia\/"},{"@type":"ListItem","position":7,"name":"Rotolo di sacchi per la spazzatura Homeline da 240 litri"}]},{"@type":"WebSite","@id":"https:\/\/schweizversand.ch\/it\/#website","url":"https:\/\/schweizversand.ch\/it\/","name":"Schweizer Shop f\u00fcr Sport, Spiel und Freizeit","description":"Gratisversand ab 50.- (netto), ab eigenem schweizer Lager, Lieferung innert 48h","publisher":{"@id":"https:\/\/schweizversand.ch\/it\/#organization"},"alternateName":"Schweizversand.ch","potentialAction":[{"@type":"SearchAction","target":{"@type":"EntryPoint","urlTemplate":"https:\/\/schweizversand.ch\/it\/?s={search_term_string}"},"query-input":{"@type":"PropertyValueSpecification","valueRequired":true,"valueName":"search_term_string"}}],"inLanguage":"it-IT"},{"@type":"Organization","@id":"https:\/\/schweizversand.ch\/it\/#organization","name":"Schweizversand.ch","url":"https:\/\/schweizversand.ch\/it\/","logo":{"@type":"ImageObject","inLanguage":"it-IT","@id":"https:\/\/schweizversand.ch\/it\/#\/schema\/logo\/image\/","url":"https:\/\/schweizversand.ch\/wp-content\/uploads\/2026\/03\/Logo_Rund_Final-1.png","contentUrl":"https:\/\/schweizversand.ch\/wp-content\/uploads\/2026\/03\/Logo_Rund_Final-1.png","width":404,"height":404,"caption":"Schweizversand.ch"},"image":{"@id":"https:\/\/schweizversand.ch\/it\/#\/schema\/logo\/image\/"},"sameAs":["https:\/\/www.facebook.com\/Schweizversand","https:\/\/www.instagram.com\/schweizversand.ch\/"]}]}},"jetpack_sharing_enabled":true,"_links":{"self":[{"href":"https:\/\/schweizversand.ch\/it\/wp-json\/wp\/v2\/product\/247404","targetHints":{"allow":["GET"]}}],"collection":[{"href":"https:\/\/schweizversand.ch\/it\/wp-json\/wp\/v2\/product"}],"about":[{"href":"https:\/\/schweizversand.ch\/it\/wp-json\/wp\/v2\/types\/product"}],"replies":[{"embeddable":true,"href":"https:\/\/schweizversand.ch\/it\/wp-json\/wp\/v2\/comments?post=247404"}],"wp:featuredmedia":[{"embeddable":true,"href":"https:\/\/schweizversand.ch\/it\/wp-json\/wp\/v2\/media\/165005"}],"wp:attachment":[{"href":"https:\/\/schweizversand.ch\/it\/wp-json\/wp\/v2\/media?parent=247404"}],"wp:term":[{"taxonomy":"product_brand","embeddable":true,"href":"https:\/\/schweizversand.ch\/it\/wp-json\/wp\/v2\/product_brand?post=247404"},{"taxonomy":"product_cat","embeddable":true,"href":"https:\/\/schweizversand.ch\/it\/wp-json\/wp\/v2\/product_cat?post=247404"},{"taxonomy":"product_tag","embeddable":true,"href":"https:\/\/schweizversand.ch\/it\/wp-json\/wp\/v2\/product_tag?post=247404"}],"curies":[{"name":"wp","href":"https:\/\/api.w.org\/{rel}","templated":true}]}}