{"id":247408,"date":"2026-03-14T23:21:37","date_gmt":"2026-03-14T22:21:37","guid":{"rendered":"https:\/\/schweizversand.ch\/produkt\/deski-aluminium-bratpfanne\/"},"modified":"2026-04-19T02:07:01","modified_gmt":"2026-04-19T00:07:01","slug":"deski-aluminium-bratpfanne","status":"publish","type":"product","link":"https:\/\/schweizversand.ch\/it\/produkt\/deski-aluminium-bratpfanne\/","title":{"rendered":"Padella in alluminio Deski"},"content":{"rendered":"<h1><strong>Padella in ceramica antiaderente 24 cm<\/strong><\/h1>\n<div>Riscopri il piacere di cucinare con questa <strong>padella in ceramica<\/strong> di alta qualit\u00e0. Combina eccellenti propriet\u00e0 antiaderenti con una struttura robusta ed \u00e8 il partner ideale per le tue creazioni culinarie quotidiane. Ottieni risultati croccanti senza sforzo, risparmiando grassi.<\/p>\n<\/div>\n<div><strong>Prestazioni di frittura impressionanti e tecnologia antiaderente<\/strong><br \/>Questa <strong>padella antiaderente in alluminio<\/strong> \u00e8 dotata di un doppio rivestimento in ceramica che impedisce la bruciatura, anche con un uso minimo di olio o grasso. La doppia <strong>padella in ceramica<\/strong> \u00e8 neutra in termini di sapore e odore, garantendo che il sapore puro del cibo venga preservato. Grazie alla distribuzione rapida e uniforme del calore, risparmi anche energia e tempo. Compatibilit\u00e0 e maneggevolezza: questa padella \u00e8 versatile, adatta a tutti i piani cottura ed \u00e8 perfetta per piani cottura a induzione, in ceramica, alogeni, a gas ed elettrici. L&#8217;impugnatura soft-touch in bachelite resistente al calore garantisce una manipolazione sicura e confortevole. Goditi la massima flessibilit\u00e0 in cucina con questa <strong>padella di alta qualit\u00e0<\/strong>.<\/p>\n<\/div>\n<div><strong>Caratteristiche e cura del prodotto<\/strong><br \/>&#8211; Dimensioni: \u00d8 24 cm di diametro<br \/>&#8211; Rivestimento: Doppio rivestimento antiaderente in ceramica<br \/>&#8211; Resistenza al calore: Adatto al forno fino a 180\u00b0C<br \/>&#8211; Pulizia: Particolarmente facile da pulire, lavabile in lavastoviglie<br \/>&#8211; Manico: Manico soft-touch in bachelite resistente al calore<\/p>\n<\/div>\n<div><strong>Specifiche tecniche<\/strong><br \/>&#8211; Dimensioni complessive della padella: L 42,7 x P 24 x A 4,7 cm<br \/>&#8211; Superficie della base: \u00d8 19,5 cm<br \/>&#8211; Lunghezza del manico: L 17,5 cm<\/p>\n<\/div>\n<div>Investi in questa <strong>padella in ceramica da 28 cm<\/strong> (Nota: la dimensione offerta \u00e8 24 cm, ma la qualit\u00e0 \u00e8 la stessa) e Scopri quanto pu\u00f2 essere facile friggere in modo sano e croccante. Ordina subito e arricchisci la tua cucina con questo strumento di cottura essenziale.<\/p>\n<\/div>\n<div>\n<\/div>\n","protected":false},"excerpt":{"rendered":"<p>Padella in ceramica antiaderente 24 cm Riscopri il piacere di cucinare con questa padella in ceramica di alta qualit\u00e0. Combina eccellenti propriet\u00e0 antiaderenti con una struttura robusta ed \u00e8 il partner ideale per le tue creazioni culinarie quotidiane. Ottieni risultati croccanti senza sforzo, risparmiando grassi. Prestazioni di frittura impressionanti e tecnologia antiaderenteQuesta padella antiaderente in alluminio \u00e8 dotata di un doppio rivestimento in ceramica che impedisce la bruciatura, anche con un uso minimo di olio&hellip;<\/p>\n","protected":false},"featured_media":165010,"comment_status":"open","ping_status":"closed","template":"","meta":[],"product_brand":[],"product_cat":[38237,38238],"product_tag":[],"class_list":{"0":"post-247408","1":"product","2":"type-product","3":"status-publish","4":"has-post-thumbnail","6":"product_cat-kochen-zubereiten","7":"product_cat-preparazione","8":"product_shipping_class-global_methods","10":"first","11":"instock","12":"taxable","13":"shipping-taxable","14":"purchasable","15":"product-type-simple"},"yoast_head":"<!-- This site is optimized with the Yoast SEO plugin v27.4 - https:\/\/yoast.com\/product\/yoast-seo-wordpress\/ -->\n<title>Deski Aluminium Bratpfanne | Jetzt kaufen | Schweizversand.ch<\/title>\n<meta name=\"description\" content=\"Deski Aluminium Bratpfanne g\u00fcnstig kaufen bei Schweizversand.ch. Schnelle Lieferung in der Schweiz. Gratisversand ab CHF 50.\" \/>\n<meta name=\"robots\" content=\"index, follow, max-snippet:-1, max-image-preview:large, max-video-preview:-1\" \/>\n<link rel=\"canonical\" href=\"https:\/\/schweizversand.ch\/it\/produkt\/deski-aluminium-bratpfanne\/\" \/>\n<meta property=\"og:locale\" content=\"it_IT\" \/>\n<meta property=\"og:type\" content=\"article\" \/>\n<meta property=\"og:title\" content=\"Deski Aluminium Bratpfanne | Jetzt kaufen | Schweizversand.ch\" \/>\n<meta property=\"og:description\" content=\"Deski Aluminium Bratpfanne g\u00fcnstig kaufen bei Schweizversand.ch. Schnelle Lieferung in der Schweiz. Gratisversand ab CHF 50.\" \/>\n<meta property=\"og:url\" content=\"https:\/\/schweizversand.ch\/it\/produkt\/deski-aluminium-bratpfanne\/\" \/>\n<meta property=\"og:site_name\" content=\"Schweizer Shop f\u00fcr Sport, Spiel und Freizeit\" \/>\n<meta property=\"article:publisher\" content=\"https:\/\/www.facebook.com\/Schweizversand\" \/>\n<meta property=\"article:modified_time\" content=\"2026-04-19T00:07:01+00:00\" \/>\n<meta property=\"og:image\" content=\"https:\/\/schweizversand.ch\/wp-content\/uploads\/2026\/02\/5471652885.jpg\" \/>\n\t<meta property=\"og:image:width\" content=\"1024\" \/>\n\t<meta property=\"og:image:height\" content=\"615\" \/>\n\t<meta property=\"og:image:type\" content=\"image\/jpeg\" \/>\n<meta name=\"twitter:card\" content=\"summary_large_image\" \/>\n<meta name=\"twitter:label1\" content=\"Tempo di lettura stimato\" \/>\n\t<meta name=\"twitter:data1\" content=\"1 minuto\" \/>\n<script type=\"application\/ld+json\" class=\"yoast-schema-graph\">{\"@context\":\"https:\\\/\\\/schema.org\",\"@graph\":[{\"@type\":\"WebPage\",\"@id\":\"https:\\\/\\\/schweizversand.ch\\\/it\\\/produkt\\\/deski-aluminium-bratpfanne\\\/\",\"url\":\"https:\\\/\\\/schweizversand.ch\\\/it\\\/produkt\\\/deski-aluminium-bratpfanne\\\/\",\"name\":\"Deski Aluminium Bratpfanne | Jetzt kaufen | Schweizversand.ch\",\"isPartOf\":{\"@id\":\"https:\\\/\\\/schweizversand.ch\\\/it\\\/#website\"},\"primaryImageOfPage\":{\"@id\":\"https:\\\/\\\/schweizversand.ch\\\/it\\\/produkt\\\/deski-aluminium-bratpfanne\\\/#primaryimage\"},\"image\":{\"@id\":\"https:\\\/\\\/schweizversand.ch\\\/it\\\/produkt\\\/deski-aluminium-bratpfanne\\\/#primaryimage\"},\"thumbnailUrl\":\"https:\\\/\\\/schweizversand.ch\\\/wp-content\\\/uploads\\\/2026\\\/02\\\/5471652885.jpg\",\"datePublished\":\"2026-03-14T22:21:37+00:00\",\"dateModified\":\"2026-04-19T00:07:01+00:00\",\"description\":\"Deski Aluminium Bratpfanne g\u00fcnstig kaufen bei Schweizversand.ch. Schnelle Lieferung in der Schweiz. Gratisversand ab CHF 50.\",\"breadcrumb\":{\"@id\":\"https:\\\/\\\/schweizversand.ch\\\/it\\\/produkt\\\/deski-aluminium-bratpfanne\\\/#breadcrumb\"},\"inLanguage\":\"it-IT\",\"potentialAction\":[{\"@type\":\"ReadAction\",\"target\":[\"https:\\\/\\\/schweizversand.ch\\\/it\\\/produkt\\\/deski-aluminium-bratpfanne\\\/\"]}]},{\"@type\":\"ImageObject\",\"inLanguage\":\"it-IT\",\"@id\":\"https:\\\/\\\/schweizversand.ch\\\/it\\\/produkt\\\/deski-aluminium-bratpfanne\\\/#primaryimage\",\"url\":\"https:\\\/\\\/schweizversand.ch\\\/wp-content\\\/uploads\\\/2026\\\/02\\\/5471652885.jpg\",\"contentUrl\":\"https:\\\/\\\/schweizversand.ch\\\/wp-content\\\/uploads\\\/2026\\\/02\\\/5471652885.jpg\",\"width\":1024,\"height\":615},{\"@type\":\"BreadcrumbList\",\"@id\":\"https:\\\/\\\/schweizversand.ch\\\/it\\\/produkt\\\/deski-aluminium-bratpfanne\\\/#breadcrumb\",\"itemListElement\":[{\"@type\":\"ListItem\",\"position\":1,\"name\":\"Startseite\",\"item\":\"https:\\\/\\\/schweizversand.ch\\\/it\\\/home\\\/\"},{\"@type\":\"ListItem\",\"position\":2,\"name\":\"Shop\",\"item\":\"https:\\\/\\\/schweizversand.ch\\\/it\\\/shop\\\/\"},{\"@type\":\"ListItem\",\"position\":3,\"name\":\"Casa\",\"item\":\"https:\\\/\\\/schweizversand.ch\\\/it\\\/produkt-kategorie\\\/casa\\\/\"},{\"@type\":\"ListItem\",\"position\":4,\"name\":\"Cucina\",\"item\":\"https:\\\/\\\/schweizversand.ch\\\/it\\\/produkt-kategorie\\\/casa\\\/cucina\\\/\"},{\"@type\":\"ListItem\",\"position\":5,\"name\":\"Cottura\",\"item\":\"https:\\\/\\\/schweizversand.ch\\\/it\\\/produkt-kategorie\\\/casa\\\/cucina\\\/kochen-zubereiten\\\/\"},{\"@type\":\"ListItem\",\"position\":6,\"name\":\"Preparazione\",\"item\":\"https:\\\/\\\/schweizversand.ch\\\/it\\\/produkt-kategorie\\\/casa\\\/cucina\\\/kochen-zubereiten\\\/preparazione\\\/\"},{\"@type\":\"ListItem\",\"position\":7,\"name\":\"Padella in alluminio Deski\"}]},{\"@type\":\"WebSite\",\"@id\":\"https:\\\/\\\/schweizversand.ch\\\/it\\\/#website\",\"url\":\"https:\\\/\\\/schweizversand.ch\\\/it\\\/\",\"name\":\"Schweizer Shop f\u00fcr Sport, Spiel und Freizeit\",\"description\":\"Gratisversand ab 50.- (netto), ab eigenem schweizer Lager, Lieferung innert 48h\",\"publisher\":{\"@id\":\"https:\\\/\\\/schweizversand.ch\\\/it\\\/#organization\"},\"alternateName\":\"Schweizversand.ch\",\"potentialAction\":[{\"@type\":\"SearchAction\",\"target\":{\"@type\":\"EntryPoint\",\"urlTemplate\":\"https:\\\/\\\/schweizversand.ch\\\/it\\\/?s={search_term_string}\"},\"query-input\":{\"@type\":\"PropertyValueSpecification\",\"valueRequired\":true,\"valueName\":\"search_term_string\"}}],\"inLanguage\":\"it-IT\"},{\"@type\":\"Organization\",\"@id\":\"https:\\\/\\\/schweizversand.ch\\\/it\\\/#organization\",\"name\":\"Schweizversand.ch\",\"url\":\"https:\\\/\\\/schweizversand.ch\\\/it\\\/\",\"logo\":{\"@type\":\"ImageObject\",\"inLanguage\":\"it-IT\",\"@id\":\"https:\\\/\\\/schweizversand.ch\\\/it\\\/#\\\/schema\\\/logo\\\/image\\\/\",\"url\":\"https:\\\/\\\/schweizversand.ch\\\/wp-content\\\/uploads\\\/2026\\\/03\\\/Logo_Rund_Final-1.png\",\"contentUrl\":\"https:\\\/\\\/schweizversand.ch\\\/wp-content\\\/uploads\\\/2026\\\/03\\\/Logo_Rund_Final-1.png\",\"width\":404,\"height\":404,\"caption\":\"Schweizversand.ch\"},\"image\":{\"@id\":\"https:\\\/\\\/schweizversand.ch\\\/it\\\/#\\\/schema\\\/logo\\\/image\\\/\"},\"sameAs\":[\"https:\\\/\\\/www.facebook.com\\\/Schweizversand\",\"https:\\\/\\\/www.instagram.com\\\/schweizversand.ch\\\/\"]}]}<\/script>\n<!-- \/ Yoast SEO plugin. -->","yoast_head_json":{"title":"Deski Aluminium Bratpfanne | Jetzt kaufen | Schweizversand.ch","description":"Deski Aluminium Bratpfanne g\u00fcnstig kaufen bei Schweizversand.ch. Schnelle Lieferung in der Schweiz. Gratisversand ab CHF 50.","robots":{"index":"index","follow":"follow","max-snippet":"max-snippet:-1","max-image-preview":"max-image-preview:large","max-video-preview":"max-video-preview:-1"},"canonical":"https:\/\/schweizversand.ch\/it\/produkt\/deski-aluminium-bratpfanne\/","og_locale":"it_IT","og_type":"article","og_title":"Deski Aluminium Bratpfanne | Jetzt kaufen | Schweizversand.ch","og_description":"Deski Aluminium Bratpfanne g\u00fcnstig kaufen bei Schweizversand.ch. Schnelle Lieferung in der Schweiz. Gratisversand ab CHF 50.","og_url":"https:\/\/schweizversand.ch\/it\/produkt\/deski-aluminium-bratpfanne\/","og_site_name":"Schweizer Shop f\u00fcr Sport, Spiel und Freizeit","article_publisher":"https:\/\/www.facebook.com\/Schweizversand","article_modified_time":"2026-04-19T00:07:01+00:00","og_image":[{"width":1024,"height":615,"url":"https:\/\/schweizversand.ch\/wp-content\/uploads\/2026\/02\/5471652885.jpg","type":"image\/jpeg"}],"twitter_card":"summary_large_image","twitter_misc":{"Tempo di lettura stimato":"1 minuto"},"schema":{"@context":"https:\/\/schema.org","@graph":[{"@type":"WebPage","@id":"https:\/\/schweizversand.ch\/it\/produkt\/deski-aluminium-bratpfanne\/","url":"https:\/\/schweizversand.ch\/it\/produkt\/deski-aluminium-bratpfanne\/","name":"Deski Aluminium Bratpfanne | Jetzt kaufen | Schweizversand.ch","isPartOf":{"@id":"https:\/\/schweizversand.ch\/it\/#website"},"primaryImageOfPage":{"@id":"https:\/\/schweizversand.ch\/it\/produkt\/deski-aluminium-bratpfanne\/#primaryimage"},"image":{"@id":"https:\/\/schweizversand.ch\/it\/produkt\/deski-aluminium-bratpfanne\/#primaryimage"},"thumbnailUrl":"https:\/\/schweizversand.ch\/wp-content\/uploads\/2026\/02\/5471652885.jpg","datePublished":"2026-03-14T22:21:37+00:00","dateModified":"2026-04-19T00:07:01+00:00","description":"Deski Aluminium Bratpfanne g\u00fcnstig kaufen bei Schweizversand.ch. Schnelle Lieferung in der Schweiz. Gratisversand ab CHF 50.","breadcrumb":{"@id":"https:\/\/schweizversand.ch\/it\/produkt\/deski-aluminium-bratpfanne\/#breadcrumb"},"inLanguage":"it-IT","potentialAction":[{"@type":"ReadAction","target":["https:\/\/schweizversand.ch\/it\/produkt\/deski-aluminium-bratpfanne\/"]}]},{"@type":"ImageObject","inLanguage":"it-IT","@id":"https:\/\/schweizversand.ch\/it\/produkt\/deski-aluminium-bratpfanne\/#primaryimage","url":"https:\/\/schweizversand.ch\/wp-content\/uploads\/2026\/02\/5471652885.jpg","contentUrl":"https:\/\/schweizversand.ch\/wp-content\/uploads\/2026\/02\/5471652885.jpg","width":1024,"height":615},{"@type":"BreadcrumbList","@id":"https:\/\/schweizversand.ch\/it\/produkt\/deski-aluminium-bratpfanne\/#breadcrumb","itemListElement":[{"@type":"ListItem","position":1,"name":"Startseite","item":"https:\/\/schweizversand.ch\/it\/home\/"},{"@type":"ListItem","position":2,"name":"Shop","item":"https:\/\/schweizversand.ch\/it\/shop\/"},{"@type":"ListItem","position":3,"name":"Casa","item":"https:\/\/schweizversand.ch\/it\/produkt-kategorie\/casa\/"},{"@type":"ListItem","position":4,"name":"Cucina","item":"https:\/\/schweizversand.ch\/it\/produkt-kategorie\/casa\/cucina\/"},{"@type":"ListItem","position":5,"name":"Cottura","item":"https:\/\/schweizversand.ch\/it\/produkt-kategorie\/casa\/cucina\/kochen-zubereiten\/"},{"@type":"ListItem","position":6,"name":"Preparazione","item":"https:\/\/schweizversand.ch\/it\/produkt-kategorie\/casa\/cucina\/kochen-zubereiten\/preparazione\/"},{"@type":"ListItem","position":7,"name":"Padella in alluminio Deski"}]},{"@type":"WebSite","@id":"https:\/\/schweizversand.ch\/it\/#website","url":"https:\/\/schweizversand.ch\/it\/","name":"Schweizer Shop f\u00fcr Sport, Spiel und Freizeit","description":"Gratisversand ab 50.- (netto), ab eigenem schweizer Lager, Lieferung innert 48h","publisher":{"@id":"https:\/\/schweizversand.ch\/it\/#organization"},"alternateName":"Schweizversand.ch","potentialAction":[{"@type":"SearchAction","target":{"@type":"EntryPoint","urlTemplate":"https:\/\/schweizversand.ch\/it\/?s={search_term_string}"},"query-input":{"@type":"PropertyValueSpecification","valueRequired":true,"valueName":"search_term_string"}}],"inLanguage":"it-IT"},{"@type":"Organization","@id":"https:\/\/schweizversand.ch\/it\/#organization","name":"Schweizversand.ch","url":"https:\/\/schweizversand.ch\/it\/","logo":{"@type":"ImageObject","inLanguage":"it-IT","@id":"https:\/\/schweizversand.ch\/it\/#\/schema\/logo\/image\/","url":"https:\/\/schweizversand.ch\/wp-content\/uploads\/2026\/03\/Logo_Rund_Final-1.png","contentUrl":"https:\/\/schweizversand.ch\/wp-content\/uploads\/2026\/03\/Logo_Rund_Final-1.png","width":404,"height":404,"caption":"Schweizversand.ch"},"image":{"@id":"https:\/\/schweizversand.ch\/it\/#\/schema\/logo\/image\/"},"sameAs":["https:\/\/www.facebook.com\/Schweizversand","https:\/\/www.instagram.com\/schweizversand.ch\/"]}]}},"jetpack_sharing_enabled":true,"_links":{"self":[{"href":"https:\/\/schweizversand.ch\/it\/wp-json\/wp\/v2\/product\/247408","targetHints":{"allow":["GET"]}}],"collection":[{"href":"https:\/\/schweizversand.ch\/it\/wp-json\/wp\/v2\/product"}],"about":[{"href":"https:\/\/schweizversand.ch\/it\/wp-json\/wp\/v2\/types\/product"}],"replies":[{"embeddable":true,"href":"https:\/\/schweizversand.ch\/it\/wp-json\/wp\/v2\/comments?post=247408"}],"wp:featuredmedia":[{"embeddable":true,"href":"https:\/\/schweizversand.ch\/it\/wp-json\/wp\/v2\/media\/165010"}],"wp:attachment":[{"href":"https:\/\/schweizversand.ch\/it\/wp-json\/wp\/v2\/media?parent=247408"}],"wp:term":[{"taxonomy":"product_brand","embeddable":true,"href":"https:\/\/schweizversand.ch\/it\/wp-json\/wp\/v2\/product_brand?post=247408"},{"taxonomy":"product_cat","embeddable":true,"href":"https:\/\/schweizversand.ch\/it\/wp-json\/wp\/v2\/product_cat?post=247408"},{"taxonomy":"product_tag","embeddable":true,"href":"https:\/\/schweizversand.ch\/it\/wp-json\/wp\/v2\/product_tag?post=247408"}],"curies":[{"name":"wp","href":"https:\/\/api.w.org\/{rel}","templated":true}]}}