{"id":247414,"date":"2026-03-14T23:21:37","date_gmt":"2026-03-14T22:21:37","guid":{"rendered":"https:\/\/schweizversand.ch\/produkt\/kynast-sonnenschirm-beleuchtung\/"},"modified":"2026-04-22T15:37:12","modified_gmt":"2026-04-22T13:37:12","slug":"kynast-sonnenschirm-beleuchtung","status":"publish","type":"product","link":"https:\/\/schweizversand.ch\/it\/produkt\/kynast-sonnenschirm-beleuchtung\/","title":{"rendered":"Illuminazione per ombrelloni Kynast"},"content":{"rendered":"<p>&#8220;Illuminazione suggestiva per il tuo ombrellone: \u200b\u200bla luce a LED per ombrellone&#8221;<\/p>\n<p>Illumina le tue serate estive con questa pratica luce per ombrellone! Con un diametro di 20 cm e un&#8217;altezza di soli 3,5 cm, la luce pu\u00f2 essere facilmente fissata al tuo ombrellone. \u00c8 dotata di 28 LED bianco freddo e fornisce un&#8217;illuminazione piacevole e suggestiva. La luce \u00e8 dotata di una pratica batteria ricaricabile (Li-ion 3,7 V, 1800 mAh) e offre un&#8217;autonomia di circa 6-8 ore.<\/p>\n<p>Grazie al timer integrato (6 ore ON \/ 18 ore OFF) e al cavo di ricarica USB-C, l&#8217;utilizzo \u00e8 particolarmente comodo ed efficiente dal punto di vista energetico. L&#8217;interruttore on\/off garantisce un facile utilizzo e il grado di protezione IP44 garantisce un utilizzo sicuro all&#8217;aperto, anche in caso di pioggia leggera.<\/p>\n<p>Caratteristiche:<\/p>\n<p>\u2022 Dimensioni: \u00d8 20 cm, Altezza: 3,5 cm<\/p>\n<p>\u2022 28 LED bianco freddo per un&#8217;illuminazione d&#8217;atmosfera<\/p>\n<p>\u2022 Batteria da 1800 mAh per circa 6-8 ore di illuminazione<\/p>\n<p>\u2022 Timer: 6 ore di accensione \/ 18 ore di spegnimento<\/p>\n<p>\u2022 Cavo di ricarica USB-C incluso<\/p>\n<p>\u2022 Interruttore on\/off per un facile utilizzo<\/p>\n<p>\u2022 \u2022 Grado di protezione: IP44 \u2013 resistente alle intemperie e agli schizzi<\/p>\n<p>\u2022 Materiale: Plastica<\/p>\n<p>Perfetta per serate accoglienti in giardino o in terrazza: questa lampada per ombrellone crea l&#8217;atmosfera perfetta!<\/p>\n","protected":false},"excerpt":{"rendered":"<p>&#8220;Illuminazione suggestiva per il tuo ombrellone: \u200b\u200bla luce a LED per ombrellone&#8221; Illumina le tue serate estive con questa pratica luce per ombrellone! Con un diametro di 20 cm e un&#8217;altezza di soli 3,5 cm, la luce pu\u00f2 essere facilmente fissata al tuo ombrellone. \u00c8 dotata di 28 LED bianco freddo e fornisce un&#8217;illuminazione piacevole e suggestiva. La luce \u00e8 dotata di una pratica batteria ricaricabile (Li-ion 3,7 V, 1800 mAh) e offre un&#8217;autonomia di&hellip;<\/p>\n","protected":false},"featured_media":165033,"comment_status":"open","ping_status":"closed","template":"","meta":[],"product_brand":[],"product_cat":[38241],"product_tag":[],"class_list":{"0":"post-247414","1":"product","2":"type-product","3":"status-publish","4":"has-post-thumbnail","6":"product_cat-sonnen-u-wetterschutz","7":"product_shipping_class-global_methods","9":"first","10":"instock","11":"taxable","12":"shipping-taxable","13":"purchasable","14":"product-type-simple"},"yoast_head":"<!-- This site is optimized with the Yoast SEO plugin v27.4 - https:\/\/yoast.com\/product\/yoast-seo-wordpress\/ -->\n<title>Kynast Sonnenschirm Beleuchtung | Jetzt kaufen | Schweizversand.ch<\/title>\n<meta name=\"description\" content=\"Kynast Sonnenschirm Beleuchtung g\u00fcnstig kaufen bei Schweizversand.ch. Schnelle Lieferung in der Schweiz. Gratisversand ab CHF 50.\" \/>\n<meta name=\"robots\" content=\"index, follow, max-snippet:-1, max-image-preview:large, max-video-preview:-1\" \/>\n<link rel=\"canonical\" href=\"https:\/\/schweizversand.ch\/it\/produkt\/kynast-sonnenschirm-beleuchtung\/\" \/>\n<meta property=\"og:locale\" content=\"it_IT\" \/>\n<meta property=\"og:type\" content=\"article\" \/>\n<meta property=\"og:title\" content=\"Kynast Sonnenschirm Beleuchtung | Jetzt kaufen | Schweizversand.ch\" \/>\n<meta property=\"og:description\" content=\"Kynast Sonnenschirm Beleuchtung g\u00fcnstig kaufen bei Schweizversand.ch. Schnelle Lieferung in der Schweiz. Gratisversand ab CHF 50.\" \/>\n<meta property=\"og:url\" content=\"https:\/\/schweizversand.ch\/it\/produkt\/kynast-sonnenschirm-beleuchtung\/\" \/>\n<meta property=\"og:site_name\" content=\"Schweizer Shop f\u00fcr Sport, Spiel und Freizeit\" \/>\n<meta property=\"article:publisher\" content=\"https:\/\/www.facebook.com\/Schweizversand\" \/>\n<meta property=\"article:modified_time\" content=\"2026-04-22T13:37:12+00:00\" \/>\n<meta property=\"og:image\" content=\"https:\/\/schweizversand.ch\/wp-content\/uploads\/2026\/02\/5471844667.jpg\" \/>\n\t<meta property=\"og:image:width\" content=\"892\" \/>\n\t<meta property=\"og:image:height\" content=\"1024\" \/>\n\t<meta property=\"og:image:type\" content=\"image\/jpeg\" \/>\n<meta name=\"twitter:card\" content=\"summary_large_image\" \/>\n<meta name=\"twitter:label1\" content=\"Tempo di lettura stimato\" \/>\n\t<meta name=\"twitter:data1\" content=\"1 minuto\" \/>\n<script type=\"application\/ld+json\" class=\"yoast-schema-graph\">{\"@context\":\"https:\\\/\\\/schema.org\",\"@graph\":[{\"@type\":\"WebPage\",\"@id\":\"https:\\\/\\\/schweizversand.ch\\\/it\\\/produkt\\\/kynast-sonnenschirm-beleuchtung\\\/\",\"url\":\"https:\\\/\\\/schweizversand.ch\\\/it\\\/produkt\\\/kynast-sonnenschirm-beleuchtung\\\/\",\"name\":\"Kynast Sonnenschirm Beleuchtung | Jetzt kaufen | Schweizversand.ch\",\"isPartOf\":{\"@id\":\"https:\\\/\\\/schweizversand.ch\\\/it\\\/#website\"},\"primaryImageOfPage\":{\"@id\":\"https:\\\/\\\/schweizversand.ch\\\/it\\\/produkt\\\/kynast-sonnenschirm-beleuchtung\\\/#primaryimage\"},\"image\":{\"@id\":\"https:\\\/\\\/schweizversand.ch\\\/it\\\/produkt\\\/kynast-sonnenschirm-beleuchtung\\\/#primaryimage\"},\"thumbnailUrl\":\"https:\\\/\\\/schweizversand.ch\\\/wp-content\\\/uploads\\\/2026\\\/02\\\/5471844667.jpg\",\"datePublished\":\"2026-03-14T22:21:37+00:00\",\"dateModified\":\"2026-04-22T13:37:12+00:00\",\"description\":\"Kynast Sonnenschirm Beleuchtung g\u00fcnstig kaufen bei Schweizversand.ch. Schnelle Lieferung in der Schweiz. Gratisversand ab CHF 50.\",\"breadcrumb\":{\"@id\":\"https:\\\/\\\/schweizversand.ch\\\/it\\\/produkt\\\/kynast-sonnenschirm-beleuchtung\\\/#breadcrumb\"},\"inLanguage\":\"it-IT\",\"potentialAction\":[{\"@type\":\"ReadAction\",\"target\":[\"https:\\\/\\\/schweizversand.ch\\\/it\\\/produkt\\\/kynast-sonnenschirm-beleuchtung\\\/\"]}]},{\"@type\":\"ImageObject\",\"inLanguage\":\"it-IT\",\"@id\":\"https:\\\/\\\/schweizversand.ch\\\/it\\\/produkt\\\/kynast-sonnenschirm-beleuchtung\\\/#primaryimage\",\"url\":\"https:\\\/\\\/schweizversand.ch\\\/wp-content\\\/uploads\\\/2026\\\/02\\\/5471844667.jpg\",\"contentUrl\":\"https:\\\/\\\/schweizversand.ch\\\/wp-content\\\/uploads\\\/2026\\\/02\\\/5471844667.jpg\",\"width\":892,\"height\":1024},{\"@type\":\"BreadcrumbList\",\"@id\":\"https:\\\/\\\/schweizversand.ch\\\/it\\\/produkt\\\/kynast-sonnenschirm-beleuchtung\\\/#breadcrumb\",\"itemListElement\":[{\"@type\":\"ListItem\",\"position\":1,\"name\":\"Startseite\",\"item\":\"https:\\\/\\\/schweizversand.ch\\\/it\\\/home\\\/\"},{\"@type\":\"ListItem\",\"position\":2,\"name\":\"Shop\",\"item\":\"https:\\\/\\\/schweizversand.ch\\\/it\\\/shop\\\/\"},{\"@type\":\"ListItem\",\"position\":3,\"name\":\"Casa e giardino\",\"item\":\"https:\\\/\\\/schweizversand.ch\\\/it\\\/produkt-kategorie\\\/casa-e-giardino\\\/\"},{\"@type\":\"ListItem\",\"position\":4,\"name\":\"Mobili da giardino\",\"item\":\"https:\\\/\\\/schweizversand.ch\\\/it\\\/produkt-kategorie\\\/casa-e-giardino\\\/mobili-da-giardino\\\/\"},{\"@type\":\"ListItem\",\"position\":5,\"name\":\"Protezione dal sole e dalle intemperie\",\"item\":\"https:\\\/\\\/schweizversand.ch\\\/it\\\/produkt-kategorie\\\/casa-e-giardino\\\/mobili-da-giardino\\\/sonnen-u-wetterschutz\\\/\"},{\"@type\":\"ListItem\",\"position\":6,\"name\":\"Illuminazione per ombrelloni Kynast\"}]},{\"@type\":\"WebSite\",\"@id\":\"https:\\\/\\\/schweizversand.ch\\\/it\\\/#website\",\"url\":\"https:\\\/\\\/schweizversand.ch\\\/it\\\/\",\"name\":\"Schweizer Shop f\u00fcr Sport, Spiel und Freizeit\",\"description\":\"Gratisversand ab 50.- (netto), ab eigenem schweizer Lager, Lieferung innert 48h\",\"publisher\":{\"@id\":\"https:\\\/\\\/schweizversand.ch\\\/it\\\/#organization\"},\"alternateName\":\"Schweizversand.ch\",\"potentialAction\":[{\"@type\":\"SearchAction\",\"target\":{\"@type\":\"EntryPoint\",\"urlTemplate\":\"https:\\\/\\\/schweizversand.ch\\\/it\\\/?s={search_term_string}\"},\"query-input\":{\"@type\":\"PropertyValueSpecification\",\"valueRequired\":true,\"valueName\":\"search_term_string\"}}],\"inLanguage\":\"it-IT\"},{\"@type\":\"Organization\",\"@id\":\"https:\\\/\\\/schweizversand.ch\\\/it\\\/#organization\",\"name\":\"Schweizversand.ch\",\"url\":\"https:\\\/\\\/schweizversand.ch\\\/it\\\/\",\"logo\":{\"@type\":\"ImageObject\",\"inLanguage\":\"it-IT\",\"@id\":\"https:\\\/\\\/schweizversand.ch\\\/it\\\/#\\\/schema\\\/logo\\\/image\\\/\",\"url\":\"https:\\\/\\\/schweizversand.ch\\\/wp-content\\\/uploads\\\/2026\\\/03\\\/Logo_Rund_Final-1.png\",\"contentUrl\":\"https:\\\/\\\/schweizversand.ch\\\/wp-content\\\/uploads\\\/2026\\\/03\\\/Logo_Rund_Final-1.png\",\"width\":404,\"height\":404,\"caption\":\"Schweizversand.ch\"},\"image\":{\"@id\":\"https:\\\/\\\/schweizversand.ch\\\/it\\\/#\\\/schema\\\/logo\\\/image\\\/\"},\"sameAs\":[\"https:\\\/\\\/www.facebook.com\\\/Schweizversand\",\"https:\\\/\\\/www.instagram.com\\\/schweizversand.ch\\\/\"]}]}<\/script>\n<!-- \/ Yoast SEO plugin. -->","yoast_head_json":{"title":"Kynast Sonnenschirm Beleuchtung | Jetzt kaufen | Schweizversand.ch","description":"Kynast Sonnenschirm Beleuchtung g\u00fcnstig kaufen bei Schweizversand.ch. Schnelle Lieferung in der Schweiz. Gratisversand ab CHF 50.","robots":{"index":"index","follow":"follow","max-snippet":"max-snippet:-1","max-image-preview":"max-image-preview:large","max-video-preview":"max-video-preview:-1"},"canonical":"https:\/\/schweizversand.ch\/it\/produkt\/kynast-sonnenschirm-beleuchtung\/","og_locale":"it_IT","og_type":"article","og_title":"Kynast Sonnenschirm Beleuchtung | Jetzt kaufen | Schweizversand.ch","og_description":"Kynast Sonnenschirm Beleuchtung g\u00fcnstig kaufen bei Schweizversand.ch. Schnelle Lieferung in der Schweiz. Gratisversand ab CHF 50.","og_url":"https:\/\/schweizversand.ch\/it\/produkt\/kynast-sonnenschirm-beleuchtung\/","og_site_name":"Schweizer Shop f\u00fcr Sport, Spiel und Freizeit","article_publisher":"https:\/\/www.facebook.com\/Schweizversand","article_modified_time":"2026-04-22T13:37:12+00:00","og_image":[{"width":892,"height":1024,"url":"https:\/\/schweizversand.ch\/wp-content\/uploads\/2026\/02\/5471844667.jpg","type":"image\/jpeg"}],"twitter_card":"summary_large_image","twitter_misc":{"Tempo di lettura stimato":"1 minuto"},"schema":{"@context":"https:\/\/schema.org","@graph":[{"@type":"WebPage","@id":"https:\/\/schweizversand.ch\/it\/produkt\/kynast-sonnenschirm-beleuchtung\/","url":"https:\/\/schweizversand.ch\/it\/produkt\/kynast-sonnenschirm-beleuchtung\/","name":"Kynast Sonnenschirm Beleuchtung | Jetzt kaufen | Schweizversand.ch","isPartOf":{"@id":"https:\/\/schweizversand.ch\/it\/#website"},"primaryImageOfPage":{"@id":"https:\/\/schweizversand.ch\/it\/produkt\/kynast-sonnenschirm-beleuchtung\/#primaryimage"},"image":{"@id":"https:\/\/schweizversand.ch\/it\/produkt\/kynast-sonnenschirm-beleuchtung\/#primaryimage"},"thumbnailUrl":"https:\/\/schweizversand.ch\/wp-content\/uploads\/2026\/02\/5471844667.jpg","datePublished":"2026-03-14T22:21:37+00:00","dateModified":"2026-04-22T13:37:12+00:00","description":"Kynast Sonnenschirm Beleuchtung g\u00fcnstig kaufen bei Schweizversand.ch. Schnelle Lieferung in der Schweiz. Gratisversand ab CHF 50.","breadcrumb":{"@id":"https:\/\/schweizversand.ch\/it\/produkt\/kynast-sonnenschirm-beleuchtung\/#breadcrumb"},"inLanguage":"it-IT","potentialAction":[{"@type":"ReadAction","target":["https:\/\/schweizversand.ch\/it\/produkt\/kynast-sonnenschirm-beleuchtung\/"]}]},{"@type":"ImageObject","inLanguage":"it-IT","@id":"https:\/\/schweizversand.ch\/it\/produkt\/kynast-sonnenschirm-beleuchtung\/#primaryimage","url":"https:\/\/schweizversand.ch\/wp-content\/uploads\/2026\/02\/5471844667.jpg","contentUrl":"https:\/\/schweizversand.ch\/wp-content\/uploads\/2026\/02\/5471844667.jpg","width":892,"height":1024},{"@type":"BreadcrumbList","@id":"https:\/\/schweizversand.ch\/it\/produkt\/kynast-sonnenschirm-beleuchtung\/#breadcrumb","itemListElement":[{"@type":"ListItem","position":1,"name":"Startseite","item":"https:\/\/schweizversand.ch\/it\/home\/"},{"@type":"ListItem","position":2,"name":"Shop","item":"https:\/\/schweizversand.ch\/it\/shop\/"},{"@type":"ListItem","position":3,"name":"Casa e giardino","item":"https:\/\/schweizversand.ch\/it\/produkt-kategorie\/casa-e-giardino\/"},{"@type":"ListItem","position":4,"name":"Mobili da giardino","item":"https:\/\/schweizversand.ch\/it\/produkt-kategorie\/casa-e-giardino\/mobili-da-giardino\/"},{"@type":"ListItem","position":5,"name":"Protezione dal sole e dalle intemperie","item":"https:\/\/schweizversand.ch\/it\/produkt-kategorie\/casa-e-giardino\/mobili-da-giardino\/sonnen-u-wetterschutz\/"},{"@type":"ListItem","position":6,"name":"Illuminazione per ombrelloni Kynast"}]},{"@type":"WebSite","@id":"https:\/\/schweizversand.ch\/it\/#website","url":"https:\/\/schweizversand.ch\/it\/","name":"Schweizer Shop f\u00fcr Sport, Spiel und Freizeit","description":"Gratisversand ab 50.- (netto), ab eigenem schweizer Lager, Lieferung innert 48h","publisher":{"@id":"https:\/\/schweizversand.ch\/it\/#organization"},"alternateName":"Schweizversand.ch","potentialAction":[{"@type":"SearchAction","target":{"@type":"EntryPoint","urlTemplate":"https:\/\/schweizversand.ch\/it\/?s={search_term_string}"},"query-input":{"@type":"PropertyValueSpecification","valueRequired":true,"valueName":"search_term_string"}}],"inLanguage":"it-IT"},{"@type":"Organization","@id":"https:\/\/schweizversand.ch\/it\/#organization","name":"Schweizversand.ch","url":"https:\/\/schweizversand.ch\/it\/","logo":{"@type":"ImageObject","inLanguage":"it-IT","@id":"https:\/\/schweizversand.ch\/it\/#\/schema\/logo\/image\/","url":"https:\/\/schweizversand.ch\/wp-content\/uploads\/2026\/03\/Logo_Rund_Final-1.png","contentUrl":"https:\/\/schweizversand.ch\/wp-content\/uploads\/2026\/03\/Logo_Rund_Final-1.png","width":404,"height":404,"caption":"Schweizversand.ch"},"image":{"@id":"https:\/\/schweizversand.ch\/it\/#\/schema\/logo\/image\/"},"sameAs":["https:\/\/www.facebook.com\/Schweizversand","https:\/\/www.instagram.com\/schweizversand.ch\/"]}]}},"jetpack_sharing_enabled":true,"_links":{"self":[{"href":"https:\/\/schweizversand.ch\/it\/wp-json\/wp\/v2\/product\/247414","targetHints":{"allow":["GET"]}}],"collection":[{"href":"https:\/\/schweizversand.ch\/it\/wp-json\/wp\/v2\/product"}],"about":[{"href":"https:\/\/schweizversand.ch\/it\/wp-json\/wp\/v2\/types\/product"}],"replies":[{"embeddable":true,"href":"https:\/\/schweizversand.ch\/it\/wp-json\/wp\/v2\/comments?post=247414"}],"wp:featuredmedia":[{"embeddable":true,"href":"https:\/\/schweizversand.ch\/it\/wp-json\/wp\/v2\/media\/165033"}],"wp:attachment":[{"href":"https:\/\/schweizversand.ch\/it\/wp-json\/wp\/v2\/media?parent=247414"}],"wp:term":[{"taxonomy":"product_brand","embeddable":true,"href":"https:\/\/schweizversand.ch\/it\/wp-json\/wp\/v2\/product_brand?post=247414"},{"taxonomy":"product_cat","embeddable":true,"href":"https:\/\/schweizversand.ch\/it\/wp-json\/wp\/v2\/product_cat?post=247414"},{"taxonomy":"product_tag","embeddable":true,"href":"https:\/\/schweizversand.ch\/it\/wp-json\/wp\/v2\/product_tag?post=247414"}],"curies":[{"name":"wp","href":"https:\/\/api.w.org\/{rel}","templated":true}]}}