{"id":247417,"date":"2026-03-14T23:21:38","date_gmt":"2026-03-14T22:21:38","guid":{"rendered":"https:\/\/schweizversand.ch\/produkt\/art-collection-kerze-im-glas-mit-echtwachs-3d-und-timer-3er-set\/"},"modified":"2026-04-19T15:37:50","modified_gmt":"2026-04-19T13:37:50","slug":"art-collection-kerze-im-glas-mit-echtwachs-3d-und-timer-3er-set","status":"publish","type":"product","link":"https:\/\/schweizversand.ch\/it\/produkt\/art-collection-kerze-im-glas-mit-echtwachs-3d-und-timer-3er-set\/","title":{"rendered":"Candela Art Collection in vetro con vera cera 3D e timer, set da 3"},"content":{"rendered":"<h1><strong>Set di 3 candele a LED &#8211; Vera cera in vetro con stoppino tremolante<\/strong><\/h1>\n<div>Scopri la magia delle vere candele senza la preoccupazione delle fiamme libere. Questo esclusivo <strong>Set di 3 candele a LED<\/strong> unisce la sicurezza della tecnologia moderna all&#8217;estetica dell&#8217;illuminazione tradizionale ed \u00e8 la soluzione di illuminazione ideale per la tua casa, il tuo ufficio o la tua loggia.<\/p>\n<\/div>\n<div><strong>Design autentico e realismo<\/strong><br \/>Questa candela a LED in vera cera, contenuta in un elegante contenitore di vetro, \u00e8 praticamente indistinguibile da una candela tradizionale. Grazie al rivestimento in vera cera di alta qualit\u00e0 e al design decorativo in vetro, questo set si integra perfettamente in qualsiasi ambiente e crea un&#8217;atmosfera <strong>calda e invitante<\/strong>.<\/p>\n<\/div>\n<div><strong>L&#8217;effetto fiamma perfetto<\/strong><br \/>Il fulcro di questa illuminazione \u00e8 l&#8217;innovativa <strong>candela senza fiamma<\/strong> con <strong>stoppino tremolante<\/strong>. Lo stoppino oscillante crea un realistico effetto fiamma 3D che emette una luce bianca calda e soffusa (2700\u20133000 Kelvin). Godetevi il rilassante tremolio senza dovervi preoccupare di fuliggine, fumo o rischi di incendio. Sicurezza e praticit\u00e0: la candela a batteria offre la massima flessibilit\u00e0 di posizionamento, poich\u00e9 non richiede una presa elettrica. La funzione timer integrata \u00e8 particolarmente pratica: una volta attivata, le candele si accendono per 6 ore e poi si spengono automaticamente per 18 ore. Ci\u00f2 garantisce un utilizzo efficiente della batteria e assicura che la tua casa sia illuminata alla stessa ora ogni sera.<\/p>\n<\/div>\n<div><strong>Dettagli e dimensioni del prodotto<\/strong><br \/>&#8211; Materiale: paraffina, plastica e vetro di alta qualit\u00e0<br \/>&#8211; Colore della luce: bianco caldo (2700\u20133000 Kelvin)<br \/>&#8211; Caratteristiche speciali: effetto fiamma 3D e lamina decorativa a fiocco di neve sul vetro<br \/>&#8211; Funzione timer: 6 ore di accensione \/ 18 ore di spegnimento<br \/>&#8211; Alimentazione: 2 batterie AA per candela (non incluse)<\/p>\n<\/div>\n<div><strong>Il set include tre dimensioni<\/strong><br \/>Il <strong>set di candele a LED 3<\/strong> \u00e8 composto da tre candele di diverse altezze (diametro \u00d8 7,5 cm), che insieme formano una disposizione armoniosa. Le dimensioni sono le seguenti:<br \/>&#8211; Altezza 1: 10 cm<br \/>&#8211; Altezza 2: 12,5 cm<br \/>&#8211; Altezza 3: 15 cm<\/p>\n<\/div>\n<div><strong>Ideale per ogni occasione<\/strong><br \/>Che sia come elegante elemento decorativo sul tavolo da pranzo, come illuminazione sicura nella cameretta dei bambini o come luce d&#8217;accento suggestiva su una mensola, la <strong>candela in vetro a LED<\/strong> \u00e8 l&#8217;alternativa sicura e bella alle candele tradizionali. Acquista questo set e goditi il \u200b\u200bperfetto effetto fiamma senza preoccupazioni.<\/p>\n<\/div>\n<div><\/div>\n","protected":false},"excerpt":{"rendered":"<p>Set di 3 candele a LED &#8211; Vera cera in vetro con stoppino tremolante Scopri la magia delle vere candele senza la preoccupazione delle fiamme libere. Questo esclusivo Set di 3 candele a LED unisce la sicurezza della tecnologia moderna all&#8217;estetica dell&#8217;illuminazione tradizionale ed \u00e8 la soluzione di illuminazione ideale per la tua casa, il tuo ufficio o la tua loggia. Design autentico e realismoQuesta candela a LED in vera cera, contenuta in un elegante&hellip;<\/p>\n","protected":false},"featured_media":165056,"comment_status":"open","ping_status":"closed","template":"","meta":[],"product_brand":[],"product_cat":[38236],"product_tag":[],"class_list":{"0":"post-247417","1":"product","2":"type-product","3":"status-publish","4":"has-post-thumbnail","6":"product_cat-kerzen-feuer","7":"product_shipping_class-global_methods","9":"first","10":"instock","11":"taxable","12":"shipping-taxable","13":"purchasable","14":"product-type-simple"},"yoast_head":"<!-- This site is optimized with the Yoast SEO plugin v27.4 - https:\/\/yoast.com\/product\/yoast-seo-wordpress\/ -->\n<title>Art Collection Kerze im Glas mit Echtwachs 3D und Timer 3er Set | Jetzt kaufen | Schweizversand.ch<\/title>\n<meta name=\"description\" content=\"Art Collection Kerze im Glas mit Echtwachs 3D und Timer 3er Set g\u00fcnstig kaufen bei Schweizversand.ch. Schnelle Lieferung in der Schweiz. Gratisversand ab CHF 50.\" \/>\n<meta name=\"robots\" content=\"index, follow, max-snippet:-1, max-image-preview:large, max-video-preview:-1\" \/>\n<link rel=\"canonical\" href=\"https:\/\/schweizversand.ch\/it\/produkt\/art-collection-kerze-im-glas-mit-echtwachs-3d-und-timer-3er-set\/\" \/>\n<meta property=\"og:locale\" content=\"it_IT\" \/>\n<meta property=\"og:type\" content=\"article\" \/>\n<meta property=\"og:title\" content=\"Art Collection Kerze im Glas mit Echtwachs 3D und Timer 3er Set | Jetzt kaufen | Schweizversand.ch\" \/>\n<meta property=\"og:description\" content=\"Art Collection Kerze im Glas mit Echtwachs 3D und Timer 3er Set g\u00fcnstig kaufen bei Schweizversand.ch. Schnelle Lieferung in der Schweiz. Gratisversand ab CHF 50.\" \/>\n<meta property=\"og:url\" content=\"https:\/\/schweizversand.ch\/it\/produkt\/art-collection-kerze-im-glas-mit-echtwachs-3d-und-timer-3er-set\/\" \/>\n<meta property=\"og:site_name\" content=\"Schweizer Shop f\u00fcr Sport, Spiel und Freizeit\" \/>\n<meta property=\"article:publisher\" content=\"https:\/\/www.facebook.com\/Schweizversand\" \/>\n<meta property=\"article:modified_time\" content=\"2026-04-19T13:37:50+00:00\" \/>\n<meta property=\"og:image\" content=\"https:\/\/schweizversand.ch\/wp-content\/uploads\/2026\/02\/5471669947.jpg\" \/>\n\t<meta property=\"og:image:width\" content=\"901\" \/>\n\t<meta property=\"og:image:height\" content=\"1024\" \/>\n\t<meta property=\"og:image:type\" content=\"image\/jpeg\" \/>\n<meta name=\"twitter:card\" content=\"summary_large_image\" \/>\n<meta name=\"twitter:label1\" content=\"Tempo di lettura stimato\" \/>\n\t<meta name=\"twitter:data1\" content=\"2 minuto\" \/>\n<script type=\"application\/ld+json\" class=\"yoast-schema-graph\">{\"@context\":\"https:\\\/\\\/schema.org\",\"@graph\":[{\"@type\":\"WebPage\",\"@id\":\"https:\\\/\\\/schweizversand.ch\\\/it\\\/produkt\\\/art-collection-kerze-im-glas-mit-echtwachs-3d-und-timer-3er-set\\\/\",\"url\":\"https:\\\/\\\/schweizversand.ch\\\/it\\\/produkt\\\/art-collection-kerze-im-glas-mit-echtwachs-3d-und-timer-3er-set\\\/\",\"name\":\"Art Collection Kerze im Glas mit Echtwachs 3D und Timer 3er Set | Jetzt kaufen | Schweizversand.ch\",\"isPartOf\":{\"@id\":\"https:\\\/\\\/schweizversand.ch\\\/it\\\/#website\"},\"primaryImageOfPage\":{\"@id\":\"https:\\\/\\\/schweizversand.ch\\\/it\\\/produkt\\\/art-collection-kerze-im-glas-mit-echtwachs-3d-und-timer-3er-set\\\/#primaryimage\"},\"image\":{\"@id\":\"https:\\\/\\\/schweizversand.ch\\\/it\\\/produkt\\\/art-collection-kerze-im-glas-mit-echtwachs-3d-und-timer-3er-set\\\/#primaryimage\"},\"thumbnailUrl\":\"https:\\\/\\\/schweizversand.ch\\\/wp-content\\\/uploads\\\/2026\\\/02\\\/5471669947.jpg\",\"datePublished\":\"2026-03-14T22:21:38+00:00\",\"dateModified\":\"2026-04-19T13:37:50+00:00\",\"description\":\"Art Collection Kerze im Glas mit Echtwachs 3D und Timer 3er Set g\u00fcnstig kaufen bei Schweizversand.ch. Schnelle Lieferung in der Schweiz. Gratisversand ab CHF 50.\",\"breadcrumb\":{\"@id\":\"https:\\\/\\\/schweizversand.ch\\\/it\\\/produkt\\\/art-collection-kerze-im-glas-mit-echtwachs-3d-und-timer-3er-set\\\/#breadcrumb\"},\"inLanguage\":\"it-IT\",\"potentialAction\":[{\"@type\":\"ReadAction\",\"target\":[\"https:\\\/\\\/schweizversand.ch\\\/it\\\/produkt\\\/art-collection-kerze-im-glas-mit-echtwachs-3d-und-timer-3er-set\\\/\"]}]},{\"@type\":\"ImageObject\",\"inLanguage\":\"it-IT\",\"@id\":\"https:\\\/\\\/schweizversand.ch\\\/it\\\/produkt\\\/art-collection-kerze-im-glas-mit-echtwachs-3d-und-timer-3er-set\\\/#primaryimage\",\"url\":\"https:\\\/\\\/schweizversand.ch\\\/wp-content\\\/uploads\\\/2026\\\/02\\\/5471669947.jpg\",\"contentUrl\":\"https:\\\/\\\/schweizversand.ch\\\/wp-content\\\/uploads\\\/2026\\\/02\\\/5471669947.jpg\",\"width\":901,\"height\":1024},{\"@type\":\"BreadcrumbList\",\"@id\":\"https:\\\/\\\/schweizversand.ch\\\/it\\\/produkt\\\/art-collection-kerze-im-glas-mit-echtwachs-3d-und-timer-3er-set\\\/#breadcrumb\",\"itemListElement\":[{\"@type\":\"ListItem\",\"position\":1,\"name\":\"Startseite\",\"item\":\"https:\\\/\\\/schweizversand.ch\\\/it\\\/home\\\/\"},{\"@type\":\"ListItem\",\"position\":2,\"name\":\"Shop\",\"item\":\"https:\\\/\\\/schweizversand.ch\\\/it\\\/shop\\\/\"},{\"@type\":\"ListItem\",\"position\":3,\"name\":\"Home\",\"item\":\"https:\\\/\\\/schweizversand.ch\\\/it\\\/produkt-kategorie\\\/home\\\/\"},{\"@type\":\"ListItem\",\"position\":4,\"name\":\"Decorazioni e accessori\",\"item\":\"https:\\\/\\\/schweizversand.ch\\\/it\\\/produkt-kategorie\\\/home\\\/decorazioni-e-accessori\\\/\"},{\"@type\":\"ListItem\",\"position\":5,\"name\":\"Candele e fuoco\",\"item\":\"https:\\\/\\\/schweizversand.ch\\\/it\\\/produkt-kategorie\\\/home\\\/decorazioni-e-accessori\\\/kerzen-feuer\\\/\"},{\"@type\":\"ListItem\",\"position\":6,\"name\":\"Candela Art Collection in vetro con vera cera 3D e timer, set da 3\"}]},{\"@type\":\"WebSite\",\"@id\":\"https:\\\/\\\/schweizversand.ch\\\/it\\\/#website\",\"url\":\"https:\\\/\\\/schweizversand.ch\\\/it\\\/\",\"name\":\"Schweizer Shop f\u00fcr Sport, Spiel und Freizeit\",\"description\":\"Gratisversand ab 50.- (netto), ab eigenem schweizer Lager, Lieferung innert 48h\",\"publisher\":{\"@id\":\"https:\\\/\\\/schweizversand.ch\\\/it\\\/#organization\"},\"alternateName\":\"Schweizversand.ch\",\"potentialAction\":[{\"@type\":\"SearchAction\",\"target\":{\"@type\":\"EntryPoint\",\"urlTemplate\":\"https:\\\/\\\/schweizversand.ch\\\/it\\\/?s={search_term_string}\"},\"query-input\":{\"@type\":\"PropertyValueSpecification\",\"valueRequired\":true,\"valueName\":\"search_term_string\"}}],\"inLanguage\":\"it-IT\"},{\"@type\":\"Organization\",\"@id\":\"https:\\\/\\\/schweizversand.ch\\\/it\\\/#organization\",\"name\":\"Schweizversand.ch\",\"url\":\"https:\\\/\\\/schweizversand.ch\\\/it\\\/\",\"logo\":{\"@type\":\"ImageObject\",\"inLanguage\":\"it-IT\",\"@id\":\"https:\\\/\\\/schweizversand.ch\\\/it\\\/#\\\/schema\\\/logo\\\/image\\\/\",\"url\":\"https:\\\/\\\/schweizversand.ch\\\/wp-content\\\/uploads\\\/2026\\\/03\\\/Logo_Rund_Final-1.png\",\"contentUrl\":\"https:\\\/\\\/schweizversand.ch\\\/wp-content\\\/uploads\\\/2026\\\/03\\\/Logo_Rund_Final-1.png\",\"width\":404,\"height\":404,\"caption\":\"Schweizversand.ch\"},\"image\":{\"@id\":\"https:\\\/\\\/schweizversand.ch\\\/it\\\/#\\\/schema\\\/logo\\\/image\\\/\"},\"sameAs\":[\"https:\\\/\\\/www.facebook.com\\\/Schweizversand\",\"https:\\\/\\\/www.instagram.com\\\/schweizversand.ch\\\/\"]}]}<\/script>\n<!-- \/ Yoast SEO plugin. -->","yoast_head_json":{"title":"Art Collection Kerze im Glas mit Echtwachs 3D und Timer 3er Set | Jetzt kaufen | Schweizversand.ch","description":"Art Collection Kerze im Glas mit Echtwachs 3D und Timer 3er Set g\u00fcnstig kaufen bei Schweizversand.ch. Schnelle Lieferung in der Schweiz. Gratisversand ab CHF 50.","robots":{"index":"index","follow":"follow","max-snippet":"max-snippet:-1","max-image-preview":"max-image-preview:large","max-video-preview":"max-video-preview:-1"},"canonical":"https:\/\/schweizversand.ch\/it\/produkt\/art-collection-kerze-im-glas-mit-echtwachs-3d-und-timer-3er-set\/","og_locale":"it_IT","og_type":"article","og_title":"Art Collection Kerze im Glas mit Echtwachs 3D und Timer 3er Set | Jetzt kaufen | Schweizversand.ch","og_description":"Art Collection Kerze im Glas mit Echtwachs 3D und Timer 3er Set g\u00fcnstig kaufen bei Schweizversand.ch. Schnelle Lieferung in der Schweiz. Gratisversand ab CHF 50.","og_url":"https:\/\/schweizversand.ch\/it\/produkt\/art-collection-kerze-im-glas-mit-echtwachs-3d-und-timer-3er-set\/","og_site_name":"Schweizer Shop f\u00fcr Sport, Spiel und Freizeit","article_publisher":"https:\/\/www.facebook.com\/Schweizversand","article_modified_time":"2026-04-19T13:37:50+00:00","og_image":[{"width":901,"height":1024,"url":"https:\/\/schweizversand.ch\/wp-content\/uploads\/2026\/02\/5471669947.jpg","type":"image\/jpeg"}],"twitter_card":"summary_large_image","twitter_misc":{"Tempo di lettura stimato":"2 minuto"},"schema":{"@context":"https:\/\/schema.org","@graph":[{"@type":"WebPage","@id":"https:\/\/schweizversand.ch\/it\/produkt\/art-collection-kerze-im-glas-mit-echtwachs-3d-und-timer-3er-set\/","url":"https:\/\/schweizversand.ch\/it\/produkt\/art-collection-kerze-im-glas-mit-echtwachs-3d-und-timer-3er-set\/","name":"Art Collection Kerze im Glas mit Echtwachs 3D und Timer 3er Set | Jetzt kaufen | Schweizversand.ch","isPartOf":{"@id":"https:\/\/schweizversand.ch\/it\/#website"},"primaryImageOfPage":{"@id":"https:\/\/schweizversand.ch\/it\/produkt\/art-collection-kerze-im-glas-mit-echtwachs-3d-und-timer-3er-set\/#primaryimage"},"image":{"@id":"https:\/\/schweizversand.ch\/it\/produkt\/art-collection-kerze-im-glas-mit-echtwachs-3d-und-timer-3er-set\/#primaryimage"},"thumbnailUrl":"https:\/\/schweizversand.ch\/wp-content\/uploads\/2026\/02\/5471669947.jpg","datePublished":"2026-03-14T22:21:38+00:00","dateModified":"2026-04-19T13:37:50+00:00","description":"Art Collection Kerze im Glas mit Echtwachs 3D und Timer 3er Set g\u00fcnstig kaufen bei Schweizversand.ch. Schnelle Lieferung in der Schweiz. Gratisversand ab CHF 50.","breadcrumb":{"@id":"https:\/\/schweizversand.ch\/it\/produkt\/art-collection-kerze-im-glas-mit-echtwachs-3d-und-timer-3er-set\/#breadcrumb"},"inLanguage":"it-IT","potentialAction":[{"@type":"ReadAction","target":["https:\/\/schweizversand.ch\/it\/produkt\/art-collection-kerze-im-glas-mit-echtwachs-3d-und-timer-3er-set\/"]}]},{"@type":"ImageObject","inLanguage":"it-IT","@id":"https:\/\/schweizversand.ch\/it\/produkt\/art-collection-kerze-im-glas-mit-echtwachs-3d-und-timer-3er-set\/#primaryimage","url":"https:\/\/schweizversand.ch\/wp-content\/uploads\/2026\/02\/5471669947.jpg","contentUrl":"https:\/\/schweizversand.ch\/wp-content\/uploads\/2026\/02\/5471669947.jpg","width":901,"height":1024},{"@type":"BreadcrumbList","@id":"https:\/\/schweizversand.ch\/it\/produkt\/art-collection-kerze-im-glas-mit-echtwachs-3d-und-timer-3er-set\/#breadcrumb","itemListElement":[{"@type":"ListItem","position":1,"name":"Startseite","item":"https:\/\/schweizversand.ch\/it\/home\/"},{"@type":"ListItem","position":2,"name":"Shop","item":"https:\/\/schweizversand.ch\/it\/shop\/"},{"@type":"ListItem","position":3,"name":"Home","item":"https:\/\/schweizversand.ch\/it\/produkt-kategorie\/home\/"},{"@type":"ListItem","position":4,"name":"Decorazioni e accessori","item":"https:\/\/schweizversand.ch\/it\/produkt-kategorie\/home\/decorazioni-e-accessori\/"},{"@type":"ListItem","position":5,"name":"Candele e fuoco","item":"https:\/\/schweizversand.ch\/it\/produkt-kategorie\/home\/decorazioni-e-accessori\/kerzen-feuer\/"},{"@type":"ListItem","position":6,"name":"Candela Art Collection in vetro con vera cera 3D e timer, set da 3"}]},{"@type":"WebSite","@id":"https:\/\/schweizversand.ch\/it\/#website","url":"https:\/\/schweizversand.ch\/it\/","name":"Schweizer Shop f\u00fcr Sport, Spiel und Freizeit","description":"Gratisversand ab 50.- (netto), ab eigenem schweizer Lager, Lieferung innert 48h","publisher":{"@id":"https:\/\/schweizversand.ch\/it\/#organization"},"alternateName":"Schweizversand.ch","potentialAction":[{"@type":"SearchAction","target":{"@type":"EntryPoint","urlTemplate":"https:\/\/schweizversand.ch\/it\/?s={search_term_string}"},"query-input":{"@type":"PropertyValueSpecification","valueRequired":true,"valueName":"search_term_string"}}],"inLanguage":"it-IT"},{"@type":"Organization","@id":"https:\/\/schweizversand.ch\/it\/#organization","name":"Schweizversand.ch","url":"https:\/\/schweizversand.ch\/it\/","logo":{"@type":"ImageObject","inLanguage":"it-IT","@id":"https:\/\/schweizversand.ch\/it\/#\/schema\/logo\/image\/","url":"https:\/\/schweizversand.ch\/wp-content\/uploads\/2026\/03\/Logo_Rund_Final-1.png","contentUrl":"https:\/\/schweizversand.ch\/wp-content\/uploads\/2026\/03\/Logo_Rund_Final-1.png","width":404,"height":404,"caption":"Schweizversand.ch"},"image":{"@id":"https:\/\/schweizversand.ch\/it\/#\/schema\/logo\/image\/"},"sameAs":["https:\/\/www.facebook.com\/Schweizversand","https:\/\/www.instagram.com\/schweizversand.ch\/"]}]}},"jetpack_sharing_enabled":true,"_links":{"self":[{"href":"https:\/\/schweizversand.ch\/it\/wp-json\/wp\/v2\/product\/247417","targetHints":{"allow":["GET"]}}],"collection":[{"href":"https:\/\/schweizversand.ch\/it\/wp-json\/wp\/v2\/product"}],"about":[{"href":"https:\/\/schweizversand.ch\/it\/wp-json\/wp\/v2\/types\/product"}],"replies":[{"embeddable":true,"href":"https:\/\/schweizversand.ch\/it\/wp-json\/wp\/v2\/comments?post=247417"}],"wp:featuredmedia":[{"embeddable":true,"href":"https:\/\/schweizversand.ch\/it\/wp-json\/wp\/v2\/media\/165056"}],"wp:attachment":[{"href":"https:\/\/schweizversand.ch\/it\/wp-json\/wp\/v2\/media?parent=247417"}],"wp:term":[{"taxonomy":"product_brand","embeddable":true,"href":"https:\/\/schweizversand.ch\/it\/wp-json\/wp\/v2\/product_brand?post=247417"},{"taxonomy":"product_cat","embeddable":true,"href":"https:\/\/schweizversand.ch\/it\/wp-json\/wp\/v2\/product_cat?post=247417"},{"taxonomy":"product_tag","embeddable":true,"href":"https:\/\/schweizversand.ch\/it\/wp-json\/wp\/v2\/product_tag?post=247417"}],"curies":[{"name":"wp","href":"https:\/\/api.w.org\/{rel}","templated":true}]}}