{"id":247418,"date":"2026-03-14T23:21:38","date_gmt":"2026-03-14T22:21:38","guid":{"rendered":"https:\/\/schweizversand.ch\/produkt\/extreme-clean-autopflege-polster-teppichreiniger\/"},"modified":"2026-04-20T02:06:03","modified_gmt":"2026-04-20T00:06:03","slug":"extreme-clean-autopflege-polster-teppichreiniger","status":"publish","type":"product","link":"https:\/\/schweizversand.ch\/it\/produkt\/extreme-clean-autopflege-polster-teppichreiniger\/","title":{"rendered":"Extreme Clean Car Care, detergente per tappezzeria e moquette"},"content":{"rendered":"<p>Desideri pulire e prenderti cura a fondo dei rivestimenti e dei tappeti della tua auto? Il nostro detergente MultiAction Formula \u00e8 la soluzione che stai cercando!<\/p>\n<p>Formula MultiAction per una pulizia profonda: la nostra esclusiva Formula MultiAction \u00e8 progettata per catturare efficacemente le particelle di sporco. Che si tratti di polvere, macchie o sporco ostinato, il nostro detergente li affronter\u00e0 direttamente.<\/p>\n<p>Pulisce e protegge: il nostro prodotto non \u00e8 solo un detergente, ma anche uno scudo protettivo per i rivestimenti e i tappeti. Non solo pulisce, ma forma anche una barriera protettiva che impedisce il risporco. Questo mantiene i rivestimenti e i tappeti della tua auto puliti e freschi pi\u00f9 a lungo.<\/p>\n<p>Elimina i cattivi odori: il nostro detergente non solo rimuove lo sporco, ma elimina anche i cattivi odori. Lascia una piacevole fragranza che rinfresca il tuo veicolo e crea un ambiente di guida confortevole.<\/p>\n<p>Facile da usare: il nostro flacone \u00e8 dotato di un comodo ugello spray, che rende l&#8217;applicazione un gioco da ragazzi. Basta spruzzare il prodotto sulla zona da pulire, lasciarlo agire e poi rimuovere lo sporco e il prodotto.<\/p>\n<p>Versatilit\u00e0 d&#8217;uso: il nostro prodotto per la cura \u00e8 eccellente per la manutenzione e la pulizia di rivestimenti e tappeti per auto. \u00c8 la scelta perfetta per mantenere il tuo veicolo in condizioni ottimali.<\/p>\n<p>Rendi la tua vita pi\u00f9 semplice e rendi il tuo veicolo pi\u00f9 pulito e fresco. Il nostro prodotto per la cura, con la sua formula multi-azione, \u00e8 la scelta ideale per la manutenzione e la pulizia di rivestimenti e tappeti per auto.<\/p>\n","protected":false},"excerpt":{"rendered":"<p>Desideri pulire e prenderti cura a fondo dei rivestimenti e dei tappeti della tua auto? Il nostro detergente MultiAction Formula \u00e8 la soluzione che stai cercando! Formula MultiAction per una pulizia profonda: la nostra esclusiva Formula MultiAction \u00e8 progettata per catturare efficacemente le particelle di sporco. Che si tratti di polvere, macchie o sporco ostinato, il nostro detergente li affronter\u00e0 direttamente. Pulisce e protegge: il nostro prodotto non \u00e8 solo un detergente, ma anche uno&hellip;<\/p>\n","protected":false},"featured_media":165062,"comment_status":"open","ping_status":"closed","template":"","meta":[],"product_brand":[],"product_cat":[38242],"product_tag":[],"class_list":{"0":"post-247418","1":"product","2":"type-product","3":"status-publish","4":"has-post-thumbnail","6":"product_cat-reinigung-pflege","7":"product_shipping_class-global_methods","9":"first","10":"instock","11":"taxable","12":"shipping-taxable","13":"purchasable","14":"product-type-simple"},"yoast_head":"<!-- This site is optimized with the Yoast SEO plugin v27.4 - https:\/\/yoast.com\/product\/yoast-seo-wordpress\/ -->\n<title>Extreme Clean Autopflege Polster-Teppichreiniger | Jetzt kaufen | Schweizversand.ch<\/title>\n<meta name=\"description\" content=\"Extreme Clean Autopflege Polster-Teppichreiniger g\u00fcnstig kaufen bei Schweizversand.ch. Schnelle Lieferung in der Schweiz. Gratisversand ab CHF 50.\" \/>\n<meta name=\"robots\" content=\"index, follow, max-snippet:-1, max-image-preview:large, max-video-preview:-1\" \/>\n<link rel=\"canonical\" href=\"https:\/\/schweizversand.ch\/it\/produkt\/extreme-clean-autopflege-polster-teppichreiniger\/\" \/>\n<meta property=\"og:locale\" content=\"it_IT\" \/>\n<meta property=\"og:type\" content=\"article\" \/>\n<meta property=\"og:title\" content=\"Extreme Clean Autopflege Polster-Teppichreiniger | Jetzt kaufen | Schweizversand.ch\" \/>\n<meta property=\"og:description\" content=\"Extreme Clean Autopflege Polster-Teppichreiniger g\u00fcnstig kaufen bei Schweizversand.ch. Schnelle Lieferung in der Schweiz. Gratisversand ab CHF 50.\" \/>\n<meta property=\"og:url\" content=\"https:\/\/schweizversand.ch\/it\/produkt\/extreme-clean-autopflege-polster-teppichreiniger\/\" \/>\n<meta property=\"og:site_name\" content=\"Schweizer Shop f\u00fcr Sport, Spiel und Freizeit\" \/>\n<meta property=\"article:publisher\" content=\"https:\/\/www.facebook.com\/Schweizversand\" \/>\n<meta property=\"article:modified_time\" content=\"2026-04-20T00:06:03+00:00\" \/>\n<meta property=\"og:image\" content=\"https:\/\/schweizversand.ch\/wp-content\/uploads\/2026\/02\/5471532442.jpg\" \/>\n\t<meta property=\"og:image:width\" content=\"1024\" \/>\n\t<meta property=\"og:image:height\" content=\"1024\" \/>\n\t<meta property=\"og:image:type\" content=\"image\/jpeg\" \/>\n<meta name=\"twitter:card\" content=\"summary_large_image\" \/>\n<meta name=\"twitter:label1\" content=\"Tempo di lettura stimato\" \/>\n\t<meta name=\"twitter:data1\" content=\"1 minuto\" \/>\n<script type=\"application\/ld+json\" class=\"yoast-schema-graph\">{\"@context\":\"https:\\\/\\\/schema.org\",\"@graph\":[{\"@type\":\"WebPage\",\"@id\":\"https:\\\/\\\/schweizversand.ch\\\/it\\\/produkt\\\/extreme-clean-autopflege-polster-teppichreiniger\\\/\",\"url\":\"https:\\\/\\\/schweizversand.ch\\\/it\\\/produkt\\\/extreme-clean-autopflege-polster-teppichreiniger\\\/\",\"name\":\"Extreme Clean Autopflege Polster-Teppichreiniger | Jetzt kaufen | Schweizversand.ch\",\"isPartOf\":{\"@id\":\"https:\\\/\\\/schweizversand.ch\\\/it\\\/#website\"},\"primaryImageOfPage\":{\"@id\":\"https:\\\/\\\/schweizversand.ch\\\/it\\\/produkt\\\/extreme-clean-autopflege-polster-teppichreiniger\\\/#primaryimage\"},\"image\":{\"@id\":\"https:\\\/\\\/schweizversand.ch\\\/it\\\/produkt\\\/extreme-clean-autopflege-polster-teppichreiniger\\\/#primaryimage\"},\"thumbnailUrl\":\"https:\\\/\\\/schweizversand.ch\\\/wp-content\\\/uploads\\\/2026\\\/02\\\/5471532442.jpg\",\"datePublished\":\"2026-03-14T22:21:38+00:00\",\"dateModified\":\"2026-04-20T00:06:03+00:00\",\"description\":\"Extreme Clean Autopflege Polster-Teppichreiniger g\u00fcnstig kaufen bei Schweizversand.ch. Schnelle Lieferung in der Schweiz. Gratisversand ab CHF 50.\",\"breadcrumb\":{\"@id\":\"https:\\\/\\\/schweizversand.ch\\\/it\\\/produkt\\\/extreme-clean-autopflege-polster-teppichreiniger\\\/#breadcrumb\"},\"inLanguage\":\"it-IT\",\"potentialAction\":[{\"@type\":\"ReadAction\",\"target\":[\"https:\\\/\\\/schweizversand.ch\\\/it\\\/produkt\\\/extreme-clean-autopflege-polster-teppichreiniger\\\/\"]}]},{\"@type\":\"ImageObject\",\"inLanguage\":\"it-IT\",\"@id\":\"https:\\\/\\\/schweizversand.ch\\\/it\\\/produkt\\\/extreme-clean-autopflege-polster-teppichreiniger\\\/#primaryimage\",\"url\":\"https:\\\/\\\/schweizversand.ch\\\/wp-content\\\/uploads\\\/2026\\\/02\\\/5471532442.jpg\",\"contentUrl\":\"https:\\\/\\\/schweizversand.ch\\\/wp-content\\\/uploads\\\/2026\\\/02\\\/5471532442.jpg\",\"width\":1024,\"height\":1024},{\"@type\":\"BreadcrumbList\",\"@id\":\"https:\\\/\\\/schweizversand.ch\\\/it\\\/produkt\\\/extreme-clean-autopflege-polster-teppichreiniger\\\/#breadcrumb\",\"itemListElement\":[{\"@type\":\"ListItem\",\"position\":1,\"name\":\"Startseite\",\"item\":\"https:\\\/\\\/schweizversand.ch\\\/it\\\/home\\\/\"},{\"@type\":\"ListItem\",\"position\":2,\"name\":\"Shop\",\"item\":\"https:\\\/\\\/schweizversand.ch\\\/it\\\/shop\\\/\"},{\"@type\":\"ListItem\",\"position\":3,\"name\":\"Forniture per veicoli\",\"item\":\"https:\\\/\\\/schweizversand.ch\\\/it\\\/produkt-kategorie\\\/forniture-per-veicoli\\\/\"},{\"@type\":\"ListItem\",\"position\":4,\"name\":\"Auto\",\"item\":\"https:\\\/\\\/schweizversand.ch\\\/it\\\/produkt-kategorie\\\/forniture-per-veicoli\\\/auto\\\/\"},{\"@type\":\"ListItem\",\"position\":5,\"name\":\"Pulizia e cura\",\"item\":\"https:\\\/\\\/schweizversand.ch\\\/it\\\/produkt-kategorie\\\/forniture-per-veicoli\\\/auto\\\/reinigung-pflege\\\/\"},{\"@type\":\"ListItem\",\"position\":6,\"name\":\"Extreme Clean Car Care, detergente per tappezzeria e moquette\"}]},{\"@type\":\"WebSite\",\"@id\":\"https:\\\/\\\/schweizversand.ch\\\/it\\\/#website\",\"url\":\"https:\\\/\\\/schweizversand.ch\\\/it\\\/\",\"name\":\"Schweizer Shop f\u00fcr Sport, Spiel und Freizeit\",\"description\":\"Gratisversand ab 50.- (netto), ab eigenem schweizer Lager, Lieferung innert 48h\",\"publisher\":{\"@id\":\"https:\\\/\\\/schweizversand.ch\\\/it\\\/#organization\"},\"alternateName\":\"Schweizversand.ch\",\"potentialAction\":[{\"@type\":\"SearchAction\",\"target\":{\"@type\":\"EntryPoint\",\"urlTemplate\":\"https:\\\/\\\/schweizversand.ch\\\/it\\\/?s={search_term_string}\"},\"query-input\":{\"@type\":\"PropertyValueSpecification\",\"valueRequired\":true,\"valueName\":\"search_term_string\"}}],\"inLanguage\":\"it-IT\"},{\"@type\":\"Organization\",\"@id\":\"https:\\\/\\\/schweizversand.ch\\\/it\\\/#organization\",\"name\":\"Schweizversand.ch\",\"url\":\"https:\\\/\\\/schweizversand.ch\\\/it\\\/\",\"logo\":{\"@type\":\"ImageObject\",\"inLanguage\":\"it-IT\",\"@id\":\"https:\\\/\\\/schweizversand.ch\\\/it\\\/#\\\/schema\\\/logo\\\/image\\\/\",\"url\":\"https:\\\/\\\/schweizversand.ch\\\/wp-content\\\/uploads\\\/2026\\\/03\\\/Logo_Rund_Final-1.png\",\"contentUrl\":\"https:\\\/\\\/schweizversand.ch\\\/wp-content\\\/uploads\\\/2026\\\/03\\\/Logo_Rund_Final-1.png\",\"width\":404,\"height\":404,\"caption\":\"Schweizversand.ch\"},\"image\":{\"@id\":\"https:\\\/\\\/schweizversand.ch\\\/it\\\/#\\\/schema\\\/logo\\\/image\\\/\"},\"sameAs\":[\"https:\\\/\\\/www.facebook.com\\\/Schweizversand\",\"https:\\\/\\\/www.instagram.com\\\/schweizversand.ch\\\/\"]}]}<\/script>\n<!-- \/ Yoast SEO plugin. -->","yoast_head_json":{"title":"Extreme Clean Autopflege Polster-Teppichreiniger | Jetzt kaufen | Schweizversand.ch","description":"Extreme Clean Autopflege Polster-Teppichreiniger g\u00fcnstig kaufen bei Schweizversand.ch. Schnelle Lieferung in der Schweiz. Gratisversand ab CHF 50.","robots":{"index":"index","follow":"follow","max-snippet":"max-snippet:-1","max-image-preview":"max-image-preview:large","max-video-preview":"max-video-preview:-1"},"canonical":"https:\/\/schweizversand.ch\/it\/produkt\/extreme-clean-autopflege-polster-teppichreiniger\/","og_locale":"it_IT","og_type":"article","og_title":"Extreme Clean Autopflege Polster-Teppichreiniger | Jetzt kaufen | Schweizversand.ch","og_description":"Extreme Clean Autopflege Polster-Teppichreiniger g\u00fcnstig kaufen bei Schweizversand.ch. Schnelle Lieferung in der Schweiz. Gratisversand ab CHF 50.","og_url":"https:\/\/schweizversand.ch\/it\/produkt\/extreme-clean-autopflege-polster-teppichreiniger\/","og_site_name":"Schweizer Shop f\u00fcr Sport, Spiel und Freizeit","article_publisher":"https:\/\/www.facebook.com\/Schweizversand","article_modified_time":"2026-04-20T00:06:03+00:00","og_image":[{"width":1024,"height":1024,"url":"https:\/\/schweizversand.ch\/wp-content\/uploads\/2026\/02\/5471532442.jpg","type":"image\/jpeg"}],"twitter_card":"summary_large_image","twitter_misc":{"Tempo di lettura stimato":"1 minuto"},"schema":{"@context":"https:\/\/schema.org","@graph":[{"@type":"WebPage","@id":"https:\/\/schweizversand.ch\/it\/produkt\/extreme-clean-autopflege-polster-teppichreiniger\/","url":"https:\/\/schweizversand.ch\/it\/produkt\/extreme-clean-autopflege-polster-teppichreiniger\/","name":"Extreme Clean Autopflege Polster-Teppichreiniger | Jetzt kaufen | Schweizversand.ch","isPartOf":{"@id":"https:\/\/schweizversand.ch\/it\/#website"},"primaryImageOfPage":{"@id":"https:\/\/schweizversand.ch\/it\/produkt\/extreme-clean-autopflege-polster-teppichreiniger\/#primaryimage"},"image":{"@id":"https:\/\/schweizversand.ch\/it\/produkt\/extreme-clean-autopflege-polster-teppichreiniger\/#primaryimage"},"thumbnailUrl":"https:\/\/schweizversand.ch\/wp-content\/uploads\/2026\/02\/5471532442.jpg","datePublished":"2026-03-14T22:21:38+00:00","dateModified":"2026-04-20T00:06:03+00:00","description":"Extreme Clean Autopflege Polster-Teppichreiniger g\u00fcnstig kaufen bei Schweizversand.ch. Schnelle Lieferung in der Schweiz. Gratisversand ab CHF 50.","breadcrumb":{"@id":"https:\/\/schweizversand.ch\/it\/produkt\/extreme-clean-autopflege-polster-teppichreiniger\/#breadcrumb"},"inLanguage":"it-IT","potentialAction":[{"@type":"ReadAction","target":["https:\/\/schweizversand.ch\/it\/produkt\/extreme-clean-autopflege-polster-teppichreiniger\/"]}]},{"@type":"ImageObject","inLanguage":"it-IT","@id":"https:\/\/schweizversand.ch\/it\/produkt\/extreme-clean-autopflege-polster-teppichreiniger\/#primaryimage","url":"https:\/\/schweizversand.ch\/wp-content\/uploads\/2026\/02\/5471532442.jpg","contentUrl":"https:\/\/schweizversand.ch\/wp-content\/uploads\/2026\/02\/5471532442.jpg","width":1024,"height":1024},{"@type":"BreadcrumbList","@id":"https:\/\/schweizversand.ch\/it\/produkt\/extreme-clean-autopflege-polster-teppichreiniger\/#breadcrumb","itemListElement":[{"@type":"ListItem","position":1,"name":"Startseite","item":"https:\/\/schweizversand.ch\/it\/home\/"},{"@type":"ListItem","position":2,"name":"Shop","item":"https:\/\/schweizversand.ch\/it\/shop\/"},{"@type":"ListItem","position":3,"name":"Forniture per veicoli","item":"https:\/\/schweizversand.ch\/it\/produkt-kategorie\/forniture-per-veicoli\/"},{"@type":"ListItem","position":4,"name":"Auto","item":"https:\/\/schweizversand.ch\/it\/produkt-kategorie\/forniture-per-veicoli\/auto\/"},{"@type":"ListItem","position":5,"name":"Pulizia e cura","item":"https:\/\/schweizversand.ch\/it\/produkt-kategorie\/forniture-per-veicoli\/auto\/reinigung-pflege\/"},{"@type":"ListItem","position":6,"name":"Extreme Clean Car Care, detergente per tappezzeria e moquette"}]},{"@type":"WebSite","@id":"https:\/\/schweizversand.ch\/it\/#website","url":"https:\/\/schweizversand.ch\/it\/","name":"Schweizer Shop f\u00fcr Sport, Spiel und Freizeit","description":"Gratisversand ab 50.- (netto), ab eigenem schweizer Lager, Lieferung innert 48h","publisher":{"@id":"https:\/\/schweizversand.ch\/it\/#organization"},"alternateName":"Schweizversand.ch","potentialAction":[{"@type":"SearchAction","target":{"@type":"EntryPoint","urlTemplate":"https:\/\/schweizversand.ch\/it\/?s={search_term_string}"},"query-input":{"@type":"PropertyValueSpecification","valueRequired":true,"valueName":"search_term_string"}}],"inLanguage":"it-IT"},{"@type":"Organization","@id":"https:\/\/schweizversand.ch\/it\/#organization","name":"Schweizversand.ch","url":"https:\/\/schweizversand.ch\/it\/","logo":{"@type":"ImageObject","inLanguage":"it-IT","@id":"https:\/\/schweizversand.ch\/it\/#\/schema\/logo\/image\/","url":"https:\/\/schweizversand.ch\/wp-content\/uploads\/2026\/03\/Logo_Rund_Final-1.png","contentUrl":"https:\/\/schweizversand.ch\/wp-content\/uploads\/2026\/03\/Logo_Rund_Final-1.png","width":404,"height":404,"caption":"Schweizversand.ch"},"image":{"@id":"https:\/\/schweizversand.ch\/it\/#\/schema\/logo\/image\/"},"sameAs":["https:\/\/www.facebook.com\/Schweizversand","https:\/\/www.instagram.com\/schweizversand.ch\/"]}]}},"jetpack_sharing_enabled":true,"_links":{"self":[{"href":"https:\/\/schweizversand.ch\/it\/wp-json\/wp\/v2\/product\/247418","targetHints":{"allow":["GET"]}}],"collection":[{"href":"https:\/\/schweizversand.ch\/it\/wp-json\/wp\/v2\/product"}],"about":[{"href":"https:\/\/schweizversand.ch\/it\/wp-json\/wp\/v2\/types\/product"}],"replies":[{"embeddable":true,"href":"https:\/\/schweizversand.ch\/it\/wp-json\/wp\/v2\/comments?post=247418"}],"wp:featuredmedia":[{"embeddable":true,"href":"https:\/\/schweizversand.ch\/it\/wp-json\/wp\/v2\/media\/165062"}],"wp:attachment":[{"href":"https:\/\/schweizversand.ch\/it\/wp-json\/wp\/v2\/media?parent=247418"}],"wp:term":[{"taxonomy":"product_brand","embeddable":true,"href":"https:\/\/schweizversand.ch\/it\/wp-json\/wp\/v2\/product_brand?post=247418"},{"taxonomy":"product_cat","embeddable":true,"href":"https:\/\/schweizversand.ch\/it\/wp-json\/wp\/v2\/product_cat?post=247418"},{"taxonomy":"product_tag","embeddable":true,"href":"https:\/\/schweizversand.ch\/it\/wp-json\/wp\/v2\/product_tag?post=247418"}],"curies":[{"name":"wp","href":"https:\/\/api.w.org\/{rel}","templated":true}]}}