{"id":247428,"date":"2026-03-14T23:21:39","date_gmt":"2026-03-14T22:21:39","guid":{"rendered":"https:\/\/schweizversand.ch\/produkt\/hq-kites-designs-bouncing-birdeez-chicken\/"},"modified":"2026-04-19T02:07:02","modified_gmt":"2026-04-19T00:07:02","slug":"hq-kites-designs-bouncing-birdeez-chicken","status":"publish","type":"product","link":"https:\/\/schweizversand.ch\/it\/produkt\/hq-kites-designs-bouncing-birdeez-chicken\/","title":{"rendered":"Pollo Bouncing Birdeez di Hq Kites &#038; Designs"},"content":{"rendered":"<div>Bouncing Birdeez \u2013 Il gioco rimbalzante per esterni che regala vento e divertimento!<br \/>Il Bouncing Birdeez porta movimento, divertimento e azione all&#8217;aria aperta! Con un diametro di 60 cm, questo straordinario gioco per esterni \u00e8 abbastanza grande da essere ben visibile e delizia bambini e adulti, sia nel prato, al parco o in spiaggia.<br \/>Realizzato in robusto nylon ripstop, il Bouncing Birdeez \u00e8 particolarmente resistente e duraturo, anche con un uso frequente. Con venti di 3 Beaufort (circa 19 km\/h) e oltre, il giocattolo dispiega tutto il suo potenziale: rimbalza, salta e danza nel vento: un divertimento affascinante per grandi e piccini!<br \/>Vantaggi del prodotto in sintesi:<br \/>\u2022 Diametro grande (60 cm): altamente visibile e perfetto per le attivit\u00e0 all&#8217;aperto<br \/>\u2022 Materiale robusto: realizzato in nylon ripstop resistente agli strappi per una lunga durata<br \/>\u2022 Giocattolo attivato dal vento: ideale con venti di 3 Beaufort (circa 19 km\/h)<br \/>\u2022 Uso versatile: per il giardino, il parco, il campeggio o la spiaggia<br \/>\u2022 Esercizio e divertimento: incoraggia l&#8217;attivit\u00e0, la destrezza e l&#8217;osservazione<\/p>\n<\/div>\n<div>Con Bouncing Birdeez, ottieni un giocattolo attivato dalle condizioni meteorologiche che combina divertimento, esercizio e aria fresca: perfetto per le giornate ventose e le famiglie attive!<\/p>\n<\/div>\n","protected":false},"excerpt":{"rendered":"<p>Bouncing Birdeez \u2013 Il gioco rimbalzante per esterni che regala vento e divertimento!Il Bouncing Birdeez porta movimento, divertimento e azione all&#8217;aria aperta! Con un diametro di 60 cm, questo straordinario gioco per esterni \u00e8 abbastanza grande da essere ben visibile e delizia bambini e adulti, sia nel prato, al parco o in spiaggia.Realizzato in robusto nylon ripstop, il Bouncing Birdeez \u00e8 particolarmente resistente e duraturo, anche con un uso frequente. Con venti di 3 Beaufort&hellip;<\/p>\n","protected":false},"featured_media":257397,"comment_status":"open","ping_status":"closed","template":"","meta":[],"product_brand":[],"product_cat":[38198],"product_tag":[],"class_list":{"0":"post-247428","1":"product","2":"type-product","3":"status-publish","4":"has-post-thumbnail","6":"product_cat-diverses","7":"product_shipping_class-global_methods","9":"first","10":"instock","11":"taxable","12":"shipping-taxable","13":"purchasable","14":"product-type-simple"},"yoast_head":"<!-- This site is optimized with the Yoast SEO plugin v27.4 - https:\/\/yoast.com\/product\/yoast-seo-wordpress\/ -->\n<title>Hq Kites &amp; Designs Bouncing Birdeez Chicken<\/title>\n<meta name=\"description\" content=\"Bouncing Birdeez \u2013 Das h\u00fcpfende Outdoor-Spielzeug f\u00fcr Wind &amp; Spa\u00df!\u00a0 Der Bouncing Birdeez sorgt f\u00fcr Bewegung, Spielspa\u00df und Action an der frischen Luft! Mit eine\" \/>\n<meta name=\"robots\" content=\"index, follow, max-snippet:-1, max-image-preview:large, max-video-preview:-1\" \/>\n<link rel=\"canonical\" href=\"https:\/\/schweizversand.ch\/it\/produkt\/hq-kites-designs-bouncing-birdeez-chicken\/\" \/>\n<meta property=\"og:locale\" content=\"it_IT\" \/>\n<meta property=\"og:type\" content=\"article\" \/>\n<meta property=\"og:title\" content=\"Hq Kites &amp; Designs Bouncing Birdeez Chicken\" \/>\n<meta property=\"og:description\" content=\"Bouncing Birdeez \u2013 Das h\u00fcpfende Outdoor-Spielzeug f\u00fcr Wind &amp; Spa\u00df!\u00a0 Der Bouncing Birdeez sorgt f\u00fcr Bewegung, Spielspa\u00df und Action an der frischen Luft! Mit eine\" \/>\n<meta property=\"og:url\" content=\"https:\/\/schweizversand.ch\/it\/produkt\/hq-kites-designs-bouncing-birdeez-chicken\/\" \/>\n<meta property=\"og:site_name\" content=\"Schweizer Shop f\u00fcr Sport, Spiel und Freizeit\" \/>\n<meta property=\"article:publisher\" content=\"https:\/\/www.facebook.com\/Schweizversand\" \/>\n<meta property=\"article:modified_time\" content=\"2026-04-19T00:07:02+00:00\" \/>\n<meta property=\"og:image\" content=\"https:\/\/schweizversand.ch\/wp-content\/uploads\/2026\/02\/5471827024.jpg\" \/>\n\t<meta property=\"og:image:width\" content=\"1024\" \/>\n\t<meta property=\"og:image:height\" content=\"1024\" \/>\n\t<meta property=\"og:image:type\" content=\"image\/jpeg\" \/>\n<meta name=\"twitter:card\" content=\"summary_large_image\" \/>\n<meta name=\"twitter:label1\" content=\"Tempo di lettura stimato\" \/>\n\t<meta name=\"twitter:data1\" content=\"1 minuto\" \/>\n<script type=\"application\/ld+json\" class=\"yoast-schema-graph\">{\"@context\":\"https:\\\/\\\/schema.org\",\"@graph\":[{\"@type\":\"WebPage\",\"@id\":\"https:\\\/\\\/schweizversand.ch\\\/it\\\/produkt\\\/hq-kites-designs-bouncing-birdeez-chicken\\\/\",\"url\":\"https:\\\/\\\/schweizversand.ch\\\/it\\\/produkt\\\/hq-kites-designs-bouncing-birdeez-chicken\\\/\",\"name\":\"Hq Kites & Designs Bouncing Birdeez Chicken\",\"isPartOf\":{\"@id\":\"https:\\\/\\\/schweizversand.ch\\\/it\\\/#website\"},\"primaryImageOfPage\":{\"@id\":\"https:\\\/\\\/schweizversand.ch\\\/it\\\/produkt\\\/hq-kites-designs-bouncing-birdeez-chicken\\\/#primaryimage\"},\"image\":{\"@id\":\"https:\\\/\\\/schweizversand.ch\\\/it\\\/produkt\\\/hq-kites-designs-bouncing-birdeez-chicken\\\/#primaryimage\"},\"thumbnailUrl\":\"https:\\\/\\\/schweizversand.ch\\\/wp-content\\\/uploads\\\/2026\\\/02\\\/5471827024.jpg\",\"datePublished\":\"2026-03-14T22:21:39+00:00\",\"dateModified\":\"2026-04-19T00:07:02+00:00\",\"description\":\"Bouncing Birdeez \u2013 Das h\u00fcpfende Outdoor-Spielzeug f\u00fcr Wind & Spa\u00df!\u00a0 Der Bouncing Birdeez sorgt f\u00fcr Bewegung, Spielspa\u00df und Action an der frischen Luft! Mit eine\",\"breadcrumb\":{\"@id\":\"https:\\\/\\\/schweizversand.ch\\\/it\\\/produkt\\\/hq-kites-designs-bouncing-birdeez-chicken\\\/#breadcrumb\"},\"inLanguage\":\"it-IT\",\"potentialAction\":[{\"@type\":\"ReadAction\",\"target\":[\"https:\\\/\\\/schweizversand.ch\\\/it\\\/produkt\\\/hq-kites-designs-bouncing-birdeez-chicken\\\/\"]}]},{\"@type\":\"ImageObject\",\"inLanguage\":\"it-IT\",\"@id\":\"https:\\\/\\\/schweizversand.ch\\\/it\\\/produkt\\\/hq-kites-designs-bouncing-birdeez-chicken\\\/#primaryimage\",\"url\":\"https:\\\/\\\/schweizversand.ch\\\/wp-content\\\/uploads\\\/2026\\\/02\\\/5471827024.jpg\",\"contentUrl\":\"https:\\\/\\\/schweizversand.ch\\\/wp-content\\\/uploads\\\/2026\\\/02\\\/5471827024.jpg\",\"width\":1024,\"height\":1024},{\"@type\":\"BreadcrumbList\",\"@id\":\"https:\\\/\\\/schweizversand.ch\\\/it\\\/produkt\\\/hq-kites-designs-bouncing-birdeez-chicken\\\/#breadcrumb\",\"itemListElement\":[{\"@type\":\"ListItem\",\"position\":1,\"name\":\"Startseite\",\"item\":\"https:\\\/\\\/schweizversand.ch\\\/it\\\/home\\\/\"},{\"@type\":\"ListItem\",\"position\":2,\"name\":\"Shop\",\"item\":\"https:\\\/\\\/schweizversand.ch\\\/it\\\/shop\\\/\"},{\"@type\":\"ListItem\",\"position\":3,\"name\":\"Giocattoli e giochi\",\"item\":\"https:\\\/\\\/schweizversand.ch\\\/it\\\/produkt-kategorie\\\/giocattoli-e-giochi\\\/\"},{\"@type\":\"ListItem\",\"position\":4,\"name\":\"Feste e divertimento\",\"item\":\"https:\\\/\\\/schweizversand.ch\\\/it\\\/produkt-kategorie\\\/giocattoli-e-giochi\\\/feste-e-divertimento\\\/\"},{\"@type\":\"ListItem\",\"position\":5,\"name\":\"Varie\",\"item\":\"https:\\\/\\\/schweizversand.ch\\\/it\\\/produkt-kategorie\\\/giocattoli-e-giochi\\\/feste-e-divertimento\\\/diverses\\\/\"},{\"@type\":\"ListItem\",\"position\":6,\"name\":\"Pollo Bouncing Birdeez di Hq Kites &amp; Designs\"}]},{\"@type\":\"WebSite\",\"@id\":\"https:\\\/\\\/schweizversand.ch\\\/it\\\/#website\",\"url\":\"https:\\\/\\\/schweizversand.ch\\\/it\\\/\",\"name\":\"Schweizer Shop f\u00fcr Sport, Spiel und Freizeit\",\"description\":\"Gratisversand ab 50.- (netto), ab eigenem schweizer Lager, Lieferung innert 48h\",\"publisher\":{\"@id\":\"https:\\\/\\\/schweizversand.ch\\\/it\\\/#organization\"},\"alternateName\":\"Schweizversand.ch\",\"potentialAction\":[{\"@type\":\"SearchAction\",\"target\":{\"@type\":\"EntryPoint\",\"urlTemplate\":\"https:\\\/\\\/schweizversand.ch\\\/it\\\/?s={search_term_string}\"},\"query-input\":{\"@type\":\"PropertyValueSpecification\",\"valueRequired\":true,\"valueName\":\"search_term_string\"}}],\"inLanguage\":\"it-IT\"},{\"@type\":\"Organization\",\"@id\":\"https:\\\/\\\/schweizversand.ch\\\/it\\\/#organization\",\"name\":\"Schweizversand.ch\",\"url\":\"https:\\\/\\\/schweizversand.ch\\\/it\\\/\",\"logo\":{\"@type\":\"ImageObject\",\"inLanguage\":\"it-IT\",\"@id\":\"https:\\\/\\\/schweizversand.ch\\\/it\\\/#\\\/schema\\\/logo\\\/image\\\/\",\"url\":\"https:\\\/\\\/schweizversand.ch\\\/wp-content\\\/uploads\\\/2026\\\/03\\\/Logo_Rund_Final-1.png\",\"contentUrl\":\"https:\\\/\\\/schweizversand.ch\\\/wp-content\\\/uploads\\\/2026\\\/03\\\/Logo_Rund_Final-1.png\",\"width\":404,\"height\":404,\"caption\":\"Schweizversand.ch\"},\"image\":{\"@id\":\"https:\\\/\\\/schweizversand.ch\\\/it\\\/#\\\/schema\\\/logo\\\/image\\\/\"},\"sameAs\":[\"https:\\\/\\\/www.facebook.com\\\/Schweizversand\",\"https:\\\/\\\/www.instagram.com\\\/schweizversand.ch\\\/\"]}]}<\/script>\n<!-- \/ Yoast SEO plugin. -->","yoast_head_json":{"title":"Hq Kites & Designs Bouncing Birdeez Chicken","description":"Bouncing Birdeez \u2013 Das h\u00fcpfende Outdoor-Spielzeug f\u00fcr Wind & Spa\u00df!\u00a0 Der Bouncing Birdeez sorgt f\u00fcr Bewegung, Spielspa\u00df und Action an der frischen Luft! Mit eine","robots":{"index":"index","follow":"follow","max-snippet":"max-snippet:-1","max-image-preview":"max-image-preview:large","max-video-preview":"max-video-preview:-1"},"canonical":"https:\/\/schweizversand.ch\/it\/produkt\/hq-kites-designs-bouncing-birdeez-chicken\/","og_locale":"it_IT","og_type":"article","og_title":"Hq Kites & Designs Bouncing Birdeez Chicken","og_description":"Bouncing Birdeez \u2013 Das h\u00fcpfende Outdoor-Spielzeug f\u00fcr Wind & Spa\u00df!\u00a0 Der Bouncing Birdeez sorgt f\u00fcr Bewegung, Spielspa\u00df und Action an der frischen Luft! Mit eine","og_url":"https:\/\/schweizversand.ch\/it\/produkt\/hq-kites-designs-bouncing-birdeez-chicken\/","og_site_name":"Schweizer Shop f\u00fcr Sport, Spiel und Freizeit","article_publisher":"https:\/\/www.facebook.com\/Schweizversand","article_modified_time":"2026-04-19T00:07:02+00:00","og_image":[{"width":1024,"height":1024,"url":"https:\/\/schweizversand.ch\/wp-content\/uploads\/2026\/02\/5471827024.jpg","type":"image\/jpeg"}],"twitter_card":"summary_large_image","twitter_misc":{"Tempo di lettura stimato":"1 minuto"},"schema":{"@context":"https:\/\/schema.org","@graph":[{"@type":"WebPage","@id":"https:\/\/schweizversand.ch\/it\/produkt\/hq-kites-designs-bouncing-birdeez-chicken\/","url":"https:\/\/schweizversand.ch\/it\/produkt\/hq-kites-designs-bouncing-birdeez-chicken\/","name":"Hq Kites & Designs Bouncing Birdeez Chicken","isPartOf":{"@id":"https:\/\/schweizversand.ch\/it\/#website"},"primaryImageOfPage":{"@id":"https:\/\/schweizversand.ch\/it\/produkt\/hq-kites-designs-bouncing-birdeez-chicken\/#primaryimage"},"image":{"@id":"https:\/\/schweizversand.ch\/it\/produkt\/hq-kites-designs-bouncing-birdeez-chicken\/#primaryimage"},"thumbnailUrl":"https:\/\/schweizversand.ch\/wp-content\/uploads\/2026\/02\/5471827024.jpg","datePublished":"2026-03-14T22:21:39+00:00","dateModified":"2026-04-19T00:07:02+00:00","description":"Bouncing Birdeez \u2013 Das h\u00fcpfende Outdoor-Spielzeug f\u00fcr Wind & Spa\u00df!\u00a0 Der Bouncing Birdeez sorgt f\u00fcr Bewegung, Spielspa\u00df und Action an der frischen Luft! Mit eine","breadcrumb":{"@id":"https:\/\/schweizversand.ch\/it\/produkt\/hq-kites-designs-bouncing-birdeez-chicken\/#breadcrumb"},"inLanguage":"it-IT","potentialAction":[{"@type":"ReadAction","target":["https:\/\/schweizversand.ch\/it\/produkt\/hq-kites-designs-bouncing-birdeez-chicken\/"]}]},{"@type":"ImageObject","inLanguage":"it-IT","@id":"https:\/\/schweizversand.ch\/it\/produkt\/hq-kites-designs-bouncing-birdeez-chicken\/#primaryimage","url":"https:\/\/schweizversand.ch\/wp-content\/uploads\/2026\/02\/5471827024.jpg","contentUrl":"https:\/\/schweizversand.ch\/wp-content\/uploads\/2026\/02\/5471827024.jpg","width":1024,"height":1024},{"@type":"BreadcrumbList","@id":"https:\/\/schweizversand.ch\/it\/produkt\/hq-kites-designs-bouncing-birdeez-chicken\/#breadcrumb","itemListElement":[{"@type":"ListItem","position":1,"name":"Startseite","item":"https:\/\/schweizversand.ch\/it\/home\/"},{"@type":"ListItem","position":2,"name":"Shop","item":"https:\/\/schweizversand.ch\/it\/shop\/"},{"@type":"ListItem","position":3,"name":"Giocattoli e giochi","item":"https:\/\/schweizversand.ch\/it\/produkt-kategorie\/giocattoli-e-giochi\/"},{"@type":"ListItem","position":4,"name":"Feste e divertimento","item":"https:\/\/schweizversand.ch\/it\/produkt-kategorie\/giocattoli-e-giochi\/feste-e-divertimento\/"},{"@type":"ListItem","position":5,"name":"Varie","item":"https:\/\/schweizversand.ch\/it\/produkt-kategorie\/giocattoli-e-giochi\/feste-e-divertimento\/diverses\/"},{"@type":"ListItem","position":6,"name":"Pollo Bouncing Birdeez di Hq Kites &amp; Designs"}]},{"@type":"WebSite","@id":"https:\/\/schweizversand.ch\/it\/#website","url":"https:\/\/schweizversand.ch\/it\/","name":"Schweizer Shop f\u00fcr Sport, Spiel und Freizeit","description":"Gratisversand ab 50.- (netto), ab eigenem schweizer Lager, Lieferung innert 48h","publisher":{"@id":"https:\/\/schweizversand.ch\/it\/#organization"},"alternateName":"Schweizversand.ch","potentialAction":[{"@type":"SearchAction","target":{"@type":"EntryPoint","urlTemplate":"https:\/\/schweizversand.ch\/it\/?s={search_term_string}"},"query-input":{"@type":"PropertyValueSpecification","valueRequired":true,"valueName":"search_term_string"}}],"inLanguage":"it-IT"},{"@type":"Organization","@id":"https:\/\/schweizversand.ch\/it\/#organization","name":"Schweizversand.ch","url":"https:\/\/schweizversand.ch\/it\/","logo":{"@type":"ImageObject","inLanguage":"it-IT","@id":"https:\/\/schweizversand.ch\/it\/#\/schema\/logo\/image\/","url":"https:\/\/schweizversand.ch\/wp-content\/uploads\/2026\/03\/Logo_Rund_Final-1.png","contentUrl":"https:\/\/schweizversand.ch\/wp-content\/uploads\/2026\/03\/Logo_Rund_Final-1.png","width":404,"height":404,"caption":"Schweizversand.ch"},"image":{"@id":"https:\/\/schweizversand.ch\/it\/#\/schema\/logo\/image\/"},"sameAs":["https:\/\/www.facebook.com\/Schweizversand","https:\/\/www.instagram.com\/schweizversand.ch\/"]}]}},"jetpack_sharing_enabled":true,"_links":{"self":[{"href":"https:\/\/schweizversand.ch\/it\/wp-json\/wp\/v2\/product\/247428","targetHints":{"allow":["GET"]}}],"collection":[{"href":"https:\/\/schweizversand.ch\/it\/wp-json\/wp\/v2\/product"}],"about":[{"href":"https:\/\/schweizversand.ch\/it\/wp-json\/wp\/v2\/types\/product"}],"replies":[{"embeddable":true,"href":"https:\/\/schweizversand.ch\/it\/wp-json\/wp\/v2\/comments?post=247428"}],"wp:featuredmedia":[{"embeddable":true,"href":"https:\/\/schweizversand.ch\/it\/wp-json\/wp\/v2\/media\/257397"}],"wp:attachment":[{"href":"https:\/\/schweizversand.ch\/it\/wp-json\/wp\/v2\/media?parent=247428"}],"wp:term":[{"taxonomy":"product_brand","embeddable":true,"href":"https:\/\/schweizversand.ch\/it\/wp-json\/wp\/v2\/product_brand?post=247428"},{"taxonomy":"product_cat","embeddable":true,"href":"https:\/\/schweizversand.ch\/it\/wp-json\/wp\/v2\/product_cat?post=247428"},{"taxonomy":"product_tag","embeddable":true,"href":"https:\/\/schweizversand.ch\/it\/wp-json\/wp\/v2\/product_tag?post=247428"}],"curies":[{"name":"wp","href":"https:\/\/api.w.org\/{rel}","templated":true}]}}