{"id":247437,"date":"2026-03-14T23:21:40","date_gmt":"2026-03-14T22:21:40","guid":{"rendered":"https:\/\/schweizversand.ch\/produkt\/rasehorn-lametta-munition-fuer-konfettipistole-4-patronen-a-6-schuss\/"},"modified":"2026-04-19T02:07:02","modified_gmt":"2026-04-19T00:07:02","slug":"rasehorn-lametta-munition-fuer-konfettipistole-4-patronen-a-6-schuss","status":"publish","type":"product","link":"https:\/\/schweizversand.ch\/it\/produkt\/rasehorn-lametta-munition-fuer-konfettipistole-4-patronen-a-6-schuss\/","title":{"rendered":"Munizioni di lam\u00e9 Rasehorn per pistola lanciacoriandoli, 4 cartucce da 6 colpi ciascuna"},"content":{"rendered":"<div>&nbsp;<\/div>\n<h1><strong>Munizioni di coriandoli per pistola lanciacoriandoli (confezione da 4)<\/strong><\/h1>\n<div>Preparati per il prossimo big bang! Queste <strong>munizioni di coriandoli di alta qualit\u00e0<\/strong> sono l&#8217;accessorio essenziale per le feste di carnevale, per Capodanno, compleanni o qualsiasi altra festa vivace. Crea un momento indimenticabile con una pioggia scintillante di coriandoli.<\/p>\n<\/div>\n<div><strong>Perfette per ogni occasione<\/strong><br \/>Con questa <strong>ricarica di coriandoli<\/strong>, puoi trasformare qualsiasi evento in un&#8217;occasione spettacolare. Che si tratti di Carnevale, Capodanno o della tua prossima festa a tema, la facilit\u00e0 d&#8217;uso e l&#8217;effetto spettacolare rendono queste <strong>munizioni di coriandoli<\/strong> un vero piacere per tutti. \u00c8 il massimo del divertimento per feste e carnevale!<\/p>\n<\/div>\n<div><strong>Dettagli del prodotto e contenuto della confezione<\/strong><br \/>Questa confezione contiene tutto il necessario per ricaricare immediatamente la tua pistola per coriandoli. Le <strong>cartucce per coriandoli<\/strong> sono appositamente progettate per le pistole per coriandoli standard e garantiscono un funzionamento affidabile.<br \/>&#8211; Quantit\u00e0: 4 pezzi<br \/>&#8211; Capacit\u00e0 di lancio per pezzo: 6 colpi<br \/>&#8211; Tipo: Cartucce per coriandoli\/Fiocchi di neve<br \/>&#8211; Nota: questa \u00e8 solo una <strong>confezione di ricarica, pistola non inclusa<\/br><\/strong><\/div>\n<div><strong>Facile da usare<\/strong><br \/>Ricaricare la pistola \u00e8 incredibilmente facile e veloce, quindi la festa non dovr\u00e0 essere interrotta a lungo. Acquista subito le tue <strong>cartucce decorative per la notte di Capodanno<\/strong> e crea un momento scintillante che delizier\u00e0 i tuoi ospiti.<\/p>\n<\/div>\n<div><\/div>\n","protected":false},"excerpt":{"rendered":"<p>&nbsp; Munizioni di coriandoli per pistola lanciacoriandoli (confezione da 4) Preparati per il prossimo big bang! Queste munizioni di coriandoli di alta qualit\u00e0 sono l&#8217;accessorio essenziale per le feste di carnevale, per Capodanno, compleanni o qualsiasi altra festa vivace. Crea un momento indimenticabile con una pioggia scintillante di coriandoli. Perfette per ogni occasioneCon questa ricarica di coriandoli, puoi trasformare qualsiasi evento in un&#8217;occasione spettacolare. Che si tratti di Carnevale, Capodanno o della tua prossima festa&hellip;<\/p>\n","protected":false},"featured_media":257403,"comment_status":"open","ping_status":"closed","template":"","meta":[],"product_brand":[],"product_cat":[38198],"product_tag":[],"class_list":{"0":"post-247437","1":"product","2":"type-product","3":"status-publish","4":"has-post-thumbnail","6":"product_cat-diverses","7":"product_shipping_class-global_methods","9":"first","10":"instock","11":"taxable","12":"shipping-taxable","13":"purchasable","14":"product-type-simple"},"yoast_head":"<!-- This site is optimized with the Yoast SEO plugin v27.4 - https:\/\/yoast.com\/product\/yoast-seo-wordpress\/ -->\n<title>Rasehorn Lametta-Munition f\u00fcr Konfettipistole 4 Patronen \u00e0 6 Schuss | Jetzt kaufen | Schweizversand.ch<\/title>\n<meta name=\"description\" content=\"Rasehorn Lametta-Munition f\u00fcr Konfettipistole 4 Patronen \u00e0 6 Schuss g\u00fcnstig kaufen bei Schweizversand.ch. Schnelle Lieferung in der Schweiz. Gratisversand ab CHF 50.\" \/>\n<meta name=\"robots\" content=\"index, follow, max-snippet:-1, max-image-preview:large, max-video-preview:-1\" \/>\n<link rel=\"canonical\" href=\"https:\/\/schweizversand.ch\/it\/produkt\/rasehorn-lametta-munition-fuer-konfettipistole-4-patronen-a-6-schuss\/\" \/>\n<meta property=\"og:locale\" content=\"it_IT\" \/>\n<meta property=\"og:type\" content=\"article\" \/>\n<meta property=\"og:title\" content=\"Rasehorn Lametta-Munition f\u00fcr Konfettipistole 4 Patronen \u00e0 6 Schuss | Jetzt kaufen | Schweizversand.ch\" \/>\n<meta property=\"og:description\" content=\"Rasehorn Lametta-Munition f\u00fcr Konfettipistole 4 Patronen \u00e0 6 Schuss g\u00fcnstig kaufen bei Schweizversand.ch. Schnelle Lieferung in der Schweiz. Gratisversand ab CHF 50.\" \/>\n<meta property=\"og:url\" content=\"https:\/\/schweizversand.ch\/it\/produkt\/rasehorn-lametta-munition-fuer-konfettipistole-4-patronen-a-6-schuss\/\" \/>\n<meta property=\"og:site_name\" content=\"Schweizer Shop f\u00fcr Sport, Spiel und Freizeit\" \/>\n<meta property=\"article:publisher\" content=\"https:\/\/www.facebook.com\/Schweizversand\" \/>\n<meta property=\"article:modified_time\" content=\"2026-04-19T00:07:02+00:00\" \/>\n<meta property=\"og:image\" content=\"https:\/\/schweizversand.ch\/wp-content\/uploads\/2026\/02\/5471887489.jpg\" \/>\n\t<meta property=\"og:image:width\" content=\"1024\" \/>\n\t<meta property=\"og:image:height\" content=\"919\" \/>\n\t<meta property=\"og:image:type\" content=\"image\/jpeg\" \/>\n<meta name=\"twitter:card\" content=\"summary_large_image\" \/>\n<meta name=\"twitter:label1\" content=\"Tempo di lettura stimato\" \/>\n\t<meta name=\"twitter:data1\" content=\"1 minuto\" \/>\n<script type=\"application\/ld+json\" class=\"yoast-schema-graph\">{\"@context\":\"https:\\\/\\\/schema.org\",\"@graph\":[{\"@type\":\"WebPage\",\"@id\":\"https:\\\/\\\/schweizversand.ch\\\/it\\\/produkt\\\/rasehorn-lametta-munition-fuer-konfettipistole-4-patronen-a-6-schuss\\\/\",\"url\":\"https:\\\/\\\/schweizversand.ch\\\/it\\\/produkt\\\/rasehorn-lametta-munition-fuer-konfettipistole-4-patronen-a-6-schuss\\\/\",\"name\":\"Rasehorn Lametta-Munition f\u00fcr Konfettipistole 4 Patronen \u00e0 6 Schuss | Jetzt kaufen | Schweizversand.ch\",\"isPartOf\":{\"@id\":\"https:\\\/\\\/schweizversand.ch\\\/it\\\/#website\"},\"primaryImageOfPage\":{\"@id\":\"https:\\\/\\\/schweizversand.ch\\\/it\\\/produkt\\\/rasehorn-lametta-munition-fuer-konfettipistole-4-patronen-a-6-schuss\\\/#primaryimage\"},\"image\":{\"@id\":\"https:\\\/\\\/schweizversand.ch\\\/it\\\/produkt\\\/rasehorn-lametta-munition-fuer-konfettipistole-4-patronen-a-6-schuss\\\/#primaryimage\"},\"thumbnailUrl\":\"https:\\\/\\\/schweizversand.ch\\\/wp-content\\\/uploads\\\/2026\\\/02\\\/5471887489.jpg\",\"datePublished\":\"2026-03-14T22:21:40+00:00\",\"dateModified\":\"2026-04-19T00:07:02+00:00\",\"description\":\"Rasehorn Lametta-Munition f\u00fcr Konfettipistole 4 Patronen \u00e0 6 Schuss g\u00fcnstig kaufen bei Schweizversand.ch. Schnelle Lieferung in der Schweiz. Gratisversand ab CHF 50.\",\"breadcrumb\":{\"@id\":\"https:\\\/\\\/schweizversand.ch\\\/it\\\/produkt\\\/rasehorn-lametta-munition-fuer-konfettipistole-4-patronen-a-6-schuss\\\/#breadcrumb\"},\"inLanguage\":\"it-IT\",\"potentialAction\":[{\"@type\":\"ReadAction\",\"target\":[\"https:\\\/\\\/schweizversand.ch\\\/it\\\/produkt\\\/rasehorn-lametta-munition-fuer-konfettipistole-4-patronen-a-6-schuss\\\/\"]}]},{\"@type\":\"ImageObject\",\"inLanguage\":\"it-IT\",\"@id\":\"https:\\\/\\\/schweizversand.ch\\\/it\\\/produkt\\\/rasehorn-lametta-munition-fuer-konfettipistole-4-patronen-a-6-schuss\\\/#primaryimage\",\"url\":\"https:\\\/\\\/schweizversand.ch\\\/wp-content\\\/uploads\\\/2026\\\/02\\\/5471887489.jpg\",\"contentUrl\":\"https:\\\/\\\/schweizversand.ch\\\/wp-content\\\/uploads\\\/2026\\\/02\\\/5471887489.jpg\",\"width\":1024,\"height\":919},{\"@type\":\"BreadcrumbList\",\"@id\":\"https:\\\/\\\/schweizversand.ch\\\/it\\\/produkt\\\/rasehorn-lametta-munition-fuer-konfettipistole-4-patronen-a-6-schuss\\\/#breadcrumb\",\"itemListElement\":[{\"@type\":\"ListItem\",\"position\":1,\"name\":\"Startseite\",\"item\":\"https:\\\/\\\/schweizversand.ch\\\/it\\\/home\\\/\"},{\"@type\":\"ListItem\",\"position\":2,\"name\":\"Shop\",\"item\":\"https:\\\/\\\/schweizversand.ch\\\/it\\\/shop\\\/\"},{\"@type\":\"ListItem\",\"position\":3,\"name\":\"Giocattoli e giochi\",\"item\":\"https:\\\/\\\/schweizversand.ch\\\/it\\\/produkt-kategorie\\\/giocattoli-e-giochi\\\/\"},{\"@type\":\"ListItem\",\"position\":4,\"name\":\"Feste e divertimento\",\"item\":\"https:\\\/\\\/schweizversand.ch\\\/it\\\/produkt-kategorie\\\/giocattoli-e-giochi\\\/feste-e-divertimento\\\/\"},{\"@type\":\"ListItem\",\"position\":5,\"name\":\"Varie\",\"item\":\"https:\\\/\\\/schweizversand.ch\\\/it\\\/produkt-kategorie\\\/giocattoli-e-giochi\\\/feste-e-divertimento\\\/diverses\\\/\"},{\"@type\":\"ListItem\",\"position\":6,\"name\":\"Munizioni di lam\u00e9 Rasehorn per pistola lanciacoriandoli, 4 cartucce da 6 colpi ciascuna\"}]},{\"@type\":\"WebSite\",\"@id\":\"https:\\\/\\\/schweizversand.ch\\\/it\\\/#website\",\"url\":\"https:\\\/\\\/schweizversand.ch\\\/it\\\/\",\"name\":\"Schweizer Shop f\u00fcr Sport, Spiel und Freizeit\",\"description\":\"Gratisversand ab 50.- (netto), ab eigenem schweizer Lager, Lieferung innert 48h\",\"publisher\":{\"@id\":\"https:\\\/\\\/schweizversand.ch\\\/it\\\/#organization\"},\"alternateName\":\"Schweizversand.ch\",\"potentialAction\":[{\"@type\":\"SearchAction\",\"target\":{\"@type\":\"EntryPoint\",\"urlTemplate\":\"https:\\\/\\\/schweizversand.ch\\\/it\\\/?s={search_term_string}\"},\"query-input\":{\"@type\":\"PropertyValueSpecification\",\"valueRequired\":true,\"valueName\":\"search_term_string\"}}],\"inLanguage\":\"it-IT\"},{\"@type\":\"Organization\",\"@id\":\"https:\\\/\\\/schweizversand.ch\\\/it\\\/#organization\",\"name\":\"Schweizversand.ch\",\"url\":\"https:\\\/\\\/schweizversand.ch\\\/it\\\/\",\"logo\":{\"@type\":\"ImageObject\",\"inLanguage\":\"it-IT\",\"@id\":\"https:\\\/\\\/schweizversand.ch\\\/it\\\/#\\\/schema\\\/logo\\\/image\\\/\",\"url\":\"https:\\\/\\\/schweizversand.ch\\\/wp-content\\\/uploads\\\/2026\\\/03\\\/Logo_Rund_Final-1.png\",\"contentUrl\":\"https:\\\/\\\/schweizversand.ch\\\/wp-content\\\/uploads\\\/2026\\\/03\\\/Logo_Rund_Final-1.png\",\"width\":404,\"height\":404,\"caption\":\"Schweizversand.ch\"},\"image\":{\"@id\":\"https:\\\/\\\/schweizversand.ch\\\/it\\\/#\\\/schema\\\/logo\\\/image\\\/\"},\"sameAs\":[\"https:\\\/\\\/www.facebook.com\\\/Schweizversand\",\"https:\\\/\\\/www.instagram.com\\\/schweizversand.ch\\\/\"]}]}<\/script>\n<!-- \/ Yoast SEO plugin. -->","yoast_head_json":{"title":"Rasehorn Lametta-Munition f\u00fcr Konfettipistole 4 Patronen \u00e0 6 Schuss | Jetzt kaufen | Schweizversand.ch","description":"Rasehorn Lametta-Munition f\u00fcr Konfettipistole 4 Patronen \u00e0 6 Schuss g\u00fcnstig kaufen bei Schweizversand.ch. Schnelle Lieferung in der Schweiz. Gratisversand ab CHF 50.","robots":{"index":"index","follow":"follow","max-snippet":"max-snippet:-1","max-image-preview":"max-image-preview:large","max-video-preview":"max-video-preview:-1"},"canonical":"https:\/\/schweizversand.ch\/it\/produkt\/rasehorn-lametta-munition-fuer-konfettipistole-4-patronen-a-6-schuss\/","og_locale":"it_IT","og_type":"article","og_title":"Rasehorn Lametta-Munition f\u00fcr Konfettipistole 4 Patronen \u00e0 6 Schuss | Jetzt kaufen | Schweizversand.ch","og_description":"Rasehorn Lametta-Munition f\u00fcr Konfettipistole 4 Patronen \u00e0 6 Schuss g\u00fcnstig kaufen bei Schweizversand.ch. Schnelle Lieferung in der Schweiz. Gratisversand ab CHF 50.","og_url":"https:\/\/schweizversand.ch\/it\/produkt\/rasehorn-lametta-munition-fuer-konfettipistole-4-patronen-a-6-schuss\/","og_site_name":"Schweizer Shop f\u00fcr Sport, Spiel und Freizeit","article_publisher":"https:\/\/www.facebook.com\/Schweizversand","article_modified_time":"2026-04-19T00:07:02+00:00","og_image":[{"width":1024,"height":919,"url":"https:\/\/schweizversand.ch\/wp-content\/uploads\/2026\/02\/5471887489.jpg","type":"image\/jpeg"}],"twitter_card":"summary_large_image","twitter_misc":{"Tempo di lettura stimato":"1 minuto"},"schema":{"@context":"https:\/\/schema.org","@graph":[{"@type":"WebPage","@id":"https:\/\/schweizversand.ch\/it\/produkt\/rasehorn-lametta-munition-fuer-konfettipistole-4-patronen-a-6-schuss\/","url":"https:\/\/schweizversand.ch\/it\/produkt\/rasehorn-lametta-munition-fuer-konfettipistole-4-patronen-a-6-schuss\/","name":"Rasehorn Lametta-Munition f\u00fcr Konfettipistole 4 Patronen \u00e0 6 Schuss | Jetzt kaufen | Schweizversand.ch","isPartOf":{"@id":"https:\/\/schweizversand.ch\/it\/#website"},"primaryImageOfPage":{"@id":"https:\/\/schweizversand.ch\/it\/produkt\/rasehorn-lametta-munition-fuer-konfettipistole-4-patronen-a-6-schuss\/#primaryimage"},"image":{"@id":"https:\/\/schweizversand.ch\/it\/produkt\/rasehorn-lametta-munition-fuer-konfettipistole-4-patronen-a-6-schuss\/#primaryimage"},"thumbnailUrl":"https:\/\/schweizversand.ch\/wp-content\/uploads\/2026\/02\/5471887489.jpg","datePublished":"2026-03-14T22:21:40+00:00","dateModified":"2026-04-19T00:07:02+00:00","description":"Rasehorn Lametta-Munition f\u00fcr Konfettipistole 4 Patronen \u00e0 6 Schuss g\u00fcnstig kaufen bei Schweizversand.ch. Schnelle Lieferung in der Schweiz. Gratisversand ab CHF 50.","breadcrumb":{"@id":"https:\/\/schweizversand.ch\/it\/produkt\/rasehorn-lametta-munition-fuer-konfettipistole-4-patronen-a-6-schuss\/#breadcrumb"},"inLanguage":"it-IT","potentialAction":[{"@type":"ReadAction","target":["https:\/\/schweizversand.ch\/it\/produkt\/rasehorn-lametta-munition-fuer-konfettipistole-4-patronen-a-6-schuss\/"]}]},{"@type":"ImageObject","inLanguage":"it-IT","@id":"https:\/\/schweizversand.ch\/it\/produkt\/rasehorn-lametta-munition-fuer-konfettipistole-4-patronen-a-6-schuss\/#primaryimage","url":"https:\/\/schweizversand.ch\/wp-content\/uploads\/2026\/02\/5471887489.jpg","contentUrl":"https:\/\/schweizversand.ch\/wp-content\/uploads\/2026\/02\/5471887489.jpg","width":1024,"height":919},{"@type":"BreadcrumbList","@id":"https:\/\/schweizversand.ch\/it\/produkt\/rasehorn-lametta-munition-fuer-konfettipistole-4-patronen-a-6-schuss\/#breadcrumb","itemListElement":[{"@type":"ListItem","position":1,"name":"Startseite","item":"https:\/\/schweizversand.ch\/it\/home\/"},{"@type":"ListItem","position":2,"name":"Shop","item":"https:\/\/schweizversand.ch\/it\/shop\/"},{"@type":"ListItem","position":3,"name":"Giocattoli e giochi","item":"https:\/\/schweizversand.ch\/it\/produkt-kategorie\/giocattoli-e-giochi\/"},{"@type":"ListItem","position":4,"name":"Feste e divertimento","item":"https:\/\/schweizversand.ch\/it\/produkt-kategorie\/giocattoli-e-giochi\/feste-e-divertimento\/"},{"@type":"ListItem","position":5,"name":"Varie","item":"https:\/\/schweizversand.ch\/it\/produkt-kategorie\/giocattoli-e-giochi\/feste-e-divertimento\/diverses\/"},{"@type":"ListItem","position":6,"name":"Munizioni di lam\u00e9 Rasehorn per pistola lanciacoriandoli, 4 cartucce da 6 colpi ciascuna"}]},{"@type":"WebSite","@id":"https:\/\/schweizversand.ch\/it\/#website","url":"https:\/\/schweizversand.ch\/it\/","name":"Schweizer Shop f\u00fcr Sport, Spiel und Freizeit","description":"Gratisversand ab 50.- (netto), ab eigenem schweizer Lager, Lieferung innert 48h","publisher":{"@id":"https:\/\/schweizversand.ch\/it\/#organization"},"alternateName":"Schweizversand.ch","potentialAction":[{"@type":"SearchAction","target":{"@type":"EntryPoint","urlTemplate":"https:\/\/schweizversand.ch\/it\/?s={search_term_string}"},"query-input":{"@type":"PropertyValueSpecification","valueRequired":true,"valueName":"search_term_string"}}],"inLanguage":"it-IT"},{"@type":"Organization","@id":"https:\/\/schweizversand.ch\/it\/#organization","name":"Schweizversand.ch","url":"https:\/\/schweizversand.ch\/it\/","logo":{"@type":"ImageObject","inLanguage":"it-IT","@id":"https:\/\/schweizversand.ch\/it\/#\/schema\/logo\/image\/","url":"https:\/\/schweizversand.ch\/wp-content\/uploads\/2026\/03\/Logo_Rund_Final-1.png","contentUrl":"https:\/\/schweizversand.ch\/wp-content\/uploads\/2026\/03\/Logo_Rund_Final-1.png","width":404,"height":404,"caption":"Schweizversand.ch"},"image":{"@id":"https:\/\/schweizversand.ch\/it\/#\/schema\/logo\/image\/"},"sameAs":["https:\/\/www.facebook.com\/Schweizversand","https:\/\/www.instagram.com\/schweizversand.ch\/"]}]}},"jetpack_sharing_enabled":true,"_links":{"self":[{"href":"https:\/\/schweizversand.ch\/it\/wp-json\/wp\/v2\/product\/247437","targetHints":{"allow":["GET"]}}],"collection":[{"href":"https:\/\/schweizversand.ch\/it\/wp-json\/wp\/v2\/product"}],"about":[{"href":"https:\/\/schweizversand.ch\/it\/wp-json\/wp\/v2\/types\/product"}],"replies":[{"embeddable":true,"href":"https:\/\/schweizversand.ch\/it\/wp-json\/wp\/v2\/comments?post=247437"}],"wp:featuredmedia":[{"embeddable":true,"href":"https:\/\/schweizversand.ch\/it\/wp-json\/wp\/v2\/media\/257403"}],"wp:attachment":[{"href":"https:\/\/schweizversand.ch\/it\/wp-json\/wp\/v2\/media?parent=247437"}],"wp:term":[{"taxonomy":"product_brand","embeddable":true,"href":"https:\/\/schweizversand.ch\/it\/wp-json\/wp\/v2\/product_brand?post=247437"},{"taxonomy":"product_cat","embeddable":true,"href":"https:\/\/schweizversand.ch\/it\/wp-json\/wp\/v2\/product_cat?post=247437"},{"taxonomy":"product_tag","embeddable":true,"href":"https:\/\/schweizversand.ch\/it\/wp-json\/wp\/v2\/product_tag?post=247437"}],"curies":[{"name":"wp","href":"https:\/\/api.w.org\/{rel}","templated":true}]}}