{"id":248051,"date":"2026-03-14T23:20:49","date_gmt":"2026-03-14T22:20:49","guid":{"rendered":"https:\/\/schweizversand.ch\/produkt\/champ-reisetrolley-32-l\/"},"modified":"2026-04-20T02:04:41","modified_gmt":"2026-04-20T00:04:41","slug":"champ-reisetrolley-32-l","status":"publish","type":"product","link":"https:\/\/schweizversand.ch\/it\/produkt\/champ-reisetrolley-32-l\/","title":{"rendered":"Trolley da viaggio CHAMP 32L"},"content":{"rendered":"<h1><strong>Trolley da viaggio 32L &#8211; Robusto, leggero ed elegante<\/strong><\/h1>\n<div>Viaggia in modo intelligente ed elegante con questo trolley da viaggio compatto da 32L, appositamente progettato per viaggi brevi e gite del fine settimana. Combinando materiali di alta qualit\u00e0 e un design curato, questo trolley \u00e8 il compagno ideale per i viaggiatori d&#8217;affari e per chiunque apprezzi funzionalit\u00e0 ed eleganza.<\/p>\n<\/div>\n<div><strong>Perfetto per il tuo breve viaggio<\/strong><br \/>Questo trolley da viaggio compatto offre 32 litri di capacit\u00e0, offrendo ampio spazio per i tuoi oggetti essenziali senza essere ingombrante. Realizzato in resistente poliestere jacquard in un nero intramontabile, colpisce per la sua longevit\u00e0 e il suo aspetto elegante. \u00c8 il trolley perfetto per il weekend, che rende i tuoi viaggi pi\u00f9 facili. Design e idoneit\u00e0 al bagaglio a mano: le dimensioni compatte di questo trolley lo rendono il bagaglio a mano ideale nella maggior parte dei casi (verificare le normative specifiche della propria compagnia aerea). Il design \u00e8 orientato alla massima facilit\u00e0 d&#8217;uso. La comoda tasca frontale con cerniera nera consente un rapido accesso a documenti importanti o documenti di viaggio, mentre il discreto marchio ProWorld aggiunge un tocco professionale. Design interno curato: l&#8217;intelligente design interno ottimizza l&#8217;organizzazione dei tuoi effetti personali. La fodera nera protegge i tuoi vestiti, mentre un&#8217;ulteriore tasca interna con cerniera conserva in modo sicuro gli oggetti pi\u00f9 piccoli. Questo mantiene tutto al suo posto e ti aiuta a trovare rapidamente ci\u00f2 che stai cercando. Comfort e mobilit\u00e0: questo trolley per viaggi brevi \u00e8 stato progettato per essere manovrato senza sforzo. Il manico telescopico a doppia guida in tubo di ferro nero pu\u00f2 essere facilmente regolato e bloccato con un pulsante. Una maniglia imbottita sulla parte superiore \u00e8 disponibile per il trasporto su brevi distanze. Le caratteristiche di rotolamento del trolley sono eccellenti grazie alle due robuste ruote nere, mentre i freni a pavimento integrati garantiscono stabilit\u00e0.<\/p>\n<\/div>\n<div><strong>Dettagli del prodotto e materiale<\/strong><br \/>&#8211; Materiale: <strong>Trolley in poliestere jacquard resistente<\/strong><br \/>&#8211; Colore: Nero<br \/>&#8211; Capacit\u00e0: 32 litri<br \/>&#8211; Tasca frontale: 1, con cerniera nera<br \/>&#8211; Interno: Fodera nera con tasca interna aggiuntiva e cerniera<br \/>&#8211; Maniglia telescopica: Tubo di ferro nero a doppia guida con maniglia a pulsante<br \/>&#8211; Maniglia per il trasporto: Superiore, con cinghia nera e maniglia in tessuto imbottito<br \/>&#8211; Ruote: Due robuste ruote nere con freni a pavimento<\/p>\n<\/div>\n<div>Investi in questo <strong>trolley da viaggio da 32 litri<\/strong> di alta qualit\u00e0 e goditi la perfetta combinazione di stile, robustezza e funzionalit\u00e0 nel tuo prossimo viaggio. Ordina ora e scopri la differenza!<\/p>\n<\/div>\n<div>\n<\/div>\n","protected":false},"excerpt":{"rendered":"<p>Trolley da viaggio 32L &#8211; Robusto, leggero ed elegante Viaggia in modo intelligente ed elegante con questo trolley da viaggio compatto da 32L, appositamente progettato per viaggi brevi e gite del fine settimana. Combinando materiali di alta qualit\u00e0 e un design curato, questo trolley \u00e8 il compagno ideale per i viaggiatori d&#8217;affari e per chiunque apprezzi funzionalit\u00e0 ed eleganza. Perfetto per il tuo breve viaggioQuesto trolley da viaggio compatto offre 32 litri di capacit\u00e0, offrendo&hellip;<\/p>\n","protected":false},"featured_media":156797,"comment_status":"open","ping_status":"closed","template":"","meta":[],"product_brand":[],"product_cat":[38385],"product_tag":[],"class_list":{"0":"post-248051","1":"product","2":"type-product","3":"status-publish","4":"has-post-thumbnail","6":"product_cat-koffer","7":"product_shipping_class-global_methods","9":"first","10":"instock","11":"taxable","12":"shipping-taxable","13":"purchasable","14":"product-type-simple"},"yoast_head":"<!-- This site is optimized with the Yoast SEO plugin v27.4 - https:\/\/yoast.com\/product\/yoast-seo-wordpress\/ -->\n<title>CHAMP Reisetrolley 32\u202fL | Jetzt kaufen | Schweizversand.ch<\/title>\n<meta name=\"description\" content=\"CHAMP Reisetrolley 32\u202fL g\u00fcnstig kaufen bei Schweizversand.ch. Schnelle Lieferung in der Schweiz. Gratisversand ab CHF 50.\" \/>\n<meta name=\"robots\" content=\"index, follow, max-snippet:-1, max-image-preview:large, max-video-preview:-1\" \/>\n<link rel=\"canonical\" href=\"https:\/\/schweizversand.ch\/it\/produkt\/champ-reisetrolley-32-l\/\" \/>\n<meta property=\"og:locale\" content=\"it_IT\" \/>\n<meta property=\"og:type\" content=\"article\" \/>\n<meta property=\"og:title\" content=\"CHAMP Reisetrolley 32\u202fL | Jetzt kaufen | Schweizversand.ch\" \/>\n<meta property=\"og:description\" content=\"CHAMP Reisetrolley 32\u202fL g\u00fcnstig kaufen bei Schweizversand.ch. Schnelle Lieferung in der Schweiz. Gratisversand ab CHF 50.\" \/>\n<meta property=\"og:url\" content=\"https:\/\/schweizversand.ch\/it\/produkt\/champ-reisetrolley-32-l\/\" \/>\n<meta property=\"og:site_name\" content=\"Schweizer Shop f\u00fcr Sport, Spiel und Freizeit\" \/>\n<meta property=\"article:publisher\" content=\"https:\/\/www.facebook.com\/Schweizversand\" \/>\n<meta property=\"article:modified_time\" content=\"2026-04-20T00:04:41+00:00\" \/>\n<meta property=\"og:image\" content=\"https:\/\/schweizversand.ch\/wp-content\/uploads\/2026\/02\/5471926495.jpg\" \/>\n\t<meta property=\"og:image:width\" content=\"1024\" \/>\n\t<meta property=\"og:image:height\" content=\"667\" \/>\n\t<meta property=\"og:image:type\" content=\"image\/jpeg\" \/>\n<meta name=\"twitter:card\" content=\"summary_large_image\" \/>\n<meta name=\"twitter:label1\" content=\"Tempo di lettura stimato\" \/>\n\t<meta name=\"twitter:data1\" content=\"2 minuto\" \/>\n<script type=\"application\/ld+json\" class=\"yoast-schema-graph\">{\"@context\":\"https:\\\/\\\/schema.org\",\"@graph\":[{\"@type\":\"WebPage\",\"@id\":\"https:\\\/\\\/schweizversand.ch\\\/it\\\/produkt\\\/champ-reisetrolley-32-l\\\/\",\"url\":\"https:\\\/\\\/schweizversand.ch\\\/it\\\/produkt\\\/champ-reisetrolley-32-l\\\/\",\"name\":\"CHAMP Reisetrolley 32\u202fL | Jetzt kaufen | Schweizversand.ch\",\"isPartOf\":{\"@id\":\"https:\\\/\\\/schweizversand.ch\\\/it\\\/#website\"},\"primaryImageOfPage\":{\"@id\":\"https:\\\/\\\/schweizversand.ch\\\/it\\\/produkt\\\/champ-reisetrolley-32-l\\\/#primaryimage\"},\"image\":{\"@id\":\"https:\\\/\\\/schweizversand.ch\\\/it\\\/produkt\\\/champ-reisetrolley-32-l\\\/#primaryimage\"},\"thumbnailUrl\":\"https:\\\/\\\/schweizversand.ch\\\/wp-content\\\/uploads\\\/2026\\\/02\\\/5471926495.jpg\",\"datePublished\":\"2026-03-14T22:20:49+00:00\",\"dateModified\":\"2026-04-20T00:04:41+00:00\",\"description\":\"CHAMP Reisetrolley 32\u202fL g\u00fcnstig kaufen bei Schweizversand.ch. Schnelle Lieferung in der Schweiz. Gratisversand ab CHF 50.\",\"breadcrumb\":{\"@id\":\"https:\\\/\\\/schweizversand.ch\\\/it\\\/produkt\\\/champ-reisetrolley-32-l\\\/#breadcrumb\"},\"inLanguage\":\"it-IT\",\"potentialAction\":[{\"@type\":\"ReadAction\",\"target\":[\"https:\\\/\\\/schweizversand.ch\\\/it\\\/produkt\\\/champ-reisetrolley-32-l\\\/\"]}]},{\"@type\":\"ImageObject\",\"inLanguage\":\"it-IT\",\"@id\":\"https:\\\/\\\/schweizversand.ch\\\/it\\\/produkt\\\/champ-reisetrolley-32-l\\\/#primaryimage\",\"url\":\"https:\\\/\\\/schweizversand.ch\\\/wp-content\\\/uploads\\\/2026\\\/02\\\/5471926495.jpg\",\"contentUrl\":\"https:\\\/\\\/schweizversand.ch\\\/wp-content\\\/uploads\\\/2026\\\/02\\\/5471926495.jpg\",\"width\":1024,\"height\":667},{\"@type\":\"BreadcrumbList\",\"@id\":\"https:\\\/\\\/schweizversand.ch\\\/it\\\/produkt\\\/champ-reisetrolley-32-l\\\/#breadcrumb\",\"itemListElement\":[{\"@type\":\"ListItem\",\"position\":1,\"name\":\"Startseite\",\"item\":\"https:\\\/\\\/schweizversand.ch\\\/it\\\/home\\\/\"},{\"@type\":\"ListItem\",\"position\":2,\"name\":\"Shop\",\"item\":\"https:\\\/\\\/schweizversand.ch\\\/it\\\/shop\\\/\"},{\"@type\":\"ListItem\",\"position\":3,\"name\":\"Viaggi\",\"item\":\"https:\\\/\\\/schweizversand.ch\\\/it\\\/produkt-kategorie\\\/viaggi\\\/\"},{\"@type\":\"ListItem\",\"position\":4,\"name\":\"Taschen &amp; Gep\u00e4ck\",\"item\":\"https:\\\/\\\/schweizversand.ch\\\/produkt-kategorie\\\/reisen\\\/taschen-gepaeck-reisen\\\/\"},{\"@type\":\"ListItem\",\"position\":5,\"name\":\"Koffer\",\"item\":\"https:\\\/\\\/schweizversand.ch\\\/produkt-kategorie\\\/reisen\\\/taschen-gepaeck-reisen\\\/koffer\\\/\"},{\"@type\":\"ListItem\",\"position\":6,\"name\":\"Trolley da viaggio CHAMP 32L\"}]},{\"@type\":\"WebSite\",\"@id\":\"https:\\\/\\\/schweizversand.ch\\\/it\\\/#website\",\"url\":\"https:\\\/\\\/schweizversand.ch\\\/it\\\/\",\"name\":\"Schweizer Shop f\u00fcr Sport, Spiel und Freizeit\",\"description\":\"Gratisversand ab 50.- (netto), ab eigenem schweizer Lager, Lieferung innert 48h\",\"publisher\":{\"@id\":\"https:\\\/\\\/schweizversand.ch\\\/it\\\/#organization\"},\"alternateName\":\"Schweizversand.ch\",\"potentialAction\":[{\"@type\":\"SearchAction\",\"target\":{\"@type\":\"EntryPoint\",\"urlTemplate\":\"https:\\\/\\\/schweizversand.ch\\\/it\\\/?s={search_term_string}\"},\"query-input\":{\"@type\":\"PropertyValueSpecification\",\"valueRequired\":true,\"valueName\":\"search_term_string\"}}],\"inLanguage\":\"it-IT\"},{\"@type\":\"Organization\",\"@id\":\"https:\\\/\\\/schweizversand.ch\\\/it\\\/#organization\",\"name\":\"Schweizversand.ch\",\"url\":\"https:\\\/\\\/schweizversand.ch\\\/it\\\/\",\"logo\":{\"@type\":\"ImageObject\",\"inLanguage\":\"it-IT\",\"@id\":\"https:\\\/\\\/schweizversand.ch\\\/it\\\/#\\\/schema\\\/logo\\\/image\\\/\",\"url\":\"https:\\\/\\\/schweizversand.ch\\\/wp-content\\\/uploads\\\/2026\\\/03\\\/Logo_Rund_Final-1.png\",\"contentUrl\":\"https:\\\/\\\/schweizversand.ch\\\/wp-content\\\/uploads\\\/2026\\\/03\\\/Logo_Rund_Final-1.png\",\"width\":404,\"height\":404,\"caption\":\"Schweizversand.ch\"},\"image\":{\"@id\":\"https:\\\/\\\/schweizversand.ch\\\/it\\\/#\\\/schema\\\/logo\\\/image\\\/\"},\"sameAs\":[\"https:\\\/\\\/www.facebook.com\\\/Schweizversand\",\"https:\\\/\\\/www.instagram.com\\\/schweizversand.ch\\\/\"]}]}<\/script>\n<!-- \/ Yoast SEO plugin. -->","yoast_head_json":{"title":"CHAMP Reisetrolley 32\u202fL | Jetzt kaufen | Schweizversand.ch","description":"CHAMP Reisetrolley 32\u202fL g\u00fcnstig kaufen bei Schweizversand.ch. Schnelle Lieferung in der Schweiz. Gratisversand ab CHF 50.","robots":{"index":"index","follow":"follow","max-snippet":"max-snippet:-1","max-image-preview":"max-image-preview:large","max-video-preview":"max-video-preview:-1"},"canonical":"https:\/\/schweizversand.ch\/it\/produkt\/champ-reisetrolley-32-l\/","og_locale":"it_IT","og_type":"article","og_title":"CHAMP Reisetrolley 32\u202fL | Jetzt kaufen | Schweizversand.ch","og_description":"CHAMP Reisetrolley 32\u202fL g\u00fcnstig kaufen bei Schweizversand.ch. Schnelle Lieferung in der Schweiz. Gratisversand ab CHF 50.","og_url":"https:\/\/schweizversand.ch\/it\/produkt\/champ-reisetrolley-32-l\/","og_site_name":"Schweizer Shop f\u00fcr Sport, Spiel und Freizeit","article_publisher":"https:\/\/www.facebook.com\/Schweizversand","article_modified_time":"2026-04-20T00:04:41+00:00","og_image":[{"width":1024,"height":667,"url":"https:\/\/schweizversand.ch\/wp-content\/uploads\/2026\/02\/5471926495.jpg","type":"image\/jpeg"}],"twitter_card":"summary_large_image","twitter_misc":{"Tempo di lettura stimato":"2 minuto"},"schema":{"@context":"https:\/\/schema.org","@graph":[{"@type":"WebPage","@id":"https:\/\/schweizversand.ch\/it\/produkt\/champ-reisetrolley-32-l\/","url":"https:\/\/schweizversand.ch\/it\/produkt\/champ-reisetrolley-32-l\/","name":"CHAMP Reisetrolley 32\u202fL | Jetzt kaufen | Schweizversand.ch","isPartOf":{"@id":"https:\/\/schweizversand.ch\/it\/#website"},"primaryImageOfPage":{"@id":"https:\/\/schweizversand.ch\/it\/produkt\/champ-reisetrolley-32-l\/#primaryimage"},"image":{"@id":"https:\/\/schweizversand.ch\/it\/produkt\/champ-reisetrolley-32-l\/#primaryimage"},"thumbnailUrl":"https:\/\/schweizversand.ch\/wp-content\/uploads\/2026\/02\/5471926495.jpg","datePublished":"2026-03-14T22:20:49+00:00","dateModified":"2026-04-20T00:04:41+00:00","description":"CHAMP Reisetrolley 32\u202fL g\u00fcnstig kaufen bei Schweizversand.ch. Schnelle Lieferung in der Schweiz. Gratisversand ab CHF 50.","breadcrumb":{"@id":"https:\/\/schweizversand.ch\/it\/produkt\/champ-reisetrolley-32-l\/#breadcrumb"},"inLanguage":"it-IT","potentialAction":[{"@type":"ReadAction","target":["https:\/\/schweizversand.ch\/it\/produkt\/champ-reisetrolley-32-l\/"]}]},{"@type":"ImageObject","inLanguage":"it-IT","@id":"https:\/\/schweizversand.ch\/it\/produkt\/champ-reisetrolley-32-l\/#primaryimage","url":"https:\/\/schweizversand.ch\/wp-content\/uploads\/2026\/02\/5471926495.jpg","contentUrl":"https:\/\/schweizversand.ch\/wp-content\/uploads\/2026\/02\/5471926495.jpg","width":1024,"height":667},{"@type":"BreadcrumbList","@id":"https:\/\/schweizversand.ch\/it\/produkt\/champ-reisetrolley-32-l\/#breadcrumb","itemListElement":[{"@type":"ListItem","position":1,"name":"Startseite","item":"https:\/\/schweizversand.ch\/it\/home\/"},{"@type":"ListItem","position":2,"name":"Shop","item":"https:\/\/schweizversand.ch\/it\/shop\/"},{"@type":"ListItem","position":3,"name":"Viaggi","item":"https:\/\/schweizversand.ch\/it\/produkt-kategorie\/viaggi\/"},{"@type":"ListItem","position":4,"name":"Taschen &amp; Gep\u00e4ck","item":"https:\/\/schweizversand.ch\/produkt-kategorie\/reisen\/taschen-gepaeck-reisen\/"},{"@type":"ListItem","position":5,"name":"Koffer","item":"https:\/\/schweizversand.ch\/produkt-kategorie\/reisen\/taschen-gepaeck-reisen\/koffer\/"},{"@type":"ListItem","position":6,"name":"Trolley da viaggio CHAMP 32L"}]},{"@type":"WebSite","@id":"https:\/\/schweizversand.ch\/it\/#website","url":"https:\/\/schweizversand.ch\/it\/","name":"Schweizer Shop f\u00fcr Sport, Spiel und Freizeit","description":"Gratisversand ab 50.- (netto), ab eigenem schweizer Lager, Lieferung innert 48h","publisher":{"@id":"https:\/\/schweizversand.ch\/it\/#organization"},"alternateName":"Schweizversand.ch","potentialAction":[{"@type":"SearchAction","target":{"@type":"EntryPoint","urlTemplate":"https:\/\/schweizversand.ch\/it\/?s={search_term_string}"},"query-input":{"@type":"PropertyValueSpecification","valueRequired":true,"valueName":"search_term_string"}}],"inLanguage":"it-IT"},{"@type":"Organization","@id":"https:\/\/schweizversand.ch\/it\/#organization","name":"Schweizversand.ch","url":"https:\/\/schweizversand.ch\/it\/","logo":{"@type":"ImageObject","inLanguage":"it-IT","@id":"https:\/\/schweizversand.ch\/it\/#\/schema\/logo\/image\/","url":"https:\/\/schweizversand.ch\/wp-content\/uploads\/2026\/03\/Logo_Rund_Final-1.png","contentUrl":"https:\/\/schweizversand.ch\/wp-content\/uploads\/2026\/03\/Logo_Rund_Final-1.png","width":404,"height":404,"caption":"Schweizversand.ch"},"image":{"@id":"https:\/\/schweizversand.ch\/it\/#\/schema\/logo\/image\/"},"sameAs":["https:\/\/www.facebook.com\/Schweizversand","https:\/\/www.instagram.com\/schweizversand.ch\/"]}]}},"jetpack_sharing_enabled":true,"_links":{"self":[{"href":"https:\/\/schweizversand.ch\/it\/wp-json\/wp\/v2\/product\/248051","targetHints":{"allow":["GET"]}}],"collection":[{"href":"https:\/\/schweizversand.ch\/it\/wp-json\/wp\/v2\/product"}],"about":[{"href":"https:\/\/schweizversand.ch\/it\/wp-json\/wp\/v2\/types\/product"}],"replies":[{"embeddable":true,"href":"https:\/\/schweizversand.ch\/it\/wp-json\/wp\/v2\/comments?post=248051"}],"wp:featuredmedia":[{"embeddable":true,"href":"https:\/\/schweizversand.ch\/it\/wp-json\/wp\/v2\/media\/156797"}],"wp:attachment":[{"href":"https:\/\/schweizversand.ch\/it\/wp-json\/wp\/v2\/media?parent=248051"}],"wp:term":[{"taxonomy":"product_brand","embeddable":true,"href":"https:\/\/schweizversand.ch\/it\/wp-json\/wp\/v2\/product_brand?post=248051"},{"taxonomy":"product_cat","embeddable":true,"href":"https:\/\/schweizversand.ch\/it\/wp-json\/wp\/v2\/product_cat?post=248051"},{"taxonomy":"product_tag","embeddable":true,"href":"https:\/\/schweizversand.ch\/it\/wp-json\/wp\/v2\/product_tag?post=248051"}],"curies":[{"name":"wp","href":"https:\/\/api.w.org\/{rel}","templated":true}]}}