{"id":248055,"date":"2026-03-14T23:20:49","date_gmt":"2026-03-14T22:20:49","guid":{"rendered":"https:\/\/schweizversand.ch\/produkt\/redcliffs-stirnlampe-2-er-set\/"},"modified":"2026-04-19T15:36:20","modified_gmt":"2026-04-19T13:36:20","slug":"redcliffs-stirnlampe-2-er-set","status":"publish","type":"product","link":"https:\/\/schweizversand.ch\/it\/produkt\/redcliffs-stirnlampe-2-er-set\/","title":{"rendered":"Lampada frontale Redcliffs, confezione da 2"},"content":{"rendered":"<h1><strong>Torcia frontale a LED REDCLIFFS (confezione da 2)<\/strong><\/h1>\n<div>Cerchi una <strong>torcia frontale a LED<\/strong> affidabile per il lavoro o le attivit\u00e0 all&#8217;aperto? Questa pratica confezione da 2 offre un&#8217;<strong>illuminazione a mani libere<\/strong> ideale per lavorare in modo efficiente e sicuro anche dopo il tramonto. Perfetta per chi ha bisogno di una <strong>torcia frontale da lavoro<\/strong> robusta.<\/p>\n<\/div>\n<div><strong>Massima flessibilit\u00e0 grazie a 3 modalit\u00e0<\/strong><br \/>Le <strong>3 modalit\u00e0 della lampada frontale<\/strong> consentono di adattare l&#8217;illuminazione in modo ottimale a qualsiasi situazione. I 10 potenti LED forniscono sempre la luce giusta, sia che si lavori a distanza ravvicinata sia che si necessiti della massima visibilit\u00e0. Modalit\u00e0 di illuminazione per ogni esigenza: &#8211; 4 LED: a risparmio energetico e ideali per un&#8217;illuminazione soffusa a brevi distanze. &#8211; 10 LED: forniscono una luce potente per condizioni pi\u00f9 difficili, perfetta come lampada frontale per il lavoro o sul campo. &#8211; Luce lampeggiante a 10 LED: essenziale in situazioni di emergenza per aumentare la visibilit\u00e0. Comfort e adattabilit\u00e0: la lampada frontale \u00e8 dotata di cinghie di fissaggio resistenti ed elastiche che garantiscono una vestibilit\u00e0 ottimale. Grazie alla fascia regolabile, la lampada pu\u00f2 essere facilmente adattata alla dimensione della testa, rendendola comoda da indossare anche per periodi prolungati. Angolo del fascio luminoso regolabile: l&#8217;angolo di inclinazione regolabile facilita l&#8217;illuminazione dell&#8217;area desiderata senza dover muovere la testa in modo innaturale. In questo modo, avrai sempre le mani libere e potrai concentrarti completamente sul tuo compito.<\/p>\n<\/div>\n<div><strong>Dettagli del prodotto e contenuto della confezione<\/strong><br \/>&#8211; Numero nel set: 2 torce<br \/>&#8211; Numero di LED per lampada: 10<br \/>&#8211; Materiale: Robusto alloggiamento in plastica<br \/>&#8211; Alimentazione: 3 batterie AAA da 1,5 V (non incluse)<br \/>&#8211; Fascia regolabile: S\u00ec<br \/>&#8211; Interruttore on\/off: Comodo interruttore centrale<br \/>&#8211; Colore della luce: Bianco<\/p>\n<\/div>\n<div>Acquista questa confezione doppia di <strong>lampade frontali REDCLIFFS<\/strong> e beneficia di un&#8217;illuminazione affidabile e a mani libere per tutti i tuoi progetti e le tue avventure.<\/p>\n<\/div>\n<div>\n<\/div>\n","protected":false},"excerpt":{"rendered":"<p>Torcia frontale a LED REDCLIFFS (confezione da 2) Cerchi una torcia frontale a LED affidabile per il lavoro o le attivit\u00e0 all&#8217;aperto? Questa pratica confezione da 2 offre un&#8217;illuminazione a mani libere ideale per lavorare in modo efficiente e sicuro anche dopo il tramonto. Perfetta per chi ha bisogno di una torcia frontale da lavoro robusta. Massima flessibilit\u00e0 grazie a 3 modalit\u00e0Le 3 modalit\u00e0 della lampada frontale consentono di adattare l&#8217;illuminazione in modo ottimale a&hellip;<\/p>\n","protected":false},"featured_media":156810,"comment_status":"open","ping_status":"closed","template":"","meta":[],"product_brand":[],"product_cat":[38378,38380],"product_tag":[],"class_list":{"0":"post-248055","1":"product","2":"type-product","3":"status-publish","4":"has-post-thumbnail","6":"product_cat-outdoorausruestung","7":"product_cat-attrezzature-per-attivita-allaperto","8":"product_shipping_class-global_methods","10":"first","11":"instock","12":"taxable","13":"shipping-taxable","14":"purchasable","15":"product-type-simple"},"yoast_head":"<!-- This site is optimized with the Yoast SEO plugin v27.4 - https:\/\/yoast.com\/product\/yoast-seo-wordpress\/ -->\n<title>Redcliffs Stirnlampe 2 - er Set | Jetzt kaufen | Schweizversand.ch<\/title>\n<meta name=\"description\" content=\"Redcliffs Stirnlampe 2 - er Set g\u00fcnstig kaufen bei Schweizversand.ch. Schnelle Lieferung in der Schweiz. Gratisversand ab CHF 50.\" \/>\n<meta name=\"robots\" content=\"index, follow, max-snippet:-1, max-image-preview:large, max-video-preview:-1\" \/>\n<link rel=\"canonical\" href=\"https:\/\/schweizversand.ch\/it\/produkt\/redcliffs-stirnlampe-2-er-set\/\" \/>\n<meta property=\"og:locale\" content=\"it_IT\" \/>\n<meta property=\"og:type\" content=\"article\" \/>\n<meta property=\"og:title\" content=\"Redcliffs Stirnlampe 2 - er Set | Jetzt kaufen | Schweizversand.ch\" \/>\n<meta property=\"og:description\" content=\"Redcliffs Stirnlampe 2 - er Set g\u00fcnstig kaufen bei Schweizversand.ch. Schnelle Lieferung in der Schweiz. Gratisversand ab CHF 50.\" \/>\n<meta property=\"og:url\" content=\"https:\/\/schweizversand.ch\/it\/produkt\/redcliffs-stirnlampe-2-er-set\/\" \/>\n<meta property=\"og:site_name\" content=\"Schweizer Shop f\u00fcr Sport, Spiel und Freizeit\" \/>\n<meta property=\"article:publisher\" content=\"https:\/\/www.facebook.com\/Schweizversand\" \/>\n<meta property=\"article:modified_time\" content=\"2026-04-19T13:36:20+00:00\" \/>\n<meta property=\"og:image\" content=\"https:\/\/schweizversand.ch\/wp-content\/uploads\/2026\/02\/5471862650.jpg\" \/>\n\t<meta property=\"og:image:width\" content=\"685\" \/>\n\t<meta property=\"og:image:height\" content=\"1024\" \/>\n\t<meta property=\"og:image:type\" content=\"image\/jpeg\" \/>\n<meta name=\"twitter:card\" content=\"summary_large_image\" \/>\n<meta name=\"twitter:label1\" content=\"Tempo di lettura stimato\" \/>\n\t<meta name=\"twitter:data1\" content=\"1 minuto\" \/>\n<script type=\"application\/ld+json\" class=\"yoast-schema-graph\">{\"@context\":\"https:\\\/\\\/schema.org\",\"@graph\":[{\"@type\":\"WebPage\",\"@id\":\"https:\\\/\\\/schweizversand.ch\\\/it\\\/produkt\\\/redcliffs-stirnlampe-2-er-set\\\/\",\"url\":\"https:\\\/\\\/schweizversand.ch\\\/it\\\/produkt\\\/redcliffs-stirnlampe-2-er-set\\\/\",\"name\":\"Redcliffs Stirnlampe 2 - er Set | Jetzt kaufen | Schweizversand.ch\",\"isPartOf\":{\"@id\":\"https:\\\/\\\/schweizversand.ch\\\/it\\\/#website\"},\"primaryImageOfPage\":{\"@id\":\"https:\\\/\\\/schweizversand.ch\\\/it\\\/produkt\\\/redcliffs-stirnlampe-2-er-set\\\/#primaryimage\"},\"image\":{\"@id\":\"https:\\\/\\\/schweizversand.ch\\\/it\\\/produkt\\\/redcliffs-stirnlampe-2-er-set\\\/#primaryimage\"},\"thumbnailUrl\":\"https:\\\/\\\/schweizversand.ch\\\/wp-content\\\/uploads\\\/2026\\\/02\\\/5471862650.jpg\",\"datePublished\":\"2026-03-14T22:20:49+00:00\",\"dateModified\":\"2026-04-19T13:36:20+00:00\",\"description\":\"Redcliffs Stirnlampe 2 - er Set g\u00fcnstig kaufen bei Schweizversand.ch. Schnelle Lieferung in der Schweiz. Gratisversand ab CHF 50.\",\"breadcrumb\":{\"@id\":\"https:\\\/\\\/schweizversand.ch\\\/it\\\/produkt\\\/redcliffs-stirnlampe-2-er-set\\\/#breadcrumb\"},\"inLanguage\":\"it-IT\",\"potentialAction\":[{\"@type\":\"ReadAction\",\"target\":[\"https:\\\/\\\/schweizversand.ch\\\/it\\\/produkt\\\/redcliffs-stirnlampe-2-er-set\\\/\"]}]},{\"@type\":\"ImageObject\",\"inLanguage\":\"it-IT\",\"@id\":\"https:\\\/\\\/schweizversand.ch\\\/it\\\/produkt\\\/redcliffs-stirnlampe-2-er-set\\\/#primaryimage\",\"url\":\"https:\\\/\\\/schweizversand.ch\\\/wp-content\\\/uploads\\\/2026\\\/02\\\/5471862650.jpg\",\"contentUrl\":\"https:\\\/\\\/schweizversand.ch\\\/wp-content\\\/uploads\\\/2026\\\/02\\\/5471862650.jpg\",\"width\":685,\"height\":1024},{\"@type\":\"BreadcrumbList\",\"@id\":\"https:\\\/\\\/schweizversand.ch\\\/it\\\/produkt\\\/redcliffs-stirnlampe-2-er-set\\\/#breadcrumb\",\"itemListElement\":[{\"@type\":\"ListItem\",\"position\":1,\"name\":\"Startseite\",\"item\":\"https:\\\/\\\/schweizversand.ch\\\/it\\\/home\\\/\"},{\"@type\":\"ListItem\",\"position\":2,\"name\":\"Shop\",\"item\":\"https:\\\/\\\/schweizversand.ch\\\/it\\\/shop\\\/\"},{\"@type\":\"ListItem\",\"position\":3,\"name\":\"Sport\",\"item\":\"https:\\\/\\\/schweizversand.ch\\\/it\\\/produkt-kategorie\\\/sport-it\\\/\"},{\"@type\":\"ListItem\",\"position\":4,\"name\":\"Attivit\u00e0 all'aperto\",\"item\":\"https:\\\/\\\/schweizversand.ch\\\/it\\\/produkt-kategorie\\\/sport\\\/attivita-allaperto\\\/\"},{\"@type\":\"ListItem\",\"position\":5,\"name\":\"Attrezzature per attivit\u00e0 all'aperto\",\"item\":\"https:\\\/\\\/schweizversand.ch\\\/it\\\/produkt-kategorie\\\/sport\\\/attivita-allaperto\\\/attrezzature-per-attivita-allaperto\\\/\"},{\"@type\":\"ListItem\",\"position\":6,\"name\":\"Lampada frontale Redcliffs, confezione da 2\"}]},{\"@type\":\"WebSite\",\"@id\":\"https:\\\/\\\/schweizversand.ch\\\/it\\\/#website\",\"url\":\"https:\\\/\\\/schweizversand.ch\\\/it\\\/\",\"name\":\"Schweizer Shop f\u00fcr Sport, Spiel und Freizeit\",\"description\":\"Gratisversand ab 50.- (netto), ab eigenem schweizer Lager, Lieferung innert 48h\",\"publisher\":{\"@id\":\"https:\\\/\\\/schweizversand.ch\\\/it\\\/#organization\"},\"alternateName\":\"Schweizversand.ch\",\"potentialAction\":[{\"@type\":\"SearchAction\",\"target\":{\"@type\":\"EntryPoint\",\"urlTemplate\":\"https:\\\/\\\/schweizversand.ch\\\/it\\\/?s={search_term_string}\"},\"query-input\":{\"@type\":\"PropertyValueSpecification\",\"valueRequired\":true,\"valueName\":\"search_term_string\"}}],\"inLanguage\":\"it-IT\"},{\"@type\":\"Organization\",\"@id\":\"https:\\\/\\\/schweizversand.ch\\\/it\\\/#organization\",\"name\":\"Schweizversand.ch\",\"url\":\"https:\\\/\\\/schweizversand.ch\\\/it\\\/\",\"logo\":{\"@type\":\"ImageObject\",\"inLanguage\":\"it-IT\",\"@id\":\"https:\\\/\\\/schweizversand.ch\\\/it\\\/#\\\/schema\\\/logo\\\/image\\\/\",\"url\":\"https:\\\/\\\/schweizversand.ch\\\/wp-content\\\/uploads\\\/2026\\\/03\\\/Logo_Rund_Final-1.png\",\"contentUrl\":\"https:\\\/\\\/schweizversand.ch\\\/wp-content\\\/uploads\\\/2026\\\/03\\\/Logo_Rund_Final-1.png\",\"width\":404,\"height\":404,\"caption\":\"Schweizversand.ch\"},\"image\":{\"@id\":\"https:\\\/\\\/schweizversand.ch\\\/it\\\/#\\\/schema\\\/logo\\\/image\\\/\"},\"sameAs\":[\"https:\\\/\\\/www.facebook.com\\\/Schweizversand\",\"https:\\\/\\\/www.instagram.com\\\/schweizversand.ch\\\/\"]}]}<\/script>\n<!-- \/ Yoast SEO plugin. -->","yoast_head_json":{"title":"Redcliffs Stirnlampe 2 - er Set | Jetzt kaufen | Schweizversand.ch","description":"Redcliffs Stirnlampe 2 - er Set g\u00fcnstig kaufen bei Schweizversand.ch. Schnelle Lieferung in der Schweiz. Gratisversand ab CHF 50.","robots":{"index":"index","follow":"follow","max-snippet":"max-snippet:-1","max-image-preview":"max-image-preview:large","max-video-preview":"max-video-preview:-1"},"canonical":"https:\/\/schweizversand.ch\/it\/produkt\/redcliffs-stirnlampe-2-er-set\/","og_locale":"it_IT","og_type":"article","og_title":"Redcliffs Stirnlampe 2 - er Set | Jetzt kaufen | Schweizversand.ch","og_description":"Redcliffs Stirnlampe 2 - er Set g\u00fcnstig kaufen bei Schweizversand.ch. Schnelle Lieferung in der Schweiz. Gratisversand ab CHF 50.","og_url":"https:\/\/schweizversand.ch\/it\/produkt\/redcliffs-stirnlampe-2-er-set\/","og_site_name":"Schweizer Shop f\u00fcr Sport, Spiel und Freizeit","article_publisher":"https:\/\/www.facebook.com\/Schweizversand","article_modified_time":"2026-04-19T13:36:20+00:00","og_image":[{"width":685,"height":1024,"url":"https:\/\/schweizversand.ch\/wp-content\/uploads\/2026\/02\/5471862650.jpg","type":"image\/jpeg"}],"twitter_card":"summary_large_image","twitter_misc":{"Tempo di lettura stimato":"1 minuto"},"schema":{"@context":"https:\/\/schema.org","@graph":[{"@type":"WebPage","@id":"https:\/\/schweizversand.ch\/it\/produkt\/redcliffs-stirnlampe-2-er-set\/","url":"https:\/\/schweizversand.ch\/it\/produkt\/redcliffs-stirnlampe-2-er-set\/","name":"Redcliffs Stirnlampe 2 - er Set | Jetzt kaufen | Schweizversand.ch","isPartOf":{"@id":"https:\/\/schweizversand.ch\/it\/#website"},"primaryImageOfPage":{"@id":"https:\/\/schweizversand.ch\/it\/produkt\/redcliffs-stirnlampe-2-er-set\/#primaryimage"},"image":{"@id":"https:\/\/schweizversand.ch\/it\/produkt\/redcliffs-stirnlampe-2-er-set\/#primaryimage"},"thumbnailUrl":"https:\/\/schweizversand.ch\/wp-content\/uploads\/2026\/02\/5471862650.jpg","datePublished":"2026-03-14T22:20:49+00:00","dateModified":"2026-04-19T13:36:20+00:00","description":"Redcliffs Stirnlampe 2 - er Set g\u00fcnstig kaufen bei Schweizversand.ch. Schnelle Lieferung in der Schweiz. Gratisversand ab CHF 50.","breadcrumb":{"@id":"https:\/\/schweizversand.ch\/it\/produkt\/redcliffs-stirnlampe-2-er-set\/#breadcrumb"},"inLanguage":"it-IT","potentialAction":[{"@type":"ReadAction","target":["https:\/\/schweizversand.ch\/it\/produkt\/redcliffs-stirnlampe-2-er-set\/"]}]},{"@type":"ImageObject","inLanguage":"it-IT","@id":"https:\/\/schweizversand.ch\/it\/produkt\/redcliffs-stirnlampe-2-er-set\/#primaryimage","url":"https:\/\/schweizversand.ch\/wp-content\/uploads\/2026\/02\/5471862650.jpg","contentUrl":"https:\/\/schweizversand.ch\/wp-content\/uploads\/2026\/02\/5471862650.jpg","width":685,"height":1024},{"@type":"BreadcrumbList","@id":"https:\/\/schweizversand.ch\/it\/produkt\/redcliffs-stirnlampe-2-er-set\/#breadcrumb","itemListElement":[{"@type":"ListItem","position":1,"name":"Startseite","item":"https:\/\/schweizversand.ch\/it\/home\/"},{"@type":"ListItem","position":2,"name":"Shop","item":"https:\/\/schweizversand.ch\/it\/shop\/"},{"@type":"ListItem","position":3,"name":"Sport","item":"https:\/\/schweizversand.ch\/it\/produkt-kategorie\/sport-it\/"},{"@type":"ListItem","position":4,"name":"Attivit\u00e0 all'aperto","item":"https:\/\/schweizversand.ch\/it\/produkt-kategorie\/sport\/attivita-allaperto\/"},{"@type":"ListItem","position":5,"name":"Attrezzature per attivit\u00e0 all'aperto","item":"https:\/\/schweizversand.ch\/it\/produkt-kategorie\/sport\/attivita-allaperto\/attrezzature-per-attivita-allaperto\/"},{"@type":"ListItem","position":6,"name":"Lampada frontale Redcliffs, confezione da 2"}]},{"@type":"WebSite","@id":"https:\/\/schweizversand.ch\/it\/#website","url":"https:\/\/schweizversand.ch\/it\/","name":"Schweizer Shop f\u00fcr Sport, Spiel und Freizeit","description":"Gratisversand ab 50.- (netto), ab eigenem schweizer Lager, Lieferung innert 48h","publisher":{"@id":"https:\/\/schweizversand.ch\/it\/#organization"},"alternateName":"Schweizversand.ch","potentialAction":[{"@type":"SearchAction","target":{"@type":"EntryPoint","urlTemplate":"https:\/\/schweizversand.ch\/it\/?s={search_term_string}"},"query-input":{"@type":"PropertyValueSpecification","valueRequired":true,"valueName":"search_term_string"}}],"inLanguage":"it-IT"},{"@type":"Organization","@id":"https:\/\/schweizversand.ch\/it\/#organization","name":"Schweizversand.ch","url":"https:\/\/schweizversand.ch\/it\/","logo":{"@type":"ImageObject","inLanguage":"it-IT","@id":"https:\/\/schweizversand.ch\/it\/#\/schema\/logo\/image\/","url":"https:\/\/schweizversand.ch\/wp-content\/uploads\/2026\/03\/Logo_Rund_Final-1.png","contentUrl":"https:\/\/schweizversand.ch\/wp-content\/uploads\/2026\/03\/Logo_Rund_Final-1.png","width":404,"height":404,"caption":"Schweizversand.ch"},"image":{"@id":"https:\/\/schweizversand.ch\/it\/#\/schema\/logo\/image\/"},"sameAs":["https:\/\/www.facebook.com\/Schweizversand","https:\/\/www.instagram.com\/schweizversand.ch\/"]}]}},"jetpack_sharing_enabled":true,"_links":{"self":[{"href":"https:\/\/schweizversand.ch\/it\/wp-json\/wp\/v2\/product\/248055","targetHints":{"allow":["GET"]}}],"collection":[{"href":"https:\/\/schweizversand.ch\/it\/wp-json\/wp\/v2\/product"}],"about":[{"href":"https:\/\/schweizversand.ch\/it\/wp-json\/wp\/v2\/types\/product"}],"replies":[{"embeddable":true,"href":"https:\/\/schweizversand.ch\/it\/wp-json\/wp\/v2\/comments?post=248055"}],"wp:featuredmedia":[{"embeddable":true,"href":"https:\/\/schweizversand.ch\/it\/wp-json\/wp\/v2\/media\/156810"}],"wp:attachment":[{"href":"https:\/\/schweizversand.ch\/it\/wp-json\/wp\/v2\/media?parent=248055"}],"wp:term":[{"taxonomy":"product_brand","embeddable":true,"href":"https:\/\/schweizversand.ch\/it\/wp-json\/wp\/v2\/product_brand?post=248055"},{"taxonomy":"product_cat","embeddable":true,"href":"https:\/\/schweizversand.ch\/it\/wp-json\/wp\/v2\/product_cat?post=248055"},{"taxonomy":"product_tag","embeddable":true,"href":"https:\/\/schweizversand.ch\/it\/wp-json\/wp\/v2\/product_tag?post=248055"}],"curies":[{"name":"wp","href":"https:\/\/api.w.org\/{rel}","templated":true}]}}