{"id":248056,"date":"2026-03-14T23:20:52","date_gmt":"2026-03-14T22:20:52","guid":{"rendered":"https:\/\/schweizversand.ch\/produkt\/excellent-houseware-suppenloeffel\/"},"modified":"2026-04-19T02:05:40","modified_gmt":"2026-04-19T00:05:40","slug":"excellent-houseware-suppenloeffel","status":"publish","type":"product","link":"https:\/\/schweizversand.ch\/it\/produkt\/excellent-houseware-suppenloeffel\/","title":{"rendered":"Cucchiaio da zuppa per articoli per la casa eccellente"},"content":{"rendered":"<h1><strong>Mestolo da zuppa in acciaio inox con manico soft-touch<\/strong><\/h1>\n<div>Scopri il perfetto <strong>utensile da cucina in acciaio inox<\/strong> che unisce funzionalit\u00e0 ed ergonomia. Questo <strong>mestolo da zuppa in acciaio inox<\/strong> di alta qualit\u00e0 \u00e8 ideale per dosare con precisione zuppe, stufati o salse e offre il massimo comfort grazie all&#8217;innovativo manico soft-touch.<\/p>\n<\/div>\n<div><strong>Materiale e stabilit\u00e0<\/strong><br \/>Realizzato in robusto acciaio inox 430 con uno spessore di 1,0 mm, questo <strong>mestolo da zuppa<\/strong> garantisce un&#8217;eccezionale <strong>durata<\/strong> e stabilit\u00e0. La forma generosa del mestolo consente di versare il cibo in modo pulito e senza gocciolare. Ergonomia e maneggevolezza: il manico ergonomico in PP con superficie soft-touch garantisce che il mestolo da zuppa soft-touch sia antiscivolo e comodo da impugnare. Anche durante i processi di cottura pi\u00f9 lunghi, mantieni il pieno controllo su questo pratico <strong>mestolo per sugo<\/strong>.<\/p>\n<\/div>\n<div><strong>Dettagli del prodotto e contenuto della confezione<\/strong><br \/>&#8211; Materiale: acciaio inossidabile 430 (spessore 1,0 mm) e manico in PP<br \/>&#8211; Dimensioni: 30,6 x 8,3 x 6,2 cm<br \/>&#8211; Peso: solo 124 g<br \/>&#8211; Pratico anello di sospensione per risparmiare spazio<br \/>&#8211; Confezione: etichetta certificata FSC con logo UE<br \/>&#8211; Nota: la selezione dei colori (verde o grigio) \u00e8 assortita e non pu\u00f2 essere garantita. Prezzo al pezzo.<\/p>\n<\/div>\n<div>Questo indispensabile <strong>mestolo per zuppa<\/strong> porta design, ergonomia e sostenibilit\u00e0 nella tua cucina. Ordina ora e scopri la differenza in termini di comfort e precisione quando usi il mestolo.<\/p>\n<\/div>\n<div><\/div>\n","protected":false},"excerpt":{"rendered":"<p>Mestolo da zuppa in acciaio inox con manico soft-touch Scopri il perfetto utensile da cucina in acciaio inox che unisce funzionalit\u00e0 ed ergonomia. Questo mestolo da zuppa in acciaio inox di alta qualit\u00e0 \u00e8 ideale per dosare con precisione zuppe, stufati o salse e offre il massimo comfort grazie all&#8217;innovativo manico soft-touch. Materiale e stabilit\u00e0Realizzato in robusto acciaio inox 430 con uno spessore di 1,0 mm, questo mestolo da zuppa garantisce un&#8217;eccezionale durata e stabilit\u00e0.&hellip;<\/p>\n","protected":false},"featured_media":156889,"comment_status":"open","ping_status":"closed","template":"","meta":[],"product_brand":[],"product_cat":[38389],"product_tag":[],"class_list":{"0":"post-248056","1":"product","2":"type-product","3":"status-publish","4":"has-post-thumbnail","6":"product_cat-kuechenhelfer","7":"product_shipping_class-global_methods","9":"first","10":"instock","11":"taxable","12":"shipping-taxable","13":"purchasable","14":"product-type-simple"},"yoast_head":"<!-- This site is optimized with the Yoast SEO plugin v27.4 - https:\/\/yoast.com\/product\/yoast-seo-wordpress\/ -->\n<title>Excellent Houseware Suppenl\u00f6ffel | Jetzt kaufen | Schweizversand.ch<\/title>\n<meta name=\"description\" content=\"Excellent Houseware Suppenl\u00f6ffel g\u00fcnstig kaufen bei Schweizversand.ch. Schnelle Lieferung in der Schweiz. Gratisversand ab CHF 50.\" \/>\n<meta name=\"robots\" content=\"index, follow, max-snippet:-1, max-image-preview:large, max-video-preview:-1\" \/>\n<link rel=\"canonical\" href=\"https:\/\/schweizversand.ch\/it\/produkt\/excellent-houseware-suppenloeffel\/\" \/>\n<meta property=\"og:locale\" content=\"it_IT\" \/>\n<meta property=\"og:type\" content=\"article\" \/>\n<meta property=\"og:title\" content=\"Excellent Houseware Suppenl\u00f6ffel | Jetzt kaufen | Schweizversand.ch\" \/>\n<meta property=\"og:description\" content=\"Excellent Houseware Suppenl\u00f6ffel g\u00fcnstig kaufen bei Schweizversand.ch. Schnelle Lieferung in der Schweiz. Gratisversand ab CHF 50.\" \/>\n<meta property=\"og:url\" content=\"https:\/\/schweizversand.ch\/it\/produkt\/excellent-houseware-suppenloeffel\/\" \/>\n<meta property=\"og:site_name\" content=\"Schweizer Shop f\u00fcr Sport, Spiel und Freizeit\" \/>\n<meta property=\"article:publisher\" content=\"https:\/\/www.facebook.com\/Schweizversand\" \/>\n<meta property=\"article:modified_time\" content=\"2026-04-19T00:05:40+00:00\" \/>\n<meta property=\"og:image\" content=\"https:\/\/schweizversand.ch\/wp-content\/uploads\/2026\/02\/5471865575.jpg\" \/>\n\t<meta property=\"og:image:width\" content=\"769\" \/>\n\t<meta property=\"og:image:height\" content=\"1024\" \/>\n\t<meta property=\"og:image:type\" content=\"image\/jpeg\" \/>\n<meta name=\"twitter:card\" content=\"summary_large_image\" \/>\n<meta name=\"twitter:label1\" content=\"Tempo di lettura stimato\" \/>\n\t<meta name=\"twitter:data1\" content=\"1 minuto\" \/>\n<script type=\"application\/ld+json\" class=\"yoast-schema-graph\">{\"@context\":\"https:\\\/\\\/schema.org\",\"@graph\":[{\"@type\":\"WebPage\",\"@id\":\"https:\\\/\\\/schweizversand.ch\\\/it\\\/produkt\\\/excellent-houseware-suppenloeffel\\\/\",\"url\":\"https:\\\/\\\/schweizversand.ch\\\/it\\\/produkt\\\/excellent-houseware-suppenloeffel\\\/\",\"name\":\"Excellent Houseware Suppenl\u00f6ffel | Jetzt kaufen | Schweizversand.ch\",\"isPartOf\":{\"@id\":\"https:\\\/\\\/schweizversand.ch\\\/it\\\/#website\"},\"primaryImageOfPage\":{\"@id\":\"https:\\\/\\\/schweizversand.ch\\\/it\\\/produkt\\\/excellent-houseware-suppenloeffel\\\/#primaryimage\"},\"image\":{\"@id\":\"https:\\\/\\\/schweizversand.ch\\\/it\\\/produkt\\\/excellent-houseware-suppenloeffel\\\/#primaryimage\"},\"thumbnailUrl\":\"https:\\\/\\\/schweizversand.ch\\\/wp-content\\\/uploads\\\/2026\\\/02\\\/5471865575.jpg\",\"datePublished\":\"2026-03-14T22:20:52+00:00\",\"dateModified\":\"2026-04-19T00:05:40+00:00\",\"description\":\"Excellent Houseware Suppenl\u00f6ffel g\u00fcnstig kaufen bei Schweizversand.ch. Schnelle Lieferung in der Schweiz. Gratisversand ab CHF 50.\",\"breadcrumb\":{\"@id\":\"https:\\\/\\\/schweizversand.ch\\\/it\\\/produkt\\\/excellent-houseware-suppenloeffel\\\/#breadcrumb\"},\"inLanguage\":\"it-IT\",\"potentialAction\":[{\"@type\":\"ReadAction\",\"target\":[\"https:\\\/\\\/schweizversand.ch\\\/it\\\/produkt\\\/excellent-houseware-suppenloeffel\\\/\"]}]},{\"@type\":\"ImageObject\",\"inLanguage\":\"it-IT\",\"@id\":\"https:\\\/\\\/schweizversand.ch\\\/it\\\/produkt\\\/excellent-houseware-suppenloeffel\\\/#primaryimage\",\"url\":\"https:\\\/\\\/schweizversand.ch\\\/wp-content\\\/uploads\\\/2026\\\/02\\\/5471865575.jpg\",\"contentUrl\":\"https:\\\/\\\/schweizversand.ch\\\/wp-content\\\/uploads\\\/2026\\\/02\\\/5471865575.jpg\",\"width\":769,\"height\":1024},{\"@type\":\"BreadcrumbList\",\"@id\":\"https:\\\/\\\/schweizversand.ch\\\/it\\\/produkt\\\/excellent-houseware-suppenloeffel\\\/#breadcrumb\",\"itemListElement\":[{\"@type\":\"ListItem\",\"position\":1,\"name\":\"Startseite\",\"item\":\"https:\\\/\\\/schweizversand.ch\\\/it\\\/home\\\/\"},{\"@type\":\"ListItem\",\"position\":2,\"name\":\"Shop\",\"item\":\"https:\\\/\\\/schweizversand.ch\\\/it\\\/shop\\\/\"},{\"@type\":\"ListItem\",\"position\":3,\"name\":\"Casa\",\"item\":\"https:\\\/\\\/schweizversand.ch\\\/it\\\/produkt-kategorie\\\/casa\\\/\"},{\"@type\":\"ListItem\",\"position\":4,\"name\":\"Cucina\",\"item\":\"https:\\\/\\\/schweizversand.ch\\\/it\\\/produkt-kategorie\\\/casa\\\/cucina\\\/\"},{\"@type\":\"ListItem\",\"position\":5,\"name\":\"Aiutanti in cucina\",\"item\":\"https:\\\/\\\/schweizversand.ch\\\/it\\\/produkt-kategorie\\\/casa\\\/cucina\\\/kuechenhelfer\\\/\"},{\"@type\":\"ListItem\",\"position\":6,\"name\":\"Cucchiaio da zuppa per articoli per la casa eccellente\"}]},{\"@type\":\"WebSite\",\"@id\":\"https:\\\/\\\/schweizversand.ch\\\/it\\\/#website\",\"url\":\"https:\\\/\\\/schweizversand.ch\\\/it\\\/\",\"name\":\"Schweizer Shop f\u00fcr Sport, Spiel und Freizeit\",\"description\":\"Gratisversand ab 50.- (netto), ab eigenem schweizer Lager, Lieferung innert 48h\",\"publisher\":{\"@id\":\"https:\\\/\\\/schweizversand.ch\\\/it\\\/#organization\"},\"alternateName\":\"Schweizversand.ch\",\"potentialAction\":[{\"@type\":\"SearchAction\",\"target\":{\"@type\":\"EntryPoint\",\"urlTemplate\":\"https:\\\/\\\/schweizversand.ch\\\/it\\\/?s={search_term_string}\"},\"query-input\":{\"@type\":\"PropertyValueSpecification\",\"valueRequired\":true,\"valueName\":\"search_term_string\"}}],\"inLanguage\":\"it-IT\"},{\"@type\":\"Organization\",\"@id\":\"https:\\\/\\\/schweizversand.ch\\\/it\\\/#organization\",\"name\":\"Schweizversand.ch\",\"url\":\"https:\\\/\\\/schweizversand.ch\\\/it\\\/\",\"logo\":{\"@type\":\"ImageObject\",\"inLanguage\":\"it-IT\",\"@id\":\"https:\\\/\\\/schweizversand.ch\\\/it\\\/#\\\/schema\\\/logo\\\/image\\\/\",\"url\":\"https:\\\/\\\/schweizversand.ch\\\/wp-content\\\/uploads\\\/2026\\\/03\\\/Logo_Rund_Final-1.png\",\"contentUrl\":\"https:\\\/\\\/schweizversand.ch\\\/wp-content\\\/uploads\\\/2026\\\/03\\\/Logo_Rund_Final-1.png\",\"width\":404,\"height\":404,\"caption\":\"Schweizversand.ch\"},\"image\":{\"@id\":\"https:\\\/\\\/schweizversand.ch\\\/it\\\/#\\\/schema\\\/logo\\\/image\\\/\"},\"sameAs\":[\"https:\\\/\\\/www.facebook.com\\\/Schweizversand\",\"https:\\\/\\\/www.instagram.com\\\/schweizversand.ch\\\/\"]}]}<\/script>\n<!-- \/ Yoast SEO plugin. -->","yoast_head_json":{"title":"Excellent Houseware Suppenl\u00f6ffel | Jetzt kaufen | Schweizversand.ch","description":"Excellent Houseware Suppenl\u00f6ffel g\u00fcnstig kaufen bei Schweizversand.ch. Schnelle Lieferung in der Schweiz. Gratisversand ab CHF 50.","robots":{"index":"index","follow":"follow","max-snippet":"max-snippet:-1","max-image-preview":"max-image-preview:large","max-video-preview":"max-video-preview:-1"},"canonical":"https:\/\/schweizversand.ch\/it\/produkt\/excellent-houseware-suppenloeffel\/","og_locale":"it_IT","og_type":"article","og_title":"Excellent Houseware Suppenl\u00f6ffel | Jetzt kaufen | Schweizversand.ch","og_description":"Excellent Houseware Suppenl\u00f6ffel g\u00fcnstig kaufen bei Schweizversand.ch. Schnelle Lieferung in der Schweiz. Gratisversand ab CHF 50.","og_url":"https:\/\/schweizversand.ch\/it\/produkt\/excellent-houseware-suppenloeffel\/","og_site_name":"Schweizer Shop f\u00fcr Sport, Spiel und Freizeit","article_publisher":"https:\/\/www.facebook.com\/Schweizversand","article_modified_time":"2026-04-19T00:05:40+00:00","og_image":[{"width":769,"height":1024,"url":"https:\/\/schweizversand.ch\/wp-content\/uploads\/2026\/02\/5471865575.jpg","type":"image\/jpeg"}],"twitter_card":"summary_large_image","twitter_misc":{"Tempo di lettura stimato":"1 minuto"},"schema":{"@context":"https:\/\/schema.org","@graph":[{"@type":"WebPage","@id":"https:\/\/schweizversand.ch\/it\/produkt\/excellent-houseware-suppenloeffel\/","url":"https:\/\/schweizversand.ch\/it\/produkt\/excellent-houseware-suppenloeffel\/","name":"Excellent Houseware Suppenl\u00f6ffel | Jetzt kaufen | Schweizversand.ch","isPartOf":{"@id":"https:\/\/schweizversand.ch\/it\/#website"},"primaryImageOfPage":{"@id":"https:\/\/schweizversand.ch\/it\/produkt\/excellent-houseware-suppenloeffel\/#primaryimage"},"image":{"@id":"https:\/\/schweizversand.ch\/it\/produkt\/excellent-houseware-suppenloeffel\/#primaryimage"},"thumbnailUrl":"https:\/\/schweizversand.ch\/wp-content\/uploads\/2026\/02\/5471865575.jpg","datePublished":"2026-03-14T22:20:52+00:00","dateModified":"2026-04-19T00:05:40+00:00","description":"Excellent Houseware Suppenl\u00f6ffel g\u00fcnstig kaufen bei Schweizversand.ch. Schnelle Lieferung in der Schweiz. Gratisversand ab CHF 50.","breadcrumb":{"@id":"https:\/\/schweizversand.ch\/it\/produkt\/excellent-houseware-suppenloeffel\/#breadcrumb"},"inLanguage":"it-IT","potentialAction":[{"@type":"ReadAction","target":["https:\/\/schweizversand.ch\/it\/produkt\/excellent-houseware-suppenloeffel\/"]}]},{"@type":"ImageObject","inLanguage":"it-IT","@id":"https:\/\/schweizversand.ch\/it\/produkt\/excellent-houseware-suppenloeffel\/#primaryimage","url":"https:\/\/schweizversand.ch\/wp-content\/uploads\/2026\/02\/5471865575.jpg","contentUrl":"https:\/\/schweizversand.ch\/wp-content\/uploads\/2026\/02\/5471865575.jpg","width":769,"height":1024},{"@type":"BreadcrumbList","@id":"https:\/\/schweizversand.ch\/it\/produkt\/excellent-houseware-suppenloeffel\/#breadcrumb","itemListElement":[{"@type":"ListItem","position":1,"name":"Startseite","item":"https:\/\/schweizversand.ch\/it\/home\/"},{"@type":"ListItem","position":2,"name":"Shop","item":"https:\/\/schweizversand.ch\/it\/shop\/"},{"@type":"ListItem","position":3,"name":"Casa","item":"https:\/\/schweizversand.ch\/it\/produkt-kategorie\/casa\/"},{"@type":"ListItem","position":4,"name":"Cucina","item":"https:\/\/schweizversand.ch\/it\/produkt-kategorie\/casa\/cucina\/"},{"@type":"ListItem","position":5,"name":"Aiutanti in cucina","item":"https:\/\/schweizversand.ch\/it\/produkt-kategorie\/casa\/cucina\/kuechenhelfer\/"},{"@type":"ListItem","position":6,"name":"Cucchiaio da zuppa per articoli per la casa eccellente"}]},{"@type":"WebSite","@id":"https:\/\/schweizversand.ch\/it\/#website","url":"https:\/\/schweizversand.ch\/it\/","name":"Schweizer Shop f\u00fcr Sport, Spiel und Freizeit","description":"Gratisversand ab 50.- (netto), ab eigenem schweizer Lager, Lieferung innert 48h","publisher":{"@id":"https:\/\/schweizversand.ch\/it\/#organization"},"alternateName":"Schweizversand.ch","potentialAction":[{"@type":"SearchAction","target":{"@type":"EntryPoint","urlTemplate":"https:\/\/schweizversand.ch\/it\/?s={search_term_string}"},"query-input":{"@type":"PropertyValueSpecification","valueRequired":true,"valueName":"search_term_string"}}],"inLanguage":"it-IT"},{"@type":"Organization","@id":"https:\/\/schweizversand.ch\/it\/#organization","name":"Schweizversand.ch","url":"https:\/\/schweizversand.ch\/it\/","logo":{"@type":"ImageObject","inLanguage":"it-IT","@id":"https:\/\/schweizversand.ch\/it\/#\/schema\/logo\/image\/","url":"https:\/\/schweizversand.ch\/wp-content\/uploads\/2026\/03\/Logo_Rund_Final-1.png","contentUrl":"https:\/\/schweizversand.ch\/wp-content\/uploads\/2026\/03\/Logo_Rund_Final-1.png","width":404,"height":404,"caption":"Schweizversand.ch"},"image":{"@id":"https:\/\/schweizversand.ch\/it\/#\/schema\/logo\/image\/"},"sameAs":["https:\/\/www.facebook.com\/Schweizversand","https:\/\/www.instagram.com\/schweizversand.ch\/"]}]}},"jetpack_sharing_enabled":true,"_links":{"self":[{"href":"https:\/\/schweizversand.ch\/it\/wp-json\/wp\/v2\/product\/248056","targetHints":{"allow":["GET"]}}],"collection":[{"href":"https:\/\/schweizversand.ch\/it\/wp-json\/wp\/v2\/product"}],"about":[{"href":"https:\/\/schweizversand.ch\/it\/wp-json\/wp\/v2\/types\/product"}],"replies":[{"embeddable":true,"href":"https:\/\/schweizversand.ch\/it\/wp-json\/wp\/v2\/comments?post=248056"}],"wp:featuredmedia":[{"embeddable":true,"href":"https:\/\/schweizversand.ch\/it\/wp-json\/wp\/v2\/media\/156889"}],"wp:attachment":[{"href":"https:\/\/schweizversand.ch\/it\/wp-json\/wp\/v2\/media?parent=248056"}],"wp:term":[{"taxonomy":"product_brand","embeddable":true,"href":"https:\/\/schweizversand.ch\/it\/wp-json\/wp\/v2\/product_brand?post=248056"},{"taxonomy":"product_cat","embeddable":true,"href":"https:\/\/schweizversand.ch\/it\/wp-json\/wp\/v2\/product_cat?post=248056"},{"taxonomy":"product_tag","embeddable":true,"href":"https:\/\/schweizversand.ch\/it\/wp-json\/wp\/v2\/product_tag?post=248056"}],"curies":[{"name":"wp","href":"https:\/\/api.w.org\/{rel}","templated":true}]}}