{"id":248063,"date":"2026-03-14T23:20:53","date_gmt":"2026-03-14T22:20:53","guid":{"rendered":"https:\/\/schweizversand.ch\/produkt\/excellent-houseware-spaghettiloeffel\/"},"modified":"2026-04-19T02:05:40","modified_gmt":"2026-04-19T00:05:40","slug":"excellent-houseware-spaghettiloeffel","status":"publish","type":"product","link":"https:\/\/schweizversand.ch\/it\/produkt\/excellent-houseware-spaghettiloeffel\/","title":{"rendered":"Cucchiaio per spaghetti Excellent Houseware"},"content":{"rendered":"<p>Cucchiaio per spaghetti in acciaio inox: pratico, pratico, elegante<\/p>\n<p>Questo cucchiaio per spaghetti in acciaio inox 430 di alta qualit\u00e0 semplifica la porzionatura della pasta. Il suo design curato garantisce una presa ottimale sui noodles, mentre il manico soft-touch con anima in PP offre una presa comoda e sicura, anche ad alte temperature.<\/p>\n<p>Grazie al suo spessore di 1 mm, il cucchiaio offre una stabilit\u00e0 ideale con un peso di soli 104 g. Le sue dimensioni compatte e pratiche di 31,6 x 6,6 x 5,4 cm lo rendono facile da trasportare. Un anello nero per appenderlo lo rende comodo da riporre.<\/p>\n<p>Confezione sostenibile, presentazione perfetta:<\/p>\n<p>Ogni cucchiaio \u00e8 allegato a un cartoncino dal design elegante con fessura per banconote Euro, ovviamente certificato FSC.<\/p>\n<p>Ogni cucchiaio \u00e8 allegato a un cartoncino dal design elegante con fessura per banconote Euro, ovviamente certificato FSC. Due colori moderni tra cui scegliere:<\/p>\n<p>Grigio (Pantone Cool Gray 10 C)<\/p>\n<p>Verde (Pantone 5575 C)<\/p>\n<p>Un utensile da cucina funzionale che colpisce per la sua qualit\u00e0, il design e la sua attenzione all&#8217;ambiente.<\/p>\n<p>Il colore non \u00e8 selezionabile; verranno consegnati colori assortiti.<\/p>\n<p>Prezzo al pezzo<\/p>\n","protected":false},"excerpt":{"rendered":"<p>Cucchiaio per spaghetti in acciaio inox: pratico, pratico, elegante Questo cucchiaio per spaghetti in acciaio inox 430 di alta qualit\u00e0 semplifica la porzionatura della pasta. Il suo design curato garantisce una presa ottimale sui noodles, mentre il manico soft-touch con anima in PP offre una presa comoda e sicura, anche ad alte temperature. Grazie al suo spessore di 1 mm, il cucchiaio offre una stabilit\u00e0 ideale con un peso di soli 104 g. Le sue&hellip;<\/p>\n","protected":false},"featured_media":156918,"comment_status":"open","ping_status":"closed","template":"","meta":[],"product_brand":[],"product_cat":[38389],"product_tag":[],"class_list":{"0":"post-248063","1":"product","2":"type-product","3":"status-publish","4":"has-post-thumbnail","6":"product_cat-kuechenhelfer","7":"product_shipping_class-global_methods","9":"first","10":"instock","11":"taxable","12":"shipping-taxable","13":"purchasable","14":"product-type-simple"},"yoast_head":"<!-- This site is optimized with the Yoast SEO plugin v27.4 - https:\/\/yoast.com\/product\/yoast-seo-wordpress\/ -->\n<title>Excellent Houseware Spaghettil\u00f6ffel | Jetzt kaufen | Schweizversand.ch<\/title>\n<meta name=\"description\" content=\"Excellent Houseware Spaghettil\u00f6ffel g\u00fcnstig kaufen bei Schweizversand.ch. Schnelle Lieferung in der Schweiz. Gratisversand ab CHF 50.\" \/>\n<meta name=\"robots\" content=\"index, follow, max-snippet:-1, max-image-preview:large, max-video-preview:-1\" \/>\n<link rel=\"canonical\" href=\"https:\/\/schweizversand.ch\/it\/produkt\/excellent-houseware-spaghettiloeffel\/\" \/>\n<meta property=\"og:locale\" content=\"it_IT\" \/>\n<meta property=\"og:type\" content=\"article\" \/>\n<meta property=\"og:title\" content=\"Excellent Houseware Spaghettil\u00f6ffel | Jetzt kaufen | Schweizversand.ch\" \/>\n<meta property=\"og:description\" content=\"Excellent Houseware Spaghettil\u00f6ffel g\u00fcnstig kaufen bei Schweizversand.ch. Schnelle Lieferung in der Schweiz. Gratisversand ab CHF 50.\" \/>\n<meta property=\"og:url\" content=\"https:\/\/schweizversand.ch\/it\/produkt\/excellent-houseware-spaghettiloeffel\/\" \/>\n<meta property=\"og:site_name\" content=\"Schweizer Shop f\u00fcr Sport, Spiel und Freizeit\" \/>\n<meta property=\"article:publisher\" content=\"https:\/\/www.facebook.com\/Schweizversand\" \/>\n<meta property=\"article:modified_time\" content=\"2026-04-19T00:05:40+00:00\" \/>\n<meta property=\"og:image\" content=\"https:\/\/schweizversand.ch\/wp-content\/uploads\/2026\/02\/5471866581.jpg\" \/>\n\t<meta property=\"og:image:width\" content=\"595\" \/>\n\t<meta property=\"og:image:height\" content=\"1024\" \/>\n\t<meta property=\"og:image:type\" content=\"image\/jpeg\" \/>\n<meta name=\"twitter:card\" content=\"summary_large_image\" \/>\n<meta name=\"twitter:label1\" content=\"Tempo di lettura stimato\" \/>\n\t<meta name=\"twitter:data1\" content=\"1 minuto\" \/>\n<script type=\"application\/ld+json\" class=\"yoast-schema-graph\">{\"@context\":\"https:\\\/\\\/schema.org\",\"@graph\":[{\"@type\":\"WebPage\",\"@id\":\"https:\\\/\\\/schweizversand.ch\\\/it\\\/produkt\\\/excellent-houseware-spaghettiloeffel\\\/\",\"url\":\"https:\\\/\\\/schweizversand.ch\\\/it\\\/produkt\\\/excellent-houseware-spaghettiloeffel\\\/\",\"name\":\"Excellent Houseware Spaghettil\u00f6ffel | Jetzt kaufen | Schweizversand.ch\",\"isPartOf\":{\"@id\":\"https:\\\/\\\/schweizversand.ch\\\/it\\\/#website\"},\"primaryImageOfPage\":{\"@id\":\"https:\\\/\\\/schweizversand.ch\\\/it\\\/produkt\\\/excellent-houseware-spaghettiloeffel\\\/#primaryimage\"},\"image\":{\"@id\":\"https:\\\/\\\/schweizversand.ch\\\/it\\\/produkt\\\/excellent-houseware-spaghettiloeffel\\\/#primaryimage\"},\"thumbnailUrl\":\"https:\\\/\\\/schweizversand.ch\\\/wp-content\\\/uploads\\\/2026\\\/02\\\/5471866581.jpg\",\"datePublished\":\"2026-03-14T22:20:53+00:00\",\"dateModified\":\"2026-04-19T00:05:40+00:00\",\"description\":\"Excellent Houseware Spaghettil\u00f6ffel g\u00fcnstig kaufen bei Schweizversand.ch. Schnelle Lieferung in der Schweiz. Gratisversand ab CHF 50.\",\"breadcrumb\":{\"@id\":\"https:\\\/\\\/schweizversand.ch\\\/it\\\/produkt\\\/excellent-houseware-spaghettiloeffel\\\/#breadcrumb\"},\"inLanguage\":\"it-IT\",\"potentialAction\":[{\"@type\":\"ReadAction\",\"target\":[\"https:\\\/\\\/schweizversand.ch\\\/it\\\/produkt\\\/excellent-houseware-spaghettiloeffel\\\/\"]}]},{\"@type\":\"ImageObject\",\"inLanguage\":\"it-IT\",\"@id\":\"https:\\\/\\\/schweizversand.ch\\\/it\\\/produkt\\\/excellent-houseware-spaghettiloeffel\\\/#primaryimage\",\"url\":\"https:\\\/\\\/schweizversand.ch\\\/wp-content\\\/uploads\\\/2026\\\/02\\\/5471866581.jpg\",\"contentUrl\":\"https:\\\/\\\/schweizversand.ch\\\/wp-content\\\/uploads\\\/2026\\\/02\\\/5471866581.jpg\",\"width\":595,\"height\":1024},{\"@type\":\"BreadcrumbList\",\"@id\":\"https:\\\/\\\/schweizversand.ch\\\/it\\\/produkt\\\/excellent-houseware-spaghettiloeffel\\\/#breadcrumb\",\"itemListElement\":[{\"@type\":\"ListItem\",\"position\":1,\"name\":\"Startseite\",\"item\":\"https:\\\/\\\/schweizversand.ch\\\/it\\\/home\\\/\"},{\"@type\":\"ListItem\",\"position\":2,\"name\":\"Shop\",\"item\":\"https:\\\/\\\/schweizversand.ch\\\/it\\\/shop\\\/\"},{\"@type\":\"ListItem\",\"position\":3,\"name\":\"Casa\",\"item\":\"https:\\\/\\\/schweizversand.ch\\\/it\\\/produkt-kategorie\\\/casa\\\/\"},{\"@type\":\"ListItem\",\"position\":4,\"name\":\"Cucina\",\"item\":\"https:\\\/\\\/schweizversand.ch\\\/it\\\/produkt-kategorie\\\/casa\\\/cucina\\\/\"},{\"@type\":\"ListItem\",\"position\":5,\"name\":\"Aiutanti in cucina\",\"item\":\"https:\\\/\\\/schweizversand.ch\\\/it\\\/produkt-kategorie\\\/casa\\\/cucina\\\/kuechenhelfer\\\/\"},{\"@type\":\"ListItem\",\"position\":6,\"name\":\"Cucchiaio per spaghetti Excellent Houseware\"}]},{\"@type\":\"WebSite\",\"@id\":\"https:\\\/\\\/schweizversand.ch\\\/it\\\/#website\",\"url\":\"https:\\\/\\\/schweizversand.ch\\\/it\\\/\",\"name\":\"Schweizer Shop f\u00fcr Sport, Spiel und Freizeit\",\"description\":\"Gratisversand ab 50.- (netto), ab eigenem schweizer Lager, Lieferung innert 48h\",\"publisher\":{\"@id\":\"https:\\\/\\\/schweizversand.ch\\\/it\\\/#organization\"},\"alternateName\":\"Schweizversand.ch\",\"potentialAction\":[{\"@type\":\"SearchAction\",\"target\":{\"@type\":\"EntryPoint\",\"urlTemplate\":\"https:\\\/\\\/schweizversand.ch\\\/it\\\/?s={search_term_string}\"},\"query-input\":{\"@type\":\"PropertyValueSpecification\",\"valueRequired\":true,\"valueName\":\"search_term_string\"}}],\"inLanguage\":\"it-IT\"},{\"@type\":\"Organization\",\"@id\":\"https:\\\/\\\/schweizversand.ch\\\/it\\\/#organization\",\"name\":\"Schweizversand.ch\",\"url\":\"https:\\\/\\\/schweizversand.ch\\\/it\\\/\",\"logo\":{\"@type\":\"ImageObject\",\"inLanguage\":\"it-IT\",\"@id\":\"https:\\\/\\\/schweizversand.ch\\\/it\\\/#\\\/schema\\\/logo\\\/image\\\/\",\"url\":\"https:\\\/\\\/schweizversand.ch\\\/wp-content\\\/uploads\\\/2026\\\/03\\\/Logo_Rund_Final-1.png\",\"contentUrl\":\"https:\\\/\\\/schweizversand.ch\\\/wp-content\\\/uploads\\\/2026\\\/03\\\/Logo_Rund_Final-1.png\",\"width\":404,\"height\":404,\"caption\":\"Schweizversand.ch\"},\"image\":{\"@id\":\"https:\\\/\\\/schweizversand.ch\\\/it\\\/#\\\/schema\\\/logo\\\/image\\\/\"},\"sameAs\":[\"https:\\\/\\\/www.facebook.com\\\/Schweizversand\",\"https:\\\/\\\/www.instagram.com\\\/schweizversand.ch\\\/\"]}]}<\/script>\n<!-- \/ Yoast SEO plugin. -->","yoast_head_json":{"title":"Excellent Houseware Spaghettil\u00f6ffel | Jetzt kaufen | Schweizversand.ch","description":"Excellent Houseware Spaghettil\u00f6ffel g\u00fcnstig kaufen bei Schweizversand.ch. Schnelle Lieferung in der Schweiz. Gratisversand ab CHF 50.","robots":{"index":"index","follow":"follow","max-snippet":"max-snippet:-1","max-image-preview":"max-image-preview:large","max-video-preview":"max-video-preview:-1"},"canonical":"https:\/\/schweizversand.ch\/it\/produkt\/excellent-houseware-spaghettiloeffel\/","og_locale":"it_IT","og_type":"article","og_title":"Excellent Houseware Spaghettil\u00f6ffel | Jetzt kaufen | Schweizversand.ch","og_description":"Excellent Houseware Spaghettil\u00f6ffel g\u00fcnstig kaufen bei Schweizversand.ch. Schnelle Lieferung in der Schweiz. Gratisversand ab CHF 50.","og_url":"https:\/\/schweizversand.ch\/it\/produkt\/excellent-houseware-spaghettiloeffel\/","og_site_name":"Schweizer Shop f\u00fcr Sport, Spiel und Freizeit","article_publisher":"https:\/\/www.facebook.com\/Schweizversand","article_modified_time":"2026-04-19T00:05:40+00:00","og_image":[{"width":595,"height":1024,"url":"https:\/\/schweizversand.ch\/wp-content\/uploads\/2026\/02\/5471866581.jpg","type":"image\/jpeg"}],"twitter_card":"summary_large_image","twitter_misc":{"Tempo di lettura stimato":"1 minuto"},"schema":{"@context":"https:\/\/schema.org","@graph":[{"@type":"WebPage","@id":"https:\/\/schweizversand.ch\/it\/produkt\/excellent-houseware-spaghettiloeffel\/","url":"https:\/\/schweizversand.ch\/it\/produkt\/excellent-houseware-spaghettiloeffel\/","name":"Excellent Houseware Spaghettil\u00f6ffel | Jetzt kaufen | Schweizversand.ch","isPartOf":{"@id":"https:\/\/schweizversand.ch\/it\/#website"},"primaryImageOfPage":{"@id":"https:\/\/schweizversand.ch\/it\/produkt\/excellent-houseware-spaghettiloeffel\/#primaryimage"},"image":{"@id":"https:\/\/schweizversand.ch\/it\/produkt\/excellent-houseware-spaghettiloeffel\/#primaryimage"},"thumbnailUrl":"https:\/\/schweizversand.ch\/wp-content\/uploads\/2026\/02\/5471866581.jpg","datePublished":"2026-03-14T22:20:53+00:00","dateModified":"2026-04-19T00:05:40+00:00","description":"Excellent Houseware Spaghettil\u00f6ffel g\u00fcnstig kaufen bei Schweizversand.ch. Schnelle Lieferung in der Schweiz. Gratisversand ab CHF 50.","breadcrumb":{"@id":"https:\/\/schweizversand.ch\/it\/produkt\/excellent-houseware-spaghettiloeffel\/#breadcrumb"},"inLanguage":"it-IT","potentialAction":[{"@type":"ReadAction","target":["https:\/\/schweizversand.ch\/it\/produkt\/excellent-houseware-spaghettiloeffel\/"]}]},{"@type":"ImageObject","inLanguage":"it-IT","@id":"https:\/\/schweizversand.ch\/it\/produkt\/excellent-houseware-spaghettiloeffel\/#primaryimage","url":"https:\/\/schweizversand.ch\/wp-content\/uploads\/2026\/02\/5471866581.jpg","contentUrl":"https:\/\/schweizversand.ch\/wp-content\/uploads\/2026\/02\/5471866581.jpg","width":595,"height":1024},{"@type":"BreadcrumbList","@id":"https:\/\/schweizversand.ch\/it\/produkt\/excellent-houseware-spaghettiloeffel\/#breadcrumb","itemListElement":[{"@type":"ListItem","position":1,"name":"Startseite","item":"https:\/\/schweizversand.ch\/it\/home\/"},{"@type":"ListItem","position":2,"name":"Shop","item":"https:\/\/schweizversand.ch\/it\/shop\/"},{"@type":"ListItem","position":3,"name":"Casa","item":"https:\/\/schweizversand.ch\/it\/produkt-kategorie\/casa\/"},{"@type":"ListItem","position":4,"name":"Cucina","item":"https:\/\/schweizversand.ch\/it\/produkt-kategorie\/casa\/cucina\/"},{"@type":"ListItem","position":5,"name":"Aiutanti in cucina","item":"https:\/\/schweizversand.ch\/it\/produkt-kategorie\/casa\/cucina\/kuechenhelfer\/"},{"@type":"ListItem","position":6,"name":"Cucchiaio per spaghetti Excellent Houseware"}]},{"@type":"WebSite","@id":"https:\/\/schweizversand.ch\/it\/#website","url":"https:\/\/schweizversand.ch\/it\/","name":"Schweizer Shop f\u00fcr Sport, Spiel und Freizeit","description":"Gratisversand ab 50.- (netto), ab eigenem schweizer Lager, Lieferung innert 48h","publisher":{"@id":"https:\/\/schweizversand.ch\/it\/#organization"},"alternateName":"Schweizversand.ch","potentialAction":[{"@type":"SearchAction","target":{"@type":"EntryPoint","urlTemplate":"https:\/\/schweizversand.ch\/it\/?s={search_term_string}"},"query-input":{"@type":"PropertyValueSpecification","valueRequired":true,"valueName":"search_term_string"}}],"inLanguage":"it-IT"},{"@type":"Organization","@id":"https:\/\/schweizversand.ch\/it\/#organization","name":"Schweizversand.ch","url":"https:\/\/schweizversand.ch\/it\/","logo":{"@type":"ImageObject","inLanguage":"it-IT","@id":"https:\/\/schweizversand.ch\/it\/#\/schema\/logo\/image\/","url":"https:\/\/schweizversand.ch\/wp-content\/uploads\/2026\/03\/Logo_Rund_Final-1.png","contentUrl":"https:\/\/schweizversand.ch\/wp-content\/uploads\/2026\/03\/Logo_Rund_Final-1.png","width":404,"height":404,"caption":"Schweizversand.ch"},"image":{"@id":"https:\/\/schweizversand.ch\/it\/#\/schema\/logo\/image\/"},"sameAs":["https:\/\/www.facebook.com\/Schweizversand","https:\/\/www.instagram.com\/schweizversand.ch\/"]}]}},"jetpack_sharing_enabled":true,"_links":{"self":[{"href":"https:\/\/schweizversand.ch\/it\/wp-json\/wp\/v2\/product\/248063","targetHints":{"allow":["GET"]}}],"collection":[{"href":"https:\/\/schweizversand.ch\/it\/wp-json\/wp\/v2\/product"}],"about":[{"href":"https:\/\/schweizversand.ch\/it\/wp-json\/wp\/v2\/types\/product"}],"replies":[{"embeddable":true,"href":"https:\/\/schweizversand.ch\/it\/wp-json\/wp\/v2\/comments?post=248063"}],"wp:featuredmedia":[{"embeddable":true,"href":"https:\/\/schweizversand.ch\/it\/wp-json\/wp\/v2\/media\/156918"}],"wp:attachment":[{"href":"https:\/\/schweizversand.ch\/it\/wp-json\/wp\/v2\/media?parent=248063"}],"wp:term":[{"taxonomy":"product_brand","embeddable":true,"href":"https:\/\/schweizversand.ch\/it\/wp-json\/wp\/v2\/product_brand?post=248063"},{"taxonomy":"product_cat","embeddable":true,"href":"https:\/\/schweizversand.ch\/it\/wp-json\/wp\/v2\/product_cat?post=248063"},{"taxonomy":"product_tag","embeddable":true,"href":"https:\/\/schweizversand.ch\/it\/wp-json\/wp\/v2\/product_tag?post=248063"}],"curies":[{"name":"wp","href":"https:\/\/api.w.org\/{rel}","templated":true}]}}