{"id":248074,"date":"2026-03-14T23:20:54","date_gmt":"2026-03-14T22:20:54","guid":{"rendered":"https:\/\/schweizversand.ch\/produkt\/excellent-houseware-brotmesser\/"},"modified":"2026-04-19T02:05:40","modified_gmt":"2026-04-19T00:05:40","slug":"excellent-houseware-brotmesser","status":"publish","type":"product","link":"https:\/\/schweizversand.ch\/it\/produkt\/excellent-houseware-brotmesser\/","title":{"rendered":"Coltello da pane Excellent Houseware"},"content":{"rendered":"<h1><strong>Coltello da pane Excellent Houseware<\/strong><\/h1>\n<div>Questo <strong>coltello da pane in acciaio inossidabile<\/strong> \u00e8 l&#8217;aggiunta perfetta alla tua cucina. Con la sua lama <strong>affilata<\/strong> da 20 cm, offre la massima precisione e sicurezza nell&#8217;affettare pane, panini e molto altro. Scopri quanto pu\u00f2 essere semplice <strong>affettare il pane<\/strong>.<\/p>\n<\/div>\n<div><strong>Precisione e qualit\u00e0 dei materiali<\/strong><br \/>Il cuore di questo coltello \u00e8 la lama del <strong>coltello da pane da 20 cm<\/strong> realizzata in acciaio inossidabile di alta qualit\u00e0 e resistente alla ruggine (2CR14). La lama spessa 1,5 mm garantisce stabilit\u00e0 e durata. Grazie allo speciale design della <strong>lama seghettata<\/strong>, puoi tagliare facilmente sia le croste dure che le parti pi\u00f9 morbide senza schiacciare il pane.<\/p>\n<\/div>\n<div><strong>Ergonomia e sicurezza<\/strong><br \/>La sicurezza \u00e8 la nostra massima priorit\u00e0. L&#8217;impugnatura ergonomica in TPE antiscivolo del coltello da pane offre una presa salda e confortevole, anche quando \u00e8 bagnato. Ci\u00f2 consente una maneggevolezza controllata e riduce l&#8217;affaticamento durante l&#8217;uso. Il coltello da pane affilato \u00e8 quindi ideale per l&#8217;uso quotidiano in cucina o in viaggio. Versatilit\u00e0 e design: questo coltello da pane da cucina non \u00e8 solo un must per ogni amante del pane, ma anche un compagno versatile per campeggio, picnic e attivit\u00e0 all&#8217;aperto. \u00c8 disponibile in quattro colori moderni (verde, verde scuro, grigio, crema) e aggiunge un tocco di stile alla tua collezione di coltelli. Si prega di notare che la consegna avverr\u00e0 in colori assortiti.<\/p>\n<\/div>\n<div><strong>Dettagli del prodotto a colpo d&#8217;occhio<\/strong><br \/>&#8211; Lunghezza lama: 8 pollici (circa 20 cm)<br \/>&#8211; Materiale lama: acciaio inossidabile (2CR14)<br \/>&#8211; Spessore lama: 1,5 mm<br \/>&#8211; Materiale impugnatura: impugnatura in TPE antiscivolo<br \/>&#8211; Area di utilizzo: cucina, campeggio, attivit\u00e0 all&#8217;aperto<br \/>&#8211; Il prezzo \u00e8 per pezzo (il colore verr\u00e0 scelto in modo casuale)<\/p>\n<\/div>\n<div>Investi in questo affidabile e funzionale <strong>coltello per il pane in acciaio inossidabile<\/strong> e rendi affettare il pane un piacere preciso.<\/p>\n<\/div>\n<div>\n<\/div>\n","protected":false},"excerpt":{"rendered":"<p>Coltello da pane Excellent Houseware Questo coltello da pane in acciaio inossidabile \u00e8 l&#8217;aggiunta perfetta alla tua cucina. Con la sua lama affilata da 20 cm, offre la massima precisione e sicurezza nell&#8217;affettare pane, panini e molto altro. Scopri quanto pu\u00f2 essere semplice affettare il pane. Precisione e qualit\u00e0 dei materialiIl cuore di questo coltello \u00e8 la lama del coltello da pane da 20 cm realizzata in acciaio inossidabile di alta qualit\u00e0 e resistente alla&hellip;<\/p>\n","protected":false},"featured_media":156950,"comment_status":"open","ping_status":"closed","template":"","meta":[],"product_brand":[],"product_cat":[38394,38395],"product_tag":[],"class_list":{"0":"post-248074","1":"product","2":"type-product","3":"status-publish","4":"has-post-thumbnail","6":"product_cat-mixen-schneiden","7":"product_cat-tritare","8":"product_shipping_class-global_methods","10":"first","11":"instock","12":"taxable","13":"shipping-taxable","14":"purchasable","15":"product-type-simple"},"yoast_head":"<!-- This site is optimized with the Yoast SEO plugin v27.4 - https:\/\/yoast.com\/product\/yoast-seo-wordpress\/ -->\n<title>Excellent Houseware Brotmesser | Jetzt kaufen | Schweizversand.ch<\/title>\n<meta name=\"description\" content=\"Excellent Houseware Brotmesser g\u00fcnstig kaufen bei Schweizversand.ch. Schnelle Lieferung in der Schweiz. Gratisversand ab CHF 50.\" \/>\n<meta name=\"robots\" content=\"index, follow, max-snippet:-1, max-image-preview:large, max-video-preview:-1\" \/>\n<link rel=\"canonical\" href=\"https:\/\/schweizversand.ch\/it\/produkt\/excellent-houseware-brotmesser\/\" \/>\n<meta property=\"og:locale\" content=\"it_IT\" \/>\n<meta property=\"og:type\" content=\"article\" \/>\n<meta property=\"og:title\" content=\"Excellent Houseware Brotmesser | Jetzt kaufen | Schweizversand.ch\" \/>\n<meta property=\"og:description\" content=\"Excellent Houseware Brotmesser g\u00fcnstig kaufen bei Schweizversand.ch. Schnelle Lieferung in der Schweiz. Gratisversand ab CHF 50.\" \/>\n<meta property=\"og:url\" content=\"https:\/\/schweizversand.ch\/it\/produkt\/excellent-houseware-brotmesser\/\" \/>\n<meta property=\"og:site_name\" content=\"Schweizer Shop f\u00fcr Sport, Spiel und Freizeit\" \/>\n<meta property=\"article:publisher\" content=\"https:\/\/www.facebook.com\/Schweizversand\" \/>\n<meta property=\"article:modified_time\" content=\"2026-04-19T00:05:40+00:00\" \/>\n<meta property=\"og:image\" content=\"https:\/\/schweizversand.ch\/wp-content\/uploads\/2026\/02\/5471860099.jpg\" \/>\n\t<meta property=\"og:image:width\" content=\"803\" \/>\n\t<meta property=\"og:image:height\" content=\"1024\" \/>\n\t<meta property=\"og:image:type\" content=\"image\/jpeg\" \/>\n<meta name=\"twitter:card\" content=\"summary_large_image\" \/>\n<meta name=\"twitter:label1\" content=\"Tempo di lettura stimato\" \/>\n\t<meta name=\"twitter:data1\" content=\"1 minuto\" \/>\n<script type=\"application\/ld+json\" class=\"yoast-schema-graph\">{\"@context\":\"https:\\\/\\\/schema.org\",\"@graph\":[{\"@type\":\"WebPage\",\"@id\":\"https:\\\/\\\/schweizversand.ch\\\/it\\\/produkt\\\/excellent-houseware-brotmesser\\\/\",\"url\":\"https:\\\/\\\/schweizversand.ch\\\/it\\\/produkt\\\/excellent-houseware-brotmesser\\\/\",\"name\":\"Excellent Houseware Brotmesser | Jetzt kaufen | Schweizversand.ch\",\"isPartOf\":{\"@id\":\"https:\\\/\\\/schweizversand.ch\\\/it\\\/#website\"},\"primaryImageOfPage\":{\"@id\":\"https:\\\/\\\/schweizversand.ch\\\/it\\\/produkt\\\/excellent-houseware-brotmesser\\\/#primaryimage\"},\"image\":{\"@id\":\"https:\\\/\\\/schweizversand.ch\\\/it\\\/produkt\\\/excellent-houseware-brotmesser\\\/#primaryimage\"},\"thumbnailUrl\":\"https:\\\/\\\/schweizversand.ch\\\/wp-content\\\/uploads\\\/2026\\\/02\\\/5471860099.jpg\",\"datePublished\":\"2026-03-14T22:20:54+00:00\",\"dateModified\":\"2026-04-19T00:05:40+00:00\",\"description\":\"Excellent Houseware Brotmesser g\u00fcnstig kaufen bei Schweizversand.ch. Schnelle Lieferung in der Schweiz. Gratisversand ab CHF 50.\",\"breadcrumb\":{\"@id\":\"https:\\\/\\\/schweizversand.ch\\\/it\\\/produkt\\\/excellent-houseware-brotmesser\\\/#breadcrumb\"},\"inLanguage\":\"it-IT\",\"potentialAction\":[{\"@type\":\"ReadAction\",\"target\":[\"https:\\\/\\\/schweizversand.ch\\\/it\\\/produkt\\\/excellent-houseware-brotmesser\\\/\"]}]},{\"@type\":\"ImageObject\",\"inLanguage\":\"it-IT\",\"@id\":\"https:\\\/\\\/schweizversand.ch\\\/it\\\/produkt\\\/excellent-houseware-brotmesser\\\/#primaryimage\",\"url\":\"https:\\\/\\\/schweizversand.ch\\\/wp-content\\\/uploads\\\/2026\\\/02\\\/5471860099.jpg\",\"contentUrl\":\"https:\\\/\\\/schweizversand.ch\\\/wp-content\\\/uploads\\\/2026\\\/02\\\/5471860099.jpg\",\"width\":803,\"height\":1024},{\"@type\":\"BreadcrumbList\",\"@id\":\"https:\\\/\\\/schweizversand.ch\\\/it\\\/produkt\\\/excellent-houseware-brotmesser\\\/#breadcrumb\",\"itemListElement\":[{\"@type\":\"ListItem\",\"position\":1,\"name\":\"Startseite\",\"item\":\"https:\\\/\\\/schweizversand.ch\\\/it\\\/home\\\/\"},{\"@type\":\"ListItem\",\"position\":2,\"name\":\"Shop\",\"item\":\"https:\\\/\\\/schweizversand.ch\\\/it\\\/shop\\\/\"},{\"@type\":\"ListItem\",\"position\":3,\"name\":\"Casa\",\"item\":\"https:\\\/\\\/schweizversand.ch\\\/it\\\/produkt-kategorie\\\/casa\\\/\"},{\"@type\":\"ListItem\",\"position\":4,\"name\":\"Cucina\",\"item\":\"https:\\\/\\\/schweizversand.ch\\\/it\\\/produkt-kategorie\\\/casa\\\/cucina\\\/\"},{\"@type\":\"ListItem\",\"position\":5,\"name\":\"Miscelazione\",\"item\":\"https:\\\/\\\/schweizversand.ch\\\/it\\\/produkt-kategorie\\\/casa\\\/cucina\\\/mixen-schneiden\\\/\"},{\"@type\":\"ListItem\",\"position\":6,\"name\":\"Tritare\",\"item\":\"https:\\\/\\\/schweizversand.ch\\\/it\\\/produkt-kategorie\\\/casa\\\/cucina\\\/mixen-schneiden\\\/tritare\\\/\"},{\"@type\":\"ListItem\",\"position\":7,\"name\":\"Coltello da pane Excellent Houseware\"}]},{\"@type\":\"WebSite\",\"@id\":\"https:\\\/\\\/schweizversand.ch\\\/it\\\/#website\",\"url\":\"https:\\\/\\\/schweizversand.ch\\\/it\\\/\",\"name\":\"Schweizer Shop f\u00fcr Sport, Spiel und Freizeit\",\"description\":\"Gratisversand ab 50.- (netto), ab eigenem schweizer Lager, Lieferung innert 48h\",\"publisher\":{\"@id\":\"https:\\\/\\\/schweizversand.ch\\\/it\\\/#organization\"},\"alternateName\":\"Schweizversand.ch\",\"potentialAction\":[{\"@type\":\"SearchAction\",\"target\":{\"@type\":\"EntryPoint\",\"urlTemplate\":\"https:\\\/\\\/schweizversand.ch\\\/it\\\/?s={search_term_string}\"},\"query-input\":{\"@type\":\"PropertyValueSpecification\",\"valueRequired\":true,\"valueName\":\"search_term_string\"}}],\"inLanguage\":\"it-IT\"},{\"@type\":\"Organization\",\"@id\":\"https:\\\/\\\/schweizversand.ch\\\/it\\\/#organization\",\"name\":\"Schweizversand.ch\",\"url\":\"https:\\\/\\\/schweizversand.ch\\\/it\\\/\",\"logo\":{\"@type\":\"ImageObject\",\"inLanguage\":\"it-IT\",\"@id\":\"https:\\\/\\\/schweizversand.ch\\\/it\\\/#\\\/schema\\\/logo\\\/image\\\/\",\"url\":\"https:\\\/\\\/schweizversand.ch\\\/wp-content\\\/uploads\\\/2026\\\/03\\\/Logo_Rund_Final-1.png\",\"contentUrl\":\"https:\\\/\\\/schweizversand.ch\\\/wp-content\\\/uploads\\\/2026\\\/03\\\/Logo_Rund_Final-1.png\",\"width\":404,\"height\":404,\"caption\":\"Schweizversand.ch\"},\"image\":{\"@id\":\"https:\\\/\\\/schweizversand.ch\\\/it\\\/#\\\/schema\\\/logo\\\/image\\\/\"},\"sameAs\":[\"https:\\\/\\\/www.facebook.com\\\/Schweizversand\",\"https:\\\/\\\/www.instagram.com\\\/schweizversand.ch\\\/\"]}]}<\/script>\n<!-- \/ Yoast SEO plugin. -->","yoast_head_json":{"title":"Excellent Houseware Brotmesser | Jetzt kaufen | Schweizversand.ch","description":"Excellent Houseware Brotmesser g\u00fcnstig kaufen bei Schweizversand.ch. Schnelle Lieferung in der Schweiz. Gratisversand ab CHF 50.","robots":{"index":"index","follow":"follow","max-snippet":"max-snippet:-1","max-image-preview":"max-image-preview:large","max-video-preview":"max-video-preview:-1"},"canonical":"https:\/\/schweizversand.ch\/it\/produkt\/excellent-houseware-brotmesser\/","og_locale":"it_IT","og_type":"article","og_title":"Excellent Houseware Brotmesser | Jetzt kaufen | Schweizversand.ch","og_description":"Excellent Houseware Brotmesser g\u00fcnstig kaufen bei Schweizversand.ch. Schnelle Lieferung in der Schweiz. Gratisversand ab CHF 50.","og_url":"https:\/\/schweizversand.ch\/it\/produkt\/excellent-houseware-brotmesser\/","og_site_name":"Schweizer Shop f\u00fcr Sport, Spiel und Freizeit","article_publisher":"https:\/\/www.facebook.com\/Schweizversand","article_modified_time":"2026-04-19T00:05:40+00:00","og_image":[{"width":803,"height":1024,"url":"https:\/\/schweizversand.ch\/wp-content\/uploads\/2026\/02\/5471860099.jpg","type":"image\/jpeg"}],"twitter_card":"summary_large_image","twitter_misc":{"Tempo di lettura stimato":"1 minuto"},"schema":{"@context":"https:\/\/schema.org","@graph":[{"@type":"WebPage","@id":"https:\/\/schweizversand.ch\/it\/produkt\/excellent-houseware-brotmesser\/","url":"https:\/\/schweizversand.ch\/it\/produkt\/excellent-houseware-brotmesser\/","name":"Excellent Houseware Brotmesser | Jetzt kaufen | Schweizversand.ch","isPartOf":{"@id":"https:\/\/schweizversand.ch\/it\/#website"},"primaryImageOfPage":{"@id":"https:\/\/schweizversand.ch\/it\/produkt\/excellent-houseware-brotmesser\/#primaryimage"},"image":{"@id":"https:\/\/schweizversand.ch\/it\/produkt\/excellent-houseware-brotmesser\/#primaryimage"},"thumbnailUrl":"https:\/\/schweizversand.ch\/wp-content\/uploads\/2026\/02\/5471860099.jpg","datePublished":"2026-03-14T22:20:54+00:00","dateModified":"2026-04-19T00:05:40+00:00","description":"Excellent Houseware Brotmesser g\u00fcnstig kaufen bei Schweizversand.ch. Schnelle Lieferung in der Schweiz. Gratisversand ab CHF 50.","breadcrumb":{"@id":"https:\/\/schweizversand.ch\/it\/produkt\/excellent-houseware-brotmesser\/#breadcrumb"},"inLanguage":"it-IT","potentialAction":[{"@type":"ReadAction","target":["https:\/\/schweizversand.ch\/it\/produkt\/excellent-houseware-brotmesser\/"]}]},{"@type":"ImageObject","inLanguage":"it-IT","@id":"https:\/\/schweizversand.ch\/it\/produkt\/excellent-houseware-brotmesser\/#primaryimage","url":"https:\/\/schweizversand.ch\/wp-content\/uploads\/2026\/02\/5471860099.jpg","contentUrl":"https:\/\/schweizversand.ch\/wp-content\/uploads\/2026\/02\/5471860099.jpg","width":803,"height":1024},{"@type":"BreadcrumbList","@id":"https:\/\/schweizversand.ch\/it\/produkt\/excellent-houseware-brotmesser\/#breadcrumb","itemListElement":[{"@type":"ListItem","position":1,"name":"Startseite","item":"https:\/\/schweizversand.ch\/it\/home\/"},{"@type":"ListItem","position":2,"name":"Shop","item":"https:\/\/schweizversand.ch\/it\/shop\/"},{"@type":"ListItem","position":3,"name":"Casa","item":"https:\/\/schweizversand.ch\/it\/produkt-kategorie\/casa\/"},{"@type":"ListItem","position":4,"name":"Cucina","item":"https:\/\/schweizversand.ch\/it\/produkt-kategorie\/casa\/cucina\/"},{"@type":"ListItem","position":5,"name":"Miscelazione","item":"https:\/\/schweizversand.ch\/it\/produkt-kategorie\/casa\/cucina\/mixen-schneiden\/"},{"@type":"ListItem","position":6,"name":"Tritare","item":"https:\/\/schweizversand.ch\/it\/produkt-kategorie\/casa\/cucina\/mixen-schneiden\/tritare\/"},{"@type":"ListItem","position":7,"name":"Coltello da pane Excellent Houseware"}]},{"@type":"WebSite","@id":"https:\/\/schweizversand.ch\/it\/#website","url":"https:\/\/schweizversand.ch\/it\/","name":"Schweizer Shop f\u00fcr Sport, Spiel und Freizeit","description":"Gratisversand ab 50.- (netto), ab eigenem schweizer Lager, Lieferung innert 48h","publisher":{"@id":"https:\/\/schweizversand.ch\/it\/#organization"},"alternateName":"Schweizversand.ch","potentialAction":[{"@type":"SearchAction","target":{"@type":"EntryPoint","urlTemplate":"https:\/\/schweizversand.ch\/it\/?s={search_term_string}"},"query-input":{"@type":"PropertyValueSpecification","valueRequired":true,"valueName":"search_term_string"}}],"inLanguage":"it-IT"},{"@type":"Organization","@id":"https:\/\/schweizversand.ch\/it\/#organization","name":"Schweizversand.ch","url":"https:\/\/schweizversand.ch\/it\/","logo":{"@type":"ImageObject","inLanguage":"it-IT","@id":"https:\/\/schweizversand.ch\/it\/#\/schema\/logo\/image\/","url":"https:\/\/schweizversand.ch\/wp-content\/uploads\/2026\/03\/Logo_Rund_Final-1.png","contentUrl":"https:\/\/schweizversand.ch\/wp-content\/uploads\/2026\/03\/Logo_Rund_Final-1.png","width":404,"height":404,"caption":"Schweizversand.ch"},"image":{"@id":"https:\/\/schweizversand.ch\/it\/#\/schema\/logo\/image\/"},"sameAs":["https:\/\/www.facebook.com\/Schweizversand","https:\/\/www.instagram.com\/schweizversand.ch\/"]}]}},"jetpack_sharing_enabled":true,"_links":{"self":[{"href":"https:\/\/schweizversand.ch\/it\/wp-json\/wp\/v2\/product\/248074","targetHints":{"allow":["GET"]}}],"collection":[{"href":"https:\/\/schweizversand.ch\/it\/wp-json\/wp\/v2\/product"}],"about":[{"href":"https:\/\/schweizversand.ch\/it\/wp-json\/wp\/v2\/types\/product"}],"replies":[{"embeddable":true,"href":"https:\/\/schweizversand.ch\/it\/wp-json\/wp\/v2\/comments?post=248074"}],"wp:featuredmedia":[{"embeddable":true,"href":"https:\/\/schweizversand.ch\/it\/wp-json\/wp\/v2\/media\/156950"}],"wp:attachment":[{"href":"https:\/\/schweizversand.ch\/it\/wp-json\/wp\/v2\/media?parent=248074"}],"wp:term":[{"taxonomy":"product_brand","embeddable":true,"href":"https:\/\/schweizversand.ch\/it\/wp-json\/wp\/v2\/product_brand?post=248074"},{"taxonomy":"product_cat","embeddable":true,"href":"https:\/\/schweizversand.ch\/it\/wp-json\/wp\/v2\/product_cat?post=248074"},{"taxonomy":"product_tag","embeddable":true,"href":"https:\/\/schweizversand.ch\/it\/wp-json\/wp\/v2\/product_tag?post=248074"}],"curies":[{"name":"wp","href":"https:\/\/api.w.org\/{rel}","templated":true}]}}