{"id":248079,"date":"2026-03-14T23:20:55","date_gmt":"2026-03-14T22:20:55","guid":{"rendered":"https:\/\/schweizversand.ch\/produkt\/excellent-houseware-messer-set-7-teilig\/"},"modified":"2026-04-19T02:05:40","modified_gmt":"2026-04-19T00:05:40","slug":"excellent-houseware-messer-set-7-teilig","status":"publish","type":"product","link":"https:\/\/schweizversand.ch\/it\/produkt\/excellent-houseware-messer-set-7-teilig\/","title":{"rendered":"Set di coltelli Excellent Houseware da 7 pezzi"},"content":{"rendered":"<p>Scopri il nostro set di coltelli da 7 pezzi in acciaio inossidabile di alta qualit\u00e0 (2Cr14) con eleganti manici in PP nero! Questo set offre tutto ci\u00f2 di cui hai bisogno in cucina, dal coltello da chef alla rotella tagliapizza.<\/p>\n<p>Ogni set \u00e8 presentato in un elegante blister con foro in stile europeo, perfetto per essere appeso.<\/p>\n<p>Il blister contiene:<\/p>\n<p>&#8211; 1 coltello da chef (310 x 20 x 40 mm) con lama spessa 1,2 mm<\/p>\n<p>&#8211; 1 coltello multiuso (230 x 15 x 20 mm) con lama spessa 0,9 mm<\/p>\n<p>&#8211; 1 coltello spelucchino (190 x 15 x 25 mm)<\/p>\n<p>&#8211; 1 grattugia (230 x 60 x 15 mm)<\/p>\n<p>&#8211; 1 paio di forbici (190 x 85 x 10 mm)<\/p>\n<p>&#8211; 1 pelapatate (130 x 70 x 10 mm)<\/p>\n<p>&#8211; 1 rotella taglia pizza (190 x 70 x 15 mm)<\/p>\n<p>L&#8217;intero set pesa solo 370 grammi ed \u00e8 confezionato in un blister compatto di 300 x 30 x 440 mm.<\/p>\n<p>Questi coltelli sono perfetti per l&#8217;uso quotidiano in cucina e rappresentano anche un regalo perfetto per gli amanti della cucina. Acquista subito questo versatile set di coltelli e scopri la massima qualit\u00e0 e funzionalit\u00e0!<\/p>\n","protected":false},"excerpt":{"rendered":"<p>Scopri il nostro set di coltelli da 7 pezzi in acciaio inossidabile di alta qualit\u00e0 (2Cr14) con eleganti manici in PP nero! Questo set offre tutto ci\u00f2 di cui hai bisogno in cucina, dal coltello da chef alla rotella tagliapizza. Ogni set \u00e8 presentato in un elegante blister con foro in stile europeo, perfetto per essere appeso. Il blister contiene: &#8211; 1 coltello da chef (310 x 20 x 40 mm) con lama spessa 1,2&hellip;<\/p>\n","protected":false},"featured_media":156986,"comment_status":"open","ping_status":"closed","template":"","meta":[],"product_brand":[],"product_cat":[38394,38395],"product_tag":[],"class_list":{"0":"post-248079","1":"product","2":"type-product","3":"status-publish","4":"has-post-thumbnail","6":"product_cat-mixen-schneiden","7":"product_cat-tritare","8":"product_shipping_class-global_methods","10":"first","11":"instock","12":"taxable","13":"shipping-taxable","14":"purchasable","15":"product-type-simple"},"yoast_head":"<!-- This site is optimized with the Yoast SEO plugin v27.4 - https:\/\/yoast.com\/product\/yoast-seo-wordpress\/ -->\n<title>Excellent Houseware Messer-Set 7-teilig | Jetzt kaufen | Schweizversand.ch<\/title>\n<meta name=\"description\" content=\"Excellent Houseware Messer-Set 7-teilig g\u00fcnstig kaufen bei Schweizversand.ch. Schnelle Lieferung in der Schweiz. Gratisversand ab CHF 50.\" \/>\n<meta name=\"robots\" content=\"index, follow, max-snippet:-1, max-image-preview:large, max-video-preview:-1\" \/>\n<link rel=\"canonical\" href=\"https:\/\/schweizversand.ch\/it\/produkt\/excellent-houseware-messer-set-7-teilig\/\" \/>\n<meta property=\"og:locale\" content=\"it_IT\" \/>\n<meta property=\"og:type\" content=\"article\" \/>\n<meta property=\"og:title\" content=\"Excellent Houseware Messer-Set 7-teilig | Jetzt kaufen | Schweizversand.ch\" \/>\n<meta property=\"og:description\" content=\"Excellent Houseware Messer-Set 7-teilig g\u00fcnstig kaufen bei Schweizversand.ch. Schnelle Lieferung in der Schweiz. Gratisversand ab CHF 50.\" \/>\n<meta property=\"og:url\" content=\"https:\/\/schweizversand.ch\/it\/produkt\/excellent-houseware-messer-set-7-teilig\/\" \/>\n<meta property=\"og:site_name\" content=\"Schweizer Shop f\u00fcr Sport, Spiel und Freizeit\" \/>\n<meta property=\"article:publisher\" content=\"https:\/\/www.facebook.com\/Schweizversand\" \/>\n<meta property=\"article:modified_time\" content=\"2026-04-19T00:05:40+00:00\" \/>\n<meta property=\"og:image\" content=\"https:\/\/schweizversand.ch\/wp-content\/uploads\/2026\/02\/5471740399.jpg\" \/>\n\t<meta property=\"og:image:width\" content=\"1024\" \/>\n\t<meta property=\"og:image:height\" content=\"675\" \/>\n\t<meta property=\"og:image:type\" content=\"image\/jpeg\" \/>\n<meta name=\"twitter:card\" content=\"summary_large_image\" \/>\n<meta name=\"twitter:label1\" content=\"Tempo di lettura stimato\" \/>\n\t<meta name=\"twitter:data1\" content=\"1 minuto\" \/>\n<script type=\"application\/ld+json\" class=\"yoast-schema-graph\">{\"@context\":\"https:\\\/\\\/schema.org\",\"@graph\":[{\"@type\":\"WebPage\",\"@id\":\"https:\\\/\\\/schweizversand.ch\\\/it\\\/produkt\\\/excellent-houseware-messer-set-7-teilig\\\/\",\"url\":\"https:\\\/\\\/schweizversand.ch\\\/it\\\/produkt\\\/excellent-houseware-messer-set-7-teilig\\\/\",\"name\":\"Excellent Houseware Messer-Set 7-teilig | Jetzt kaufen | Schweizversand.ch\",\"isPartOf\":{\"@id\":\"https:\\\/\\\/schweizversand.ch\\\/it\\\/#website\"},\"primaryImageOfPage\":{\"@id\":\"https:\\\/\\\/schweizversand.ch\\\/it\\\/produkt\\\/excellent-houseware-messer-set-7-teilig\\\/#primaryimage\"},\"image\":{\"@id\":\"https:\\\/\\\/schweizversand.ch\\\/it\\\/produkt\\\/excellent-houseware-messer-set-7-teilig\\\/#primaryimage\"},\"thumbnailUrl\":\"https:\\\/\\\/schweizversand.ch\\\/wp-content\\\/uploads\\\/2026\\\/02\\\/5471740399.jpg\",\"datePublished\":\"2026-03-14T22:20:55+00:00\",\"dateModified\":\"2026-04-19T00:05:40+00:00\",\"description\":\"Excellent Houseware Messer-Set 7-teilig g\u00fcnstig kaufen bei Schweizversand.ch. Schnelle Lieferung in der Schweiz. Gratisversand ab CHF 50.\",\"breadcrumb\":{\"@id\":\"https:\\\/\\\/schweizversand.ch\\\/it\\\/produkt\\\/excellent-houseware-messer-set-7-teilig\\\/#breadcrumb\"},\"inLanguage\":\"it-IT\",\"potentialAction\":[{\"@type\":\"ReadAction\",\"target\":[\"https:\\\/\\\/schweizversand.ch\\\/it\\\/produkt\\\/excellent-houseware-messer-set-7-teilig\\\/\"]}]},{\"@type\":\"ImageObject\",\"inLanguage\":\"it-IT\",\"@id\":\"https:\\\/\\\/schweizversand.ch\\\/it\\\/produkt\\\/excellent-houseware-messer-set-7-teilig\\\/#primaryimage\",\"url\":\"https:\\\/\\\/schweizversand.ch\\\/wp-content\\\/uploads\\\/2026\\\/02\\\/5471740399.jpg\",\"contentUrl\":\"https:\\\/\\\/schweizversand.ch\\\/wp-content\\\/uploads\\\/2026\\\/02\\\/5471740399.jpg\",\"width\":1024,\"height\":675},{\"@type\":\"BreadcrumbList\",\"@id\":\"https:\\\/\\\/schweizversand.ch\\\/it\\\/produkt\\\/excellent-houseware-messer-set-7-teilig\\\/#breadcrumb\",\"itemListElement\":[{\"@type\":\"ListItem\",\"position\":1,\"name\":\"Startseite\",\"item\":\"https:\\\/\\\/schweizversand.ch\\\/it\\\/home\\\/\"},{\"@type\":\"ListItem\",\"position\":2,\"name\":\"Shop\",\"item\":\"https:\\\/\\\/schweizversand.ch\\\/it\\\/shop\\\/\"},{\"@type\":\"ListItem\",\"position\":3,\"name\":\"Casa\",\"item\":\"https:\\\/\\\/schweizversand.ch\\\/it\\\/produkt-kategorie\\\/casa\\\/\"},{\"@type\":\"ListItem\",\"position\":4,\"name\":\"Cucina\",\"item\":\"https:\\\/\\\/schweizversand.ch\\\/it\\\/produkt-kategorie\\\/casa\\\/cucina\\\/\"},{\"@type\":\"ListItem\",\"position\":5,\"name\":\"Miscelazione\",\"item\":\"https:\\\/\\\/schweizversand.ch\\\/it\\\/produkt-kategorie\\\/casa\\\/cucina\\\/mixen-schneiden\\\/\"},{\"@type\":\"ListItem\",\"position\":6,\"name\":\"Tritare\",\"item\":\"https:\\\/\\\/schweizversand.ch\\\/it\\\/produkt-kategorie\\\/casa\\\/cucina\\\/mixen-schneiden\\\/tritare\\\/\"},{\"@type\":\"ListItem\",\"position\":7,\"name\":\"Set di coltelli Excellent Houseware da 7 pezzi\"}]},{\"@type\":\"WebSite\",\"@id\":\"https:\\\/\\\/schweizversand.ch\\\/it\\\/#website\",\"url\":\"https:\\\/\\\/schweizversand.ch\\\/it\\\/\",\"name\":\"Schweizer Shop f\u00fcr Sport, Spiel und Freizeit\",\"description\":\"Gratisversand ab 50.- (netto), ab eigenem schweizer Lager, Lieferung innert 48h\",\"publisher\":{\"@id\":\"https:\\\/\\\/schweizversand.ch\\\/it\\\/#organization\"},\"alternateName\":\"Schweizversand.ch\",\"potentialAction\":[{\"@type\":\"SearchAction\",\"target\":{\"@type\":\"EntryPoint\",\"urlTemplate\":\"https:\\\/\\\/schweizversand.ch\\\/it\\\/?s={search_term_string}\"},\"query-input\":{\"@type\":\"PropertyValueSpecification\",\"valueRequired\":true,\"valueName\":\"search_term_string\"}}],\"inLanguage\":\"it-IT\"},{\"@type\":\"Organization\",\"@id\":\"https:\\\/\\\/schweizversand.ch\\\/it\\\/#organization\",\"name\":\"Schweizversand.ch\",\"url\":\"https:\\\/\\\/schweizversand.ch\\\/it\\\/\",\"logo\":{\"@type\":\"ImageObject\",\"inLanguage\":\"it-IT\",\"@id\":\"https:\\\/\\\/schweizversand.ch\\\/it\\\/#\\\/schema\\\/logo\\\/image\\\/\",\"url\":\"https:\\\/\\\/schweizversand.ch\\\/wp-content\\\/uploads\\\/2026\\\/03\\\/Logo_Rund_Final-1.png\",\"contentUrl\":\"https:\\\/\\\/schweizversand.ch\\\/wp-content\\\/uploads\\\/2026\\\/03\\\/Logo_Rund_Final-1.png\",\"width\":404,\"height\":404,\"caption\":\"Schweizversand.ch\"},\"image\":{\"@id\":\"https:\\\/\\\/schweizversand.ch\\\/it\\\/#\\\/schema\\\/logo\\\/image\\\/\"},\"sameAs\":[\"https:\\\/\\\/www.facebook.com\\\/Schweizversand\",\"https:\\\/\\\/www.instagram.com\\\/schweizversand.ch\\\/\"]}]}<\/script>\n<!-- \/ Yoast SEO plugin. -->","yoast_head_json":{"title":"Excellent Houseware Messer-Set 7-teilig | Jetzt kaufen | Schweizversand.ch","description":"Excellent Houseware Messer-Set 7-teilig g\u00fcnstig kaufen bei Schweizversand.ch. Schnelle Lieferung in der Schweiz. Gratisversand ab CHF 50.","robots":{"index":"index","follow":"follow","max-snippet":"max-snippet:-1","max-image-preview":"max-image-preview:large","max-video-preview":"max-video-preview:-1"},"canonical":"https:\/\/schweizversand.ch\/it\/produkt\/excellent-houseware-messer-set-7-teilig\/","og_locale":"it_IT","og_type":"article","og_title":"Excellent Houseware Messer-Set 7-teilig | Jetzt kaufen | Schweizversand.ch","og_description":"Excellent Houseware Messer-Set 7-teilig g\u00fcnstig kaufen bei Schweizversand.ch. Schnelle Lieferung in der Schweiz. Gratisversand ab CHF 50.","og_url":"https:\/\/schweizversand.ch\/it\/produkt\/excellent-houseware-messer-set-7-teilig\/","og_site_name":"Schweizer Shop f\u00fcr Sport, Spiel und Freizeit","article_publisher":"https:\/\/www.facebook.com\/Schweizversand","article_modified_time":"2026-04-19T00:05:40+00:00","og_image":[{"width":1024,"height":675,"url":"https:\/\/schweizversand.ch\/wp-content\/uploads\/2026\/02\/5471740399.jpg","type":"image\/jpeg"}],"twitter_card":"summary_large_image","twitter_misc":{"Tempo di lettura stimato":"1 minuto"},"schema":{"@context":"https:\/\/schema.org","@graph":[{"@type":"WebPage","@id":"https:\/\/schweizversand.ch\/it\/produkt\/excellent-houseware-messer-set-7-teilig\/","url":"https:\/\/schweizversand.ch\/it\/produkt\/excellent-houseware-messer-set-7-teilig\/","name":"Excellent Houseware Messer-Set 7-teilig | Jetzt kaufen | Schweizversand.ch","isPartOf":{"@id":"https:\/\/schweizversand.ch\/it\/#website"},"primaryImageOfPage":{"@id":"https:\/\/schweizversand.ch\/it\/produkt\/excellent-houseware-messer-set-7-teilig\/#primaryimage"},"image":{"@id":"https:\/\/schweizversand.ch\/it\/produkt\/excellent-houseware-messer-set-7-teilig\/#primaryimage"},"thumbnailUrl":"https:\/\/schweizversand.ch\/wp-content\/uploads\/2026\/02\/5471740399.jpg","datePublished":"2026-03-14T22:20:55+00:00","dateModified":"2026-04-19T00:05:40+00:00","description":"Excellent Houseware Messer-Set 7-teilig g\u00fcnstig kaufen bei Schweizversand.ch. Schnelle Lieferung in der Schweiz. Gratisversand ab CHF 50.","breadcrumb":{"@id":"https:\/\/schweizversand.ch\/it\/produkt\/excellent-houseware-messer-set-7-teilig\/#breadcrumb"},"inLanguage":"it-IT","potentialAction":[{"@type":"ReadAction","target":["https:\/\/schweizversand.ch\/it\/produkt\/excellent-houseware-messer-set-7-teilig\/"]}]},{"@type":"ImageObject","inLanguage":"it-IT","@id":"https:\/\/schweizversand.ch\/it\/produkt\/excellent-houseware-messer-set-7-teilig\/#primaryimage","url":"https:\/\/schweizversand.ch\/wp-content\/uploads\/2026\/02\/5471740399.jpg","contentUrl":"https:\/\/schweizversand.ch\/wp-content\/uploads\/2026\/02\/5471740399.jpg","width":1024,"height":675},{"@type":"BreadcrumbList","@id":"https:\/\/schweizversand.ch\/it\/produkt\/excellent-houseware-messer-set-7-teilig\/#breadcrumb","itemListElement":[{"@type":"ListItem","position":1,"name":"Startseite","item":"https:\/\/schweizversand.ch\/it\/home\/"},{"@type":"ListItem","position":2,"name":"Shop","item":"https:\/\/schweizversand.ch\/it\/shop\/"},{"@type":"ListItem","position":3,"name":"Casa","item":"https:\/\/schweizversand.ch\/it\/produkt-kategorie\/casa\/"},{"@type":"ListItem","position":4,"name":"Cucina","item":"https:\/\/schweizversand.ch\/it\/produkt-kategorie\/casa\/cucina\/"},{"@type":"ListItem","position":5,"name":"Miscelazione","item":"https:\/\/schweizversand.ch\/it\/produkt-kategorie\/casa\/cucina\/mixen-schneiden\/"},{"@type":"ListItem","position":6,"name":"Tritare","item":"https:\/\/schweizversand.ch\/it\/produkt-kategorie\/casa\/cucina\/mixen-schneiden\/tritare\/"},{"@type":"ListItem","position":7,"name":"Set di coltelli Excellent Houseware da 7 pezzi"}]},{"@type":"WebSite","@id":"https:\/\/schweizversand.ch\/it\/#website","url":"https:\/\/schweizversand.ch\/it\/","name":"Schweizer Shop f\u00fcr Sport, Spiel und Freizeit","description":"Gratisversand ab 50.- (netto), ab eigenem schweizer Lager, Lieferung innert 48h","publisher":{"@id":"https:\/\/schweizversand.ch\/it\/#organization"},"alternateName":"Schweizversand.ch","potentialAction":[{"@type":"SearchAction","target":{"@type":"EntryPoint","urlTemplate":"https:\/\/schweizversand.ch\/it\/?s={search_term_string}"},"query-input":{"@type":"PropertyValueSpecification","valueRequired":true,"valueName":"search_term_string"}}],"inLanguage":"it-IT"},{"@type":"Organization","@id":"https:\/\/schweizversand.ch\/it\/#organization","name":"Schweizversand.ch","url":"https:\/\/schweizversand.ch\/it\/","logo":{"@type":"ImageObject","inLanguage":"it-IT","@id":"https:\/\/schweizversand.ch\/it\/#\/schema\/logo\/image\/","url":"https:\/\/schweizversand.ch\/wp-content\/uploads\/2026\/03\/Logo_Rund_Final-1.png","contentUrl":"https:\/\/schweizversand.ch\/wp-content\/uploads\/2026\/03\/Logo_Rund_Final-1.png","width":404,"height":404,"caption":"Schweizversand.ch"},"image":{"@id":"https:\/\/schweizversand.ch\/it\/#\/schema\/logo\/image\/"},"sameAs":["https:\/\/www.facebook.com\/Schweizversand","https:\/\/www.instagram.com\/schweizversand.ch\/"]}]}},"jetpack_sharing_enabled":true,"_links":{"self":[{"href":"https:\/\/schweizversand.ch\/it\/wp-json\/wp\/v2\/product\/248079","targetHints":{"allow":["GET"]}}],"collection":[{"href":"https:\/\/schweizversand.ch\/it\/wp-json\/wp\/v2\/product"}],"about":[{"href":"https:\/\/schweizversand.ch\/it\/wp-json\/wp\/v2\/types\/product"}],"replies":[{"embeddable":true,"href":"https:\/\/schweizversand.ch\/it\/wp-json\/wp\/v2\/comments?post=248079"}],"wp:featuredmedia":[{"embeddable":true,"href":"https:\/\/schweizversand.ch\/it\/wp-json\/wp\/v2\/media\/156986"}],"wp:attachment":[{"href":"https:\/\/schweizversand.ch\/it\/wp-json\/wp\/v2\/media?parent=248079"}],"wp:term":[{"taxonomy":"product_brand","embeddable":true,"href":"https:\/\/schweizversand.ch\/it\/wp-json\/wp\/v2\/product_brand?post=248079"},{"taxonomy":"product_cat","embeddable":true,"href":"https:\/\/schweizversand.ch\/it\/wp-json\/wp\/v2\/product_cat?post=248079"},{"taxonomy":"product_tag","embeddable":true,"href":"https:\/\/schweizversand.ch\/it\/wp-json\/wp\/v2\/product_tag?post=248079"}],"curies":[{"name":"wp","href":"https:\/\/api.w.org\/{rel}","templated":true}]}}