{"id":248940,"date":"2026-03-14T23:20:58","date_gmt":"2026-03-14T22:20:58","guid":{"rendered":"https:\/\/schweizversand.ch\/produkt\/goliath-paint-sation-5-farben-im-topf\/"},"modified":"2026-04-19T02:05:41","modified_gmt":"2026-04-19T00:05:41","slug":"goliath-paint-sation-5-farben-im-topf","status":"publish","type":"product","link":"https:\/\/schweizversand.ch\/it\/produkt\/goliath-paint-sation-5-farben-im-topf\/","title":{"rendered":"Goliath Paint-Station 5 colori in un barattolo"},"content":{"rendered":"<h1><strong>Barattoli di vernice anti-rovesciamento &#8211; Divertimento con la pittura pulita<\/strong><\/h1>\n<div>Rivoluziona la pittura con questi innovativi <strong>barattoli di vernice anti-rovesciamento<\/strong>. Questo sistema intelligente assicura che i colori dei bambini rimangano dove devono essere: nel barattolo. Goditi un divertimento creativo senza interruzioni, senza lo stress della vernice rovesciata.<\/p>\n<\/div>\n<div><strong>Innovazione per una creativit\u00e0 pulita<\/strong><br \/>Il cuore di questi barattoli di vernice \u00e8 l&#8217;esclusivo sistema antigravit\u00e0. Anche se il barattolo si ribalta, la vernice rimane sigillata in modo sicuro grazie al design a prova di perdite. Questo consente di dipingere senza sporcare ed \u00e8 ideale per i giovani artisti che desiderano sviluppare le proprie capacit\u00e0 motorie e la creativit\u00e0 in modo giocoso. Ideali per l&#8217;asilo nido e la casa: questi contenitori per colori a dita sono l&#8217;accessorio creativo perfetto per l&#8217;asilo nido e la casa. Il design studiato consente ai bambini di lavorare in modo indipendente, mentre genitori ed educatori non devono preoccuparsi di grandi sforzi di pulizia. I barattoli sono resistenti ed economici, quindi sono sufficienti per innumerevoli opere d&#8217;arte colorate.<\/p>\n<\/div>\n<div><strong>I tuoi vantaggi in sintesi<\/strong><br \/>&#8211; Innovativo sistema antigravit\u00e0: <strong>garantito senza gocciolamenti o fuoriuscite<\/strong><br \/>&#8211; Pittura pulita: ideale per le mani dei bambini, sicura e senza gocciolamenti<br \/>&#8211; Uso versatile: perfetto per casa, asilo e scuola<br \/>&#8211; Promuove la creativit\u00e0 e le capacit\u00e0 motorie: apprendimento giocoso senza sporcare<br \/>&#8211; Sicuro e adatto ai bambini: progettato per piccoli artisti dai 3 anni in su<\/p>\n<\/div>\n<div>Investi nei <strong>barattoli di vernice anti-rovesciamento<\/strong> e dai ai tuoi bambini la libert\u00e0 di essere creativi mentre tu ti godi una casa pulita.<\/p>\n<\/div>\n<div><\/div>\n","protected":false},"excerpt":{"rendered":"<p>Barattoli di vernice anti-rovesciamento &#8211; Divertimento con la pittura pulita Rivoluziona la pittura con questi innovativi barattoli di vernice anti-rovesciamento. Questo sistema intelligente assicura che i colori dei bambini rimangano dove devono essere: nel barattolo. Goditi un divertimento creativo senza interruzioni, senza lo stress della vernice rovesciata. Innovazione per una creativit\u00e0 pulitaIl cuore di questi barattoli di vernice \u00e8 l&#8217;esclusivo sistema antigravit\u00e0. Anche se il barattolo si ribalta, la vernice rimane sigillata in modo sicuro&hellip;<\/p>\n","protected":false},"featured_media":157041,"comment_status":"open","ping_status":"closed","template":"","meta":[],"product_brand":[],"product_cat":[38537],"product_tag":[],"class_list":{"0":"post-248940","1":"product","2":"type-product","3":"status-publish","4":"has-post-thumbnail","6":"product_cat-malen","7":"product_shipping_class-global_methods","9":"first","10":"instock","11":"taxable","12":"shipping-taxable","13":"purchasable","14":"product-type-simple"},"yoast_head":"<!-- This site is optimized with the Yoast SEO plugin v27.4 - https:\/\/yoast.com\/product\/yoast-seo-wordpress\/ -->\n<title>Goliath Paint-Sation 5 Farben im Topf | Jetzt kaufen | Schweizversand.ch<\/title>\n<meta name=\"description\" content=\"Goliath Paint-Sation 5 Farben im Topf g\u00fcnstig kaufen bei Schweizversand.ch. Schnelle Lieferung in der Schweiz. Gratisversand ab CHF 50.\" \/>\n<meta name=\"robots\" content=\"index, follow, max-snippet:-1, max-image-preview:large, max-video-preview:-1\" \/>\n<link rel=\"canonical\" href=\"https:\/\/schweizversand.ch\/it\/produkt\/goliath-paint-sation-5-farben-im-topf\/\" \/>\n<meta property=\"og:locale\" content=\"it_IT\" \/>\n<meta property=\"og:type\" content=\"article\" \/>\n<meta property=\"og:title\" content=\"Goliath Paint-Sation 5 Farben im Topf | Jetzt kaufen | Schweizversand.ch\" \/>\n<meta property=\"og:description\" content=\"Goliath Paint-Sation 5 Farben im Topf g\u00fcnstig kaufen bei Schweizversand.ch. Schnelle Lieferung in der Schweiz. Gratisversand ab CHF 50.\" \/>\n<meta property=\"og:url\" content=\"https:\/\/schweizversand.ch\/it\/produkt\/goliath-paint-sation-5-farben-im-topf\/\" \/>\n<meta property=\"og:site_name\" content=\"Schweizer Shop f\u00fcr Sport, Spiel und Freizeit\" \/>\n<meta property=\"article:publisher\" content=\"https:\/\/www.facebook.com\/Schweizversand\" \/>\n<meta property=\"article:modified_time\" content=\"2026-04-19T00:05:41+00:00\" \/>\n<meta property=\"og:image\" content=\"https:\/\/schweizversand.ch\/wp-content\/uploads\/2026\/02\/5471858665.jpg\" \/>\n\t<meta property=\"og:image:width\" content=\"1024\" \/>\n\t<meta property=\"og:image:height\" content=\"968\" \/>\n\t<meta property=\"og:image:type\" content=\"image\/jpeg\" \/>\n<meta name=\"twitter:card\" content=\"summary_large_image\" \/>\n<meta name=\"twitter:label1\" content=\"Tempo di lettura stimato\" \/>\n\t<meta name=\"twitter:data1\" content=\"1 minuto\" \/>\n<script type=\"application\/ld+json\" class=\"yoast-schema-graph\">{\"@context\":\"https:\\\/\\\/schema.org\",\"@graph\":[{\"@type\":\"WebPage\",\"@id\":\"https:\\\/\\\/schweizversand.ch\\\/it\\\/produkt\\\/goliath-paint-sation-5-farben-im-topf\\\/\",\"url\":\"https:\\\/\\\/schweizversand.ch\\\/it\\\/produkt\\\/goliath-paint-sation-5-farben-im-topf\\\/\",\"name\":\"Goliath Paint-Sation 5 Farben im Topf | Jetzt kaufen | Schweizversand.ch\",\"isPartOf\":{\"@id\":\"https:\\\/\\\/schweizversand.ch\\\/it\\\/#website\"},\"primaryImageOfPage\":{\"@id\":\"https:\\\/\\\/schweizversand.ch\\\/it\\\/produkt\\\/goliath-paint-sation-5-farben-im-topf\\\/#primaryimage\"},\"image\":{\"@id\":\"https:\\\/\\\/schweizversand.ch\\\/it\\\/produkt\\\/goliath-paint-sation-5-farben-im-topf\\\/#primaryimage\"},\"thumbnailUrl\":\"https:\\\/\\\/schweizversand.ch\\\/wp-content\\\/uploads\\\/2026\\\/02\\\/5471858665.jpg\",\"datePublished\":\"2026-03-14T22:20:58+00:00\",\"dateModified\":\"2026-04-19T00:05:41+00:00\",\"description\":\"Goliath Paint-Sation 5 Farben im Topf g\u00fcnstig kaufen bei Schweizversand.ch. Schnelle Lieferung in der Schweiz. Gratisversand ab CHF 50.\",\"breadcrumb\":{\"@id\":\"https:\\\/\\\/schweizversand.ch\\\/it\\\/produkt\\\/goliath-paint-sation-5-farben-im-topf\\\/#breadcrumb\"},\"inLanguage\":\"it-IT\",\"potentialAction\":[{\"@type\":\"ReadAction\",\"target\":[\"https:\\\/\\\/schweizversand.ch\\\/it\\\/produkt\\\/goliath-paint-sation-5-farben-im-topf\\\/\"]}]},{\"@type\":\"ImageObject\",\"inLanguage\":\"it-IT\",\"@id\":\"https:\\\/\\\/schweizversand.ch\\\/it\\\/produkt\\\/goliath-paint-sation-5-farben-im-topf\\\/#primaryimage\",\"url\":\"https:\\\/\\\/schweizversand.ch\\\/wp-content\\\/uploads\\\/2026\\\/02\\\/5471858665.jpg\",\"contentUrl\":\"https:\\\/\\\/schweizversand.ch\\\/wp-content\\\/uploads\\\/2026\\\/02\\\/5471858665.jpg\",\"width\":1024,\"height\":968},{\"@type\":\"BreadcrumbList\",\"@id\":\"https:\\\/\\\/schweizversand.ch\\\/it\\\/produkt\\\/goliath-paint-sation-5-farben-im-topf\\\/#breadcrumb\",\"itemListElement\":[{\"@type\":\"ListItem\",\"position\":1,\"name\":\"Startseite\",\"item\":\"https:\\\/\\\/schweizversand.ch\\\/it\\\/home\\\/\"},{\"@type\":\"ListItem\",\"position\":2,\"name\":\"Shop\",\"item\":\"https:\\\/\\\/schweizversand.ch\\\/it\\\/shop\\\/\"},{\"@type\":\"ListItem\",\"position\":3,\"name\":\"Giocattoli e giochi\",\"item\":\"https:\\\/\\\/schweizversand.ch\\\/it\\\/produkt-kategorie\\\/giocattoli-e-giochi\\\/\"},{\"@type\":\"ListItem\",\"position\":4,\"name\":\"Arti e mestieri\",\"item\":\"https:\\\/\\\/schweizversand.ch\\\/it\\\/produkt-kategorie\\\/giocattoli-e-giochi\\\/arti-e-mestieri\\\/\"},{\"@type\":\"ListItem\",\"position\":5,\"name\":\"Pittura\",\"item\":\"https:\\\/\\\/schweizversand.ch\\\/en\\\/produkt-kategorie\\\/malen\\\/\"},{\"@type\":\"ListItem\",\"position\":6,\"name\":\"Goliath Paint-Station 5 colori in un barattolo\"}]},{\"@type\":\"WebSite\",\"@id\":\"https:\\\/\\\/schweizversand.ch\\\/it\\\/#website\",\"url\":\"https:\\\/\\\/schweizversand.ch\\\/it\\\/\",\"name\":\"Schweizer Shop f\u00fcr Sport, Spiel und Freizeit\",\"description\":\"Gratisversand ab 50.- (netto), ab eigenem schweizer Lager, Lieferung innert 48h\",\"publisher\":{\"@id\":\"https:\\\/\\\/schweizversand.ch\\\/it\\\/#organization\"},\"alternateName\":\"Schweizversand.ch\",\"potentialAction\":[{\"@type\":\"SearchAction\",\"target\":{\"@type\":\"EntryPoint\",\"urlTemplate\":\"https:\\\/\\\/schweizversand.ch\\\/it\\\/?s={search_term_string}\"},\"query-input\":{\"@type\":\"PropertyValueSpecification\",\"valueRequired\":true,\"valueName\":\"search_term_string\"}}],\"inLanguage\":\"it-IT\"},{\"@type\":\"Organization\",\"@id\":\"https:\\\/\\\/schweizversand.ch\\\/it\\\/#organization\",\"name\":\"Schweizversand.ch\",\"url\":\"https:\\\/\\\/schweizversand.ch\\\/it\\\/\",\"logo\":{\"@type\":\"ImageObject\",\"inLanguage\":\"it-IT\",\"@id\":\"https:\\\/\\\/schweizversand.ch\\\/it\\\/#\\\/schema\\\/logo\\\/image\\\/\",\"url\":\"https:\\\/\\\/schweizversand.ch\\\/wp-content\\\/uploads\\\/2026\\\/03\\\/Logo_Rund_Final-1.png\",\"contentUrl\":\"https:\\\/\\\/schweizversand.ch\\\/wp-content\\\/uploads\\\/2026\\\/03\\\/Logo_Rund_Final-1.png\",\"width\":404,\"height\":404,\"caption\":\"Schweizversand.ch\"},\"image\":{\"@id\":\"https:\\\/\\\/schweizversand.ch\\\/it\\\/#\\\/schema\\\/logo\\\/image\\\/\"},\"sameAs\":[\"https:\\\/\\\/www.facebook.com\\\/Schweizversand\",\"https:\\\/\\\/www.instagram.com\\\/schweizversand.ch\\\/\"]}]}<\/script>\n<!-- \/ Yoast SEO plugin. -->","yoast_head_json":{"title":"Goliath Paint-Sation 5 Farben im Topf | Jetzt kaufen | Schweizversand.ch","description":"Goliath Paint-Sation 5 Farben im Topf g\u00fcnstig kaufen bei Schweizversand.ch. Schnelle Lieferung in der Schweiz. Gratisversand ab CHF 50.","robots":{"index":"index","follow":"follow","max-snippet":"max-snippet:-1","max-image-preview":"max-image-preview:large","max-video-preview":"max-video-preview:-1"},"canonical":"https:\/\/schweizversand.ch\/it\/produkt\/goliath-paint-sation-5-farben-im-topf\/","og_locale":"it_IT","og_type":"article","og_title":"Goliath Paint-Sation 5 Farben im Topf | Jetzt kaufen | Schweizversand.ch","og_description":"Goliath Paint-Sation 5 Farben im Topf g\u00fcnstig kaufen bei Schweizversand.ch. Schnelle Lieferung in der Schweiz. Gratisversand ab CHF 50.","og_url":"https:\/\/schweizversand.ch\/it\/produkt\/goliath-paint-sation-5-farben-im-topf\/","og_site_name":"Schweizer Shop f\u00fcr Sport, Spiel und Freizeit","article_publisher":"https:\/\/www.facebook.com\/Schweizversand","article_modified_time":"2026-04-19T00:05:41+00:00","og_image":[{"width":1024,"height":968,"url":"https:\/\/schweizversand.ch\/wp-content\/uploads\/2026\/02\/5471858665.jpg","type":"image\/jpeg"}],"twitter_card":"summary_large_image","twitter_misc":{"Tempo di lettura stimato":"1 minuto"},"schema":{"@context":"https:\/\/schema.org","@graph":[{"@type":"WebPage","@id":"https:\/\/schweizversand.ch\/it\/produkt\/goliath-paint-sation-5-farben-im-topf\/","url":"https:\/\/schweizversand.ch\/it\/produkt\/goliath-paint-sation-5-farben-im-topf\/","name":"Goliath Paint-Sation 5 Farben im Topf | Jetzt kaufen | Schweizversand.ch","isPartOf":{"@id":"https:\/\/schweizversand.ch\/it\/#website"},"primaryImageOfPage":{"@id":"https:\/\/schweizversand.ch\/it\/produkt\/goliath-paint-sation-5-farben-im-topf\/#primaryimage"},"image":{"@id":"https:\/\/schweizversand.ch\/it\/produkt\/goliath-paint-sation-5-farben-im-topf\/#primaryimage"},"thumbnailUrl":"https:\/\/schweizversand.ch\/wp-content\/uploads\/2026\/02\/5471858665.jpg","datePublished":"2026-03-14T22:20:58+00:00","dateModified":"2026-04-19T00:05:41+00:00","description":"Goliath Paint-Sation 5 Farben im Topf g\u00fcnstig kaufen bei Schweizversand.ch. Schnelle Lieferung in der Schweiz. Gratisversand ab CHF 50.","breadcrumb":{"@id":"https:\/\/schweizversand.ch\/it\/produkt\/goliath-paint-sation-5-farben-im-topf\/#breadcrumb"},"inLanguage":"it-IT","potentialAction":[{"@type":"ReadAction","target":["https:\/\/schweizversand.ch\/it\/produkt\/goliath-paint-sation-5-farben-im-topf\/"]}]},{"@type":"ImageObject","inLanguage":"it-IT","@id":"https:\/\/schweizversand.ch\/it\/produkt\/goliath-paint-sation-5-farben-im-topf\/#primaryimage","url":"https:\/\/schweizversand.ch\/wp-content\/uploads\/2026\/02\/5471858665.jpg","contentUrl":"https:\/\/schweizversand.ch\/wp-content\/uploads\/2026\/02\/5471858665.jpg","width":1024,"height":968},{"@type":"BreadcrumbList","@id":"https:\/\/schweizversand.ch\/it\/produkt\/goliath-paint-sation-5-farben-im-topf\/#breadcrumb","itemListElement":[{"@type":"ListItem","position":1,"name":"Startseite","item":"https:\/\/schweizversand.ch\/it\/home\/"},{"@type":"ListItem","position":2,"name":"Shop","item":"https:\/\/schweizversand.ch\/it\/shop\/"},{"@type":"ListItem","position":3,"name":"Giocattoli e giochi","item":"https:\/\/schweizversand.ch\/it\/produkt-kategorie\/giocattoli-e-giochi\/"},{"@type":"ListItem","position":4,"name":"Arti e mestieri","item":"https:\/\/schweizversand.ch\/it\/produkt-kategorie\/giocattoli-e-giochi\/arti-e-mestieri\/"},{"@type":"ListItem","position":5,"name":"Pittura","item":"https:\/\/schweizversand.ch\/en\/produkt-kategorie\/malen\/"},{"@type":"ListItem","position":6,"name":"Goliath Paint-Station 5 colori in un barattolo"}]},{"@type":"WebSite","@id":"https:\/\/schweizversand.ch\/it\/#website","url":"https:\/\/schweizversand.ch\/it\/","name":"Schweizer Shop f\u00fcr Sport, Spiel und Freizeit","description":"Gratisversand ab 50.- (netto), ab eigenem schweizer Lager, Lieferung innert 48h","publisher":{"@id":"https:\/\/schweizversand.ch\/it\/#organization"},"alternateName":"Schweizversand.ch","potentialAction":[{"@type":"SearchAction","target":{"@type":"EntryPoint","urlTemplate":"https:\/\/schweizversand.ch\/it\/?s={search_term_string}"},"query-input":{"@type":"PropertyValueSpecification","valueRequired":true,"valueName":"search_term_string"}}],"inLanguage":"it-IT"},{"@type":"Organization","@id":"https:\/\/schweizversand.ch\/it\/#organization","name":"Schweizversand.ch","url":"https:\/\/schweizversand.ch\/it\/","logo":{"@type":"ImageObject","inLanguage":"it-IT","@id":"https:\/\/schweizversand.ch\/it\/#\/schema\/logo\/image\/","url":"https:\/\/schweizversand.ch\/wp-content\/uploads\/2026\/03\/Logo_Rund_Final-1.png","contentUrl":"https:\/\/schweizversand.ch\/wp-content\/uploads\/2026\/03\/Logo_Rund_Final-1.png","width":404,"height":404,"caption":"Schweizversand.ch"},"image":{"@id":"https:\/\/schweizversand.ch\/it\/#\/schema\/logo\/image\/"},"sameAs":["https:\/\/www.facebook.com\/Schweizversand","https:\/\/www.instagram.com\/schweizversand.ch\/"]}]}},"jetpack_sharing_enabled":true,"_links":{"self":[{"href":"https:\/\/schweizversand.ch\/it\/wp-json\/wp\/v2\/product\/248940","targetHints":{"allow":["GET"]}}],"collection":[{"href":"https:\/\/schweizversand.ch\/it\/wp-json\/wp\/v2\/product"}],"about":[{"href":"https:\/\/schweizversand.ch\/it\/wp-json\/wp\/v2\/types\/product"}],"replies":[{"embeddable":true,"href":"https:\/\/schweizversand.ch\/it\/wp-json\/wp\/v2\/comments?post=248940"}],"wp:featuredmedia":[{"embeddable":true,"href":"https:\/\/schweizversand.ch\/it\/wp-json\/wp\/v2\/media\/157041"}],"wp:attachment":[{"href":"https:\/\/schweizversand.ch\/it\/wp-json\/wp\/v2\/media?parent=248940"}],"wp:term":[{"taxonomy":"product_brand","embeddable":true,"href":"https:\/\/schweizversand.ch\/it\/wp-json\/wp\/v2\/product_brand?post=248940"},{"taxonomy":"product_cat","embeddable":true,"href":"https:\/\/schweizversand.ch\/it\/wp-json\/wp\/v2\/product_cat?post=248940"},{"taxonomy":"product_tag","embeddable":true,"href":"https:\/\/schweizversand.ch\/it\/wp-json\/wp\/v2\/product_tag?post=248940"}],"curies":[{"name":"wp","href":"https:\/\/api.w.org\/{rel}","templated":true}]}}