{"id":249050,"date":"2026-03-14T23:49:55","date_gmt":"2026-03-14T22:49:55","guid":{"rendered":"https:\/\/schweizversand.ch\/produkt\/hudora-inline-skates-pro-2\/"},"modified":"2026-04-22T15:37:17","modified_gmt":"2026-04-22T13:37:17","slug":"hudora-inline-skates-pro-2","status":"publish","type":"product","link":"https:\/\/schweizversand.ch\/it\/produkt\/hudora-inline-skates-pro-2\/","title":{"rendered":"Pattini in linea Hudora Pro"},"content":{"rendered":"<p>I pattini in linea per i veri amanti della velocit\u00e0 hanno bisogno soprattutto di una cosa: le ruote giuste.<\/p>\n<p>Con gli INLINE SKATES PRO, HUDORA offre un modello unisex dal design senza tempo per adolescenti e adulti, con ruote extra large perfette per il pattinaggio ad alta velocit\u00e0. Poich\u00e9 la sicurezza viene sempre prima di tutto, soprattutto ad alta velocit\u00e0, la scocca del pattino \u00e8 rinforzata con il 20% di fibra di vetro e ha un telaio in alluminio robusto e resistente. I dettagli riflettenti garantiscono inoltre un&#8217;ottima visibilit\u00e0. E poich\u00e9 spesso si desidera pattinare per periodi pi\u00f9 lunghi, HUDORA ha posto particolare attenzione al comfort: la soletta sagomata con ammortizzazione del tallone e una ventilazione ottimale grazie al sistema HUDORA Air-Vent e al materiale COOLMAX nel gambetto garantiscono un divertimento sul pattinaggio confortevole e sicuro, anche per periodi prolungati.<\/p>\n<p>&#8220;`<br \/>\n&#8220;`<br \/>\n&#8220;&#8220;<br \/>\n&#8220;&#8220;` A proposito: per renderli ancora pi\u00f9 veloci, la linguetta di trazione li rende particolarmente rapidi da indossare, cos\u00ec gli amanti della velocit\u00e0 possono subito mettersi in pista.<\/p>\n<p>&#8211; Modello unisex<\/p>\n<p>&#8211; Con dettagli e stampe riflettenti per una migliore visibilit\u00e0<\/p>\n<p>&#8211; Comfort eccezionale grazie alla soletta sagomata con ammortizzazione sul tallone<\/p>\n<p>&#8211; Telaio in alluminio<\/p>\n<p>&#8211; PP resistente agli urti e scocca rinforzata con il 20% di fibra di vetro<\/p>\n<p>&#8211; Fibbia a pressione Power Strap<\/p>\n<p>&#8211; Sistema di allacciatura rapida<br \/>\n<br \/>&#8211; Per iniziare<br \/>\n<br \/>&#8211; Sistema Air-Vent e COOLMAX\u00ae nel gambale<br \/>\n<br \/>&#8211; Ammortizzatore in EVA<br \/>\n<br \/>&#8211; Rulli in PU fuso<br \/>\n<br \/>&#8211; Rimbalzo super elevato, 82A<br \/>\n<br \/>&#8211; Ruote ad alta velocit\u00e0 &nbsp; &nbsp;<br \/>\n<br \/>&#8211; Cuscinetti a sfere ABEC 7, cromati &nbsp; &nbsp; &nbsp;<br \/>\n<br \/>&#8211; Peso massimo utente 100 kg<\/p>\n<p>&#8211; Dimensioni ruote: \u00d8 80 x 24 mm<\/p>\n","protected":false},"excerpt":{"rendered":"<p>I pattini in linea per i veri amanti della velocit\u00e0 hanno bisogno soprattutto di una cosa: le ruote giuste. Con gli INLINE SKATES PRO, HUDORA offre un modello unisex dal design senza tempo per adolescenti e adulti, con ruote extra large perfette per il pattinaggio ad alta velocit\u00e0. Poich\u00e9 la sicurezza viene sempre prima di tutto, soprattutto ad alta velocit\u00e0, la scocca del pattino \u00e8 rinforzata con il 20% di fibra di vetro e ha&hellip;<\/p>\n","protected":false},"featured_media":165435,"comment_status":"open","ping_status":"closed","template":"","meta":[],"product_brand":[],"product_cat":[38563,38564],"product_tag":[],"class_list":{"0":"post-249050","1":"product","2":"type-product","3":"status-publish","4":"has-post-thumbnail","6":"product_cat-inlineskates","7":"product_cat-pattini-in-linea","8":"product_shipping_class-global_methods","10":"first","11":"instock","12":"taxable","13":"shipping-taxable","14":"purchasable","15":"product-type-simple"},"yoast_head":"<!-- This site is optimized with the Yoast SEO plugin v27.4 - https:\/\/yoast.com\/product\/yoast-seo-wordpress\/ -->\n<title>Hudora Inline Skates Pro | Jetzt kaufen | Schweizversand.ch<\/title>\n<meta name=\"description\" content=\"Hudora Inline Skates Pro g\u00fcnstig kaufen bei Schweizversand.ch. Schnelle Lieferung in der Schweiz. Gratisversand ab CHF 50.\" \/>\n<meta name=\"robots\" content=\"index, follow, max-snippet:-1, max-image-preview:large, max-video-preview:-1\" \/>\n<link rel=\"canonical\" href=\"https:\/\/schweizversand.ch\/it\/produkt\/hudora-inline-skates-pro-2\/\" \/>\n<meta property=\"og:locale\" content=\"it_IT\" \/>\n<meta property=\"og:type\" content=\"article\" \/>\n<meta property=\"og:title\" content=\"Hudora Inline Skates Pro | Jetzt kaufen | Schweizversand.ch\" \/>\n<meta property=\"og:description\" content=\"Hudora Inline Skates Pro g\u00fcnstig kaufen bei Schweizversand.ch. Schnelle Lieferung in der Schweiz. Gratisversand ab CHF 50.\" \/>\n<meta property=\"og:url\" content=\"https:\/\/schweizversand.ch\/it\/produkt\/hudora-inline-skates-pro-2\/\" \/>\n<meta property=\"og:site_name\" content=\"Schweizer Shop f\u00fcr Sport, Spiel und Freizeit\" \/>\n<meta property=\"article:publisher\" content=\"https:\/\/www.facebook.com\/Schweizversand\" \/>\n<meta property=\"article:modified_time\" content=\"2026-04-22T13:37:17+00:00\" \/>\n<meta property=\"og:image\" content=\"https:\/\/schweizversand.ch\/wp-content\/uploads\/2026\/02\/5471537687.jpg\" \/>\n\t<meta property=\"og:image:width\" content=\"1024\" \/>\n\t<meta property=\"og:image:height\" content=\"920\" \/>\n\t<meta property=\"og:image:type\" content=\"image\/jpeg\" \/>\n<meta name=\"twitter:card\" content=\"summary_large_image\" \/>\n<meta name=\"twitter:label1\" content=\"Tempo di lettura stimato\" \/>\n\t<meta name=\"twitter:data1\" content=\"1 minuto\" \/>\n<script type=\"application\/ld+json\" class=\"yoast-schema-graph\">{\"@context\":\"https:\\\/\\\/schema.org\",\"@graph\":[{\"@type\":\"WebPage\",\"@id\":\"https:\\\/\\\/schweizversand.ch\\\/it\\\/produkt\\\/hudora-inline-skates-pro-2\\\/\",\"url\":\"https:\\\/\\\/schweizversand.ch\\\/it\\\/produkt\\\/hudora-inline-skates-pro-2\\\/\",\"name\":\"Hudora Inline Skates Pro | Jetzt kaufen | Schweizversand.ch\",\"isPartOf\":{\"@id\":\"https:\\\/\\\/schweizversand.ch\\\/it\\\/#website\"},\"primaryImageOfPage\":{\"@id\":\"https:\\\/\\\/schweizversand.ch\\\/it\\\/produkt\\\/hudora-inline-skates-pro-2\\\/#primaryimage\"},\"image\":{\"@id\":\"https:\\\/\\\/schweizversand.ch\\\/it\\\/produkt\\\/hudora-inline-skates-pro-2\\\/#primaryimage\"},\"thumbnailUrl\":\"https:\\\/\\\/schweizversand.ch\\\/wp-content\\\/uploads\\\/2026\\\/02\\\/5471537687.jpg\",\"datePublished\":\"2026-03-14T22:49:55+00:00\",\"dateModified\":\"2026-04-22T13:37:17+00:00\",\"description\":\"Hudora Inline Skates Pro g\u00fcnstig kaufen bei Schweizversand.ch. Schnelle Lieferung in der Schweiz. Gratisversand ab CHF 50.\",\"breadcrumb\":{\"@id\":\"https:\\\/\\\/schweizversand.ch\\\/it\\\/produkt\\\/hudora-inline-skates-pro-2\\\/#breadcrumb\"},\"inLanguage\":\"it-IT\",\"potentialAction\":[{\"@type\":\"ReadAction\",\"target\":[\"https:\\\/\\\/schweizversand.ch\\\/it\\\/produkt\\\/hudora-inline-skates-pro-2\\\/\"]}]},{\"@type\":\"ImageObject\",\"inLanguage\":\"it-IT\",\"@id\":\"https:\\\/\\\/schweizversand.ch\\\/it\\\/produkt\\\/hudora-inline-skates-pro-2\\\/#primaryimage\",\"url\":\"https:\\\/\\\/schweizversand.ch\\\/wp-content\\\/uploads\\\/2026\\\/02\\\/5471537687.jpg\",\"contentUrl\":\"https:\\\/\\\/schweizversand.ch\\\/wp-content\\\/uploads\\\/2026\\\/02\\\/5471537687.jpg\",\"width\":1024,\"height\":920},{\"@type\":\"BreadcrumbList\",\"@id\":\"https:\\\/\\\/schweizversand.ch\\\/it\\\/produkt\\\/hudora-inline-skates-pro-2\\\/#breadcrumb\",\"itemListElement\":[{\"@type\":\"ListItem\",\"position\":1,\"name\":\"Startseite\",\"item\":\"https:\\\/\\\/schweizversand.ch\\\/it\\\/home\\\/\"},{\"@type\":\"ListItem\",\"position\":2,\"name\":\"Shop\",\"item\":\"https:\\\/\\\/schweizversand.ch\\\/it\\\/shop\\\/\"},{\"@type\":\"ListItem\",\"position\":3,\"name\":\"Sport\",\"item\":\"https:\\\/\\\/schweizversand.ch\\\/it\\\/produkt-kategorie\\\/sport-it\\\/\"},{\"@type\":\"ListItem\",\"position\":4,\"name\":\"Sport a rotelle\",\"item\":\"https:\\\/\\\/schweizversand.ch\\\/it\\\/produkt-kategorie\\\/sport\\\/sport-a-rotelle\\\/\"},{\"@type\":\"ListItem\",\"position\":5,\"name\":\"pattini in linea\",\"item\":\"https:\\\/\\\/schweizversand.ch\\\/it\\\/produkt-kategorie\\\/sport\\\/sport-a-rotelle\\\/pattini-in-linea\\\/\"},{\"@type\":\"ListItem\",\"position\":6,\"name\":\"Pattini in linea Hudora Pro\"}]},{\"@type\":\"WebSite\",\"@id\":\"https:\\\/\\\/schweizversand.ch\\\/it\\\/#website\",\"url\":\"https:\\\/\\\/schweizversand.ch\\\/it\\\/\",\"name\":\"Schweizer Shop f\u00fcr Sport, Spiel und Freizeit\",\"description\":\"Gratisversand ab 50.- (netto), ab eigenem schweizer Lager, Lieferung innert 48h\",\"publisher\":{\"@id\":\"https:\\\/\\\/schweizversand.ch\\\/it\\\/#organization\"},\"alternateName\":\"Schweizversand.ch\",\"potentialAction\":[{\"@type\":\"SearchAction\",\"target\":{\"@type\":\"EntryPoint\",\"urlTemplate\":\"https:\\\/\\\/schweizversand.ch\\\/it\\\/?s={search_term_string}\"},\"query-input\":{\"@type\":\"PropertyValueSpecification\",\"valueRequired\":true,\"valueName\":\"search_term_string\"}}],\"inLanguage\":\"it-IT\"},{\"@type\":\"Organization\",\"@id\":\"https:\\\/\\\/schweizversand.ch\\\/it\\\/#organization\",\"name\":\"Schweizversand.ch\",\"url\":\"https:\\\/\\\/schweizversand.ch\\\/it\\\/\",\"logo\":{\"@type\":\"ImageObject\",\"inLanguage\":\"it-IT\",\"@id\":\"https:\\\/\\\/schweizversand.ch\\\/it\\\/#\\\/schema\\\/logo\\\/image\\\/\",\"url\":\"https:\\\/\\\/schweizversand.ch\\\/wp-content\\\/uploads\\\/2026\\\/03\\\/Logo_Rund_Final-1.png\",\"contentUrl\":\"https:\\\/\\\/schweizversand.ch\\\/wp-content\\\/uploads\\\/2026\\\/03\\\/Logo_Rund_Final-1.png\",\"width\":404,\"height\":404,\"caption\":\"Schweizversand.ch\"},\"image\":{\"@id\":\"https:\\\/\\\/schweizversand.ch\\\/it\\\/#\\\/schema\\\/logo\\\/image\\\/\"},\"sameAs\":[\"https:\\\/\\\/www.facebook.com\\\/Schweizversand\",\"https:\\\/\\\/www.instagram.com\\\/schweizversand.ch\\\/\"]}]}<\/script>\n<!-- \/ Yoast SEO plugin. -->","yoast_head_json":{"title":"Hudora Inline Skates Pro | Jetzt kaufen | Schweizversand.ch","description":"Hudora Inline Skates Pro g\u00fcnstig kaufen bei Schweizversand.ch. Schnelle Lieferung in der Schweiz. Gratisversand ab CHF 50.","robots":{"index":"index","follow":"follow","max-snippet":"max-snippet:-1","max-image-preview":"max-image-preview:large","max-video-preview":"max-video-preview:-1"},"canonical":"https:\/\/schweizversand.ch\/it\/produkt\/hudora-inline-skates-pro-2\/","og_locale":"it_IT","og_type":"article","og_title":"Hudora Inline Skates Pro | Jetzt kaufen | Schweizversand.ch","og_description":"Hudora Inline Skates Pro g\u00fcnstig kaufen bei Schweizversand.ch. Schnelle Lieferung in der Schweiz. Gratisversand ab CHF 50.","og_url":"https:\/\/schweizversand.ch\/it\/produkt\/hudora-inline-skates-pro-2\/","og_site_name":"Schweizer Shop f\u00fcr Sport, Spiel und Freizeit","article_publisher":"https:\/\/www.facebook.com\/Schweizversand","article_modified_time":"2026-04-22T13:37:17+00:00","og_image":[{"width":1024,"height":920,"url":"https:\/\/schweizversand.ch\/wp-content\/uploads\/2026\/02\/5471537687.jpg","type":"image\/jpeg"}],"twitter_card":"summary_large_image","twitter_misc":{"Tempo di lettura stimato":"1 minuto"},"schema":{"@context":"https:\/\/schema.org","@graph":[{"@type":"WebPage","@id":"https:\/\/schweizversand.ch\/it\/produkt\/hudora-inline-skates-pro-2\/","url":"https:\/\/schweizversand.ch\/it\/produkt\/hudora-inline-skates-pro-2\/","name":"Hudora Inline Skates Pro | Jetzt kaufen | Schweizversand.ch","isPartOf":{"@id":"https:\/\/schweizversand.ch\/it\/#website"},"primaryImageOfPage":{"@id":"https:\/\/schweizversand.ch\/it\/produkt\/hudora-inline-skates-pro-2\/#primaryimage"},"image":{"@id":"https:\/\/schweizversand.ch\/it\/produkt\/hudora-inline-skates-pro-2\/#primaryimage"},"thumbnailUrl":"https:\/\/schweizversand.ch\/wp-content\/uploads\/2026\/02\/5471537687.jpg","datePublished":"2026-03-14T22:49:55+00:00","dateModified":"2026-04-22T13:37:17+00:00","description":"Hudora Inline Skates Pro g\u00fcnstig kaufen bei Schweizversand.ch. Schnelle Lieferung in der Schweiz. Gratisversand ab CHF 50.","breadcrumb":{"@id":"https:\/\/schweizversand.ch\/it\/produkt\/hudora-inline-skates-pro-2\/#breadcrumb"},"inLanguage":"it-IT","potentialAction":[{"@type":"ReadAction","target":["https:\/\/schweizversand.ch\/it\/produkt\/hudora-inline-skates-pro-2\/"]}]},{"@type":"ImageObject","inLanguage":"it-IT","@id":"https:\/\/schweizversand.ch\/it\/produkt\/hudora-inline-skates-pro-2\/#primaryimage","url":"https:\/\/schweizversand.ch\/wp-content\/uploads\/2026\/02\/5471537687.jpg","contentUrl":"https:\/\/schweizversand.ch\/wp-content\/uploads\/2026\/02\/5471537687.jpg","width":1024,"height":920},{"@type":"BreadcrumbList","@id":"https:\/\/schweizversand.ch\/it\/produkt\/hudora-inline-skates-pro-2\/#breadcrumb","itemListElement":[{"@type":"ListItem","position":1,"name":"Startseite","item":"https:\/\/schweizversand.ch\/it\/home\/"},{"@type":"ListItem","position":2,"name":"Shop","item":"https:\/\/schweizversand.ch\/it\/shop\/"},{"@type":"ListItem","position":3,"name":"Sport","item":"https:\/\/schweizversand.ch\/it\/produkt-kategorie\/sport-it\/"},{"@type":"ListItem","position":4,"name":"Sport a rotelle","item":"https:\/\/schweizversand.ch\/it\/produkt-kategorie\/sport\/sport-a-rotelle\/"},{"@type":"ListItem","position":5,"name":"pattini in linea","item":"https:\/\/schweizversand.ch\/it\/produkt-kategorie\/sport\/sport-a-rotelle\/pattini-in-linea\/"},{"@type":"ListItem","position":6,"name":"Pattini in linea Hudora Pro"}]},{"@type":"WebSite","@id":"https:\/\/schweizversand.ch\/it\/#website","url":"https:\/\/schweizversand.ch\/it\/","name":"Schweizer Shop f\u00fcr Sport, Spiel und Freizeit","description":"Gratisversand ab 50.- (netto), ab eigenem schweizer Lager, Lieferung innert 48h","publisher":{"@id":"https:\/\/schweizversand.ch\/it\/#organization"},"alternateName":"Schweizversand.ch","potentialAction":[{"@type":"SearchAction","target":{"@type":"EntryPoint","urlTemplate":"https:\/\/schweizversand.ch\/it\/?s={search_term_string}"},"query-input":{"@type":"PropertyValueSpecification","valueRequired":true,"valueName":"search_term_string"}}],"inLanguage":"it-IT"},{"@type":"Organization","@id":"https:\/\/schweizversand.ch\/it\/#organization","name":"Schweizversand.ch","url":"https:\/\/schweizversand.ch\/it\/","logo":{"@type":"ImageObject","inLanguage":"it-IT","@id":"https:\/\/schweizversand.ch\/it\/#\/schema\/logo\/image\/","url":"https:\/\/schweizversand.ch\/wp-content\/uploads\/2026\/03\/Logo_Rund_Final-1.png","contentUrl":"https:\/\/schweizversand.ch\/wp-content\/uploads\/2026\/03\/Logo_Rund_Final-1.png","width":404,"height":404,"caption":"Schweizversand.ch"},"image":{"@id":"https:\/\/schweizversand.ch\/it\/#\/schema\/logo\/image\/"},"sameAs":["https:\/\/www.facebook.com\/Schweizversand","https:\/\/www.instagram.com\/schweizversand.ch\/"]}]}},"jetpack_sharing_enabled":true,"_links":{"self":[{"href":"https:\/\/schweizversand.ch\/it\/wp-json\/wp\/v2\/product\/249050","targetHints":{"allow":["GET"]}}],"collection":[{"href":"https:\/\/schweizversand.ch\/it\/wp-json\/wp\/v2\/product"}],"about":[{"href":"https:\/\/schweizversand.ch\/it\/wp-json\/wp\/v2\/types\/product"}],"replies":[{"embeddable":true,"href":"https:\/\/schweizversand.ch\/it\/wp-json\/wp\/v2\/comments?post=249050"}],"wp:featuredmedia":[{"embeddable":true,"href":"https:\/\/schweizversand.ch\/it\/wp-json\/wp\/v2\/media\/165435"}],"wp:attachment":[{"href":"https:\/\/schweizversand.ch\/it\/wp-json\/wp\/v2\/media?parent=249050"}],"wp:term":[{"taxonomy":"product_brand","embeddable":true,"href":"https:\/\/schweizversand.ch\/it\/wp-json\/wp\/v2\/product_brand?post=249050"},{"taxonomy":"product_cat","embeddable":true,"href":"https:\/\/schweizversand.ch\/it\/wp-json\/wp\/v2\/product_cat?post=249050"},{"taxonomy":"product_tag","embeddable":true,"href":"https:\/\/schweizversand.ch\/it\/wp-json\/wp\/v2\/product_tag?post=249050"}],"curies":[{"name":"wp","href":"https:\/\/api.w.org\/{rel}","templated":true}]}}